{"id":550,"date":"2024-09-13T03:18:34","date_gmt":"2024-09-13T03:18:34","guid":{"rendered":"https:\/\/hawaiipublicschools.org\/?page_id=550"},"modified":"2025-10-03T07:44:50","modified_gmt":"2025-10-03T17:44:50","slug":"official-school-names","status":"publish","type":"page","link":"https:\/\/hawaiipublicschools.org\/zh_tw\/useful-links\/policies\/official-school-names\/","title":{"rendered":"\u5b98\u65b9\u5b78\u6821\u540d\u7a31"},"content":{"rendered":"<p class=\"intro\">\u8a72\u90e8\u9580\u63a1\u7528 N\u0101 Hopena A&#039;o \u5b78\u7fd2\u6210\u679c\u6a19\u8a8c\u8457\u6211\u5011\u52a0\u5f37\u4e86\u78ba\u4fdd\u6211\u5011\u7684\u5b78\u751f\u53c3\u8207\u690d\u6839\u65bc\u590f\u5a01\u5937\u7684\u5b78\u7fd2\u74b0\u5883\u7684\u627f\u8afe\u3002\u8a72\u90e8\u9580\u7684\u76ee\u6a19\u662f\u5728\u5099\u5fd8\u9304\u3001\u6587\u4ef6\u3001\u5831\u544a\u3001\u9762\u5411\u516c\u773e\u7684\u7db2\u7ad9\u548c\u5176\u4ed6\u901a\u8a0a\u4e2d\u7d71\u4e00\u4f7f\u7528\u300c\u014dlelo Hawai&#039;i\u300d\u3002&nbsp;<\/p>\n\n\n\n<p>\u590f\u5a01\u5937\u5dde\u6559\u80b2\u59d4\u54e1\u6703\u653f\u7b56301-8\u898f\u5b9a\u300c\u4ee5\u4eba\u7269\u540d\u5b57\u547d\u540d\u7684\u5b78\u6821\u61c9\u4f7f\u7528\u8a72\u4eba\u7269\u7684\u6b63\u5f0f\u982d\u929c\u548c\u5168\u540d\u4f5c\u70ba\u5b78\u6821\u7684\u6b63\u5f0f\u540d\u7a31\u3002\u5b78\u6821\u61c9\u9f13\u52f5\u5b78\u751f\u548c\u793e\u5340\u4f7f\u7528\u6b63\u5f0f\u540d\u7a31\u3002\u56e0\u6b64\uff0c\u4ee5\u4e0b\u66f4\u65b0\u7684\u5b78\u6821\u540d\u7a31\u4e2d\u590f\u5a01\u5937\u8a9e\u8853\u8a9e\u7684\u8b8a\u97f3\u7b26\u865f\u548c\u62fc\u5beb\u6e05\u55ae\u4e5f\u5305\u542b\u8463\u4e8b\u6703\u653f\u7b56\u898f\u5b9a\u7684\u4ee5\u4eba\u540d\u547d\u540d\u7684\u5b78\u6821\u7684\u66f4\u65b0\u7684\u5b98\u65b9\u540d\u7a31\u3002\u9019\u4e9b\u6b63\u5f0f\u540d\u7a31\u61c9\u5728\u6240\u6709\u6b63\u5f0f\u901a\u4fe1\uff08\u4f8b\u5982\u5099\u5fd8\u9304\u548c\u5831\u544a\uff09\u4e2d\u4f7f\u7528\u3002&nbsp;<\/p>\n\n\n\n<p>\u4ee5\u4e0b\u5217\u8868\u4e2d\u7684\u5730\u7406\u4f4d\u7f6e\uff08\u5730\u5340\u3001\u7d9c\u5408\u9ad4\u3001\u7d9c\u5408\u5340\u57df\u548c\u57ce\u5e02\uff09\u4e5f\u5df2\u66f4\u65b0\u3002\u9019\u4e9b\u5730\u7406\u540d\u7a31\u4ee5\u53ca\u6211\u5011\u7684\u5dde\u540d\u5728\u6240\u6709\u5099\u5fd8\u9304\u3001\u6587\u4ef6\u3001\u5831\u544a\u3001\u9762\u5411\u516c\u773e\u7684\u7db2\u7ad9\u548c\u5176\u4ed6\u901a\u4fe1\u4e2d\u90fd\u61c9\u6b63\u78ba\u62fc\u5beb\u3002<\/p>\n\n\n\n<p>Note \u2014 public charter schools noted below with * <\/p>\n\n\n\n<p><\/p>\n\n\n\n<h2 class=\"wp-block-heading\">\u5404\u5cf6\u5dbc\u7684\u5b78\u6821\u540d\u7a31<\/h2>\n\n\n\n<h3 class=\"wp-block-heading\">\u6b50\u80e1\u5cf6<\/h3>\n\n\n\n<div class=\"wp-block-columns is-layout-flex wp-container-core-columns-is-layout-28f84493 wp-block-columns-is-layout-flex\">\n<div class=\"wp-block-column is-layout-flow wp-block-column-is-layout-flow\">\n<ul class=\"wp-block-list\">\n<li>1SG Samuel K. Solomon \u5c0f\u5b78<\/li>\n\n\n\n<li>\u6d77\u8ecd\u4e0a\u5c07\u4e9e\u745f\u00b7\u62c9\u5fb7\u798f\u5fb7\u9ad8\u4e2d<\/li>\n\n\n\n<li>\u6d77\u8ecd\u4e0a\u5c07\u5c3c\u7c73\u8332\u5c0f\u5b78<\/li>\n\n\n\n<li>&#039;\u0100huimanu \u5c0f\u5b78<\/li>\n\n\n\n<li>\u827e\u4e9e\u5c0f\u5b78<\/li>\n\n\n\n<li>\u827e\u4e9e\u9ad8\u4e2d<\/li>\n\n\n\n<li>\u827e\u4e9e\u4e2d\u5b78<\/li>\n\n\n\n<li>\u827e\u5361\u5e0c\u5c0f\u5b78<\/li>\n\n\n\n<li>\u4f0a\u7d0d\u6d77\u7d0d\u5c0f\u5b78<\/li>\n\n\n\n<li>\u963f\u62c9\u5a01\u5c0f\u5b78<\/li>\n\n\n\n<li>\u963f\u5229\u4e9e\u99ac\u52aa\u5c0f\u5b78<\/li>\n\n\n\n<li>\u963f\u5229\u4e9e\u99ac\u52aa\u4e2d\u5b78<\/li>\n\n\n\n<li>\u963f\u5229\u5967\u62c9\u5c3c\u5c0f\u5b78<\/li>\n\n\n\n<li>\u963f\u723e\u74e6\u00b7A\u00b7\u65af\u79d1\u7279\u5c0f\u5b78<\/li>\n\n\n\n<li>\u5967\u53e4\u65af\u7279\u963f\u502b\u65af\u5c0f\u5b78<\/li>\n\n\n\n<li>\u5df4\u4f2f\u65af\u89d2\u5c0f\u5b78<\/li>\n\n\n\n<li>\u5e03\u862d\u742a\u00b7\u6ce2\u666e\u5c0f\u5b78<\/li>\n\n\n\n<li>\u4e39\u5c3c\u723e\u00b7K\u00b7\u4e95\u4e0a\u5c0f\u5b78<\/li>\n\n\n\n<li>DreamHouse \u02bbEwa Beach*<\/li>\n\n\n\n<li>\u9b54\u6cd5\u6e56\u5c0f\u5b78<\/li>\n\n\n\n<li>\u57c3\u74e6\u6d77\u7058\u5c0f\u5b78<\/li>\n\n\n\n<li>\u57c3\u5a03\u5c0f\u5b78<\/li>\n\n\n\n<li>\u57c3\u74e6\u99ac\u5361\u4f0a\u4e2d\u5b78<\/li>\n\n\n\n<li>\u5dde\u9577 SW King \u4e2d\u5b78<\/li>\n\n\n\n<li>\u5dde\u9577\u6851\u798f\u5fb7\u00b7B\u00b7\u591a\u723e\u4e2d\u5b78<\/li>\n\n\n\n<li>\u5dde\u9577\u83ef\u840a\u58eb\u00b7\u840a\u5fb7\u6cd5\u9748\u9813\u9ad8\u4e2d<\/li>\n\n\n\n<li>\u53e4\u65af\u5854\u592b\u00b7H\u00b7\u97cb\u5e03\u6797\u5c0f\u5b78<\/li>\n\n\n\n<li>\u54c8\u54c8\u4f0a\u5967\u5167\u5c0f\u5b78<\/li>\n\n\n\n<li>Hakipu\u02bbu Academy*<\/li>\n\n\n\n<li>H\u0101lau K\u016b M\u0101na New Century Public Charter School*<\/li>\n\n\n\n<li>\u54c8\u840a\u4f0a\u74e6\u5c0f\u5b78<\/li>\n\n\n\n<li>\u8c6a\u70cf\u62c9\u5c0f\u5b78<\/li>\n\n\n\n<li>\u590f\u5a01\u5937\u807e\u555e\u5b78\u6821<\/li>\n\n\n\n<li>Hawai\u02bbi Technology Academy*<\/li>\n\n\n\n<li>\u5e0c\u4e9e\u5c0f\u5b78<\/li>\n\n\n\n<li>\u8d6b\u52d2\u66fc\u8afe\u5c0f\u5b78<\/li>\n\n\n\n<li>\u4ea8\u5229\u51f1\u6492\u9ad8\u4e2d<\/li>\n\n\n\n<li>\u9ad8\u5730\u4e2d\u5b78<\/li>\n\n\n\n<li>\u970d\u5967\u51f1\u52d2\u5c0f\u5b78<\/li>\n\n\n\n<li>\u970d\u5eab\u62c9\u5c3c\u5c0f\u5b78<\/li>\n\n\n\n<li>\u970d\u6d1b\u7a46\u4e9e\u5c0f\u5b78<\/li>\n\n\n\n<li>\u6d2a\u52aa\u91cc\u70cf\u91cc\u4e2d\u5b78<\/li>\n\n\n\n<li>\u970d\u8afe\u74e6\u4f0a\u5c0f\u5b78<\/li>\n\n\n\n<li>\u4f0a\u5229\u4e9e\u5e0c\u5c0f\u5b78<\/li>\n\n\n\n<li>\u4f0a\u5229\u99ac\u4e2d\u5b78<\/li>\n\n\n\n<li>Iroquois Point Elementary School<\/li>\n\n\n\n<li>\u8a79\u59c6\u65af B. \u5361\u65af\u723e\u9ad8\u4e2d<\/li>\n\n\n\n<li>\u8a79\u59c6\u65af\u574e\u8c9d\u723e\u9ad8\u4e2d<\/li>\n\n\n\n<li>Ka Waihona o ka Na\u02bbauao Public Charter School*<\/li>\n\n\n\n<li>\u5361\u54c8\u62c9\u5c0f\u5b78<\/li>\n\n\n\n<li>\u5361\u54c8\u9b6f\u70cf\u5c0f\u5b78<\/li>\n\n\n\n<li>\u5361\u80e1\u5eab\u5c0f\u5b78<\/li>\n\n\n\n<li>\u5361\u80e1\u5eab\u9ad8\u4e2d\u53ca\u570b\u4e2d<\/li>\n\n\n\n<li>\u5361\u963f\u74e6\u5c0f\u5b78<\/li>\n\n\n\n<li>\u5361\u963f\u62c9\u5c0f\u5b78<\/li>\n\n\n\n<li>\u5361\u57c3\u840a\u666e\u76e7\u5c0f\u5b78<\/li>\n\n\n\n<li>\u51f1\u5a01\u5c0f\u5b78<\/li>\n\n\n\n<li>\u51f1\u7c73\u6d1b\u4e9e\u5c0f\u5b78<\/li>\n\n\n\n<li>\u51f1\u76e7\u963f\u5c0f\u5b78<\/li>\n\n\n\n<li>\u51f1\u8def\u4e9e\u9ad8\u4e2d<\/li>\n\n\n\n<li>\u51f1\u76e7\u963f\u4e2d\u5b78<\/li>\n\n\n\n<li>\u51f1\u7a46\u57fa\u4e2d\u5b78<\/li>\n<\/ul>\n<\/div>\n\n\n\n<div class=\"wp-block-column is-layout-flow wp-block-column-is-layout-flow\">\n<ul class=\"wp-block-list\">\n<li>\u51f1\u7a46\u57fa\u4e2d\u5b78<\/li>\n\n\n\n<li>\u51f1\u7d0d\u9b6f\u5c0f\u5b78<\/li>\n\n\n\n<li>\u5361\u62c9\u5e0c\u5967\u9ad8\u4e2d<\/li>\n\n\n\n<li>\u5361\u62c9\u5c3c\u9ad8\u4e2d<\/li>\n\n\n\n<li>\u5361\u840a\u5967\u666e\u5c0f\u5b78<\/li>\n\n\n\n<li>\u5361\u5229\u5e0c\u5c0f\u5b78<\/li>\n\n\n\n<li>\u5361\u5229\u5e0c-\u51f1\u5c0f\u5b78<\/li>\n\n\n\n<li>\u5361\u5229\u5e0c-\u5c24\u5361\u5c0f\u5b78<\/li>\n\n\n\n<li>\u5361\u5229\u5e0c-\u74e6\u57c3\u7d0d\u5c0f\u5b78<\/li>\n\n\n\n<li>Kamaile Academy Public Charter School*<\/li>\n\n\n\n<li>\u5361\u7c73\u6d1b\u4f0a\u57fa\u5c0f\u5b78<\/li>\n\n\n\n<li>\u5361\u5167\u5967\u8d6b\u5c0f\u5b78<\/li>\n\n\n\n<li>\u5361\u8afe\u57c3\u62c9\u5c3c\u5c0f\u5b78<\/li>\n\n\n\n<li>Ka\u02bb\u014dhao School*<\/li>\n\n\n\n<li>\u5361\u5e15\u62c9\u99ac\u5c0f\u5b78<\/li>\n\n\n\n<li>Kapolei Charter School*<\/li>\n\n\n\n<li>\u5361\u6ce2\u96f7\u5c0f\u5b78<\/li>\n\n\n\n<li>\u5361\u6ce2\u96f7\u9ad8\u4e2d<\/li>\n\n\n\n<li>\u5361\u6ce2\u96f7\u4e2d\u5b78<\/li>\n\n\n\n<li>\u5361\u666e\u7d0d\u54c8\u62c9\u5c0f\u5b78<\/li>\n\n\n\n<li>\u8003\u9b6f\u97cb\u62c9\u5c0f\u5b78<\/li>\n\n\n\n<li>Ke Kula \u02bbo Samuel M. Kamakau Laboratory Public Charter School*<\/li>\n\n\n\n<li>\u5eab\u62c9\u51f1\u963f\u666e\u5c3c\u00b7\u5967\u7d10\u52aa\u57c3\u52aa<\/li>\n\n\n\n<li>\u51f1\u5967\u9b6f\u5c0f\u5b78<\/li>\n\n\n\n<li>\u57fa\u5967\u5167\u70cf\u62c9\u5c0f\u5b78<\/li>\n\n\n\n<li>\u5927\u885b\u570b\u738b\u5361\u62c9\u5361\u74e6\u4e2d\u5b78<\/li>\n\n\n\n<li>King Liholiho \u5c0f\u5b78<\/li>\n\n\n\n<li>\u5a01\u5ec9 C. \u9b6f\u7d0d\u5229\u6d1b\u570b\u738b\u5c0f\u5b78<\/li>\n\n\n\n<li>\u57fa\u5e15\u5e15\u5c0f\u5b78<\/li>\n\n\n\n<li>\u79d1\u79d1\u6d77\u5fb7\u5c0f\u5b78<\/li>\n\n\n\n<li>K\u016blia Academy*<\/li>\n\n\n\n<li>\u62c9\u8036\u5c0f\u5b78<\/li>\n\n\n\n<li>\u62c9\u7d0d\u57fa\u62c9\u5c0f\u5b78<\/li>\n\n\n\n<li>\u6a02\u83ef\u5c0f\u5b78<\/li>\n\n\n\n<li>\u8429\u5317\u5c0f\u5b78<\/li>\n\n\n\n<li>\u96f7\u6a02\u83ef\u9ad8\u7d1a\u4e2d\u5b78<\/li>\n\n\n\n<li>\u5229\u7d0d\u666e\u5c3c\u5c0f\u5b78<\/li>\n\n\n\n<li>\u970d\u52d2\u65af\u00b7\u5e0c\u5361\u59c6\u4e2d\u6821\u5c0f\u5b78<\/li>\n\n\n\n<li>Ma&#039;ema&#039;e \u5c0f\u5b78<\/li>\n\n\n\n<li>\u99ac\u4f0a\u5229\u5c0f\u5b78<\/li>\n\n\n\n<li>\u5a01\u5ec9\u00b7R\u00b7\u6c99\u592b\u7279\u5c11\u5c07\u5c0f\u5b78<\/li>\n\n\n\n<li>\u8b1d\u723e\u9813\u00b7\u60e0\u52d2\u5c11\u6821<\/li>\n\n\n\n<li>\u8b1d\u723e\u9813\u00b7\u60e0\u52d2\u5c11\u6821\u4e2d\u5b78<\/li>\n\n\n\n<li>\u99ac\u5361\u54c8\u5c0f\u5b78<\/li>\n\n\n\n<li>\u99ac\u5361\u57fa\u6d1b\u5c0f\u5b78<\/li>\n\n\n\n<li>\u99ac\u5361\u62c9\u5e15\u5c0f\u5b78<\/li>\n\n\n\n<li>M\u0101lama Honua Public Charter School*<\/li>\n\n\n\n<li>\u99ac\u7d0d\u7d0d\u5c0f\u5b78<\/li>\n\n\n\n<li>\u99ac\u8afe\u963f\u5c0f\u5b78<\/li>\n\n\n\n<li>\u6bdb\u5361\u00b7\u62c9\u5c3c\u5c0f\u5b78<\/li>\n\n\n\n<li>\u83ab\u7d0d\u5a01\u5229\u5c0f\u5b78<\/li>\n\n\n\n<li>\u5e02\u9577\u7d04\u7ff0\u00b7H\u00b7\u5a01\u723e\u905c\u5c0f\u5b78<\/li>\n\n\n\n<li>\u5e02\u9577 Joseph J. Fern \u5c0f\u5b78<\/li>\n\n\n\n<li>\u7c73\u5229\u62c9\u5c3c\u9ad8\u4e2d<\/li>\n\n\n\n<li>\u7c73\u5229\u62c9\u5c3c\u827e\u514b\u5c0f\u5b78<\/li>\n\n\n\n<li>\u7c73\u5229\u62c9\u5c3c\u6bdb\u5361\u5c0f\u5b78<\/li>\n\n\n\n<li>\u7c73\u5229\u62c9\u5c3c\u4e2d\u5b78<\/li>\n\n\n\n<li>\u7c73\u5229\u62c9\u5c3c\u70cf\u5361\u5c0f\u5b78<\/li>\n\n\n\n<li>\u7c73\u5229\u62c9\u5c3c\u74e6\u57c3\u7d0d\u5c0f\u5b78<\/li>\n\n\n\n<li>\u83ab\u963f\u7d0d\u9b6f\u4e9e\u5c0f\u5b78<\/li>\n\n\n\n<li>\u83ab\u963f\u7d0d\u9b6f\u4e9e\u9ad8\u4e2d<\/li>\n\n\n\n<li>\u83ab\u963f\u7d0d\u9b6f\u4e9e\u4e2d\u5b78<\/li>\n<\/ul>\n<\/div>\n\n\n\n<div class=\"wp-block-column is-layout-flow wp-block-column-is-layout-flow\">\n<ul class=\"wp-block-list\">\n<li>\u83ab\u5361\u666e\u5c0f\u5b78<\/li>\n\n\n\n<li>\u83ab\u5eab\u840a\u840a\u5c0f\u5b78<\/li>\n\n\n\n<li>\u83ab\u7c73\u62c9\u5c3c\u5c0f\u5b78<\/li>\n\n\n\n<li>Myron B. Thompson Academy*<\/li>\n\n\n\n<li>\u7d0d\u5948\u5361\u6ce2\u8afe\u5c0f\u5b78<\/li>\n\n\n\n<li>\u7d0d\u7d0d\u5eab\u5229\u5c0f\u5b78<\/li>\n\n\n\n<li>\u7d0d\u7d0d\u5eab\u5229\u9ad8\u4e2d\u8207\u570b\u4e2d<\/li>\n\n\n\n<li>\u725b\u8c37\u4e2d\u5b78<\/li>\n\n\n\n<li>\u8afe\u62c9\u5c3c\u5c0f\u5b78<\/li>\n\n\n\n<li>\u52aa\u74e6\u52aa\u5c0f\u5b78<\/li>\n\n\n\n<li>\u5967\u7f85\u746a\u7d0d\u5b78\u6821<\/li>\n\n\n\n<li>\u5e15\u5229\u585e\u8332\u5c0f\u5b78<\/li>\n\n\n\n<li>\u5e15\u6d1b\u6d1b\u5c0f\u5b78<\/li>\n\n\n\n<li>Parkway Village Preschool*<\/li>\n\n\n\n<li>\u4fdd\u74e6\u5c0f\u5b78<\/li>\n\n\n\n<li>\u73cd\u73e0\u57ce\u5c0f\u5b78<\/li>\n\n\n\n<li>\u73cd\u73e0\u57ce\u9ad8\u4e2d<\/li>\n\n\n\n<li>Pearl City Highlands Elementary School<\/li>\n\n\n\n<li>\u73cd\u73e0\u6e2f\u5c0f\u5b78<\/li>\n\n\n\n<li>\u73cd\u73e0\u6e2f\u51f1\u5c0f\u5b78<\/li>\n\n\n\n<li>\u73cd\u73e0\u5dba\u5c0f\u5b78<\/li>\n\n\n\n<li>P\u014dh\u0101kea \u5c0f\u5b78<\/li>\n\n\n\n<li>\u4e9e\u4f2f\u62c9\u7f55\u6797\u80af\u7e3d\u7d71\u5c0f\u5b78<\/li>\n\n\n\n<li>\u55ac\u6cbb\u83ef\u76db\u9813\u7e3d\u7d71\u4e2d\u5b78<\/li>\n\n\n\n<li>\u897f\u5967\u591a\u00b7\u7f85\u65af\u798f\u7e3d\u7d71\u9ad8\u4e2d<\/li>\n\n\n\n<li>\u6258\u99ac\u65af\u00b7\u5091\u6590\u905c\u7e3d\u7d71\u5c0f\u5b78<\/li>\n\n\n\n<li>\u5a01\u5ec9\u9ea5\u91d1\u5229\u7e3d\u7d71\u9ad8\u4e2d<\/li>\n\n\n\n<li>\u5927\u885b\u738b\u5b50\u5361\u74e6\u7d0d\u7d0d\u79d1\u963f\u4e2d\u5b78<\/li>\n\n\n\n<li>\u55ac\u7d0d\u00b7\u5eab\u5e0c\u5967\u738b\u5b50\u5c0f\u5b78<\/li>\n\n\n\n<li>\u7c73\u9e97\u4e9e\u59c6\u00b7K\u00b7\u840a\u514b\u5229\u514b\u516c\u4e3b\u5c0f\u5b78<\/li>\n\n\n\n<li>\u9732\u7d72\u51f1\u5229\u79d1\u62c9\u5c3c\u516c\u4e3b\u4e2d\u5b78<\/li>\n\n\n\n<li>\u7dad\u591a\u5229\u4e9e\u516c\u4e3b\u51f1\u5c24\u62c9\u5c3c\u5c0f\u5b78<\/li>\n\n\n\n<li>\u666e\u5967\u54c8\u62c9\u5c0f\u5b78<\/li>\n\n\n\n<li>\u666e\u70cf\u54c8\u840a\u5c0f\u5b78<\/li>\n\n\n\n<li>\u5361\u963f\u80e1\u99ac\u52aa\u5973\u738b\u5c0f\u5b78<\/li>\n\n\n\n<li>\u7d05\u5c71\u5c0f\u5b78<\/li>\n\n\n\n<li>\u672c\u5091\u660e\u5e15\u514b\u7267\u5e2b\u5c0f\u5b78<\/li>\n\n\n\n<li>\u7f85\u4f2f\u7279\u8def\u6613\u65af\u53f2\u8482\u6587\u68ee\u4e2d\u5b78<\/li>\n\n\n\n<li>\u7687\u5bb6\u5c0f\u5b78<\/li>\n\n\n\n<li>\u9e7d\u6e56\u57ce\u5c0f\u5b78<\/li>\n\n\n\n<li>SEEQS: the School for Examining Essential Questions of Sustainability*<\/li>\n\n\n\n<li>\u65e5\u843d\u6d77\u7058\u5c0f\u5b78<\/li>\n\n\n\n<li>University Laboratory School*<\/li>\n\n\n\n<li>Voyager Public Charter School*<\/li>\n\n\n\n<li>\u74e6\u5e0c\u74e6\u5c0f\u5b78<\/li>\n\n\n\n<li>\u74e6\u5e0c\u4e9e\u74e6\u4e2d\u5b78<\/li>\n\n\n\n<li>\u61f7\u963f\u970d\u52d2\u5c0f\u5b78<\/li>\n\n\n\n<li>\u61f7\u963f\u76e7\u963f\u5c0f\u5b78<\/li>\n\n\n\n<li>\u61f7\u963f\u76e7\u963f\u9ad8\u4e2d\u8207\u570b\u4e2d<\/li>\n\n\n\n<li>\u61f7\u5967\u5c0f\u5b78<\/li>\n\n\n\n<li>Wai\u02bbalae Elementary Public Charter School*<\/li>\n\n\n\n<li>\u61f7\u4e9e\u5948\u5c0f\u5b78<\/li>\n\n\n\n<li>\u61f7\u4e9e\u5948\u9ad8\u4e2d<\/li>\n\n\n\n<li>\u61f7\u4e9e\u5948\u4e2d\u5b78<\/li>\n\n\n\n<li>\u74e6\u514b\u52d2\u5c0f\u5b78<\/li>\n\n\n\n<li>Waik\u012bk\u012b Community Preschool*<\/li>\n\n\n\n<li>\u61f7\u57fa\u57fa\u5c0f\u5b78<\/li>\n\n\n\n<li>\u74e6\u99ac\u9b6f\u5c0f\u5b78<\/li>\n\n\n\n<li>Waim\u0101nalo Elementary &amp; Intermediate School<\/li>\n\n\n\n<li>\u61f7\u5e15\u80e1\u5c0f\u5b78<\/li>\n\n\n\n<li>\u61f7\u5e15\u80e1\u9ad8\u4e2d<\/li>\n\n\n\n<li>\u61f7\u5e15\u80e1\u4e2d\u5b78<\/li>\n\n\n\n<li>\u5a01\u5ec9\u00b7P\u00b7\u8cc8\u745e\u7279\u4e2d\u5b78<\/li>\n<\/ul>\n<\/div>\n<\/div>\n\n\n\n<h3 class=\"wp-block-heading\">\u590f\u5a01\u5937<\/h3>\n\n\n\n<div class=\"wp-block-columns is-layout-flex wp-container-core-columns-is-layout-28f84493 wp-block-columns-is-layout-flex\">\n<div class=\"wp-block-column is-layout-flow wp-block-column-is-layout-flow\">\n<ul class=\"wp-block-list\">\n<li>\u5361\u76ae\u6b50\u62c9\u5c3c\u914b\u9577\u5c0f\u5b78<\/li>\n\n\n\n<li>Connections Public Charter School*<\/li>\n\n\n\n<li>\u6b50\u5167\u65af\u7279\u00b7\u9b91\u6069\u00b7\u5fb7\u5e2d\u723e\u74e6\u5c0f\u5b78<\/li>\n\n\n\n<li>\u6cb3\u5408\u5c0f\u5b78<\/li>\n\n\n\n<li>Hawai\u02bbi Academy of Arts &amp; Science*<\/li>\n\n\n\n<li>\u5e0c\u6d1b\u9ad8\u4e2d<\/li>\n\n\n\n<li>\u5e0c\u6d1b\u4e2d\u5b78<\/li>\n\n\n\n<li>Hilo Union Elementary School<\/li>\n\n\n\n<li>\u970d\u6b50\u80af\u7d0d\u5c0f\u5b78<\/li>\n\n\n\n<li>\u970d\u76e7\u963f\u6d1b\u963f\u5c0f\u5b78<\/li>\n\n\n\n<li>\u970d\u7d0d\u70cf\u7d0d\u5c0f\u5b78<\/li>\n\n\n\n<li>\u970d\u8afe\u5361\u963f\u5c0f\u5b78<\/li>\n\n\n\n<li>\u970d\u8afe\u5361\u963f\u9ad8\u4e2d\u53ca\u570b\u4e2d<\/li>\n\n\n\n<li>Innovations Public Charter School*<\/li>\n\n\n\n<li>Ka \u02bbUmeke K\u0101\u02bbeo*<\/li>\n\n\n\n<li>\u5361\u54c8\u5361\u4f0a\u5c0f\u5b78<\/li>\n\n\n\n<li>Ka&#039;\u016b \u9ad8\u4e2d\u548c P\u0101hala \u5c0f\u5b78<\/li>\n\n\n\n<li>\u5361\u70cf\u99ac\u7d0d\u5c0f\u5b78<\/li>\n\n\n\n<li>Kanu o ka \u02bb\u0100ina New Century Public Charter School*<\/li>\n<\/ul>\n<\/div>\n\n\n\n<div class=\"wp-block-column is-layout-flow wp-block-column-is-layout-flow\">\n<ul class=\"wp-block-list\">\n<li>Ke Ana La\u02bbahana Public Charter School*<\/li>\n\n\n\n<li>\u51f1\u5eab\u62c9\u00b7\u5967\u00b7\u57c3\u80e1\u52aa\u4f0a\u51f1\u99ac\u5229\u8afe<\/li>\n\n\n\n<li>Ke Kula \u02bbO N\u0101wah\u012bokalani\u02bb\u014dpu\u02bbu Iki Lab Public Charter School*<\/li>\n\n\n\n<li>\u51f1\u5967\u5c0f\u5b78<\/li>\n\n\n\n<li>\u51f1\u963f\u70cf\u9ad8\u4e2d<\/li>\n\n\n\n<li>\u51f1\u963f\u70cf\u4e2d\u5b78<\/li>\n\n\n\n<li>\u51f1\u62c9\u51f1\u5e0c\u5c0f\u5b78<\/li>\n\n\n\n<li>\u51f1\u62c9\u51f1\u5e0c\u9ad8\u4e2d<\/li>\n\n\n\n<li>\u51f1\u62c9\u51f1\u5e0c\u4e2d\u5b78<\/li>\n\n\n\n<li>\u51f1\u5967\u5361\u54c8\u5c0f\u5b78<\/li>\n\n\n\n<li>\u57fa\u5967\u5167\u6ce2\u79d1\u5c0f\u5b78<\/li>\n\n\n\n<li>\u79d1\u54c8\u62c9\u5c0f\u5b78<\/li>\n\n\n\n<li>\u79d1\u54c8\u62c9\u9ad8\u4e2d<\/li>\n\n\n\n<li>\u79d1\u54c8\u62c9\u4e2d\u5b78<\/li>\n\n\n\n<li>Kona Pacific Public Charter School*<\/li>\n\n\n\n<li>\u79d1\u7d0d\u74e6\u57c3\u7d0d\u5c0f\u5b78<\/li>\n\n\n\n<li>\u79d1\u7d0d\u74e6\u57c3\u7d0d\u9ad8\u4e2d<\/li>\n\n\n\n<li>\u79d1\u7d0d\u74e6\u57c3\u7d0d\u4e2d\u5b78<\/li>\n<\/ul>\n<\/div>\n\n\n\n<div class=\"wp-block-column is-layout-flow wp-block-column-is-layout-flow\">\n<ul class=\"wp-block-list\">\n<li>Kua O Ka L\u0101 New Century Public Charter School*<\/li>\n\n\n\n<li>Laup\u0101hoehoe Community \u2014 Public Charter School*<\/li>\n\n\n\n<li>\u5c71\u666f\u5c0f\u5b78<\/li>\n\n\n\n<li>N\u0101 Wai Ola Public Charter School*<\/li>\n\n\n\n<li>\u7d0d\u52d2\u80e1\u5c0f\u5b78<\/li>\n\n\n\n<li>\u5e15\u970d\u4e9e\u5c0f\u5b78<\/li>\n\n\n\n<li>\u5e15\u970d\u4e9e\u9ad8\u4e2d\u548c\u570b\u4e2d<\/li>\n\n\n\n<li>Pa&#039;auilo \u5c0f\u5b78\u548c\u4e2d\u5b78<\/li>\n\n\n\n<li>Prince Jonah K\u016bhi\u014d Kalaniana\u02bbole \u5c0f\u5b78<\/li>\n\n\n\n<li>Volcano School of Arts &amp; Sciences*<\/li>\n\n\n\n<li>Wai\u0101kea \u5c0f\u5b78<\/li>\n\n\n\n<li>\u61f7\u963f\u51f1\u4e9e\u9ad8\u4e2d<\/li>\n\n\n\n<li>\u61f7\u963f\u51f1\u963f\u4e2d\u5b78<\/li>\n\n\n\n<li>Wai\u0101keawaena \u5c0f\u5b78<\/li>\n\n\n\n<li>\u5a01\u53ef\u6d1b\u4e9e\u5c0f\u5b78\u548c\u4e2d\u5b78<\/li>\n\n\n\n<li>\u5a01\u7f8e\u4e9e\u5c0f\u5b78<\/li>\n\n\n\n<li>Waimea Middle Public Conversion Charter School*<\/li>\n\n\n\n<li>West Hawai\u2018i Explorations Public Charter School*<\/li>\n<\/ul>\n<\/div>\n<\/div>\n\n\n\n<h3 class=\"wp-block-heading\">\u8302\u5b9c\u5cf6<\/h3>\n\n\n\n<div class=\"wp-block-columns is-layout-flex wp-container-core-columns-is-layout-28f84493 wp-block-columns-is-layout-flex\">\n<div class=\"wp-block-column is-layout-flow wp-block-column-is-layout-flow\">\n<ul class=\"wp-block-list\">\n<li>Haik\u016b \u5c0f\u5b78<\/li>\n\n\n\n<li>H\u0101na High &amp; Elementary School<\/li>\n\n\n\n<li>\u4ea8\u5229\u00b7\u4f69\u6797\u00b7\u9b91\u5fb7\u6eab\u9ad8\u4e2d<\/li>\n\n\n\n<li>\u5967\u4e2d\u5b78<\/li>\n\n\n\n<li>\u5361\u80e1\u76e7\u4f0a\u5c0f\u5b78<\/li>\n\n\n\n<li>\u5361\u746a\u5229\u5c0f\u5b78<\/li>\n\n\n\n<li>K\u012bhei Charter School*<\/li>\n\n\n\n<li>\u57fa\u9ed1\u5c0f\u5b78<\/li>\n\n\n\n<li>\u57fa\u6d1b\u54c8\u7d0d\u5c0f\u5b78<\/li>\n\n\n\n<li>\u5361\u7f8e\u54c8\u6885\u54c8\u570b\u738b\u4e09\u4e16\u5c0f\u5b78<\/li>\n<\/ul>\n<\/div>\n\n\n\n<div class=\"wp-block-column is-layout-flow wp-block-column-is-layout-flow\">\n<ul class=\"wp-block-list\">\n<li>\u51f1\u8003\u91cc\u514b\u570b\u738b\u9ad8\u4e2d<\/li>\n\n\n\n<li>\u5eab\u62c9\u5c0f\u5b78<\/li>\n\n\n\n<li>\u5eab\u62c9\u5c3c\u54c8\u79d1\u4f0a\u9ad8\u4e2d<\/li>\n\n\n\n<li>\u62c9\u6d77\u7d0d\u4e2d\u5b78<\/li>\n\n\n\n<li>\u62c9\u6d77\u7d0d\u9b6f\u7d0d\u9ad8\u4e2d<\/li>\n\n\n\n<li>\u5229\u5e0c\u51f1\u5c0f\u5b78<\/li>\n\n\n\n<li>\u6d1b\u514b\u62c9\u5c3c\u4e2d\u5b78<\/li>\n\n\n\n<li>\u99ac\u5361\u74e6\u5967\u5c0f\u5b78<\/li>\n\n\n\n<li>\u6bdb\u4f0a\u9ad8\u4e2d<\/li>\n\n\n\n<li>\u6bdb\u4f0a\u74e6\u57c3\u7d0d\u4e2d\u5b78<\/li>\n<\/ul>\n<\/div>\n\n\n\n<div class=\"wp-block-column is-layout-flow wp-block-column-is-layout-flow\">\n<ul class=\"wp-block-list\">\n<li>\u5e15\u4e9e\u5c0f\u5b78<\/li>\n\n\n\n<li>P\u014dmaika&#039;i \u5c0f\u5b78<\/li>\n\n\n\n<li>\u7d0d\u5e0c\u5a1c\u5a1c\u516c\u4e3b\u5c0f\u5b78<\/li>\n\n\n\n<li>Pu&#039;u Kukui \u5c0f\u5b78<\/li>\n\n\n\n<li>\u666e\u5361\u62c9\u5c3c\u5c0f\u5b78<\/li>\n\n\n\n<li>\u585e\u7e46\u723e\u00b7\u5361\u62c9\u99ac\u4e2d\u5b78<\/li>\n\n\n\n<li>\u61f7\u8d6b\u4f0a\u5c0f\u5b78<\/li>\n\n\n\n<li>\u61f7\u76e7\u5eab\u5c0f\u5b78<\/li>\n<\/ul>\n<\/div>\n<\/div>\n\n\n\n<h3 class=\"wp-block-heading\">\u8003\u827e\u5cf6<\/h3>\n\n\n\n<div class=\"wp-block-columns is-layout-flex wp-container-core-columns-is-layout-28f84493 wp-block-columns-is-layout-flex\">\n<div class=\"wp-block-column is-layout-flow wp-block-column-is-layout-flow\">\n<ul class=\"wp-block-list\">\n<li>Alaka\u02bbi O Kaua\u02bbi Charter School*<\/li>\n\n\n\n<li>\u5361\u746a\u5361\u8d6b\u857e\u914b\u9577\u4e2d\u90e8<\/li>\n\n\n\n<li>\u57c3\u723e\u897f\u00b7H\u00b7\u5a01\u723e\u79d1\u514b\u65af\u5c0f\u5b78<\/li>\n\n\n\n<li>\u54c8\u7d0d\u96f7\u5c0f\u5b78<\/li>\n\n\n\n<li>\u57c3\u840a\u57c3\u840a\u5c0f\u5b78<\/li>\n\n\n\n<li>\u5361\u62c9\u5e0c\u5967\u5c0f\u5b78<\/li>\n\n\n\n<li>Kanuikapono Public Charter School*<\/li>\n<\/ul>\n<\/div>\n\n\n\n<div class=\"wp-block-column is-layout-flow wp-block-column-is-layout-flow\">\n<ul class=\"wp-block-list\">\n<li>\u5361\u5e15\u963f\u5c0f\u5b78<\/li>\n\n\n\n<li>\u5361\u5e15\u963f\u9ad8\u4e2d<\/li>\n\n\n\n<li>\u5361\u5e15\u963f\u4e2d\u5b78<\/li>\n\n\n\n<li>\u8003\u827e\u9ad8\u4e2d<\/li>\n\n\n\n<li>Kawaikini New Century Public Charter School*<\/li>\n\n\n\n<li>Ke Kula Niihau o Kekaha*<\/li>\n\n\n\n<li>\u51f1\u5361\u54c8\u5c0f\u5b78<\/li>\n<\/ul>\n<\/div>\n\n\n\n<div class=\"wp-block-column is-layout-flow wp-block-column-is-layout-flow\">\n<ul class=\"wp-block-list\">\n<li>\u57fa\u62c9\u97cb\u5384\u5c0f\u5b78<\/li>\n\n\n\n<li>King Kaumuali \u5c0f\u5b78<\/li>\n\n\n\n<li>\u53ef\u6d1b\u4e9e\u5c0f\u5b78<\/li>\n\n\n\n<li>Kula Aupuni Niihau A Kahelelani Aloha &#8211; A New Century Public Charter School*<\/li>\n\n\n\n<li>Namahana School*<\/li>\n\n\n\n<li>\u5a01\u7f8e\u4e9e\u5cfd\u8c37\u4e2d\u5b78<\/li>\n\n\n\n<li>\u5a01\u7f8e\u4e9e\u9ad8\u4e2d<\/li>\n<\/ul>\n<\/div>\n<\/div>\n\n\n\n<h3 class=\"wp-block-heading\">\u83ab\u6d1b\u51f1\u5cf6<\/h3>\n\n\n\n<div class=\"wp-block-columns is-layout-flex wp-container-core-columns-is-layout-28f84493 wp-block-columns-is-layout-flex\">\n<div class=\"wp-block-column is-layout-flow wp-block-column-is-layout-flow\">\n<ul class=\"wp-block-list\">\n<li>\u8003\u7d0d\u5361\u5361\u4f0a\u5c0f\u5b78<\/li>\n\n\n\n<li>\u57fa\u6d1b\u54c8\u7d0d\u5c0f\u5b78<\/li>\n<\/ul>\n<\/div>\n\n\n\n<div class=\"wp-block-column is-layout-flow wp-block-column-is-layout-flow\">\n<ul class=\"wp-block-list\">\n<li>Kualapu\u02bbu Conversion Charter School*<\/li>\n\n\n\n<li>\u83ab\u7d0d\u6d1b\u4e9e\u5c0f\u5b78<\/li>\n<\/ul>\n<\/div>\n\n\n\n<div class=\"wp-block-column is-layout-flow wp-block-column-is-layout-flow\">\n<ul class=\"wp-block-list\">\n<li>\u83ab\u6d1b\u51f1\u9ad8\u4e2d<\/li>\n\n\n\n<li>\u83ab\u6d1b\u51f1\u4e2d\u5b78<\/li>\n<\/ul>\n<\/div>\n<\/div>\n\n\n\n<h3 class=\"wp-block-heading\">\u62c9\u5167<\/h3>\n\n\n\n<ul class=\"wp-block-list\">\n<li>\u62c9\u5948\u9ad8\u4e2d\u548c\u5c0f\u5b78<\/li>\n<\/ul>\n\n\n\n<h3 class=\"wp-block-heading\">\u5c3c\u8c6a\u5cf6<\/h3>\n\n\n\n<ul class=\"wp-block-list\">\n<li>\u5c3c\u8c6a\u9ad8\u4e2d\u53ca\u5c0f\u5b78<\/li>\n<\/ul>\n\n\n\n<p><\/p>\n\n\n\n<p><\/p>","protected":false},"excerpt":{"rendered":"<p>The Department\u2019s adoption of N\u0101 Hopena A\u02bbo learning outcomes marked a strengthened commitment to ensure our students engage in learning environments rooted in Hawai\u02bbi. The Department aims to establish consistency in the use of \u02bb\u014dlelo Hawai\u02bbi across memos, documents, reports, public-facing websites and other communications.&nbsp; Hawai\u02bbi State Board of Education Policy 301-8 stipulates that \u201cA [&hellip;]<\/p>","protected":false},"author":8,"featured_media":0,"parent":148,"menu_order":22,"comment_status":"closed","ping_status":"closed","template":"","meta":{"_relevanssi_hide_post":"","_relevanssi_hide_content":"","_relevanssi_pin_for_all":"","_relevanssi_pin_keywords":"","_relevanssi_unpin_keywords":"","_relevanssi_related_keywords":"","_relevanssi_related_include_ids":"","_relevanssi_related_exclude_ids":"","_relevanssi_related_no_append":"","_relevanssi_related_not_related":"","_relevanssi_related_posts":"","_relevanssi_noindex_reason":"","_sitemap_exclude":false,"_sitemap_priority":"","_sitemap_frequency":"","_kad_blocks_custom_css":"","_kad_blocks_head_custom_js":"","_kad_blocks_body_custom_js":"","_kad_blocks_footer_custom_js":"","wp_popup_display_lightbox":0,"wp_popup_suppress":"","wp_popup_trigger":"","wp_popup_trigger_amount":0,"wp_popup_disable_on_mobile":false,"footnotes":""},"class_list":["post-550","page","type-page","status-publish","hentry"],"pp_statuses_selecting_workflow":false,"pp_workflow_action":"current","pp_status_selection":"publish","taxonomy_info":[],"featured_image_src_large":false,"author_info":{"display_name":"Ariana Enomoto","author_link":"https:\/\/hawaiipublicschools.org\/zh_tw\/author\/arianastaceyleong-com\/"},"comment_info":0,"publishpress_future_action":{"enabled":false,"date":"2026-05-16 02:54:34","action":"change-status","newStatus":"draft","terms":[],"taxonomy":"","extraData":[]},"publishpress_future_workflow_manual_trigger":{"enabledWorkflows":[]},"_links":{"self":[{"href":"https:\/\/hawaiipublicschools.org\/zh_tw\/wp-json\/wp\/v2\/pages\/550","targetHints":{"allow":["GET"]}}],"collection":[{"href":"https:\/\/hawaiipublicschools.org\/zh_tw\/wp-json\/wp\/v2\/pages"}],"about":[{"href":"https:\/\/hawaiipublicschools.org\/zh_tw\/wp-json\/wp\/v2\/types\/page"}],"author":[{"embeddable":true,"href":"https:\/\/hawaiipublicschools.org\/zh_tw\/wp-json\/wp\/v2\/users\/8"}],"replies":[{"embeddable":true,"href":"https:\/\/hawaiipublicschools.org\/zh_tw\/wp-json\/wp\/v2\/comments?post=550"}],"version-history":[{"count":0,"href":"https:\/\/hawaiipublicschools.org\/zh_tw\/wp-json\/wp\/v2\/pages\/550\/revisions"}],"up":[{"embeddable":true,"href":"https:\/\/hawaiipublicschools.org\/zh_tw\/wp-json\/wp\/v2\/pages\/148"}],"wp:attachment":[{"href":"https:\/\/hawaiipublicschools.org\/zh_tw\/wp-json\/wp\/v2\/media?parent=550"}],"curies":[{"name":"wp","href":"https:\/\/api.w.org\/{rel}","templated":true}]}}