{"id":550,"date":"2024-09-13T03:18:34","date_gmt":"2024-09-13T03:18:34","guid":{"rendered":"https:\/\/hawaiipublicschools.org\/?page_id=550"},"modified":"2025-10-03T07:44:50","modified_gmt":"2025-10-03T17:44:50","slug":"official-school-names","status":"publish","type":"page","link":"https:\/\/hawaiipublicschools.org\/zh\/useful-links\/policies\/official-school-names\/","title":{"rendered":"\u5b98\u65b9\u5b66\u6821\u540d\u79f0"},"content":{"rendered":"<p class=\"intro\">\u8be5\u90e8\u95e8\u91c7\u7528 N\u0101 Hopena A&#039;o \u5b66\u4e60\u6210\u679c\u6807\u5fd7\u7740\u6211\u4eec\u66f4\u52a0\u81f4\u529b\u4e8e\u786e\u4fdd\u6211\u4eec\u7684\u5b66\u751f\u53c2\u4e0e\u690d\u6839\u4e8e\u590f\u5a01\u5937\u7684\u5b66\u4e60\u73af\u5883\u3002\u8be5\u90e8\u95e8\u65e8\u5728\u5728\u5907\u5fd8\u5f55\u3001\u6587\u4ef6\u3001\u62a5\u544a\u3001\u9762\u5411\u516c\u4f17\u7684\u7f51\u7ad9\u548c\u5176\u4ed6\u901a\u4fe1\u4e2d\u5efa\u7acb\u201c\u590f\u5a01\u5937\u201d\u7684\u7edf\u4e00\u4f7f\u7528\u3002&nbsp;<\/p>\n\n\n\n<p>\u590f\u5a01\u5937\u5dde\u6559\u80b2\u59d4\u5458\u4f1a\u653f\u7b56 301-8 \u89c4\u5b9a\uff1a\u201c\u4ee5\u67d0\u4e2a\u4eba\u7269\u547d\u540d\u7684\u5b66\u6821\u5e94\u4f7f\u7528\u8be5\u4eba\u7269\u7684\u6b63\u5f0f\u5934\u8854\u548c\u5168\u540d\u4f5c\u4e3a\u5b66\u6821\u7684\u6b63\u5f0f\u540d\u79f0\u3002\u5b66\u6821\u5e94\u9f13\u52b1\u5b66\u751f\u548c\u793e\u533a\u4f7f\u7528\u6b63\u5f0f\u540d\u79f0\u3002\u201d\u56e0\u6b64\uff0c\u4ee5\u4e0b\u5b66\u6821\u540d\u79f0\u4e2d\u590f\u5a01\u5937\u8bed\u672f\u8bed\u7684\u53d8\u97f3\u7b26\u53f7\u548c\u62fc\u5199\u66f4\u65b0\u5217\u8868\u4e5f\u5305\u542b\u59d4\u5458\u4f1a\u653f\u7b56\u89c4\u5b9a\u7684\u4ee5\u4eba\u7269\u547d\u540d\u7684\u5b66\u6821\u7684\u6b63\u5f0f\u540d\u79f0\u66f4\u65b0\u3002\u8fd9\u4e9b\u6b63\u5f0f\u540d\u79f0\u5e94\u5728\u6240\u6709\u6b63\u5f0f\u901a\u4fe1\u4e2d\u4f7f\u7528\uff0c\u4f8b\u5982\u5907\u5fd8\u5f55\u548c\u62a5\u544a\u3002&nbsp;<\/p>\n\n\n\n<p>\u4e0b\u8868\u4e2d\u7684\u5730\u7406\u540d\u79f0\uff08\u533a\u3001\u7efc\u5408\u4f53\u3001\u7efc\u5408\u533a\u57df\u548c\u57ce\u5e02\uff09\u4e5f\u5df2\u66f4\u65b0\u3002\u8fd9\u4e9b\u5730\u7406\u540d\u79f0\u4ee5\u53ca\u6211\u4eec\u7684\u5dde\u540d\u5728\u6240\u6709\u5907\u5fd8\u5f55\u3001\u6587\u4ef6\u3001\u62a5\u544a\u3001\u9762\u5411\u516c\u4f17\u7684\u7f51\u7ad9\u548c\u5176\u4ed6\u901a\u4fe1\u4e2d\u90fd\u5e94\u62fc\u5199\u6b63\u786e\u3002<\/p>\n\n\n\n<p>Note \u2014 public charter schools noted below with * <\/p>\n\n\n\n<p><\/p>\n\n\n\n<h2 class=\"wp-block-heading\">\u5404\u5c9b\u5c7f\u7684\u5b66\u6821\u540d\u79f0<\/h2>\n\n\n\n<h3 class=\"wp-block-heading\">\u6b27\u80e1\u5c9b<\/h3>\n\n\n\n<div class=\"wp-block-columns is-layout-flex wp-container-core-columns-is-layout-28f84493 wp-block-columns-is-layout-flex\">\n<div class=\"wp-block-column is-layout-flow wp-block-column-is-layout-flow\">\n<ul class=\"wp-block-list\">\n<li>1SG Samuel K. Solomon \u5c0f\u5b66<\/li>\n\n\n\n<li>\u6d77\u519b\u4e0a\u5c06\u4e9a\u745f\u00b7\u62c9\u5fb7\u798f\u5fb7\u9ad8\u4e2d<\/li>\n\n\n\n<li>\u6d77\u519b\u4e0a\u5c06\u5c3c\u7c73\u5179\u5c0f\u5b66<\/li>\n\n\n\n<li>&#039;\u0100huimanu \u5c0f\u5b66<\/li>\n\n\n\n<li>\u827e\u4e9a\u5c0f\u5b66<\/li>\n\n\n\n<li>\u827e\u4e9a\u9ad8\u4e2d<\/li>\n\n\n\n<li>\u827e\u4e9a\u4e2d\u5b66<\/li>\n\n\n\n<li>\u827e\u5361\u5e0c\u5c0f\u5b66<\/li>\n\n\n\n<li>\u0100ina \u6d77\u7eb3\u5c0f\u5b66<\/li>\n\n\n\n<li>\u963f\u62c9\u5a01\u5c0f\u5b66<\/li>\n\n\n\n<li>\u963f\u5229\u4e9a\u9a6c\u52aa\u5c0f\u5b66<\/li>\n\n\n\n<li>\u963f\u5229\u4e9a\u9a6c\u52aa\u4e2d\u5b66<\/li>\n\n\n\n<li>\u963f\u5229\u5965\u62c9\u5c3c\u5c0f\u5b66<\/li>\n\n\n\n<li>\u963f\u5c14\u74e6\u00b7A\u00b7\u65af\u79d1\u7279\u5c0f\u5b66<\/li>\n\n\n\n<li>\u5965\u53e4\u65af\u7279\u963f\u4f26\u65af\u5c0f\u5b66<\/li>\n\n\n\n<li>\u5df4\u4f2f\u65af\u89d2\u5c0f\u5b66<\/li>\n\n\n\n<li>\u5e03\u5170\u5947\u00b7\u6ce2\u666e\u5c0f\u5b66<\/li>\n\n\n\n<li>\u4e39\u5c3c\u5c14\u00b7K\u00b7\u4e95\u4e0a\u5c0f\u5b66<\/li>\n\n\n\n<li>DreamHouse \u02bbEwa Beach*<\/li>\n\n\n\n<li>\u9b54\u6cd5\u6e56\u5c0f\u5b66<\/li>\n\n\n\n<li>\u57c3\u74e6\u6d77\u6ee9\u5c0f\u5b66<\/li>\n\n\n\n<li>\u57c3\u5a03\u5c0f\u5b66<\/li>\n\n\n\n<li>\u57c3\u74e6\u9a6c\u5361\u4f0a\u4e2d\u5b66<\/li>\n\n\n\n<li>\u5dde\u957f SW King \u4e2d\u5b66<\/li>\n\n\n\n<li>\u5dde\u957f\u6851\u798f\u5fb7\u00b7B\u00b7\u591a\u5c14\u4e2d\u5b66<\/li>\n\n\n\n<li>\u5dde\u957f\u534e\u83b1\u58eb\u00b7\u83b1\u5fb7\u6cd5\u7075\u987f\u9ad8\u4e2d<\/li>\n\n\n\n<li>\u53e4\u65af\u5854\u592b\u00b7H\u00b7\u97e6\u5e03\u6797\u5c0f\u5b66<\/li>\n\n\n\n<li>\u54c8\u54c8\u4f0a\u5965\u5185\u5c0f\u5b66<\/li>\n\n\n\n<li>Hakipu\u02bbu Academy*<\/li>\n\n\n\n<li>H\u0101lau K\u016b M\u0101na New Century Public Charter School*<\/li>\n\n\n\n<li>\u54c8\u83b1\u4f0a\u74e6\u5c0f\u5b66<\/li>\n\n\n\n<li>\u8c6a\u4e4c\u62c9\u5c0f\u5b66<\/li>\n\n\n\n<li>\u590f\u5a01\u5937\u804b\u54d1\u5b66\u6821<\/li>\n\n\n\n<li>Hawai\u02bbi Technology Academy*<\/li>\n\n\n\n<li>\u5e0c\u4e9a\u5c0f\u5b66<\/li>\n\n\n\n<li>\u8d6b\u52d2\u66fc\u8bfa\u5c0f\u5b66<\/li>\n\n\n\n<li>\u4ea8\u5229\u00b7\u51ef\u6cfd\u9ad8\u4e2d<\/li>\n\n\n\n<li>\u9ad8\u5730\u4e2d\u5b66<\/li>\n\n\n\n<li>\u970d\u5965\u51ef\u52d2\u5c0f\u5b66<\/li>\n\n\n\n<li>\u970d\u5e93\u62c9\u5c3c\u5c0f\u5b66<\/li>\n\n\n\n<li>\u970d\u6d1b\u7a46\u4e9a\u5c0f\u5b66<\/li>\n\n\n\n<li>\u6d2a\u52aa\u91cc\u4e4c\u91cc\u4e2d\u5b66<\/li>\n\n\n\n<li>\u970d\u8bfa\u74e6\u4f0a\u5c0f\u5b66<\/li>\n\n\n\n<li>\u4f0a\u5229\u4e9a\u5e0c\u5c0f\u5b66<\/li>\n\n\n\n<li>\u4f0a\u5229\u9a6c\u4e2d\u5b66<\/li>\n\n\n\n<li>Iroquois Point Elementary School<\/li>\n\n\n\n<li>\u8a79\u59c6\u65af B. \u5361\u65af\u5c14\u9ad8\u4e2d<\/li>\n\n\n\n<li>\u8a79\u59c6\u65af\u574e\u8d1d\u5c14\u9ad8\u4e2d<\/li>\n\n\n\n<li>Ka Waihona o ka Na\u02bbauao Public Charter School*<\/li>\n\n\n\n<li>\u5361\u54c8\u62c9\u5c0f\u5b66<\/li>\n\n\n\n<li>\u5361\u54c8\u9c81\u4e4c\u5c0f\u5b66<\/li>\n\n\n\n<li>\u5361\u80e1\u5e93\u5c0f\u5b66<\/li>\n\n\n\n<li>\u5361\u80e1\u5e93\u9ad8\u4e2d\u53ca\u521d\u4e2d<\/li>\n\n\n\n<li>\u5361\u963f\u74e6\u5c0f\u5b66<\/li>\n\n\n\n<li>\u5361\u963f\u62c9\u5c0f\u5b66<\/li>\n\n\n\n<li>\u5361\u57c3\u83b1\u666e\u5362\u5c0f\u5b66<\/li>\n\n\n\n<li>\u51ef\u5a01\u5c0f\u5b66<\/li>\n\n\n\n<li>\u51ef\u7c73\u6d1b\u4e9a\u5c0f\u5b66<\/li>\n\n\n\n<li>\u51ef\u5362\u963f\u5c0f\u5b66<\/li>\n\n\n\n<li>\u51ef\u8def\u4e9a\u9ad8\u4e2d<\/li>\n\n\n\n<li>\u51ef\u5362\u963f\u4e2d\u5b66<\/li>\n\n\n\n<li>\u51ef\u7a46\u57fa\u4e2d\u5b66<\/li>\n<\/ul>\n<\/div>\n\n\n\n<div class=\"wp-block-column is-layout-flow wp-block-column-is-layout-flow\">\n<ul class=\"wp-block-list\">\n<li>\u51ef\u7a46\u57fa\u4e2d\u5b66<\/li>\n\n\n\n<li>\u51ef\u7eb3\u9c81\u5c0f\u5b66<\/li>\n\n\n\n<li>\u5361\u62c9\u5e0c\u5965\u9ad8\u4e2d<\/li>\n\n\n\n<li>\u5361\u62c9\u5c3c\u9ad8\u4e2d<\/li>\n\n\n\n<li>\u5361\u83b1\u5965\u666e\u5c0f\u5b66<\/li>\n\n\n\n<li>\u5361\u5229\u5e0c\u5c0f\u5b66<\/li>\n\n\n\n<li>\u5361\u5229\u5e0c-\u51ef\u5c0f\u5b66<\/li>\n\n\n\n<li>\u5361\u5229\u5e0c-\u5c24\u5361\u5c0f\u5b66<\/li>\n\n\n\n<li>\u5361\u5229\u5e0c\u74e6\u57c3\u7eb3\u5c0f\u5b66<\/li>\n\n\n\n<li>Kamaile Academy Public Charter School*<\/li>\n\n\n\n<li>\u5361\u7c73\u6d1b\u4f0a\u57fa\u5c0f\u5b66<\/li>\n\n\n\n<li>\u5361\u5185\u5965\u8d6b\u5c0f\u5b66<\/li>\n\n\n\n<li>\u5361\u8bfa\u57c3\u62c9\u5c3c\u5c0f\u5b66<\/li>\n\n\n\n<li>Ka\u02bb\u014dhao School*<\/li>\n\n\n\n<li>\u5361\u5e15\u62c9\u9a6c\u5c0f\u5b66<\/li>\n\n\n\n<li>Kapolei Charter School*<\/li>\n\n\n\n<li>\u5361\u6ce2\u96f7\u5c0f\u5b66<\/li>\n\n\n\n<li>\u5361\u6ce2\u96f7\u9ad8\u4e2d<\/li>\n\n\n\n<li>\u5361\u6ce2\u96f7\u4e2d\u5b66<\/li>\n\n\n\n<li>\u5361\u666e\u7eb3\u54c8\u62c9\u5c0f\u5b66<\/li>\n\n\n\n<li>\u8003\u9c81\u97e6\u62c9\u5c0f\u5b66<\/li>\n\n\n\n<li>Ke Kula \u02bbo Samuel M. Kamakau Laboratory Public Charter School*<\/li>\n\n\n\n<li>\u5e93\u62c9\u51ef\u963f\u666e\u5c3c\u00b7\u5965\u7ebd\u52aa\u57c3\u52aa<\/li>\n\n\n\n<li>\u51ef\u5965\u9c81\u5c0f\u5b66<\/li>\n\n\n\n<li>Keone&#039;ula \u5c0f\u5b66<\/li>\n\n\n\n<li>\u5927\u536b\u738b\u5361\u62c9\u5361\u74e6\u4e2d\u5b66<\/li>\n\n\n\n<li>\u56fd\u738b\u5229\u970d\u5229\u970d\u5c0f\u5b66<\/li>\n\n\n\n<li>\u5a01\u5ec9 C. \u9c81\u7eb3\u5229\u6d1b\u56fd\u738b\u5c0f\u5b66<\/li>\n\n\n\n<li>\u57fa\u5e15\u5e15\u5c0f\u5b66<\/li>\n\n\n\n<li>\u79d1\u79d1\u6d77\u5fb7\u5c0f\u5b66<\/li>\n\n\n\n<li>K\u016blia Academy*<\/li>\n\n\n\n<li>\u62c9\u8036\u5c0f\u5b66<\/li>\n\n\n\n<li>\u62c9\u7eb3\u57fa\u62c9\u5c0f\u5b66<\/li>\n\n\n\n<li>\u4e50\u534e\u5c0f\u5b66<\/li>\n\n\n\n<li>\u8429\u5317\u5c0f\u5b78<\/li>\n\n\n\n<li>\u96f7\u4e50\u534e\u9ad8\u7ea7\u4e2d\u5b66<\/li>\n\n\n\n<li>\u5229\u7eb3\u666e\u5c3c\u5c0f\u5b66<\/li>\n\n\n\n<li>\u970d\u52d2\u65af\u00b7M\u00b7\u5e0c\u5361\u59c6\u4e2d\u6821\u5c0f\u5b66<\/li>\n\n\n\n<li>Ma&#039;ema&#039;e \u5c0f\u5b66<\/li>\n\n\n\n<li>\u9a6c\u4f0a\u5229\u5c0f\u5b66<\/li>\n\n\n\n<li>\u5a01\u5ec9\u00b7R\u00b7\u6c99\u592b\u7279\u5c11\u5c06\u5c0f\u5b66<\/li>\n\n\n\n<li>\u8c22\u5c14\u987f\u00b7\u60e0\u52d2\u5c11\u6821<\/li>\n\n\n\n<li>\u8c22\u5c14\u987f\u00b7\u60e0\u52d2\u5c11\u6821\u4e2d\u5b66<\/li>\n\n\n\n<li>\u9a6c\u5361\u54c8\u5c0f\u5b66<\/li>\n\n\n\n<li>\u9a6c\u5361\u57fa\u6d1b\u5c0f\u5b66<\/li>\n\n\n\n<li>\u9a6c\u5361\u62c9\u5e15\u5c0f\u5b66<\/li>\n\n\n\n<li>M\u0101lama Honua Public Charter School*<\/li>\n\n\n\n<li>\u9a6c\u7eb3\u7eb3\u5c0f\u5b66<\/li>\n\n\n\n<li>\u9a6c\u8bfa\u963f\u5c0f\u5b66<\/li>\n\n\n\n<li>\u6bdb\u5361\u00b7\u62c9\u5c3c\u5c0f\u5b66<\/li>\n\n\n\n<li>\u83ab\u7eb3\u5a01\u5229\u5c0f\u5b66<\/li>\n\n\n\n<li>\u5e02\u957f\u7ea6\u7ff0\u00b7H\u00b7\u5a01\u5c14\u900a\u5c0f\u5b66<\/li>\n\n\n\n<li>\u5e02\u957f Joseph J. Fern \u5c0f\u5b66<\/li>\n\n\n\n<li>\u7c73\u5229\u62c9\u5c3c\u9ad8\u4e2d<\/li>\n\n\n\n<li>\u7c73\u91cc\u62c9\u5c3c\u827e\u514b\u5c0f\u5b66<\/li>\n\n\n\n<li>\u7c73\u91cc\u62c9\u5c3c\u6bdb\u5361\u5c0f\u5b66<\/li>\n\n\n\n<li>\u7c73\u5229\u62c9\u5c3c\u4e2d\u5b66<\/li>\n\n\n\n<li>\u7c73\u91cc\u62c9\u5c3c\u4e4c\u5361\u5c0f\u5b66<\/li>\n\n\n\n<li>\u7c73\u91cc\u62c9\u5c3c\u74e6\u57c3\u7eb3\u5c0f\u5b66<\/li>\n\n\n\n<li>\u83ab\u963f\u7eb3\u9c81\u4e9a\u5c0f\u5b66<\/li>\n\n\n\n<li>\u83ab\u963f\u7eb3\u9c81\u4e9a\u9ad8\u4e2d<\/li>\n\n\n\n<li>\u83ab\u963f\u7eb3\u9c81\u4e9a\u4e2d\u5b66<\/li>\n<\/ul>\n<\/div>\n\n\n\n<div class=\"wp-block-column is-layout-flow wp-block-column-is-layout-flow\">\n<ul class=\"wp-block-list\">\n<li>\u83ab\u5361\u666e\u5c0f\u5b66<\/li>\n\n\n\n<li>\u83ab\u5e93\u83b1\u83b1\u5c0f\u5b66<\/li>\n\n\n\n<li>\u83ab\u7c73\u62c9\u5c3c\u5c0f\u5b66<\/li>\n\n\n\n<li>Myron B. Thompson Academy*<\/li>\n\n\n\n<li>\u7eb3\u5948\u5361\u6ce2\u8bfa\u5c0f\u5b66<\/li>\n\n\n\n<li>\u7eb3\u7eb3\u5e93\u5229\u5c0f\u5b66<\/li>\n\n\n\n<li>\u7eb3\u7eb3\u5e93\u5229\u9ad8\u4e2d\u548c\u521d\u4e2d<\/li>\n\n\n\n<li>\u725b\u8c37\u4e2d\u5b66<\/li>\n\n\n\n<li>\u8bfa\u62c9\u5c3c\u5c0f\u5b66<\/li>\n\n\n\n<li>\u52aa\u74e6\u52aa\u5c0f\u5b66<\/li>\n\n\n\n<li>\u5965\u7f57\u739b\u7eb3\u5b66\u6821<\/li>\n\n\n\n<li>\u5e15\u5229\u585e\u5179\u5c0f\u5b66<\/li>\n\n\n\n<li>\u5e15\u6d1b\u6d1b\u5c0f\u5b66<\/li>\n\n\n\n<li>Parkway Village Preschool*<\/li>\n\n\n\n<li>\u4fdd\u74e6\u5c0f\u5b66<\/li>\n\n\n\n<li>\u73cd\u73e0\u57ce\u5c0f\u5b66<\/li>\n\n\n\n<li>\u73cd\u73e0\u57ce\u9ad8\u4e2d<\/li>\n\n\n\n<li>Pearl City Highlands Elementary School<\/li>\n\n\n\n<li>\u73cd\u73e0\u6e2f\u5c0f\u5b66<\/li>\n\n\n\n<li>\u73cd\u73e0\u6e2f\u51ef\u5c0f\u5b66<\/li>\n\n\n\n<li>\u73cd\u73e0\u5cad\u5c0f\u5b66<\/li>\n\n\n\n<li>P\u014dh\u0101kea \u5c0f\u5b66<\/li>\n\n\n\n<li>\u4e9a\u4f2f\u62c9\u7f55\u00b7\u6797\u80af\u603b\u7edf\u5c0f\u5b66<\/li>\n\n\n\n<li>\u4e54\u6cbb\u534e\u76db\u987f\u603b\u7edf\u4e2d\u5b66<\/li>\n\n\n\n<li>\u897f\u5965\u591a\u00b7\u7f57\u65af\u798f\u603b\u7edf\u9ad8\u4e2d<\/li>\n\n\n\n<li>\u6258\u9a6c\u65af\u00b7\u6770\u6590\u900a\u603b\u7edf\u5c0f\u5b66<\/li>\n\n\n\n<li>\u5a01\u5ec9\u00b7\u9ea6\u91d1\u5229\u603b\u7edf\u9ad8\u4e2d<\/li>\n\n\n\n<li>\u5927\u536b\u738b\u5b50\u5361\u74e6\u7eb3\u7eb3\u79d1\u963f\u4e2d\u5b66<\/li>\n\n\n\n<li>\u4e54\u7eb3\u00b7\u5e93\u5e0c\u5965\u738b\u5b50\u5c0f\u5b66<\/li>\n\n\n\n<li>\u7c73\u4e3d\u4e9a\u59c6\u00b7K\u00b7\u83b1\u514b\u5229\u514b\u516c\u4e3b\u5c0f\u5b66<\/li>\n\n\n\n<li>\u9732\u4e1d\u516c\u4e3b\u51ef\u5229\u79d1\u62c9\u5c3c\u4e2d\u5b66<\/li>\n\n\n\n<li>\u7ef4\u591a\u5229\u4e9a\u516c\u4e3b\u5361\u5c24\u62c9\u5c3c\u5c0f\u5b66<\/li>\n\n\n\n<li>\u666e\u5965\u54c8\u62c9\u5c0f\u5b66<\/li>\n\n\n\n<li>\u666e\u4e4c\u54c8\u83b1\u5c0f\u5b66<\/li>\n\n\n\n<li>\u5361\u963f\u80e1\u52aa\u5973\u738b\u5c0f\u5b66<\/li>\n\n\n\n<li>\u7ea2\u5c71\u5c0f\u5b66<\/li>\n\n\n\n<li>\u672c\u6770\u660e\u00b7\u5e15\u514b\u7267\u5e08\u5c0f\u5b66<\/li>\n\n\n\n<li>\u7f57\u4f2f\u7279\u8def\u6613\u65af\u53f2\u8482\u6587\u68ee\u4e2d\u5b66<\/li>\n\n\n\n<li>\u7687\u5bb6\u5c0f\u5b66<\/li>\n\n\n\n<li>\u76d0\u6e56\u5c0f\u5b66<\/li>\n\n\n\n<li>SEEQS: the School for Examining Essential Questions of Sustainability*<\/li>\n\n\n\n<li>\u65e5\u843d\u6d77\u6ee9\u5c0f\u5b66<\/li>\n\n\n\n<li>University Laboratory School*<\/li>\n\n\n\n<li>Voyager Public Charter School*<\/li>\n\n\n\n<li>\u74e6\u5e0c\u74e6\u5c0f\u5b66<\/li>\n\n\n\n<li>\u74e6\u5e0c\u4e9a\u74e6\u4e2d\u5b66<\/li>\n\n\n\n<li>\u6000\u963f\u970d\u52d2\u5c0f\u5b66<\/li>\n\n\n\n<li>\u6000\u963f\u5362\u963f\u5c0f\u5b66<\/li>\n\n\n\n<li>\u6000\u963f\u5362\u963f\u9ad8\u4e2d\u53ca\u521d\u4e2d<\/li>\n\n\n\n<li>\u6000\u5965\u5c0f\u5b66<\/li>\n\n\n\n<li>Wai\u02bbalae Elementary Public Charter School*<\/li>\n\n\n\n<li>\u6000\u4e9a\u5948\u5c0f\u5b66<\/li>\n\n\n\n<li>\u6000\u4e9a\u5948\u9ad8\u4e2d<\/li>\n\n\n\n<li>\u6000\u4e9a\u5948\u4e2d\u5b66<\/li>\n\n\n\n<li>\u74e6\u514b\u52d2\u5c0f\u5b66<\/li>\n\n\n\n<li>Waik\u012bk\u012b Community Preschool*<\/li>\n\n\n\n<li>\u6000\u57fa\u57fa\u5c0f\u5b66<\/li>\n\n\n\n<li>\u74e6\u9a6c\u9c81\u5c0f\u5b66<\/li>\n\n\n\n<li>Waim\u0101nalo Elementary &amp; Intermediate School<\/li>\n\n\n\n<li>\u6000\u5e15\u80e1\u5c0f\u5b66<\/li>\n\n\n\n<li>\u6000\u5e15\u80e1\u9ad8\u4e2d<\/li>\n\n\n\n<li>\u6000\u5e15\u80e1\u4e2d\u5b66<\/li>\n\n\n\n<li>\u5a01\u5ec9\u00b7P\u00b7\u8d3e\u745e\u7279\u4e2d\u5b66<\/li>\n<\/ul>\n<\/div>\n<\/div>\n\n\n\n<h3 class=\"wp-block-heading\">\u590f\u5a01\u5937<\/h3>\n\n\n\n<div class=\"wp-block-columns is-layout-flex wp-container-core-columns-is-layout-28f84493 wp-block-columns-is-layout-flex\">\n<div class=\"wp-block-column is-layout-flow wp-block-column-is-layout-flow\">\n<ul class=\"wp-block-list\">\n<li>\u914b\u957f\u5361\u76ae\u6b27\u62c9\u5c3c\u5c0f\u5b66<\/li>\n\n\n\n<li>Connections Public Charter School*<\/li>\n\n\n\n<li>\u57c3\u5185\u65af\u7279\u00b7\u9c8d\u6069\u00b7\u5fb7\u5e2d\u5c14\u74e6\u5c0f\u5b66<\/li>\n\n\n\n<li>\u6cb3\u5408\u5c0f\u5b66<\/li>\n\n\n\n<li>Hawai\u02bbi Academy of Arts &amp; Science*<\/li>\n\n\n\n<li>\u5e0c\u6d1b\u9ad8\u4e2d<\/li>\n\n\n\n<li>\u5e0c\u6d1b\u4e2d\u5b66<\/li>\n\n\n\n<li>Hilo Union Elementary School<\/li>\n\n\n\n<li>\u970d\u6b27\u80af\u7eb3\u5c0f\u5b66<\/li>\n\n\n\n<li>\u970d\u5362\u963f\u6d1b\u963f\u5c0f\u5b66<\/li>\n\n\n\n<li>\u970d\u7eb3\u4e4c\u7eb3\u5c0f\u5b66<\/li>\n\n\n\n<li>\u970d\u8bfa\u5361\u963f\u5c0f\u5b66<\/li>\n\n\n\n<li>\u970d\u8bfa\u5361\u9ad8\u4e2d<\/li>\n\n\n\n<li>Innovations Public Charter School*<\/li>\n\n\n\n<li>Ka \u02bbUmeke K\u0101\u02bbeo*<\/li>\n\n\n\n<li>\u5361\u54c8\u5361\u4f0a\u5c0f\u5b66<\/li>\n\n\n\n<li>\u5361\u4e4c\u9ad8\u4e2d\u548c\u5e15\u54c8\u62c9\u5c0f\u5b66<\/li>\n\n\n\n<li>\u5361\u4e4c\u9a6c\u7eb3\u5c0f\u5b66<\/li>\n\n\n\n<li>Kanu o ka \u02bb\u0100ina New Century Public Charter School*<\/li>\n<\/ul>\n<\/div>\n\n\n\n<div class=\"wp-block-column is-layout-flow wp-block-column-is-layout-flow\">\n<ul class=\"wp-block-list\">\n<li>Ke Ana La\u02bbahana Public Charter School*<\/li>\n\n\n\n<li>\u51ef\u5e93\u62c9\u00b7\u5965\u00b7\u57c3\u80e1\u52aa\u4f0a\u51ef\u9a6c\u5229\u8bfa<\/li>\n\n\n\n<li>Ke Kula \u02bbO N\u0101wah\u012bokalani\u02bb\u014dpu\u02bbu Iki Lab Public Charter School*<\/li>\n\n\n\n<li>\u51ef\u5965\u5c0f\u5b66<\/li>\n\n\n\n<li>\u51ef\u963f\u4e4c\u9ad8\u4e2d<\/li>\n\n\n\n<li>\u51ef\u963f\u4e4c\u4e2d\u5b66<\/li>\n\n\n\n<li>\u51ef\u62c9\u51ef\u5e0c\u5c0f\u5b66<\/li>\n\n\n\n<li>\u51ef\u62c9\u51ef\u5e0c\u9ad8\u4e2d<\/li>\n\n\n\n<li>\u51ef\u62c9\u51ef\u5e0c\u4e2d\u5b66<\/li>\n\n\n\n<li>\u51ef\u5965\u5361\u54c8\u5c0f\u5b66<\/li>\n\n\n\n<li>\u57fa\u5965\u5185\u6ce2\u79d1\u5c0f\u5b66<\/li>\n\n\n\n<li>\u79d1\u54c8\u62c9\u5c0f\u5b66<\/li>\n\n\n\n<li>\u79d1\u54c8\u62c9\u9ad8\u4e2d<\/li>\n\n\n\n<li>\u79d1\u54c8\u62c9\u4e2d\u5b66<\/li>\n\n\n\n<li>Kona Pacific Public Charter School*<\/li>\n\n\n\n<li>\u79d1\u7eb3\u74e6\u57c3\u7eb3\u5c0f\u5b66<\/li>\n\n\n\n<li>\u79d1\u7eb3\u74e6\u57c3\u7eb3\u9ad8\u4e2d<\/li>\n\n\n\n<li>\u79d1\u7eb3\u74e6\u57c3\u7eb3\u4e2d\u5b66<\/li>\n<\/ul>\n<\/div>\n\n\n\n<div class=\"wp-block-column is-layout-flow wp-block-column-is-layout-flow\">\n<ul class=\"wp-block-list\">\n<li>Kua O Ka L\u0101 New Century Public Charter School*<\/li>\n\n\n\n<li>Laup\u0101hoehoe Community \u2014 Public Charter School*<\/li>\n\n\n\n<li>\u5c71\u666f\u5c0f\u5b66<\/li>\n\n\n\n<li>N\u0101 Wai Ola Public Charter School*<\/li>\n\n\n\n<li>\u7eb3\u52d2\u80e1\u5c0f\u5b66<\/li>\n\n\n\n<li>\u5e15\u970d\u4e9a\u5c0f\u5b66<\/li>\n\n\n\n<li>\u5e15\u970d\u4e9a\u9ad8\u4e2d\u53ca\u521d\u4e2d\u5b66\u6821<\/li>\n\n\n\n<li>Pa&#039;auilo \u5c0f\u5b66\u548c\u4e2d\u5b66<\/li>\n\n\n\n<li>\u4e54\u7eb3\u00b7\u5e93\u5e0c\u5965\u00b7\u5361\u62c9\u5c3c\u963f\u5965\u83b1\u738b\u5b50\u5c0f\u5b66<\/li>\n\n\n\n<li>Volcano School of Arts &amp; Sciences*<\/li>\n\n\n\n<li>Wai\u0101kea \u5c0f\u5b66<\/li>\n\n\n\n<li>\u6000\u963f\u51ef\u4e9a\u9ad8\u4e2d<\/li>\n\n\n\n<li>\u6000\u963f\u51ef\u963f\u4e2d\u5b66<\/li>\n\n\n\n<li>\u6000\u4e9a\u51ef\u74e6\u7eb3\u5c0f\u5b66<\/li>\n\n\n\n<li>\u5a01\u53ef\u6d1b\u4e9a\u5c0f\u5b66\u548c\u521d\u4e2d<\/li>\n\n\n\n<li>\u5a01\u7f8e\u4e9a\u5c0f\u5b66<\/li>\n\n\n\n<li>Waimea Middle Public Conversion Charter School*<\/li>\n\n\n\n<li>West Hawai\u2018i Explorations Public Charter School*<\/li>\n<\/ul>\n<\/div>\n<\/div>\n\n\n\n<h3 class=\"wp-block-heading\">\u8302\u5b9c\u5c9b<\/h3>\n\n\n\n<div class=\"wp-block-columns is-layout-flex wp-container-core-columns-is-layout-28f84493 wp-block-columns-is-layout-flex\">\n<div class=\"wp-block-column is-layout-flow wp-block-column-is-layout-flow\">\n<ul class=\"wp-block-list\">\n<li>Haik\u016b \u5c0f\u5b66<\/li>\n\n\n\n<li>H\u0101na High &amp; Elementary School<\/li>\n\n\n\n<li>\u4ea8\u5229\u00b7\u4f69\u6797\u00b7\u9c8d\u5fb7\u6e29\u9ad8\u4e2d<\/li>\n\n\n\n<li>\u5965\u4e2d\u5b66<\/li>\n\n\n\n<li>\u5361\u80e1\u5362\u4f0a\u5c0f\u5b66<\/li>\n\n\n\n<li>\u5361\u739b\u5229\u5c0f\u5b66<\/li>\n\n\n\n<li>K\u012bhei Charter School*<\/li>\n\n\n\n<li>\u57fa\u9ed1\u5c0f\u5b66<\/li>\n\n\n\n<li>\u57fa\u6d1b\u54c8\u7eb3\u5c0f\u5b66<\/li>\n\n\n\n<li>\u5361\u7f8e\u54c8\u6885\u54c8\u56fd\u738b\u4e09\u4e16\u5c0f\u5b66<\/li>\n<\/ul>\n<\/div>\n\n\n\n<div class=\"wp-block-column is-layout-flow wp-block-column-is-layout-flow\">\n<ul class=\"wp-block-list\">\n<li>\u51ef\u8003\u91cc\u514b\u56fd\u738b\u9ad8\u4e2d<\/li>\n\n\n\n<li>\u5e93\u62c9\u5c0f\u5b66<\/li>\n\n\n\n<li>\u5e93\u62c9\u5c3c\u54c8\u79d1\u4f0a\u9ad8\u4e2d<\/li>\n\n\n\n<li>\u62c9\u6d77\u7eb3\u4e2d\u5b66<\/li>\n\n\n\n<li>\u62c9\u6d77\u7eb3\u9c81\u7eb3\u9ad8\u4e2d<\/li>\n\n\n\n<li>\u5229\u5e0c\u51ef\u5c0f\u5b66<\/li>\n\n\n\n<li>\u6d1b\u514b\u62c9\u5c3c\u4e2d\u5b66<\/li>\n\n\n\n<li>\u9a6c\u5361\u74e6\u5965\u5c0f\u5b66<\/li>\n\n\n\n<li>\u6bdb\u4f0a\u9ad8\u4e2d<\/li>\n\n\n\n<li>\u6bdb\u4f0a\u5c9b\u97e6\u7eb3\u4e2d\u5b66<\/li>\n<\/ul>\n<\/div>\n\n\n\n<div class=\"wp-block-column is-layout-flow wp-block-column-is-layout-flow\">\n<ul class=\"wp-block-list\">\n<li>\u5e15\u4e9a\u5c0f\u5b66<\/li>\n\n\n\n<li>P\u014dmaika&#039;i \u5c0f\u5b66<\/li>\n\n\n\n<li>\u7eb3\u5e0c\u57c3\u7eb3\u57c3\u7eb3\u516c\u4e3b\u5c0f\u5b66<\/li>\n\n\n\n<li>Pu&#039;u Kukui \u5c0f\u5b66<\/li>\n\n\n\n<li>\u666e\u5361\u62c9\u5c3c\u5c0f\u5b66<\/li>\n\n\n\n<li>\u585e\u7f2a\u5c14\u00b7E\u00b7\u5361\u62c9\u9a6c\u4e2d\u5b66<\/li>\n\n\n\n<li>\u6000\u8d6b\u4f0a\u5c0f\u5b66<\/li>\n\n\n\n<li>\u6000\u5362\u5e93\u5c0f\u5b66<\/li>\n<\/ul>\n<\/div>\n<\/div>\n\n\n\n<h3 class=\"wp-block-heading\">\u8003\u827e\u5c9b<\/h3>\n\n\n\n<div class=\"wp-block-columns is-layout-flex wp-container-core-columns-is-layout-28f84493 wp-block-columns-is-layout-flex\">\n<div class=\"wp-block-column is-layout-flow wp-block-column-is-layout-flow\">\n<ul class=\"wp-block-list\">\n<li>Alaka\u02bbi O Kaua\u02bbi Charter School*<\/li>\n\n\n\n<li>\u5361\u739b\u5361\u8d6b\u857e\u914b\u957f\u4e2d\u90e8<\/li>\n\n\n\n<li>\u57c3\u5c14\u897f\u00b7H\u00b7\u5a01\u5c14\u79d1\u514b\u65af\u5c0f\u5b66<\/li>\n\n\n\n<li>\u54c8\u7eb3\u96f7\u5c0f\u5b66<\/li>\n\n\n\n<li>\u57c3\u83b1\u57c3\u83b1\u5c0f\u5b66<\/li>\n\n\n\n<li>\u5361\u62c9\u5e0c\u5965\u5c0f\u5b66<\/li>\n\n\n\n<li>Kanuikapono Public Charter School*<\/li>\n<\/ul>\n<\/div>\n\n\n\n<div class=\"wp-block-column is-layout-flow wp-block-column-is-layout-flow\">\n<ul class=\"wp-block-list\">\n<li>\u5361\u5e15\u963f\u5c0f\u5b66<\/li>\n\n\n\n<li>\u5361\u5e15\u963f\u9ad8\u4e2d<\/li>\n\n\n\n<li>\u5361\u5e15\u963f\u4e2d\u5b66<\/li>\n\n\n\n<li>\u8003\u827e\u9ad8\u4e2d<\/li>\n\n\n\n<li>Kawaikini New Century Public Charter School*<\/li>\n\n\n\n<li>Ke Kula Niihau o Kekaha*<\/li>\n\n\n\n<li>\u51ef\u5361\u54c8\u5c0f\u5b66<\/li>\n<\/ul>\n<\/div>\n\n\n\n<div class=\"wp-block-column is-layout-flow wp-block-column-is-layout-flow\">\n<ul class=\"wp-block-list\">\n<li>\u57fa\u62c9\u97e6\u5384\u5c0f\u5b66<\/li>\n\n\n\n<li>\u8003\u7a46\u963f\u5229\u56fd\u738b\u5c0f\u5b66<\/li>\n\n\n\n<li>\u53ef\u6d1b\u4e9a\u5c0f\u5b66<\/li>\n\n\n\n<li>Kula Aupuni Niihau A Kahelelani Aloha &#8211; A New Century Public Charter School*<\/li>\n\n\n\n<li>Namahana School*<\/li>\n\n\n\n<li>\u5a01\u7f8e\u4e9a\u5ce1\u8c37\u4e2d\u5b66<\/li>\n\n\n\n<li>\u5a01\u7f8e\u4e9a\u9ad8\u4e2d<\/li>\n<\/ul>\n<\/div>\n<\/div>\n\n\n\n<h3 class=\"wp-block-heading\">\u83ab\u6d1b\u51ef\u5c9b<\/h3>\n\n\n\n<div class=\"wp-block-columns is-layout-flex wp-container-core-columns-is-layout-28f84493 wp-block-columns-is-layout-flex\">\n<div class=\"wp-block-column is-layout-flow wp-block-column-is-layout-flow\">\n<ul class=\"wp-block-list\">\n<li>\u8003\u7eb3\u5361\u5361\u4f0a\u5c0f\u5b66<\/li>\n\n\n\n<li>\u57fa\u6d1b\u54c8\u7eb3\u5c0f\u5b66<\/li>\n<\/ul>\n<\/div>\n\n\n\n<div class=\"wp-block-column is-layout-flow wp-block-column-is-layout-flow\">\n<ul class=\"wp-block-list\">\n<li>Kualapu\u02bbu Conversion Charter School*<\/li>\n\n\n\n<li>\u83ab\u7eb3\u6d1b\u4e9a\u5c0f\u5b66<\/li>\n<\/ul>\n<\/div>\n\n\n\n<div class=\"wp-block-column is-layout-flow wp-block-column-is-layout-flow\">\n<ul class=\"wp-block-list\">\n<li>\u83ab\u6d1b\u51ef\u9ad8\u4e2d<\/li>\n\n\n\n<li>\u83ab\u6d1b\u51ef\u4e2d\u5b66<\/li>\n<\/ul>\n<\/div>\n<\/div>\n\n\n\n<h3 class=\"wp-block-heading\">\u62c9\u5948<\/h3>\n\n\n\n<ul class=\"wp-block-list\">\n<li>\u62c9\u5948\u9ad8\u4e2d\u548c\u5c0f\u5b66<\/li>\n<\/ul>\n\n\n\n<h3 class=\"wp-block-heading\">\u5c3c\u8c6a\u5c9b<\/h3>\n\n\n\n<ul class=\"wp-block-list\">\n<li>\u5c3c\u8c6a\u9ad8\u4e2d\u548c\u5c0f\u5b66<\/li>\n<\/ul>\n\n\n\n<p><\/p>\n\n\n\n<p><\/p>","protected":false},"excerpt":{"rendered":"<p>The Department\u2019s adoption of N\u0101 Hopena A\u02bbo learning outcomes marked a strengthened commitment to ensure our students engage in learning environments rooted in Hawai\u02bbi. The Department aims to establish consistency in the use of \u02bb\u014dlelo Hawai\u02bbi across memos, documents, reports, public-facing websites and other communications.&nbsp; Hawai\u02bbi State Board of Education Policy 301-8 stipulates that \u201cA [&hellip;]<\/p>","protected":false},"author":8,"featured_media":0,"parent":148,"menu_order":22,"comment_status":"closed","ping_status":"closed","template":"","meta":{"_relevanssi_hide_post":"","_relevanssi_hide_content":"","_relevanssi_pin_for_all":"","_relevanssi_pin_keywords":"","_relevanssi_unpin_keywords":"","_relevanssi_related_keywords":"","_relevanssi_related_include_ids":"","_relevanssi_related_exclude_ids":"","_relevanssi_related_no_append":"","_relevanssi_related_not_related":"","_relevanssi_related_posts":"","_relevanssi_noindex_reason":"","_sitemap_exclude":false,"_sitemap_priority":"","_sitemap_frequency":"","_kad_blocks_custom_css":"","_kad_blocks_head_custom_js":"","_kad_blocks_body_custom_js":"","_kad_blocks_footer_custom_js":"","wp_popup_display_lightbox":0,"wp_popup_suppress":"","wp_popup_trigger":"","wp_popup_trigger_amount":0,"wp_popup_disable_on_mobile":false,"footnotes":""},"class_list":["post-550","page","type-page","status-publish","hentry"],"pp_statuses_selecting_workflow":false,"pp_workflow_action":"current","pp_status_selection":"publish","taxonomy_info":[],"featured_image_src_large":false,"author_info":{"display_name":"Ariana Enomoto","author_link":"https:\/\/hawaiipublicschools.org\/zh\/author\/arianastaceyleong-com\/"},"comment_info":0,"publishpress_future_action":{"enabled":false,"date":"2026-04-25 09:56:19","action":"change-status","newStatus":"draft","terms":[],"taxonomy":"","extraData":[]},"publishpress_future_workflow_manual_trigger":{"enabledWorkflows":[]},"_links":{"self":[{"href":"https:\/\/hawaiipublicschools.org\/zh\/wp-json\/wp\/v2\/pages\/550","targetHints":{"allow":["GET"]}}],"collection":[{"href":"https:\/\/hawaiipublicschools.org\/zh\/wp-json\/wp\/v2\/pages"}],"about":[{"href":"https:\/\/hawaiipublicschools.org\/zh\/wp-json\/wp\/v2\/types\/page"}],"author":[{"embeddable":true,"href":"https:\/\/hawaiipublicschools.org\/zh\/wp-json\/wp\/v2\/users\/8"}],"replies":[{"embeddable":true,"href":"https:\/\/hawaiipublicschools.org\/zh\/wp-json\/wp\/v2\/comments?post=550"}],"version-history":[{"count":0,"href":"https:\/\/hawaiipublicschools.org\/zh\/wp-json\/wp\/v2\/pages\/550\/revisions"}],"up":[{"embeddable":true,"href":"https:\/\/hawaiipublicschools.org\/zh\/wp-json\/wp\/v2\/pages\/148"}],"wp:attachment":[{"href":"https:\/\/hawaiipublicschools.org\/zh\/wp-json\/wp\/v2\/media?parent=550"}],"curies":[{"name":"wp","href":"https:\/\/api.w.org\/{rel}","templated":true}]}}