{"id":9624,"date":"2025-03-20T09:57:21","date_gmt":"2025-03-20T19:57:21","guid":{"rendered":"https:\/\/hawaiipublicschools.org\/?page_id=9624"},"modified":"2025-11-28T08:31:27","modified_gmt":"2025-11-28T18:31:27","slug":"educational-officer-job-classifications","status":"publish","type":"page","link":"https:\/\/hawaiipublicschools.org\/vi\/jobs\/educational-officer-job-classifications\/","title":{"rendered":"Ti\u00eau chu\u1ea9n l\u1edbp C\u00e1n b\u1ed9 gi\u00e1o d\u1ee5c"},"content":{"rendered":"<p class=\"intro\">The Class Specification outlines the primary purpose and functions of a specific class of work or series.&nbsp; It summarizes the nature and scope of duties and responsibilities; level of difficulty and authority; knowledge, skills, and abilities necessary to perform the work; and minimum qualifications for education, training, certification, and\/or licensure.<\/p>\n\n\n\n<h2 class=\"wp-block-heading\">C\u1ea5p \u0111\u1ed9 tr\u01b0\u1eddng h\u1ecdc<\/h2>\n\n\n\n<div class=\"wp-block-columns is-layout-flex wp-container-core-columns-is-layout-28f84493 wp-block-columns-is-layout-flex\">\n<div class=\"wp-block-column is-layout-flow wp-block-column-is-layout-flow\">\n<p><strong>Hi\u1ec7u tr\u01b0\u1edfng CSA<\/strong><br><a href=\"https:\/\/hawaiipublicschools.org\/vi\/EO%20Job%20Classifications\/CSA%20Principal.pdf\/\" target=\"_blank\" rel=\"noreferrer noopener\">M\u00f4 t\u1ea3 v\u00e0 y\u00eau c\u1ea7u<\/a><br>\u0110\u01a1n v\u1ecb th\u01b0\u01a1ng l\u01b0\u1ee3ng: 6<br>Ng\u00e0y s\u1eeda \u0111\u1ed5i cu\u1ed1i c\u00f9ng: 2001-01-01<br><\/p>\n\n\n\n<p><strong>Ph\u00f3 Hi\u1ec7u Tr\u01b0\u1edfng CSA<\/strong><br><a href=\"https:\/\/hawaiipublicschools.org\/vi\/EO%20Job%20Classifications\/CSA%20Vice%20Principal.pdf\/\" target=\"_blank\" rel=\"noreferrer noopener\">M\u00f4 t\u1ea3 v\u00e0 y\u00eau c\u1ea7u<\/a><br>\u0110\u01a1n v\u1ecb th\u01b0\u01a1ng l\u01b0\u1ee3ng: 6<br>Ng\u00e0y s\u1eeda \u0111\u1ed5i cu\u1ed1i c\u00f9ng: 2001-01-01<\/p>\n<\/div>\n\n\n\n<div class=\"wp-block-column is-layout-flow wp-block-column-is-layout-flow\">\n<p><strong>Hi\u1ec7u tr\u01b0\u1edfng<\/strong><br><a href=\"https:\/\/hawaiipublicschools.org\/vi\/EO%20Job%20Classifications\/Principal.pdf\/\" target=\"_blank\" rel=\"noreferrer noopener\">M\u00f4 t\u1ea3 v\u00e0 y\u00eau c\u1ea7u<\/a><br>\u0110\u01a1n v\u1ecb th\u01b0\u01a1ng l\u01b0\u1ee3ng: 6<br>Ng\u00e0y s\u1eeda \u0111\u1ed5i cu\u1ed1i c\u00f9ng: 2001-01-01<br><\/p>\n\n\n\n<p><strong>Ph\u00f3 Hi\u1ec7u Tr\u01b0\u1edfng<\/strong><br><a href=\"https:\/\/hawaiipublicschools.org\/vi\/EO%20Job%20Classifications\/Vice%20Principal.pdf\/\" target=\"_blank\" rel=\"noreferrer noopener\">M\u00f4 t\u1ea3 v\u00e0 y\u00eau c\u1ea7u<\/a><br>\u0110\u01a1n v\u1ecb th\u01b0\u01a1ng l\u01b0\u1ee3ng: 6<br>Ng\u00e0y s\u1eeda \u0111\u1ed5i cu\u1ed1i c\u00f9ng: 2001-01-01<\/p>\n<\/div>\n\n\n\n<div class=\"wp-block-column is-layout-flow wp-block-column-is-layout-flow\">\n<p>\u200b<strong>Gi\u00e1m \u0111\u1ed1c th\u1ec3 thao tr\u01b0\u1eddng h\u1ecdc<\/strong><br><a href=\"https:\/\/hawaiipublicschools.org\/vi\/EO%20Job%20Classifications\/School%20Athletic%20Director.pdf\/\" target=\"_blank\" rel=\"noreferrer noopener\">M\u00f4 t\u1ea3 v\u00e0 y\u00eau c\u1ea7u<\/a><br>\u0110\u01a1n v\u1ecb th\u01b0\u01a1ng l\u01b0\u1ee3ng: 6<br>Ng\u00e0y s\u1eeda \u0111\u1ed5i cu\u1ed1i c\u00f9ng: 2001-01-01<strong><br><\/strong><\/p>\n\n\n\n<p><strong>Ph\u00f3 gi\u00e1m \u0111\u1ed1c th\u1ec3 thao tr\u01b0\u1eddng h\u1ecdc<\/strong><br><a href=\"https:\/\/hawaiipublicschools.org\/vi\/EO%20Job%20Classifications\/Associate%20School%20Athletic%20Director.pdf\/\" target=\"_blank\" rel=\"noreferrer noopener\">M\u00f4 t\u1ea3 v\u00e0 y\u00eau c\u1ea7u<\/a><br>\u0110\u01a1n v\u1ecb th\u01b0\u01a1ng l\u01b0\u1ee3ng: 6<br>Ng\u00e0y s\u1eeda \u0111\u1ed5i cu\u1ed1i c\u00f9ng: 2024-05-30<\/p>\n<\/div>\n<\/div>\n\n\n\n<h2 class=\"wp-block-heading\">C\u1ea5p Qu\u1eadn v\u00e0 Ti\u1ec3u bang<\/h2>\n\n\n\n<div class=\"wp-block-columns is-layout-flex wp-container-core-columns-is-layout-28f84493 wp-block-columns-is-layout-flex\">\n<div class=\"wp-block-column is-layout-flow wp-block-column-is-layout-flow\">\n<p><strong>Gi\u00e1m \u0111\u1ed1c k\u1ebf to\u00e1n <\/strong><br>M\u00e3 l\u1edbp: 56309<br><a href=\"https:\/\/hawaiipublicschools.org\/vi\/EO%20Job%20Classifications\/Accounting%20Director.pdf\/\" target=\"_blank\" rel=\"noreferrer noopener\">M\u00f4 t\u1ea3 &amp; Y\u00eau c\u1ea7u<\/a><br>B\u1eadc l\u01b0\u01a1ng: SR10; \u0110\u01a1n v\u1ecb th\u01b0\u01a1ng l\u01b0\u1ee3ng: 56<br>Ng\u00e0y s\u1eeda \u0111\u1ed5i cu\u1ed1i c\u00f9ng: 2001-01-01<\/p>\n\n\n\n<p><strong>Chuy\u00ean vi\u00ean k\u1ebf to\u00e1n ho\u1ea1t \u0111\u1ed9ng III<\/strong><br>M\u00e3 l\u1edbp: 56337 <br><a href=\"https:\/\/hawaiipublicschools.org\/vi\/EO%20Job%20Classifications\/Accounting%20Operations%20Specialist%20III.pdf\/\" target=\"_blank\" rel=\"noreferrer noopener\">M\u00f4 t\u1ea3 &amp; Y\u00eau c\u1ea7u<\/a><br>B\u1eadc l\u01b0\u01a1ng: SR08; \u0110\u01a1n v\u1ecb th\u01b0\u01a1ng l\u01b0\u1ee3ng: 6<br>Ng\u00e0y s\u1eeda \u0111\u1ed5i cu\u1ed1i c\u00f9ng: 2001-01-01<\/p>\n\n\n\n<p><strong>C\u00e1n b\u1ed9 h\u00e0nh ch\u00ednh th\u1ec3 thao, Qu\u1eadn O&#039;ahu<\/strong><br>M\u00e3 l\u1edbp: 56817 <br><a href=\"https:\/\/hawaiipublicschools.org\/vi\/EO%20Job%20Classifications\/Athletics%20Adm%20Ofcr.pdf\/\">M\u00f4 t\u1ea3 &amp; Y\u00eau c\u1ea7u<\/a> <br>B\u1eadc l\u01b0\u01a1ng: SR07; \u0110\u01a1n v\u1ecb th\u01b0\u01a1ng l\u01b0\u1ee3ng: 6 <br>Ng\u00e0y s\u1eeda \u0111\u1ed5i cu\u1ed1i c\u00f9ng: 2001-01-01<\/p>\n\n\n\n<p><strong>Chuy\u00ean gia d\u1ecbch v\u1ee5 h\u1ed7 tr\u1ee3 III<\/strong><br>M\u00e3 l\u1edbp: 56367 <br><a href=\"https:\/\/hawaiipublicschools.org\/vi\/EO%20Job%20Classifications\/Aux%20Svcs%20Spclst%20III.pdf\/\" target=\"_blank\" rel=\"noreferrer noopener\">M\u00f4 t\u1ea3 &amp; Y\u00eau c\u1ea7u\u200b<\/a><br>B\u1eadc l\u01b0\u01a1ng: SR08; \u0110\u01a1n v\u1ecb th\u01b0\u01a1ng l\u01b0\u1ee3ng: 6 <br>Ng\u00e0y s\u1eeda \u0111\u1ed5i cu\u1ed1i c\u00f9ng: 2001-01-01<\/p>\n\n\n\n<p><strong>Gi\u00e1m \u0111\u1ed1c Ng\u00e2n s\u00e1ch<\/strong><br>M\u00e3 l\u1edbp: 56199 <br><a href=\"https:\/\/hawaiipublicschools.org\/vi\/EO%20Job%20Classifications\/Budget%20Director.pdf\/\" target=\"_blank\" rel=\"noreferrer noopener\">M\u00f4 t\u1ea3 &amp; Y\u00eau c\u1ea7u<\/a> <br>B\u1eadc l\u01b0\u01a1ng: SR10; \u0110\u01a1n v\u1ecb th\u01b0\u01a1ng l\u01b0\u1ee3ng: 56 <br>Ng\u00e0y s\u1eeda \u0111\u1ed5i cu\u1ed1i c\u00f9ng: 2001-01-01<\/p>\n\n\n\n<p><strong>Chuy\u00ean gia ng\u00e2n s\u00e1ch III<\/strong><br>M\u00e3 l\u1edbp: 56197 <br><a href=\"https:\/\/hawaiipublicschools.org\/vi\/EO%20Job%20Classifications\/Budget%20Specialist%20III.pdf\/\" target=\"_blank\" rel=\"noreferrer noopener\">M\u00f4 t\u1ea3 &amp; Y\u00eau c\u1ea7u<\/a> <br>B\u1eadc l\u01b0\u01a1ng: SR08; \u0110\u01a1n v\u1ecb th\u01b0\u01a1ng l\u01b0\u1ee3ng: 56 <br>Ng\u00e0y s\u1eeda \u0111\u1ed5i cu\u1ed1i c\u00f9ng: 2001-01-01<\/p>\n\n\n\n<p><strong>Chuy\u00ean gia quan h\u1ec7 \u0111\u1ed1i t\u00e1c gi\u00e1o d\u1ee5c kinh doanh II<\/strong><br>M\u00e3 l\u1edbp: 56136 <br><a href=\"\/wp-content\/uploads\/Bus-Educ-Ptnrshp-Spec-II.pdf\" target=\"_blank\" rel=\"noreferrer noopener\">M\u00f4 t\u1ea3 &amp; Y\u00eau c\u1ea7u<\/a> <br>B\u1eadc l\u01b0\u01a1ng: SR07; \u0110\u01a1n v\u1ecb th\u01b0\u01a1ng l\u01b0\u1ee3ng: 6 <br>Last Revision Date: 2025-Nov-24<\/p>\n\n\n\n<p><strong>K\u1ebf ho\u1ea1ch CIP II<\/strong><br>M\u00e3 l\u1edbp: 56346 <br><a href=\"https:\/\/hawaiipublicschools.org\/vi\/EO%20Job%20Classifications\/CIP%20Planr%20II.pdf\/\" target=\"_blank\" rel=\"noreferrer noopener\">M\u00f4 t\u1ea3 &amp; Y\u00eau c\u1ea7u<\/a> <br>B\u1eadc l\u01b0\u01a1ng: SR07; \u0110\u01a1n v\u1ecb th\u01b0\u01a1ng l\u01b0\u1ee3ng: 6 <br>Ng\u00e0y s\u1eeda \u0111\u1ed5i cu\u1ed1i c\u00f9ng: 2001-01-01<\/p>\n\n\n\n<p><strong>K\u1ebf ho\u1ea1ch CIP III<\/strong><br>M\u00e3 l\u1edbp: 56347 <br><a href=\"https:\/\/hawaiipublicschools.org\/vi\/EO%20Job%20Classifications\/CIP%20Planr%20III.pdf\/\" target=\"_blank\" rel=\"noreferrer noopener\">M\u00f4 t\u1ea3 &amp; Y\u00eau c\u1ea7u<\/a><br>B\u1eadc l\u01b0\u01a1ng: SR08; \u0110\u01a1n v\u1ecb th\u01b0\u01a1ng l\u01b0\u1ee3ng: 6 <br>Ng\u00e0y s\u1eeda \u0111\u1ed5i cu\u1ed1i c\u00f9ng: 2001-01-01<\/p>\n\n\n\n<p><strong>Nh\u00e2n vi\u00ean qu\u1ea3n l\u00fd nh\u00e2n s\u1ef1 khu ph\u1ee9c h\u1ee3p II<\/strong><br>M\u00e3 l\u1edbp: 56813 <br><a href=\"https:\/\/hawaiipublicschools.org\/vi\/EO%20Job%20Classifications\/ComplexAreaHumanResOfficerI-II.pdf\/\" target=\"_blank\" rel=\"noreferrer noopener\">M\u00f4 t\u1ea3 &amp; Y\u00eau c\u1ea7u<\/a> <br>B\u1eadc l\u01b0\u01a1ng: SR06; \u0110\u01a1n v\u1ecb th\u01b0\u01a1ng l\u01b0\u1ee3ng: 56 <br>Ng\u00e0y s\u1eeda \u0111\u1ed5i cu\u1ed1i c\u00f9ng: 2024-07-01<\/p>\n\n\n\n<p><strong>Chuy\u00ean gia x\u1eed l\u00fd d\u1eef li\u1ec7u II<\/strong><br>M\u00e3 l\u1edbp: 56406 <br><a href=\"https:\/\/hawaiipublicschools.org\/vi\/EO%20Job%20Classifications\/Data%20Proces%20Spclst%20II.pdf\/\" target=\"_blank\" rel=\"noreferrer noopener\">M\u00f4 t\u1ea3 &amp; Y\u00eau c\u1ea7u<\/a> <br>B\u1eadc l\u01b0\u01a1ng: SR07; \u0110\u01a1n v\u1ecb th\u01b0\u01a1ng l\u01b0\u1ee3ng: 6 <br>Ng\u00e0y s\u1eeda \u0111\u1ed5i cu\u1ed1i c\u00f9ng: 2024-05-17<\/p>\n\n\n\n<p><strong>Chuy\u00ean gia x\u1eed l\u00fd d\u1eef li\u1ec7u III<\/strong><br>M\u00e3 l\u1edbp: 56407 <br><a href=\"https:\/\/hawaiipublicschools.org\/vi\/EO%20Job%20Classifications\/Data%20Proces%20Spclst%20III.pdf\/\" target=\"_blank\" rel=\"noreferrer noopener\">M\u00f4 t\u1ea3 &amp; Y\u00eau c\u1ea7u<\/a>S <br>B\u1eadc l\u01b0\u01a1ng: SR08; \u0110\u01a1n v\u1ecb th\u01b0\u01a1ng l\u01b0\u1ee3ng: 6 <br>Ng\u00e0y s\u1eeda \u0111\u1ed5i cu\u1ed1i c\u00f9ng: 2024-05-17<\/p>\n\n\n\n<p><strong>Chuy\u00ean vi\u00ean Gi\u00e1o d\u1ee5c Qu\u1eadn II<\/strong><br>M\u00e3 l\u1edbp: 56575 <br><a href=\"https:\/\/hawaiipublicschools.org\/vi\/EO%20Job%20Classifications\/Distr%20Ed%20Spclst%20II.pdf\/\" target=\"_blank\" rel=\"noreferrer noopener\">M\u00f4 t\u1ea3 &amp; Y\u00eau c\u1ea7u<\/a> <br>B\u1eadc l\u01b0\u01a1ng: SR07; \u0110\u01a1n v\u1ecb th\u01b0\u01a1ng l\u01b0\u1ee3ng: 6 <br>Ng\u00e0y s\u1eeda \u0111\u1ed5i cu\u1ed1i c\u00f9ng: 2001-01-01<\/p>\n<\/div>\n\n\n\n<div class=\"wp-block-column is-layout-flow wp-block-column-is-layout-flow\">\n<p><strong>Chuy\u00ean gia gi\u00e1o d\u1ee5c II<\/strong><br>M\u00e3 l\u1edbp: 56526 <br><a href=\"https:\/\/hawaiipublicschools.org\/vi\/EO%20Job%20Classifications\/Ed%20Spclst%20II.pdf\/\" target=\"_blank\" rel=\"noreferrer noopener\">M\u00f4 t\u1ea3 &amp; Y\u00eau c\u1ea7u<\/a> <br>B\u1eadc l\u01b0\u01a1ng: SR07; \u0110\u01a1n v\u1ecb th\u01b0\u01a1ng l\u01b0\u1ee3ng: 6 <br>Ng\u00e0y s\u1eeda \u0111\u1ed5i cu\u1ed1i c\u00f9ng: 2001-01-01<\/p>\n\n\n\n<p><strong>Gi\u00e1m \u0111\u1ed1c gi\u00e1o d\u1ee5c<\/strong><br>M\u00e3 l\u1edbp: 56519 <br><a href=\"https:\/\/hawaiipublicschools.org\/vi\/EO%20Job%20Classifications\/Educational%20Director.pdf\/\" target=\"_blank\" rel=\"noreferrer noopener\">M\u00f4 t\u1ea3 &amp; Y\u00eau c\u1ea7u<\/a> <br>B\u1eadc l\u01b0\u01a1ng: SR10; \u0110\u01a1n v\u1ecb th\u01b0\u01a1ng l\u01b0\u1ee3ng: 6 <br>Ng\u00e0y s\u1eeda \u0111\u1ed5i cu\u1ed1i c\u00f9ng: 2001-01-01<\/p>\n\n\n\n<p><strong>Chuy\u00ean gia \u0111\u00e1nh gi\u00e1 II<\/strong><br>M\u00e3 l\u1edbp: 56186<br><a href=\"https:\/\/hawaiipublicschools.org\/vi\/EO%20Job%20Classifications\/Eval%20Spec%20II.pdf\/\" target=\"_blank\" rel=\"noreferrer noopener\">M\u00f4 t\u1ea3 &amp; Y\u00eau c\u1ea7u<\/a> <br>B\u1eadc l\u01b0\u01a1ng: SR07; \u0110\u01a1n v\u1ecb th\u01b0\u01a1ng l\u01b0\u1ee3ng: 6 <br>Ng\u00e0y s\u1eeda \u0111\u1ed5i cu\u1ed1i c\u00f9ng: 2001-01-01<\/p>\n\n\n\n<p><strong>Chuy\u00ean gia \u0111\u00e1nh gi\u00e1 III<\/strong><br>M\u00e3 l\u1edbp: 56187 <br><a href=\"https:\/\/hawaiipublicschools.org\/vi\/EO%20Job%20Classifications\/Eval%20Spec%20III.pdf\/\" target=\"_blank\" rel=\"noreferrer noopener\">M\u00f4 t\u1ea3 &amp; Y\u00eau c\u1ea7u<\/a> <br>B\u1eadc l\u01b0\u01a1ng: SR08; \u0110\u01a1n v\u1ecb th\u01b0\u01a1ng l\u01b0\u1ee3ng: 6 <br>Ng\u00e0y s\u1eeda \u0111\u1ed5i cu\u1ed1i c\u00f9ng: 2001-01-01<\/p>\n\n\n\n<p><strong>Gi\u00e1m \u0111\u1ed1c c\u01a1 s\u1edf v\u1eadt ch\u1ea5t<\/strong><br>M\u00e3 l\u1edbp: 56349 <br><a href=\"https:\/\/hawaiipublicschools.org\/vi\/EO%20Job%20Classifications\/Facilities%20Director.pdf\/\" target=\"_blank\" rel=\"noreferrer noopener\">M\u00f4 t\u1ea3 &amp; Y\u00eau c\u1ea7u<\/a> <br>B\u1eadc l\u01b0\u01a1ng: SR10; \u0110\u01a1n v\u1ecb th\u01b0\u01a1ng l\u01b0\u1ee3ng: 6 <br>Ng\u00e0y s\u1eeda \u0111\u1ed5i cu\u1ed1i c\u00f9ng: 2001-01-01<\/p>\n\n\n\n<p><strong>K\u1ebf ho\u1ea1ch c\u01a1 s\u1edf II<\/strong><br>M\u00e3 l\u1edbp: 56356 <br><a href=\"https:\/\/hawaiipublicschools.org\/vi\/EO%20Job%20Classifications\/Facillities%20Planr%20II.pdf\/\" target=\"_blank\" rel=\"noreferrer noopener\">M\u00f4 t\u1ea3 &amp; Y\u00eau c\u1ea7u<\/a>\u200b <br>B\u1eadc l\u01b0\u01a1ng: SR07; \u0110\u01a1n v\u1ecb th\u01b0\u01a1ng l\u01b0\u1ee3ng: 6 <br>Ng\u00e0y s\u1eeda \u0111\u1ed5i cu\u1ed1i c\u00f9ng: 2001-01-01<\/p>\n\n\n\n<p><strong>K\u1ebf ho\u1ea1ch c\u01a1 s\u1edf III<\/strong><br>M\u00e3 l\u1edbp: 56357 <br><a href=\"https:\/\/hawaiipublicschools.org\/vi\/EO%20Job%20Classifications\/Facilities%20Planr%20III.pdf\/\" target=\"_blank\" rel=\"noreferrer noopener\">M\u00f4 t\u1ea3 &amp; Y\u00eau c\u1ea7u<\/a> <br>B\u1eadc l\u01b0\u01a1ng: SR08; \u0110\u01a1n v\u1ecb th\u01b0\u01a1ng l\u01b0\u1ee3ng: 6 <br>Ng\u00e0y s\u1eeda \u0111\u1ed5i cu\u1ed1i c\u00f9ng: 2001-01-01<\/p>\n\n\n\n<p><strong>Chuy\u00ean vi\u00ean t\u00e0i ch\u00ednh II<\/strong><br>M\u00e3 l\u1edbp: 56316 <br><a href=\"https:\/\/hawaiipublicschools.org\/vi\/EO%20Job%20Classifications\/Fiscal%20Specialist%20II.pdf\/\" target=\"_blank\" rel=\"noreferrer noopener\">M\u00f4 t\u1ea3 &amp; Y\u00eau c\u1ea7u<\/a> <br>B\u1eadc l\u01b0\u01a1ng: SR07; \u0110\u01a1n v\u1ecb th\u01b0\u01a1ng l\u01b0\u1ee3ng: 6 <br>Ng\u00e0y s\u1eeda \u0111\u1ed5i cu\u1ed1i c\u00f9ng: 2001-01-01<\/p>\n\n\n\n<p><strong>Chuy\u00ean vi\u00ean t\u00e0i ch\u00ednh III<\/strong><br>M\u00e3 l\u1edbp: 56317 <br><a href=\"https:\/\/hawaiipublicschools.org\/vi\/EO%20Job%20Classifications\/Fiscal%20Specialist%20III.pdf\/\" target=\"_blank\" rel=\"noreferrer noopener\">M\u00f4 t\u1ea3 &amp; Y\u00eau c\u1ea7u<\/a> <br>B\u1eadc l\u01b0\u01a1ng: SR08; \u0110\u01a1n v\u1ecb th\u01b0\u01a1ng l\u01b0\u1ee3ng: 6 <br>Ng\u00e0y s\u1eeda \u0111\u1ed5i cu\u1ed1i c\u00f9ng: 2001-01-01<\/p>\n\n\n\n<p><strong>Gi\u00e1m \u0111\u1ed1c nh\u00e2n s\u1ef1<\/strong><br>M\u00e3 l\u1edbp: 56719 <br><a href=\"https:\/\/hawaiipublicschools.org\/vi\/EO%20Job%20Classifications\/HumanResourcesDirector.pdf\/\" target=\"_blank\" rel=\"noreferrer noopener\">M\u00f4 t\u1ea3 &amp; Y\u00eau c\u1ea7u<\/a> <br>B\u1eadc l\u01b0\u01a1ng: SR10; \u0110\u01a1n v\u1ecb th\u01b0\u01a1ng l\u01b0\u1ee3ng: 56 <br>Ng\u00e0y s\u1eeda \u0111\u1ed5i cu\u1ed1i c\u00f9ng: 2024-07-01<\/p>\n\n\n\n<p><strong>Nh\u00e2n vi\u00ean nh\u00e2n s\u1ef1 II<\/strong><br>M\u00e3 l\u1edbp: 56716 <br><a href=\"https:\/\/hawaiipublicschools.org\/vi\/EO%20Job%20Classifications\/HumanResourcesOfficerI-III.pdf\/\" target=\"_blank\" rel=\"noreferrer noopener\">M\u00f4 t\u1ea3 &amp; Y\u00eau c\u1ea7u<\/a> <br>B\u1eadc l\u01b0\u01a1ng: SR07; \u0110\u01a1n v\u1ecb th\u01b0\u01a1ng l\u01b0\u1ee3ng: 56 <br>Ng\u00e0y s\u1eeda \u0111\u1ed5i cu\u1ed1i c\u00f9ng: 2024-07-01<\/p>\n\n\n\n<p><strong>Nh\u00e2n vi\u00ean nh\u00e2n s\u1ef1 III<\/strong><br>M\u00e3 l\u1edbp: 56717 <br><a href=\"https:\/\/hawaiipublicschools.org\/vi\/EO%20Job%20Classifications\/HumanResourcesOfficerI-III.pdf\/\" target=\"_blank\" rel=\"noreferrer noopener\">M\u00f4 t\u1ea3 &amp; Y\u00eau c\u1ea7u<\/a> <br>B\u1eadc l\u01b0\u01a1ng: SR08; \u0110\u01a1n v\u1ecb th\u01b0\u01a1ng l\u01b0\u1ee3ng: 56 <br>Ng\u00e0y s\u1eeda \u0111\u1ed5i cu\u1ed1i c\u00f9ng: 2024-07-01<\/p>\n\n\n\n<p><strong>Nh\u00e2n vi\u00ean khu v\u1ef1c nh\u00e2n s\u1ef1 II<\/strong><br>M\u00e3 l\u1edbp: 56275 <br><a href=\"https:\/\/hawaiipublicschools.org\/vi\/EO%20Job%20Classifications\/HumanResRegOfficerI-II.pdf\/\" target=\"_blank\" rel=\"noreferrer noopener\">M\u00f4 t\u1ea3 &amp; Y\u00eau c\u1ea7u<\/a> <br>B\u1eadc l\u01b0\u01a1ng: SR07; \u0110\u01a1n v\u1ecb th\u01b0\u01a1ng l\u01b0\u1ee3ng: 56 <br>Ng\u00e0y s\u1eeda \u0111\u1ed5i cu\u1ed1i c\u00f9ng: 2024-07-01<\/p>\n<\/div>\n\n\n\n<div class=\"wp-block-column is-layout-flow wp-block-column-is-layout-flow\">\n<p><strong>Chuy\u00ean vi\u00ean th\u00f4ng tin II<\/strong><br>M\u00e3 l\u1edbp: 56376 <br><a href=\"https:\/\/hawaiipublicschools.org\/vi\/EO%20Job%20Classifications\/Info%20Spclst%20II.pdf\/\" target=\"_blank\" rel=\"noreferrer noopener\">M\u00f4 t\u1ea3 &amp; Y\u00eau c\u1ea7u<\/a> <br>B\u1eadc l\u01b0\u01a1ng: SR07; \u0110\u01a1n v\u1ecb th\u01b0\u01a1ng l\u01b0\u1ee3ng: 6 <br>Ng\u00e0y s\u1eeda \u0111\u1ed5i cu\u1ed1i c\u00f9ng: 2001-01-01<\/p>\n\n\n\n<p><strong>Gi\u00e1m \u0111\u1ed1c d\u1ecbch v\u1ee5 h\u1ec7 th\u1ed1ng th\u00f4ng tin<\/strong><br>M\u00e3 l\u1edbp: 56409 <br><a href=\"https:\/\/hawaiipublicschools.org\/vi\/EO%20Job%20Classifications\/Info%20Sys%20Svcs%20DIR.pdf\/\" target=\"_blank\" rel=\"noreferrer noopener\">M\u00f4 t\u1ea3 &amp; Y\u00eau c\u1ea7u<\/a> <br>B\u1eadc l\u01b0\u01a1ng: SR10; \u0110\u01a1n v\u1ecb th\u01b0\u01a1ng l\u01b0\u1ee3ng: 56 <br>Ng\u00e0y s\u1eeda \u0111\u1ed5i cu\u1ed1i c\u00f9ng: 2001-01-01<\/p>\n\n\n\n<p><strong>Nh\u00e0 ph\u00e2n t\u00edch t\u1ed5 ch\u1ee9c II<\/strong><br>M\u00e3 l\u1edbp: \u200b56166<br><a href=\"https:\/\/hawaiipublicschools.org\/vi\/EO%20Job%20Classifications\/Institutional%20Analyst%20II.pdf\/\" target=\"_blank\" rel=\"noreferrer noopener\">M\u00f4 t\u1ea3 &amp; Y\u00eau c\u1ea7u<\/a> <br>B\u1eadc l\u01b0\u01a1ng: \u200bSR07; \u0110\u01a1n v\u1ecb th\u01b0\u01a1ng l\u01b0\u1ee3ng: \u200b6 <br>Ng\u00e0y s\u1eeda \u0111\u1ed5i cu\u1ed1i c\u00f9ng: 2024-01-01<\/p>\n\n\n\n<p><strong>Nh\u00e0 ph\u00e2n t\u00edch t\u1ed5 ch\u1ee9c III<\/strong><br>M\u00e3 l\u1edbp: \u200b56167 <br><a href=\"https:\/\/hawaiipublicschools.org\/vi\/EO%20Job%20Classifications\/Institutional%20Analyst%20III.pdf\/\" target=\"_blank\" rel=\"noreferrer noopener\">M\u00f4 t\u1ea3 &amp; Y\u00eau c\u1ea7u<\/a> <br>B\u1eadc l\u01b0\u01a1ng: \u200bSR08; \u0110\u01a1n v\u1ecb th\u01b0\u01a1ng l\u01b0\u1ee3ng: \u200b56 <br>Ng\u00e0y s\u1eeda \u0111\u1ed5i cu\u1ed1i c\u00f9ng: 2024-01-01<\/p>\n\n\n\n<p><strong>Gi\u00e1m \u0111\u1ed1c nh\u00e2n s\u1ef1<\/strong><br>M\u00e3 l\u1edbp: 56719 <br><a href=\"https:\/\/hawaiipublicschools.org\/vi\/EO%20Job%20Classifications\/Personnel%20Dir%20P.pdf\/\" target=\"_blank\" rel=\"noreferrer noopener\">M\u00f4 t\u1ea3 &amp; Y\u00eau c\u1ea7u<\/a> <br>B\u1eadc l\u01b0\u01a1ng: SR10; \u0110\u01a1n v\u1ecb th\u01b0\u01a1ng l\u01b0\u1ee3ng: 56 <br>Ng\u00e0y s\u1eeda \u0111\u1ed5i cu\u1ed1i c\u00f9ng: 2001-01-01<\/p>\n\n\n\n<p><strong>Gi\u00e1m \u0111\u1ed1c mua s\u1eafm v\u00e0 h\u1ee3p \u0111\u1ed3ng<\/strong><br>M\u00e3 l\u1edbp: 56328 <br><a href=\"https:\/\/hawaiipublicschools.org\/vi\/EO%20Job%20Classifications\/Procurement%20Director.pdf\/\" target=\"_blank\" rel=\"noreferrer noopener\">M\u00f4 t\u1ea3 &amp; Y\u00eau c\u1ea7u<\/a> <br>B\u1eadc l\u01b0\u01a1ng: SR10; \u0110\u01a1n v\u1ecb th\u01b0\u01a1ng l\u01b0\u1ee3ng: 56 <br>Ng\u00e0y s\u1eeda \u0111\u1ed5i cu\u1ed1i c\u00f9ng: 2001-01-01<\/p>\n\n\n\n<p><strong>Chuy\u00ean gia sao ch\u00e9p II<\/strong><br>M\u00e3 l\u1edbp: 56396 <br><a href=\"https:\/\/hawaiipublicschools.org\/vi\/EO%20Job%20Classifications\/Reprographic%20Spclst%20II.pdf\/\" target=\"_blank\" rel=\"noreferrer noopener\">M\u00f4 t\u1ea3 &amp; Y\u00eau c\u1ea7u<\/a> <br>B\u1eadc l\u01b0\u01a1ng: SR07; \u0110\u01a1n v\u1ecb th\u01b0\u01a1ng l\u01b0\u1ee3ng: 6 <br>Ng\u00e0y s\u1eeda \u0111\u1ed5i cu\u1ed1i c\u00f9ng: 2001-01-01<\/p>\n\n\n\n<p><strong>Chuy\u00ean gia sao ch\u00e9p III<\/strong><br>M\u00e3 l\u1edbp: 56397 <br><a href=\"https:\/\/hawaiipublicschools.org\/vi\/EO%20Job%20Classifications\/Reprographic%20Spclst%20III.pdf\/\" target=\"_blank\" rel=\"noreferrer noopener\">M\u00f4 t\u1ea3 &amp; Y\u00eau c\u1ea7u<\/a> <br>B\u1eadc l\u01b0\u01a1ng: SR08; \u0110\u01a1n v\u1ecb th\u01b0\u01a1ng l\u01b0\u1ee3ng: 6 <br>Ng\u00e0y s\u1eeda \u0111\u1ed5i cu\u1ed1i c\u00f9ng: 2001-01-01<\/p>\n\n\n\n<p><strong>Chuy\u00ean gia an to\u00e0n v\u00e0 b\u1ea3o m\u1eadt II<\/strong><br>M\u00e3 l\u1edbp: 56306 <br><a href=\"https:\/\/hawaiipublicschools.org\/vi\/EO%20Job%20Classifications\/Safety%20n%20Security%20Spclst%20II.pdf\/\" target=\"_blank\" rel=\"noreferrer noopener\">M\u00f4 t\u1ea3 &amp; Y\u00eau c\u1ea7u<\/a> <br>B\u1eadc l\u01b0\u01a1ng: SR07; \u0110\u01a1n v\u1ecb th\u01b0\u01a1ng l\u01b0\u1ee3ng: 6 <br>Ng\u00e0y s\u1eeda \u0111\u1ed5i cu\u1ed1i c\u00f9ng: 2001-01-01<\/p>\n\n\n\n<p><strong>Chuy\u00ean gia d\u1ecbch v\u1ee5 th\u01b0 vi\u1ec7n tr\u01b0\u1eddng h\u1ecdc II<\/strong><br>M\u00e3 l\u1edbp: 56546 <br><a href=\"https:\/\/hawaiipublicschools.org\/vi\/EO%20Job%20Classifications\/Sch%20Libr%20Svcs%20Spclst%20II.pdf\/\" target=\"_blank\" rel=\"noreferrer noopener\">M\u00f4 t\u1ea3 &amp; Y\u00eau c\u1ea7u<\/a> <br>B\u1eadc l\u01b0\u01a1ng: SR07; \u0110\u01a1n v\u1ecb th\u01b0\u01a1ng l\u01b0\u1ee3ng: 6 <br>Ng\u00e0y s\u1eeda \u0111\u1ed5i cu\u1ed1i c\u00f9ng: 2001-01-01<\/p>\n\n\n\n<p><strong>Chuy\u00ean gia d\u1ecbch v\u1ee5 th\u01b0 vi\u1ec7n tr\u01b0\u1eddng h\u1ecdc III<\/strong><br>M\u00e3 l\u1edbp: 56547 <br><a href=\"https:\/\/hawaiipublicschools.org\/vi\/EO%20Job%20Classifications\/Sch%20Libr%20Svcs%20Spclst%20III.pdf\/\" target=\"_blank\" rel=\"noreferrer noopener\">M\u00f4 t\u1ea3 &amp; Y\u00eau c\u1ea7u<\/a> <br>B\u1eadc l\u01b0\u01a1ng: SR08; \u0110\u01a1n v\u1ecb th\u01b0\u01a1ng l\u01b0\u1ee3ng: 6 <br>Ng\u00e0y s\u1eeda \u0111\u1ed5i cu\u1ed1i c\u00f9ng: 2001-01-01<\/p>\n\n\n\n<p><strong>Chuy\u00ean gia qu\u1ea3n l\u00fd ch\u01b0\u01a1ng tr\u00ecnh \u0111\u1eb7c bi\u1ec7t II<\/strong><br>M\u00e3 l\u1edbp: 56176 <br><a href=\"https:\/\/hawaiipublicschools.org\/vi\/EO%20Job%20Classifications\/Spec%20Progs%20Mgmt%20Spec%20II.pdf\/\" target=\"_blank\" rel=\"noreferrer noopener\">M\u00f4 t\u1ea3 &amp; Y\u00eau c\u1ea7u<\/a> <br>B\u1eadc l\u01b0\u01a1ng: SR07; \u0110\u01a1n v\u1ecb th\u01b0\u01a1ng l\u01b0\u1ee3ng: 6 <br>Ng\u00e0y s\u1eeda \u0111\u1ed5i cu\u1ed1i c\u00f9ng: 2001-01-01<\/p>\n\n\n\n<p><strong>Chuy\u00ean gia gi\u00e1o d\u1ee5c ngh\u1ec1 nghi\u1ec7p\/k\u1ef9 thu\u1eadt II<\/strong><br>M\u00e3 l\u1edbp: 56536 <br><a href=\"https:\/\/hawaiipublicschools.org\/vi\/EO%20Job%20Classifications\/Vocational-Tech%20Ed%20Spclst%20II.pdf\/\" target=\"_blank\" rel=\"noreferrer noopener\">M\u00f4 t\u1ea3 &amp; Y\u00eau c\u1ea7u<\/a> <br>B\u1eadc l\u01b0\u01a1ng: SR07; \u0110\u01a1n v\u1ecb th\u01b0\u01a1ng l\u01b0\u1ee3ng: 6 <br>Ng\u00e0y s\u1eeda \u0111\u1ed5i cu\u1ed1i c\u00f9ng: 2001-01-01<\/p>\n<\/div>\n<\/div>\n\n\n\n<p><\/p>","protected":false},"excerpt":{"rendered":"<p>The Class Specification outlines the primary purpose and functions of a specific class of work or series.&nbsp; It summarizes the nature and scope of duties and responsibilities; level of difficulty and authority; knowledge, skills, and abilities necessary to perform the work; and minimum qualifications for education, training, certification, and\/or licensure. School Level CSA PrincipalDescription and [&hellip;]<\/p>","protected":false},"author":13,"featured_media":0,"parent":122,"menu_order":0,"comment_status":"closed","ping_status":"closed","template":"","meta":{"_relevanssi_hide_post":"","_relevanssi_hide_content":"","_relevanssi_pin_for_all":"","_relevanssi_pin_keywords":"","_relevanssi_unpin_keywords":"","_relevanssi_related_keywords":"","_relevanssi_related_include_ids":"","_relevanssi_related_exclude_ids":"","_relevanssi_related_no_append":"","_relevanssi_related_not_related":"","_relevanssi_related_posts":"16234,9657,856,15932,14281,15792","_relevanssi_noindex_reason":"","_sitemap_exclude":false,"_sitemap_priority":"","_sitemap_frequency":"","_kad_blocks_custom_css":"","_kad_blocks_head_custom_js":"","_kad_blocks_body_custom_js":"","_kad_blocks_footer_custom_js":"","wp_popup_display_lightbox":0,"wp_popup_suppress":"","wp_popup_trigger":"","wp_popup_trigger_amount":0,"wp_popup_disable_on_mobile":false,"footnotes":""},"class_list":["post-9624","page","type-page","status-publish","hentry"],"pp_statuses_selecting_workflow":false,"pp_workflow_action":"current","pp_status_selection":"publish","taxonomy_info":[],"featured_image_src_large":false,"author_info":{"display_name":"Sara Miyazono","author_link":"https:\/\/hawaiipublicschools.org\/vi\/author\/sara-miyazonok12-hi-us\/"},"comment_info":0,"publishpress_future_action":{"enabled":false,"date":"2026-04-30 01:53:57","action":"change-status","newStatus":"draft","terms":[],"taxonomy":"","extraData":[]},"publishpress_future_workflow_manual_trigger":{"enabledWorkflows":[]},"_links":{"self":[{"href":"https:\/\/hawaiipublicschools.org\/vi\/wp-json\/wp\/v2\/pages\/9624","targetHints":{"allow":["GET"]}}],"collection":[{"href":"https:\/\/hawaiipublicschools.org\/vi\/wp-json\/wp\/v2\/pages"}],"about":[{"href":"https:\/\/hawaiipublicschools.org\/vi\/wp-json\/wp\/v2\/types\/page"}],"author":[{"embeddable":true,"href":"https:\/\/hawaiipublicschools.org\/vi\/wp-json\/wp\/v2\/users\/13"}],"replies":[{"embeddable":true,"href":"https:\/\/hawaiipublicschools.org\/vi\/wp-json\/wp\/v2\/comments?post=9624"}],"version-history":[{"count":0,"href":"https:\/\/hawaiipublicschools.org\/vi\/wp-json\/wp\/v2\/pages\/9624\/revisions"}],"up":[{"embeddable":true,"href":"https:\/\/hawaiipublicschools.org\/vi\/wp-json\/wp\/v2\/pages\/122"}],"wp:attachment":[{"href":"https:\/\/hawaiipublicschools.org\/vi\/wp-json\/wp\/v2\/media?parent=9624"}],"curies":[{"name":"wp","href":"https:\/\/api.w.org\/{rel}","templated":true}]}}