{"id":940,"date":"2024-11-07T02:49:48","date_gmt":"2024-11-07T02:49:48","guid":{"rendered":"https:\/\/hawaiipublicschools.org\/?page_id=940"},"modified":"2026-01-02T12:06:42","modified_gmt":"2026-01-02T22:06:42","slug":"jobs-listing","status":"publish","type":"page","link":"https:\/\/hawaiipublicschools.org\/vi\/jobs\/jobs-listing\/","title":{"rendered":"Danh s\u00e1ch vi\u1ec7c l\u00e0m"},"content":{"rendered":"<p><\/p>\n\n\n\n<p class=\"intro\" style=\"font-size:clamp(0.875rem, 0.875rem + ((1vw - 0.2rem) * 0.531), 1.3rem);\">T\u1ea1i c\u00e1c tr\u01b0\u1eddng c\u00f4ng l\u1eadp Hawai\u02bbi, ch\u00fang t\u00f4i t\u00ecm ki\u1ebfm nh\u1eefng c\u00e1 nh\u00e2n n\u0103ng \u0111\u1ed9ng, c\u00f3 \u0111\u1ed9ng l\u1ef1c \u0111\u1ec3 tham gia nh\u00f3m c\u1ee7a ch\u00fang t\u00f4i v\u00e0 gi\u00fap \u0111\u1ecbnh h\u00ecnh t\u01b0\u01a1ng lai c\u1ee7a ti\u1ec3u bang. V\u1edbi nh\u1eefng vai tr\u00f2 th\u00fa v\u1ecb tr\u1ea3i d\u00e0i tr\u00ean m\u1ecdi l\u0129nh v\u1ef1c, b\u1ea1n s\u1ebd c\u00f3 c\u01a1 h\u1ed9i h\u1ed7 tr\u1ee3 th\u00e0nh c\u00f4ng c\u1ee7a h\u1ecdc sinh, \u0111\u00f3ng g\u00f3p v\u00e0o s\u1ef1 ti\u1ebfn b\u1ed9 c\u1ee7a gi\u00e1o d\u1ee5c c\u00f4ng v\u00e0 th\u00fac \u0111\u1ea9y s\u1ef1 thay \u0111\u1ed5i c\u00f3 t\u00e1c \u0111\u1ed9ng cho c\u00e1c h\u00f2n \u0111\u1ea3o. Cho d\u00f9 b\u1ea1n l\u00e0 m\u1ed9t chuy\u00ean gia gi\u00e0u kinh nghi\u1ec7m hay m\u1edbi b\u1eaft \u0111\u1ea7u s\u1ef1 nghi\u1ec7p, ch\u00fang t\u00f4i \u0111\u1ec1u cung c\u1ea5p c\u00e1c c\u01a1 h\u1ed9i \u0111\u1ec3 ph\u00e1t tri\u1ec3n, ph\u00e1t tri\u1ec3n m\u1ea1nh m\u1ebd v\u00e0 t\u1ea1o ra t\u00e1c \u0111\u1ed9ng l\u00e2u d\u00e0i.<\/p>\n\n\n\n<p>Kh\u00e1m ph\u00e1 c\u00e1c c\u01a1 h\u1ed9i vi\u1ec7c l\u00e0m \u0111ang m\u1edf c\u1ee7a ch\u00fang t\u00f4i v\u00e0 n\u1ed9p \u0111\u01a1n tr\u1ef1c tuy\u1ebfn ngay h\u00f4m nay!<\/p>\n\n\n\n<div class=\"wp-block-buttons is-layout-flex wp-block-buttons-is-layout-flex\" style=\"margin-bottom:var(--wp--preset--spacing--10)\">\n<div class=\"wp-block-button has-custom-font-size ghost positive custom_button border_bx-pos is-style-outline is-style-outline--1\" style=\"font-size:0.8rem\"><a rel=\"noreferrer noopener\" target=\"_blank\" href=\"http:\/\/hawaiischooljobs.org\" class=\"wp-block-button__link has-text-color has-link-color has-border-color has-contrast-border-color wp-element-button\" style=\"border-width:2px;color:#010101;padding-top:12px;padding-right:20px;padding-bottom:12px;padding-left:20px\">t\u00ecm ki\u1ebfm vi\u1ec7c l\u00e0m<\/a><\/div>\n<\/div>\n\n\n\n<p>Ch\u00fang t\u00f4i m\u1edf c\u1eeda trong gi\u1edd l\u00e0m vi\u1ec7c th\u00f4ng th\u01b0\u1eddng (Th\u1ee9 Hai \u0111\u1ebfn Th\u1ee9 S\u00e1u t\u1eeb 7:45 s\u00e1ng \u0111\u1ebfn 4:30 chi\u1ec1u, tr\u1eeb c\u00e1c ng\u00e0y l\u1ec5 c\u1ee7a ti\u1ec3u bang). Vui l\u00f2ng li\u00ean h\u1ec7 v\u1edbi ch\u00fang t\u00f4i. <\/p>\n\n\n\n<div class=\"wp-block-columns is-layout-flex wp-container-core-columns-is-layout-28f84493 wp-block-columns-is-layout-flex\">\n<div class=\"wp-block-column is-layout-flow wp-block-column-is-layout-flow\">\n<p><strong>Tuy\u1ec3n d\u1ee5ng gi\u00e1o vi\u00ean<br><\/strong>PO Box 2360, Honolulu, HI 96804<br><a href=\"mailto:teacher.recruitment@k12.hi.us\">teacher.recruitment@k12.hi.us<\/a><br>\u0110i\u1ec7n tho\u1ea1i: 808-441-8444<br>S\u1ed1 Fax: 808-586-4050<\/p>\n<\/div>\n\n\n\n<div class=\"wp-block-column is-layout-flow wp-block-column-is-layout-flow\">\n<p><strong>Tuy\u1ec3n d\u1ee5ng C\u00e1n b\u1ed9 Gi\u00e1o d\u1ee5c<br><\/strong>PO Box 2360, Honolulu, HI 96804<br><a href=\"mailto:eo.recruitment@k12.hi.us\">eo.recruitment@k12.hi.us<\/a><br>\u0110i\u1ec7n tho\u1ea1i: 808-564-0877<br>S\u1ed1 Fax: 808-586-4050<br><a href=\"\/vi\/jobs\/educational-officer-job-classifications\/\">Ti\u00eau chu\u1ea9n l\u1edbp C\u00e1n b\u1ed9 gi\u00e1o d\u1ee5c<\/a><\/p>\n<\/div>\n\n\n\n<div class=\"wp-block-column is-layout-flow wp-block-column-is-layout-flow\">\n<p><strong>Tuy\u1ec3n d\u1ee5ng nh\u00e2n s\u1ef1 d\u1ecbch v\u1ee5 h\u1ed7 tr\u1ee3\/ph\u00e2n lo\u1ea1i<br><\/strong>PO Box 2360, Honolulu, HI 96804<br><a href=\"mailto:cssp.recruitment@k12.hi.us\">cssp.recruitment@k12.hi.us<\/a><br>\u0110i\u1ec7n tho\u1ea1i: 808-441-8411<br>S\u1ed1 Fax: 808-586-4050<br><a href=\"https:\/\/hawaiipublicschools.org\/vi\/jobs\/civil-service-classification-specifications\/\" data-type=\"page\" data-id=\"9649\">Ti\u00eau chu\u1ea9n l\u1edbp c\u00f4ng ch\u1ee9c<\/a><br><a href=\"\/vi\/jobs\/support-services-classifications\/\">Th\u00f4ng s\u1ed1 k\u1ef9 thu\u1eadt c\u1ee7a l\u1edbp d\u1ecbch v\u1ee5 h\u1ed7 tr\u1ee3<\/a><\/p>\n<\/div>\n<\/div>\n\n\n\n<p class=\"has--font-size\"><\/p>","protected":false},"excerpt":{"rendered":"<p>At Hawai\u02bbi public schools, we seek dynamic, motivated individuals to join our team and help shape the future of our state. With exciting roles spanning all fields, you\u2019ll have the chance to support student success, contribute toward the progress of public education, and drive impactful change for the islands. Whether you&#8217;re an experienced professional or [&hellip;]<\/p>","protected":false},"author":8,"featured_media":0,"parent":122,"menu_order":0,"comment_status":"closed","ping_status":"closed","template":"","meta":{"_relevanssi_hide_post":"","_relevanssi_hide_content":"","_relevanssi_pin_for_all":"","_relevanssi_pin_keywords":"","_relevanssi_unpin_keywords":"","_relevanssi_related_keywords":"","_relevanssi_related_include_ids":"","_relevanssi_related_exclude_ids":"","_relevanssi_related_no_append":"","_relevanssi_related_not_related":"","_relevanssi_related_posts":"10479,10895,9324,10010,10022,10175","_relevanssi_noindex_reason":"","_sitemap_exclude":false,"_sitemap_priority":"","_sitemap_frequency":"","_kad_blocks_custom_css":"","_kad_blocks_head_custom_js":"","_kad_blocks_body_custom_js":"","_kad_blocks_footer_custom_js":"","wp_popup_display_lightbox":0,"wp_popup_suppress":"","wp_popup_trigger":"","wp_popup_trigger_amount":0,"wp_popup_disable_on_mobile":false,"footnotes":""},"class_list":["post-940","page","type-page","status-publish","hentry"],"pp_statuses_selecting_workflow":false,"pp_workflow_action":"current","pp_status_selection":"publish","taxonomy_info":[],"featured_image_src_large":false,"author_info":{"display_name":"Ariana Enomoto","author_link":"https:\/\/hawaiipublicschools.org\/vi\/author\/arianastaceyleong-com\/"},"comment_info":0,"publishpress_future_action":{"enabled":false,"date":"2026-04-17 06:45:29","action":"change-status","newStatus":"draft","terms":[],"taxonomy":"","extraData":[]},"publishpress_future_workflow_manual_trigger":{"enabledWorkflows":[]},"_links":{"self":[{"href":"https:\/\/hawaiipublicschools.org\/vi\/wp-json\/wp\/v2\/pages\/940","targetHints":{"allow":["GET"]}}],"collection":[{"href":"https:\/\/hawaiipublicschools.org\/vi\/wp-json\/wp\/v2\/pages"}],"about":[{"href":"https:\/\/hawaiipublicschools.org\/vi\/wp-json\/wp\/v2\/types\/page"}],"author":[{"embeddable":true,"href":"https:\/\/hawaiipublicschools.org\/vi\/wp-json\/wp\/v2\/users\/8"}],"replies":[{"embeddable":true,"href":"https:\/\/hawaiipublicschools.org\/vi\/wp-json\/wp\/v2\/comments?post=940"}],"version-history":[{"count":0,"href":"https:\/\/hawaiipublicschools.org\/vi\/wp-json\/wp\/v2\/pages\/940\/revisions"}],"up":[{"embeddable":true,"href":"https:\/\/hawaiipublicschools.org\/vi\/wp-json\/wp\/v2\/pages\/122"}],"wp:attachment":[{"href":"https:\/\/hawaiipublicschools.org\/vi\/wp-json\/wp\/v2\/media?parent=940"}],"curies":[{"name":"wp","href":"https:\/\/api.w.org\/{rel}","templated":true}]}}