{"id":933,"date":"2024-11-07T02:31:13","date_gmt":"2024-11-07T02:31:13","guid":{"rendered":"https:\/\/hawaiipublicschools.org\/?page_id=933"},"modified":"2025-12-08T10:13:12","modified_gmt":"2025-12-08T20:13:12","slug":"what-is-special-education","status":"publish","type":"page","link":"https:\/\/hawaiipublicschools.org\/vi\/school-services\/what-is-special-education\/","title":{"rendered":"Gi\u00e1o d\u1ee5c \u0111\u1eb7c bi\u1ec7t l\u00e0 g\u00ec"},"content":{"rendered":"<div class=\"wp-block-columns double_col_sidebar is-layout-flex wp-container-core-columns-is-layout-28f84493 wp-block-columns-is-layout-flex\">\n<div class=\"wp-block-column left_col is-layout-flow wp-block-column-is-layout-flow\">\n<p class=\"intro\" style=\"font-size:clamp(0.875rem, 0.875rem + ((1vw - 0.2rem) * 0.531), 1.3rem);\">The Hawai\u02bbi State Department of Education (HIDOE) provides services to children ages 3 through 21, residing in Hawai\u02bbi, who are eligible for special education and related services. Special education is specially designed instruction, related services, and other supplementary aids to meet your child&#8217;s unique needs\u2014at no cost to parent(s). <\/p>\n\n\n\n<h2 class=\"wp-block-heading\">T\u1ed5ng quan<\/h2>\n\n\n\n<p>Special education refers to a range of services provided your child with disabilities to improve their educational outcomes. It is specially designed instruction to meet the unique needs of your child with disabilities. Special education may include, but is not limited to, academic services, speech-language services, psychological services, physical and occupational therapy, counseling services, and parent education. In addition, special education services are provided at no cost to parent(s). <a href=\"\/wp-content\/uploads\/Special-Education-Is-It-For-Your-Child-RS-26-0535.pdf\" data-type=\"attachment\" data-id=\"17614\" target=\"_blank\" rel=\"noreferrer noopener\">Find out if Special Education Is it for your child?<\/a> (PDF).<\/p>\n\n\n\n<p>Special education services are made available to any student \u2014 ages 3 through 21 \u2014 who demonstrates a need for specially designed instruction after an eligibility determination. An evaluation will determine the nature and extent of the student\u2019s needs. Evaluations are separate assessments that may include: academic performance, communication skills, general intelligence, health, vision, hearing, social and emotional status, and motor abilities. If your child is eligible for special education, services are provided through an Individualized Education Program (IEP).<\/p>\n\n\n\n<p>\u0110\u1ea1o lu\u1eadt C\u1ea3i thi\u1ec7n Gi\u00e1o d\u1ee5c d\u00e0nh cho Ng\u01b0\u1eddi khuy\u1ebft t\u1eadt c\u1ee7a li\u00ean bang n\u0103m 2004 (IDEA) v\u00e0 c\u00e1c quy \u0111\u1ecbnh c\u1ee7a ti\u1ec3u bang y\u00eau c\u1ea7u HIDOE ph\u1ea3i cung c\u1ea5p ch\u01b0\u01a1ng tr\u00ecnh gi\u00e1o d\u1ee5c c\u00f4ng l\u1eadp mi\u1ec5n ph\u00ed ph\u00f9 h\u1ee3p (FAPE), bao g\u1ed3m m\u1ed9t lo\u1ea1t c\u00e1c d\u1ecbch v\u1ee5 cho con b\u1ea1n \u0111\u1ee7 \u0111i\u1ec1u ki\u1ec7n nh\u1eadn gi\u00e1o d\u1ee5c \u0111\u1eb7c bi\u1ec7t v\u00e0 c\u00e1c d\u1ecbch v\u1ee5 li\u00ean quan.<\/p>\n\n\n\n<h2 class=\"wp-block-heading\">\u0110\u00e1nh gi\u00e1 v\u00e0 \u0111\u1ee7 \u0111i\u1ec1u ki\u1ec7n<\/h2>\n\n\n\n<p>Gi\u00e1o d\u1ee5c \u0111\u1eb7c bi\u1ec7t d\u00e0nh cho nh\u1eefng h\u1ecdc sinh khuy\u1ebft t\u1eadt g\u00e2y kh\u00f3 kh\u0103n trong h\u1ecdc t\u1eadp v\u00e0 c\u1ea7n \u0111\u01b0\u1ee3c h\u01b0\u1edbng d\u1eabn chuy\u00ean bi\u1ec7t.<\/p>\n\n\n\n<p>\u0110\u00e1nh gi\u00e1 \u0111\u01b0\u1ee3c \u0111\u1ecbnh ngh\u0129a l\u00e0 c\u00e1c th\u1ee7 t\u1ee5c \u0111\u01b0\u1ee3c s\u1eed d\u1ee5ng \u0111\u1ec3 x\u00e1c \u0111\u1ecbnh xem con b\u1ea1n c\u00f3 khuy\u1ebft t\u1eadt hay kh\u00f4ng v\u00e0 b\u1ea3n ch\u1ea5t c\u0169ng nh\u01b0 m\u1ee9c \u0111\u1ed9 c\u1ea7n thi\u1ebft c\u1ee7a gi\u00e1o d\u1ee5c \u0111\u1eb7c bi\u1ec7t v\u00e0 c\u00e1c d\u1ecbch v\u1ee5 li\u00ean quan. Qu\u00e1 tr\u00ecnh n\u00e0y gi\u00fap x\u00e1c \u0111\u1ecbnh nh\u1eefng ng\u01b0\u1eddi h\u1ecdc \u0111\u1ee7 \u0111i\u1ec1u ki\u1ec7n \u0111\u01b0\u1ee3c h\u01b0\u1edfng gi\u00e1o d\u1ee5c \u0111\u1eb7c bi\u1ec7t v\u00e0 c\u00e1c d\u1ecbch v\u1ee5 li\u00ean quan b\u1eb1ng c\u00e1ch x\u00e1c \u0111\u1ecbnh t\u00ecnh tr\u1ea1ng khuy\u1ebft t\u1eadt v\u00e0 nhu c\u1ea7u v\u1ec1 c\u00e1c d\u1ecbch v\u1ee5 gi\u00e1o d\u1ee5c \u0111\u1eb7c bi\u1ec7t. C\u00f3 nh\u1eefng m\u1ed1c th\u1eddi gian c\u1ee5 th\u1ec3 m\u00e0 c\u00e1c nh\u00f3m ph\u1ea3i tu\u00e2n theo trong qu\u00e1 tr\u00ecnh \u0111\u00e1nh gi\u00e1.<\/p>\n\n\n\n<p>Vi\u1ec7c gi\u1edbi thi\u1ec7u th\u00edch h\u1ee3p cho gi\u00e1o d\u1ee5c \u0111\u1eb7c bi\u1ec7t b\u1eaft \u0111\u1ea7u sau khi c\u00e1c ho\u1ea1t \u0111\u1ed9ng h\u01b0\u1edbng d\u1eabn h\u1ed7 tr\u1ee3 \u0111\u00e3 di\u1ec5n ra v\u00e0 h\u1ecdc sinh c\u1ea7n nhi\u1ec1u h\u01a1n nh\u1eefng g\u00ec gi\u00e1o vi\u00ean l\u1edbp h\u1ecdc c\u00f3 th\u1ec3 cung c\u1ea5p th\u00f4ng qua h\u1ed7 tr\u1ee3 gi\u00e1o d\u1ee5c chung. V\u00ed d\u1ee5, m\u1ed9t h\u1ecdc sinh c\u00f3 nh\u1eefng th\u00e1ch th\u1ee9c \u0111\u00e1ng k\u1ec3 v\u1ec1 h\u1ecdc t\u1eadp v\u00e0\/ho\u1eb7c h\u00e0nh vi v\u00e0 ti\u1ebfp t\u1ee5c cho th\u1ea5y s\u1ef1 thi\u1ebfu ti\u1ebfn b\u1ed9 m\u1eb7c d\u00f9 \u0111\u00e3 t\u0103ng m\u1ee9c \u0111\u1ed9 can thi\u1ec7p.<\/p>\n\n\n\n<h3 class=\"wp-block-heading\">X\u00e1c \u0111\u1ecbnh khuy\u1ebft t\u1eadt cho gi\u00e1o d\u1ee5c \u0111\u1eb7c bi\u1ec7t<\/h3>\n\n\n\n<p>C\u00e1c \u0111\u1ed9i ph\u1ea3i:<\/p>\n\n\n\n<ul class=\"wp-block-list\">\n<li>Ti\u1ebfn h\u00e0nh \u0111\u00e1nh gi\u00e1<\/li>\n\n\n\n<li>Ho\u00e0n th\u00e0nh b\u00e0i ki\u1ec3m tra ba b\u01b0\u1edbc<\/li>\n\n\n\n<li>H\u00e3y xem x\u00e9t s\u1ef1 ti\u1ebfn b\u1ed9 trong gi\u00e1o d\u1ee5c c\u1ee7a con b\u1ea1n v\u00e0 s\u1ef1 t\u01b0\u01a1ng t\u00e1c gi\u1eefa khuy\u1ebft t\u1eadt<\/li>\n\n\n\n<li>X\u00e1c \u0111\u1ecbnh t\u00e1c \u0111\u1ed9ng gi\u00e1o d\u1ee5c c\u1ee7a khuy\u1ebft t\u1eadt \u0111\u00f3<\/li>\n\n\n\n<li>Quy\u1ebft \u0111\u1ecbnh nhu c\u1ea7u gi\u00e1o d\u1ee5c \u0111\u1eb7c bi\u1ec7t<\/li>\n<\/ul>\n\n\n\n<p>S\u1ef1 kh\u00e1c bi\u1ec7t quan tr\u1ecdng n\u00e0y nh\u1ea5n m\u1ea1nh r\u1eb1ng nh\u00e3n khuy\u1ebft t\u1eadt kh\u00f4ng ph\u1ea3i l\u00e0 y\u1ebfu t\u1ed1 duy nh\u1ea5t th\u00fac \u0111\u1ea9y vi\u1ec7c x\u00e1c \u0111\u1ecbnh \u0111\u1ee7 \u0111i\u1ec1u ki\u1ec7n cho gi\u00e1o d\u1ee5c \u0111\u1eb7c bi\u1ec7t. Trong b\u1ed1i c\u1ea3nh \u0111\u1ee7 \u0111i\u1ec1u ki\u1ec7n cho gi\u00e1o d\u1ee5c \u0111\u1eb7c bi\u1ec7t, nh\u00e3n khuy\u1ebft t\u1eadt kh\u00f4ng c\u00f3 gi\u00e1 tr\u1ecb n\u1ebfu kh\u00f4ng tham chi\u1ebfu \u0111\u1ebfn s\u1ef1 ti\u1ebfn b\u1ed9 gi\u00e1o d\u1ee5c b\u1ecb suy gi\u1ea3m do khuy\u1ebft t\u1eadt.<\/p>\n\n\n\n<h3 class=\"wp-block-heading\">Ki\u1ec3m tra ba nh\u00e1nh&nbsp;<\/h3>\n\n\n\n<p>M\u1ed7i y\u00eau c\u1ea7u ph\u1ea3i \u0111\u01b0\u1ee3c \u0111\u00e1p \u1ee9ng tr\u01b0\u1edbc khi nh\u00f3m c\u00f3 th\u1ec3 x\u00e1c \u0111\u1ecbnh xem con b\u1ea1n c\u00f3 \u0111\u1ee7 \u0111i\u1ec1u ki\u1ec7n \u0111\u1ec3 \u0111\u01b0\u1ee3c gi\u00e1o d\u1ee5c \u0111\u1eb7c bi\u1ec7t hay kh\u00f4ng.<\/p>\n\n\n\n<ul class=\"wp-block-list\">\n<li><strong>Nh\u00e1nh 1: Khuy\u1ebft t\u1eadt <\/strong>\u2013 Con c\u1ee7a b\u1ea1n c\u00f3 khuy\u1ebft t\u1eadt kh\u00f4ng?<\/li>\n\n\n\n<li><strong>Nh\u00e1nh 2: T\u00e1c d\u1ee5ng ph\u1ee5 <\/strong>\u2013 Khuy\u1ebft t\u1eadt n\u00e0y c\u00f3 \u1ea3nh h\u01b0\u1edfng ti\u00eau c\u1ef1c \u0111\u1ebfn s\u1ef1 tham gia v\u00e0 ti\u1ebfn b\u1ed9 c\u1ee7a con b\u1ea1n trong gi\u00e1o d\u1ee5c chung kh\u00f4ng?<\/li>\n\n\n\n<li><strong>Nh\u00e1nh 3: C\u1ea7n <\/strong>\u2013<strong> <\/strong>Con c\u1ee7a b\u1ea1n c\u00f3 c\u1ea7n gi\u00e1o d\u1ee5c \u0111\u1eb7c bi\u1ec7t v\u00e0 c\u00e1c d\u1ecbch v\u1ee5 li\u00ean quan do khuy\u1ebft t\u1eadt c\u1ee7a m\u00ecnh kh\u00f4ng?<\/li>\n<\/ul>\n\n\n\n<h2 class=\"wp-block-heading\">Ch\u01b0\u01a1ng tr\u00ecnh gi\u00e1o d\u1ee5c c\u00e1 nh\u00e2n<\/h2>\n\n\n\n<p>Ch\u01b0\u01a1ng tr\u00ecnh Gi\u00e1o d\u1ee5c C\u00e1 nh\u00e2n h\u00f3a (IEP) l\u00e0 m\u1ed9t tuy\u00ean b\u1ed1 b\u1eb1ng v\u0103n b\u1ea3n v\u1ec1 ch\u01b0\u01a1ng tr\u00ecnh gi\u00e1o d\u1ee5c d\u00e0nh cho con b\u1ea1n b\u1ecb khuy\u1ebft t\u1eadt. N\u00f3 \u0111\u00f3ng vai tr\u00f2 l\u00e0 c\u00f4ng c\u1ee5 qu\u1ea3n l\u00fd \u0111\u1ec3 \u0111\u1ea3m b\u1ea3o r\u1eb1ng con b\u1ea1n nh\u1eadn \u0111\u01b0\u1ee3c gi\u00e1o d\u1ee5c \u0111\u1eb7c bi\u1ec7t c\u1ea7n thi\u1ebft v\u00e0 c\u00e1c d\u1ecbch v\u1ee5 li\u00ean quan. N\u00f3 c\u0169ng c\u00f3 th\u1ec3 \u0111\u00f3ng vai tr\u00f2 l\u00e0 c\u00f4ng c\u1ee5 \u0111\u00e1nh gi\u00e1 khi \u0111\u01b0\u1ee3c s\u1eed d\u1ee5ng \u0111\u1ec3 x\u00e1c \u0111\u1ecbnh m\u1ee9c \u0111\u1ed9 ti\u1ebfn b\u1ed9 c\u1ee7a tr\u1ebb h\u01b0\u1edbng t\u1edbi vi\u1ec7c ho\u00e0n th\u00e0nh c\u00e1c m\u1ee5c ti\u00eau d\u1ef1 ki\u1ebfn.<\/p>\n\n\n\n<p>M\u1ed7i IEP bao g\u1ed3m:<\/p>\n\n\n\n<ul class=\"wp-block-list\">\n<li>M\u1ed9t tuy\u00ean b\u1ed1 v\u1ec1 tr\u00ecnh \u0111\u1ed9 th\u00e0nh t\u00edch h\u1ecdc t\u1eadp v\u00e0 hi\u1ec7u su\u1ea5t ch\u1ee9c n\u0103ng hi\u1ec7n t\u1ea1i c\u1ee7a con b\u1ea1n<\/li>\n\n\n\n<li>M\u1ed9t tuy\u00ean b\u1ed1 v\u1ec1 c\u00e1c m\u1ee5c ti\u00eau h\u00e0ng n\u0103m, bao g\u1ed3m c\u00e1c m\u1ee5c ti\u00eau gi\u1ea3ng d\u1ea1y ng\u1eafn h\u1ea1n<\/li>\n\n\n\n<li>M\u1ed9t tuy\u00ean b\u1ed1 v\u1ec1 gi\u00e1o d\u1ee5c \u0111\u1eb7c bi\u1ec7t c\u1ee5 th\u1ec3 v\u00e0 c\u00e1c d\u1ecbch v\u1ee5 li\u00ean quan s\u1ebd \u0111\u01b0\u1ee3c cung c\u1ea5p<\/li>\n\n\n\n<li>M\u1ee9c \u0111\u1ed9 con b\u1ea1n c\u00f3 th\u1ec3 tham gia v\u00e0o c\u00e1c ch\u01b0\u01a1ng tr\u00ecnh gi\u00e1o d\u1ee5c th\u01b0\u1eddng xuy\u00ean<\/li>\n\n\n\n<li>Ng\u00e0y d\u1ef1 ki\u1ebfn b\u1eaft \u0111\u1ea7u d\u1ecbch v\u1ee5 v\u00e0 th\u1eddi gian d\u1ef1 ki\u1ebfn c\u1ee7a d\u1ecbch v\u1ee5<\/li>\n\n\n\n<li>Ti\u00eau ch\u00ed kh\u00e1ch quan th\u00edch h\u1ee3p v\u00e0 c\u00e1c th\u1ee7 t\u1ee5c \u0111\u00e1nh gi\u00e1 c\u0169ng nh\u01b0 l\u1ecbch tr\u00ecnh \u0111\u1ec3 x\u00e1c \u0111\u1ecbnh, \u00edt nh\u1ea5t l\u00e0 h\u00e0ng n\u0103m, li\u1ec7u c\u00e1c m\u1ee5c ti\u00eau c\u00f3 \u0111\u1ea1t \u0111\u01b0\u1ee3c hay kh\u00f4ng<\/li>\n<\/ul>\n\n\n\n<p>B\u1eaft \u0111\u1ea7u t\u1eeb \u0111\u1ed9 tu\u1ed5i 14 (ho\u1eb7c tr\u1ebb h\u01a1n n\u1ebfu nh\u00f3m IEP x\u00e1c \u0111\u1ecbnh l\u00e0 ph\u00f9 h\u1ee3p), IEP s\u1ebd bao g\u1ed3m m\u1ed9t tuy\u00ean b\u1ed1 v\u1ec1 nhu c\u1ea7u d\u1ecbch v\u1ee5 chuy\u1ec3n ti\u1ebfp c\u1ee7a con b\u1ea1n\u2014theo c\u00e1c th\u00e0nh ph\u1ea7n \u00e1p d\u1ee5ng c\u1ee7a IEP c\u1ee7a ch\u00fang\u2014t\u1eadp trung v\u00e0o c\u00e1c kh\u00f3a h\u1ecdc c\u1ee7a ch\u00fang (ch\u1eb3ng h\u1ea1n nh\u01b0 tham gia v\u00e0o m\u1ed9t ch\u01b0\u01a1ng tr\u00ecnh gi\u00e1o d\u1ee5c ngh\u1ec1 nghi\u1ec7p).<\/p>\n\n\n\n<p>B\u1eaft \u0111\u1ea7u ch\u1eadm nh\u1ea5t l\u00e0 v\u00e0o th\u1eddi \u0111i\u1ec3m IEP \u0111\u1ea7u ti\u00ean c\u00f3 hi\u1ec7u l\u1ef1c khi con b\u1ea1n tr\u00f2n 16 tu\u1ed5i (ho\u1eb7c s\u1edbm h\u01a1n n\u1ebfu nh\u00f3m IEP x\u00e1c \u0111\u1ecbnh l\u00e0 ph\u00f9 h\u1ee3p), IEP ph\u1ea3i bao g\u1ed3m:<\/p>\n\n\n\n<ul class=\"wp-block-list\">\n<li>M\u1ee5c ti\u00eau sau trung h\u1ecdc c\u00f3 th\u1ec3 \u0111o l\u01b0\u1eddng ph\u00f9 h\u1ee3p d\u1ef1a tr\u00ean \u0111\u00e1nh gi\u00e1 chuy\u1ec3n ti\u1ebfp ph\u00f9 h\u1ee3p v\u1edbi \u0111\u1ed9 tu\u1ed5i<\/li>\n\n\n\n<li>C\u00e1c d\u1ecbch v\u1ee5 chuy\u1ec3n ti\u1ebfp (bao g\u1ed3m c\u00e1c kh\u00f3a h\u1ecdc) c\u1ea7n thi\u1ebft \u0111\u1ec3 h\u1ed7 tr\u1ee3 sinh vi\u00ean \u0111\u1ea1t \u0111\u01b0\u1ee3c c\u00e1c m\u1ee5c ti\u00eau \u0111\u00f3<\/li>\n\n\n\n<li>\u0110\u00e1nh gi\u00e1 qu\u00e1 tr\u00ecnh chuy\u1ec3n \u0111\u1ed5i ph\u00f9 h\u1ee3p v\u1edbi \u0111\u1ed9 tu\u1ed5i d\u1ef1a tr\u00ean nhu c\u1ea7u c\u00e1 nh\u00e2n c\u1ee7a con b\u1ea1n, \u0111\u01b0\u1ee3c s\u1eed d\u1ee5ng \u0111\u1ec3 x\u00e1c \u0111\u1ecbnh c\u00e1c m\u1ee5c ti\u00eau sau trung h\u1ecdc c\u00f3 th\u1ec3 \u0111o l\u01b0\u1eddng \u0111\u01b0\u1ee3c ph\u00f9 h\u1ee3p<\/li>\n\n\n\n<li>B\u1eaft \u0111\u1ea7u ch\u1eadm nh\u1ea5t l\u00e0 m\u1ed9t n\u0103m tr\u01b0\u1edbc khi con b\u1ea1n \u0111\u1ebfn tu\u1ed5i tr\u01b0\u1edfng th\u00e0nh theo lu\u1eadt c\u1ee7a ti\u1ec3u bang (18 tu\u1ed5i \u1edf Hawai\u02bbi), IEP c\u1ee7a con b\u1ea1n ph\u1ea3i bao g\u1ed3m m\u1ed9t tuy\u00ean b\u1ed1 r\u1eb1ng h\u1ecdc sinh \u0111\u00e3 \u0111\u01b0\u1ee3c th\u00f4ng b\u00e1o v\u1ec1 c\u00e1c quy\u1ec1n c\u1ee7a m\u00ecnh theo Ph\u1ea7n B c\u1ee7a IDEA, n\u1ebfu c\u00f3, s\u1ebd chuy\u1ec3n sang con b\u1ea1n khi \u0111\u1ebfn tu\u1ed5i tr\u01b0\u1edfng th\u00e0nh.<\/li>\n<\/ul>\n\n\n\n<p>Sau \u0111\u00e2y l\u00e0 <a href=\"\/vi\/DOE%20Forms\/OSSS\/IEP-Team-Members.pdf\/\" target=\"_blank\" rel=\"noreferrer noopener\">ng\u01b0\u1eddi tham gia c\u1ea7n ph\u1ea3i c\u00f3 m\u1eb7t t\u1ea1i cu\u1ed9c h\u1ecdp IEP (PDF): <\/a><\/p>\n\n\n\n<ul class=\"wp-block-list\">\n<li>M\u1ed9t \u0111\u1ea1i di\u1ec7n c\u1ee7a c\u01a1 quan c\u00f4ng, ngo\u00e0i gi\u00e1o vi\u00ean c\u1ee7a con b\u1ea1n, c\u00f3 \u0111\u1ee7 \u0111i\u1ec1u ki\u1ec7n \u0111\u1ec3 cung c\u1ea5p ho\u1eb7c gi\u00e1m s\u00e1t vi\u1ec7c cung c\u1ea5p gi\u00e1o d\u1ee5c \u0111\u1eb7c bi\u1ec7t<\/li>\n\n\n\n<li>Gi\u00e1o vi\u00ean c\u1ee7a \u0111\u1ee9a tr\u1ebb<\/li>\n\n\n\n<li>M\u1ed9t ho\u1eb7c c\u1ea3 hai cha m\u1eb9\/ng\u01b0\u1eddi gi\u00e1m h\u1ed9 h\u1ee3p ph\u00e1p<\/li>\n\n\n\n<li>Con c\u1ee7a b\u1ea1n, n\u1ebfu ph\u00f9 h\u1ee3p<\/li>\n\n\n\n<li>Nh\u1eefng c\u00e1 nh\u00e2n kh\u00e1c theo quy\u1ebft \u0111\u1ecbnh c\u1ee7a ph\u1ee5 huynh ho\u1eb7c c\u01a1 quan<\/li>\n<\/ul>\n\n\n\n<h3 class=\"wp-block-heading\">Cu\u1ed9c h\u1ecdp IEP<\/h3>\n\n\n\n<p>C\u00e1c cu\u1ed9c h\u1ecdp IEP c\u1ea7n \u0111\u01b0\u1ee3c t\u1ed5 ch\u1ee9c \u00edt nh\u1ea5t h\u00e0ng n\u0103m. T\u00f9y thu\u1ed9c v\u00e0o nhu c\u1ea7u v\u00e0 s\u1ef1 ti\u1ebfn b\u1ed9 c\u1ee7a con b\u1ea1n, c\u00e1c cu\u1ed9c h\u1ecdp \u0111\u1ec3 xem x\u00e9t v\u00e0 s\u1eeda \u0111\u1ed5i c\u00f3 th\u1ec3 \u0111\u01b0\u1ee3c t\u1ed5 ch\u1ee9c th\u01b0\u1eddng xuy\u00ean h\u01a1n.<\/p>\n\n\n\n<p>M\u1eb7c d\u00f9 c\u00e1c cu\u1ed9c h\u1ecdp IEP th\u01b0\u1eddng do nh\u00e0 tr\u01b0\u1eddng kh\u1edfi x\u01b0\u1edbng v\u00e0 ti\u1ebfn h\u00e0nh, ph\u1ee5 huynh v\u1eabn c\u00f3 th\u1ec3 y\u00eau c\u1ea7u h\u1ecdp IEP khi b\u1ea1n tin r\u1eb1ng con m\u00ecnh kh\u00f4ng ti\u1ebfn tri\u1ec3n nh\u01b0 mong mu\u1ed1n ho\u1eb7c b\u1ea1n c\u1ea3m th\u1ea5y c\u00f3 v\u1ea5n \u0111\u1ec1 v\u1edbi IEP hi\u1ec7n t\u1ea1i.<\/p>\n\n\n\n<p><\/p>\n\n\n\n<p><\/p>\n<\/div>\n\n\n\n<div class=\"wp-block-column right_col is-layout-flow wp-block-column-is-layout-flow\"><div class=\"kb-row-layout-wrap kb-row-layout-id1050_d76aa3-f2 alignnone wp-block-kadence-rowlayout\"><div class=\"kt-row-column-wrap kt-has-2-columns kt-row-layout-row kt-tab-layout-row kt-mobile-layout-row kt-row-valign-top\">\n\n<div class=\"wp-block-kadence-column kadence-column1050_63c690-aa\"><div class=\"kt-inside-inner-col\">\n<figure class=\"wp-block-image size-full no_margin\"><img loading=\"lazy\" decoding=\"async\" width=\"966\" height=\"631\" title=\"\" src=\"https:\/\/hawaiipublicschools.org\/wp-content\/uploads\/2024\/12\/Kaimuki_HS_SPED-2.jpg\" alt=\"\" class=\"wp-image-3421\" style=\"aspect-ratio:4\/3;object-fit:cover\" srcset=\"https:\/\/hawaiipublicschools.org\/wp-content\/uploads\/2024\/12\/Kaimuki_HS_SPED-2.jpg 966w, https:\/\/hawaiipublicschools.org\/wp-content\/uploads\/2024\/12\/Kaimuki_HS_SPED-2-300x196.jpg 300w, https:\/\/hawaiipublicschools.org\/wp-content\/uploads\/2024\/12\/Kaimuki_HS_SPED-2-768x502.jpg 768w, https:\/\/hawaiipublicschools.org\/wp-content\/uploads\/2024\/12\/Kaimuki_HS_SPED-2-18x12.jpg 18w\" sizes=\"auto, (max-width: 966px) 100vw, 966px\" \/><\/figure>\n<\/div><\/div>\n\n\n\n<div class=\"wp-block-kadence-column kadence-column1050_6ae211-6a\"><div class=\"kt-inside-inner-col\">\n<h5 class=\"wp-block-heading has-base-color has-text-color has-link-color wp-elements-91735848e86ea283e0928ede427b944c\" style=\"margin-top:0px;padding-top:0;padding-bottom:0.5rem;font-size:1.4vw\">Con t\u00f4i c\u00f3 b\u1ecb khuy\u1ebft t\u1eadt kh\u00f4ng?<\/h5>\n\n\n\n<p class=\"has-base-color has-text-color has-link-color wp-elements-73de11a7dc8419c68045457638ce71c1\"><em>T\u00ecm tr\u1ebb em<\/em> l\u00e0 quy tr\u00ecnh c\u1ee7a HIDOE nh\u1eb1m x\u00e1c \u0111\u1ecbnh, \u0111\u1ecbnh v\u1ecb v\u00e0 \u0111\u00e1nh gi\u00e1 tr\u1ebb em v\u00e0 thanh thi\u1ebfu ni\u00ean \u0111\u00e3 \u0111\u01b0\u1ee3c x\u00e1c \u0111\u1ecbnh ho\u1eb7c nghi ng\u1edd c\u00f3 khuy\u1ebft t\u1eadt v\u00e0 c\u00f3 th\u1ec3 c\u1ea7n gi\u00e1o d\u1ee5c \u0111\u1eb7c bi\u1ec7t v\u00e0 c\u00e1c d\u1ecbch v\u1ee5 li\u00ean quan. N\u1ebfu b\u1ea1n nghi ng\u1edd con m\u00ecnh c\u00f3 th\u1ec3 b\u1ecb khuy\u1ebft t\u1eadt, ch\u00fang t\u00f4i \u1edf \u0111\u00e2y \u0111\u1ec3 gi\u00fap \u0111\u1ee1. <a href=\"https:\/\/hawaiipublicschools.org\/vi\/academics\/does-my-child-have-a-disability-child-find\/\" data-type=\"page\" data-id=\"48\">T\u00ecm hi\u1ec3u th\u00eam<\/a><\/p>\n<\/div><\/div>\n\n<\/div><\/div><\/div>\n<\/div>","protected":false},"excerpt":{"rendered":"<p>The Hawai\u02bbi State Department of Education (HIDOE) provides services to children ages 3 through 21, residing in Hawai\u02bbi, who are eligible for special education and related services. Special education is specially designed instruction, related services, and other supplementary aids to meet your child&#8217;s unique needs\u2014at no cost to parent(s). overview Special education refers to a [&hellip;]<\/p>","protected":false},"author":8,"featured_media":0,"parent":59,"menu_order":32,"comment_status":"closed","ping_status":"closed","template":"wp-custom-template-page-for-custom-sidebar","meta":{"_relevanssi_hide_post":"","_relevanssi_hide_content":"","_relevanssi_pin_for_all":"","_relevanssi_pin_keywords":"","_relevanssi_unpin_keywords":"","_relevanssi_related_keywords":"","_relevanssi_related_include_ids":"","_relevanssi_related_exclude_ids":"","_relevanssi_related_no_append":"","_relevanssi_related_not_related":"","_relevanssi_related_posts":"8795,10212,11023,17489,11215,14190","_relevanssi_noindex_reason":"","_sitemap_exclude":false,"_sitemap_priority":"","_sitemap_frequency":"","_kad_blocks_custom_css":"","_kad_blocks_head_custom_js":"","_kad_blocks_body_custom_js":"","_kad_blocks_footer_custom_js":"","wp_popup_display_lightbox":0,"wp_popup_suppress":"","wp_popup_trigger":"","wp_popup_trigger_amount":0,"wp_popup_disable_on_mobile":false,"footnotes":""},"class_list":["post-933","page","type-page","status-publish","hentry"],"pp_statuses_selecting_workflow":false,"pp_workflow_action":"current","pp_status_selection":"publish","taxonomy_info":[],"featured_image_src_large":false,"author_info":{"display_name":"Ariana Enomoto","author_link":"https:\/\/hawaiipublicschools.org\/vi\/author\/arianastaceyleong-com\/"},"comment_info":0,"publishpress_future_action":{"enabled":false,"date":"2026-05-10 11:50:47","action":"change-status","newStatus":"draft","terms":[],"taxonomy":"","extraData":[]},"publishpress_future_workflow_manual_trigger":{"enabledWorkflows":[]},"_links":{"self":[{"href":"https:\/\/hawaiipublicschools.org\/vi\/wp-json\/wp\/v2\/pages\/933","targetHints":{"allow":["GET"]}}],"collection":[{"href":"https:\/\/hawaiipublicschools.org\/vi\/wp-json\/wp\/v2\/pages"}],"about":[{"href":"https:\/\/hawaiipublicschools.org\/vi\/wp-json\/wp\/v2\/types\/page"}],"author":[{"embeddable":true,"href":"https:\/\/hawaiipublicschools.org\/vi\/wp-json\/wp\/v2\/users\/8"}],"replies":[{"embeddable":true,"href":"https:\/\/hawaiipublicschools.org\/vi\/wp-json\/wp\/v2\/comments?post=933"}],"version-history":[{"count":0,"href":"https:\/\/hawaiipublicschools.org\/vi\/wp-json\/wp\/v2\/pages\/933\/revisions"}],"up":[{"embeddable":true,"href":"https:\/\/hawaiipublicschools.org\/vi\/wp-json\/wp\/v2\/pages\/59"}],"wp:attachment":[{"href":"https:\/\/hawaiipublicschools.org\/vi\/wp-json\/wp\/v2\/media?parent=933"}],"curies":[{"name":"wp","href":"https:\/\/api.w.org\/{rel}","templated":true}]}}