{"id":928,"date":"2024-11-07T00:07:18","date_gmt":"2024-11-07T00:07:18","guid":{"rendered":"https:\/\/hawaiipublicschools.org\/?page_id=928"},"modified":"2025-03-14T09:33:12","modified_gmt":"2025-03-14T19:33:12","slug":"grade-levels","status":"publish","type":"page","link":"https:\/\/hawaiipublicschools.org\/vi\/academics\/grade-levels\/","title":{"rendered":"C\u1ea5p l\u1edbp"},"content":{"rendered":"<p class=\"intro\" style=\"font-size:clamp(0.875rem, 0.875rem + ((1vw - 0.2rem) * 0.531), 1.3rem);\">L\u00e0 h\u1ec7 th\u1ed1ng gi\u00e1o d\u1ee5c to\u00e0n ti\u1ec3u bang duy nh\u1ea5t trong c\u1ea3 n\u01b0\u1edbc, m\u1ee5c ti\u00eau c\u1ee7a ch\u00fang t\u00f4i l\u00e0 truy\u1ec1n cho h\u1ecdc sinh t\u00ecnh y\u00eau h\u1ecdc t\u1eadp, b\u1ed3i d\u01b0\u1ee1ng hi\u1ec3u bi\u1ebft v\u0103n h\u00f3a v\u00e0 kh\u01a1i d\u1eady \u00fd th\u1ee9c qu\u1ea3n l\u00fd s\u00e2u s\u1eafc \u0111\u1ed1i v\u1edbi c\u00e1c h\u00f2n \u0111\u1ea3o m\u00e0 c\u00e1c em s\u1ebd th\u1eeba h\u01b0\u1edfng. M\u1ee5c ti\u00eau c\u1ee7a ch\u00fang t\u00f4i l\u00e0 h\u01b0\u1edbng d\u1eabn h\u1ecdc sinh tr\u1edf th\u00e0nh nh\u1eefng c\u00f4ng d\u00e2n c\u00f3 tr\u00e1ch nhi\u1ec7m v\u00e0 t\u00edch c\u1ef1c. <\/p>\n\n\n\n<p>H\u1ee3p t\u00e1c v\u1edbi B\u1ed9 D\u1ecbch v\u1ee5 Nh\u00e2n sinh v\u00e0 V\u0103n ph\u00f2ng \u0110i\u1ec1u h\u00e0nh Gi\u00e1o d\u1ee5c M\u1ea7m non, c\u00f4ng vi\u1ec7c c\u0169ng \u0111ang \u0111\u01b0\u1ee3c ti\u1ebfn h\u00e0nh \u0111\u1ec3 m\u1edf r\u1ed9ng quy\u1ec1n ti\u1ebfp c\u1eadn c\u00e1c l\u1edbp h\u1ecdc m\u1eabu gi\u00e1o v\u00e0 m\u1ea7m non c\u00f4ng l\u1eadp t\u1ea1i c\u00e1c tr\u01b0\u1eddng h\u1ecdc hi\u1ec7n c\u00f3 d\u00e0nh cho tr\u1ebb em 3 v\u00e0 4 tu\u1ed5i t\u1ea1i Hawai\u02bbi.<\/p>\n\n\n\n<h2 class=\"wp-block-heading\">ti\u1ec3u h\u1ecdc<\/h2>\n\n\n\n<figure class=\"wp-block-image alignleft size-large is-resized\"><img loading=\"lazy\" decoding=\"async\" width=\"1024\" height=\"628\" src=\"https:\/\/hawaiipublicschools.org\/wp-content\/uploads\/2024\/12\/Elementary-1024x628.jpg\" alt=\"\" class=\"wp-image-3986\" style=\"width:480px\" srcset=\"https:\/\/hawaiipublicschools.org\/wp-content\/uploads\/2024\/12\/Elementary-1024x628.jpg 1024w, https:\/\/hawaiipublicschools.org\/wp-content\/uploads\/2024\/12\/Elementary-300x184.jpg 300w, https:\/\/hawaiipublicschools.org\/wp-content\/uploads\/2024\/12\/Elementary-768x471.jpg 768w, https:\/\/hawaiipublicschools.org\/wp-content\/uploads\/2024\/12\/Elementary-18x12.jpg 18w, https:\/\/hawaiipublicschools.org\/wp-content\/uploads\/2024\/12\/Elementary.jpg 1200w\" sizes=\"auto, (max-width: 1024px) 100vw, 1024px\" \/><\/figure>\n\n\n\n<h3 class=\"wp-block-heading\">Ph\u00e1t tri\u1ec3n tr\u1ebb th\u01a1 &amp; M\u1eabu gi\u00e1o<\/h3>\n\n\n\n<p><mark style=\"background-color:rgba(0, 0, 0, 0)\" class=\"has-inline-color has-contrast-color\">\u0110\u1ea3m b\u1ea3o m\u1ecdi tr\u1ebb em \u0111\u1ec1u c\u00f3 kh\u1edfi \u0111\u1ea7u \u0111\u00fang \u0111\u1eafn v\u00e0 cha m\u1eb9 \u0111\u01b0\u1ee3c cung c\u1ea5p s\u1ef1 h\u1ed7 tr\u1ee3 c\u1ea7n thi\u1ebft trong nh\u1eefng n\u0103m ph\u00e1t tri\u1ec3n quan tr\u1ecdng n\u00e0y. Tr\u1ebb em theo h\u1ecdc ch\u01b0\u01a1ng tr\u00ecnh m\u1eabu gi\u00e1o v\u00e0 c\u00e1c ch\u01b0\u01a1ng tr\u00ecnh gi\u00e1o d\u1ee5c kh\u00e1c c\u00f3 l\u1ee3i th\u1ebf \u0111\u00e3 \u0111\u01b0\u1ee3c ch\u1ee9ng minh trong tr\u01b0\u1eddng h\u1ecdc v\u00e0 cu\u1ed9c s\u1ed1ng.<\/mark><\/p>\n\n\n\n<h3 class=\"wp-block-heading\">M\u1eabu gi\u00e1o<\/h3>\n\n\n\n<p><mark style=\"background-color:rgba(0, 0, 0, 0)\" class=\"has-inline-color has-contrast-color\">L\u00e0 ch\u01b0\u01a1ng tr\u00ecnh b\u1eaft bu\u1ed9c t\u1ea1i ti\u1ec3u bang Hawai\u02bbi, m\u1eabu gi\u00e1o cung c\u1ea5p cho tr\u1ebb nh\u1eefng tr\u1ea3i nghi\u1ec7m t\u00edch c\u1ef1c, quan tr\u1ecdng trong vi\u1ec7c thi\u1ebft l\u1eadp n\u1ec1n t\u1ea3ng cho th\u00e0nh c\u00f4ng trong h\u1ecdc t\u1eadp trong t\u01b0\u01a1ng lai v\u00e0 b\u1eaft \u0111\u1ea7u h\u00e0nh tr\u00ecnh tr\u1edf th\u00e0nh ng\u01b0\u1eddi h\u1ecdc su\u1ed1t \u0111\u1eddi.<\/mark><\/p>\n\n\n\n<h3 class=\"wp-block-heading\">Tr\u01b0\u1eddng ti\u1ec3u h\u1ecdc<\/h3>\n\n\n\n<p>Vi\u1ec7c h\u1ecdc t\u1eadp ph\u00f9 h\u1ee3p \u0111\u1ec3 h\u1ed7 tr\u1ee3 h\u1ecdc sinh b\u1eaft \u0111\u1ea7u \u0111\u1ecbnh h\u00ecnh tr\u1ea3i nghi\u1ec7m gi\u00e1o d\u1ee5c.<\/p>\n\n\n\n<hr class=\"wp-block-separator has-alpha-channel-opacity is-style-wide\" style=\"margin-top:var(--wp--preset--spacing--30);margin-bottom:var(--wp--preset--spacing--30)\"\/>\n\n\n\n<figure class=\"wp-block-image alignright size-large is-resized\"><img loading=\"lazy\" decoding=\"async\" width=\"1024\" height=\"683\" src=\"https:\/\/hawaiipublicschools.org\/wp-content\/uploads\/2024\/12\/Middle_School-1024x683.jpg\" alt=\"\" class=\"wp-image-3633\" style=\"width:480px\" srcset=\"https:\/\/hawaiipublicschools.org\/wp-content\/uploads\/2024\/12\/Middle_School-1024x683.jpg 1024w, https:\/\/hawaiipublicschools.org\/wp-content\/uploads\/2024\/12\/Middle_School-300x200.jpg 300w, https:\/\/hawaiipublicschools.org\/wp-content\/uploads\/2024\/12\/Middle_School-768x512.jpg 768w, https:\/\/hawaiipublicschools.org\/wp-content\/uploads\/2024\/12\/Middle_School-18x12.jpg 18w, https:\/\/hawaiipublicschools.org\/wp-content\/uploads\/2024\/12\/Middle_School.jpg 1200w\" sizes=\"auto, (max-width: 1024px) 100vw, 1024px\" \/><\/figure>\n\n\n\n<h2 class=\"wp-block-heading\">S\u01a1 trung<\/h2>\n\n\n\n<h3 class=\"wp-block-heading\">Trung c\u1ea5p\/Trung c\u1ea5p: L\u1edbp 6-8<\/h3>\n\n\n\n<p><mark style=\"background-color:rgba(0, 0, 0, 0)\" class=\"has-inline-color has-contrast-color\">Trong nh\u1eefng n\u0103m ph\u00e1t tri\u1ec3n quan tr\u1ecdng n\u00e0y, h\u1ecdc sinh c\u1ee7a ch\u00fang t\u00f4i \u0111ang ph\u00e1t tri\u1ec3n v\u1ec1 m\u1eb7t h\u1ecdc thu\u1eadt, c\u1ea3m x\u00fac v\u00e0 x\u00e3 h\u1ed9i. Tr\u01b0\u1eddng trung h\u1ecdc c\u01a1 s\u1edf m\u1edf r\u1ed9ng ph\u1ea1m vi tr\u1ea3i nghi\u1ec7m b\u1eb1ng c\u00e1ch cung c\u1ea5p cho h\u1ecdc sinh nhi\u1ec1u l\u1ef1a ch\u1ecdn l\u1edbp h\u1ecdc h\u01a1n v\u1ec1 Gi\u00e1o d\u1ee5c ngh\u1ec1 nghi\u1ec7p v\u00e0 k\u1ef9 thu\u1eadt, ngh\u1ec7 thu\u1eadt th\u1ecb gi\u00e1c, k\u1ecbch, khi\u00eau v\u0169, \u00e2m nh\u1ea1c, th\u1ec3 thao v\u00e0 c\u00e1c ch\u01b0\u01a1ng tr\u00ecnh sau gi\u1edd h\u1ecdc. C\u00e1c n\u1ed7 l\u1ef1c chu\u1ea9n b\u1ecb v\u00e0o \u0111\u1ea1i h\u1ecdc b\u1eaft \u0111\u1ea7u c\u00f9ng v\u1edbi vi\u1ec7c c\u1ee7ng c\u1ed1 c\u00e1c k\u1ef9 n\u0103ng x\u00e3 h\u1ed9i quan tr\u1ecdng.<\/mark><\/p>\n\n\n\n<h3 class=\"wp-block-heading\">Tr\u01b0\u1eddng trung h\u1ecdc ph\u1ed5 th\u00f4ng<\/h3>\n\n\n\n<p><mark style=\"background-color:rgba(0, 0, 0, 0)\" class=\"has-inline-color has-contrast-color\">Ch\u00fang t\u00f4i h\u00ecnh dung t\u1ea5t c\u1ea3 h\u1ecdc sinh t\u1ed1t nghi\u1ec7p tr\u01b0\u1eddng c\u00f4ng \u0111\u1ec1u c\u00f3 kh\u1ea3 n\u0103ng c\u1ea1nh tranh to\u00e0n c\u1ea7u v\u00e0 cam k\u1ebft v\u1edbi \u0111\u1ecba ph\u01b0\u01a1ng, \u0111\u1ed3ng th\u1eddi chu\u1ea9n b\u1ecb cho t\u01b0\u01a1ng lai th\u00e0nh c\u00f4ng ph\u00f9 h\u1ee3p v\u1edbi \u0111am m\u00ea v\u00e0 k\u1ef9 n\u0103ng c\u1ee7a m\u00ecnh.<\/mark><\/p>\n\n\n\n<p><\/p>\n\n\n\n<p><\/p>\n\n\n\n<p><\/p>\n\n\n\n<p><\/p>","protected":false},"excerpt":{"rendered":"<p>As the only state-wide educational system in the country, it is our kuleana to instill in our students a love of learning, cultivate cultural understanding, and inspire a deep sense of stewardship for the islands they will inherit. Our goal is to guide students to become responsible and and engaged citizens. In partnership with the [&hellip;]<\/p>","protected":false},"author":8,"featured_media":0,"parent":22,"menu_order":12,"comment_status":"closed","ping_status":"closed","template":"","meta":{"_relevanssi_hide_post":"","_relevanssi_hide_content":"","_relevanssi_pin_for_all":"","_relevanssi_pin_keywords":"","_relevanssi_unpin_keywords":"","_relevanssi_related_keywords":"","_relevanssi_related_include_ids":"","_relevanssi_related_exclude_ids":"","_relevanssi_related_no_append":"","_relevanssi_related_not_related":"","_relevanssi_related_posts":"","_relevanssi_noindex_reason":"","_sitemap_exclude":false,"_sitemap_priority":"","_sitemap_frequency":"","_kad_blocks_custom_css":"","_kad_blocks_head_custom_js":"","_kad_blocks_body_custom_js":"","_kad_blocks_footer_custom_js":"","wp_popup_display_lightbox":0,"wp_popup_suppress":"","wp_popup_trigger":"","wp_popup_trigger_amount":0,"wp_popup_disable_on_mobile":false,"footnotes":""},"class_list":["post-928","page","type-page","status-publish","hentry"],"pp_statuses_selecting_workflow":false,"pp_workflow_action":"current","pp_status_selection":"publish","taxonomy_info":[],"featured_image_src_large":false,"author_info":{"display_name":"Ariana Enomoto","author_link":"https:\/\/hawaiipublicschools.org\/vi\/author\/arianastaceyleong-com\/"},"comment_info":0,"publishpress_future_action":{"enabled":false,"date":"2026-04-21 16:39:47","action":"change-status","newStatus":"draft","terms":[],"taxonomy":"","extraData":[]},"publishpress_future_workflow_manual_trigger":{"enabledWorkflows":[]},"_links":{"self":[{"href":"https:\/\/hawaiipublicschools.org\/vi\/wp-json\/wp\/v2\/pages\/928","targetHints":{"allow":["GET"]}}],"collection":[{"href":"https:\/\/hawaiipublicschools.org\/vi\/wp-json\/wp\/v2\/pages"}],"about":[{"href":"https:\/\/hawaiipublicschools.org\/vi\/wp-json\/wp\/v2\/types\/page"}],"author":[{"embeddable":true,"href":"https:\/\/hawaiipublicschools.org\/vi\/wp-json\/wp\/v2\/users\/8"}],"replies":[{"embeddable":true,"href":"https:\/\/hawaiipublicschools.org\/vi\/wp-json\/wp\/v2\/comments?post=928"}],"version-history":[{"count":0,"href":"https:\/\/hawaiipublicschools.org\/vi\/wp-json\/wp\/v2\/pages\/928\/revisions"}],"up":[{"embeddable":true,"href":"https:\/\/hawaiipublicschools.org\/vi\/wp-json\/wp\/v2\/pages\/22"}],"wp:attachment":[{"href":"https:\/\/hawaiipublicschools.org\/vi\/wp-json\/wp\/v2\/media?parent=928"}],"curies":[{"name":"wp","href":"https:\/\/api.w.org\/{rel}","templated":true}]}}