{"id":924,"date":"2025-08-20T11:20:51","date_gmt":"2025-08-20T21:20:51","guid":{"rendered":"https:\/\/hawaiipublicschools.org\/?page_id=924"},"modified":"2025-10-03T07:47:45","modified_gmt":"2025-10-03T17:47:45","slug":"our-public-schools","status":"publish","type":"page","link":"https:\/\/hawaiipublicschools.org\/vi\/enrolling-in-school\/our-public-schools\/","title":{"rendered":"T\u1ed5ng quan v\u1ec1 c\u00e1c tr\u01b0\u1eddng c\u00f4ng l\u1eadp Hawai&#039;i"},"content":{"rendered":"<div class=\"wp-block-columns double_col_sidebar is-layout-flex wp-container-core-columns-is-layout-28f84493 wp-block-columns-is-layout-flex\">\n<div class=\"wp-block-column left_col is-layout-flow wp-block-column-is-layout-flow\">\n<p class=\"intro\">Aloha and welcome to Hawai\u02bbi public schools! We are committed to providing a high-quality education for all students\u2014regardless of their geographic location, background, economic standing or whether they are in English or Hawaiian language pathways\u2014and we look forward to welcoming your child to our school system.<\/p>\n\n\n\n<p>T\u1ea1i c\u00e1c tr\u01b0\u1eddng c\u00f4ng l\u1eadp Hawai\u02bbi, ch\u00fang t\u00f4i ph\u1ea5n \u0111\u1ea5u v\u00ec m\u1ed9t h\u1ec7 th\u1ed1ng K\u201312, n\u01a1i nh\u1eefng h\u1ecdc sinh t\u1ed1t nghi\u1ec7p c\u00f3 kh\u1ea3 n\u0103ng c\u1ea1nh tranh to\u00e0n c\u1ea7u, c\u00f3 ki\u1ebfn th\u1ee9c v\u00e0 k\u1ef9 n\u0103ng h\u1ecdc thu\u1eadt \u0111\u1ec3 ph\u00e1t tri\u1ec3n m\u1ea1nh m\u1ebd, v\u00e0 c\u00f3 \u00fd th\u1ee9c tr\u00e1ch nhi\u1ec7m s\u00e2u s\u1eafc \u0111\u1ec3 \u0111\u00f3ng g\u00f3p cho c\u1ed9ng \u0111\u1ed3ng \u0111\u1ecba ph\u01b0\u01a1ng c\u1ee7a h\u1ecd. C\u00e1c tr\u01b0\u1eddng c\u00f4ng l\u1eadp c\u1ee7a ch\u00fang t\u00f4i \u0111\u01b0\u1ee3c t\u1ed5 ch\u1ee9c th\u00e0nh 15 qu\u1eadn \u0111\u01b0\u1ee3c g\u1ecdi l\u00e0 <em>khu v\u1ef1c ph\u1ee9c t\u1ea1p<\/em>. M\u1ed7i&nbsp;<em>khu v\u1ef1c ph\u1ee9c t\u1ea1p<\/em>&nbsp;bao g\u1ed3m t\u1eeb hai \u0111\u1ebfn b\u1ed1n \u201ckhu ph\u1ee9c h\u1ee3p\u201d\u2014m\u1ed9t nh\u00f3m tr\u01b0\u1eddng h\u1ecdc bao g\u1ed3m m\u1ed9t tr\u01b0\u1eddng trung h\u1ecdc ph\u1ed5 th\u00f4ng v\u00e0 c\u00e1c tr\u01b0\u1eddng ti\u1ec3u h\u1ecdc v\u00e0 trung h\u1ecdc c\u01a1 s\u1edf li\u00ean k\u1ebft.<\/p>\n\n\n\n<p><strong>Tr\u01b0\u1eddng h\u1ecdc l\u00e0 b\u1eaft bu\u1ed9c \u1edf Hawai&#039;i \u0111\u1ed1i v\u1edbi h\u1ecdc sinh t\u1eeb 5 \u0111\u1ebfn 18 tu\u1ed5i. <\/strong>H\u1ecdc sinh ph\u1ea3i theo h\u1ecdc t\u1ea1i tr\u01b0\u1eddng ph\u1ee5c v\u1ee5 cho khu v\u1ef1c \u0111\u1ecba l\u00fd n\u01a1i m\u00ecnh sinh s\u1ed1ng. <\/p>\n\n\n\n<h2 class=\"wp-block-heading\">g\u1eedi con b\u1ea1n \u0111\u1ebfn tr\u01b0\u1eddng<\/h2>\n\n\n\n<h3 class=\"wp-block-heading\">Mandatory for Children Living in Hawai\u02bbi<\/h3>\n\n\n\n<p>Tr\u01b0\u1eddng h\u1ecdc l\u00e0 b\u1eaft bu\u1ed9c \u1edf Hawai&#039;i \u0111\u1ed1i v\u1edbi h\u1ecdc sinh t\u1eeb 5 tu\u1ed5i (t\u00ednh \u0111\u1ebfn ng\u00e0y 31 th\u00e1ng 7 c\u1ee7a n\u0103m h\u1ecdc) \u0111\u1ebfn 18 tu\u1ed5i (t\u00ednh \u0111\u1ebfn ng\u00e0y 1 th\u00e1ng 1 c\u1ee7a n\u0103m h\u1ecdc \u0111\u00f3). Vui l\u00f2ng xem <a href=\"http:\/\/www.capitol.hawaii.gov\/hrscurrent\/Vol05_Ch0261-0319\/HRS0302A\/HRS_0302A-1132.HTM\" target=\"_blank\" rel=\"noreferrer noopener\">HRS 302A-1132<\/a> \u0111\u1ec3 tham kh\u1ea3o. H\u1ecdc sinh \u0111\u01b0\u1ee3c y\u00eau c\u1ea7u ph\u1ea3i theo h\u1ecdc t\u1ea1i tr\u01b0\u1eddng ph\u1ee5c v\u1ee5 cho khu v\u1ef1c \u0111\u1ecba l\u00fd n\u01a1i h\u1ecd sinh s\u1ed1ng. B\u1ea1n c\u00f3 th\u1ec3 s\u1eed d\u1ee5ng <a href=\"https:\/\/hidoe.maps.arcgis.com\/apps\/webappviewer\/index.html?id=69f6b96049794d5592bb355b9cf12ec4\" target=\"_blank\" rel=\"noreferrer noopener\">Tr\u00ecnh \u0111\u1ecbnh v\u1ecb SchoolSite<\/a> c\u00f4ng c\u1ee5 \u0111\u1ec3 xem ranh gi\u1edbi d\u1ecbch v\u1ee5 c\u1ee7a tr\u01b0\u1eddng v\u00e0 qu\u1eadn.<\/p>\n\n\n\n<figure class=\"wp-block-image size-large\"><img loading=\"lazy\" decoding=\"async\" width=\"1024\" height=\"683\" src=\"https:\/\/hawaiipublicschools.org\/wp-content\/uploads\/2024\/12\/HIDOE_Our-Public-Schools-1024x683.jpg\" alt=\"Three elementary students waving at the camera\" class=\"wp-image-2503\" style=\"object-fit:cover\" srcset=\"https:\/\/hawaiipublicschools.org\/wp-content\/uploads\/2024\/12\/HIDOE_Our-Public-Schools-1024x683.jpg 1024w, https:\/\/hawaiipublicschools.org\/wp-content\/uploads\/2024\/12\/HIDOE_Our-Public-Schools-300x200.jpg 300w, https:\/\/hawaiipublicschools.org\/wp-content\/uploads\/2024\/12\/HIDOE_Our-Public-Schools-768x512.jpg 768w, https:\/\/hawaiipublicschools.org\/wp-content\/uploads\/2024\/12\/HIDOE_Our-Public-Schools-18x12.jpg 18w, https:\/\/hawaiipublicschools.org\/wp-content\/uploads\/2024\/12\/HIDOE_Our-Public-Schools.jpg 1200w\" sizes=\"auto, (max-width: 1024px) 100vw, 1024px\" \/><\/figure>\n\n\n\n<p> (t\u00ednh \u0111\u1ebfn ng\u00e0y 31 th\u00e1ng 7 c\u1ee7a n\u0103m h\u1ecdc) \u0111\u1ebfn ng\u00e0y 18 (t\u00ednh \u0111\u1ebfn ng\u00e0y 1 th\u00e1ng 1 c\u1ee7a m\u1ed9t n\u0103m h\u1ecdc nh\u1ea5t \u0111\u1ecbnh). Vui l\u00f2ng xem <a href=\"http:\/\/www.capitol.hawaii.gov\/hrscurrent\/Vol05_Ch0261-0319\/HRS0302A\/HRS_0302A-1132.HTM\" target=\"_blank\" rel=\"noreferrer noopener\">HRS 302A-1132<\/a> \u0111\u1ec3 tham kh\u1ea3o. H\u1ecdc sinh \u0111\u01b0\u1ee3c y\u00eau c\u1ea7u ph\u1ea3i theo h\u1ecdc t\u1ea1i tr\u01b0\u1eddng ph\u1ee5c v\u1ee5 cho khu v\u1ef1c \u0111\u1ecba l\u00fd n\u01a1i h\u1ecd sinh s\u1ed1ng. B\u1ea1n c\u00f3 th\u1ec3 s\u1eed d\u1ee5ng <a href=\"https:\/\/hidoe.maps.arcgis.com\/apps\/webappviewer\/index.html?id=69f6b96049794d5592bb355b9cf12ec4\" target=\"_blank\" rel=\"noreferrer noopener\">Tr\u00ecnh \u0111\u1ecbnh v\u1ecb SchoolSite<\/a> c\u00f4ng c\u1ee5 \u0111\u1ec3 xem ranh gi\u1edbi d\u1ecbch v\u1ee5 c\u1ee7a qu\u1eadn v\u00e0 tr\u01b0\u1eddng h\u1ecdc\u2014ch\u1ec9 c\u1ea7n nh\u1eadp \u0111\u1ecba ch\u1ec9 c\u1ee7a b\u1ea1n v\u00e0o g\u00f3c tr\u00ean b\u00ean tr\u00e1i c\u1ee7a trang web, bao g\u1ed3m c\u1ea3 th\u00e0nh ph\u1ed1, cho \u0111\u1ebfn khi \u0111\u1ecba ch\u1ec9 c\u1ee7a b\u1ea1n xu\u1ea5t hi\u1ec7n trong menu th\u1ea3 xu\u1ed1ng. Ch\u1ecdn n\u00f3 v\u00e0 b\u1ea1n s\u1ebd \u0111\u01b0\u1ee3c ph\u00f3ng to \u0111\u1ebfn khu v\u1ef1c d\u1ecbch v\u1ee5.<\/p>\n\n\n\n<p><em>L\u01b0u \u00fd: S\u1ed1 l\u01b0\u1ee3ng tuy\u1ec3n sinh v\u00e0 ranh gi\u1edbi d\u1ecbch v\u1ee5 \u0111ang thay \u0111\u1ed5i. Ch\u00fang t\u00f4i khuy\u00ean b\u1ea1n n\u00ean li\u00ean h\u1ec7 tr\u1ef1c ti\u1ebfp v\u1edbi tr\u01b0\u1eddng \u0111\u1ec3 x\u00e1c nh\u1eadn xem tr\u01b0\u1eddng c\u00f3 ph\u1ee5c v\u1ee5 gia \u0111\u00ecnh b\u1ea1n kh\u00f4ng.<\/em><\/p>\n\n\n\n<h4 class=\"wp-block-heading\">Hi\u1ec3u v\u1ec1 B\u00e1o c\u00e1o v\u1ec1 Ch\u1ee7ng t\u1ed9c v\u00e0 D\u00e2n t\u1ed9c<\/h4>\n\n\n\n<p>The U.S. Department of Education requires that all states report the race and ethnicity of students enrolling in public school. The state of Hawai\u02bbi does not report individual information, but reports total counts of students by different sub-group categories of race and ethnicity. Although you have the right as a parent to decline to provide this information to the school, Federal rules require that every student be assigned an ethnicity and\/or race category. The schools will designate a category in the event a parent declines to provide that information.<\/p>\n\n\n\n<h3 class=\"wp-block-heading\">C\u00e1c gia \u0111\u00ecnh trong nh\u00e0 \u1edf kh\u00f4ng \u1ed5n \u0111\u1ecbnh<\/h3>\n\n\n\n<p>C\u00f3 g\u1ea7n 3.600 h\u1ecdc sinh \u0111\u01b0\u1ee3c x\u00e1c \u0111\u1ecbnh \u0111ang s\u1ed1ng trong nh\u00e0 \u1edf kh\u00f4ng \u1ed5n \u0111\u1ecbnh tr\u00ean to\u00e0n ti\u1ec3u bang. C\u00e1c gia \u0111\u00ecnh \u0111ang s\u1ed1ng trong nh\u00e0 \u1edf kh\u00f4ng \u1ed5n \u0111\u1ecbnh c\u00f3 quy\u1ec1n theo \u0110\u1ea1o lu\u1eadt McKinney-Vento \u0111\u1ec3 \u0111\u1ea3m b\u1ea3o con em h\u1ecd ti\u1ebfp t\u1ee5c \u0111\u01b0\u1ee3c ti\u1ebfp c\u1eadn gi\u00e1o d\u1ee5c v\u00e0 d\u1ecbch v\u1ee5 m\u00e0 kh\u00f4ng b\u1ecb gi\u00e1n \u0111o\u1ea1n. T\u00ecm hi\u1ec3u v\u1ec1 <a href=\"\/vi\/DOE%20Forms\/OSSS\/Rights%20under%20the%20McKinney-Vento%20Act.pdf\/\">Quy\u1ec1n theo \u0110\u1ea1o lu\u1eadt McKinney-Vento (PDF)<\/a><\/p>\n\n\n\n<h4 class=\"wp-block-heading\">T\u00ecm m\u1ed9t ng\u01b0\u1eddi li\u00ean l\u1ea1c c\u1ed9ng \u0111\u1ed3ng<\/h4>\n\n\n\n<p><\/p>\n\n\n\n<p><a href=\"https:\/\/docs.google.com\/spreadsheets\/d\/14bLiX0YVH59fEo_IiV825fX2D0S3kiVuKN1W7WisDWo\/edit#gid=1131496463\" target=\"_blank\" rel=\"noreferrer noopener\">Danh s\u00e1ch li\u00ean l\u1ea1c HIEHCY 2024-2025<\/a> <a href=\"https:\/\/docs.google.com\/spreadsheets\/d\/14bLiX0YVH59fEo_IiV825fX2D0S3kiVuKN1W7WisDWo\/edit#gid=1131496463\" target=\"_blank\" rel=\"noreferrer noopener\">(B\u1ea3ng t\u00ednh Google)<\/a><\/p>\n\n\n\n<h4 class=\"wp-block-heading\">B\u1ea3n c\u00e2u h\u1ecfi \u0111\u1ec3 x\u00e1c \u0111\u1ecbnh \u0111\u1ee7 \u0111i\u1ec1u ki\u1ec7n<\/h4>\n\n\n\n<p>X\u00e1c \u0111\u1ecbnh \u0111i\u1ec1u ki\u1ec7n \u0111\u1ee7 theo \u0110\u1ea1o lu\u1eadt McKinney-Vento: <a href=\"\/vi\/DOE%20Forms\/MV1.pdf\/\" target=\"_blank\" rel=\"noreferrer noopener\">B\u1ea3n c\u00e2u h\u1ecfi \u0111\u1ec3 x\u00e1c \u0111\u1ecbnh \u0111\u1ee7 \u0111i\u1ec1u ki\u1ec7n \u2013 Ti\u1ebfng Anh (PDF)<\/a>. B\u1ea3n d\u1ecbch nh\u01b0 sau.<\/p>\n\n\n\n<div class=\"wp-block-columns is-layout-flex wp-container-core-columns-is-layout-28f84493 wp-block-columns-is-layout-flex\">\n<div class=\"wp-block-column is-layout-flow wp-block-column-is-layout-flow\">\n<ul class=\"wp-block-list\">\n<li><a href=\"\/vi\/DOE%20Forms\/MVA\/MV1_CEBUANO.pdf\/\" target=\"_blank\" rel=\"noreferrer noopener\">Ti\u1ebfng Cebuano (PDF)<\/a><\/li>\n\n\n\n<li><a href=\"\/vi\/DOE%20Forms\/MVA\/MV1_CHINESES.pdf\/\" target=\"_blank\" rel=\"noreferrer noopener\">Ti\u1ebfng Trung (gi\u1ea3n th\u1ec3) (PDF)<\/a><\/li>\n\n\n\n<li><a href=\"\/vi\/DOE%20Forms\/MVA\/MV1_CHINESET.pdf\/\" target=\"_blank\" rel=\"noreferrer noopener\">Ti\u1ebfng Trung (Ph\u1ed3n th\u1ec3) (PDF)<\/a><\/li>\n\n\n\n<li><a href=\"\/vi\/DOE%20Forms\/MVA\/MV1_CHUKKESE.pdf\/\" target=\"_blank\" rel=\"noreferrer noopener\">Ti\u1ebfng Chuuk (PDF)<\/a><\/li>\n\n\n\n<li><a href=\"\/vi\/DOE%20Forms\/MVA\/MV1_HAWAIIAN.pdf\/\" target=\"_blank\" rel=\"noreferrer noopener\">Ti\u1ebfng Hawaii (PDF)<\/a><\/li>\n<\/ul>\n<\/div>\n\n\n\n<div class=\"wp-block-column is-layout-flow wp-block-column-is-layout-flow\">\n<ul class=\"wp-block-list\">\n<li><a href=\"\/vi\/DOE%20Forms\/MVA\/MV1_ILOCANO.pdf\/\" target=\"_blank\" rel=\"noreferrer noopener\">Ti\u1ebfng Ilocano (PDF)<\/a><\/li>\n\n\n\n<li><a href=\"\/vi\/DOE%20Forms\/MVA\/MV1_JAPANESE.pdf\/\" target=\"_blank\" rel=\"noreferrer noopener\">Ti\u1ebfng Nh\u1eadt (PDF)<\/a><\/li>\n\n\n\n<li><a href=\"\/vi\/DOE%20Forms\/MVA\/MV1_KOREAN.pdf\/\" target=\"_blank\" rel=\"noreferrer noopener\">Ti\u1ebfng H\u00e0n (PDF)<\/a><\/li>\n\n\n\n<li><a href=\"\/vi\/DOE%20Forms\/MVA\/MV1_MARSHALLESE.pdf\/\" target=\"_blank\" rel=\"noreferrer noopener\">Ti\u1ebfng Marshall (PDF)<\/a><\/li>\n\n\n\n<li><a href=\"\/vi\/DOE%20Forms\/MVA\/MV1_SAMOAN.pdf\/\" target=\"_blank\" rel=\"noreferrer noopener\">Ti\u1ebfng Samoa (PDF)<\/a><\/li>\n<\/ul>\n<\/div>\n\n\n\n<div class=\"wp-block-column is-layout-flow wp-block-column-is-layout-flow\">\n<ul class=\"wp-block-list\">\n<li><a href=\"\/vi\/DOE%20Forms\/MVA\/MV1_SPANISH.pdf\/\" target=\"_blank\" rel=\"noreferrer noopener\">Ti\u1ebfng T\u00e2y Ban Nha (PDF)<\/a><\/li>\n\n\n\n<li><a href=\"\/vi\/DOE%20Forms\/MVA\/MV1_TAGALOG.pdf\/\" target=\"_blank\" rel=\"noreferrer noopener\">Ti\u1ebfng Vi\u1ec7t (PDF)<\/a><\/li>\n\n\n\n<li><a href=\"\/vi\/DOE%20Forms\/MVA\/MV1_TONGAN.pdf\/\" target=\"_blank\" rel=\"noreferrer noopener\">Ti\u1ebfng Tonga (PDF)<\/a><\/li>\n\n\n\n<li><a href=\"\/vi\/DOE%20Forms\/MVA\/MV1_VIETNAMESE.pdf\/\" target=\"_blank\" rel=\"noreferrer noopener\">Ti\u1ebfng Vi\u1ec7t (PDF)<\/a><\/li>\n<\/ul>\n<\/div>\n<\/div>\n\n\n\n<p>N\u1ebfu c\u00f3 th\u00eam c\u00e2u h\u1ecfi ho\u1eb7c th\u1eafc m\u1eafc, vui l\u00f2ng li\u00ean h\u1ec7 v\u1edbi ch\u01b0\u01a1ng tr\u00ecnh Gi\u00e1o d\u1ee5c cho Tr\u1ebb em v\u00e0 Thanh thi\u1ebfu ni\u00ean V\u00f4 gia c\u01b0 (EHCY) theo s\u1ed1 808-348-0304 ho\u1eb7c 808-723-4192.<\/p>\n\n\n\n<h4 class=\"wp-block-heading\">T\u1edd r\u01a1i Quy\u1ec1n ghi danh cho c\u00e1c gia \u0111\u00ecnh trong nh\u00e0 \u1edf kh\u00f4ng \u1ed5n \u0111\u1ecbnh<\/h4>\n\n\n\n<p>D\u00e0nh cho ph\u1ee5 huynh v\u00e0 gia \u0111\u00ecnh thu\u1ed9c di\u1ec7n McKinney-Vento: <a href=\"\/vi\/DOE%20Forms\/OSSS\/200730_EHCYPoster_FINAL.jpg\/\" target=\"_blank\" rel=\"noreferrer noopener\">Quy\u1ec1n ghi danh cho c\u00e1c gia \u0111\u00ecnh s\u1ed1ng trong nh\u00e0 \u1edf kh\u00f4ng \u1ed5n \u0111\u1ecbnh \u2013 Ti\u1ebfng Anh (PDF)<\/a>. B\u1ea3n d\u1ecbch \u0111\u01b0\u1ee3c n\u00eau b\u00ean d\u01b0\u1edbi.<\/p>\n\n\n\n<div class=\"wp-block-columns is-layout-flex wp-container-core-columns-is-layout-28f84493 wp-block-columns-is-layout-flex\">\n<div class=\"wp-block-column is-layout-flow wp-block-column-is-layout-flow\">\n<ul class=\"wp-block-list\">\n<li><a href=\"\/vi\/DOE%20Forms\/MVA\/MVA_CEBUANO.pdf\/\" target=\"_blank\" rel=\"noreferrer noopener\">Ti\u1ebfng Cebuano (PDF)<\/a><\/li>\n\n\n\n<li><a href=\"\/vi\/DOE%20Forms\/MVA\/MVA_SCHINESE.pdf\/\" target=\"_blank\" rel=\"noreferrer noopener\">Ti\u1ebfng Trung (gi\u1ea3n th\u1ec3) (PDF)<\/a><\/li>\n\n\n\n<li><a href=\"\/vi\/DOE%20Forms\/MVA\/MVA_TCHINESE.pdf\/\" target=\"_blank\" rel=\"noreferrer noopener\">Ti\u1ebfng Trung (Ph\u1ed3n th\u1ec3) (PDF)<\/a><\/li>\n\n\n\n<li><a href=\"\/vi\/DOE%20Forms\/MVA\/MVA_CHUUKESE.pdf\/\" target=\"_blank\" rel=\"noreferrer noopener\">Ti\u1ebfng Chuuk (PDF)<\/a><\/li>\n\n\n\n<li><a href=\"\/vi\/DOE%20Forms\/MVA\/MVA_HAWAIIAN.pdf\/\" target=\"_blank\" rel=\"noreferrer noopener\">Ti\u1ebfng Hawaii (PDF)<\/a><\/li>\n<\/ul>\n<\/div>\n\n\n\n<div class=\"wp-block-column is-layout-flow wp-block-column-is-layout-flow\">\n<ul class=\"wp-block-list\">\n<li><a href=\"\/vi\/DOE%20Forms\/MVA\/MVA_ILOCANO.pdf\/\" target=\"_blank\" rel=\"noreferrer noopener\">Ti\u1ebfng Ilocano (PDF)<\/a><\/li>\n\n\n\n<li><a href=\"\/vi\/DOE%20Forms\/MVA\/MVA_JAPANESE.pdf\/\" target=\"_blank\" rel=\"noreferrer noopener\">Ti\u1ebfng Nh\u1eadt (PDF)<\/a><\/li>\n\n\n\n<li><a href=\"\/vi\/DOE%20Forms\/MVA\/MVA_KOREAN.pdf\/\" target=\"_blank\" rel=\"noreferrer noopener\">Ti\u1ebfng H\u00e0n (PDF)<\/a><\/li>\n\n\n\n<li><a href=\"\/vi\/DOE%20Forms\/MVA\/MVA_MARSHALLESE.pdf\/\" target=\"_blank\" rel=\"noreferrer noopener\">Ti\u1ebfng Marshall (PDF)<\/a><\/li>\n<\/ul>\n<\/div>\n\n\n\n<div class=\"wp-block-column is-layout-flow wp-block-column-is-layout-flow\">\n<ul class=\"wp-block-list\">\n<li><a href=\"\/vi\/DOE%20Forms\/MVA\/MVA_SAMOAN.pdf\/\" target=\"_blank\" rel=\"noreferrer noopener\">Ti\u1ebfng Samoa (PDF)<\/a><\/li>\n\n\n\n<li><a href=\"\/vi\/DOE%20Forms\/MVA\/MVA_SPANISH.pdf\/\" target=\"_blank\" rel=\"noreferrer noopener\">Ti\u1ebfng T\u00e2y Ban Nha (PDF)<\/a><\/li>\n\n\n\n<li><a href=\"\/vi\/DOE%20Forms\/MVA\/MVA_TAGALOG.pdf\/\" target=\"_blank\" rel=\"noreferrer noopener\">Ti\u1ebfng Vi\u1ec7t (PDF)<\/a><\/li>\n\n\n\n<li><a href=\"\/vi\/DOE%20Forms\/MVA\/MVA_TONGAN.pdf\/\" target=\"_blank\" rel=\"noreferrer noopener\">Ti\u1ebfng Tonga (PDF)<\/a><\/li>\n<\/ul>\n<\/div>\n<\/div>\n\n\n\n<h4 class=\"wp-block-heading\">V\u1eadn chuy\u1ec3n xe bu\u00fdt mi\u1ec5n ph\u00ed<\/h4>\n\n\n\n<p>H\u1ecdc sinh \u0111\u1ee7 \u0111i\u1ec1u ki\u1ec7n \u0111\u01b0\u1ee3c h\u1ed7 tr\u1ee3 theo \u0110\u1ea1o lu\u1eadt McKinney-Vento c\u00f3 th\u1ec3 \u0111\u1ee7 \u0111i\u1ec1u ki\u1ec7n \u0111\u01b0\u1ee3c \u0111i xe bu\u00fdt mi\u1ec5n ph\u00ed \u0111\u1ebfn v\u00e0 \u0111i t\u1eeb tr\u01b0\u1eddng. Vui l\u00f2ng l\u00e0m vi\u1ec7c v\u1edbi nh\u00e2n vi\u00ean li\u00ean l\u1ea1c v\u1ec1 v\u1ea5n \u0111\u1ec1 v\u00f4 gia c\u01b0 t\u1ea1i tr\u01b0\u1eddng c\u1ee7a b\u1ea1n \u0111\u1ec3 x\u00e1c \u0111\u1ecbnh \u0111\u1ee7 \u0111i\u1ec1u ki\u1ec7n v\u00e0 \u0111\u1ec3 \u0111\u1ea3m b\u1ea3o th\u1ebb xe bu\u00fdt n\u1ebfu c\u00f3.<\/p>\n<\/div>\n\n\n\n<div class=\"wp-block-column right_col is-layout-flow wp-block-column-is-layout-flow\"><div class=\"kb-row-layout-wrap kb-row-layout-id1050_d76aa3-f2 alignnone wp-block-kadence-rowlayout\"><div class=\"kt-row-column-wrap kt-has-2-columns kt-row-layout-row kt-tab-layout-row kt-mobile-layout-row kt-row-valign-top\">\n\n<div class=\"wp-block-kadence-column kadence-column1050_63c690-aa\"><div class=\"kt-inside-inner-col\">\n<figure class=\"wp-block-image size-full no_margin\"><img loading=\"lazy\" decoding=\"async\" width=\"1024\" height=\"640\" src=\"https:\/\/hawaiipublicschools.org\/wp-content\/uploads\/2024\/12\/Classroom-1024x640.jpg\" alt=\"\" class=\"wp-image-2274\" style=\"aspect-ratio:4\/3;object-fit:cover\" srcset=\"https:\/\/hawaiipublicschools.org\/wp-content\/uploads\/2024\/12\/Classroom-1024x640.jpg 1024w, https:\/\/hawaiipublicschools.org\/wp-content\/uploads\/2024\/12\/Classroom-300x188.jpg 300w, https:\/\/hawaiipublicschools.org\/wp-content\/uploads\/2024\/12\/Classroom-768x480.jpg 768w, https:\/\/hawaiipublicschools.org\/wp-content\/uploads\/2024\/12\/Classroom-18x12.jpg 18w, https:\/\/hawaiipublicschools.org\/wp-content\/uploads\/2024\/12\/Classroom.jpg 1200w\" sizes=\"auto, (max-width: 1024px) 100vw, 1024px\" \/><\/figure>\n<\/div><\/div>\n\n\n\n<div class=\"wp-block-kadence-column kadence-column1050_6ae211-6a\"><div class=\"kt-inside-inner-col\">\n<h5 class=\"wp-block-heading has-base-color has-text-color has-link-color wp-elements-91735848e86ea283e0928ede427b944c\" style=\"margin-top:0px;padding-top:0;padding-bottom:0.5rem;font-size:1.4vw\">T\u00ccM TR\u01af\u1edcNG C\u1ee6A B\u1ea0N<\/h5>\n\n\n\n<p class=\"has-base-color has-text-color has-link-color wp-elements-73de11a7dc8419c68045457638ce71c1\">\u200b\u200b\u200b\u200b\u200b\u200b\u200b\u200b\u200b\u200b\u200b\u200b\u200b\u200b\u200b\u200b\u200b\u200b\u200b\u200b\u200b\u200b\u200b\u200b\u200b\u200b\u200b\u200b\u200b\u200b\u200b\u200b\u200bS\u1eed d\u1ee5ng c\u1ee7a ch\u00fang t\u00f4i <a href=\"https:\/\/hawaiipublicschools.org\/vi\/enrolling-in-school\/find-your-school\/\" data-type=\"page\" data-id=\"14\">C\u00f4ng c\u1ee5 t\u00ecm tr\u01b0\u1eddng<\/a> \u0111\u1ec3 s\u1eafp x\u1ebfp theo \u0110\u1ea3o, Khu ph\u1ee9c h\u1ee3p, Lo\u1ea1i tr\u01b0\u1eddng ho\u1eb7c C\u1ea5p l\u1edbp.<\/p>\n<\/div><\/div>\n\n<\/div><\/div><\/div>\n<\/div>","protected":false},"excerpt":{"rendered":"<p>Aloha and welcome to Hawai\u02bbi public schools! We are committed to providing a high-quality education for all students\u2014regardless of their geographic location, background, economic standing or whether they are in English or Hawaiian language pathways\u2014and we look forward to welcoming your child to our school system. At Hawai\u02bbi public schools, we strive for a K\u201312 [&hellip;]<\/p>","protected":false},"author":8,"featured_media":0,"parent":13,"menu_order":12,"comment_status":"closed","ping_status":"closed","template":"wp-custom-template-page-for-custom-sidebar","meta":{"_relevanssi_hide_post":"","_relevanssi_hide_content":"","_relevanssi_pin_for_all":"","_relevanssi_pin_keywords":"","_relevanssi_unpin_keywords":"","_relevanssi_related_keywords":"","_relevanssi_related_include_ids":"","_relevanssi_related_exclude_ids":"","_relevanssi_related_no_append":"","_relevanssi_related_not_related":"","_relevanssi_related_posts":"","_relevanssi_noindex_reason":"","_sitemap_exclude":false,"_sitemap_priority":"","_sitemap_frequency":"","_kad_blocks_custom_css":"","_kad_blocks_head_custom_js":"","_kad_blocks_body_custom_js":"","_kad_blocks_footer_custom_js":"","wp_popup_display_lightbox":0,"wp_popup_suppress":"","wp_popup_trigger":"","wp_popup_trigger_amount":0,"wp_popup_disable_on_mobile":false,"footnotes":""},"class_list":["post-924","page","type-page","status-publish","hentry"],"pp_statuses_selecting_workflow":false,"pp_workflow_action":"current","pp_status_selection":"publish","taxonomy_info":[],"featured_image_src_large":false,"author_info":{"display_name":"Ariana Enomoto","author_link":"https:\/\/hawaiipublicschools.org\/vi\/author\/arianastaceyleong-com\/"},"comment_info":0,"publishpress_future_action":{"enabled":false,"date":"2026-04-30 22:58:26","action":"change-status","newStatus":"draft","terms":[],"taxonomy":"","extraData":[]},"publishpress_future_workflow_manual_trigger":{"enabledWorkflows":[]},"_links":{"self":[{"href":"https:\/\/hawaiipublicschools.org\/vi\/wp-json\/wp\/v2\/pages\/924","targetHints":{"allow":["GET"]}}],"collection":[{"href":"https:\/\/hawaiipublicschools.org\/vi\/wp-json\/wp\/v2\/pages"}],"about":[{"href":"https:\/\/hawaiipublicschools.org\/vi\/wp-json\/wp\/v2\/types\/page"}],"author":[{"embeddable":true,"href":"https:\/\/hawaiipublicschools.org\/vi\/wp-json\/wp\/v2\/users\/8"}],"replies":[{"embeddable":true,"href":"https:\/\/hawaiipublicschools.org\/vi\/wp-json\/wp\/v2\/comments?post=924"}],"version-history":[{"count":0,"href":"https:\/\/hawaiipublicschools.org\/vi\/wp-json\/wp\/v2\/pages\/924\/revisions"}],"up":[{"embeddable":true,"href":"https:\/\/hawaiipublicschools.org\/vi\/wp-json\/wp\/v2\/pages\/13"}],"wp:attachment":[{"href":"https:\/\/hawaiipublicschools.org\/vi\/wp-json\/wp\/v2\/media?parent=924"}],"curies":[{"name":"wp","href":"https:\/\/api.w.org\/{rel}","templated":true}]}}