{"id":8809,"date":"2025-02-19T14:06:07","date_gmt":"2025-02-20T00:06:07","guid":{"rendered":"https:\/\/hawaiipublicschools.org\/?page_id=8809"},"modified":"2025-03-21T06:30:47","modified_gmt":"2025-03-21T16:30:47","slug":"artificial-intelligence","status":"publish","type":"page","link":"https:\/\/hawaiipublicschools.org\/vi\/student-programs\/artificial-intelligence\/","title":{"rendered":"Tr\u00ed tu\u1ec7 nh\u00e2n t\u1ea1o"},"content":{"rendered":"<p class=\"intro\">S\u1ef1 gia t\u0103ng g\u1ea7n \u0111\u00e2y v\u1ec1 m\u1ee9c \u0111\u1ed9 ph\u1ed5 bi\u1ebfn c\u1ee7a AI t\u1ea1o sinh nh\u01b0 Gemini v\u00e0 ChatGPT \u0111\u00e3 \u0111\u01b0a nh\u1eefng c\u00f4ng c\u1ee5 n\u00e0y l\u00ean h\u00e0ng \u0111\u1ea7u trong c\u00e1c cu\u1ed9c th\u1ea3o lu\u1eadn v\u1ec1 gi\u00e1o d\u1ee5c. Tuy nhi\u00ean, \u0111i\u1ec1u quan tr\u1ecdng l\u00e0 ph\u1ea3i hi\u1ec3u r\u1eb1ng c\u00e1c ch\u01b0\u01a1ng tr\u00ecnh n\u00e0y \u0111\u1ea1i di\u1ec7n cho m\u1ed9t lo\u1ea1i AI c\u1ee5 th\u1ec3, ch\u1ee9 kh\u00f4ng ph\u1ea3i to\u00e0n b\u1ed9 l\u0129nh v\u1ef1c. AI t\u1ea1o sinh t\u1eadp trung v\u00e0o vi\u1ec7c t\u1ea1o ra v\u0103n b\u1ea3n, m\u00e3 ho\u1eb7c n\u1ed9i dung s\u00e1ng t\u1ea1o kh\u00e1c gi\u1ed1ng con ng\u01b0\u1eddi. L\u0129nh v\u1ef1c AI r\u1ed9ng h\u01a1n bao g\u1ed3m nhi\u1ec1u c\u00f4ng ngh\u1ec7 v\u00e0 ph\u01b0\u01a1ng ph\u00e1p ti\u1ebfp c\u1eadn r\u1ed9ng h\u01a1n nhi\u1ec1u, t\u1ea5t c\u1ea3 \u0111\u1ec1u nh\u1eb1m m\u1ee5c \u0111\u00edch x\u00e2y d\u1ef1ng c\u00e1c h\u1ec7 th\u1ed1ng th\u00f4ng minh c\u00f3 kh\u1ea3 n\u0103ng sao ch\u00e9p c\u00e1c nhi\u1ec7m v\u1ee5 c\u1ee7a con ng\u01b0\u1eddi.<\/p>\n\n\n\n<p><em>\u201cThu\u1eadt ng\u1eef &#039;tr\u00ed tu\u1ec7 nh\u00e2n t\u1ea1o&#039; c\u00f3 ngh\u0129a l\u00e0 m\u1ed9t h\u1ec7 th\u1ed1ng d\u1ef1a tr\u00ean m\u00e1y m\u00f3c c\u00f3 th\u1ec3 \u0111\u01b0a ra c\u00e1c d\u1ef1 \u0111o\u00e1n, khuy\u1ebfn ngh\u1ecb ho\u1eb7c quy\u1ebft \u0111\u1ecbnh \u1ea3nh h\u01b0\u1edfng \u0111\u1ebfn m\u00f4i tr\u01b0\u1eddng th\u1ef1c ho\u1eb7c \u1ea3o \u0111\u1ed1i v\u1edbi m\u1ed9t t\u1eadp h\u1ee3p c\u00e1c m\u1ee5c ti\u00eau do con ng\u01b0\u1eddi x\u00e1c \u0111\u1ecbnh.\u201d<\/em>&nbsp;~ \u0110\u1ea0O LU\u1eacT TR\u00cd TU\u1ec6 NH\u00c2N T\u1ea0O QU\u1ed0C GIA N\u0102M 2020<\/p>\n\n\n\n<h2 class=\"wp-block-heading\">C\u00e1c lo\u1ea1i tr\u00ed tu\u1ec7 nh\u00e2n t\u1ea1o kh\u00e1c nhau<\/h2>\n\n\n\n<p>Cu\u1ed9c s\u1ed1ng h\u00e0ng ng\u00e0y c\u1ee7a ch\u00fang ta ng\u00e0y c\u00e0ng g\u1eafn li\u1ec1n v\u1edbi Tr\u00ed tu\u1ec7 nh\u00e2n t\u1ea1o (AI), c\u00f3 c\u1ea3 t\u00ednh n\u0103ng \u0111\u1ed9c l\u1eadp v\u00e0 t\u00edch h\u1ee3p.<\/p>\n\n\n\n<p><strong><em>Ch\u01b0\u01a1ng tr\u00ecnh AI \u0111\u1ed9c l\u1eadp<\/em><\/strong>&nbsp;gi\u1ed1ng nh\u01b0 c\u00e1c c\u00f4ng c\u1ee5 chuy\u00ean d\u1ee5ng trong h\u1ed9p c\u00f4ng c\u1ee5. Ch\u00fang xu\u1ea5t s\u1eafc trong c\u00e1c nhi\u1ec7m v\u1ee5 c\u1ee5 th\u1ec3, nh\u01b0 vi\u1ebft c\u00e1c \u0111\u1ecbnh d\u1ea1ng v\u0103n b\u1ea3n s\u00e1ng t\u1ea1o kh\u00e1c nhau ho\u1eb7c t\u1ea1o ra h\u00ecnh \u1ea3nh tuy\u1ec7t v\u1eddi. C\u00e1c ch\u01b0\u01a1ng tr\u00ecnh n\u00e0y \u0111\u1ed9c l\u1eadp v\u00e0 kh\u00f4ng y\u00eau c\u1ea7u ph\u1ea7n m\u1ec1m kh\u00e1c \u0111\u1ec3 ho\u1ea1t \u0111\u1ed9ng.<\/p>\n\n\n\n<p><strong><em>T\u00ednh n\u0103ng AI t\u00edch h\u1ee3p<\/em><\/strong>&nbsp;M\u1eb7t kh\u00e1c, gi\u1ed1ng nh\u01b0 c\u00e1c c\u00f4ng c\u1ee5 \u0111a n\u0103ng. Ch\u00fang \u0111\u01b0\u1ee3c t\u00edch h\u1ee3p v\u00e0o c\u00e1c ch\u01b0\u01a1ng tr\u00ecnh ph\u1ea7n m\u1ec1m hi\u1ec7n c\u00f3, k\u1ebft h\u1ee3p c\u00e1c ch\u1ee9c n\u0103ng m\u1ed9t c\u00e1ch li\u1ec1n m\u1ea1ch. \u0110i\u1ec1u n\u00e0y t\u1ea1o ra m\u1ed9t quy tr\u00ecnh l\u00e0m vi\u1ec7c m\u01b0\u1ee3t m\u00e0 h\u01a1n, n\u01a1i d\u1eef li\u1ec7u c\u00f3 th\u1ec3 ch\u1ea3y t\u1ef1 do gi\u1eefa c\u00e1c ch\u1ee9c n\u0103ng kh\u00e1c nhau trong c\u00f9ng m\u1ed9t ch\u01b0\u01a1ng tr\u00ecnh.<\/p>\n\n\n\n<p>V\u1ec1 c\u01a1 b\u1ea3n, AI, d\u01b0\u1edbi m\u1ecdi h\u00ecnh th\u1ee9c, cho ph\u00e9p m\u00e1y m\u00f3c h\u1ecdc h\u1ecfi, th\u00edch nghi v\u00e0 th\u1ef1c hi\u1ec7n c\u00e1c nhi\u1ec7m v\u1ee5 nh\u01b0 con ng\u01b0\u1eddi, th\u01b0\u1eddng nhanh h\u01a1n v\u00e0 ch\u00ednh x\u00e1c h\u01a1n. \u0110\u00e2y l\u00e0 c\u00f4ng ngh\u1ec7 ph\u00e1t tri\u1ec3n nhanh ch\u00f3ng v\u00e0 \u0111\u00e3 tr\u1edf th\u00e0nh m\u1ed9t ph\u1ea7n trong cu\u1ed9c s\u1ed1ng h\u00e0ng ng\u00e0y c\u1ee7a ch\u00fang ta.<\/p>\n\n\n\n<div class=\"wp-block-columns is-layout-flex wp-container-core-columns-is-layout-28f84493 wp-block-columns-is-layout-flex\">\n<div class=\"wp-block-column is-layout-flow wp-block-column-is-layout-flow\">\n<p class=\"has-text-align-center\"><strong>H\u1ed3i \u0111\u00e1p nhanh<\/strong><\/p>\n\n\n\n<p class=\"has-text-align-center\">C\u00e1c c\u00f4ng c\u1ee5 ph\u1ea3n h\u1ed3i c\u00e1c th\u00f4ng tin \u0111\u1ea7u v\u00e0o ho\u1eb7c t\u00ecnh hu\u1ed1ng c\u1ee5 th\u1ec3 m\u00e0 kh\u00f4ng h\u1ecdc h\u1ecfi t\u1eeb kinh nghi\u1ec7m trong qu\u00e1 kh\u1ee9 (v\u00ed d\u1ee5: Alexa, Roomba, m\u00e1y t\u00ednh ch\u01a1i c\u1edd vua).<\/p>\n<\/div>\n\n\n\n<div class=\"wp-block-column is-layout-flow wp-block-column-is-layout-flow\">\n<p class=\"has-text-align-center\"><strong>D\u1ef1 \u0111o\u00e1n<\/strong><\/p>\n\n\n\n<p class=\"has-text-align-center\">C\u00f4ng c\u1ee5 ph\u00e2n t\u00edch d\u1eef li\u1ec7u v\u00e0 kinh nghi\u1ec7m l\u1ecbch s\u1eed \u0111\u1ec3 d\u1ef1 \u0111o\u00e1n c\u00e1c s\u1ef1 ki\u1ec7n ho\u1eb7c h\u00e0nh vi trong t\u01b0\u01a1ng lai (v\u00ed d\u1ee5: Netflix, h\u1ec7 th\u1ed1ng ch\u1ea5m \u0111i\u1ec3m t\u00edn d\u1ee5ng).<\/p>\n<\/div>\n\n\n\n<div class=\"wp-block-column is-layout-flow wp-block-column-is-layout-flow\">\n<p class=\"has-text-align-center\"><strong>Sinh s\u1ea3n<\/strong><\/p>\n\n\n\n<p class=\"has-text-align-center\">C\u00e1c c\u00f4ng c\u1ee5 t\u1ea1o ra n\u1ed9i dung ho\u1eb7c \u0111\u1ea7u ra m\u1edbi, th\u01b0\u1eddng t\u1ea1o ra th\u1ee9 g\u00ec \u0111\u00f3 m\u1edbi l\u1ea1 t\u1eeb c\u00e1c m\u1eabu \u0111\u00e3 h\u1ecdc (v\u00ed d\u1ee5: ChatGPT, Stable Diffusion).<\/p>\n<\/div>\n<\/div>\n\n\n\n<p><em>2023. <\/em><a href=\"https:\/\/cms-live-media.iste.org\/Bringing_AI_to_School-2023_07.pdf?_ga=2.124691209.2040081573.1704222033-2044874826.1699995829\"><em>\u0110\u01b0a AI v\u00e0o tr\u01b0\u1eddng h\u1ecdc: M\u1eb9o d\u00e0nh cho c\u00e1c nh\u00e0 l\u00e3nh \u0111\u1ea1o tr\u01b0\u1eddng h\u1ecdc. Hi\u1ec7p h\u1ed9i C\u00f4ng ngh\u1ec7 Gi\u00e1o d\u1ee5c Qu\u1ed1c t\u1ebf (ISTE). <\/em>(<em>(PDF)\u00a0<\/em><\/a><\/p>\n\n\n\n<p><\/p>\n\n\n\n<h2 class=\"wp-block-heading\">H\u01b0\u1edbng d\u1eabn v\u1ec1 tr\u00ed tu\u1ec7 nh\u00e2n t\u1ea1o (AI)<\/h2>\n\n\n\n<p>S\u1edf Gi\u00e1o d\u1ee5c Hawaii cam k\u1ebft th\u00fac \u0111\u1ea9y vi\u1ec7c s\u1eed d\u1ee5ng AI c\u00f3 \u0111\u1ea1o \u0111\u1ee9c v\u00e0 c\u00f3 tr\u00e1ch nhi\u1ec7m trong gi\u00e1o d\u1ee5c. Ch\u00fang t\u00f4i s\u1ebd ti\u1ebfp t\u1ee5c h\u1ee3p t\u00e1c v\u1edbi nh\u00e2n vi\u00ean, nh\u00e0 ho\u1ea1ch \u0111\u1ecbnh ch\u00ednh s\u00e1ch v\u00e0 nh\u00e0 ph\u00e1t tri\u1ec3n c\u00f4ng ngh\u1ec7 \u0111\u1ec3 \u0111\u1ea3m b\u1ea3o AI trao quy\u1ec1n cho t\u1ea5t c\u1ea3 nh\u00e2n vi\u00ean v\u00e0 h\u1ecdc sinh nh\u1eb1m c\u1ee7ng c\u1ed1 h\u1ec7 th\u1ed1ng gi\u00e1o d\u1ee5c c\u1ee7a ch\u00fang t\u00f4i.<\/p>\n\n\n\n<div class=\"wp-block-columns is-layout-flex wp-container-core-columns-is-layout-28f84493 wp-block-columns-is-layout-flex\">\n<div class=\"wp-block-column is-layout-flow wp-block-column-is-layout-flow\">\n<h3 class=\"wp-block-heading\">V\u00ec<strong>&nbsp;<\/strong>Ng\u01b0\u1eddi lao \u0111\u1ed9ng<\/h3>\n\n\n\n<p>Vi\u1ec7c \u0111i\u1ec1u h\u01b0\u1edbng b\u1ed1i c\u1ea3nh AI \u0111ang ph\u00e1t tri\u1ec3n trong gi\u00e1o d\u1ee5c \u0111\u00f2i h\u1ecfi m\u1ed9t c\u00e1ch ti\u1ebfp c\u1eadn c\u00e2n b\u1eb1ng. M\u1eb7c d\u00f9 ti\u1ec1m n\u0103ng n\u00e2ng cao vi\u1ec7c h\u1ecdc c\u1ee7a AI l\u00e0 kh\u00f4ng th\u1ec3 ph\u1ee7 nh\u1eadn, nh\u01b0ng c\u00e1c c\u00e2n nh\u1eafc v\u1ec1 m\u1eb7t \u0111\u1ea1o \u0111\u1ee9c v\u00e0 s\u1eed d\u1ee5ng c\u00f3 tr\u00e1ch nhi\u1ec7m l\u00e0 t\u1ed1i quan tr\u1ecdng. T\u00e0i li\u1ec7u n\u00e0y cung c\u1ea5p cho nh\u00e2n vi\u00ean m\u1ed9t khu\u00f4n kh\u1ed5 \u0111\u1ec3 khai th\u00e1c s\u1ee9c m\u1ea1nh c\u1ee7a AI trong khi gi\u1ea3m thi\u1ec3u c\u00e1c r\u1ee7i ro ti\u1ec1m \u1ea9n. C\u00f9ng nhau, ch\u00fang ta c\u00f3 th\u1ec3 th\u00fac \u0111\u1ea9y m\u1ed9t m\u00f4i tr\u01b0\u1eddng h\u1ecdc t\u1eadp to\u00e0n di\u1ec7n v\u00e0 c\u00f4ng b\u1eb1ng, n\u01a1i c\u00f4ng ngh\u1ec7 trao quy\u1ec1n cho t\u1ea5t c\u1ea3 h\u1ecdc sinh ph\u00e1t tri\u1ec3n.<\/p>\n\n\n\n<ul class=\"wp-block-list\">\n<li><a href=\"https:\/\/www.google.com\/url?q=https%3A%2F%2Fbit.ly%2Fhidoe-ai-guidance&amp;sa=D&amp;sntz=1&amp;usg=AOvVaw1EpgZZbVFuUbNt_0M9GgJj\">H\u01b0\u1edbng d\u1eabn v\u1ec1 AI c\u1ee7a HIDOE d\u00e0nh cho nh\u00e2n vi\u00ean (Google Docs)<\/a> V\u00e0 <a href=\"https:\/\/www.google.com\/url?q=https%3A%2F%2Falala1.k12.hi.us%2FPUBLIC%2FDOEMEMOS.NSF%2Fc43efd5c660087e10a2575cf0064fb92%2F136bf83bddfd22900a258b2400026d91%3FOpenDocument%26Highlight%3D0%2CArtificial%2CIntelligence&amp;sa=D&amp;sntz=1&amp;usg=AOvVaw1P36hxcelPkwVDjLY2W8In\">B\u1ea3n ghi nh\u1edb (y\u00eau c\u1ea7u nh\u00e2n vi\u00ean \u0111\u0103ng nh\u1eadp)<\/a><\/li>\n<\/ul>\n<\/div>\n\n\n\n<div class=\"wp-block-column is-layout-flow wp-block-column-is-layout-flow\">\n<h3 class=\"wp-block-heading\">V\u00ec<strong>&nbsp;<\/strong>H\u1ecdc sinh<\/h3>\n\n\n\n<p>Tr\u00ed tu\u1ec7 nh\u00e2n t\u1ea1o (AI) \u0111ang thay \u0111\u1ed5i nhanh ch\u00f3ng c\u00e1ch ch\u00fang ta h\u1ecdc t\u1eadp v\u00e0 s\u00e1ng t\u1ea1o. C\u00e1c c\u00f4ng c\u1ee5 AI c\u00f3 th\u1ec3 l\u00e0 ngu\u1ed3n t\u00e0i nguy\u00ean m\u1ea1nh m\u1ebd cho h\u1ecdc sinh, cung c\u1ea5p nh\u1eefng c\u00e1ch m\u1edbi \u0111\u1ec3 kh\u00e1m ph\u00e1 \u00fd t\u01b0\u1edfng, ti\u1ebfn h\u00e0nh nghi\u00ean c\u1ee9u v\u00e0 th\u1ec3 hi\u1ec7n s\u1ef1 s\u00e1ng t\u1ea1o. H\u1ecdc sinh c\u00f3 th\u1ec3 s\u1eed d\u1ee5ng c\u00e1c ch\u01b0\u01a1ng tr\u00ecnh k\u1ef9 thu\u1eadt s\u1ed1, bao g\u1ed3m c\u00e1c c\u00f4ng c\u1ee5 AI, l\u00e0m t\u00e0i nguy\u00ean h\u1ecdc t\u1eadp, n\u1ebfu h\u1ecd c\u00f3 Bi\u1ec3u m\u1eabu s\u1eed d\u1ee5ng c\u00f4ng ngh\u1ec7 c\u00f3 tr\u00e1ch nhi\u1ec7m (TRUF) \u0111\u00e3 k\u00fd v\u00e0 ch\u01b0\u01a1ng tr\u00ecnh \u0111\u00e3 \u0111\u01b0\u1ee3c nh\u00e0 tr\u01b0\u1eddng ch\u1ea5p thu\u1eadn. C\u00e1c h\u01b0\u1edbng d\u1eabn n\u00e0y \u0111\u01b0\u1ee3c thi\u1ebft k\u1ebf \u0111\u1ec3 gi\u00fap b\u1ea1n s\u1eed d\u1ee5ng AI m\u1ed9t c\u00e1ch c\u00f3 tr\u00e1ch nhi\u1ec7m v\u00e0 c\u00f3 \u0111\u1ea1o \u0111\u1ee9c trong qu\u00e1 tr\u00ecnh gi\u00e1o d\u1ee5c c\u1ee7a m\u00ecnh.<\/p>\n\n\n\n<ul class=\"wp-block-list\">\n<li><a href=\"https:\/\/www.google.com\/url?q=https%3A%2F%2Fbit.ly%2Fhidoe-ai-students&amp;sa=D&amp;sntz=1&amp;usg=AOvVaw2lMlviQHZkDCw4Y5NhKyK4\">H\u01b0\u1edbng d\u1eabn AI c\u1ee7a HIDOE d\u00e0nh cho sinh vi\u00ean (Google Docs)<\/a> V\u00e0 <a href=\"https:\/\/www.google.com\/url?q=https%3A%2F%2Falala1.k12.hi.us%2FPUBLIC%2FDOEMEMOS.NSF%2Fc43efd5c660087e10a2575cf0064fb92%2F761315e321025fa00a258c0b0071d85d%3FOpenDocument&amp;sa=D&amp;sntz=1&amp;usg=AOvVaw0-_56pGQOReergwSOyz3Yo\">B\u1ea3n ghi nh\u1edb (y\u00eau c\u1ea7u nh\u00e2n vi\u00ean \u0111\u0103ng nh\u1eadp)<\/a><\/li>\n<\/ul>\n<\/div>\n<\/div>\n\n\n\n<h2 class=\"wp-block-heading\">HIDOE cung c\u1ea5p ch\u01b0\u01a1ng tr\u00ecnh AI<\/h2>\n\n\n\n<p>S\u1edf Gi\u00e1o d\u1ee5c Ti\u1ec3u bang Hawai&#039;i cam k\u1ebft cung c\u1ea5p cho nh\u00e2n vi\u00ean c\u1ee7a ch\u00fang t\u00f4i c\u00e1c c\u00f4ng c\u1ee5 v\u00e0 t\u00e0i nguy\u00ean ti\u00ean ti\u1ebfn \u0111\u1ec3 n\u00e2ng cao n\u0103ng su\u1ea5t v\u00e0 th\u00fac \u0111\u1ea9y s\u1ef1 \u0111\u1ed5i m\u1edbi. L\u00e0 m\u1ed9t ph\u1ea7n c\u1ee7a cam k\u1ebft n\u00e0y, ch\u00fang t\u00f4i r\u1ea5t vui m\u1eebng \u0111\u01b0\u1ee3c cung c\u1ea5p quy\u1ec1n truy c\u1eadp v\u00e0o hai n\u1ec1n t\u1ea3ng AI m\u1ea1nh m\u1ebd do Google AI ph\u00e1t tri\u1ec3n: Gemini v\u00e0 NotebookLM.<\/p>\n\n\n\n<div class=\"wp-block-columns is-layout-flex wp-container-core-columns-is-layout-28f84493 wp-block-columns-is-layout-flex\">\n<div class=\"wp-block-column is-layout-flow wp-block-column-is-layout-flow\">\n<h3 class=\"wp-block-heading\"><a href=\"https:\/\/gemini.google.com\/app\">Gemini cho Google Workspace<\/a><\/h3>\n\n\n\n<p>M\u1ed9t m\u00f4 h\u00ecnh ng\u00f4n ng\u1eef l\u1edbn (LLM) do Google AI ph\u00e1t tri\u1ec3n, \u0111\u01b0\u1ee3c \u0111\u00e0o t\u1ea1o tr\u00ean m\u1ed9t t\u1eadp d\u1eef li\u1ec7u l\u1edbn g\u1ed3m v\u0103n b\u1ea3n v\u00e0 m\u00e3. N\u00f3 \u0111\u01b0\u1ee3c thi\u1ebft k\u1ebf cho nhi\u1ec1u nhi\u1ec7m v\u1ee5 kh\u00e1c nhau, bao g\u1ed3m hi\u1ec3u v\u00e0 t\u1ea1o v\u0103n b\u1ea3n, d\u1ecbch ng\u00f4n ng\u1eef, vi\u1ebft c\u00e1c lo\u1ea1i n\u1ed9i dung s\u00e1ng t\u1ea1o kh\u00e1c nhau v\u00e0 tr\u1ea3 l\u1eddi c\u00e2u h\u1ecfi c\u1ee7a b\u1ea1n theo c\u00e1ch cung c\u1ea5p th\u00f4ng tin.<\/p>\n\n\n\n<figure class=\"wp-block-image size-large\"><img loading=\"lazy\" decoding=\"async\" width=\"1024\" height=\"662\" src=\"https:\/\/hawaiipublicschools.org\/wp-content\/uploads\/Gemini-for-Google-1024x662.jpg\" alt=\"Screenshot of using Artificial Intelligence (AI) Gemini\" class=\"wp-image-8818\" srcset=\"https:\/\/hawaiipublicschools.org\/wp-content\/uploads\/Gemini-for-Google-1024x662.jpg 1024w, https:\/\/hawaiipublicschools.org\/wp-content\/uploads\/Gemini-for-Google-300x194.jpg 300w, https:\/\/hawaiipublicschools.org\/wp-content\/uploads\/Gemini-for-Google-768x497.jpg 768w, https:\/\/hawaiipublicschools.org\/wp-content\/uploads\/Gemini-for-Google-18x12.jpg 18w, https:\/\/hawaiipublicschools.org\/wp-content\/uploads\/Gemini-for-Google.jpg 1079w\" sizes=\"auto, (max-width: 1024px) 100vw, 1024px\" \/><\/figure>\n<\/div>\n\n\n\n<div class=\"wp-block-column is-layout-flow wp-block-column-is-layout-flow\">\n<h3 class=\"wp-block-heading\"><a href=\"https:\/\/notebooklm.google.com\/\">S\u1ed5 tay GoogleLM<\/a><\/h3>\n\n\n\n<p>M\u1ed9t c\u00f4ng c\u1ee5 h\u1ed7 tr\u1ee3 AI t\u1eeb Google AI gi\u00fap ng\u01b0\u1eddi d\u00f9ng l\u00e0m vi\u1ec7c v\u1edbi t\u00e0i li\u1ec7u hi\u1ec7u qu\u1ea3 h\u01a1n. C\u00f4ng c\u1ee5 n\u00e0y c\u00f3 th\u1ec3 t\u00f3m t\u1eaft c\u00e1c ch\u1ee7 \u0111\u1ec1 th\u1ef1c t\u1ebf, t\u1ea1o c\u00e2u chuy\u1ec7n v\u00e0 tr\u1ea3 l\u1eddi c\u00e1c c\u00e2u h\u1ecfi d\u1ef1a tr\u00ean t\u00e0i li\u1ec7u ngu\u1ed3n \u0111\u00e3 t\u1ea3i l\u00ean.&nbsp;<\/p>\n\n\n\n<figure class=\"wp-block-image size-large\"><img loading=\"lazy\" decoding=\"async\" width=\"1024\" height=\"663\" src=\"https:\/\/hawaiipublicschools.org\/wp-content\/uploads\/Google-NotebookLM-1024x663.jpg\" alt=\"Screenshot of using Artificial Intelligence (AI) NotebookLM\" class=\"wp-image-8819\" srcset=\"https:\/\/hawaiipublicschools.org\/wp-content\/uploads\/Google-NotebookLM-1024x663.jpg 1024w, https:\/\/hawaiipublicschools.org\/wp-content\/uploads\/Google-NotebookLM-300x194.jpg 300w, https:\/\/hawaiipublicschools.org\/wp-content\/uploads\/Google-NotebookLM-768x497.jpg 768w, https:\/\/hawaiipublicschools.org\/wp-content\/uploads\/Google-NotebookLM-18x12.jpg 18w, https:\/\/hawaiipublicschools.org\/wp-content\/uploads\/Google-NotebookLM.jpg 1077w\" sizes=\"auto, (max-width: 1024px) 100vw, 1024px\" \/><\/figure>\n<\/div>\n<\/div>\n\n\n\n<p><\/p>","protected":false},"excerpt":{"rendered":"<p>S\u1ef1 gia t\u0103ng g\u1ea7n \u0111\u00e2y v\u1ec1 m\u1ee9c \u0111\u1ed9 ph\u1ed5 bi\u1ebfn c\u1ee7a AI t\u1ea1o sinh nh\u01b0 Gemini v\u00e0 ChatGPT \u0111\u00e3 \u0111\u01b0a nh\u1eefng c\u00f4ng c\u1ee5 n\u00e0y l\u00ean h\u00e0ng \u0111\u1ea7u trong c\u00e1c cu\u1ed9c th\u1ea3o lu\u1eadn gi\u00e1o d\u1ee5c. Tuy nhi\u00ean, \u0111i\u1ec1u quan tr\u1ecdng c\u1ea7n hi\u1ec3u l\u00e0 c\u00e1c ch\u01b0\u01a1ng tr\u00ecnh n\u00e0y \u0111\u1ea1i di\u1ec7n cho m\u1ed9t lo\u1ea1i AI c\u1ee5 th\u1ec3, ch\u1ee9 kh\u00f4ng ph\u1ea3i to\u00e0n b\u1ed9 l\u0129nh v\u1ef1c. AI t\u1ea1o sinh t\u1eadp trung v\u00e0o vi\u1ec7c t\u1ea1o ra v\u0103n b\u1ea3n, m\u00e3 ho\u1eb7c n\u1ed9i dung s\u00e1ng t\u1ea1o kh\u00e1c gi\u1ed1ng con ng\u01b0\u1eddi. [\u2026]<\/p>","protected":false},"author":13,"featured_media":0,"parent":77,"menu_order":0,"comment_status":"closed","ping_status":"closed","template":"","meta":{"_relevanssi_hide_post":"","_relevanssi_hide_content":"","_relevanssi_pin_for_all":"","_relevanssi_pin_keywords":"","_relevanssi_unpin_keywords":"","_relevanssi_related_keywords":"","_relevanssi_related_include_ids":"","_relevanssi_related_exclude_ids":"","_relevanssi_related_no_append":"","_relevanssi_related_not_related":"","_relevanssi_related_posts":"","_relevanssi_noindex_reason":"","_sitemap_exclude":false,"_sitemap_priority":"","_sitemap_frequency":"","_kad_blocks_custom_css":"","_kad_blocks_head_custom_js":"","_kad_blocks_body_custom_js":"","_kad_blocks_footer_custom_js":"","wp_popup_display_lightbox":0,"wp_popup_suppress":"","wp_popup_trigger":"","wp_popup_trigger_amount":0,"wp_popup_disable_on_mobile":false,"footnotes":""},"class_list":["post-8809","page","type-page","status-publish","hentry"],"pp_statuses_selecting_workflow":false,"pp_workflow_action":"current","pp_status_selection":"publish","taxonomy_info":[],"featured_image_src_large":false,"author_info":{"display_name":"Sara Miyazono","author_link":"https:\/\/hawaiipublicschools.org\/vi\/author\/sara-miyazonok12-hi-us\/"},"comment_info":0,"publishpress_future_action":{"enabled":false,"date":"2026-04-14 00:16:09","action":"change-status","newStatus":"draft","terms":[],"taxonomy":"","extraData":[]},"publishpress_future_workflow_manual_trigger":{"enabledWorkflows":[]},"_links":{"self":[{"href":"https:\/\/hawaiipublicschools.org\/vi\/wp-json\/wp\/v2\/pages\/8809","targetHints":{"allow":["GET"]}}],"collection":[{"href":"https:\/\/hawaiipublicschools.org\/vi\/wp-json\/wp\/v2\/pages"}],"about":[{"href":"https:\/\/hawaiipublicschools.org\/vi\/wp-json\/wp\/v2\/types\/page"}],"author":[{"embeddable":true,"href":"https:\/\/hawaiipublicschools.org\/vi\/wp-json\/wp\/v2\/users\/13"}],"replies":[{"embeddable":true,"href":"https:\/\/hawaiipublicschools.org\/vi\/wp-json\/wp\/v2\/comments?post=8809"}],"version-history":[{"count":0,"href":"https:\/\/hawaiipublicschools.org\/vi\/wp-json\/wp\/v2\/pages\/8809\/revisions"}],"up":[{"embeddable":true,"href":"https:\/\/hawaiipublicschools.org\/vi\/wp-json\/wp\/v2\/pages\/77"}],"wp:attachment":[{"href":"https:\/\/hawaiipublicschools.org\/vi\/wp-json\/wp\/v2\/media?parent=8809"}],"curies":[{"name":"wp","href":"https:\/\/api.w.org\/{rel}","templated":true}]}}