{"id":866,"date":"2024-10-08T00:23:19","date_gmt":"2024-10-08T00:23:19","guid":{"rendered":"https:\/\/hawaiipublicschools.org\/?page_id=866"},"modified":"2025-10-15T11:06:44","modified_gmt":"2025-10-15T21:06:44","slug":"teach-356","status":"publish","type":"page","link":"https:\/\/hawaiipublicschools.org\/vi\/resources\/teach-356\/","title":{"rendered":"D\u1ea0Y 356"},"content":{"rendered":"<p class=\"intro\">Th\u00f4ng qua th\u1ecfa thu\u1eadn nh\u01b0\u1ee3ng quy\u1ec1n c\u00e1p h\u1ee3p t\u00e1c, c\u00e1c nh\u00e0 cung c\u1ea5p c\u00e1p th\u01b0\u01a1ng m\u1ea1i tr\u00ean kh\u1eafp Hawai\u02bbi d\u00e0nh c\u00e1c k\u00eanh truy c\u1eadp c\u00f4ng c\u1ed9ng cho ch\u01b0\u01a1ng tr\u00ecnh gi\u00e1o d\u1ee5c. Quan h\u1ec7 \u0111\u1ed1i t\u00e1c n\u00e0y \u0111\u1ea3m b\u1ea3o r\u1eb1ng c\u00e1c ngu\u1ed3n l\u1ef1c gi\u00e1o d\u1ee5c ch\u1ea5t l\u01b0\u1ee3ng cao lu\u00f4n s\u1eb5n c\u00f3 cho c\u00e1c c\u1ed9ng \u0111\u1ed3ng tr\u00ean to\u00e0n ti\u1ec3u bang, gi\u00fap h\u1ed7 tr\u1ee3 th\u00e0nh t\u00edch c\u1ee7a h\u1ecdc sinh v\u00e0 th\u00fac \u0111\u1ea9y c\u00e1c c\u01a1 h\u1ed9i h\u1ecdc t\u1eadp su\u1ed1t \u0111\u1eddi cho t\u1ea5t c\u1ea3 c\u01b0 d\u00e2n Hawai\u02bbi.<\/p>\n\n\n\n<p>Ch\u00fang t\u00f4i qu\u1ea3n l\u00fd m\u1ed9t k\u00eanh truy\u1ec1n h\u00ecnh c\u00e1p gi\u00e1o d\u1ee5c to\u00e0n ti\u1ec3u bang, c\u00f3 s\u1eb5n tr\u00ean c\u1ea3 Spectrum v\u00e0 Hawaiian Telcom. Ph\u00e1t s\u00f3ng 24\/7, k\u00eanh n\u00e0y cung c\u1ea5p ch\u01b0\u01a1ng tr\u00ecnh gi\u00e1o d\u1ee5c h\u1ea5p d\u1eabn, bao g\u1ed3m nhi\u1ec1u ch\u1ee7 \u0111\u1ec1 kh\u00e1c nhau nh\u01b0 l\u1ecbch s\u1eed, ngh\u1ec7 thu\u1eadt, khoa h\u1ecdc, STEM v\u00e0 nghi\u00ean c\u1ee9u x\u00e3 h\u1ed9i. H\u00e3y theo d\u00f5i b\u1ea5t c\u1ee9 l\u00fac n\u00e0o tr\u00ean k\u00eanh Spectrum 356 ho\u1eb7c k\u00eanh Hawaiian Telcom 356 \u0111\u1ec3 c\u00f3 n\u1ed9i dung phong ph\u00fa \u0111\u01b0\u1ee3c thi\u1ebft k\u1ebf cho ng\u01b0\u1eddi h\u1ecdc \u1edf m\u1ecdi l\u1ee9a tu\u1ed5i.<\/p>\n\n\n\n<h2 class=\"wp-block-heading\">L\u1ecbch tr\u00ecnh TEACH 356<\/h2>\n\n\n\n<iframe frameborder=\"0\" src=\"https:\/\/proweb.myersinfosys.com\/hetv\/week\" title=\"Department cablecast channel 356 schedule \" loading=\"lazy\" class=\"\" style=\"width:100%;max-width:100%;height:5000px\"><\/iframe>","protected":false},"excerpt":{"rendered":"<p>Through a collaborative cable franchise agreement, commercial cable providers across Hawai\u02bbi dedicate public access channels for educational programming. This partnership ensures that high-quality educational resources are readily available to communities across the state, helping to support student achievement and foster lifelong learning opportunities for all of Hawai\u02bbi residents. We manage a statewide educational cable channel, [&hellip;]<\/p>","protected":false},"author":15,"featured_media":0,"parent":87,"menu_order":13,"comment_status":"closed","ping_status":"closed","template":"","meta":{"_relevanssi_hide_post":"","_relevanssi_hide_content":"","_relevanssi_pin_for_all":"","_relevanssi_pin_keywords":"","_relevanssi_unpin_keywords":"","_relevanssi_related_keywords":"","_relevanssi_related_include_ids":"","_relevanssi_related_exclude_ids":"","_relevanssi_related_no_append":"","_relevanssi_related_not_related":"","_relevanssi_related_posts":"","_relevanssi_noindex_reason":"","_sitemap_exclude":false,"_sitemap_priority":"","_sitemap_frequency":"","_kad_blocks_custom_css":"","_kad_blocks_head_custom_js":"","_kad_blocks_body_custom_js":"","_kad_blocks_footer_custom_js":"","wp_popup_display_lightbox":0,"wp_popup_suppress":"","wp_popup_trigger":"","wp_popup_trigger_amount":0,"wp_popup_disable_on_mobile":false,"footnotes":""},"class_list":["post-866","page","type-page","status-publish","hentry"],"pp_statuses_selecting_workflow":false,"pp_workflow_action":"current","pp_status_selection":"publish","taxonomy_info":[],"featured_image_src_large":false,"author_info":{"display_name":"Chanel Honda","author_link":"https:\/\/hawaiipublicschools.org\/vi\/author\/chanel-hondak12-hi-us\/"},"comment_info":0,"publishpress_future_action":{"enabled":false,"date":"2026-04-11 04:04:10","action":"change-status","newStatus":"draft","terms":[],"taxonomy":"","extraData":[]},"publishpress_future_workflow_manual_trigger":{"enabledWorkflows":[]},"_links":{"self":[{"href":"https:\/\/hawaiipublicschools.org\/vi\/wp-json\/wp\/v2\/pages\/866","targetHints":{"allow":["GET"]}}],"collection":[{"href":"https:\/\/hawaiipublicschools.org\/vi\/wp-json\/wp\/v2\/pages"}],"about":[{"href":"https:\/\/hawaiipublicschools.org\/vi\/wp-json\/wp\/v2\/types\/page"}],"author":[{"embeddable":true,"href":"https:\/\/hawaiipublicschools.org\/vi\/wp-json\/wp\/v2\/users\/15"}],"replies":[{"embeddable":true,"href":"https:\/\/hawaiipublicschools.org\/vi\/wp-json\/wp\/v2\/comments?post=866"}],"version-history":[{"count":0,"href":"https:\/\/hawaiipublicschools.org\/vi\/wp-json\/wp\/v2\/pages\/866\/revisions"}],"up":[{"embeddable":true,"href":"https:\/\/hawaiipublicschools.org\/vi\/wp-json\/wp\/v2\/pages\/87"}],"wp:attachment":[{"href":"https:\/\/hawaiipublicschools.org\/vi\/wp-json\/wp\/v2\/media?parent=866"}],"curies":[{"name":"wp","href":"https:\/\/api.w.org\/{rel}","templated":true}]}}