{"id":83,"date":"2024-09-04T23:35:20","date_gmt":"2024-09-04T23:35:20","guid":{"rendered":"https:\/\/hawaiipublicschools.org\/?page_id=83"},"modified":"2025-03-11T10:57:56","modified_gmt":"2025-03-11T20:57:56","slug":"student-leadership","status":"publish","type":"page","link":"https:\/\/hawaiipublicschools.org\/vi\/student-programs\/student-leadership\/","title":{"rendered":"L\u00e3nh \u0111\u1ea1o sinh vi\u00ean"},"content":{"rendered":"<p class=\"intro\" style=\"font-size:clamp(0.875rem, 0.875rem + ((1vw - 0.2rem) * 0.531), 1.3rem);\">\u1ede tr\u01b0\u1eddng c\u1ee7a ch\u00fang t\u00f4i, h\u1ecdc sinh kh\u00f4ng ch\u1ec9 h\u1ecdc v\u1ec1 d\u00e2n ch\u1ee7 v\u00e0 tr\u00e1ch nhi\u1ec7m c\u00f4ng d\u00e2n m\u00e0 c\u00f2n \u0111\u01b0\u1ee3c tr\u1ea3i nghi\u1ec7m tr\u1ef1c ti\u1ebfp. Vui l\u00f2ng li\u00ean h\u1ec7 v\u1edbi tr\u01b0\u1eddng c\u1ee7a b\u1ea1n \u0111\u1ec3 t\u00ecm hi\u1ec3u v\u1ec1 c\u00e1c ho\u1ea1t \u0111\u1ed9ng \u0111\u01b0\u1ee3c cung c\u1ea5p.<\/p>\n\n\n\n<h2 class=\"wp-block-heading\"><a href=\"https:\/\/www.hawaiistuco.com\/\" data-type=\"link\" data-id=\"https:\/\/www.hawaiistuco.com\/\">H\u1ed9i \u0111\u1ed3ng sinh vi\u00ean ti\u1ec3u bang Hawai\u02bbi<\/a><\/h2>\n\n\n\n<p>H\u1ecdc sinh \u0111\u01b0\u1ee3c b\u1ea7u ho\u1eb7c l\u1ef1a ch\u1ecdn b\u1edfi c\u00e1c b\u1ea1n c\u00f9ng l\u1edbp trung h\u1ecdc \u0111\u1ec3 ph\u1ee5c v\u1ee5 trong H\u1ed9i \u0111\u1ed3ng, ti\u1ebfng n\u00f3i c\u1ee7a h\u1ecdc sinh tr\u01b0\u1eddng c\u00f4ng l\u1eadp Hawai\u02bbi. H\u1ecdc sinh h\u1ecdp h\u00e0ng th\u00e1ng \u0111\u1ec3 th\u1ea3o lu\u1eadn v\u1ec1 c\u00e1c m\u1ed1i quan t\u00e2m v\u00e0 c\u00e1c th\u00e0nh vi\u00ean c\u0169ng gi\u1ea3i quy\u1ebft c\u00e1c v\u1ea5n \u0111\u1ec1 tr\u01b0\u1edbc C\u01a1 quan l\u1eadp ph\u00e1p ti\u1ec3u bang Hawai\u02bbi v\u00e0 H\u1ed9i \u0111\u1ed3ng gi\u00e1o d\u1ee5c ti\u1ec3u bang Hawai\u02bbi.<\/p>\n\n\n\n<h3 class=\"wp-block-heading\">H\u1ed9i ngh\u1ecb h\u1ecdc sinh trung h\u1ecdc Hawai\u02bbi<\/h3>\n\n\n\n<p>H\u1ecdc sinh ph\u1ee5c v\u1ee5 trong h\u1ed9i \u0111\u1ed3ng l\u00e3nh \u0111\u1ea1o tr\u01b0\u1eddng trung h\u1ecdc c\u01a1 s\u1edf v\u00e0 trung h\u1ecdc ph\u1ed5 th\u00f4ng c\u1ee7a m\u00ecnh \u0111\u01b0\u1ee3c m\u1eddi tham d\u1ef1 chuy\u1ebfn th\u0103m k\u00e9o d\u00e0i c\u1ea3 ng\u00e0y \u0111\u1ebfn C\u01a1 quan l\u1eadp ph\u00e1p ti\u1ec3u bang Hawai\u02bbi v\u00e0 c\u00e1c h\u1ed9i ngh\u1ecb c\u1ea5p qu\u1eadn v\u00e0o m\u00f9a thu. T\u1ea1i \u0111\u00f3, h\u1ecdc sinh x\u00e1c \u0111\u1ecbnh, th\u1ea3o lu\u1eadn v\u00e0 ph\u00e1t tri\u1ec3n c\u00e1c gi\u1ea3i ph\u00e1p \u0111\u1ec1 xu\u1ea5t cho c\u00e1c v\u1ea5n \u0111\u1ec1 ch\u00ednh c\u1ee7a thanh thi\u1ebfu ni\u00ean, t\u1eadp trung v\u00e0o c\u00e1c th\u00e1ch th\u1ee9c c\u1ee7a tr\u01b0\u1eddng h\u1ecdc \u0111\u00f2i h\u1ecfi h\u00e0nh \u0111\u1ed9ng chung t\u1eeb h\u1ecdc sinh, H\u1ed9i \u0111\u1ed3ng Gi\u00e1o d\u1ee5c, B\u1ed9 Gi\u00e1o d\u1ee5c v\u00e0 c\u01a1 quan l\u1eadp ph\u00e1p.<\/p>\n\n\n\n<h3 class=\"wp-block-heading\">\u200b\u200b\u200b\u0110\u1ea1i di\u1ec7n H\u1ed9i \u0111\u1ed3ng Gi\u00e1o d\u1ee5c\u200b<\/h3>\n\n\n\n<p>H\u1ed9i \u0111\u1ed3ng Gi\u00e1o d\u1ee5c, c\u01a1 quan qu\u1ea3n l\u00fd h\u1ec7 th\u1ed1ng gi\u00e1o d\u1ee5c c\u00f4ng l\u1eadp c\u1ee7a Hawai\u02bbi, bao g\u1ed3m m\u1ed9t gh\u1ebf cho m\u1ed9t \u0111\u1ea1i di\u1ec7n sinh vi\u00ean kh\u00f4ng c\u00f3 quy\u1ec1n b\u1ecf phi\u1ebfu, ng\u01b0\u1eddi tham d\u1ef1 c\u00e1c cu\u1ed9c h\u1ecdp v\u00e0 cung c\u1ea5p ph\u1ea3n h\u1ed3i v\u1ec1 c\u00e1c v\u1ea5n \u0111\u1ec1 ch\u00ednh s\u00e1ch quan tr\u1ecdng. H\u00e0ng n\u0103m, m\u1ed9t th\u00e0nh vi\u00ean c\u1ee7a H\u1ed9i \u0111\u1ed3ng Sinh vi\u00ean Ti\u1ec3u bang Hawai\u02bbi \u0111\u01b0\u1ee3c ch\u1ecdn l\u00e0m \u0111\u1ea1i di\u1ec7n sinh vi\u00ean trong H\u1ed9i \u0111\u1ed3ng.<\/p>\n\n\n\n<p><\/p>","protected":false},"excerpt":{"rendered":"<p>In our schools, students don\u2019t simply learn about democracy and civic responsibility\u2014they experience it first hand. Please contact your school to find out about offered activities. Hawai\u02bbi State Student Council Students are elected or selected by their high school peers to serve on the Council, the voice of Hawai\u02bbi\u2019s public school students. Students meet monthly [&hellip;]<\/p>","protected":false},"author":8,"featured_media":0,"parent":77,"menu_order":15,"comment_status":"closed","ping_status":"closed","template":"","meta":{"_relevanssi_hide_post":"","_relevanssi_hide_content":"","_relevanssi_pin_for_all":"","_relevanssi_pin_keywords":"","_relevanssi_unpin_keywords":"","_relevanssi_related_keywords":"","_relevanssi_related_include_ids":"","_relevanssi_related_exclude_ids":"","_relevanssi_related_no_append":"","_relevanssi_related_not_related":"","_relevanssi_related_posts":"","_relevanssi_noindex_reason":"","_sitemap_exclude":false,"_sitemap_priority":"","_sitemap_frequency":"","_kad_blocks_custom_css":"","_kad_blocks_head_custom_js":"","_kad_blocks_body_custom_js":"","_kad_blocks_footer_custom_js":"","wp_popup_display_lightbox":0,"wp_popup_suppress":"","wp_popup_trigger":"","wp_popup_trigger_amount":0,"wp_popup_disable_on_mobile":false,"footnotes":""},"class_list":["post-83","page","type-page","status-publish","hentry"],"pp_statuses_selecting_workflow":false,"pp_workflow_action":"current","pp_status_selection":"publish","taxonomy_info":[],"featured_image_src_large":false,"author_info":{"display_name":"Ariana Enomoto","author_link":"https:\/\/hawaiipublicschools.org\/vi\/author\/arianastaceyleong-com\/"},"comment_info":0,"publishpress_future_action":{"enabled":false,"date":"2026-04-21 03:36:24","action":"change-status","newStatus":"draft","terms":[],"taxonomy":"","extraData":[]},"publishpress_future_workflow_manual_trigger":{"enabledWorkflows":[]},"_links":{"self":[{"href":"https:\/\/hawaiipublicschools.org\/vi\/wp-json\/wp\/v2\/pages\/83","targetHints":{"allow":["GET"]}}],"collection":[{"href":"https:\/\/hawaiipublicschools.org\/vi\/wp-json\/wp\/v2\/pages"}],"about":[{"href":"https:\/\/hawaiipublicschools.org\/vi\/wp-json\/wp\/v2\/types\/page"}],"author":[{"embeddable":true,"href":"https:\/\/hawaiipublicschools.org\/vi\/wp-json\/wp\/v2\/users\/8"}],"replies":[{"embeddable":true,"href":"https:\/\/hawaiipublicschools.org\/vi\/wp-json\/wp\/v2\/comments?post=83"}],"version-history":[{"count":0,"href":"https:\/\/hawaiipublicschools.org\/vi\/wp-json\/wp\/v2\/pages\/83\/revisions"}],"up":[{"embeddable":true,"href":"https:\/\/hawaiipublicschools.org\/vi\/wp-json\/wp\/v2\/pages\/77"}],"wp:attachment":[{"href":"https:\/\/hawaiipublicschools.org\/vi\/wp-json\/wp\/v2\/media?parent=83"}],"curies":[{"name":"wp","href":"https:\/\/api.w.org\/{rel}","templated":true}]}}