{"id":8210,"date":"2025-02-11T13:11:40","date_gmt":"2025-02-11T23:11:40","guid":{"rendered":"https:\/\/hawaiipublicschools.org\/?page_id=8210"},"modified":"2025-10-06T15:49:38","modified_gmt":"2025-10-07T01:49:38","slug":"attendance","status":"publish","type":"page","link":"https:\/\/hawaiipublicschools.org\/vi\/student-programs\/attendance\/","title":{"rendered":"S\u1ef1 tham d\u1ef1"},"content":{"rendered":"<p>Regular school attendance is a cornerstone of a thriving community.&nbsp;Businesses depend on reliable workforces, governments on engaged citizens, and communities on active participants. Success&nbsp;requires a collective effort from everyone&nbsp;&#8211;&nbsp;schools, families, community groups, cultural leaders, faith-based organizations and&nbsp;businesses. <\/p>\n\n\n\n<p><\/p>\n\n\n\n<p>Students who consistently attend school are more likely to achieve academic excellence, develop strong social skills, and cultivate a lifelong love of learning. By being present in the classroom, students gain access to a world of knowledge, build meaningful connections with peers and teachers, and develop the confidence to reach their full potential. But, we cannot do it alone. It is a collaborative effort by both family and school to get students to school.<\/p>\n\n\n\n<h2 class=\"wp-block-heading\">Ch\u00fang t\u00f4i \u0111ang l\u00e0m g\u00ec \u0111\u1ec3 \u0111\u01b0a h\u1ecdc sinh \u0111\u1ebfn tr\u01b0\u1eddng<\/h2>\n\n\n\n<p>B\u1ed9 v\u00e0 c\u00e1c nh\u00e0 gi\u00e1o d\u1ee5c t\u1eadn t\u00e2m \u0111ang t\u1ea1o ra s\u1ef1 kh\u00e1c bi\u1ec7t th\u00f4ng qua c\u00e1c bi\u1ec7n ph\u00e1p can thi\u1ec7p c\u00f3 m\u1ee5c ti\u00eau, ph\u01b0\u01a1ng ph\u00e1p ti\u1ebfp c\u1eadn d\u1ef1a tr\u00ean d\u1eef li\u1ec7u, s\u1ef1 tham gia t\u00edch c\u1ef1c, c\u00e1c gi\u1ea3i ph\u00e1p s\u00e1ng t\u1ea1o v\u00e0 quan h\u1ec7 \u0111\u1ed1i t\u00e1c chi\u1ebfn l\u01b0\u1ee3c.<\/p>\n\n\n\n<p><strong>HMTSS \u0111ang ho\u1ea1t \u0111\u1ed9ng:<\/strong>\u00a0Hawai\u02bbi&#8217;s Multi-Tiered System of Support is actively identifying and supporting students at-risk of not meeting regular attendance indicators through data strategies and interventions.<\/p>\n\n\n\n<p><strong>M\u00f4i tr\u01b0\u1eddng h\u1ecdc t\u1eadp t\u00edch c\u1ef1c:<\/strong>&nbsp;Ch\u01b0\u01a1ng tr\u00ecnh H\u1ed7 tr\u1ee3 H\u00e0nh vi T\u00edch c\u1ef1c v\u00e0 Th\u1ef1c h\u00e0nh Ph\u1ee5c h\u1ed3i \u0111ang \u0111\u01b0\u1ee3c tri\u1ec3n khai \u0111\u1ec3 t\u1ea1o ra m\u00f4i tr\u01b0\u1eddng h\u1ecdc \u0111\u01b0\u1eddng th\u00e2n thi\u1ec7n, h\u00f2a nh\u1eadp, khuy\u1ebfn kh\u00edch h\u1ecdc sinh \u0111i h\u1ecdc th\u01b0\u1eddng xuy\u00ean.<\/p>\n\n\n\n<p><strong>C\u1ea7u n\u1ed1i ng\u00f4n ng\u1eef v\u00e0 v\u0103n h\u00f3a:<\/strong>&nbsp;Tr\u1ee3 l\u00fd t\u1ea1i tr\u01b0\u1eddng song ng\u1eef v\u00e0 song v\u0103n h\u00f3a tr\u1ef1c ti\u1ebfp tham gia c\u00f9ng c\u00e1c gia \u0111\u00ecnh v\u00e0o c\u00e1c cu\u1ed9c tr\u00f2 chuy\u1ec7n li\u00ean quan \u0111\u1ebfn v\u0103n h\u00f3a v\u1ec1 t\u1ea7m quan tr\u1ecdng c\u1ee7a vi\u1ec7c \u0111i h\u1ecdc th\u01b0\u1eddng xuy\u00ean.<\/p>\n\n\n\n<p><strong>Nh\u00e0 \u1edf &amp; Gi\u00e1o d\u1ee5c:<\/strong>&nbsp;Ch\u01b0\u01a1ng tr\u00ecnh Gi\u00e1o d\u1ee5c cho Tr\u1ebb em v\u00e0 Thanh thi\u1ebfu ni\u00ean V\u00f4 gia c\u01b0 \u0111ang cung c\u1ea5p h\u1ed7 tr\u1ee3 v\u00e0 ngu\u1ed3n l\u1ef1c chuy\u00ean d\u1ee5ng \u0111\u1ec3 gi\u1ea3i quy\u1ebft c\u00e1c r\u00e0o c\u1ea3n v\u1ec1 vi\u1ec7c \u0111i h\u1ecdc m\u00e0 h\u1ecdc sinh v\u00f4 gia c\u01b0 g\u1eb7p ph\u1ea3i.&nbsp;<\/p>\n\n\n\n<p><strong>S\u1ee9c kh\u1ecfe:<\/strong>&nbsp;&#8220;<a href=\"https:\/\/heretohelphidoe.com\">\u1ede \u0111\u00e2y \u0111\u1ec3 gi\u00fap \u0111\u1ee1<\/a>&#8221; supports attendance by equipping students with essential mental health literacy and provides accessible tools and support from trained staff.&nbsp;<\/p>\n\n\n\n<p><strong>S\u1ee9c kh\u1ecfe h\u1ecdc sinh:&nbsp;<\/strong>Ban Y t\u1ebf H\u1ecdc sinh \u0111ang m\u1edf r\u1ed9ng quy\u1ec1n ti\u1ebfp c\u1eadn d\u1ecbch v\u1ee5 ch\u0103m s\u00f3c s\u1ee9c kh\u1ecfe v\u00e0 t\u1ea1o ra m\u00f4i tr\u01b0\u1eddng h\u1ecdc \u0111\u01b0\u1eddng l\u00e0nh m\u1ea1nh h\u01a1n \u0111\u1ec3 gi\u1ea3i quy\u1ebft c\u00e1c v\u1ea5n \u0111\u1ec1 s\u1ee9c kh\u1ecfe \u1ea3nh h\u01b0\u1edfng \u0111\u1ebfn vi\u1ec7c \u0111i h\u1ecdc c\u1ee7a h\u1ecdc sinh.&nbsp;&nbsp;<\/p>\n\n\n\n<h2 class=\"wp-block-heading\">b\u1ea1n c\u00f3 th\u1ec3 l\u00e0m g\u00ec \u0111\u1ec3 \u0111\u01b0a h\u1ecdc sinh c\u1ee7a b\u1ea1n \u0111\u1ebfn tr\u01b0\u1eddng<\/h2>\n\n\n\n<p>Sau \u0111\u00e2y l\u00e0 m\u1ed9t s\u1ed1 m\u1eb9o h\u1ed7 tr\u1ee3 h\u00e0nh tr\u00ecnh tham gia c\u1ee7a gia \u0111\u00ecnh b\u1ea1n.<\/p>\n\n\n\n<p><strong>\u0110\u1eb7t ra k\u1ef3 v\u1ecdng r\u00f5 r\u00e0ng:<\/strong>&nbsp;\u0110\u1eb7t ra k\u1ef3 v\u1ecdng cho gia \u0111\u00ecnh r\u1eb1ng vi\u1ec7c \u0111i h\u1ecdc l\u00e0 \u01b0u ti\u00ean h\u00e0ng \u0111\u1ea7u, t\u01b0\u01a1ng t\u1ef1 nh\u01b0 c\u00e1c cam k\u1ebft quan tr\u1ecdng kh\u00e1c.<\/p>\n\n\n\n<p><strong>Thi\u1ebft l\u1eadp th\u00f3i quen:&nbsp;<\/strong>T\u1ea1o th\u00f3i quen \u0111i ng\u1ee7 nh\u1ea5t qu\u00e1n \u0111\u1ec3 \u0111\u1ea3m b\u1ea3o tr\u1ebb \u0111\u01b0\u1ee3c ngh\u1ec9 ng\u01a1i \u0111\u1ea7y \u0111\u1ee7 tr\u01b0\u1edbc khi \u0111\u1ebfn tr\u01b0\u1eddng v\u00e0 chu\u1ea9n b\u1ecb \u0111\u1ed3 d\u00f9ng h\u1ecdc t\u1eadp c\u0169ng nh\u01b0 trang ph\u1ee5c v\u00e0o \u0111\u00eam h\u00f4m tr\u01b0\u1edbc \u0111\u1ec3 gi\u1ea3m c\u0103ng th\u1eb3ng v\u00e0o bu\u1ed5i s\u00e1ng.<\/p>\n\n\n\n<p><strong>Giao ti\u1ebfp m\u1edf:&nbsp;<\/strong>Duy tr\u00ec li\u00ean l\u1ea1c th\u01b0\u1eddng xuy\u00ean v\u1edbi gi\u00e1o vi\u00ean v\u00e0 qu\u1ea3n l\u00fd nh\u00e0 tr\u01b0\u1eddng. \u0110\u1eebng ng\u1ea7n ng\u1ea1i y\u00eau c\u1ea7u tr\u1ee3 gi\u00fap n\u1ebfu b\u1ea1n \u0111ang g\u1eb7p ph\u1ea3i nh\u1eefng th\u00e1ch th\u1ee9c \u1ea3nh h\u01b0\u1edfng \u0111\u1ebfn vi\u1ec7c \u0111i h\u1ecdc.<\/p>\n\n\n\n<p><strong>Qu\u1ea3n l\u00fd c\u00e1c v\u1ea5n \u0111\u1ec1 s\u1ee9c kh\u1ecfe:&nbsp;<\/strong>X\u00e2y d\u1ef1ng k\u1ebf ho\u1ea1ch v\u1edbi c\u00e1c nh\u00e0 cung c\u1ea5p d\u1ecbch v\u1ee5 ch\u0103m s\u00f3c s\u1ee9c kh\u1ecfe \u0111\u1ec3 qu\u1ea3n l\u00fd c\u00e1c b\u1ec7nh m\u00e3n t\u00ednh v\u00e0 gi\u1ea3m thi\u1ec3u t\u00ecnh tr\u1ea1ng v\u1eafng m\u1eb7t.<\/p>\n\n\n\n<p><strong>V\u1eadn t\u1ea3i:<\/strong>&nbsp;\u0110\u1ea3m b\u1ea3o ph\u01b0\u01a1ng ti\u1ec7n di chuy\u1ec3n \u0111\u00e1ng tin c\u1eady \u0111\u1ebfn v\u00e0 \u0111i t\u1eeb tr\u01b0\u1eddng.<\/p>\n\n\n\n<p><strong>Th\u1eddi gian d\u00e0nh cho gia \u0111\u00ecnh:<\/strong>&nbsp;L\u00ean l\u1ecbch c\u00e1c ho\u1ea1t \u0111\u1ed9ng vui ch\u01a1i cho gia \u0111\u00ecnh v\u00e0o nh\u1eefng ng\u00e0y kh\u00f4ng c\u00f3 tr\u01b0\u1eddng h\u1ecdc \u0111\u1ec3 tr\u1ebb em h\u1ee9ng th\u00fa h\u01a1n khi \u0111\u1ebfn tr\u01b0\u1eddng.<\/p>\n\n\n\n<p><strong>\u0110\u1eb7t m\u1ee5c ti\u00eau:&nbsp;<\/strong>Gi\u00fap con b\u1ea1n \u0111\u1eb7t m\u1ee5c ti\u00eau \u0111i h\u1ecdc v\u00e0 theo d\u00f5i ti\u1ebfn \u0111\u1ed9 c\u1ee7a con.<\/p>\n\n\n\n<p><strong>Khuy\u1ebfn kh\u00edch tr\u00e1ch nhi\u1ec7m:<\/strong>&nbsp;Th\u1ea3o lu\u1eadn v\u1ec1 h\u1eadu qu\u1ea3 c\u1ee7a vi\u1ec7c ngh\u1ec9 h\u1ecdc v\u00e0 t\u1ea7m quan tr\u1ecdng c\u1ee7a vi\u1ec7c ch\u1ecbu tr\u00e1ch nhi\u1ec7m.<\/p>\n\n\n\n<p><strong>Nh\u1edb:&nbsp;<\/strong>Giao ti\u1ebfp nh\u1ea5t qu\u00e1n v\u00e0 h\u1ed7 tr\u1ee3 v\u1edbi nh\u00e0 tr\u01b0\u1eddng l\u00e0 ch\u00eca kh\u00f3a \u0111\u1ec3 gi\u1ea3i quy\u1ebft hi\u1ec7u qu\u1ea3 c\u00e1c v\u1ea5n \u0111\u1ec1 v\u1ec1 vi\u1ec7c \u0111i h\u1ecdc. N\u1ebfu b\u1ea1n \u0111ang g\u1eb7p ph\u1ea3i nh\u1eefng th\u00e1ch th\u1ee9c \u0111\u00e1ng k\u1ec3, \u0111\u1eebng ng\u1ea7n ng\u1ea1i t\u00ecm ki\u1ebfm s\u1ef1 h\u1ed7 tr\u1ee3 b\u1ed5 sung t\u1eeb c\u00e1c c\u1ed1 v\u1ea5n tr\u01b0\u1eddng h\u1ecdc, nh\u00e2n vi\u00ean x\u00e3 h\u1ed9i ho\u1eb7c c\u00e1c t\u1ed5 ch\u1ee9c c\u1ed9ng \u0111\u1ed3ng.<\/p>","protected":false},"excerpt":{"rendered":"<p>Regular school attendance is a cornerstone of a thriving community.&nbsp;Businesses depend on reliable workforces, governments on engaged citizens, and communities on active participants. Success&nbsp;requires a collective effort from everyone&nbsp;&#8211;&nbsp;schools, families, community groups, cultural leaders, faith-based organizations and&nbsp;businesses. Students who consistently attend school are more likely to achieve academic excellence, develop strong social skills, and cultivate [&hellip;]<\/p>","protected":false},"author":13,"featured_media":0,"parent":77,"menu_order":0,"comment_status":"closed","ping_status":"closed","template":"","meta":{"_relevanssi_hide_post":"","_relevanssi_hide_content":"","_relevanssi_pin_for_all":"","_relevanssi_pin_keywords":"","_relevanssi_unpin_keywords":"","_relevanssi_related_keywords":"","_relevanssi_related_include_ids":"","_relevanssi_related_exclude_ids":"","_relevanssi_related_no_append":"","_relevanssi_related_not_related":"","_relevanssi_related_posts":"","_relevanssi_noindex_reason":"","_sitemap_exclude":false,"_sitemap_priority":"","_sitemap_frequency":"","_kad_blocks_custom_css":"","_kad_blocks_head_custom_js":"","_kad_blocks_body_custom_js":"","_kad_blocks_footer_custom_js":"","wp_popup_display_lightbox":0,"wp_popup_suppress":"","wp_popup_trigger":"","wp_popup_trigger_amount":0,"wp_popup_disable_on_mobile":false,"footnotes":""},"class_list":["post-8210","page","type-page","status-publish","hentry"],"pp_statuses_selecting_workflow":false,"pp_workflow_action":"current","pp_status_selection":"publish","taxonomy_info":[],"featured_image_src_large":false,"author_info":{"display_name":"Sara Miyazono","author_link":"https:\/\/hawaiipublicschools.org\/vi\/author\/sara-miyazonok12-hi-us\/"},"comment_info":0,"publishpress_future_action":{"enabled":false,"date":"2026-04-29 19:16:50","action":"change-status","newStatus":"draft","terms":[],"taxonomy":"","extraData":[]},"publishpress_future_workflow_manual_trigger":{"enabledWorkflows":[]},"_links":{"self":[{"href":"https:\/\/hawaiipublicschools.org\/vi\/wp-json\/wp\/v2\/pages\/8210","targetHints":{"allow":["GET"]}}],"collection":[{"href":"https:\/\/hawaiipublicschools.org\/vi\/wp-json\/wp\/v2\/pages"}],"about":[{"href":"https:\/\/hawaiipublicschools.org\/vi\/wp-json\/wp\/v2\/types\/page"}],"author":[{"embeddable":true,"href":"https:\/\/hawaiipublicschools.org\/vi\/wp-json\/wp\/v2\/users\/13"}],"replies":[{"embeddable":true,"href":"https:\/\/hawaiipublicschools.org\/vi\/wp-json\/wp\/v2\/comments?post=8210"}],"version-history":[{"count":0,"href":"https:\/\/hawaiipublicschools.org\/vi\/wp-json\/wp\/v2\/pages\/8210\/revisions"}],"up":[{"embeddable":true,"href":"https:\/\/hawaiipublicschools.org\/vi\/wp-json\/wp\/v2\/pages\/77"}],"wp:attachment":[{"href":"https:\/\/hawaiipublicschools.org\/vi\/wp-json\/wp\/v2\/media?parent=8210"}],"curies":[{"name":"wp","href":"https:\/\/api.w.org\/{rel}","templated":true}]}}