{"id":8194,"date":"2025-02-11T12:01:37","date_gmt":"2025-02-11T22:01:37","guid":{"rendered":"https:\/\/hawaiipublicschools.org\/?page_id=8194"},"modified":"2025-07-02T15:52:43","modified_gmt":"2025-07-03T01:52:43","slug":"dispute-resolutions-and-mediations","status":"publish","type":"page","link":"https:\/\/hawaiipublicschools.org\/vi\/school-services\/parent-rights\/dispute-resolutions-and-mediations\/","title":{"rendered":"Gi\u1ea3i quy\u1ebft tranh ch\u1ea5p"},"content":{"rendered":"<p class=\"intro\">B\u1ed9 khuy\u1ebfn kh\u00edch b\u1ea1n h\u1ee3p t\u00e1c v\u1edbi c\u00e1c tr\u01b0\u1eddng h\u1ecdc \u0111\u1ec3 c\u1ed1 g\u1eafng gi\u1ea3i quy\u1ebft nh\u1eefng kh\u00e1c bi\u1ec7t c\u1ee7a b\u1ea1n th\u00f4ng qua c\u00e1c bi\u1ec7n ph\u00e1p kh\u00f4ng ch\u00ednh th\u1ee9c b\u1ea5t c\u1ee9 khi n\u00e0o c\u00f3 th\u1ec3. Tuy nhi\u00ean, khi c\u00e1c bi\u1ec7n ph\u00e1p kh\u00f4ng ch\u00ednh th\u1ee9c \u0111\u00f3 kh\u00f4ng th\u00e0nh c\u00f4ng, \u0110\u1ea1o lu\u1eadt Gi\u00e1o d\u1ee5c C\u00e1 nh\u00e2n Khuy\u1ebft t\u1eadt (IDEA) v\u00e0 c\u00e1c quy \u0111\u1ecbnh th\u1ef1c hi\u1ec7n c\u1ee7a \u0111\u1ea1o lu\u1eadt n\u00e0y s\u1ebd cung c\u1ea5p c\u00e1c l\u1ef1a ch\u1ecdn c\u1ee5 th\u1ec3 \u0111\u1ec3 gi\u1ea3i quy\u1ebft tranh ch\u1ea5p gi\u1eefa ph\u1ee5 huynh v\u00e0 tr\u01b0\u1eddng h\u1ecdc, c\u00f3 th\u1ec3 \u0111\u01b0\u1ee3c s\u1eed d\u1ee5ng theo c\u00e1ch ph\u00f9 h\u1ee3p v\u1edbi m\u1ee5c ti\u00eau chung c\u1ee7a ch\u00fang ta l\u00e0 c\u1ea3i thi\u1ec7n k\u1ebft qu\u1ea3 v\u00e0 \u0111\u1ea1t \u0111\u01b0\u1ee3c k\u1ebft qu\u1ea3 t\u1ed1t h\u01a1n cho tr\u1ebb em khuy\u1ebft t\u1eadt. C\u00e1c l\u1ef1a ch\u1ecdn n\u00e0y bao g\u1ed3m t\u1ef1 nguy\u1ec7n tham gia h\u00f2a gi\u1ea3i, n\u1ed9p \u0111\u01a1n khi\u1ebfu n\u1ea1i b\u1eb1ng v\u0103n b\u1ea3n l\u00ean ti\u1ec3u bang ho\u1eb7c kh\u1edfi x\u01b0\u1edbng phi\u00ean \u0111i\u1ec1u tr\u1ea7n theo th\u1ee7 t\u1ee5c t\u1ed1 t\u1ee5ng c\u00f4ng b\u1eb1ng.&nbsp;<\/p>\n\n\n\n<h2 class=\"wp-block-heading\">B\u1ea1n \u0111\u00e3 c\u00e2n nh\u1eafc th\u1ef1c hi\u1ec7n nh\u1eefng b\u01b0\u1edbc sau ch\u01b0a?<\/h2>\n\n\n\n<ul class=\"wp-block-list\">\n<li>Li\u00ean h\u1ec7 v\u1edbi nh\u00e2n vi\u00ean nh\u00e0 tr\u01b0\u1eddng c\u1ee7a con b\u1ea1n (v\u00ed d\u1ee5: gi\u00e1o vi\u00ean gi\u00e1o d\u1ee5c \u0111\u1eb7c bi\u1ec7t, hi\u1ec7u tr\u01b0\u1edfng, v.v.) \u0111\u1ec3 th\u1ea3o lu\u1eadn v\u1ec1 v\u1ea5n \u0111\u1ec1 ho\u1eb7c m\u1ed1i quan t\u00e2m c\u1ee7a b\u1ea1n.<\/li>\n\n\n\n<li>Discussing the situation with your school\u2019s <a href=\"https:\/\/hawaiipublicschools.org\/vi\/school-services\/parent-rights\/special-education-directory\/\" data-type=\"page\" data-id=\"3267\" target=\"_blank\" rel=\"noreferrer noopener\">district educational specialist<\/a>.<\/li>\n\n\n\n<li>Gi\u1ea3i quy\u1ebft v\u1ea5n \u0111\u1ec1 b\u1eb1ng c\u00e1ch ti\u1ebfp c\u1eadn ch\u00ednh th\u1ee9c h\u01a1n th\u00f4ng qua gi\u1ea3i quy\u1ebft tranh ch\u1ea5p.<\/li>\n<\/ul>\n\n\n\n<h2 class=\"wp-block-heading\">Ho\u00e0 gi\u1ea3i<\/h2>\n\n\n\n<p>Mediation is an impartial and voluntary process that can resolve issues quickly among disputing parties. With the assistance of an impartial, independent mediator who guides you through the process with the school to address special education concerns to resolve disagreements.<strong> Both you and the school must agree to participate<\/strong>.\u00a0<\/p>\n\n\n\n<h3 class=\"wp-block-heading\">When mediation may be requested <\/h3>\n\n\n\n<p>Mediation may be requested by either the school or the parent in the following situations:<\/p>\n\n\n\n<ol class=\"wp-block-list\">\n<li>When a dispute arises between parents and schools.<\/li>\n\n\n\n<li>In lieu of a resolution meeting, when parents file a due process complaint.<\/li>\n\n\n\n<li>When a state written complaint is filed.<\/li>\n<\/ol>\n\n\n\n<h3 class=\"wp-block-heading\">How to request mediation<\/h3>\n\n\n\n<p>HIDOE cung c\u1ea5p d\u1ecbch v\u1ee5 h\u00f2a gi\u1ea3i th\u00f4ng qua Trung t\u00e2m h\u00f2a gi\u1ea3i Th\u00e1i B\u00ecnh D\u01b0\u01a1ng (MCP). \u0110\u1ec3 y\u00eau c\u1ea7u h\u00f2a gi\u1ea3i, vui l\u00f2ng:\u00a0<\/p>\n\n\n\n<ul class=\"wp-block-list\">\n<li>Contact the center directly at <a href=\"mailto:mcp@mediatehawaii.org\">mcp@mediatehawaii.org<\/a> or 808-521-6767; or<\/li>\n\n\n\n<li><a href=\"\/vi\/DOE%20Forms\/Special%20Education\/AlternativeDisputeResolutionForm.pdf\/\" target=\"_blank\" rel=\"noreferrer noopener\">Submit a request form<\/a> (PDF)\u00a0<\/li>\n<\/ul>\n\n\n\n<h3 class=\"wp-block-heading\">Outcome of Mediation<\/h3>\n\n\n\n<p>If mediation results in a successful resolution, both parents and the school will sign a legally binding written agreement outlining the terms of the resolution. This agreement is enforceable in any state court of competent jurisdiction or a United States district court. <\/p>\n\n\n\n<p>If mediation does not result in a successful resolution, the parties may exercise their right to resolve the matters in dispute through the state written complaint or due process complaint procedures. Please refer to the <a href=\"\/vi\/DOE%20Forms\/Special%20Education\/Procedural%20Safeguards\/ProceduralSafeguards.pdf\/\" target=\"_blank\" rel=\"noreferrer noopener\">Th\u00f4ng b\u00e1o v\u1ec1 bi\u1ec7n ph\u00e1p b\u1ea3o v\u1ec7 th\u1ee7 t\u1ee5c<\/a> for more information about state written complaints and due process complaints.<\/p>\n\n\n\n<p>T\u1edd r\u01a1i \u0111\u00ednh k\u00e8m, <a href=\"\/vi\/DOE%20Forms\/Special%20Education\/Mediation.pdf\/\" target=\"_blank\" rel=\"noreferrer noopener\">Ho\u00e0 gi\u1ea3i gi\u00e1o d\u1ee5c \u0111\u1eb7c bi\u1ec7t \u2013 Gi\u1ea3i quy\u1ebft xung \u0111\u1ed9t gi\u1eefa ph\u1ee5 huynh v\u00e0 nh\u00e0 tr\u01b0\u1eddng (PDF)<\/a>, cung c\u1ea5p th\u00f4ng tin c\u00f3 li\u00ean quan v\u1ec1 vi\u1ec7c s\u1eed d\u1ee5ng h\u00f2a gi\u1ea3i nh\u01b0 b\u01b0\u1edbc \u0111\u1ea7u ti\u00ean \u0111\u1ec3 gi\u1ea3i quy\u1ebft m\u1ecdi xung \u0111\u1ed9t gi\u1eefa ph\u1ee5 huynh v\u00e0 nh\u00e0 tr\u01b0\u1eddng li\u00ean quan \u0111\u1ebfn m\u1ecdi kh\u00eda c\u1ea1nh c\u1ee7a gi\u00e1o d\u1ee5c \u0111\u1eb7c bi\u1ec7t.&nbsp;<\/p>\n\n\n\n<p>If you have any questions, please contact the Monitoring and Compliance Branch at&nbsp;<a href=\"mailto:specialedcomplaints@k12.hi.us\" target=\"_blank\" rel=\"noreferrer noopener\">specialedcomplaints@k12.hi.us<\/a>&nbsp;or 808-307-3600. The Center for Appropriate Dispute Resolution in Special Education (CADRE) has developed the <a href=\"https:\/\/www.cadreworks.org\/resources\/cadre-materials\/idea-dispute-resolution-parent-guides\/mediation\" target=\"_blank\" rel=\"noreferrer noopener\">H\u01b0\u1edbng d\u1eabn d\u00e0nh cho ph\u1ee5 huynh v\u1ec1 h\u00f2a gi\u1ea3i gi\u00e1o d\u1ee5c \u0111\u1eb7c bi\u1ec7t IDEA (PDF)<\/a> nh\u01b0 m\u1ed9t ngu\u1ed3n t\u00e0i nguy\u00ean cho ph\u1ee5 huynh.<\/p>\n\n\n\n<h2 class=\"wp-block-heading\">Khi\u1ebfu n\u1ea1i b\u1eb1ng v\u0103n b\u1ea3n c\u1ee7a ti\u1ec3u bang v\u1ec1 gi\u00e1o d\u1ee5c \u0111\u1eb7c bi\u1ec7t&nbsp;<\/h2>\n\n\n\n<p>Theo 34 CFR \u00a7300.153 v\u00e0 HAR \u00a78-60-54, m\u1ed9t t\u1ed5 ch\u1ee9c ho\u1eb7c c\u00e1 nh\u00e2n c\u00f3 th\u1ec3 n\u1ed9p \u0111\u01a1n khi\u1ebfu n\u1ea1i c\u1ea5p ti\u1ec3u bang b\u1eb1ng v\u0103n b\u1ea3n c\u00f3 ch\u1eef k\u00fd n\u1ebfu t\u1ed5 ch\u1ee9c ho\u1eb7c c\u00e1 nh\u00e2n \u0111\u00f3 tin r\u1eb1ng HIDOE \u0111\u00e3 vi ph\u1ea1m c\u00e1c \u0111i\u1ec1u kho\u1ea3n c\u1ee7a \u0110\u1ea1o lu\u1eadt C\u1ea3i thi\u1ec7n Gi\u00e1o d\u1ee5c d\u00e0nh cho C\u00e1 nh\u00e2n Khuy\u1ebft t\u1eadt n\u0103m 2004 (IDEA) v\u00e0 Quy \u0111\u1ecbnh H\u00e0nh ch\u00ednh Hawai\u02bbi (HAR) Ch\u01b0\u01a1ng 60. \u0110\u1ec3 n\u1ed9p \u0111\u01a1n khi\u1ebfu n\u1ea1i c\u1ea5p ti\u1ec3u bang b\u1eb1ng v\u0103n b\u1ea3n, b\u1ea1n c\u00f3 th\u1ec3 s\u1eed d\u1ee5ng <a href=\"\/vi\/DOE%20Forms\/Special%20Education\/WrittenComplaint.pdf\/\" target=\"_blank\" rel=\"noreferrer noopener\">M\u1eabu \u0111\u01a1n khi\u1ebfu n\u1ea1i b\u1eb1ng v\u0103n b\u1ea3n c\u1ee7a ti\u1ec3u bang v\u1ec1 gi\u00e1o d\u1ee5c \u0111\u1eb7c bi\u1ec7t (PDF)<\/a>.<\/p>\n\n\n\n<p>Vui l\u00f2ng tham kh\u1ea3o th\u01b0 xin vi\u1ec7c <a href=\"\/vi\/DOE%20Forms\/Special%20Education\/WrittenComplaintCoverLetter.pdf\/\" target=\"_blank\" rel=\"noreferrer noopener\">Th\u01b0 xin khi\u1ebfu n\u1ea1i b\u1eb1ng v\u0103n b\u1ea3n v\u1ec1 gi\u00e1o d\u1ee5c \u0111\u1eb7c bi\u1ec7t (PDF)<\/a> \u0111\u1ec3 t\u00ecm hi\u1ec3u th\u00eam v\u1ec1 quy tr\u00ecnh v\u00e0 c\u00e1ch n\u1ed9p \u0111\u01a1n khi\u1ebfu n\u1ea1i c\u1ea5p ti\u1ec3u bang b\u1eb1ng v\u0103n b\u1ea3n.<\/p>\n\n\n\n<p>G\u1eedi khi\u1ebfu n\u1ea1i b\u1eb1ng v\u0103n b\u1ea3n v\u1ec1 gi\u00e1o d\u1ee5c \u0111\u1eb7c bi\u1ec7t t\u1edbi Ch\u01b0\u01a1ng tr\u00ecnh Qu\u1ea3n l\u00fd Khi\u1ebfu n\u1ea1i c\u1ee7a B\u1ed9 t\u1ea1i:<\/p>\n\n\n\n<p><strong>\u0110\u1ecba ch\u1ec9 g\u1eedi th\u01b0<\/strong><br>Ch\u01b0\u01a1ng tr\u00ecnh qu\u1ea3n l\u00fd khi\u1ebfu n\u1ea1i<br>Chi nh\u00e1nh gi\u00e1m s\u00e1t v\u00e0 tu\u00e2n th\u1ee7<br>H\u1ed9p th\u01b0 b\u01b0u \u0111i\u1ec7n 2360<br>Honolulu, HI 96804&nbsp;<\/p>\n\n\n\n<p><strong>E-mail<\/strong>: <a href=\"mailto:specialedcomplaints@k12.hi.us\"><\/a><a href=\"mailto:specialedcomplaints@k12.hi.us\" target=\"_blank\" rel=\"noreferrer noopener\">specialedcomplaints@k12.hi.us<\/a><\/p>\n\n\n\n<p>If you have any questions, please contact the Monitoring and Compliance Branch at&nbsp;<a href=\"mailto:specialedcomplaints@k12.hi.us\" target=\"_blank\" rel=\"noreferrer noopener\">specialedcomplaints@k12.hi.us<\/a>&nbsp;or 808-307-3600. The Center for Appropriate Dispute Resolution in Special Education (CADRE) has developed the <a href=\"https:\/\/www.cadreworks.org\/resources\/cadre-materials\/idea-dispute-resolution-parent-guides\/written-state-complaints\" target=\"_blank\" rel=\"noreferrer noopener\">H\u01b0\u1edbng d\u1eabn d\u00e0nh cho ph\u1ee5 huynh v\u1ec1 khi\u1ebfu n\u1ea1i b\u1eb1ng v\u0103n b\u1ea3n c\u1ee7a ti\u1ec3u bang v\u1ec1 gi\u00e1o d\u1ee5c \u0111\u1eb7c bi\u1ec7t IDEA (PDF)<\/a> d\u00e0nh cho ph\u1ee5 huynh v\u00e0 gia \u0111\u00ecnh.&nbsp;<\/p>\n\n\n\n<h2 class=\"wp-block-heading\">Phi\u00ean \u0111i\u1ec1u tr\u1ea7n v\u1ec1 quy tr\u00ecnh c\u00f4ng b\u1eb1ng c\u1ee7a gi\u00e1o d\u1ee5c \u0111\u1eb7c bi\u1ec7t&nbsp;<\/h2>\n\n\n\n<p>N\u1ebfu b\u1ea1n mu\u1ed1n kh\u1edfi x\u01b0\u1edbng y\u00eau c\u1ea7u \u0111i\u1ec1u tr\u1ea7n c\u00f4ng b\u1eb1ng v\u1ec1 m\u1eb7t gi\u00e1o d\u1ee5c \u0111\u1eb7c bi\u1ec7t, b\u1ea1n c\u00f3 th\u1ec3 s\u1eed d\u1ee5ng m\u1eabu \u0111\u01a1n c\u00f3 s\u1eb5n b\u00ean d\u01b0\u1edbi:<\/p>\n\n\n\n<ul class=\"wp-block-list\">\n<li><a href=\"\/vi\/DOE%20Forms\/Special%20Education\/ImpartialDueProcessHearingForm.pdf\/\" target=\"_blank\" rel=\"noreferrer noopener\">Y\u00eau c\u1ea7u v\u1ec1 Bi\u1ec3u m\u1eabu Phi\u00ean \u0111i\u1ec1u tr\u1ea7n c\u00f4ng b\u1eb1ng v\u1ec1 Gi\u00e1o d\u1ee5c \u0111\u1eb7c bi\u1ec7t (PDF)<\/a><\/li>\n<\/ul>\n\n\n\n<p>N\u1ebfu b\u1ea1n mu\u1ed1n bi\u1ebft th\u00eam v\u1ec1 quy tr\u00ecnh v\u00e0 c\u00e1ch kh\u1edfi x\u01b0\u1edbng y\u00eau c\u1ea7u \u0111i\u1ec1u tr\u1ea7n theo th\u1ee7 t\u1ee5c t\u1ed1 t\u1ee5ng c\u00f4ng b\u1eb1ng, vui l\u00f2ng tham kh\u1ea3o th\u01b0 gi\u1edbi thi\u1ec7u b\u00ean d\u01b0\u1edbi:<\/p>\n\n\n\n<ul class=\"wp-block-list\">\n<li><a href=\"\/vi\/DOE%20Forms\/Special%20Education\/RequestImpartialDueProcessHearing-CoverLetter.pdf\/\" target=\"_blank\" rel=\"noreferrer noopener\">Th\u01b0 xin vi\u1ec7c v\u1ec1 phi\u00ean \u0111i\u1ec1u tr\u1ea7n c\u00f4ng b\u1eb1ng v\u1ec1 gi\u00e1o d\u1ee5c \u0111\u1eb7c bi\u1ec7t (PDF)<\/a>&nbsp;<\/li>\n<\/ul>\n\n\n\n<p>M\u1ecdi y\u00eau c\u1ea7u v\u1ec1 phi\u00ean \u0111i\u1ec1u tr\u1ea7n theo \u0111\u00fang th\u1ee7 t\u1ee5c ph\u1ea3i \u0111\u01b0\u1ee3c g\u1eedi t\u1edbi:<\/p>\n\n\n\n<ul class=\"wp-block-list\">\n<li><a href=\"https:\/\/hawaiipublicschools.org\/vi\/contact\/complex-area-directory\/\" data-type=\"page\" data-id=\"157\" target=\"_blank\" rel=\"noreferrer noopener\">Th\u01b0 m\u1ee5c Gi\u00e1m \u0111\u1ed1c khu ph\u1ee9c h\u1ee3p (CAS)<mark style=\"background-color:rgba(0, 0, 0, 0);color:#e51e1e\" class=\"has-inline-color\">&nbsp;<\/mark><\/a><\/li>\n\n\n\n<li><a href=\"mailto:specialedcomplaints@k12.hi.us\" target=\"_blank\" rel=\"noreferrer noopener\">Ch\u01b0\u01a1ng tr\u00ecnh qu\u1ea3n l\u00fd khi\u1ebfu n\u1ea1i (CMP), Chi nh\u00e1nh gi\u00e1m s\u00e1t v\u00e0 tu\u00e2n th\u1ee7<\/a><\/li>\n\n\n\n<li><a href=\"mailto:Atg.odr@hawaii.gov\" target=\"_blank\" rel=\"noreferrer noopener\">V\u0103n ph\u00f2ng gi\u1ea3i quy\u1ebft tranh ch\u1ea5p<\/a><\/li>\n<\/ul>\n\n\n\n<p><strong>C\u00c1N B\u1ed8<\/strong> \u2013 Trung t\u00e2m Gi\u1ea3i quy\u1ebft Tranh ch\u1ea5p Th\u00edch h\u1ee3p trong Gi\u00e1o d\u1ee5c \u0110\u1eb7c bi\u1ec7t \u0111\u00e3 ph\u00e1t tri\u1ec3n c\u00e1c ngu\u1ed3n l\u1ef1c sau \u0111\u00e2y d\u00e0nh cho ph\u1ee5 huynh v\u00e0 gia \u0111\u00ecnh:<\/p>\n\n\n\n<ul class=\"wp-block-list\">\n<li><a href=\"https:\/\/www.cadreworks.org\/resources\/cadre-materials\/idea-dispute-resolution-parent-guides\/due-process-complaints\" target=\"_blank\" rel=\"noreferrer noopener\">H\u01b0\u1edbng d\u1eabn d\u00e0nh cho ph\u1ee5 huynh v\u1ec1 khi\u1ebfu n\u1ea1i theo th\u1ee7 t\u1ee5c ph\u00e1p l\u00fd v\u1ec1 gi\u00e1o d\u1ee5c \u0111\u1eb7c bi\u1ec7t IDEA<\/a><\/li>\n\n\n\n<li><a href=\"https:\/\/www.cadreworks.org\/resources\/cadre-materials\/idea-dispute-resolution-parent-guides\/due-process-complaints\/resolution-meetings\" target=\"_blank\" rel=\"noreferrer noopener\">Cu\u1ed9c h\u1ecdp gi\u1ea3i quy\u1ebft<\/a><\/li>\n\n\n\n<li><a href=\"https:\/\/www.cadreworks.org\/resources\/cadre-materials\/idea-dispute-resolution-parent-guides\/due-process-complaints\/expedited-due-process-complaints\" target=\"_blank\" rel=\"noreferrer noopener\">H\u01b0\u1edbng d\u1eabn d\u00e0nh cho ph\u1ee5 huynh v\u1ec1 khi\u1ebfu n\u1ea1i th\u1ee7 t\u1ee5c ph\u00e1p l\u00fd nhanh ch\u00f3ng v\u1ec1 gi\u00e1o d\u1ee5c \u0111\u1eb7c bi\u1ec7t IDEA<\/a><\/li>\n<\/ul>\n\n\n\n<p>If you have any questions, please contact the Monitoring and Compliance Branch at <a href=\"mailto:specialedcomplaints@k12.hi.us\" target=\"_blank\" rel=\"noreferrer noopener\">specialedcomplaints@k12.hi.us<\/a> or 808-307-3600.<\/p>\n\n\n\n<h2 class=\"wp-block-heading\">REDACTED IMPARTIAl Due Process Hearing decisions<\/h2>\n\n\n\n<p>If you would like to review redacted impartial due process hearing request decisions, click the link below:<\/p>\n\n\n\n<ul class=\"wp-block-list\">\n<li><a href=\"https:\/\/hawaiipublicschools.org\/vi\/school-services\/parent-rights\/dispute-resolutions-and-mediations\/impartial-due-process-hearing-redacted-decisions\/\" target=\"_blank\" rel=\"noreferrer noopener\">Redacted Impartial Due Process Decisions<\/a><\/li>\n<\/ul>","protected":false},"excerpt":{"rendered":"<p>The Department encourages you to work cooperatively with schools to attempt to address your differences through informal means whenever possible. However, when those informal means prove unsuccessful, the Individuals with Disabilities Education Act (IDEA) and its implementing regulations provide specific options for resolving disputes between parents and schools, which can be used in a manner [&hellip;]<\/p>","protected":false},"author":13,"featured_media":0,"parent":49,"menu_order":0,"comment_status":"closed","ping_status":"closed","template":"","meta":{"_relevanssi_hide_post":"","_relevanssi_hide_content":"","_relevanssi_pin_for_all":"","_relevanssi_pin_keywords":"","_relevanssi_unpin_keywords":"","_relevanssi_related_keywords":"","_relevanssi_related_include_ids":"","_relevanssi_related_exclude_ids":"","_relevanssi_related_no_append":"","_relevanssi_related_not_related":"","_relevanssi_related_posts":"","_relevanssi_noindex_reason":"","_sitemap_exclude":false,"_sitemap_priority":"","_sitemap_frequency":"","_kad_blocks_custom_css":"","_kad_blocks_head_custom_js":"","_kad_blocks_body_custom_js":"","_kad_blocks_footer_custom_js":"","wp_popup_display_lightbox":0,"wp_popup_suppress":"","wp_popup_trigger":"","wp_popup_trigger_amount":0,"wp_popup_disable_on_mobile":false,"footnotes":""},"class_list":["post-8194","page","type-page","status-publish","hentry"],"pp_statuses_selecting_workflow":false,"pp_workflow_action":"current","pp_status_selection":"publish","taxonomy_info":[],"featured_image_src_large":false,"author_info":{"display_name":"Sara Miyazono","author_link":"https:\/\/hawaiipublicschools.org\/vi\/author\/sara-miyazonok12-hi-us\/"},"comment_info":0,"publishpress_future_action":{"enabled":false,"date":"2026-05-05 00:15:39","action":"change-status","newStatus":"draft","terms":[],"taxonomy":"","extraData":[]},"publishpress_future_workflow_manual_trigger":{"enabledWorkflows":[]},"_links":{"self":[{"href":"https:\/\/hawaiipublicschools.org\/vi\/wp-json\/wp\/v2\/pages\/8194","targetHints":{"allow":["GET"]}}],"collection":[{"href":"https:\/\/hawaiipublicschools.org\/vi\/wp-json\/wp\/v2\/pages"}],"about":[{"href":"https:\/\/hawaiipublicschools.org\/vi\/wp-json\/wp\/v2\/types\/page"}],"author":[{"embeddable":true,"href":"https:\/\/hawaiipublicschools.org\/vi\/wp-json\/wp\/v2\/users\/13"}],"replies":[{"embeddable":true,"href":"https:\/\/hawaiipublicschools.org\/vi\/wp-json\/wp\/v2\/comments?post=8194"}],"version-history":[{"count":0,"href":"https:\/\/hawaiipublicschools.org\/vi\/wp-json\/wp\/v2\/pages\/8194\/revisions"}],"up":[{"embeddable":true,"href":"https:\/\/hawaiipublicschools.org\/vi\/wp-json\/wp\/v2\/pages\/49"}],"wp:attachment":[{"href":"https:\/\/hawaiipublicschools.org\/vi\/wp-json\/wp\/v2\/media?parent=8194"}],"curies":[{"name":"wp","href":"https:\/\/api.w.org\/{rel}","templated":true}]}}