{"id":7844,"date":"2025-02-10T07:55:59","date_gmt":"2025-02-10T17:55:59","guid":{"rendered":"https:\/\/hawaiipublicschools.org\/?page_id=7844"},"modified":"2025-11-25T09:19:46","modified_gmt":"2025-11-25T19:19:46","slug":"jrotc","status":"publish","type":"page","link":"https:\/\/hawaiipublicschools.org\/vi\/academics\/jrotc\/","title":{"rendered":"JROTC"},"content":{"rendered":"<p>Qu\u00e2n \u0111o\u00e0n hu\u1ea5n luy\u1ec7n s\u0129 quan d\u1ef1 b\u1ecb (JROTC) l\u00e0 m\u1ed9t ch\u01b0\u01a1ng tr\u00ecnh \u0111\u00e0o t\u1ea1o k\u00e9o d\u00e0i b\u1ed1n n\u0103m <a href=\"https:\/\/hawaiipublicschools.org\/vi\/academics\/secondary-middle-high-school\/career-technical-education\/\" data-type=\"page\" data-id=\"859\">CTE<\/a> ch\u01b0\u01a1ng tr\u00ecnh gi\u1ea3ng d\u1ea1y t\u1ef1 ch\u1ecdn \u0111\u01b0\u1ee3c chia s\u1ebb chi ph\u00ed b\u1edfi Qu\u00e2n \u0111\u1ed9i, H\u1ea3i qu\u00e2n, Kh\u00f4ng qu\u00e2n v\u00e0 Th\u1ee7y qu\u00e2n L\u1ee5c chi\u1ebfn Hoa K\u1ef3. Hai kh\u00f3a h\u1ecdc JROTC li\u00ean ti\u1ebfp \u0111\u00e1p \u1ee9ng y\u00eau c\u1ea7u hai t\u00edn ch\u1ec9 CTE \u0111\u1ec3 l\u1ea5y b\u1eb1ng t\u1ed1t nghi\u1ec7p trung h\u1ecdc.&nbsp;<\/p>\n\n\n\n<p>Ch\u01b0\u01a1ng tr\u00ecnh gi\u1ea3ng d\u1ea1y \u0111\u01b0\u1ee3c thi\u1ebft k\u1ebf \u0111\u1ec3 d\u1ea1y cho h\u1ecdc sinh trung h\u1ecdc v\u1ec1 gi\u00e1 tr\u1ecb c\u1ee7a quy\u1ec1n c\u00f4ng d\u00e2n, kh\u1ea3 n\u0103ng l\u00e3nh \u0111\u1ea1o, tr\u00e1ch nhi\u1ec7m c\u00e1 nh\u00e2n v\u00e0 tinh th\u1ea7n \u0111\u1ed3ng \u0111\u1ed9i, \u0111\u1ed3ng th\u1eddi truy\u1ec1n \u0111\u1ea1t l\u00f2ng t\u1ef1 tr\u1ecdng, t\u00ednh t\u1ef1 gi\u00e1c v\u00e0 \u00fd th\u1ee9c ho\u00e0n th\u00e0nh nhi\u1ec7m v\u1ee5. C\u00e1c h\u1ecdc vi\u00ean JROTC \u0111\u1ea1t \u0111\u01b0\u1ee3c c\u1ea5p b\u1eadc cao h\u01a1n khi nh\u1eadp ng\u0169 v\u00e0o b\u1ea5t k\u1ef3 nh\u00e1nh n\u00e0o c\u1ee7a qu\u00e2n \u0111\u1ed9i v\u00e0 c\u00f3 c\u01a1 h\u1ed9i n\u00e2ng cao \u0111\u1ec3 \u0111\u01b0\u1ee3c b\u1ed5 nhi\u1ec7m v\u00e0o h\u1ecdc vi\u1ec7n li\u00ean bang\/qu\u00e2n s\u1ef1 v\u00e0 h\u1ecdc b\u1ed5ng \u0111\u1ea1i h\u1ecdc ROTC. JROTC kh\u00f4ng ph\u1ea3i l\u00e0 ch\u01b0\u01a1ng tr\u00ecnh tuy\u1ec3n d\u1ee5ng qu\u00e2n s\u1ef1; c\u00e1c h\u1ecdc vi\u00ean s\u1ebd kh\u00f4ng ph\u1ea3i ch\u1ecbu b\u1ea5t k\u1ef3 ngh\u0129a v\u1ee5 qu\u00e2n s\u1ef1 n\u00e0o sau khi ho\u00e0n th\u00e0nh ch\u01b0\u01a1ng tr\u00ecnh.<\/p>\n\n\n\n<p>JROTC l\u00e0 m\u1ed9t d\u1ecbch v\u1ee5 cho \u0111\u1ea5t n\u01b0\u1edbc ch\u00fang ta, v\u00ec n\u00f3 cung c\u1ea5p cho c\u00e1c h\u1ecdc vi\u00ean \u0111\u1ed9ng l\u1ef1c v\u00e0 k\u1ef9 n\u0103ng \u0111\u1ec3 c\u1ea3i thi\u1ec7n th\u1ec3 l\u1ef1c; tr\u00e1nh xa ma t\u00fay; t\u01b0 duy ph\u1ea3n bi\u1ec7n v\u00e0 s\u00e1ng t\u1ea1o; giao ti\u1ebfp hi\u1ec7u qu\u1ea3; l\u00e0m vi\u1ec7c theo nh\u00f3m; t\u1ed1t nghi\u1ec7p trung h\u1ecdc; theo \u0111u\u1ed5i s\u1ef1 nghi\u1ec7p c\u00f3 \u00fd ngh\u0129a, \u0111\u1eb7c bi\u1ec7t l\u00e0 trong c\u00e1c l\u0129nh v\u1ef1c khoa h\u1ecdc, c\u00f4ng ngh\u1ec7, k\u1ef9 thu\u1eadt v\u00e0 to\u00e1n h\u1ecdc (STEM); v\u00e0 tr\u1edf th\u00e0nh c\u00f4ng d\u00e2n th\u00e0nh \u0111\u1ea1t.&nbsp;<\/p>\n\n\n\n<p>\u0110\u1ec3 bi\u1ebft th\u00eam th\u00f4ng tin, h\u00e3y li\u00ean h\u1ec7 v\u1edbi LTC (\u0111\u00e3 ngh\u1ec9 h\u01b0u) Edgar Rivera t\u1ea1i&nbsp;<a href=\"mailto:edgardo.rivera@k12.hi.us\" target=\"_blank\" rel=\"noreferrer noopener\">edgardo.rivera@k12.hi.us<\/a>.<\/p>\n\n\n\n<h3 class=\"wp-block-heading\">Trang web qu\u00e2n s\u1ef1<\/h3>\n\n\n\n<ul class=\"wp-block-list\">\n<li><a href=\"https:\/\/usarmyjrotc.army.mil\/\" target=\"_blank\" rel=\"noreferrer noopener\">Trang web ROTC c\u1ee7a Qu\u00e2n \u0111\u1ed9i<\/a><\/li>\n\n\n\n<li><a href=\"https:\/\/www.afrotc.com\/\" target=\"_blank\" rel=\"noreferrer noopener\">Trang web ROTC c\u1ee7a Kh\u00f4ng qu\u00e2n<\/a><\/li>\n\n\n\n<li><a href=\"http:\/\/www.njrotc.navy.mil\/\" target=\"_blank\" rel=\"noreferrer noopener\">Trang web ROTC c\u1ee7a H\u1ea3i qu\u00e2n<\/a><\/li>\n\n\n\n<li><a href=\"http:\/\/www.mcjrotc.marines.mil\/\" target=\"_blank\" rel=\"noreferrer noopener\">Trang web ROTC c\u1ee7a Th\u1ee7y qu\u00e2n L\u1ee5c chi\u1ebfn<\/a><\/li>\n<\/ul>\n\n\n\n<p><\/p>","protected":false},"excerpt":{"rendered":"<p>The Junior Reserve Officers&#8217; Training Corps (JROTC) is a four-year CTE elective program of instruction cost-shared by the U.S. Army, Navy, Air Force, and Marine Corps. Two consecutive JROTC courses fulfill the CTE two-credit requirement for a high school diploma.&nbsp; The curriculum is designed to teach high school students the value of citizenship, leadership, personal [&hellip;]<\/p>","protected":false},"author":13,"featured_media":0,"parent":22,"menu_order":0,"comment_status":"closed","ping_status":"closed","template":"","meta":{"_relevanssi_hide_post":"","_relevanssi_hide_content":"","_relevanssi_pin_for_all":"","_relevanssi_pin_keywords":"","_relevanssi_unpin_keywords":"","_relevanssi_related_keywords":"","_relevanssi_related_include_ids":"","_relevanssi_related_exclude_ids":"","_relevanssi_related_no_append":"","_relevanssi_related_not_related":"","_relevanssi_related_posts":"856,888,893,1022,1619,1622","_relevanssi_noindex_reason":"","_sitemap_exclude":false,"_sitemap_priority":"","_sitemap_frequency":"","_kad_blocks_custom_css":"","_kad_blocks_head_custom_js":"","_kad_blocks_body_custom_js":"","_kad_blocks_footer_custom_js":"","wp_popup_display_lightbox":0,"wp_popup_suppress":"","wp_popup_trigger":"","wp_popup_trigger_amount":0,"wp_popup_disable_on_mobile":false,"footnotes":""},"class_list":["post-7844","page","type-page","status-publish","hentry"],"pp_statuses_selecting_workflow":false,"pp_workflow_action":"current","pp_status_selection":"publish","taxonomy_info":[],"featured_image_src_large":false,"author_info":{"display_name":"Sara Miyazono","author_link":"https:\/\/hawaiipublicschools.org\/vi\/author\/sara-miyazonok12-hi-us\/"},"comment_info":0,"publishpress_future_action":{"enabled":false,"date":"2026-04-15 09:28:50","action":"change-status","newStatus":"draft","terms":[],"taxonomy":"","extraData":[]},"publishpress_future_workflow_manual_trigger":{"enabledWorkflows":[]},"_links":{"self":[{"href":"https:\/\/hawaiipublicschools.org\/vi\/wp-json\/wp\/v2\/pages\/7844","targetHints":{"allow":["GET"]}}],"collection":[{"href":"https:\/\/hawaiipublicschools.org\/vi\/wp-json\/wp\/v2\/pages"}],"about":[{"href":"https:\/\/hawaiipublicschools.org\/vi\/wp-json\/wp\/v2\/types\/page"}],"author":[{"embeddable":true,"href":"https:\/\/hawaiipublicschools.org\/vi\/wp-json\/wp\/v2\/users\/13"}],"replies":[{"embeddable":true,"href":"https:\/\/hawaiipublicschools.org\/vi\/wp-json\/wp\/v2\/comments?post=7844"}],"version-history":[{"count":0,"href":"https:\/\/hawaiipublicschools.org\/vi\/wp-json\/wp\/v2\/pages\/7844\/revisions"}],"up":[{"embeddable":true,"href":"https:\/\/hawaiipublicschools.org\/vi\/wp-json\/wp\/v2\/pages\/22"}],"wp:attachment":[{"href":"https:\/\/hawaiipublicschools.org\/vi\/wp-json\/wp\/v2\/media?parent=7844"}],"curies":[{"name":"wp","href":"https:\/\/api.w.org\/{rel}","templated":true}]}}