{"id":78,"date":"2024-09-04T23:33:55","date_gmt":"2024-09-04T23:33:55","guid":{"rendered":"https:\/\/hawaiipublicschools.org\/?page_id=78"},"modified":"2025-02-25T11:28:00","modified_gmt":"2025-02-25T21:28:00","slug":"after-school-programs","status":"publish","type":"page","link":"https:\/\/hawaiipublicschools.org\/vi\/student-programs\/after-school-programs\/","title":{"rendered":"Ch\u01b0\u01a1ng tr\u00ecnh sau gi\u1edd h\u1ecdc"},"content":{"rendered":"<h2 class=\"wp-block-heading\">Ch\u01b0\u01a1ng tr\u00ecnh ngo\u00e0i gi\u1edd h\u1ecdc<\/h2>\n\n\n\n<p>C\u00e1c ch\u01b0\u01a1ng tr\u00ecnh ngo\u00e0i gi\u1edd h\u1ecdc (OST), \u0111\u01b0\u1ee3c t\u00e0i tr\u1ee3 b\u1edfi c\u00e1c ngu\u1ed3n l\u1ef1c c\u1ee7a ti\u1ec3u bang v\u00e0 li\u00ean bang, \u0111\u01b0\u1ee3c thi\u1ebft k\u1ebf \u0111\u1ec3 cung c\u1ea5p c\u00e1c tr\u1ea3i nghi\u1ec7m h\u1ecdc t\u1eadp ch\u1ea5t l\u01b0\u1ee3ng cao v\u01b0\u1ee3t ra ngo\u00e0i ng\u00e0y h\u1ecdc th\u00f4ng th\u01b0\u1eddng v\u00e0 gi\u00fap h\u1ecdc sinh ti\u1ebfp x\u00fac v\u1edbi c\u00e1c tr\u1ea3i nghi\u1ec7m v\u00e0 c\u01a1 h\u1ed9i kh\u00f4ng c\u00f3 trong ng\u00e0y h\u1ecdc th\u00f4ng th\u01b0\u1eddng. C\u00e1c ch\u01b0\u01a1ng tr\u00ecnh n\u00e0y r\u1ea5t c\u1ea7n thi\u1ebft \u0111\u1ec3 n\u00e2ng cao k\u1ebft qu\u1ea3 c\u1ee7a h\u1ecdc sinh b\u1eb1ng c\u00e1ch li\u00ean k\u1ebft vi\u1ec7c h\u1ecdc t\u1eadp tr\u00ean l\u1edbp v\u1edbi c\u00e1c ho\u1ea1t \u0111\u1ed9ng OST, t\u00e1c \u0111\u1ed9ng t\u00edch c\u1ef1c \u0111\u1ebfn h\u00e0nh vi, s\u1ef1 tham gia v\u00e0 th\u00e0nh t\u00edch h\u1ecdc t\u1eadp.&nbsp;<\/p>\n\n\n\n<p>V\u1edbi s\u1ef1 tham gia th\u01b0\u1eddng xuy\u00ean, sinh vi\u00ean \u0111\u01b0\u1ee3c h\u01b0\u1edfng l\u1ee3i t\u1eeb s\u1ef1 h\u1ed7 tr\u1ee3 h\u1ecdc t\u1eadp v\u00e0 c\u01a1 h\u1ed9i ph\u00e1t tri\u1ec3n c\u00e1c k\u1ef9 n\u0103ng x\u00e3 h\u1ed9i-c\u1ea3m x\u00fac. C\u00e1c ch\u01b0\u01a1ng tr\u00ecnh OST t\u1ea1i HIDOE \u0111\u01b0\u1ee3c qu\u1ea3n l\u00fd b\u1edfi <a href=\"https:\/\/hawaiicommunityengagement.com\/\" target=\"_blank\" rel=\"noreferrer noopener\">Chi nh\u00e1nh tham gia c\u1ed9ng \u0111\u1ed3ng<\/a>.<\/p>\n\n\n\n<ul class=\"wp-block-list\">\n<li><a href=\"https:\/\/hawaiicommunityengagement.com\/after-school-plus\/\" target=\"_blank\" rel=\"noreferrer noopener\">Sau gi\u1edd h\u1ecdc Plus (A+)<\/a> \u2014 Cung c\u1ea5p d\u1ecbch v\u1ee5 ch\u0103m s\u00f3c v\u00e0 h\u1ecdc t\u1eadp c\u00f3 c\u1ea5u tr\u00fac sau gi\u1edd h\u1ecdc cho h\u1ecdc sinh ti\u1ec3u h\u1ecdc.<\/li>\n\n\n\n<li><a href=\"https:\/\/hawaiicommunityengagement.com\/uplink\/\" target=\"_blank\" rel=\"noreferrer noopener\">United Peer Learning, T\u00edch h\u1ee3p ki\u1ebfn th\u1ee9c m\u1edbi (UPLINK)<\/a> \u2014 M\u1ed9t ch\u01b0\u01a1ng tr\u00ecnh t\u1eadp trung v\u00e0o vi\u1ec7c h\u1ecdc t\u1eadp theo nh\u00f3m d\u00e0nh cho h\u1ecdc sinh trung h\u1ecdc c\u01a1 s\u1edf\/trung c\u1ea5p.<\/li>\n\n\n\n<li><a href=\"https:\/\/hawaiicommunityengagement.com\/reach\/\" target=\"_blank\" rel=\"noreferrer noopener\">T\u00e0i nguy\u00ean cho s\u1ef1 phong ph\u00fa, th\u1ec3 thao, v\u0103n h\u00f3a v\u00e0 s\u1ee9c kh\u1ecfe (REACH)<\/a> \u2014 Ch\u01b0\u01a1ng tr\u00ecnh b\u1ed3i d\u01b0\u1ee1ng nh\u1eb1m m\u1ee5c \u0111\u00edch ph\u00e1t tri\u1ec3n to\u00e0n di\u1ec7n cho h\u1ecdc sinh trung h\u1ecdc c\u01a1 s\u1edf\/trung h\u1ecdc ph\u1ed5 th\u00f4ng.<\/li>\n\n\n\n<li>Trung t\u00e2m h\u1ecdc t\u1eadp c\u1ed9ng \u0111\u1ed3ng th\u1ebf k\u1ef7 21 Nita M. Lowey (21CCLC) \u2014 Th\u00fac \u0111\u1ea9y vi\u1ec7c h\u1ecdc t\u1eadp c\u1ed9ng \u0111\u1ed3ng cho h\u1ecdc sinh v\u00e0 gia \u0111\u00ecnh \u1edf nh\u1eefng khu v\u1ef1c ph\u1ee9c t\u1ea1p.<\/li>\n\n\n\n<li><a href=\"\/vi\/DOE%20Forms\/OST%20ESSER%20Program%20Listing.pdf\/\" target=\"_blank\" rel=\"noreferrer noopener\">Ch\u01b0\u01a1ng tr\u00ecnh c\u1ee9u tr\u1ee3 kh\u1ea9n c\u1ea5p cho tr\u01b0\u1eddng ti\u1ec3u h\u1ecdc v\u00e0 trung h\u1ecdc OST (OST ESSER)<\/a> \u2014 H\u1ed7 tr\u1ee3 h\u1ecdc sinh trong tr\u01b0\u1eddng h\u1ee3p kh\u1ea9n c\u1ea5p b\u1eb1ng c\u00e1c c\u01a1 h\u1ed9i h\u1ecdc t\u1eadp v\u00e0 n\u00e2ng cao ki\u1ebfn th\u1ee9c \u0111\u01b0\u1ee3c t\u00e0i tr\u1ee3 b\u1edfi ch\u00ednh ph\u1ee7 li\u00ean bang.<\/li>\n<\/ul>\n\n\n\n<p>\u0110\u1ec3 bi\u1ebft th\u00f4ng tin chi ti\u1ebft v\u1ec1 c\u00e1c ch\u01b0\u01a1ng tr\u00ecnh sau gi\u1edd h\u1ecdc c\u1ee5 th\u1ec3, chi ph\u00ed v\u00e0 \u0111\u0103ng k\u00fd, h\u00e3y truy c\u1eadp <a href=\"https:\/\/hawaiicommunityengagement.com\/\" data-type=\"link\" data-id=\"https:\/\/hawaiicommunityengagement.com\/\">Trang web c\u1ee7a Chi nh\u00e1nh tham gia c\u1ed9ng \u0111\u1ed3ng<\/a>.<\/p>","protected":false},"excerpt":{"rendered":"<p>Out-of-School Time Programs Out-of-school time (OST) programs, funded by state and federal resources, are designed to provide high-quality learning experiences that extend beyond the regular school day and exposes students to experiences and opportunities not found during the regular school day. These programs are essential in enhancing student outcomes by linking academic learning with OST [&hellip;]<\/p>","protected":false},"author":8,"featured_media":0,"parent":77,"menu_order":12,"comment_status":"closed","ping_status":"closed","template":"","meta":{"_relevanssi_hide_post":"","_relevanssi_hide_content":"","_relevanssi_pin_for_all":"","_relevanssi_pin_keywords":"","_relevanssi_unpin_keywords":"","_relevanssi_related_keywords":"","_relevanssi_related_include_ids":"","_relevanssi_related_exclude_ids":"","_relevanssi_related_no_append":"","_relevanssi_related_not_related":"","_relevanssi_related_posts":"","_relevanssi_noindex_reason":"","_sitemap_exclude":false,"_sitemap_priority":"","_sitemap_frequency":"","_kad_blocks_custom_css":"","_kad_blocks_head_custom_js":"","_kad_blocks_body_custom_js":"","_kad_blocks_footer_custom_js":"","wp_popup_display_lightbox":0,"wp_popup_suppress":"","wp_popup_trigger":"","wp_popup_trigger_amount":0,"wp_popup_disable_on_mobile":false,"footnotes":""},"class_list":["post-78","page","type-page","status-publish","hentry"],"pp_statuses_selecting_workflow":false,"pp_workflow_action":"current","pp_status_selection":"publish","taxonomy_info":[],"featured_image_src_large":false,"author_info":{"display_name":"Ariana Enomoto","author_link":"https:\/\/hawaiipublicschools.org\/vi\/author\/arianastaceyleong-com\/"},"comment_info":0,"publishpress_future_action":{"enabled":false,"date":"2026-04-21 02:49:06","action":"change-status","newStatus":"draft","terms":[],"taxonomy":"","extraData":[]},"publishpress_future_workflow_manual_trigger":{"enabledWorkflows":[]},"_links":{"self":[{"href":"https:\/\/hawaiipublicschools.org\/vi\/wp-json\/wp\/v2\/pages\/78","targetHints":{"allow":["GET"]}}],"collection":[{"href":"https:\/\/hawaiipublicschools.org\/vi\/wp-json\/wp\/v2\/pages"}],"about":[{"href":"https:\/\/hawaiipublicschools.org\/vi\/wp-json\/wp\/v2\/types\/page"}],"author":[{"embeddable":true,"href":"https:\/\/hawaiipublicschools.org\/vi\/wp-json\/wp\/v2\/users\/8"}],"replies":[{"embeddable":true,"href":"https:\/\/hawaiipublicschools.org\/vi\/wp-json\/wp\/v2\/comments?post=78"}],"version-history":[{"count":0,"href":"https:\/\/hawaiipublicschools.org\/vi\/wp-json\/wp\/v2\/pages\/78\/revisions"}],"up":[{"embeddable":true,"href":"https:\/\/hawaiipublicschools.org\/vi\/wp-json\/wp\/v2\/pages\/77"}],"wp:attachment":[{"href":"https:\/\/hawaiipublicschools.org\/vi\/wp-json\/wp\/v2\/media?parent=78"}],"curies":[{"name":"wp","href":"https:\/\/api.w.org\/{rel}","templated":true}]}}