{"id":7192,"date":"2025-01-30T13:51:43","date_gmt":"2025-01-30T21:51:43","guid":{"rendered":"https:\/\/hawaiipublicschools.org\/internal\/design-modules\/"},"modified":"2025-02-10T09:57:34","modified_gmt":"2025-02-10T19:57:34","slug":"design-modules","status":"publish","type":"page","link":"https:\/\/hawaiipublicschools.org\/vi\/internal\/design-modules\/","title":{"rendered":"Design Modules"},"content":{"rendered":"<div class=\"wp-block-columns double_col_sidebar is-layout-flex wp-container-core-columns-is-layout-28f84493 wp-block-columns-is-layout-flex\">\n<div class=\"wp-block-column left_col is-layout-flow wp-block-column-is-layout-flow\">\n<h3 class=\"wp-block-heading\">Create Custom Buttons<\/h3>\n\n\n\n<p>Custom designed buttons were created to use thoughout the site. The button text and link can be updated accordingly. In addition, use these buttons sparingly\u2014when calling special attention to a link. Featuring too many buttons on a page will result in a cluttered page. For all other links, use a basic hotlink (<a href=\"https:\/\/hawaiipublicschools.org\/vi\/internal\/design-modules\/\" data-type=\"page\" data-id=\"7192\">Hotlinks have a underline<\/a>).<\/p>\n\n\n\n<p>For all light-color background pages, use the <strong>button with a black border, <\/strong>as shown below.<br><em><mark style=\"background-color:rgba(0, 0, 0, 0)\" class=\"has-inline-color has-contrast-3-color\">How to: Select the pattern called <strong>\u201cButton &#8211; Border Box Pos\u201d<\/strong><\/mark><\/em><\/p>\n\n\n\n<div class=\"wp-block-buttons is-layout-flex wp-block-buttons-is-layout-flex\" style=\"margin-bottom:var(--wp--preset--spacing--10)\">\n<div class=\"wp-block-button has-custom-font-size ghost positive custom_button border_bx-pos is-style-outline is-style-outline--1\" style=\"font-size:0.8rem\"><a class=\"wp-block-button__link has-text-color has-link-color has-border-color has-contrast-border-color wp-element-button\" style=\"border-width:2px;color:#010101;padding-top:12px;padding-right:20px;padding-bottom:12px;padding-left:20px\">T\u00ecm hi\u1ec3u th\u00eam<\/a><\/div>\n<\/div>\n\n\n<div class=\"kb-row-layout-wrap kb-row-layout-id7192_abf5a9-d4 alignnone has-contrast-2-background-color kt-row-has-bg wp-block-kadence-rowlayout\"><div class=\"kt-row-column-wrap kt-has-2-columns kt-row-layout-right-golden kt-tab-layout-inherit kt-mobile-layout-row kt-row-valign-top\">\n\n<div class=\"wp-block-kadence-column kadence-column7192_c9b3f4-06\"><div class=\"kt-inside-inner-col\">\n<div class=\"wp-block-buttons is-layout-flex wp-block-buttons-is-layout-flex\" style=\"margin-bottom:var(--wp--preset--spacing--10)\">\n<div class=\"wp-block-button has-custom-font-size ghost negative custom_button border_bx-pos is-style-outline is-style-outline--2\" style=\"font-size:0.8rem\"><a class=\"wp-block-button__link has-base-color has-text-color has-link-color has-border-color has-base-border-color wp-element-button\" style=\"border-width:2px;padding-top:12px;padding-right:20px;padding-bottom:12px;padding-left:20px\">T\u00ecm hi\u1ec3u th\u00eam<\/a><\/div>\n<\/div>\n<\/div><\/div>\n\n\n\n<div class=\"wp-block-kadence-column kadence-column7192_68fb3d-72\"><div class=\"kt-inside-inner-col\">\n<p class=\"has-base-color has-text-color has-link-color wp-elements-2806676fc09296c498abd651accd17d6\">C\u00e1i n\u00e0y <strong>button with a white border<\/strong> was designed for dark color backgrounds. <br><em><mark style=\"background-color:rgba(0, 0, 0, 0)\" class=\"has-inline-color has-accent-3-color\">How to: Select the pattern called <\/mark><\/em><strong><mark style=\"background-color:rgba(0, 0, 0, 0)\" class=\"has-inline-color has-accent-3-color\"><em>&#8220;Button &#8211; Border Box Neg&#8221;<\/em> <\/mark><\/strong><\/p>\n<\/div><\/div>\n\n<\/div><\/div>\n\n\n<div class=\"wp-block-kadence-column kadence-column4713_c10772-26\"><div class=\"kt-inside-inner-col\"><\/div><\/div>\n\n\n\n<p class=\"has-contrast-3-color has-text-color has-link-color wp-elements-65db27267858868b47c8c66026ad338a\"><em>How to: Select the pattern called <strong>\u201cDivider with Kapa pattern\u201d<\/strong><\/em><\/p>\n\n\n\n<div style=\"height:53px\" aria-hidden=\"true\" class=\"wp-block-spacer\"><\/div>\n\n\n\n<h2 class=\"wp-block-heading\">Using custom blocks<\/h2>\n\n\n\n<h3 class=\"wp-block-heading\">Create Accordion Menus<\/h3>\n\n\n\n<p>The accordion menu is ideal for organizing content like <strong>C\u00e2u h\u1ecfi th\u01b0\u1eddng g\u1eb7p<\/strong>. Use this custom block to enable a user to <strong>easily digest large amounts of information efficiently<\/strong>. Consider that the user must click on a \u201cmenu item\u201d to reveal the content.<\/p>\n\n\n\n<details class=\"wp-block-details is-layout-flow wp-block-details-is-layout-flow\"><summary>Menu item text goes here<\/summary>\n<p>Text will be revealed here upon clicking arrow<\/p>\n<\/details>\n\n\n\n<details class=\"wp-block-details is-layout-flow wp-block-details-is-layout-flow\"><summary>Menu item text goes here<\/summary>\n<p>Text will be revealed here upon clicking arrow<\/p>\n<\/details>\n\n\n\n<details class=\"wp-block-details is-layout-flow wp-block-details-is-layout-flow\"><summary>Menu item text goes here<\/summary>\n<p>Text will be revealed here upon clicking arrow<\/p>\n<\/details>\n\n\n\n<p class=\"has-contrast-3-color has-text-color has-link-color wp-elements-619224b1aa5487980161e4bc621a0e87\"><em>How to: Select the block called <strong>\u201cDetails\u201d<\/strong><\/em><\/p>\n<\/div>\n\n\n\n<div class=\"wp-block-column right_col is-layout-flow wp-block-column-is-layout-flow\"><div class=\"kb-row-layout-wrap kb-row-layout-id1050_d76aa3-f2 alignnone wp-block-kadence-rowlayout\"><div class=\"kt-row-column-wrap kt-has-2-columns kt-row-layout-row kt-tab-layout-row kt-mobile-layout-row kt-row-valign-top\">\n\n<div class=\"wp-block-kadence-column kadence-column1050_63c690-aa\"><div class=\"kt-inside-inner-col\">\n<figure class=\"wp-block-image size-full no_margin\"><img loading=\"lazy\" decoding=\"async\" width=\"1200\" height=\"898\" src=\"https:\/\/hawaiipublicschools.org\/wp-content\/uploads\/2024\/12\/Kalo.jpg\" alt=\"Close up photo of kalo leaves\" class=\"wp-image-2356\" style=\"aspect-ratio:4\/3;object-fit:cover\" srcset=\"https:\/\/hawaiipublicschools.org\/wp-content\/uploads\/2024\/12\/Kalo.jpg 1200w, https:\/\/hawaiipublicschools.org\/wp-content\/uploads\/2024\/12\/Kalo-300x225.jpg 300w, https:\/\/hawaiipublicschools.org\/wp-content\/uploads\/2024\/12\/Kalo-1024x766.jpg 1024w, https:\/\/hawaiipublicschools.org\/wp-content\/uploads\/2024\/12\/Kalo-768x575.jpg 768w, https:\/\/hawaiipublicschools.org\/wp-content\/uploads\/2024\/12\/Kalo-16x12.jpg 16w\" sizes=\"auto, (max-width: 1200px) 100vw, 1200px\" \/><\/figure>\n<\/div><\/div>\n\n\n\n<div class=\"wp-block-kadence-column kadence-column1050_6ae211-6a\"><div class=\"kt-inside-inner-col\">\n<h5 class=\"wp-block-heading has-base-color has-text-color has-link-color wp-elements-91735848e86ea283e0928ede427b944c\" style=\"margin-top:0px;padding-top:0;padding-bottom:0.5rem;font-size:1.4vw\">\u0110\u1ec2 BI\u1ebeT TH\u00caM TH\u00d4NG TIN<\/h5>\n\n\n\n<p class=\"has-base-color has-text-color has-link-color wp-elements-73de11a7dc8419c68045457638ce71c1\">Use this side box when creating a NEW side box on a page. Use this to call attention to important information relevant to the content of the page. Copy should be short and succinct.<\/p>\n<\/div><\/div>\n\n<\/div><\/div>\n\n\n<p class=\"has-contrast-3-color has-text-color has-link-color wp-elements-4d2465506b54746a5dd8b213fdaac8e4\"><em>How to: Select the block called <strong>\u201cSide box for flex content\u201d<\/strong><\/em><\/p>\n\n\n\n<div style=\"height:33px\" aria-hidden=\"true\" class=\"wp-block-spacer\"><\/div>\n\n\n<div class=\"kb-row-layout-wrap kb-row-layout-id134_3ba826-c0 alignnone wp-block-kadence-rowlayout\"><div class=\"kt-row-column-wrap kt-has-2-columns kt-row-layout-row kt-tab-layout-row kt-mobile-layout-row kt-row-valign-top\">\n\n<div class=\"wp-block-kadence-column kadence-column134_748e43-77\"><div class=\"kt-inside-inner-col\">\n<figure class=\"wp-block-image size-large no_margin\"><img loading=\"lazy\" decoding=\"async\" width=\"1024\" height=\"766\" src=\"https:\/\/hawaiipublicschools.org\/wp-content\/uploads\/2024\/12\/Kalo-1024x766.jpg\" alt=\"\" class=\"wp-image-2356\" style=\"aspect-ratio:4\/3;object-fit:cover\" srcset=\"https:\/\/hawaiipublicschools.org\/wp-content\/uploads\/2024\/12\/Kalo-1024x766.jpg 1024w, https:\/\/hawaiipublicschools.org\/wp-content\/uploads\/2024\/12\/Kalo-300x225.jpg 300w, https:\/\/hawaiipublicschools.org\/wp-content\/uploads\/2024\/12\/Kalo-768x575.jpg 768w, https:\/\/hawaiipublicschools.org\/wp-content\/uploads\/2024\/12\/Kalo-16x12.jpg 16w, https:\/\/hawaiipublicschools.org\/wp-content\/uploads\/2024\/12\/Kalo.jpg 1200w\" sizes=\"auto, (max-width: 1024px) 100vw, 1024px\" \/><\/figure>\n<\/div><\/div>\n\n\n\n<div class=\"wp-block-kadence-column kadence-column134_c11835-85\"><div class=\"kt-inside-inner-col\">\n<h5 class=\"wp-block-heading has-base-color has-text-color has-link-color has-large-font-size wp-elements-d78de3acbe4c4a874c6acab3d3890143\" style=\"margin-top:0px;padding-bottom:0.5rem\">y\u00eau c\u1ea7u d\u1eef li\u1ec7u &amp; th\u1eafc m\u1eafc<\/h5>\n\n\n\n<p class=\"has-base-color has-text-color has-link-color wp-elements-7318fdeab1b70670177dec54a167e4d2\"><strong>Chi nh\u00e1nh qu\u1ea3n l\u00fd v\u00e0 ph\u00e2n t\u00edch d\u1eef li\u1ec7u (DGA)<\/strong><br>\u0110i\u1ec7n tho\u1ea1i: 808-784-6061<br><a href=\"mailto:DGA@k12.hi.us\">E-mail<\/a><\/p>\n<\/div><\/div>\n\n<\/div><\/div>\n\n\n<p class=\"has-contrast-3-color has-text-color has-link-color wp-elements-b40657d2818291d128a85aeb29f48a99\"><em>How to: Select the block called <strong>\u201cSide box &#8211; Data Requests\u201d<\/strong><\/em><\/p>\n\n\n\n<div style=\"height:33px\" aria-hidden=\"true\" class=\"wp-block-spacer\"><\/div>\n\n\n<div class=\"kb-row-layout-wrap kb-row-layout-id6560_2c6583-e1 alignnone wp-block-kadence-rowlayout\"><div class=\"kt-row-column-wrap kt-has-2-columns kt-row-layout-row kt-tab-layout-row kt-mobile-layout-row kt-row-valign-top\">\n\n<div class=\"wp-block-kadence-column kadence-column6560_7b70a7-b5\"><div class=\"kt-inside-inner-col\">\n<figure class=\"wp-block-image size-large no_margin\"><img loading=\"lazy\" decoding=\"async\" width=\"1024\" height=\"685\" src=\"https:\/\/hawaiipublicschools.org\/wp-content\/uploads\/Courtney-Suma-Kapolei-HS-2-1024x685.png\" alt=\"\" class=\"wp-image-16110\" style=\"aspect-ratio:4\/3;object-fit:cover\" srcset=\"https:\/\/hawaiipublicschools.org\/wp-content\/uploads\/Courtney-Suma-Kapolei-HS-2-1024x685.png 1024w, https:\/\/hawaiipublicschools.org\/wp-content\/uploads\/Courtney-Suma-Kapolei-HS-2-300x201.png 300w, https:\/\/hawaiipublicschools.org\/wp-content\/uploads\/Courtney-Suma-Kapolei-HS-2-768x514.png 768w, https:\/\/hawaiipublicschools.org\/wp-content\/uploads\/Courtney-Suma-Kapolei-HS-2-18x12.png 18w, https:\/\/hawaiipublicschools.org\/wp-content\/uploads\/Courtney-Suma-Kapolei-HS-2.png 1200w\" sizes=\"auto, (max-width: 1024px) 100vw, 1024px\" \/><\/figure>\n<\/div><\/div>\n\n\n\n<div class=\"wp-block-kadence-column kadence-column6560_2a0af9-9c\"><div class=\"kt-inside-inner-col\">\n<h5 class=\"wp-block-heading has-base-color has-text-color has-link-color wp-elements-1651807adfa5d5c186f5975ed88182a9\" style=\"margin-top:0px;padding-bottom:0.5rem;font-size:1.4vw\">t\u1ea1o ra s\u1ef1 kh\u00e1c bi\u1ec7t th\u1ef1c s\u1ef1<\/h5>\n\n\n\n<p class=\"has-base-color has-text-color has-link-color wp-elements-855c172aece496ae5624d9c92857926c\">Truy\u1ec1n c\u1ea3m h\u1ee9ng v\u00e0 thu h\u00fat tr\u00ed \u00f3c tr\u1ebb th\u01a1 v\u1edbi t\u01b0 c\u00e1ch l\u00e0 gi\u00e1o vi\u00ean c\u1ee7a S\u1edf Gi\u00e1o d\u1ee5c Ti\u1ec3u bang Hawai&#039;i. T\u00ecm hi\u1ec3u th\u00eam v\u1ec1 c\u00e1c c\u01a1 h\u1ed9i gi\u1ea3ng d\u1ea1y th\u00fa v\u1ecb tr\u00ean t\u1ea5t c\u1ea3 c\u00e1c \u0111\u1ea3o khi l\u00e0m vi\u1ec7c v\u1edbi h\u1ecdc sinh m\u1eabu gi\u00e1o, ti\u1ec3u h\u1ecdc, trung h\u1ecdc c\u01a1 s\u1edf v\u00e0 trung h\u1ecdc ph\u1ed5 th\u00f4ng.<\/p>\n\n\n\n<div class=\"wp-block-buttons is-layout-flex wp-block-buttons-is-layout-flex\" style=\"margin-bottom:var(--wp--preset--spacing--10)\">\n<div class=\"wp-block-button has-custom-font-size ghost negative custom_button border_bx-pos is-style-outline is-style-outline--3\" style=\"font-size:0.8rem\"><a rel=\"\" target=\"\" href=\"https:\/\/hawaiipublicschools.org\/vi\/jobs\/jobs-listing\/\" class=\"wp-block-button__link has-base-color has-text-color has-link-color has-border-color has-base-border-color wp-element-button\" style=\"border-width:2px;padding-top:12px;padding-right:20px;padding-bottom:12px;padding-left:20px\">T\u00ecm vi\u1ec7c l\u00e0m<\/a><\/div>\n<\/div>\n<\/div><\/div>\n\n<\/div><\/div>\n\n\n<p class=\"has-contrast-3-color has-text-color has-link-color wp-elements-ea81b31dfa29b4834b7e23bdb885854f\"><em>How to: Select the block called <strong>\u201cSide box &#8211; Make a difference\u201d<\/strong><\/em><\/p>\n<\/div>\n<\/div>\n\n\n\n<p><\/p>","protected":false},"excerpt":{"rendered":"<p>Create Custom Buttons Custom designed buttons were created to use thoughout the site. The button text and link can be updated accordingly. In addition, use these buttons sparingly\u2014when calling special attention to a link. Featuring too many buttons on a page will result in a cluttered page. For all other links, use a basic hotlink [&hellip;]<\/p>","protected":false},"author":5,"featured_media":0,"parent":7181,"menu_order":0,"comment_status":"closed","ping_status":"closed","template":"","meta":{"_relevanssi_hide_post":"","_relevanssi_hide_content":"","_relevanssi_pin_for_all":"","_relevanssi_pin_keywords":"","_relevanssi_unpin_keywords":"","_relevanssi_related_keywords":"","_relevanssi_related_include_ids":"","_relevanssi_related_exclude_ids":"","_relevanssi_related_no_append":"","_relevanssi_related_not_related":"","_relevanssi_related_posts":"","_relevanssi_noindex_reason":"","_sitemap_exclude":false,"_sitemap_priority":"","_sitemap_frequency":"","_kad_blocks_custom_css":"","_kad_blocks_head_custom_js":"","_kad_blocks_body_custom_js":"","_kad_blocks_footer_custom_js":"","wp_popup_display_lightbox":0,"wp_popup_suppress":"","wp_popup_trigger":"","wp_popup_trigger_amount":0,"wp_popup_disable_on_mobile":false,"footnotes":""},"class_list":["post-7192","page","type-page","status-publish","hentry"],"pp_statuses_selecting_workflow":false,"pp_workflow_action":"current","pp_status_selection":"publish","taxonomy_info":[],"featured_image_src_large":false,"author_info":{"display_name":"Steven Tu","author_link":"https:\/\/hawaiipublicschools.org\/vi\/author\/stevenstaceyleong-com\/"},"comment_info":0,"publishpress_future_action":{"enabled":false,"date":"2026-04-11 09:32:30","action":"change-status","newStatus":"draft","terms":[],"taxonomy":"","extraData":[]},"publishpress_future_workflow_manual_trigger":{"enabledWorkflows":[]},"_links":{"self":[{"href":"https:\/\/hawaiipublicschools.org\/vi\/wp-json\/wp\/v2\/pages\/7192","targetHints":{"allow":["GET"]}}],"collection":[{"href":"https:\/\/hawaiipublicschools.org\/vi\/wp-json\/wp\/v2\/pages"}],"about":[{"href":"https:\/\/hawaiipublicschools.org\/vi\/wp-json\/wp\/v2\/types\/page"}],"author":[{"embeddable":true,"href":"https:\/\/hawaiipublicschools.org\/vi\/wp-json\/wp\/v2\/users\/5"}],"replies":[{"embeddable":true,"href":"https:\/\/hawaiipublicschools.org\/vi\/wp-json\/wp\/v2\/comments?post=7192"}],"version-history":[{"count":0,"href":"https:\/\/hawaiipublicschools.org\/vi\/wp-json\/wp\/v2\/pages\/7192\/revisions"}],"up":[{"embeddable":true,"href":"https:\/\/hawaiipublicschools.org\/vi\/wp-json\/wp\/v2\/pages\/7181"}],"wp:attachment":[{"href":"https:\/\/hawaiipublicschools.org\/vi\/wp-json\/wp\/v2\/media?parent=7192"}],"curies":[{"name":"wp","href":"https:\/\/api.w.org\/{rel}","templated":true}]}}