{"id":65,"date":"2024-09-04T22:35:58","date_gmt":"2024-09-04T22:35:58","guid":{"rendered":"https:\/\/hawaiipublicschools.org\/?page_id=65"},"modified":"2025-03-12T15:57:22","modified_gmt":"2025-03-13T01:57:22","slug":"transcript-requests","status":"publish","type":"page","link":"https:\/\/hawaiipublicschools.org\/vi\/school-services\/transcript-requests\/","title":{"rendered":"Y\u00eau c\u1ea7u b\u1ea3ng \u0111i\u1ec3m"},"content":{"rendered":"<h2 class=\"wp-block-heading\">c\u00e1ch y\u00eau c\u1ea7u B\u1ea3ng \u0111i\u1ec3m <\/h2>\n\n\n\n<ul class=\"wp-block-list\">\n<li>Li\u00ean h\u1ec7 v\u1edbi tr\u01b0\u1eddng cu\u1ed1i c\u00f9ng b\u1ea1n theo h\u1ecdc t\u1ea1i Hawai\u02bbi. Tr\u01b0\u1eddng c\u00f3 th\u1ec3 y\u00eau c\u1ea7u b\u1ea1n \u0111i\u1ec1n v\u00e0o m\u1eabu y\u00eau c\u1ea7u t\u00f9y ch\u1ec9nh c\u1ee7a ri\u00eang tr\u01b0\u1eddng. H\u1ecfi tr\u01b0\u1eddng v\u1ec1 m\u1ee9c ph\u00ed cho b\u1ea3ng \u0111i\u1ec3m v\u00e0 c\u00e1ch n\u1ed9p thanh to\u00e1n.<\/li>\n\n\n\n<li>Cung c\u1ea5p t\u00ean, ng\u00e0y sinh, l\u1edbp cu\u1ed1i c\u00f9ng \u0111\u00e3 h\u1ecdc t\u1ea1i tr\u01b0\u1eddng v\u00e0 n\u0103m h\u1ecdc cu\u1ed1i c\u00f9ng. N\u1ebfu \u0111\u00e3 k\u1ebft h\u00f4n, h\u00e3y cung c\u1ea5p t\u00ean th\u1eddi con g\u00e1i c\u1ee7a b\u1ea1n. Vui l\u00f2ng cung c\u1ea5p b\u1ea5t k\u1ef3 t\u00ean c\u0169 ho\u1eb7c c\u00e1ch vi\u1ebft kh\u00e1c c\u1ee7a t\u00ean b\u1ea1n.<\/li>\n\n\n\n<li>\u201cB\u1ea3n sao d\u00e0nh cho sinh vi\u00ean\u201d s\u1ebd \u0111\u01b0\u1ee3c ghi tr\u00ean b\u1ea3ng \u0111i\u1ec3m n\u1ebfu b\u1ea3ng \u0111i\u1ec3m \u0111\u01b0\u1ee3c g\u1eedi \u0111\u1ebfn \u0111\u1ecba ch\u1ec9 kh\u00f4ng ph\u1ea3i l\u00e0 m\u1ed9t c\u01a1 s\u1edf gi\u00e1o d\u1ee5c h\u1ee3p ph\u00e1p.<\/li>\n<\/ul>\n\n\n\n<h2 class=\"wp-block-heading\">Nh\u1eadn b\u1ea3ng \u0111i\u1ec3m cho GED<\/h2>\n\n\n\n<p>G\u1eedi y\u00eau c\u1ea7u c\u1ee7a b\u1ea1n k\u00e8m theo th\u00f4ng tin sau \u0111\u1ebfn trung t\u00e2m kh\u1ea3o th\u00ed n\u01a1i b\u1ea1n \u0111\u00e3 nh\u1eadn \u0111\u01b0\u1ee3c B\u1eb1ng t\u1ed1t nghi\u1ec7p ph\u1ed5 th\u00f4ng (GED). C\u00e1c b\u00e0i ki\u1ec3m tra \u0111\u01b0\u1ee3c ti\u1ebfn h\u00e0nh t\u1ea1i S\u1edf Gi\u00e1o d\u1ee5c Ti\u1ec3u bang Hawai\u02bbi <a href=\"\/vi\/academics\/adult-ed\/\" data-type=\"page\" data-id=\"34\" target=\"_blank\" rel=\"noreferrer noopener\">Tr\u01b0\u1eddng gi\u00e1o d\u1ee5c ng\u01b0\u1eddi l\u1edbn<\/a>\u200b.<\/p>\n\n\n\n<ul class=\"wp-block-list\">\n<li>T\u00ean h\u1ee3p ph\u00e1p v\u00e0\/ho\u1eb7c t\u00ean nh\u01b0 trong h\u1ed3 s\u01a1 c\u1ee7a b\u1ea1n.<\/li>\n\n\n\n<li>\u0110\u1ecba ch\u1ec9 g\u1eedi b\u1ea3ng \u0111i\u1ec3m.<\/li>\n\n\n\n<li>L\u00fd do y\u00eau c\u1ea7u.<\/li>\n\n\n\n<li>T\u00ean tr\u01b0\u1eddng ho\u1eb7c \u0111\u1ecba \u0111i\u1ec3m t\u1ed5 ch\u1ee9c k\u1ef3 thi GED.<\/li>\n\n\n\n<li>N\u0103m ho\u00e0n th\u00e0nh d\u1ef1 ki\u1ebfn.<\/li>\n\n\n\n<li>Ng\u00e0y sinh.<\/li>\n\n\n\n<li>S\u1ed1 an sinh x\u00e3 h\u1ed9i (th\u00f4ng tin b\u1ed5 sung n\u00e0y s\u1ebd gi\u00fap \u00edch cho vi\u1ec7c t\u00ecm ki\u1ebfm).<\/li>\n\n\n\n<li>Ch\u1eef k\u00fd c\u1ee7a ng\u01b0\u1eddi y\u00eau c\u1ea7u cho ph\u00e9p ti\u1ebft l\u1ed9 th\u00f4ng tin ri\u00eang t\u01b0.<\/li>\n<\/ul>\n\n\n\n<h3 class=\"wp-block-heading\">Y\u00eau c\u1ea7u x\u00e1c minh GED<\/h3>\n\n\n\n<p>C\u00e1c y\u00eau c\u1ea7u x\u00e1c minh GED do c\u00e1c nh\u00e0 cung c\u1ea5p x\u00e1c minh th\u1ef1c hi\u1ec7n c\u00f3 th\u1ec3 \u0111\u01b0\u1ee3c g\u1eedi \u0111\u1ebfn c\u00e1c c\u01a1 quan c\u00f3 th\u1ea9m quy\u1ec1n <a href=\"\/vi\/academics\/adult-ed\/\" data-type=\"page\" data-id=\"34\" target=\"_blank\" rel=\"noreferrer noopener\">Tr\u01b0\u1eddng Gi\u00e1o d\u1ee5c Ng\u01b0\u1eddi l\u1edbn<\/a> m\u00e0 c\u00e1 nh\u00e2n \u0111\u00f3 \u0111\u00e3 tham d\u1ef1.<\/p>\n\n\n\n<p><\/p>","protected":false},"excerpt":{"rendered":"<p>how to request Transcripts Getting a Transcript for a GED Mail your request with the following information to the test center where you received your General Education Dipl\u200boma (GED). Tests are administered at the Hawai\u02bbi State Department of Education\u2019s Adult Education schools\u200b. GED Verification Requests GED verification requests made by verification vendors can be sent [&hellip;]<\/p>","protected":false},"author":8,"featured_media":0,"parent":59,"menu_order":26,"comment_status":"closed","ping_status":"closed","template":"","meta":{"_relevanssi_hide_post":"","_relevanssi_hide_content":"","_relevanssi_pin_for_all":"","_relevanssi_pin_keywords":"","_relevanssi_unpin_keywords":"","_relevanssi_related_keywords":"","_relevanssi_related_include_ids":"","_relevanssi_related_exclude_ids":"","_relevanssi_related_no_append":"","_relevanssi_related_not_related":"","_relevanssi_related_posts":"","_relevanssi_noindex_reason":"","_sitemap_exclude":false,"_sitemap_priority":"","_sitemap_frequency":"","_kad_blocks_custom_css":"","_kad_blocks_head_custom_js":"","_kad_blocks_body_custom_js":"","_kad_blocks_footer_custom_js":"","wp_popup_display_lightbox":0,"wp_popup_suppress":"","wp_popup_trigger":"","wp_popup_trigger_amount":0,"wp_popup_disable_on_mobile":false,"footnotes":""},"class_list":["post-65","page","type-page","status-publish","hentry"],"pp_statuses_selecting_workflow":false,"pp_workflow_action":"current","pp_status_selection":"publish","taxonomy_info":[],"featured_image_src_large":false,"author_info":{"display_name":"Ariana Enomoto","author_link":"https:\/\/hawaiipublicschools.org\/vi\/author\/arianastaceyleong-com\/"},"comment_info":0,"publishpress_future_action":{"enabled":false,"date":"2026-04-25 21:21:00","action":"change-status","newStatus":"draft","terms":[],"taxonomy":"","extraData":[]},"publishpress_future_workflow_manual_trigger":{"enabledWorkflows":[]},"_links":{"self":[{"href":"https:\/\/hawaiipublicschools.org\/vi\/wp-json\/wp\/v2\/pages\/65","targetHints":{"allow":["GET"]}}],"collection":[{"href":"https:\/\/hawaiipublicschools.org\/vi\/wp-json\/wp\/v2\/pages"}],"about":[{"href":"https:\/\/hawaiipublicschools.org\/vi\/wp-json\/wp\/v2\/types\/page"}],"author":[{"embeddable":true,"href":"https:\/\/hawaiipublicschools.org\/vi\/wp-json\/wp\/v2\/users\/8"}],"replies":[{"embeddable":true,"href":"https:\/\/hawaiipublicschools.org\/vi\/wp-json\/wp\/v2\/comments?post=65"}],"version-history":[{"count":0,"href":"https:\/\/hawaiipublicschools.org\/vi\/wp-json\/wp\/v2\/pages\/65\/revisions"}],"up":[{"embeddable":true,"href":"https:\/\/hawaiipublicschools.org\/vi\/wp-json\/wp\/v2\/pages\/59"}],"wp:attachment":[{"href":"https:\/\/hawaiipublicschools.org\/vi\/wp-json\/wp\/v2\/media?parent=65"}],"curies":[{"name":"wp","href":"https:\/\/api.w.org\/{rel}","templated":true}]}}