{"id":62,"date":"2024-09-04T22:34:26","date_gmt":"2024-09-04T22:34:26","guid":{"rendered":"https:\/\/hawaiipublicschools.org\/?page_id=62"},"modified":"2026-02-02T10:10:58","modified_gmt":"2026-02-02T20:10:58","slug":"nutrition-health-wellness","status":"publish","type":"page","link":"https:\/\/hawaiipublicschools.org\/vi\/school-services\/nutrition-health-wellness\/","title":{"rendered":"Nutrition, Health &amp; Wellness"},"content":{"rendered":"<p>Health education supports students\u2019 health, resilience, total well-being and academic success so they may reach their aspirations, from early learning through college, career and citizenship.&nbsp;<\/p>\n\n\n\n<p>Providing students with a high-quality, comprehensive health education equips and empowers them with the skills, knowledge and attitudes to address their current and future health needs and challenges. Health literacy is essential to students\u2019 social, emotional, mental, physical, and cognitive development.<\/p>\n\n\n\n<p>Health literate individuals are able to find, understand and use information and services to inform health-related decisions and actions for themselves and others. This contributes to resilience, well-being, healthy relationships and a positive quality of life as well as prevents and reduces the risk of disease, injury and death.<\/p>\n\n\n\n<p><a href=\"https:\/\/www.cdc.gov\/healthyschools\/sher\/characteristics\/index.htm\">Gi\u00e1o d\u1ee5c s\u1ee9c kh\u1ecfe ng\u00e0y nay<\/a> ph\u1ea3n \u00e1nh kh\u1ed1i l\u01b0\u1ee3ng nghi\u00ean c\u1ee9u ng\u00e0y c\u00e0ng t\u0103ng nh\u1ea5n m\u1ea1nh:<\/p>\n\n\n\n<ul class=\"wp-block-list\">\n<li>H\u1ed7 tr\u1ee3 s\u1ee9c kh\u1ecfe, kh\u1ea3 n\u0103ng ph\u1ee5c h\u1ed3i v\u00e0 h\u1ea1nh ph\u00fac to\u00e0n di\u1ec7n c\u1ee7a tr\u1ebb (v\u00ed d\u1ee5: s\u1ef1 ph\u00e1t tri\u1ec3n v\u1ec1 m\u1eb7t x\u00e3 h\u1ed9i, t\u00ecnh c\u1ea3m, tinh th\u1ea7n, th\u1ec3 ch\u1ea5t v\u00e0 nh\u1eadn th\u1ee9c c\u1ee7a h\u1ecdc sinh).<\/li>\n\n\n\n<li>Ph\u00e1t tri\u1ec3n c\u00e1c k\u1ef9 n\u0103ng hi\u1ec3u bi\u1ebft v\u1ec1 s\u1ee9c kh\u1ecfe ph\u00f9 h\u1ee3p v\u1edbi Ti\u00eau chu\u1ea9n Gi\u00e1o d\u1ee5c S\u1ee9c kh\u1ecfe Qu\u1ed1c gia.<\/li>\n\n\n\n<li>X\u00e2y d\u1ef1ng ki\u1ebfn th\u1ee9c ch\u1ee9c n\u0103ng v\u1edbi th\u00f4ng tin c\u00f3 li\u00ean quan v\u00e0 ch\u1ee9c n\u0103ng ph\u00f9 h\u1ee3p v\u1edbi Ch\u1ee7 \u0111\u1ec1 R\u1ee7i ro \u01afu ti\u00ean.<\/li>\n\n\n\n<li>T\u0103ng c\u01b0\u1eddng m\u1ed1i li\u00ean k\u1ebft v\u1edbi gia \u0111\u00ecnh v\u00e0 c\u1ed9ng \u0111\u1ed3ng.<\/li>\n\n\n\n<li>\u0110\u00e1p \u1ee9ng nhu c\u1ea7u v\u00e0 s\u1edf th\u00edch c\u1ee7a h\u1ecdc sinh th\u00f4ng qua c\u00e1c tr\u1ea3i nghi\u1ec7m h\u1ecdc t\u1eadp t\u01b0\u01a1ng t\u00e1c v\u00e0 x\u00e3 h\u1ed9i.<\/li>\n\n\n\n<li>Nu\u00f4i d\u01b0\u1ee1ng th\u00e1i \u0111\u1ed9, gi\u00e1 tr\u1ecb v\u00e0 ni\u1ec1m tin h\u1ed7 tr\u1ee3 c\u00e1c h\u00e0nh vi s\u1ee9c kh\u1ecfe t\u00edch c\u1ef1c th\u00f4ng qua c\u00e1c th\u00f4ng \u0111i\u1ec7p v\u00e0 m\u00f4i tr\u01b0\u1eddng h\u1ecdc t\u1eadp an to\u00e0n, to\u00e0n di\u1ec7n v\u00e0 quan t\u00e2m.<\/li>\n<\/ul>\n\n\n\n<p>C\u00e1c <a href=\"https:\/\/hawaiipublicschools.org\/vi\/DOE%20Forms\/Health%20and%20Nutrition\/HealthStandards.pdf\/\">National Health Education Standards: Achieving Excellence (NHES)<\/a> are fused on developing students\u2019 health literacy skills to proficiency within and across grade levels:<\/p>\n\n\n\n<ul class=\"wp-block-list\">\n<li><strong>Ti\u00eau chu\u1ea9n 1: Hi\u1ec3u c\u00e1c kh\u00e1i ni\u1ec7m<\/strong> &#8211; Students will comprehend concepts related to health promotion and disease prevention to enhance health.&nbsp;<\/li>\n\n\n\n<li><strong>Ti\u00eau chu\u1ea9n 2: Ph\u00e2n t\u00edch \u1ea3nh h\u01b0\u1edfng<\/strong> &#8211; Students will analyze the influence of family, peers, culture, media, technology and other factors on health behavior.<\/li>\n\n\n\n<li><strong>Ti\u00eau chu\u1ea9n 3: Truy c\u1eadp th\u00f4ng tin, s\u1ea3n ph\u1ea9m v\u00e0 d\u1ecbch v\u1ee5<\/strong> &#8211; Students will demonstrate the ability to access valid information, products and services.<\/li>\n\n\n\n<li><strong>Ti\u00eau chu\u1ea9n 4: Giao ti\u1ebfp gi\u1eefa c\u00e1c c\u00e1 nh\u00e2n<\/strong> &#8211; Students will demonstrate the ability to use interpersonal communication skills to enhance health and avoid or reduce health risks.<\/li>\n\n\n\n<li><strong>Ti\u00eau chu\u1ea9n 5: Quy\u1ebft \u0111\u1ecbnh<\/strong> &#8211; Students will demonstrate the ability to use decision-making skills to enhance health.<\/li>\n\n\n\n<li><strong>Ti\u00eau chu\u1ea9n 6: \u0110\u1eb7t m\u1ee5c ti\u00eau<\/strong> &#8211; Students will demonstrate the ability to use goal-setting skills to enhance health.<\/li>\n\n\n\n<li><strong>Ti\u00eau chu\u1ea9n 7: T\u1ef1 qu\u1ea3n l\u00fd<\/strong> &#8211; Students will demonstrate the ability to practice health-enhancing behaviors and avoid or reduce health risks.<\/li>\n\n\n\n<li><strong>Ti\u00eau chu\u1ea9n 8: V\u1eadn \u0111\u1ed9ng<\/strong> &#8211; Students will demonstrate the ability to advocate for personal, family and community health.<\/li>\n<\/ul>\n\n\n\n<p>While the primary focus of Health Education is the development of health skills, these skills must be addressed in conjunction with functional information in the context of priority risk topics. Standards-based health education must be age and developmentally appropriate, medically accurate and provide factual information in all priority risk topics:<\/p>\n\n\n\n<ul class=\"wp-block-list\">\n<li>Mental and Emotional Health.<\/li>\n\n\n\n<li>Healthy Eating and Physical Activity.<\/li>\n\n\n\n<li>Personal Health and Wellness.<\/li>\n\n\n\n<li>Safety (Unintentional Injury Prevention).<\/li>\n\n\n\n<li>Violence Prevention.<\/li>\n\n\n\n<li>Tobacco Use Prevention.<\/li>\n\n\n\n<li>Alcohol and Other Drug Use Prevention.<\/li>\n\n\n\n<li><a href=\"https:\/\/hawaiipublicschools.org\/TeachingAndLearning\/HealthAndNutrition\/sexed\/Pages\/default.aspx\">Sexual Health and Responsibility<\/a>.<\/li>\n<\/ul>\n\n\n\n<p>Note: Health Education in prekindergarten is aligned to the <a href=\"https:\/\/earlylearning.hawaii.gov\/hawaii-early-learning-and-development-standards-helds\/\">Hawai\u2018i Early Learning and Development Standards (HELDS)<\/a>.<\/p>\n\n\n\n<h2 class=\"wp-block-heading\">Course Requirements for Health Education<\/h2>\n\n\n\n<p>Gi\u00e1o d\u1ee5c s\u1ee9c kh\u1ecfe l\u00e0 b\u1eaft bu\u1ed9c \u1edf t\u1ea5t c\u1ea3 c\u00e1c l\u1edbp ti\u1ec3u h\u1ecdc.<\/p>\n\n\n\n<p>Middle\/intermediate schools must offer courses that allow all students to meet Hawai\u02bbi\u055as Health Education standards and performance indicators for Grades 6-8. One semester (0.5 credits; 60 hours) of Health Education in each middle\/intermediate school grade is strongly recommended but not required.<\/p>\n\n\n\n<p>In high school, a one-semester course (0.5 credits; 60 hours) in Health Education is required for graduation.&nbsp;<\/p>\n\n\n\n<p>A variety of Health specialized elective courses (e.g., Peer Education) are available at the secondary school level.<\/p>\n\n\n\n<p>\u0110\u1ed1i v\u1edbi c\u00e1c y\u00eau c\u1ea7u v\u1ec1 vi\u1ec7c th\u0103ng c\u1ea5p trung h\u1ecdc c\u01a1 s\u1edf v\u00e0 t\u1ed1t nghi\u1ec7p trung h\u1ecdc ph\u1ed5 th\u00f4ng, h\u00e3y tham kh\u1ea3o <a href=\"https:\/\/boe.hawaii.gov\/policies\/Board%20Policies\/Academic%20Program.pdf\">Board Policy 105-1 Academic Program<\/a>, <a href=\"https:\/\/boe.hawaii.gov\/policies\/Board%20Policies\/Middle%20Level%20Education%20Promotion%20Policy.pdf\">Board Policy 102-9 Middle Level Education Promotion Policy<\/a>, V\u00e0 <a href=\"https:\/\/boe.hawaii.gov\/policies\/Board%20Policies\/High%20School%20Graduation%20Requirements%20and%20Commencement.pdf\">Board Policy 102-15 High School Graduation Requirements and Commencement<\/a>.<\/p>\n\n\n\n<h2 class=\"wp-block-heading\">Wellness Guidelines for Health Education and Nutrition Promotion<\/h2>\n\n\n\n<p>Health education and nutrition promotion provide the instructional foundation that is necessary to prepare students to make lifelong healthy decisions and practice healthy behaviors. This component area of the Wellness Guidelines includes school-wide promotion of nutritious meals and snacks as well as quality health education. Click for more information about our <a href=\"https:\/\/hawaiipublicschools.org\/TeachingAndLearning\/HealthAndNutrition\/WellnessGuidelines\/Pages\/home.aspx\">H\u01b0\u1edbng d\u1eabn ch\u0103m s\u00f3c s\u1ee9c kh\u1ecfe<\/a>.<\/p>\n\n\n\n<p>Guidelines for health education and nutrition promotion are organized around four key components:<\/p>\n\n\n\n<ol class=\"wp-block-list\">\n<li>N\u1ed9i dung h\u01b0\u1edbng d\u1eabn c\u1ee7a c\u00e1c l\u1edbp gi\u00e1o d\u1ee5c s\u1ee9c kh\u1ecfe t\u1eadp trung v\u00e0o ki\u1ebfn th\u1ee9c v\u00e0 k\u1ef9 n\u0103ng h\u1ed7 tr\u1ee3 vi\u1ec7c \u0103n u\u1ed1ng l\u00e0nh m\u1ea1nh v\u00e0 ph\u00f9 h\u1ee3p v\u1edbi c\u00e1c ti\u00eau chu\u1ea9n HIDOE v\u1ec1 gi\u00e1o d\u1ee5c s\u1ee9c kh\u1ecfe.<\/li>\n\n\n\n<li>Gi\u00e1o d\u1ee5c s\u1ee9c kh\u1ecfe \u0111\u01b0\u1ee3c cung c\u1ea5p cho h\u1ecdc sinh ti\u1ec3u h\u1ecdc \u00edt nh\u1ea5t 45 ph\u00fat m\u1ed7i tu\u1ea7n v\u00e0 h\u1ecdc sinh trung h\u1ecdc \u00edt nh\u1ea5t 200 ph\u00fat m\u1ed7i tu\u1ea7n.<\/li>\n\n\n\n<li>Nutrition education includes culturally relevant activities that are \u2018\u0101ina-based and hands-on, such as food preparation, taste-testing, farm visits and school gardens.<\/li>\n\n\n\n<li>T\u1ea5t c\u1ea3 c\u00e1c ho\u1ea1t \u0111\u1ed9ng ti\u1ebfp th\u1ecb th\u1ef1c ph\u1ea9m v\u00e0 \u0111\u1ed3 u\u1ed1ng t\u1ea1i tr\u01b0\u1eddng h\u1ecdc ph\u1ea3i \u0111\u00e1p \u1ee9ng <a href=\"https:\/\/hawaiipublicschools.org\/TeachingAndLearning\/HealthAndNutrition\/NutritionStandards\/Pages\/home.aspx\">H\u01b0\u1edbng d\u1eabn dinh d\u01b0\u1ee1ng<\/a>. \u0110i\u1ec1u n\u00e0y bao g\u1ed3m nh\u01b0ng kh\u00f4ng gi\u1edbi h\u1ea1n \u1edf c\u00e1c \u1ea5n ph\u1ea9m c\u1ee7a tr\u01b0\u1eddng, b\u00ean ngo\u00e0i m\u00e1y b\u00e1n h\u00e0ng t\u1ef1 \u0111\u1ed9ng, \u00e1p ph\u00edch, bi\u1ec3u ng\u1eef, tivi trong tr\u01b0\u1eddng v\u00e0 b\u1ea3ng \u0111i\u1ec3m.<\/li>\n<\/ol>\n\n\n\n<h2 class=\"wp-block-heading\">C\u00e1ch tr\u01b0\u1eddng h\u1ecdc th\u00fac \u0111\u1ea9y dinh d\u01b0\u1ee1ng t\u1ed1t<\/h2>\n\n\n\n<ul class=\"wp-block-list\">\n<li>Nh\u1eefng th\u00f4ng \u0111i\u1ec7p t\u00edch c\u1ef1c v\u1ec1 th\u1ef1c ph\u1ea9m b\u1ed5 d\u01b0\u1ee1ng \u0111\u01b0\u1ee3c tr\u01b0ng b\u00e0y tr\u00ean khu\u00f4n vi\u00ean tr\u01b0\u1eddng.<\/li>\n\n\n\n<li>M\u00e1y b\u00e1n h\u00e0ng t\u1ef1 \u0111\u1ed9ng d\u00e0nh cho sinh vi\u00ean ch\u1ec9 b\u00e1n n\u01b0\u1edbc l\u1ecdc.<\/li>\n\n\n\n<li>B\u1eefa \u0103n t\u1ea1i tr\u01b0\u1eddng \u0111\u01b0\u1ee3c ch\u1ebf bi\u1ebfn t\u1eeb \u0111\u1ea7u nhi\u1ec1u nh\u1ea5t c\u00f3 th\u1ec3, bao g\u1ed3m c\u1ea3 c\u00e1c lo\u1ea1i b\u00e1nh m\u00ec nguy\u00ean c\u00e1m n\u01b0\u1edbng t\u01b0\u01a1i.<\/li>\n\n\n\n<li>Kh\u00f4ng c\u00f3 th\u1ef1c ph\u1ea9m n\u00e0o ch\u1ee9a ch\u1ea5t b\u00e9o chuy\u1ec3n h\u00f3a.<\/li>\n\n\n\n<li>N\u01b0\u1edbc u\u1ed1ng \u0111\u01b0\u1ee3c cung c\u1ea5p mi\u1ec5n ph\u00ed cho h\u1ecdc sinh trong gi\u1edd \u0103n.<\/li>\n\n\n\n<li>C\u00e1c l\u1edbp \u0111\u01b0\u1ee3c m\u1eddi \u0111\u1ebfn th\u0103m b\u1ebfp \u0103n c\u1ee7a c\u0103ng tin \u0111\u1ec3 h\u1ecdc c\u00e1ch ch\u1ebf bi\u1ebfn th\u1ef1c ph\u1ea9m l\u00e0nh m\u1ea1nh.<\/li>\n\n\n\n<li>B\u1eefa s\u00e1ng, b\u1eefa tr\u01b0a v\u00e0 b\u1eefa \u0103n nh\u1eb9 l\u00e0nh m\u1ea1nh \u0111\u01b0\u1ee3c qu\u1ea3ng b\u00e1 t\u1edbi h\u1ecdc sinh v\u00e0 gia \u0111\u00ecnh.<\/li>\n\n\n\n<li>Khu v\u01b0\u1eddn h\u01b0\u1edbng d\u1eabn tr\u00ecnh b\u00e0y c\u00e1ch tr\u1ed3ng th\u1ef1c ph\u1ea9m.<\/li>\n<\/ul>\n\n\n\n<h2 class=\"wp-block-heading\">Want To Learn More About Health Education?<\/h2>\n\n\n\n<p>Additional information may be found in the following resources:<\/p>\n\n\n\n<ul class=\"wp-block-list\">\n<li><a href=\"https:\/\/hawaiipublicschools.org\/vi\/DOE%20Forms\/Health%20and%20Nutrition\/HealthStandards.pdf\/\">National Health Education Standards in Hawai\u2018i<\/a><\/li>\n\n\n\n<li><a href=\"https:\/\/learningdesign.hawaiipublicschools.org\/standards-based-content\/health\">Thi\u1ebft k\u1ebf h\u1ecdc t\u1eadp cho s\u1ee9c kh\u1ecfe<\/a><\/li>\n\n\n\n<li><a href=\"https:\/\/docs.google.com\/presentation\/d\/17YNnpq4M1Mmadx-GcJd2kNCLldSnUR-SId8dTfLyTCc\/preview\">Why Health Education Matters<\/a><\/li>\n\n\n\n<li><a href=\"https:\/\/docs.google.com\/presentation\/d\/1D14ZQam7bi1bbxEsoEpzweez1i7yAMhItbBgsSPaUw0\/preview?slide=id.geb8b70341e_0_90\">Health Education Standards and Topics Overview<\/a><\/li>\n\n\n\n<li><a href=\"https:\/\/docs.google.com\/presentation\/d\/1uBPoXzsQ8OD2bNwFLTlr-z6IafhPH__OD_emg-keBHQ\/preview\">Healthy Behavior Outcomes<\/a><\/li>\n\n\n\n<li><a href=\"https:\/\/hawaiipublicschools.org\/vi\/DOE%20Forms\/Health%20and%20Nutrition\/ReviewingInstructionalMaterials.pdf\/\">Reviewing Instructional Materials for Health Education<br><\/a><\/li>\n<\/ul>\n\n\n\n<h2 class=\"wp-block-heading\">Th\u00f4ng tin li\u00ean l\u1ea1c<\/h2>\n\n\n\n<p>Ch\u01b0\u01a1ng tr\u00ecnh gi\u00e1o d\u1ee5c s\u1ee9c kh\u1ecfe<\/p>\n\n\n\n<p>Phone: (808) 784-6423<\/p>\n\n\n\n<p>E-mail: <a href=\"mailto:health.education@k12.hi.us\">health.education@k12.hi.us<\/a>&nbsp;<\/p>\n\n\n\n<h2 class=\"wp-block-heading\">T\u00e0i nguy\u00ean<\/h2>\n\n\n\n<ul class=\"wp-block-list\">\n<li><a href=\"https:\/\/hawaiipublicschools.org\/vi\/DOE%20Forms\/Health%20and%20Nutrition\/HealthStandards.pdf\/\">National Health Education Standards in Hawai&#8217;i<\/a><\/li>\n\n\n\n<li><a href=\"https:\/\/hawaiipublicschools.org\/vi\/DOE%20Forms\/Health%20and%20Nutrition\/ReviewingInstructionalMaterials.pdf\/\">Reviewing Instructional Materials for Health Education<\/a><\/li>\n\n\n\n<li><a href=\"https:\/\/hawaiipublicschools.org\/vi\/DOE%20Forms\/Health%20and%20Nutrition\/WellnessGuidelines.pdf\/\">H\u01b0\u1edbng d\u1eabn ch\u0103m s\u00f3c s\u1ee9c kh\u1ecfe<\/a><\/li>\n\n\n\n<li><a href=\"https:\/\/hawaiipublicschools.org\/vi\/DOE%20Forms\/Health%20and%20Nutrition\/2022%20Hawai%CA%BBi%20School%20Health%20Profiles%20-%20Highlights%20Report.pdf\/\">2022 Hawai\u02bbi School Health Profiles &#8211; Highlights Report<\/a><\/li>\n\n\n\n<li><a href=\"https:\/\/hawaiipublicschools.org\/TeachingAndLearning\/HealthAndNutrition\/WellnessGuidelines\/Pages\/home.aspx\">H\u01b0\u1edbng d\u1eabn s\u1ee9c kh\u1ecfe c\u1ee7a HIDOE<\/a><\/li>\n\n\n\n<li><a href=\"https:\/\/hawaiipublicschools.org\/TeachingAndLearning\/HealthAndNutrition\/sexed\/Pages\/default.aspx\">HIDOE Sexual Health Education<\/a><\/li>\n\n\n\n<li><a href=\"https:\/\/learningdesign.hawaiipublicschools.org\/standards-based-content\/health\">Thi\u1ebft k\u1ebf h\u1ecdc t\u1eadp cho s\u1ee9c kh\u1ecfe<\/a><\/li>\n\n\n\n<li><a href=\"https:\/\/sites.google.com\/k12.hi.us\/you-matter\">B\u1ea1n quan tr\u1ecdng! T\u00e0i nguy\u00ean s\u1ee9c kh\u1ecfe<\/a><\/li>\n\n\n\n<li><a href=\"http:\/\/hhdw.org\/health-reports-data\/other-reports\/\">Hawai\u2018i Youth Risk Behavior Survey<\/a><\/li>\n\n\n\n<li><a href=\"https:\/\/health.hawaii.gov\/physical-activity-nutrition\/home\/school-health\/\">S\u1ee9c kh\u1ecfe tr\u01b0\u1eddng h\u1ecdc DOH<\/a><\/li>\n\n\n\n<li><a href=\"https:\/\/www.cdc.gov\/healthyschools\/index.htm\">CDC Healthy Schools<\/a><\/li>\n\n\n\n<li><a href=\"https:\/\/www.cdc.gov\/healthyyouth\/index.htm\">CDC Adolescent and School Health<\/a><\/li>\n\n\n\n<li><a href=\"http:\/\/kohalacenter.org\/hisgn\">Hawai\u2018i Island School Garden Network<\/a><\/li>\n\n\n\n<li><a href=\"https:\/\/earlylearning.hawaii.gov\/hawaii-early-learning-and-development-standards-helds\/\">Hawai\u2018i Early Learning and Development Standards<\/a><\/li>\n\n\n\n<li><a href=\"https:\/\/www.naeyc.org\/resources\/topics\">Ngu\u1ed3n l\u1ef1c c\u1ee7a Hi\u1ec7p h\u1ed9i qu\u1ed1c gia v\u1ec1 gi\u00e1o d\u1ee5c tr\u1ebb em (NAEYC)<\/a><\/li>\n\n\n\n<li><a href=\"https:\/\/peerprogramprofessionals.org\/programmatic-standards-setting-up-a-peer-helping-program.html\">Ti\u00eau chu\u1ea9n ch\u01b0\u01a1ng tr\u00ecnh c\u1ee7a Hi\u1ec7p h\u1ed9i qu\u1ed1c gia c\u00e1c chuy\u00ean gia ch\u01b0\u01a1ng tr\u00ecnh \u0111\u1ed3ng \u0111\u1eb3ng (NAPPP)<\/a><\/li>\n<\/ul>","protected":false},"excerpt":{"rendered":"<p>Health education supports students\u2019 health, resilience, total well-being and academic success so they may reach their aspirations, from early learning through college, career and citizenship.&nbsp; Providing students with a high-quality, comprehensive health education equips and empowers them with the skills, knowledge and attitudes to address their current and future health needs and challenges. Health literacy [&hellip;]<\/p>","protected":false},"author":8,"featured_media":0,"parent":59,"menu_order":14,"comment_status":"closed","ping_status":"closed","template":"","meta":{"_relevanssi_hide_post":"","_relevanssi_hide_content":"","_relevanssi_pin_for_all":"","_relevanssi_pin_keywords":"","_relevanssi_unpin_keywords":"","_relevanssi_related_keywords":"","_relevanssi_related_include_ids":"","_relevanssi_related_exclude_ids":"","_relevanssi_related_no_append":"","_relevanssi_related_not_related":"","_relevanssi_related_posts":"888,10022,9811,15617,18222,9994","_relevanssi_noindex_reason":"","_sitemap_exclude":false,"_sitemap_priority":"","_sitemap_frequency":"","_kad_blocks_custom_css":"","_kad_blocks_head_custom_js":"","_kad_blocks_body_custom_js":"","_kad_blocks_footer_custom_js":"","wp_popup_display_lightbox":0,"wp_popup_suppress":"","wp_popup_trigger":"","wp_popup_trigger_amount":0,"wp_popup_disable_on_mobile":false,"footnotes":""},"class_list":["post-62","page","type-page","status-publish","hentry"],"pp_statuses_selecting_workflow":false,"pp_workflow_action":"current","pp_status_selection":"publish","taxonomy_info":[],"featured_image_src_large":false,"author_info":{"display_name":"Ariana Enomoto","author_link":"https:\/\/hawaiipublicschools.org\/vi\/author\/arianastaceyleong-com\/"},"comment_info":0,"publishpress_future_action":{"enabled":false,"date":"2026-04-20 01:18:03","action":"change-status","newStatus":"draft","terms":[],"taxonomy":"","extraData":[]},"publishpress_future_workflow_manual_trigger":{"enabledWorkflows":[]},"_links":{"self":[{"href":"https:\/\/hawaiipublicschools.org\/vi\/wp-json\/wp\/v2\/pages\/62","targetHints":{"allow":["GET"]}}],"collection":[{"href":"https:\/\/hawaiipublicschools.org\/vi\/wp-json\/wp\/v2\/pages"}],"about":[{"href":"https:\/\/hawaiipublicschools.org\/vi\/wp-json\/wp\/v2\/types\/page"}],"author":[{"embeddable":true,"href":"https:\/\/hawaiipublicschools.org\/vi\/wp-json\/wp\/v2\/users\/8"}],"replies":[{"embeddable":true,"href":"https:\/\/hawaiipublicschools.org\/vi\/wp-json\/wp\/v2\/comments?post=62"}],"version-history":[{"count":0,"href":"https:\/\/hawaiipublicschools.org\/vi\/wp-json\/wp\/v2\/pages\/62\/revisions"}],"up":[{"embeddable":true,"href":"https:\/\/hawaiipublicschools.org\/vi\/wp-json\/wp\/v2\/pages\/59"}],"wp:attachment":[{"href":"https:\/\/hawaiipublicschools.org\/vi\/wp-json\/wp\/v2\/media?parent=62"}],"curies":[{"name":"wp","href":"https:\/\/api.w.org\/{rel}","templated":true}]}}