{"id":59,"date":"2024-09-04T22:31:21","date_gmt":"2024-09-04T22:31:21","guid":{"rendered":"https:\/\/hawaiipublicschools.org\/?page_id=59"},"modified":"2025-01-03T16:17:55","modified_gmt":"2025-01-04T00:17:55","slug":"school-services","status":"publish","type":"page","link":"https:\/\/hawaiipublicschools.org\/vi\/school-services\/","title":{"rendered":"D\u1ecbch v\u1ee5 tr\u01b0\u1eddng h\u1ecdc"},"content":{"rendered":"<p class=\"intro\" style=\"font-size:clamp(0.875rem, 0.875rem + ((1vw - 0.2rem) * 0.531), 1.3rem);\">S\u1edf Gi\u00e1o d\u1ee5c Ti\u1ec3u bang Hawai\u02bbi cung c\u1ea5p nhi\u1ec1u d\u1ecbch v\u1ee5 kh\u00e1c nhau \u0111\u1ec3 h\u1ed7 tr\u1ee3 vi\u1ec7c h\u1ecdc t\u1eadp v\u00e0 s\u1ee9c kh\u1ecfe c\u1ee7a h\u1ecdc sinh. Ch\u00fang t\u00f4i cung c\u1ea5p ph\u01b0\u01a1ng ti\u1ec7n \u0111i l\u1ea1i an to\u00e0n, quy\u1ec1n truy c\u1eadp v\u00e0o c\u00e1c ngu\u1ed3n t\u00e0i nguy\u00ean th\u01b0 vi\u1ec7n v\u00e0 c\u00e1c b\u1eefa \u0103n c\u00e2n b\u1eb1ng th\u00f4ng qua ch\u01b0\u01a1ng tr\u00ecnh dinh d\u01b0\u1ee1ng c\u1ee7a ch\u00fang t\u00f4i. C\u00e1c d\u1ecbch v\u1ee5 s\u1ee9c kh\u1ecfe v\u00e0 th\u1ec3 ch\u1ea5t c\u1ee7a ch\u00fang t\u00f4i th\u00fac \u0111\u1ea9y s\u1ee9c kh\u1ecfe th\u1ec3 ch\u1ea5t v\u00e0 tinh th\u1ea7n, trong khi s\u1ef1 an to\u00e0n t\u1ea1i tr\u01b0\u1eddng h\u1ecdc v\u1eabn l\u00e0 \u01b0u ti\u00ean h\u00e0ng \u0111\u1ea7u. H\u1ecdc sinh c\u0169ng \u0111\u01b0\u1ee3c h\u01b0\u1edfng l\u1ee3i t\u1eeb c\u00e1c c\u00f4ng c\u1ee5 h\u1ecdc t\u1eadp tr\u1ef1c tuy\u1ebfn \u0111\u1ec3 n\u00e2ng cao tr\u00ecnh \u0111\u1ed9 h\u1ecdc v\u1ea5n c\u1ee7a m\u00ecnh v\u00e0 c\u00e1c d\u1ecbch v\u1ee5 b\u1ea3ng \u0111i\u1ec3m c\u1ee7a ch\u00fang t\u00f4i \u0111\u1ea3m b\u1ea3o quy\u1ec1n truy c\u1eadp v\u00e0o h\u1ed3 s\u01a1 h\u1ecdc t\u1eadp.<\/p>\n\n\n\n<p><\/p>\n\n\n\n<p><\/p>","protected":false},"excerpt":{"rendered":"<p>The Hawai\u02bbi State Department of Education offers a variety of services to support student learning and well-being. We provide safe transportation, access to library resources, and balanced meals through our nutrition program. Our health and wellness services promote physical and emotional health, while safety at school remains a top priority. Students also benefit from online [&hellip;]<\/p>","protected":false},"author":8,"featured_media":0,"parent":0,"menu_order":30,"comment_status":"closed","ping_status":"closed","template":"","meta":{"_relevanssi_hide_post":"","_relevanssi_hide_content":"","_relevanssi_pin_for_all":"","_relevanssi_pin_keywords":"","_relevanssi_unpin_keywords":"","_relevanssi_related_keywords":"","_relevanssi_related_include_ids":"","_relevanssi_related_exclude_ids":"","_relevanssi_related_no_append":"","_relevanssi_related_not_related":"","_relevanssi_related_posts":"","_relevanssi_noindex_reason":"","_sitemap_exclude":false,"_sitemap_priority":"","_sitemap_frequency":"","_kad_blocks_custom_css":"","_kad_blocks_head_custom_js":"","_kad_blocks_body_custom_js":"","_kad_blocks_footer_custom_js":"","wp_popup_display_lightbox":0,"wp_popup_suppress":"","wp_popup_trigger":"","wp_popup_trigger_amount":0,"wp_popup_disable_on_mobile":false,"footnotes":""},"class_list":["post-59","page","type-page","status-publish","hentry"],"pp_statuses_selecting_workflow":false,"pp_workflow_action":"current","pp_status_selection":"publish","taxonomy_info":[],"featured_image_src_large":false,"author_info":{"display_name":"Ariana Enomoto","author_link":"https:\/\/hawaiipublicschools.org\/vi\/author\/arianastaceyleong-com\/"},"comment_info":0,"publishpress_future_action":{"enabled":false,"date":"2026-04-27 05:09:57","action":"change-status","newStatus":"draft","terms":[],"taxonomy":"","extraData":[]},"publishpress_future_workflow_manual_trigger":{"enabledWorkflows":[]},"_links":{"self":[{"href":"https:\/\/hawaiipublicschools.org\/vi\/wp-json\/wp\/v2\/pages\/59","targetHints":{"allow":["GET"]}}],"collection":[{"href":"https:\/\/hawaiipublicschools.org\/vi\/wp-json\/wp\/v2\/pages"}],"about":[{"href":"https:\/\/hawaiipublicschools.org\/vi\/wp-json\/wp\/v2\/types\/page"}],"author":[{"embeddable":true,"href":"https:\/\/hawaiipublicschools.org\/vi\/wp-json\/wp\/v2\/users\/8"}],"replies":[{"embeddable":true,"href":"https:\/\/hawaiipublicschools.org\/vi\/wp-json\/wp\/v2\/comments?post=59"}],"version-history":[{"count":0,"href":"https:\/\/hawaiipublicschools.org\/vi\/wp-json\/wp\/v2\/pages\/59\/revisions"}],"wp:attachment":[{"href":"https:\/\/hawaiipublicschools.org\/vi\/wp-json\/wp\/v2\/media?parent=59"}],"curies":[{"name":"wp","href":"https:\/\/api.w.org\/{rel}","templated":true}]}}