{"id":551,"date":"2024-09-13T03:18:47","date_gmt":"2024-09-13T03:18:47","guid":{"rendered":"https:\/\/hawaiipublicschools.org\/?page_id=551"},"modified":"2026-01-20T16:29:30","modified_gmt":"2026-01-21T02:29:30","slug":"brand-guidelines","status":"publish","type":"page","link":"https:\/\/hawaiipublicschools.org\/vi\/useful-links\/policies\/brand-guidelines\/","title":{"rendered":"H\u01b0\u1edbng d\u1eabn th\u01b0\u01a1ng hi\u1ec7u"},"content":{"rendered":"<h2 class=\"wp-block-heading\">Ph\u1ea1m vi<\/h2>\n\n\n\n<p>Building and maintaining the Hawai\u02bbi State Department of Education&#8217;s (HIDOE) identity requires a consistent approach to the use of brand concepts and design across our system. These guidelines are meant to provide guidance and identification of the Department\u2019s brand on all published and online media. It covers appropriate usage of the HIDOE logo and signature to maintain its authenticity and integrity. It does not cover guidelines for Hawai\u02bbi\u2019s public school logos. <\/p>\n\n\n\n<h2 class=\"wp-block-heading\">T\u00ean<\/h2>\n\n\n\n<p>\u0110\u1ec3 tr\u00e1nh nh\u1ea7m l\u1eabn gi\u1eefa ti\u1ec3u bang Hawai\u02bbi, \u0111\u1ea3o Hawai\u02bbi v\u00e0 B\u1ed9 Gi\u00e1o d\u1ee5c li\u00ean bang, tr\u01b0\u1edbc ti\u00ean h\u00e3y s\u1eed d\u1ee5ng t\u00ean \u0111\u1ea7y \u0111\u1ee7 \u0111\u1ec3 tham kh\u1ea3o \u2014 B\u1ed9 Gi\u00e1o d\u1ee5c Ti\u1ec3u bang Hawai\u02bbi. Bao g\u1ed3m t\u1eeb vi\u1ebft t\u1eaft c\u1ee7a n\u00f3, HIDOE, trong d\u1ea5u ngo\u1eb7c \u0111\u01a1n n\u1ebfu n\u00f3 s\u1ebd \u0111\u01b0\u1ee3c s\u1eed d\u1ee5ng sau trong v\u0103n b\u1ea3n. Trong c\u00e1c tham chi\u1ebfu ti\u1ebfp theo, h\u00e3y s\u1eed d\u1ee5ng HIDOE ho\u1eb7c B\u1ed9.&nbsp;<\/p>\n\n\n\n<h2 class=\"wp-block-heading\">Bi\u1ec3u tr\u01b0ng<\/h2>\n\n\n\n<p>The Department\u2019s official logo features the Hawaiian islands in green and an open book, encircled by a golden inner ring, golden lettering and a golden outer ring. A black-and-white version is also available.<\/p>\n\n\n\n<p>The logo may not:<\/p>\n\n\n\n<ul class=\"wp-block-list\">\n<li>Be stretched, distorted, rotated or altered in orientation.<\/li>\n\n\n\n<li>Contain modified artwork, colors or fonts.<\/li>\n\n\n\n<li>Be placed in a box or frame or over a complex background.<\/li>\n\n\n\n<li>C\u00f3 ch\u1eef ho\u1eb7c \u0111\u1ed3 h\u1ecda ch\u1ea1y tr\u00ean \u0111\u00f3.<\/li>\n\n\n\n<li>Include drop shadows or have other filters applied to it.<\/li>\n\n\n\n<li>Be smaller than 5\/8 inch on promotional items and in printed publications, or enlarged to a size that compromises its graphic integrity.<\/li>\n<\/ul>\n\n\n\n<p>The logo may be used alone or with text, as long as ample clear space is maintained to ensure a clean, uncluttered appearance. Do not wrap text around the logo; text may be placed beside or below it with proper spacing.<\/p>\n\n\n\n<h2 class=\"wp-block-heading\">H\u1ea1n ch\u1ebf<\/h2>\n\n\n\n<p>Submit requests for use of the logo and any questions regarding proper use to the Hawai\u2018i State Department of Education, Attention: Communications Branch, P.O. Box 2360, Honolulu, HI 96804 or <a href=\"mailto:doeinfo@k12.hi.us\">e-mail<\/a>. Vui l\u00f2ng cung c\u1ea5p c\u00e1c th\u00f4ng tin sau:<\/p>\n\n\n\n<ol class=\"wp-block-list\">\n<li>Logo s\u1ebd \u0111\u01b0\u1ee3c s\u1eed d\u1ee5ng.<\/li>\n\n\n\n<li>Logo s\u1ebd \u0111\u01b0\u1ee3c s\u1eed d\u1ee5ng nh\u01b0 th\u1ebf n\u00e0o.<\/li>\n\n\n\n<li>\u0110\u1ed1i t\u01b0\u1ee3ng v\u00e0 ph\u1ea1m vi ph\u00e2n ph\u1ed1i s\u1ea3n ph\u1ea9m s\u1ebd s\u1eed d\u1ee5ng logo.<\/li>\n\n\n\n<li>M\u1ed1i quan h\u1ec7 c\u1ee7a khoa v\u1edbi t\u1ed5 ch\u1ee9c ho\u1eb7c s\u1ef1 ki\u1ec7n.<\/li>\n<\/ol>\n\n\n\n<p>The logo should not be used in any way likely to give the impression of official Department approval or affiliation with any non-HIDOE business, product or activity.<\/p>\n\n\n\n<p>Vi\u1ec7c m\u00f4 t\u1ea3 v\u00e0 s\u1eed d\u1ee5ng con d\u1ea5u l\u1edbn c\u1ee7a Ti\u1ec3u bang Hawai\u02bbi ho\u1eb7c huy hi\u1ec7u c\u1ee7a Ti\u1ec3u bang b\u1ecb h\u1ea1n ch\u1ebf b\u1edfi lu\u1eadt ph\u00e1p v\u00e0 \u0111\u01b0\u1ee3c qu\u1ea3n l\u00fd b\u1edfi <a href=\"https:\/\/www.capitol.hawaii.gov\/hrscurrent\/Vol01_Ch0001-0042F\/HRS0005\/HRS_0005-0006.htm\" target=\"_blank\" rel=\"noreferrer noopener\">M\u1ee5c 5-6, Lu\u1eadt s\u1eeda \u0111\u1ed5i c\u1ee7a Hawai&#039;i<\/a>.<\/p>\n\n\n\n<p><strong>\u00a75-6&nbsp; Seal; commercial use.<\/strong> Whoever uses any representation of the great seal or the coat of arms of the State in any advertisement or for any commercial purpose or in any manner likely to give the impression of official State approval shall be guilty of a misdemeanor.&nbsp;The preceding sentence shall not be construed to apply to the use of the seal or the coat of arms in any newspaper, periodical, book or pamphlet wherein the seal or coat of arms is printed for informational purposes only. [L 1967, c 86, \u00a71; HRS \u00a75-6]<\/p>\n\n\n\n<p><\/p>","protected":false},"excerpt":{"rendered":"<p>Scope Building and maintaining the Hawai\u02bbi State Department of Education&#8217;s (HIDOE) identity requires a consistent approach to the use of brand concepts and design across our system. These guidelines are meant to provide guidance and identification of the Department\u2019s brand on all published and online media. It covers appropriate usage of the HIDOE logo and [&hellip;]<\/p>","protected":false},"author":8,"featured_media":0,"parent":148,"menu_order":23,"comment_status":"closed","ping_status":"closed","template":"","meta":{"_relevanssi_hide_post":"","_relevanssi_hide_content":"","_relevanssi_pin_for_all":"","_relevanssi_pin_keywords":"","_relevanssi_unpin_keywords":"","_relevanssi_related_keywords":"","_relevanssi_related_include_ids":"","_relevanssi_related_exclude_ids":"","_relevanssi_related_no_append":"","_relevanssi_related_not_related":"","_relevanssi_related_posts":"10227,9771,888,9867,9784,9968","_relevanssi_noindex_reason":"","_sitemap_exclude":false,"_sitemap_priority":"","_sitemap_frequency":"","_kad_blocks_custom_css":"","_kad_blocks_head_custom_js":"","_kad_blocks_body_custom_js":"","_kad_blocks_footer_custom_js":"","wp_popup_display_lightbox":0,"wp_popup_suppress":"","wp_popup_trigger":"","wp_popup_trigger_amount":0,"wp_popup_disable_on_mobile":false,"footnotes":""},"class_list":["post-551","page","type-page","status-publish","hentry"],"pp_statuses_selecting_workflow":false,"pp_workflow_action":"current","pp_status_selection":"publish","taxonomy_info":[],"featured_image_src_large":false,"author_info":{"display_name":"Ariana Enomoto","author_link":"https:\/\/hawaiipublicschools.org\/vi\/author\/arianastaceyleong-com\/"},"comment_info":0,"publishpress_future_action":{"enabled":false,"date":"2026-04-26 00:36:09","action":"change-status","newStatus":"draft","terms":[],"taxonomy":"","extraData":[]},"publishpress_future_workflow_manual_trigger":{"enabledWorkflows":[]},"_links":{"self":[{"href":"https:\/\/hawaiipublicschools.org\/vi\/wp-json\/wp\/v2\/pages\/551","targetHints":{"allow":["GET"]}}],"collection":[{"href":"https:\/\/hawaiipublicschools.org\/vi\/wp-json\/wp\/v2\/pages"}],"about":[{"href":"https:\/\/hawaiipublicschools.org\/vi\/wp-json\/wp\/v2\/types\/page"}],"author":[{"embeddable":true,"href":"https:\/\/hawaiipublicschools.org\/vi\/wp-json\/wp\/v2\/users\/8"}],"replies":[{"embeddable":true,"href":"https:\/\/hawaiipublicschools.org\/vi\/wp-json\/wp\/v2\/comments?post=551"}],"version-history":[{"count":0,"href":"https:\/\/hawaiipublicschools.org\/vi\/wp-json\/wp\/v2\/pages\/551\/revisions"}],"up":[{"embeddable":true,"href":"https:\/\/hawaiipublicschools.org\/vi\/wp-json\/wp\/v2\/pages\/148"}],"wp:attachment":[{"href":"https:\/\/hawaiipublicschools.org\/vi\/wp-json\/wp\/v2\/media?parent=551"}],"curies":[{"name":"wp","href":"https:\/\/api.w.org\/{rel}","templated":true}]}}