{"id":55,"date":"2024-09-04T22:28:15","date_gmt":"2024-09-04T22:28:15","guid":{"rendered":"https:\/\/hawaiipublicschools.org\/?page_id=55"},"modified":"2025-04-02T11:15:25","modified_gmt":"2025-04-02T21:15:25","slug":"post-secondary-transition","status":"publish","type":"page","link":"https:\/\/hawaiipublicschools.org\/vi\/school-services\/post-secondary-transition\/","title":{"rendered":"Chuy\u1ec3n ti\u1ebfp sau trung h\u1ecdc"},"content":{"rendered":"<p class=\"intro\" style=\"font-size:clamp(0.875rem, 0.875rem + ((1vw - 0.2rem) * 0.531), 1.3rem);\">K\u1ebf ho\u1ea1ch chuy\u1ec3n ti\u1ebfp v\u00e0 d\u1ecbch v\u1ee5 hi\u1ec7u qu\u1ea3 l\u00e0 r\u1ea5t quan tr\u1ecdng \u0111\u1ec3 th\u00e0nh c\u00f4ng trong gi\u00e1o d\u1ee5c, \u0111\u00e0o t\u1ea1o, vi\u1ec7c l\u00e0m t\u00edch h\u1ee3p v\u00e0 s\u1ed1ng t\u1ef1 l\u1eadp ho\u1eb7c tham gia c\u1ed9ng \u0111\u1ed3ng. Nhi\u1ec1u y\u1ebfu t\u1ed1 g\u00f3p ph\u1ea7n t\u1ea1o n\u00ean cu\u1ed9c s\u1ed1ng th\u00e0nh c\u00f4ng sau khi t\u1ed1t nghi\u1ec7p trung h\u1ecdc.<\/p>\n\n\n\n<p>D\u1ecbch v\u1ee5 chuy\u1ec3n ti\u1ebfp gi\u00fap t\u1ea1o \u0111i\u1ec1u ki\u1ec7n thu\u1eadn l\u1ee3i cho h\u1ecdc sinh khuy\u1ebft t\u1eadt chuy\u1ec3n t\u1eeb tr\u01b0\u1eddng h\u1ecdc sang c\u00e1c ho\u1ea1t \u0111\u1ed9ng sau khi h\u1ecdc. T\u1ea1i ti\u1ec3u bang Hawai\u02bbi, qu\u00e1 tr\u00ecnh n\u00e0y li\u00ean quan \u0111\u1ebfn h\u1ecdc sinh khuy\u1ebft t\u1eadt, gia \u0111\u00ecnh, nh\u00e0 gi\u00e1o d\u1ee5c, nh\u00e0 cung c\u1ea5p d\u1ecbch v\u1ee5 c\u1ed9ng \u0111\u1ed3ng, Trung t\u00e2m Ph\u1ee5c h\u1ed3i ch\u1ee9c n\u0103ng ngh\u1ec1 nghi\u1ec7p (VR), B\u1ed9 Y t\u1ebf, c\u1ed1 v\u1ea5n v\u00e0 ng\u01b0\u1eddi s\u1eed d\u1ee5ng lao \u0111\u1ed9ng, nh\u1eefng ng\u01b0\u1eddi \u0111\u00f3ng vai tr\u00f2 quan tr\u1ecdng \u0111\u1ed1i v\u1edbi cu\u1ed9c s\u1ed1ng c\u1ee7a h\u1ecdc sinh.&nbsp;<\/p>\n\n\n\n<p>C\u00e1i n\u00e0y <a href=\"\/vi\/DOE%20Forms\/Special%20Education\/JNP-Family-Engagement-Transition-Toolkit%20%28WEB%29.pdf\/\">B\u1ed9 c\u00f4ng c\u1ee5 chuy\u1ec3n \u0111\u1ed5i s\u1ef1 tham gia c\u1ee7a gia \u0111\u00ecnh (PDF)<\/a> \u0111\u01b0\u1ee3c thi\u1ebft k\u1ebf \u0111\u1eb7c bi\u1ec7t cho nh\u1eefng ng\u01b0\u1eddi tr\u1ebb tu\u1ed5i m\u1edbi l\u1edbn khuy\u1ebft t\u1eadt \u0111\u1ec3 s\u1eed d\u1ee5ng nh\u01b0 m\u1ed9t ngu\u1ed3n l\u1ef1c h\u1ed7 tr\u1ee3 qu\u00e1 tr\u00ecnh l\u1eadp k\u1ebf ho\u1ea1ch chuy\u1ec3n ti\u1ebfp cho gi\u00e1o d\u1ee5c sau trung h\u1ecdc v\u00e0 vi\u1ec7c l\u00e0m. Th\u00f4ng tin \u0111\u00e3 \u0111\u01b0\u1ee3c \u0111\u01b0a v\u00e0o s\u1ebd gi\u00fap c\u00e1c gia \u0111\u00ecnh, ng\u01b0\u1eddi ch\u0103m s\u00f3c, c\u1ed1 v\u1ea5n tr\u01b0\u1eddng h\u1ecdc v\u00e0 nh\u00e0 cung c\u1ea5p d\u1ecbch v\u1ee5 b\u1eb1ng c\u00e1ch cung c\u1ea5p h\u01b0\u1edbng d\u1eabn khi b\u1ea1n ph\u00e1t tri\u1ec3n c\u00e1c m\u1ee5c ti\u00eau h\u1ecdc t\u1eadp ho\u1eb7c vi\u1ec7c l\u00e0m c\u1ee7a m\u00ecnh. N\u00f3 c\u0169ng c\u00f3 th\u1ec3 h\u1ed7 tr\u1ee3 x\u00e1c \u0111\u1ecbnh c\u00e1c c\u01a1 quan, t\u1ed5 ch\u1ee9c v\u00e0 ch\u01b0\u01a1ng tr\u00ecnh ph\u00f9 h\u1ee3p c\u00f3 th\u1ec3 ph\u00f9 h\u1ee3p nh\u1ea5t v\u1edbi nhu c\u1ea7u v\u00e0 s\u1edf th\u00edch c\u1ee7a b\u1ea1n khi b\u1ea1n l\u1eadp k\u1ebf ho\u1ea1ch chuy\u1ec3n ti\u1ebfp.<\/p>\n\n\n\n<p>C\u00e1c <a href=\"https:\/\/spinhawaii.org\/education-parent-guide\/planning-for-transitions\/\" target=\"_blank\" rel=\"noreferrer noopener\">M\u1ea1ng l\u01b0\u1edbi th\u00f4ng tin d\u00e0nh cho ph\u1ee5 huynh \u0111\u1eb7c bi\u1ec7t (SPIN)<\/a>) l\u00e0 m\u1ed9t t\u1ed5 ch\u1ee9c ph\u1ee5 huynh t\u1ea1i Hawai&#039;i cung c\u1ea5p th\u00f4ng tin, h\u1ed7 tr\u1ee3 v\u00e0 gi\u1edbi thi\u1ec7u \u0111\u1ebfn ph\u1ee5 huynh c\u1ee7a tr\u1ebb em v\u00e0 thanh thi\u1ebfu ni\u00ean khuy\u1ebft t\u1eadt c\u0169ng nh\u01b0 c\u00e1c chuy\u00ean gia ph\u1ee5c v\u1ee5 h\u1ecd. <\/p>\n\n\n\n<ul class=\"wp-block-list\">\n<li>Th\u0103m nom <a href=\"https:\/\/spinhawaii.org\/transitioning-to-adult-infographics\/\" target=\"_blank\" rel=\"noreferrer noopener\">Th\u00f4ng tin chuy\u1ec3n \u0111\u1ed5i sang tu\u1ed5i tr\u01b0\u1edfng th\u00e0nh<\/a> \u0111\u1ec3 xem v\u00e0 t\u1ea3i xu\u1ed1ng th\u00f4ng tin v\u1ec1 qu\u00e1 tr\u00ecnh chuy\u1ec3n \u0111\u1ed5i. <\/li>\n<\/ul>\n\n\n\n<p><\/p>\n\n\n\n<p><\/p>\n\n\n\n<p><\/p>\n\n\n\n<p><\/p>","protected":false},"excerpt":{"rendered":"<p>Effective transition planning and services are critical to success in education, training, integrated employment and independent living or community engagement. Multiple factors contribute to a successful life after high school. Transition services helps to facilitate students with disabilities moving from school to post-school activities. In the state of Hawai\u02bbi, this process involves students with disabilities, [&hellip;]<\/p>","protected":false},"author":8,"featured_media":0,"parent":59,"menu_order":39,"comment_status":"closed","ping_status":"closed","template":"","meta":{"_relevanssi_hide_post":"","_relevanssi_hide_content":"","_relevanssi_pin_for_all":"","_relevanssi_pin_keywords":"","_relevanssi_unpin_keywords":"","_relevanssi_related_keywords":"","_relevanssi_related_include_ids":"","_relevanssi_related_exclude_ids":"","_relevanssi_related_no_append":"","_relevanssi_related_not_related":"","_relevanssi_related_posts":"","_relevanssi_noindex_reason":"","_sitemap_exclude":false,"_sitemap_priority":"","_sitemap_frequency":"","_kad_blocks_custom_css":"","_kad_blocks_head_custom_js":"","_kad_blocks_body_custom_js":"","_kad_blocks_footer_custom_js":"","wp_popup_display_lightbox":0,"wp_popup_suppress":"","wp_popup_trigger":"","wp_popup_trigger_amount":0,"wp_popup_disable_on_mobile":false,"footnotes":""},"class_list":["post-55","page","type-page","status-publish","hentry"],"pp_statuses_selecting_workflow":false,"pp_workflow_action":"current","pp_status_selection":"publish","taxonomy_info":[],"featured_image_src_large":false,"author_info":{"display_name":"Ariana Enomoto","author_link":"https:\/\/hawaiipublicschools.org\/vi\/author\/arianastaceyleong-com\/"},"comment_info":0,"publishpress_future_action":{"enabled":false,"date":"2026-04-21 13:13:05","action":"change-status","newStatus":"draft","terms":[],"taxonomy":"","extraData":[]},"publishpress_future_workflow_manual_trigger":{"enabledWorkflows":[]},"_links":{"self":[{"href":"https:\/\/hawaiipublicschools.org\/vi\/wp-json\/wp\/v2\/pages\/55","targetHints":{"allow":["GET"]}}],"collection":[{"href":"https:\/\/hawaiipublicschools.org\/vi\/wp-json\/wp\/v2\/pages"}],"about":[{"href":"https:\/\/hawaiipublicschools.org\/vi\/wp-json\/wp\/v2\/types\/page"}],"author":[{"embeddable":true,"href":"https:\/\/hawaiipublicschools.org\/vi\/wp-json\/wp\/v2\/users\/8"}],"replies":[{"embeddable":true,"href":"https:\/\/hawaiipublicschools.org\/vi\/wp-json\/wp\/v2\/comments?post=55"}],"version-history":[{"count":0,"href":"https:\/\/hawaiipublicschools.org\/vi\/wp-json\/wp\/v2\/pages\/55\/revisions"}],"up":[{"embeddable":true,"href":"https:\/\/hawaiipublicschools.org\/vi\/wp-json\/wp\/v2\/pages\/59"}],"wp:attachment":[{"href":"https:\/\/hawaiipublicschools.org\/vi\/wp-json\/wp\/v2\/media?parent=55"}],"curies":[{"name":"wp","href":"https:\/\/api.w.org\/{rel}","templated":true}]}}