{"id":51,"date":"2024-09-04T22:26:34","date_gmt":"2024-09-04T22:26:34","guid":{"rendered":"https:\/\/hawaiipublicschools.org\/?page_id=51"},"modified":"2026-04-02T10:24:14","modified_gmt":"2026-04-02T20:24:14","slug":"partners-and-resources","status":"publish","type":"page","link":"https:\/\/hawaiipublicschools.org\/vi\/academics\/partners-and-resources\/","title":{"rendered":"\u0110\u1ed1i t\u00e1c v\u00e0 T\u00e0i nguy\u00ean"},"content":{"rendered":"<p class=\"intro\">Vi\u1ec7c \u0111\u1ecbnh h\u01b0\u1edbng th\u1ebf gi\u1edbi gi\u00e1o d\u1ee5c \u0111\u1eb7c bi\u1ec7t cho con b\u1ea1n c\u00f3 th\u1ec3 r\u1ea5t kh\u00f3 kh\u0103n, nh\u01b0ng b\u1ea1n kh\u00f4ng c\u1ea7n ph\u1ea3i l\u00e0m \u0111i\u1ec1u \u0111\u00f3 m\u1ed9t m\u00ecnh. Hawai\u02bbi cung c\u1ea5p r\u1ea5t nhi\u1ec1u ngu\u1ed3n l\u1ef1c \u0111\u1ec3 h\u1ed7 tr\u1ee3 c\u00e1c gia \u0111\u00ecnh, ng\u01b0\u1eddi ch\u0103m s\u00f3c v\u00e0 nh\u00e0 gi\u00e1o d\u1ee5c trong vi\u1ec7c \u0111\u1ea3m b\u1ea3o tr\u1ebb em c\u00f3 nhu c\u1ea7u \u0111\u1eb7c bi\u1ec7t nh\u1eadn \u0111\u01b0\u1ee3c c\u00e1c d\u1ecbch v\u1ee5 v\u00e0 c\u01a1 h\u1ed9i m\u00e0 c\u00e1c em x\u1ee9ng \u0111\u00e1ng \u0111\u01b0\u1ee3c h\u01b0\u1edfng. T\u1eeb c\u00e1c t\u1ed5 ch\u1ee9c v\u1eadn \u0111\u1ed9ng v\u00e0 h\u1ed7 tr\u1ee3 ph\u00e1p l\u00fd \u0111\u1ebfn m\u1ea1ng l\u01b0\u1edbi h\u1ed7 tr\u1ee3 ph\u1ee5 huynh v\u00e0 d\u1ecbch v\u1ee5 h\u00f2a gi\u1ea3i, c\u00e1c m\u1ed1i quan h\u1ec7 \u0111\u1ed1i t\u00e1c c\u1ed9ng \u0111\u1ed3ng n\u00e0y lu\u00f4n s\u1eb5n s\u00e0ng h\u1ed7 tr\u1ee3.<\/p>\n\n\n\n<h2 class=\"wp-block-heading\">T\u00e0i nguy\u00ean gia \u0111\u00ecnh v\u00e0 c\u1ed9ng \u0111\u1ed3ng<\/h2>\n\n\n\n<ul class=\"wp-block-list\">\n<li><a href=\"\/vi\/resources\/community-childrens-council\/\" data-type=\"page\" data-id=\"101\" target=\"_blank\" rel=\"noreferrer noopener\">H\u1ed9i \u0111\u1ed3ng tr\u1ebb em c\u1ed9ng \u0111\u1ed3ng<\/a>:S\u1ef1 h\u1ee3p t\u00e1c gi\u1eefa ph\u1ee5 huynh, nh\u00e2n vi\u00ean nh\u00e0 tr\u01b0\u1eddng, nh\u00e0 cung c\u1ea5p t\u01b0 nh\u00e2n v\u00e0 c\u00e1c th\u00e0nh vi\u00ean c\u1ed9ng \u0111\u1ed3ng kh\u00e1c, do B\u1ed9 \u0111i\u1ec1u ph\u1ed1i, nh\u1eefng ng\u01b0\u1eddi quan t\u00e2m \u0111\u1ebfn vi\u1ec7c cung c\u1ea5p d\u1ecbch v\u1ee5 v\u00e0 h\u1ed7 tr\u1ee3 cho tr\u1ebb em v\u00e0 gia \u0111\u00ecnh c\u00f3 nhu c\u1ea7u \u0111\u1eb7c bi\u1ec7t.<\/li>\n\n\n\n<li><a href=\"http:\/\/health.hawaii.gov\/dcab\/\" target=\"_blank\" rel=\"noreferrer noopener\">Ban h\u1ed7 tr\u1ee3 ng\u01b0\u1eddi khuy\u1ebft t\u1eadt v\u00e0 giao ti\u1ebfp:<\/a> M\u1ed9t ngu\u1ed3n th\u00f4ng tin d\u00e0nh cho ng\u01b0\u1eddi khuy\u1ebft t\u1eadt th\u00f4ng qua S\u1edf Y t\u1ebf ti\u1ec3u bang.<\/li>\n\n\n\n<li><a href=\"https:\/\/hawaiidisabilityrights.org\/\" target=\"_blank\" rel=\"noreferrer noopener\">Trung t\u00e2m Quy\u1ec1n c\u1ee7a Ng\u01b0\u1eddi khuy\u1ebft t\u1eadt Hawai\u02bbi<\/a>: H\u1ec7 th\u1ed1ng b\u1ea3o v\u1ec7 v\u00e0 h\u1ed7 tr\u1ee3 \u0111\u01b0\u1ee3c ch\u1ec9 \u0111\u1ecbnh d\u00e0nh cho ng\u01b0\u1eddi khuy\u1ebft t\u1eadt.<\/li>\n\n\n\n<li><a href=\"https:\/\/hsba.org\/\" target=\"_blank\" rel=\"noreferrer noopener\">Hi\u1ec7p h\u1ed9i Lu\u1eadt s\u01b0 Ti\u1ec3u bang Hawai\u02bbi<\/a>:H\u01a1n 8.000 th\u00e0nh vi\u00ean tr\u00ean kh\u1eafp th\u1ebf gi\u1edbi, tham gia v\u00e0o m\u1ecdi kh\u00eda c\u1ea1nh c\u1ee7a c\u1ed9ng \u0111\u1ed3ng, doanh nghi\u1ec7p, ch\u00ednh ph\u1ee7 v\u00e0 c\u00e1c l\u0129nh v\u1ef1c phi l\u1ee3i nhu\u1eadn c\u1ee7a x\u00e3 h\u1ed9i. C\u00e1c lu\u1eadt s\u01b0 t\u00ecnh nguy\u1ec7n d\u00e0nh h\u00e0ng ngh\u00ecn gi\u1edd m\u1ed7i n\u0103m cho c\u00e1c ho\u1ea1t \u0111\u1ed9ng c\u1ed9ng \u0111\u1ed3ng v\u00e0 l\u00e0m vi\u1ec7c mi\u1ec5n ph\u00ed.<\/li>\n\n\n\n<li><a href=\"https:\/\/hawaiicommunityengagement.com\/\" target=\"_blank\" rel=\"noreferrer noopener\">HIDOE Gia \u0111\u00ecnh v\u00e0 C\u1ed9ng \u0111\u1ed3ng tham gia<\/a>: Trang web Family and Community Engagement cung c\u1ea5p c\u00e1c ngu\u1ed3n l\u1ef1c h\u1ed7 tr\u1ee3 HIDOE trong vi\u1ec7c t\u01b0\u01a1ng t\u00e1c v\u1edbi c\u00e1c gia \u0111\u00ecnh, tr\u01b0\u1eddng h\u1ecdc v\u00e0 c\u1ed9ng \u0111\u1ed3ng tr\u00ean to\u00e0n ti\u1ec3u bang. Tr\u00ean trang web n\u00e0y, b\u1ea1n s\u1ebd t\u00ecm th\u1ea5y:\n<ul class=\"wp-block-list\">\n<li>Th\u00f4ng tin v\u1ec1 nh\u1eefng g\u00ec tr\u01b0\u1eddng h\u1ecdc v\u00e0 ch\u01b0\u01a1ng tr\u00ecnh \u0111ang th\u1ef1c hi\u1ec7n \u0111\u1ec3 thu h\u00fat gia \u0111\u00ecnh v\u00e0 c\u1ed9ng \u0111\u1ed3ng \u1edf c\u1ea5p \u0111\u1ecba ph\u01b0\u01a1ng v\u00e0 qu\u1ed1c gia.<\/li>\n\n\n\n<li>Gi\u00e1 tr\u1ecb HIDOE t\u1eadp trung xung quanh <a href=\"https:\/\/hawaiipublicschools.org\/vi\/about\/na-hopena-a%CA%BBo-ha\/\" target=\"_blank\" rel=\"noreferrer noopener\">N\u0101 Hopena A\u02bbo (H\u0100)<\/a>.<\/li>\n\n\n\n<li>C\u00e1c nh\u00f3m HIDOE c\u00f3 th\u1ec3 h\u1ed7 tr\u1ee3 c\u00e1c gia \u0111\u00ecnh.<\/li>\n\n\n\n<li>T\u00e0i nguy\u00ean t\u1eadp trung v\u00e0o <a href=\"https:\/\/docs.google.com\/document\/d\/15icZyKk_v2RU3v0DxGKKIhczfVDLoeGycChyZazlevY\/edit#\" target=\"_blank\" rel=\"noreferrer noopener\">Khung tham gia c\u1ee7a gia \u0111\u00ecnh v\u00e0 c\u1ed9ng \u0111\u1ed3ng HIDOE (Google Doc)<\/a>.<\/li>\n<\/ul>\n<\/li>\n\n\n\n<li><a href=\"https:\/\/www.hilopaa.org\/\" target=\"_blank\" rel=\"noreferrer noopener\">Hilopa\u02bba<\/a> cung c\u1ea5p th\u00f4ng tin v\u00e0 gi\u1edbi thi\u1ec7u, h\u1ed7 tr\u1ee3 k\u1ef9 thu\u1eadt v\u00e0 \u0111\u00e0o t\u1ea1o cho ph\u1ee5 huynh c\u00f3 con khuy\u1ebft t\u1eadt. Trung t\u00e2m Hilopa&#039;a c\u00f3 nh\u00e2n vi\u00ean l\u00e0 ph\u1ee5 huynh v\u00e0 b\u1ea1n b\u00e8 c\u1ee7a tr\u1ebb em c\u00f3 nhu c\u1ea7u ch\u0103m s\u00f3c s\u1ee9c kh\u1ecfe \u0111\u1eb7c bi\u1ec7t. H\u1ecd cung c\u1ea5p h\u1ed7 tr\u1ee3 mi\u1ec5n ph\u00ed, b\u1ea3o m\u1eadt cho c\u00e1c gia \u0111\u00ecnh v\u00e0 ng\u01b0\u1eddi t\u1ef1 b\u1ea3o v\u1ec7 v\u00e0 c\u00e1c chuy\u00ean gia ph\u1ee5c v\u1ee5 h\u1ecd, \u0111\u1ed3ng th\u1eddi cung c\u1ea5p c\u00e1c ngu\u1ed3n l\u1ef1c cho h\u1ecdc sinh chuy\u1ec3n ti\u1ebfp sau khi t\u1ed1t nghi\u1ec7p trung h\u1ecdc.<\/li>\n\n\n\n<li><a href=\"http:\/\/www.ldahawaii.org\/\" target=\"_blank\" rel=\"noreferrer noopener\">L\u00e3nh \u0111\u1ea1o trong l\u0129nh v\u1ef1c khuy\u1ebft t\u1eadt v\u00e0 th\u00e0nh t\u1ef1u c\u1ee7a Hawai\u02bbi<\/a> (LDAH): Trung t\u00e2m \u0111\u00e0o t\u1ea1o v\u00e0 th\u00f4ng tin d\u00e0nh cho ph\u1ee5 huynh c\u1ee7a ti\u1ec3u bang Hawai\u02bbi. S\u1ee9 m\u1ec7nh c\u1ee7a trung t\u00e2m l\u00e0 n\u00e2ng cao c\u01a1 h\u1ed9i gi\u00e1o d\u1ee5c, c\u00f4ng vi\u1ec7c v\u00e0 cu\u1ed9c s\u1ed1ng cho tr\u1ebb em v\u00e0 thanh thi\u1ebfu ni\u00ean khuy\u1ebft t\u1eadt b\u1eb1ng c\u00e1ch trao quy\u1ec1n cho h\u1ecd v\u00e0 gia \u0111\u00ecnh h\u1ecd th\u00f4ng qua th\u00f4ng tin, \u0111\u00e0o t\u1ea1o v\u00e0 c\u1ed1 v\u1ea5n, c\u0169ng nh\u01b0 th\u00f4ng qua ho\u1ea1t \u0111\u1ed9ng ti\u1ebfp c\u1eadn c\u1ed9ng \u0111\u1ed3ng v\u00e0 v\u1eadn \u0111\u1ed9ng.<\/li>\n\n\n\n<li><a href=\"https:\/\/www.legalaidhawaii.org\/\" target=\"_blank\" rel=\"noreferrer noopener\">H\u1ed9i H\u1ed7 tr\u1ee3 Ph\u00e1p l\u00fd Hawai\u02bbi<\/a>: Cung c\u1ea5p h\u1ed7 tr\u1ee3 ph\u00e1p l\u00fd d\u00e2n s\u1ef1 mi\u1ec5n ph\u00ed cho nh\u1eefng ng\u01b0\u1eddi c\u00f3 thu nh\u1eadp th\u1ea5p v\u00e0 kh\u00f4ng t\u00ednh ph\u00ed kh\u00e1ch h\u00e0ng cho c\u00e1c d\u1ecbch v\u1ee5 ph\u00e1p l\u00fd.<\/li>\n\n\n\n<li><a href=\"https:\/\/www.mediatehawaii.org\/\" target=\"_blank\" rel=\"noreferrer noopener\">Trung t\u00e2m h\u00f2a gi\u1ea3i Th\u00e1i B\u00ecnh D\u01b0\u01a1ng<\/a>: T\u1ed5 ch\u1ee9c phi l\u1ee3i nhu\u1eadn \u0111\u1ecba ph\u01b0\u01a1ng, Aloha United Way Agency cung c\u1ea5p d\u1ecbch v\u1ee5 h\u00f2a gi\u1ea3i v\u00e0 gi\u1ea3i quy\u1ebft tranh ch\u1ea5p ch\u1ea5t l\u01b0\u1ee3ng cao v\u1edbi m\u1ee9c gi\u00e1 ph\u1ea3i ch\u0103ng v\u00e0 d\u1ec5 ti\u1ebfp c\u1eadn.<\/li>\n\n\n\n<li><a href=\"https:\/\/parentguidance.org\/\" target=\"_blank\" rel=\"noreferrer noopener\">ParentGuidance.org<\/a>:Do V\u0103n ph\u00f2ng D\u1ecbch v\u1ee5 H\u1ed7 tr\u1ee3 Sinh vi\u00ean c\u1ee7a Khoa cung c\u1ea5p cho ph\u1ee5 huynh v\u00e0 nh\u00e2n vi\u00ean nh\u00e0 tr\u01b0\u1eddng. <a href=\"https:\/\/parentguidance.org\/\">ParentGuidance.org<\/a> h\u1ee3p t\u00e1c v\u1edbi c\u00e1c tr\u01b0\u1eddng h\u1ecdc v\u00e0 c\u1ed9ng \u0111\u1ed3ng tr\u00ean to\u00e0n qu\u1ed1c, trao quy\u1ec1n cho c\u00e1c gia \u0111\u00ecnh gi\u00fap tr\u1ebb em ph\u00e1t tri\u1ec3n th\u00f4ng qua c\u00e1c ngu\u1ed3n l\u1ef1c v\u1ec1 s\u1ee9c kh\u1ecfe t\u00e2m th\u1ea7n, bao g\u1ed3m:\n<ul class=\"wp-block-list\">\n<li>Hu\u1ea5n luy\u1ec7n ph\u1ee5 huynh m\u1ed9t k\u00e8m m\u1ed9t th\u01b0\u1eddng xuy\u00ean cho ph\u1ee5 huynh, gia \u0111\u00ecnh v\u00e0 nh\u00e2n vi\u00ean nh\u00e0 tr\u01b0\u1eddng<\/li>\n\n\n\n<li>Truy c\u1eadp v\u00e0o h\u01a1n 30 h\u1ed9i th\u1ea3o tr\u1ef1c tuy\u1ebfn v\u1ec1 s\u1ee9c kh\u1ecfe t\u00e2m th\u1ea7n<\/li>\n\n\n\n<li>C\u00e1c b\u00e0i h\u1ecdc tr\u1ef1c tuy\u1ebfn \u0111\u01b0\u1ee3c h\u01b0\u1edbng d\u1eabn b\u1edfi c\u00e1c nh\u00e0 tr\u1ecb li\u1ec7u \u0111\u01b0\u1ee3c c\u1ea5p ph\u00e9p<\/li>\n\n\n\n<li>\u201cH\u1ecfi chuy\u00ean gia tr\u1ecb li\u1ec7u\u201d, m\u1ed9t di\u1ec5n \u0111\u00e0n h\u1ecfi \u0111\u00e1p \u0111\u01b0\u1ee3c c\u1eadp nh\u1eadt th\u01b0\u1eddng xuy\u00ean<\/li>\n<\/ul>\n<\/li>\n\n\n\n<li><a href=\"http:\/\/seac-hawaii.org\/\" target=\"_blank\" rel=\"noreferrer noopener\">H\u1ed9i \u0111\u1ed3ng t\u01b0 v\u1ea5n gi\u00e1o d\u1ee5c \u0111\u1eb7c bi\u1ec7t<\/a> (SEAC): M\u1ed9t nh\u00f3m c\u00e1 nh\u00e2n \u0111a d\u1ea1ng c\u00f3 chuy\u00ean m\u00f4n v\u1ec1 m\u1ecdi kh\u00eda c\u1ea1nh \u1ea3nh h\u01b0\u1edfng \u0111\u1ebfn gi\u00e1o d\u1ee5c \u0111\u1eb7c bi\u1ec7t v\u00e0 c\u00e1c v\u1ea5n \u0111\u1ec1 li\u00ean quan. Th\u00e0nh vi\u00ean bao g\u1ed3m ph\u1ea7n l\u1edbn ph\u1ee5 huynh c\u1ee7a tr\u1ebb em khuy\u1ebft t\u1eadt, c\u0169ng nh\u01b0 gi\u00e1o vi\u00ean, qu\u1ea3n tr\u1ecb vi\u00ean, \u0111\u1ea1i di\u1ec7n t\u1eeb B\u1ed9 Y t\u1ebf v\u00e0 B\u1ed9 D\u1ecbch v\u1ee5 Nh\u00e2n sinh, v\u00e0 nh\u1eefng ng\u01b0\u1eddi kh\u00e1c.<\/li>\n\n\n\n<li><a href=\"http:\/\/www.spinhawaii.org\/\" target=\"_blank\" rel=\"noreferrer noopener\">M\u1ea1ng l\u01b0\u1edbi th\u00f4ng tin d\u00e0nh cho ph\u1ee5 huynh \u0111\u1eb7c bi\u1ec7t<\/a> (SPIN): Th\u00f4ng tin, h\u1ed7 tr\u1ee3 v\u00e0 gi\u1edbi thi\u1ec7u \u0111\u1ebfn cha m\u1eb9 c\u1ee7a tr\u1ebb em v\u00e0 thanh thi\u1ebfu ni\u00ean khuy\u1ebft t\u1eadt v\u00e0 c\u00e1c chuy\u00ean gia ph\u1ee5c v\u1ee5 h\u1ecd (do DOH\/HIDOE t\u00e0i tr\u1ee3).\n<ul class=\"wp-block-list\">\n<li><a href=\"\/vi\/DOE%20Forms\/OSSS\/SPIN%20Infographics\/ContingencyPlanwQRCode.pdf\/\" target=\"_blank\" rel=\"noreferrer noopener\">Danh s\u00e1ch ki\u1ec3m tra k\u1ebf ho\u1ea1ch d\u1ef1 ph\u00f2ng \u0111\u00f3ng c\u1eeda tr\u01b0\u1eddng h\u1ecdc (PDF)<\/a><\/li>\n\n\n\n<li><a href=\"\/vi\/DOE%20Forms\/OSSS\/SPIN%20Infographics\/ParentTipsVirtualIEPwQRcode.pdf\/\" target=\"_blank\" rel=\"noreferrer noopener\">L\u1eddi khuy\u00ean cho ph\u1ee5 huynh v\u1ec1 IEP \u1ea3o (PDF)<\/a><\/li>\n\n\n\n<li><a href=\"\/vi\/DOE%20Forms\/OSSS\/SPIN%20Infographics\/Using-TechnologywQRcode.pdf\/\" target=\"_blank\" rel=\"noreferrer noopener\">S\u1eed d\u1ee5ng c\u00f4ng ngh\u1ec7 \u0111\u1ec3 cung c\u1ea5p c\u00e1c d\u1ecbch v\u1ee5 li\u00ean quan (PDF)<\/a><\/li>\n<\/ul>\n<\/li>\n\n\n\n<li><a href=\"https:\/\/thepromiseact.org\/\">\u0110\u1ed1i t\u00e1c trong PROMISE<\/a>: M\u1ed9t t\u1ed5 ch\u1ee9c phi l\u1ee3i nhu\u1eadn \u1ee7ng h\u1ed9 v\u00e0 h\u1ed7 tr\u1ee3 <a href=\"https:\/\/hawaiipublicschools.org\/vi\/enrolling-in-school\/military-families\/\" data-type=\"page\" data-id=\"4658\">gia \u0111\u00ecnh qu\u00e2n nh\u00e2n<\/a> \u0111i\u1ec1u h\u01b0\u1edbng gi\u00e1o d\u1ee5c \u0111\u1eb7c bi\u1ec7t v\u00e0 Ch\u01b0\u01a1ng tr\u00ecnh Th\u00e0nh vi\u00ean Gia \u0111\u00ecnh \u0110\u1eb7c bi\u1ec7t. H\u1ecd cung c\u1ea5p c\u00e1c ngu\u1ed3n l\u1ef1c, ho\u1ea1t \u0111\u1ed9ng v\u1eadn \u0111\u1ed9ng d\u1ef1a tr\u00ean d\u1eef li\u1ec7u v\u00e0 c\u00e1c c\u00f4ng c\u1ee5 \u0111\u1ec3 gi\u00fap \u0111\u1ea3m b\u1ea3o tr\u1ebb em c\u00f3 nhu c\u1ea7u \u0111\u1eb7c bi\u1ec7t trong qu\u00e2n \u0111\u1ed9i nh\u1eadn \u0111\u01b0\u1ee3c c\u00e1c d\u1ecbch v\u1ee5 gi\u00e1o d\u1ee5c nh\u1ea5t qu\u00e1n v\u00e0 c\u00f4ng b\u1eb1ng.<\/li>\n\n\n\n<li>\u0110\u1ec3 t\u00ecm hi\u1ec3u th\u00eam v\u1ec1 s\u1ef1 tham gia c\u1ee7a c\u1ed9ng \u0111\u1ed3ng li\u00ean quan \u0111\u1ebfn gi\u00e1o d\u1ee5c \u0111\u1eb7c bi\u1ec7t v\u00e0 K\u1ebf ho\u1ea1ch th\u1ef1c hi\u1ec7n c\u1ee7a Ti\u1ec3u bang\/B\u00e1o c\u00e1o th\u1ef1c hi\u1ec7n h\u00e0ng n\u0103m (SPP\/APR), <a href=\"\/vi\/data-reports\/state-reports\/state-performance-plan-annual-performance-report\/\" target=\"_blank\" rel=\"noreferrer noopener\">xem trang Ph\u1ea3n h\u1ed3i c\u1ee7a \u0110\u1ed1i t\u00e1c Gi\u00e1o d\u1ee5c SPP\/APR\/Ph\u1ee5 huynh\/C\u1ed9ng \u0111\u1ed3ng<\/a>.<\/li>\n<\/ul>\n\n\n\n<h2 class=\"wp-block-heading\">T\u00e0i nguy\u00ean li\u00ean bang<\/h2>\n\n\n\n<p>C\u00e1c li\u00ean k\u1ebft v\u00e0 t\u00e0i nguy\u00ean b\u1ed5 sung li\u00ean quan \u0111\u1ebfn vi\u1ec7c h\u1ed7 tr\u1ee3 h\u1ecdc sinh khuy\u1ebft t\u1eadt.<\/p>\n\n\n\n<ul class=\"wp-block-list\">\n<li><a href=\"https:\/\/www.cdc.gov\/act-early\/milestones\/?CDC_AAref_Val=https:\/\/www.cdc.gov\/ncbddd\/actearly\/milestones\/index.html\" target=\"_blank\" rel=\"noreferrer noopener\">C\u00e1c m\u1ed1c ph\u00e1t tri\u1ec3n c\u1ee7a Trung t\u00e2m Ki\u1ec3m so\u00e1t v\u00e0 Ph\u00f2ng ng\u1eeba D\u1ecbch b\u1ec7nh<\/a>\n<ul class=\"wp-block-list\">\n<li>C\u00e1c k\u1ef9 n\u0103ng nh\u01b0 b\u01b0\u1edbc \u0111i \u0111\u1ea7u ti\u00ean, m\u1ec9m c\u01b0\u1eddi l\u1ea7n \u0111\u1ea7u ti\u00ean v\u00e0 v\u1eaby tay ch\u00e0o &quot;bye bye&quot; \u0111\u01b0\u1ee3c g\u1ecdi l\u00e0 c\u00e1c m\u1ed1c ph\u00e1t tri\u1ec3n. Tr\u1ebb em \u0111\u1ea1t \u0111\u01b0\u1ee3c c\u00e1c m\u1ed1c ph\u00e1t tri\u1ec3n trong c\u00e1ch ch\u00fang ch\u01a1i, h\u1ecdc, n\u00f3i, h\u00e0nh \u0111\u1ed9ng v\u00e0 di chuy\u1ec3n.<\/li>\n<\/ul>\n<\/li>\n\n\n\n<li>\u200b<a href=\"https:\/\/www.acf.hhs.gov\/sites\/default\/files\/documents\/main\/resource-guide-for-families-with-children-ages-0-12.pdf\" target=\"_blank\" rel=\"noreferrer noopener\">H\u01b0\u1edbng d\u1eabn v\u1ec1 T\u00e0i nguy\u00ean c\u1ee7a C\u01a1 quan Qu\u1ea3n l\u00fd Tr\u1ebb em v\u00e0 Gia \u0111\u00ecnh thu\u1ed9c B\u1ed9 Y t\u1ebf v\u00e0 D\u1ecbch v\u1ee5 Nh\u00e2n sinh Hoa K\u1ef3 (PDF)<\/a><\/li>\n<\/ul>\n\n\n\n<h2 class=\"wp-block-heading\">T\u00e0i nguy\u00ean c\u1ee7a Qu\u1eadn v\u00e0 Khu ph\u1ee9c h\u1ee3p<\/h2>\n\n\n\n<p>M\u1ed7i khu ph\u1ee9c h\u1ee3p trong ti\u1ec3u bang \u0111\u1ec1u c\u00f3 m\u1ed9t nh\u00f3m chuy\u00ean gia gi\u00e1o d\u1ee5c \u0111\u1eb7c bi\u1ec7t h\u1ed7 tr\u1ee3 c\u00e1c tr\u01b0\u1eddng h\u1ecdc v\u00e0 gia \u0111\u00ecnh. \u0110\u1ec3 \u0111\u01b0\u1ee3c tr\u1ee3 gi\u00fap v\u1ec1 h\u1ecdc sinh\/con em ho\u1eb7c tr\u01b0\u1eddng h\u1ecdc c\u1ee7a b\u1ea1n, vui l\u00f2ng li\u00ean h\u1ec7 <a href=\"https:\/\/docs.google.com\/spreadsheets\/d\/1dOgQPPM7-BbR5JM8t52TaYeE0WJRvzWcCDlZrp9JnRU\/edit?usp=sharing\" target=\"_blank\" rel=\"noreferrer noopener\">Chuy\u00ean gia gi\u00e1o d\u1ee5c qu\u1eadn (Google Sheet)<\/a> cho tr\u01b0\u1eddng h\u1ecdc c\u1ee7a b\u1ea1n.<\/p>\n\n\n\n<h2 class=\"wp-block-heading\">Y\u00eau c\u1ea7u b\u1ed3i th\u01b0\u1eddng d\u1ef1a tr\u00ean tr\u01b0\u1eddng h\u1ecdc<\/h2>\n\n\n\n<p>HIDOE \u0111\u1ee7 \u0111i\u1ec1u ki\u1ec7n nh\u1eadn kho\u1ea3n ho\u00e0n tr\u1ea3 c\u1ee7a li\u00ean bang t\u1eeb ch\u01b0\u01a1ng tr\u00ecnh Medicaid cho m\u1ed9t s\u1ed1 d\u1ecbch v\u1ee5 y t\u1ebf c\u1ea7n thi\u1ebft li\u00ean quan \u0111\u1ebfn s\u1ee9c kh\u1ecfe m\u00e0 ch\u00fang t\u00f4i cung c\u1ea5p cho sinh vi\u00ean \u0111\u1ee7 \u0111i\u1ec1u ki\u1ec7n.<\/p>\n\n\n\n<div class=\"wp-block-buttons is-layout-flex wp-block-buttons-is-layout-flex\" style=\"margin-bottom:var(--wp--preset--spacing--10)\">\n<div class=\"wp-block-button has-custom-font-size ghost positive custom_button border_bx-pos is-style-outline is-style-outline--1\" style=\"font-size:0.8rem\"><a rel=\"noreferrer noopener\" target=\"_blank\" href=\"https:\/\/sites.google.com\/k12.hi.us\/hidoe-school-medicaid\/home\" class=\"wp-block-button__link has-text-color has-link-color has-border-color has-contrast-border-color wp-element-button\" style=\"border-width:2px;color:#010101;padding-top:12px;padding-right:20px;padding-bottom:12px;padding-left:20px\">Trang web ho\u00e0n tr\u1ea3 medicaid c\u1ee7a HIDOE<\/a><\/div>\n<\/div>\n\n\n\n<h2 class=\"wp-block-heading\">H\u01b0\u1edbng d\u1eabn t\u1ea1i nh\u00e0-b\u1ec7nh vi\u1ec7n<\/h2>\n\n\n\n<p>Trong tr\u01b0\u1eddng h\u1ee3p t\u00ecnh tr\u1ea1ng s\u1ee9c kh\u1ecfe \u0111\u1ed9t ng\u1ed9t ho\u1eb7c m\u00e3n t\u00ednh khi\u1ebfn h\u1ecdc sinh kh\u00f4ng th\u1ec3 \u0111\u1ebfn tr\u01b0\u1eddng trong t\u1ed1i thi\u1ec3u 10 ng\u00e0y h\u1ecdc li\u00ean ti\u1ebfp, ph\u1ee5 huynh h\u1ecdc sinh c\u00f3 th\u1ec3 ho\u00e0n th\u00e0nh v\u00e0 n\u1ed9p M\u1ee5c I v\u00e0 II c\u1ee7a <a href=\"https:\/\/hawaiipublicschools.org\/wp-content\/uploads\/Home-Hospital-Instruction-Services-Request.pdf\" data-type=\"attachment\" data-id=\"18000\" target=\"_blank\" rel=\"noreferrer noopener\">Bi\u1ec3u m\u1eabu h\u01b0\u1edbng d\u1eabn d\u1ecbch v\u1ee5 b\u1ec7nh vi\u1ec7n t\u1ea1i nh\u00e0 (PDF)<\/a> cho \u0111i\u1ec1u ph\u1ed1i vi\u00ean d\u1ecbch v\u1ee5 sinh vi\u00ean c\u1ee7a tr\u01b0\u1eddng \u0111\u1ec3 y\u00eau c\u1ea7u D\u1ecbch v\u1ee5 h\u01b0\u1edbng d\u1eabn t\u1ea1i b\u1ec7nh vi\u1ec7n t\u1ea1i nh\u00e0. Sau \u0111\u00f3, Nh\u00f3m h\u1ed7 tr\u1ee3 sinh vi\u00ean s\u1ebd \u0111\u01b0\u1ee3c tri\u1ec7u t\u1eadp \u0111\u1ec3 th\u1ea3o lu\u1eadn v\u1ec1 ph\u01b0\u01a1ng ti\u1ec7n t\u1ed1t nh\u1ea5t \u0111\u1ec3 cung c\u1ea5p cho sinh vi\u00ean s\u1ef1 li\u00ean t\u1ee5c c\u1ee7a c\u00e1c d\u1ecbch v\u1ee5 gi\u00e1o d\u1ee5c gi\u1eefa l\u1edbp h\u1ecdc v\u00e0 nh\u00e0 ho\u1eb7c b\u1ec7nh vi\u1ec7n.<\/p>\n\n\n\n<h2 class=\"wp-block-heading\">Chi nh\u00e1nh h\u1ed7 tr\u1ee3 \u0111\u1eb7c bi\u1ec7t<\/h2>\n\n\n\n<p>Chi nh\u00e1nh H\u1ed7 tr\u1ee3 \u0110\u1eb7c bi\u1ec7t (ESB), tr\u1ef1c thu\u1ed9c V\u0103n ph\u00f2ng D\u1ecbch v\u1ee5 H\u1ed7 tr\u1ee3 Sinh vi\u00ean, cung c\u1ea5p s\u1ef1 l\u00e3nh \u0111\u1ea1o, ph\u00e1t tri\u1ec3n chuy\u00ean m\u00f4n v\u00e0 h\u1ed7 tr\u1ee3 k\u1ef9 thu\u1eadt cho c\u00e1c Khu ph\u1ee9c h\u1ee3p v\u00e0 tr\u01b0\u1eddng h\u1ecdc trong vi\u1ec7c l\u1eadp k\u1ebf ho\u1ea1ch v\u00e0 tri\u1ec3n khai c\u00e1c ch\u01b0\u01a1ng tr\u00ecnh gi\u00fap t\u0103ng th\u00e0nh t\u00edch cho h\u1ecdc sinh khuy\u1ebft t\u1eadt. \u0110\u1ec3 bi\u1ebft th\u00eam th\u00f4ng tin, h\u00e3y g\u1ecdi 808-305-9750.<\/p>\n\n\n\n<h2 class=\"wp-block-heading\">Chi nh\u00e1nh Gi\u00e1m s\u00e1t v\u00e0 Tu\u00e2n th\u1ee7 \u2013 Nh\u00f3m IDEA<\/h2>\n\n\n\n<p>Chi nh\u00e1nh Gi\u00e1m s\u00e1t v\u00e0 Tu\u00e2n th\u1ee7 (MAC), Nh\u00f3m IDEA, tr\u1ef1c thu\u1ed9c V\u0103n ph\u00f2ng Ph\u00f3 Gi\u00e1m \u0111\u1ed1c, h\u1ed7 tr\u1ee3 vi\u1ec7c th\u1ef1c hi\u1ec7n \u0110\u1ea1o lu\u1eadt C\u1ea3i thi\u1ec7n Gi\u00e1o d\u1ee5c d\u00e0nh cho C\u00e1 nh\u00e2n Khuy\u1ebft t\u1eadt n\u0103m 2004 (IDEA) v\u00e0 c\u00e1c y\u00eau c\u1ea7u c\u1ee7a Ch\u01b0\u01a1ng 60 HAR nh\u1eb1m c\u1ea3i thi\u1ec7n k\u1ebft qu\u1ea3 gi\u00e1o d\u1ee5c cho h\u1ecdc sinh khuy\u1ebft t\u1eadt v\u00e0 gia \u0111\u00ecnh c\u1ee7a c\u00e1c em. \u0110\u1ec3 bi\u1ebft th\u00eam th\u00f4ng tin, h\u00e3y g\u1ecdi s\u1ed1 808-307-3600.<\/p>\n\n\n\n<p><\/p>","protected":false},"excerpt":{"rendered":"<p>Navigating the world of special education for your child can be challenging, but you don\u2019t have to do it alone. Hawai\u02bbi offers a wealth of resources to support families, caregivers, and educators in ensuring children with special needs receive the services and opportunities they deserve. From advocacy organizations and legal assistance to parent support networks [&hellip;]<\/p>","protected":false},"author":8,"featured_media":0,"parent":22,"menu_order":22,"comment_status":"closed","ping_status":"closed","template":"","meta":{"_relevanssi_hide_post":"","_relevanssi_hide_content":"","_relevanssi_pin_for_all":"","_relevanssi_pin_keywords":"","_relevanssi_unpin_keywords":"","_relevanssi_related_keywords":"","_relevanssi_related_include_ids":"","_relevanssi_related_exclude_ids":"","_relevanssi_related_no_append":"","_relevanssi_related_not_related":"","_relevanssi_related_posts":"2392,8795,10024,14258,13725,888","_relevanssi_noindex_reason":"","_sitemap_exclude":false,"_sitemap_priority":"","_sitemap_frequency":"","_kad_blocks_custom_css":"","_kad_blocks_head_custom_js":"","_kad_blocks_body_custom_js":"","_kad_blocks_footer_custom_js":"","wp_popup_display_lightbox":0,"wp_popup_suppress":"","wp_popup_trigger":"","wp_popup_trigger_amount":0,"wp_popup_disable_on_mobile":false,"footnotes":""},"class_list":["post-51","page","type-page","status-publish","hentry"],"pp_statuses_selecting_workflow":false,"pp_workflow_action":"current","pp_status_selection":"publish","taxonomy_info":[],"featured_image_src_large":false,"author_info":{"display_name":"Ariana Enomoto","author_link":"https:\/\/hawaiipublicschools.org\/vi\/author\/arianastaceyleong-com\/"},"comment_info":0,"publishpress_future_action":{"enabled":false,"date":"2026-04-17 12:41:07","action":"change-status","newStatus":"draft","terms":[],"taxonomy":"","extraData":[]},"publishpress_future_workflow_manual_trigger":{"enabledWorkflows":[]},"_links":{"self":[{"href":"https:\/\/hawaiipublicschools.org\/vi\/wp-json\/wp\/v2\/pages\/51","targetHints":{"allow":["GET"]}}],"collection":[{"href":"https:\/\/hawaiipublicschools.org\/vi\/wp-json\/wp\/v2\/pages"}],"about":[{"href":"https:\/\/hawaiipublicschools.org\/vi\/wp-json\/wp\/v2\/types\/page"}],"author":[{"embeddable":true,"href":"https:\/\/hawaiipublicschools.org\/vi\/wp-json\/wp\/v2\/users\/8"}],"replies":[{"embeddable":true,"href":"https:\/\/hawaiipublicschools.org\/vi\/wp-json\/wp\/v2\/comments?post=51"}],"version-history":[{"count":2,"href":"https:\/\/hawaiipublicschools.org\/vi\/wp-json\/wp\/v2\/pages\/51\/revisions"}],"predecessor-version":[{"id":19270,"href":"https:\/\/hawaiipublicschools.org\/vi\/wp-json\/wp\/v2\/pages\/51\/revisions\/19270"}],"up":[{"embeddable":true,"href":"https:\/\/hawaiipublicschools.org\/vi\/wp-json\/wp\/v2\/pages\/22"}],"wp:attachment":[{"href":"https:\/\/hawaiipublicschools.org\/vi\/wp-json\/wp\/v2\/media?parent=51"}],"curies":[{"name":"wp","href":"https:\/\/api.w.org\/{rel}","templated":true}]}}