{"id":48,"date":"2024-09-04T22:25:40","date_gmt":"2024-09-04T22:25:40","guid":{"rendered":"https:\/\/hawaiipublicschools.org\/?page_id=48"},"modified":"2025-11-21T14:21:24","modified_gmt":"2025-11-22T00:21:24","slug":"does-my-child-have-a-disability-child-find","status":"publish","type":"page","link":"https:\/\/hawaiipublicschools.org\/vi\/school-services\/does-my-child-have-a-disability-child-find\/","title":{"rendered":"Con t\u00f4i c\u00f3 c\u1ea7n d\u1ecbch v\u1ee5 Gi\u00e1o d\u1ee5c \u0111\u1eb7c bi\u1ec7t kh\u00f4ng?"},"content":{"rendered":"<p class=\"intro\" style=\"font-size:clamp(0.875rem, 0.875rem + ((1vw - 0.2rem) * 0.531), 1.3rem);\">L\u00e0 cha m\u1eb9 ho\u1eb7c ng\u01b0\u1eddi gi\u00e1m h\u1ed9, b\u1ea1n mu\u1ed1n con m\u00ecnh ph\u00e1t tri\u1ec3n v\u1ec1 m\u1eb7t h\u1ecdc thu\u1eadt, x\u00e3 h\u1ed9i v\u00e0 t\u00ecnh c\u1ea3m. N\u1ebfu b\u1ea1n nghi ng\u1edd con m\u00ecnh c\u00f3 th\u1ec3 b\u1ecb khuy\u1ebft t\u1eadt \u1ea3nh h\u01b0\u1edfng \u0111\u1ebfn vi\u1ec7c h\u1ecdc ho\u1eb7c s\u1ef1 ph\u00e1t tri\u1ec3n c\u1ee7a tr\u1ebb, B\u1ed9 s\u1ebd h\u1ed7 tr\u1ee3 b\u1ea1n trong su\u1ed1t qu\u00e1 tr\u00ecnh T\u00ecm ki\u1ebfm tr\u1ebb em.<\/p>\n\n\n\n<h2 class=\"wp-block-heading\">T\u00ccM KI\u1ebeM TR\u1eba EM L\u00c0 G\u00cc<\/h2>\n\n\n\n<p>Child Find l\u00e0 n\u1ed7 l\u1ef1c tr\u00ean to\u00e0n ti\u1ec3u bang nh\u1eb1m x\u00e1c \u0111\u1ecbnh, \u0111\u1ecbnh v\u1ecb v\u00e0 \u0111\u00e1nh gi\u00e1 tr\u1ebb em v\u00e0 thanh thi\u1ebfu ni\u00ean c\u00f3 th\u1ec3 b\u1ecb khuy\u1ebft t\u1eadt v\u00e0 c\u1ea7n gi\u00e1o d\u1ee5c \u0111\u1eb7c bi\u1ec7t c\u00f9ng c\u00e1c d\u1ecbch v\u1ee5 li\u00ean quan. Quy tr\u00ecnh n\u00e0y \u0111\u1ea3m b\u1ea3o r\u1eb1ng m\u1ecdi tr\u1ebb em c\u1ea7n h\u1ed7 tr\u1ee3 \u0111\u1ec1u nh\u1eadn \u0111\u01b0\u1ee3c s\u1ef1 h\u1ed7 tr\u1ee3 \u0111\u1ec3 th\u00e0nh c\u00f4ng.<\/p>\n\n\n\n<h3 class=\"wp-block-heading\">Khi n\u00e0o tr\u1ebb em n\u00ean \u0111\u01b0\u1ee3c gi\u1edbi thi\u1ec7u \u0111\u1ebfn Child Find?<\/h3>\n\n\n\n<ul class=\"wp-block-list\">\n<li>S\u1ee9c kh\u1ecfe ho\u1eb7c t\u00ecnh tr\u1ea1ng b\u1ec7nh l\u00fd c\u1ee7a con b\u1ea1n \u0111ang \u1ea3nh h\u01b0\u1edfng \u0111\u1ebfn s\u1ef1 ph\u00e1t tri\u1ec3n v\u00e0\/ho\u1eb7c kh\u1ea3 n\u0103ng h\u1ecdc t\u1eadp c\u1ee7a tr\u1ebb.<\/li>\n\n\n\n<li>Con b\u1ea1n c\u00f3 v\u1ebb g\u1eb7p kh\u00f3 kh\u0103n v\u1ec1 th\u1ecb gi\u00e1c ho\u1eb7c th\u00ednh gi\u00e1c. Ch\u00fang c\u00f3 v\u1ebb g\u1eb7p kh\u00f3 kh\u0103n v\u1ec1 m\u1eb7t x\u00e3 h\u1ed9i, c\u1ea3m x\u00fac ho\u1eb7c h\u00e0nh vi \u1ea3nh h\u01b0\u1edfng \u0111\u1ebfn kh\u1ea3 n\u0103ng h\u1ecdc t\u1eadp ho\u1eb7c t\u01b0\u01a1ng t\u00e1c v\u1edbi ng\u01b0\u1eddi kh\u00e1c.<\/li>\n\n\n\n<li>Con b\u1ea1n \u0111\u01b0\u1ee3c ch\u1ea9n \u0111o\u00e1n m\u1eafc ph\u1ea3i t\u00ecnh tr\u1ea1ng b\u1ec7nh ti\u1ebfn tri\u1ec3n ho\u1eb7c tho\u00e1i h\u00f3a, v\u1ec1 l\u00e2u d\u00e0i s\u1ebd \u1ea3nh h\u01b0\u1edfng \u0111\u1ebfn kh\u1ea3 n\u0103ng h\u1ecdc t\u1eadp c\u1ee7a tr\u1ebb.<\/li>\n\n\n\n<li>Con b\u1ea1n c\u00f3 v\u1ebb g\u1eb7p kh\u00f3 kh\u0103n trong vi\u1ec7c hi\u1ec3u ch\u1ec9 d\u1eabn nh\u01b0 c\u00e1c b\u1ea1n c\u00f9ng l\u1ee9a.<\/li>\n\n\n\n<li>Gia \u0111\u00ecnh ho\u1eb7c b\u1ea1n b\u00e8 kh\u00f4ng hi\u1ec3u l\u1eddi n\u00f3i c\u1ee7a con b\u1ea1n.<\/li>\n\n\n\n<li>Con b\u1ea1n g\u1eb7p kh\u00f3 kh\u0103n trong vi\u1ec7c \u0111\u1ecdc, vi\u1ebft, to\u00e1n ho\u1eb7c c\u00e1c m\u00f4n h\u1ecdc kh\u00e1c \u1edf tr\u01b0\u1eddng.<\/li>\n<\/ul>\n\n\n\n<h3 class=\"wp-block-heading\">L\u00e0m th\u1ebf n\u00e0o \u0111\u1ec3 gi\u1edbi thi\u1ec7u tr\u1ebb em?<\/h3>\n\n\n\n<ul class=\"wp-block-list\">\n<li>Li\u00ean h\u1ec7 v\u1edbi tr\u01b0\u1eddng h\u1ecdc trong khu v\u1ef1c (n\u01a1i con b\u1ea1n theo h\u1ecdc ho\u1eb7c s\u1ebd theo h\u1ecdc n\u1ebfu con b\u1ea1n ch\u01b0a \u0111\u1ebfn tu\u1ed5i \u0111i h\u1ecdc) v\u00e0 y\u00eau c\u1ea7u \u0111\u00e1nh gi\u00e1. Gi\u1ea3i th\u00edch ho\u1eb7c vi\u1ebft ra t\u1ea5t c\u1ea3 nh\u1eefng lo ng\u1ea1i c\u1ee7a b\u1ea1n c\u00f3 v\u1ebb nh\u01b0 \u0111ang c\u1ea3n tr\u1edf vi\u1ec7c h\u1ecdc c\u1ee7a con b\u1ea1n. Y\u00eau c\u1ea7u c\u00f3 th\u1ec3 \u0111\u01b0\u1ee3c th\u1ef1c hi\u1ec7n: Tr\u1ef1c ti\u1ebfp ho\u1eb7c qua \u0111i\u1ec7n tho\u1ea1i.<\/li>\n\n\n\n<li>Trong m\u1ed9t l\u00e1 th\u01b0 vi\u1ebft tay, fax ho\u1eb7c e-mail. Ho\u1eb7c tr\u00ean <a href=\"https:\/\/hawaiipublicschools.org\/wp-content\/uploads\/RequestForEvaluation.pdf\" data-type=\"attachment\" data-id=\"8059\">ti\u1ec3u bang Hawai&#039;i Y\u00eau c\u1ea7u m\u1eabu \u0111\u00e1nh gi\u00e1<\/a> (PDF) ho\u1eb7c l\u1ea5y t\u1eeb nh\u00e0 tr\u01b0\u1eddng.&nbsp;&nbsp;<\/li>\n<\/ul>\n\n\n\n<h3 class=\"wp-block-heading\">\u0110i\u1ec1u g\u00ec x\u1ea3y ra sau khi gi\u1edbi thi\u1ec7u?<\/h3>\n\n\n\n<ul class=\"wp-block-list\">\n<li>Nh\u00e0 tr\u01b0\u1eddng c\u00f3 th\u1ec3 m\u1eddi b\u1ea1n \u0111\u1ebfn m\u1ed9t cu\u1ed9c h\u1ecdp, bao g\u1ed3m gi\u00e1o vi\u00ean, hi\u1ec7u tr\u01b0\u1edfng ho\u1eb7c c\u00e1c nh\u00e2n vi\u00ean kh\u00e1c c\u1ee7a tr\u01b0\u1eddng c\u00f3 ki\u1ebfn th\u1ee9c trong l\u0129nh v\u1ef1c li\u00ean quan \u0111\u1ec3 th\u1ea3o lu\u1eadn v\u1ec1 nh\u1eefng lo ng\u1ea1i c\u1ee7a con b\u1ea1n.<\/li>\n\n\n\n<li>M\u1ed9t nh\u00f3m s\u1ebd xem x\u00e9t t\u1ea5t c\u1ea3 th\u00f4ng tin t\u1eeb b\u1ea1n v\u00e0\/ho\u1eb7c gi\u00e1o vi\u00ean (v\u00ed d\u1ee5: h\u1ed3 s\u01a1 h\u1ecdc sinh, \u0111i\u1ec3m s\u1ed1, \u0111i\u1ec3m ki\u1ec3m tra, c\u00e1c b\u00e1o c\u00e1o kh\u00e1c, v.v.) \u0111\u1ec3 x\u00e1c \u0111\u1ecbnh xem c\u00f3 c\u1ea7n \u0111\u00e1nh gi\u00e1 hay kh\u00f4ng v\u00e0 lo\u1ea1i \u0111\u00e1nh gi\u00e1 n\u00e0o.<\/li>\n\n\n\n<li>Nh\u00e0 tr\u01b0\u1eddng s\u1ebd ph\u1ea3n h\u1ed3i trong v\u00f2ng 15 ng\u00e0y v\u1ec1 vi\u1ec7c c\u00f3 ti\u1ebfn h\u00e0nh \u0111\u00e1nh gi\u00e1 hay kh\u00f4ng. <\/li>\n\n\n\n<li>C\u1ea7n c\u00f3 s\u1ef1 \u0111\u1ed3ng \u00fd c\u1ee7a ph\u1ee5 huynh \u0111\u1ec3 ti\u1ebfn h\u00e0nh \u0111\u00e1nh gi\u00e1. B\u1ea1n v\u00e0 con b\u1ea1n c\u00f3 quy\u1ec1n trong qu\u00e1 tr\u00ecnh n\u00e0y.<\/li>\n<\/ul>\n\n\n\n<h2 class=\"wp-block-heading\">T\u1edc R\u01a0I T\u00ccM KI\u1ebeM TR\u1eba EM (NG\u00d4N NG\u1eee) <\/h2>\n\n\n\n<p>T\u00e0i li\u1ec7u qu\u1ea3ng c\u00e1o c\u00f3 s\u1eb5n b\u1eb1ng nhi\u1ec1u ng\u00f4n ng\u1eef kh\u00e1c nhau. T\u1ea3i xu\u1ed1ng t\u00e0i li\u1ec7u PDF v\u00e0 xem trong Adobe Acrobat.&nbsp;<\/p>\n\n\n\n<div class=\"wp-block-columns is-layout-flex wp-container-core-columns-is-layout-28f84493 wp-block-columns-is-layout-flex\">\n<div class=\"wp-block-column is-layout-flow wp-block-column-is-layout-flow\">\n<ul class=\"wp-block-list\">\n<li><a href=\"\/wp-content\/uploads\/ChildFind.pdf\" target=\"_blank\" rel=\"noreferrer noopener\">Ti\u1ebfng Anh (PDF)<\/a><\/li>\n\n\n\n<li><a href=\"\/wp-content\/uploads\/ChildFind-Chinese.pdf\" target=\"_blank\" rel=\"noreferrer noopener\">Ti\u1ebfng Trung (PDF)<\/a><\/li>\n\n\n\n<li><a href=\"\/wp-content\/uploads\/ChildFind-Chuukese.pdf\" target=\"_blank\" rel=\"noreferrer noopener\">Ti\u1ebfng Chuuk (PDF)<\/a><\/li>\n\n\n\n<li><a href=\"\/vi\/DOE%20Forms\/Special%20Education\/ChildFind-Hawaiian.pdf\/\" target=\"_blank\" rel=\"noreferrer noopener\">Ti\u1ebfng Hawaii (PDF)<\/a><\/li>\n\n\n\n<li><a href=\"\/vi\/DOE%20Forms\/Special%20Education\/ChildFind-Ilokano.pdf\/\" target=\"_blank\" rel=\"noreferrer noopener\">\u200bIlocano (PDF)<\/a><\/li>\n<\/ul>\n<\/div>\n\n\n\n<div class=\"wp-block-column is-layout-flow wp-block-column-is-layout-flow\">\n<ul class=\"wp-block-list\">\n<li><a href=\"\/vi\/DOE%20Forms\/Special%20Education\/ChildFind-Japanese.pdf\/\" target=\"_blank\" rel=\"noreferrer noopener\">Ti\u1ebfng Nh\u1eadt (PDF)<\/a><\/li>\n\n\n\n<li><a href=\"\/vi\/DOE%20Forms\/Special%20Education\/ChildFind-Korean.pdf\/\" target=\"_blank\" rel=\"noreferrer noopener\">Ti\u1ebfng H\u00e0n (PDF)<\/a><\/li>\n\n\n\n<li><a href=\"\/vi\/DOE%20Forms\/Special%20Education\/ChildFind-Marshallese.pdf\/\" target=\"_blank\" rel=\"noreferrer noopener\">Ti\u1ebfng Marshall (PDF)<\/a><\/li>\n\n\n\n<li><a href=\"\/vi\/DOE%20Forms\/Special%20Education\/ChildFind-Samoan.pdf\/\" target=\"_blank\" rel=\"noreferrer noopener\">Ti\u1ebfng Samoa (PDF)<\/a><\/li>\n<\/ul>\n<\/div>\n\n\n\n<div class=\"wp-block-column is-layout-flow wp-block-column-is-layout-flow\">\n<ul class=\"wp-block-list\">\n<li><a href=\"\/vi\/DOE%20Forms\/Special%20Education\/ChildFind-Spanish.pdf\/\" target=\"_blank\" rel=\"noreferrer noopener\">Ti\u1ebfng T\u00e2y Ban Nha (PDF)<\/a><\/li>\n\n\n\n<li><a href=\"\/vi\/DOE%20Forms\/Special%20Education\/ChildFind-Tagalog.pdf\/\" target=\"_blank\" rel=\"noreferrer noopener\">Ti\u1ebfng Vi\u1ec7t (PDF)<\/a><\/li>\n\n\n\n<li><a href=\"\/vi\/DOE%20Forms\/Special%20Education\/ChildFind-Tongan.pdf\/\" target=\"_blank\" rel=\"noreferrer noopener\">Ti\u1ebfng Tonga (PDF)<\/a><\/li>\n\n\n\n<li><a href=\"\/vi\/DOE%20Forms\/Special%20Education\/ChildFind-Vietnamese.pdf\/\" target=\"_blank\" rel=\"noreferrer noopener\">Ti\u1ebfng Vi\u1ec7t (PDF)<\/a><\/li>\n<\/ul>\n<\/div>\n<\/div>\n\n\n\n<h2 class=\"wp-block-heading\">Li\u00ean h\u1ec7<\/h2>\n\n\n\n<p>\u0110\u1ec3 bi\u1ebft th\u00eam th\u00f4ng tin, vui l\u00f2ng g\u1ecdi \u0111\u1ebfn Child Find theo s\u1ed1 800-297-2070 tr\u00ean to\u00e0n ti\u1ec3u bang.&nbsp;<\/p>\n\n\n\n<h4 class=\"wp-block-heading\">Tr\u1ebb em d\u01b0\u1edbi 3 tu\u1ed5i<\/h4>\n\n\n\n<p>N\u1ebfu con b\u1ea1n d\u01b0\u1edbi 3 tu\u1ed5i (t\u1eeb l\u00fac m\u1edbi sinh \u0111\u1ebfn 2 tu\u1ed5i), h\u00e3y li\u00ean h\u1ec7 v\u1edbi \u0110\u01b0\u1eddng d\u00e2y gi\u1edbi thi\u1ec7u can thi\u1ec7p s\u1edbm theo s\u1ed1 808-594-0066. B\u1ea1n c\u0169ng c\u00f3 th\u1ec3 truy c\u1eadp <a href=\"https:\/\/health.hawaii.gov\/eis\/home\/eiservices\/\">Trang web D\u1ecbch v\u1ee5 can thi\u1ec7p s\u1edbm<\/a>.<\/p>\n\n\n\n<h4 class=\"wp-block-heading\">Tr\u1ebb em tr\u00ean 22 tu\u1ed5i ho\u1eb7c l\u1edbn h\u01a1n<\/h4>\n\n\n\n<p>\u0110\u1ed1i v\u1edbi nh\u1eefng ng\u01b0\u1eddi t\u1eeb 22 tu\u1ed5i tr\u1edf l\u00ean, h\u00e3y li\u00ean h\u1ec7 v\u1edbi S\u1edf D\u1ecbch v\u1ee5 Nh\u00e2n sinh, Ph\u1ee5c h\u1ed3i ch\u1ee9c n\u0103ng ngh\u1ec1 nghi\u1ec7p v\u00e0 D\u1ecbch v\u1ee5 d\u00e0nh cho ng\u01b0\u1eddi m\u00f9 c\u1ee7a Ti\u1ec3u bang Hawai\u02bbi theo s\u1ed1 808-586-5269 ho\u1eb7c S\u1edf Y t\u1ebf Ti\u1ec3u bang Hawai\u02bbi, Chi nh\u00e1nh D\u1ecbch v\u1ee5 Th\u00f4ng tin v\u00e0 Qu\u1ea3n l\u00fd Tr\u01b0\u1eddng h\u1ee3p theo s\u1ed1 808-733-9172.<\/p>\n\n\n\n<p><\/p>\n\n\n\n<p><\/p>","protected":false},"excerpt":{"rendered":"<p>As a parent or guardian, you want your child to thrive academically, socially and emotionally. If you suspect your child may have a disability that impacts their learning or development, the Department is here to support you through the Child Find process. WHAT IS CHILD FIND Child Find is a statewide effort to identify, locate [&hellip;]<\/p>","protected":false},"author":8,"featured_media":0,"parent":59,"menu_order":33,"comment_status":"closed","ping_status":"closed","template":"","meta":{"_relevanssi_hide_post":"","_relevanssi_hide_content":"","_relevanssi_pin_for_all":"","_relevanssi_pin_keywords":"","_relevanssi_unpin_keywords":"","_relevanssi_related_keywords":"","_relevanssi_related_include_ids":"","_relevanssi_related_exclude_ids":"","_relevanssi_related_no_append":"","_relevanssi_related_not_related":"","_relevanssi_related_posts":"16234,14020,8795,15617,14249,15429","_relevanssi_noindex_reason":"","_sitemap_exclude":false,"_sitemap_priority":"","_sitemap_frequency":"","_kad_blocks_custom_css":"","_kad_blocks_head_custom_js":"","_kad_blocks_body_custom_js":"","_kad_blocks_footer_custom_js":"","wp_popup_display_lightbox":0,"wp_popup_suppress":"","wp_popup_trigger":"","wp_popup_trigger_amount":0,"wp_popup_disable_on_mobile":false,"footnotes":""},"class_list":["post-48","page","type-page","status-publish","hentry"],"pp_statuses_selecting_workflow":false,"pp_workflow_action":"current","pp_status_selection":"publish","taxonomy_info":[],"featured_image_src_large":false,"author_info":{"display_name":"Ariana Enomoto","author_link":"https:\/\/hawaiipublicschools.org\/vi\/author\/arianastaceyleong-com\/"},"comment_info":0,"publishpress_future_action":{"enabled":false,"date":"2026-04-13 10:01:01","action":"change-status","newStatus":"draft","terms":[],"taxonomy":"","extraData":[]},"publishpress_future_workflow_manual_trigger":{"enabledWorkflows":[]},"_links":{"self":[{"href":"https:\/\/hawaiipublicschools.org\/vi\/wp-json\/wp\/v2\/pages\/48","targetHints":{"allow":["GET"]}}],"collection":[{"href":"https:\/\/hawaiipublicschools.org\/vi\/wp-json\/wp\/v2\/pages"}],"about":[{"href":"https:\/\/hawaiipublicschools.org\/vi\/wp-json\/wp\/v2\/types\/page"}],"author":[{"embeddable":true,"href":"https:\/\/hawaiipublicschools.org\/vi\/wp-json\/wp\/v2\/users\/8"}],"replies":[{"embeddable":true,"href":"https:\/\/hawaiipublicschools.org\/vi\/wp-json\/wp\/v2\/comments?post=48"}],"version-history":[{"count":0,"href":"https:\/\/hawaiipublicschools.org\/vi\/wp-json\/wp\/v2\/pages\/48\/revisions"}],"up":[{"embeddable":true,"href":"https:\/\/hawaiipublicschools.org\/vi\/wp-json\/wp\/v2\/pages\/59"}],"wp:attachment":[{"href":"https:\/\/hawaiipublicschools.org\/vi\/wp-json\/wp\/v2\/media?parent=48"}],"curies":[{"name":"wp","href":"https:\/\/api.w.org\/{rel}","templated":true}]}}