{"id":4687,"date":"2024-12-19T14:15:26","date_gmt":"2024-12-19T22:15:26","guid":{"rendered":"https:\/\/hawaiipublicschools.org\/?page_id=4687"},"modified":"2025-10-23T11:55:42","modified_gmt":"2025-10-23T21:55:42","slug":"partners-and-resources","status":"publish","type":"page","link":"https:\/\/hawaiipublicschools.org\/vi\/partners-and-resources\/","title":{"rendered":"\u0110\u1ed1i t\u00e1c v\u00e0 T\u00e0i nguy\u00ean"},"content":{"rendered":"<h2 class=\"wp-block-heading\">Di\u1ec5n \u0111\u00e0n gi\u00e1o d\u1ee5c li\u00ean doanh<\/h2>\n\n\n\n<p>V\u1edbi s\u1ef1 h\u1ed7 tr\u1ee3 c\u1ee7a c\u1ed1 Th\u01b0\u1ee3ng ngh\u1ecb s\u0129 Daniel K. Inouye, JVEF \u0111\u01b0\u1ee3c th\u00e0nh l\u1eadp v\u00e0o n\u0103m 1999 nh\u01b0 m\u1ed9t quan h\u1ec7 \u0111\u1ed1i t\u00e1c gi\u1eefa B\u1ed9, qu\u00e2n \u0111\u1ed9i v\u00e0 c\u00e1c b\u00ean li\u00ean quan trong c\u1ed9ng \u0111\u1ed3ng nh\u01b0 m\u1ed9t \u0111\u1ecba \u0111i\u1ec3m \u0111\u1ec3 gi\u1ea3i quy\u1ebft c\u00e1c m\u1ed1i quan t\u00e2m chung th\u00f4ng qua th\u1ea3o lu\u1eadn v\u00e0 m\u1ed1i quan h\u1ec7 c\u00f3 \u00fd ngh\u0129a nh\u1eb1m th\u00fac \u0111\u1ea9y c\u00e1c c\u01a1 h\u1ed9i gi\u00e1o d\u1ee5c cho tr\u1ebb em Hawaii. C\u00e1c quan h\u1ec7 \u0111\u1ed1i t\u00e1c xu\u1ea5t ph\u00e1t t\u1eeb JVEF c\u1ea3i thi\u1ec7n c\u00e1c tr\u01b0\u1eddng c\u00f4ng l\u1eadp, h\u1ed7 tr\u1ee3 cho c\u00e1c gia \u0111\u00ecnh v\u00e0 tr\u1ebb em trong qu\u00e2n \u0111\u1ed9i, v\u00e0 quan h\u1ec7 c\u1ed9ng \u0111\u1ed3ng cho c\u1ea3 hai n\u1ec1n v\u0103n h\u00f3a.<\/p>\n\n\n\n<figure class=\"wp-block-embed is-type-video is-provider-vimeo wp-block-embed-vimeo wp-embed-aspect-16-9 wp-has-aspect-ratio\"><div class=\"wp-block-embed__wrapper\">\n<iframe loading=\"lazy\" title=\"JVEF - K\u1ef7 ni\u1ec7m s\u1ef1 h\u1ee3p t\u00e1c li\u00ean t\u1ee5c c\u1ee7a ch\u00fang t\u00f4i\" src=\"https:\/\/player.vimeo.com\/video\/896014173?dnt=1&amp;app_id=122963\" width=\"500\" height=\"281\" frameborder=\"0\" allow=\"autoplay; fullscreen; picture-in-picture; clipboard-write; encrypted-media; web-share\" referrerpolicy=\"strict-origin-when-cross-origin\"><\/iframe>\n<\/div><\/figure>\n\n\n\n<h2 class=\"wp-block-heading\">\u1ee6y ban Hi\u1ec7p \u01b0\u1edbc Tr\u1ebb em Li\u00ean bang Qu\u00e2n s\u1ef1 (MIC3)<\/h2>\n\n\n\n<figure class=\"wp-block-kadence-image kb-image4687_f22655-28 size-full\"><a href=\"https:\/\/mic3.net\/state\/hawaii\/\" class=\"kb-advanced-image-link\"><img loading=\"lazy\" decoding=\"async\" width=\"250\" height=\"55\" src=\"https:\/\/hawaiipublicschools.org\/wp-content\/uploads\/MIC3-Logo.jpg\" alt=\"Military Interstate Children\u02bbs Compact Commission (MIC3) Logo\" class=\"kb-img wp-image-7474\" srcset=\"https:\/\/hawaiipublicschools.org\/wp-content\/uploads\/MIC3-Logo.jpg 250w, https:\/\/hawaiipublicschools.org\/wp-content\/uploads\/MIC3-Logo-18x4.jpg 18w\" sizes=\"auto, (max-width: 250px) 100vw, 250px\" \/><\/a><\/figure>\n\n\n\n<p>Trong khi c\u00e1c l\u1ef1c l\u01b0\u1ee3ng v\u0169 trang \u0111\u00e3 c\u00f3 nh\u1eefng b\u01b0\u1edbc ti\u1ebfn l\u1edbn trong vi\u1ec7c t\u1ea1o \u0111i\u1ec1u ki\u1ec7n thu\u1eadn l\u1ee3i cho qu\u00e1 tr\u00ecnh chuy\u1ec3n \u0111\u1ed5i c\u1ee7a nh\u00e2n vi\u00ean, v\u1ee3\/ch\u1ed3ng c\u1ee7a h\u1ecd v\u00e0 quan tr\u1ecdng nh\u1ea5t l\u00e0 con c\u00e1i c\u1ee7a h\u1ecd, v\u1eabn c\u00f2n nhi\u1ec1u vi\u1ec7c ph\u1ea3i l\u00e0m \u1edf c\u1ea5p ti\u1ec3u bang v\u00e0 \u0111\u1ecba ph\u01b0\u01a1ng \u0111\u1ec3 \u0111\u1ea3m b\u1ea3o r\u1eb1ng con c\u00e1i c\u1ee7a c\u00e1c gia \u0111\u00ecnh qu\u00e2n nh\u00e2n \u0111\u01b0\u1ee3c h\u01b0\u1edfng c\u00f9ng c\u01a1 h\u1ed9i th\u00e0nh c\u00f4ng trong gi\u00e1o d\u1ee5c nh\u01b0 nh\u1eefng \u0111\u1ee9a tr\u1ebb kh\u00e1c. <a href=\"https:\/\/mic3.net\/state\/hawaii\/\" target=\"_blank\" rel=\"noreferrer noopener\">Hi\u1ec7p \u01b0\u1edbc li\u00ean bang v\u1ec1 c\u01a1 h\u1ed9i gi\u00e1o d\u1ee5c cho con em qu\u00e2n nh\u00e2n<\/a>\u200b gi\u1ea3i quy\u1ebft nh\u1eefng lo ng\u1ea1i n\u00e0y.<\/p>\n\n\n\n<p>\u1ee6y vi\u00ean: John Erickson<\/p>\n\n\n\n<p><a href=\"https:\/\/indd.adobe.com\/view\/cee14c43-f325-4ca6-80c1-4013ccc11f00\" target=\"_blank\" rel=\"noreferrer noopener\">\u0110\u1ecdc S\u1ed5 tay h\u01b0\u1edbng d\u1eabn d\u00e0nh cho ph\u1ee5 huynh c\u1ee7a MIC3<\/a> \u0111\u1ec3 bi\u1ebft th\u00eam th\u00f4ng tin ho\u1eb7c <a href=\"https:\/\/mic3.net\/mic3training-net\/\" target=\"_blank\" rel=\"noreferrer noopener\">tham gia kh\u00f3a \u0111\u00e0o t\u1ea1o Compact 101<\/a> cung c\u1ea5p cho ng\u01b0\u1eddi tham gia l\u1ecbch s\u1eed t\u00f3m t\u1eaft v\u1ec1 c\u00e1ch th\u1ee9c Hi\u1ec7p \u01b0\u1edbc b\u1eaft \u0111\u1ea7u, sau \u0111\u00f3 l\u00e0 ph\u1ea7n t\u1ed5ng quan v\u1ec1 c\u00e1c y\u00eau c\u1ea7u ph\u00e1p l\u00fd \u00e1p d\u1ee5ng cho c\u00e1c tr\u01b0\u1eddng c\u00f4ng l\u1eadp v\u00e0 tr\u01b0\u1eddng DoDEA gi\u00e1o d\u1ee5c tr\u1ebb em c\u00f3 li\u00ean quan \u0111\u1ebfn qu\u00e2n \u0111\u1ed9i.<\/p>\n\n\n\n<h2 class=\"wp-block-heading\">C\u00e1c ngu\u1ed3n l\u1ef1c v\u00e0 \u0111\u1ed1i t\u00e1c kh\u00e1c<\/h2>\n\n\n\n<ul class=\"wp-block-list\">\n<li><a href=\"https:\/\/hawaiipublicschools.org\/vi\/resources\/community-childrens-council\/\">H\u1ed9i \u0111\u1ed3ng tr\u1ebb em c\u1ed9ng \u0111\u1ed3ng<\/a><\/li>\n\n\n\n<li><a href=\"https:\/\/thepromiseact.org\/\">\u0110\u1ed1i t\u00e1c trong PROMISE<\/a><\/li>\n\n\n\n<li><a href=\"https:\/\/hawaiipublicschools.org\/wp-content\/uploads\/Military-OneSource-Connecting-You-to-Support-and-Resources-2023.pdf\" target=\"_blank\" rel=\"noreferrer noopener\">Ngu\u1ed3n Qu\u00e2n S\u1ef1 M\u1ed9t (PDF)<\/a><\/li>\n\n\n\n<li><a href=\"https:\/\/hawaiipublicschools.org\/wp-content\/uploads\/DoDEA-E2P2-FAQs.pdf\" target=\"_blank\" rel=\"noreferrer noopener\">Ch\u01b0\u01a1ng tr\u00ecnh th\u00ed \u0111i\u1ec3m m\u1edf r\u1ed9ng \u0111\u1ee7 \u0111i\u1ec1u ki\u1ec7n c\u1ee7a DoDEA (E2P2) (PDF)<\/a><\/li>\n\n\n\n<li><a href=\"https:\/\/hawaiipublicschools.org\/wp-content\/uploads\/ASYMCA-JBPHH-2022.pdf\" target=\"_blank\" rel=\"noreferrer noopener\">YMCA c\u1ee7a L\u1ef1c l\u01b0\u1ee3ng v\u0169 trang (Chi nh\u00e1nh JBPHH) (PDF)<\/a><\/li>\n\n\n\n<li><a href=\"https:\/\/hawaiipublicschools.org\/wp-content\/uploads\/ASYMCA-WAAF-2022.pdf\" target=\"_blank\" rel=\"noreferrer noopener\">YMCA c\u1ee7a L\u1ef1c l\u01b0\u1ee3ng v\u0169 trang (Chi nh\u00e1nh WAAF) (PDF)<\/a><\/li>\n\n\n\n<li><a href=\"https:\/\/hawaiipublicschools.org\/wp-content\/uploads\/Tutor.com-Top-10-Facts-for-Parents_2024.pdf\" target=\"_blank\" rel=\"noreferrer noopener\">Tutor.com (PDF)<\/a><\/li>\n\n\n\n<li><a href=\"https:\/\/hawaiipublicschools.org\/wp-content\/uploads\/MFLC-CYB-Brochure-2021.pdf\" target=\"_blank\" rel=\"noreferrer noopener\">C\u1ed1 v\u1ea5n cu\u1ed9c s\u1ed1ng gia \u0111\u00ecnh qu\u00e2n nh\u00e2n (PDF)<\/a><\/li>\n\n\n\n<li><a href=\"https:\/\/hawaiipublicschools.org\/wp-content\/uploads\/A4L-Elementary-School-Brochure-2021.pdf\" target=\"_blank\" rel=\"noreferrer noopener\">Anchored4Life \u2013 Thanh thi\u1ebfu ni\u00ean \u1edf \u0111\u1ed9 tu\u1ed5i ti\u1ec3u h\u1ecdc (PDF)<\/a><\/li>\n\n\n\n<li><a href=\"https:\/\/hawaiipublicschools.org\/wp-content\/uploads\/A4L-Middle-School-Brochure-2021.pdf\" target=\"_blank\" rel=\"noreferrer noopener\">Anchored4Life \u2013 Thanh thi\u1ebfu ni\u00ean trung h\u1ecdc c\u01a1 s\u1edf (PDF)<\/a><\/li>\n\n\n\n<li><a href=\"https:\/\/hawaiipublicschools.org\/wp-content\/uploads\/FOCUS-Services-2024.pdf\" target=\"_blank\" rel=\"noreferrer noopener\">C\u00e1c gia \u0111\u00ecnh v\u01b0\u1ee3t qua c\u0103ng th\u1eb3ng (FOCUS) (PDF)<\/a><\/li>\n\n\n\n<li><a href=\"https:\/\/hawaiipublicschools.org\/wp-content\/uploads\/ASACS-Trifold-SY-24-25.pdf\" target=\"_blank\" rel=\"noreferrer noopener\">D\u1ecbch v\u1ee5 h\u1ed7 tr\u1ee3 v\u00e0 t\u01b0 v\u1ea5n cho thanh thi\u1ebfu ni\u00ean (ASACS) (PDF)<\/a><\/li>\n\n\n\n<li><a href=\"https:\/\/hawaiipublicschools.org\/wp-content\/uploads\/Steven-A.-Cohen-Military-Family-Clinic-at-Child-Family-Service-Mililani-2022.pdf\" target=\"_blank\" rel=\"noreferrer noopener\">Ph\u00f2ng kh\u00e1m Stephen A. Cohen (PDF)<\/a><\/li>\n\n\n\n<li><a href=\"https:\/\/hawaiipublicschools.org\/wp-content\/uploads\/SchoolQuest-Flyer-2022.pdf\" target=\"_blank\" rel=\"noreferrer noopener\">Tr\u01b0\u1eddngQuest (PDF)<\/a><\/li>\n\n\n\n<li><a href=\"https:\/\/hawaiipublicschools.org\/wp-content\/uploads\/A-Guide-for-Military-Families.pdf\">Life Journey Through Autism: A Guide for Military Families (PDF)<\/a><\/li>\n<\/ul>\n\n\n\n<p><\/p>","protected":false},"excerpt":{"rendered":"<p>Joint Venture Education Forum With the support of the late Sen. Daniel K. Inouye, the JVEF was established in 1999 as a partnership between the Department, military and community stakeholders as a venue to address mutual concerns through meaningful discussion and relationships to promote educational opportunities for Hawaii\u2019s children. Partnerships resulting from the JVEF improve [&hellip;]<\/p>","protected":false},"author":6,"featured_media":0,"parent":0,"menu_order":72,"comment_status":"closed","ping_status":"closed","template":"","meta":{"_relevanssi_hide_post":"","_relevanssi_hide_content":"","_relevanssi_pin_for_all":"","_relevanssi_pin_keywords":"","_relevanssi_unpin_keywords":"","_relevanssi_related_keywords":"","_relevanssi_related_include_ids":"","_relevanssi_related_exclude_ids":"","_relevanssi_related_no_append":"","_relevanssi_related_not_related":"","_relevanssi_related_posts":"2392,8795,10024,14258,13725,888","_relevanssi_noindex_reason":"","_sitemap_exclude":false,"_sitemap_priority":"","_sitemap_frequency":"","_kad_blocks_custom_css":"","_kad_blocks_head_custom_js":"","_kad_blocks_body_custom_js":"","_kad_blocks_footer_custom_js":"","wp_popup_display_lightbox":0,"wp_popup_suppress":"","wp_popup_trigger":"","wp_popup_trigger_amount":0,"wp_popup_disable_on_mobile":false,"footnotes":""},"class_list":["post-4687","page","type-page","status-publish","hentry"],"pp_statuses_selecting_workflow":false,"pp_workflow_action":"current","pp_status_selection":"publish","taxonomy_info":[],"featured_image_src_large":false,"author_info":{"display_name":"Anne Sakutori","author_link":"https:\/\/hawaiipublicschools.org\/vi\/author\/annestaceyleong-com\/"},"comment_info":0,"publishpress_future_action":{"enabled":false,"date":"2026-04-22 20:52:41","action":"change-status","newStatus":"draft","terms":[],"taxonomy":"","extraData":[]},"publishpress_future_workflow_manual_trigger":{"enabledWorkflows":[]},"_links":{"self":[{"href":"https:\/\/hawaiipublicschools.org\/vi\/wp-json\/wp\/v2\/pages\/4687","targetHints":{"allow":["GET"]}}],"collection":[{"href":"https:\/\/hawaiipublicschools.org\/vi\/wp-json\/wp\/v2\/pages"}],"about":[{"href":"https:\/\/hawaiipublicschools.org\/vi\/wp-json\/wp\/v2\/types\/page"}],"author":[{"embeddable":true,"href":"https:\/\/hawaiipublicschools.org\/vi\/wp-json\/wp\/v2\/users\/6"}],"replies":[{"embeddable":true,"href":"https:\/\/hawaiipublicschools.org\/vi\/wp-json\/wp\/v2\/comments?post=4687"}],"version-history":[{"count":0,"href":"https:\/\/hawaiipublicschools.org\/vi\/wp-json\/wp\/v2\/pages\/4687\/revisions"}],"wp:attachment":[{"href":"https:\/\/hawaiipublicschools.org\/vi\/wp-json\/wp\/v2\/media?parent=4687"}],"curies":[{"name":"wp","href":"https:\/\/api.w.org\/{rel}","templated":true}]}}