{"id":46,"date":"2024-09-04T22:24:39","date_gmt":"2024-09-04T22:24:39","guid":{"rendered":"https:\/\/hawaiipublicschools.org\/?page_id=46"},"modified":"2026-01-22T16:22:14","modified_gmt":"2026-01-23T02:22:14","slug":"other-assessments","status":"publish","type":"page","link":"https:\/\/hawaiipublicschools.org\/vi\/academics\/other-assessments\/","title":{"rendered":"C\u00e1c \u0111\u00e1nh gi\u00e1 kh\u00e1c"},"content":{"rendered":"<h2 class=\"wp-block-heading\">\u0110\u00e1nh gi\u00e1 khoa h\u1ecdc<\/h2>\n\n\n\n<p>\u0110\u00e1nh gi\u00e1 khoa h\u1ecdc \u0111\u01b0\u1ee3c thi\u1ebft k\u1ebf \u0111\u1ec3 \u0111o l\u01b0\u1eddng m\u1ee9c \u0111\u1ed9 h\u1ecdc sinh \u0111\u1ea1t \u0111\u01b0\u1ee3c k\u1ef3 v\u1ecdng v\u1ec1 hi\u1ec7u su\u1ea5t \u0111\u01b0\u1ee3c n\u00eau trong Ti\u00eau chu\u1ea9n khoa h\u1ecdc th\u1ebf h\u1ec7 ti\u1ebfp theo. \u0110\u00e1nh gi\u00e1 NGSS \u1edf m\u1ed7i l\u1edbp bao g\u1ed3m s\u00e1u nh\u00f3m m\u1ee5c (m\u1ed9t k\u00edch th\u00edch v\u00e0 m\u1ed9t lo\u1ea1t c\u00e1c c\u00e2u h\u1ecfi m\u00e0 h\u1ecdc sinh th\u01b0\u1eddng m\u1ea5t 6-12 ph\u00fat \u0111\u1ec3 ho\u00e0n th\u00e0nh) v\u00e0 12 m\u1ee5c \u0111\u1ed9c l\u1eadp (ng\u1eafn h\u01a1n, th\u01b0\u1eddng m\u1ea5t 2-3 ph\u00fat \u0111\u1ec3 ho\u00e0n th\u00e0nh). Th\u00f4ng tin th\u00eam v\u1ec1 <a href=\"http:\/\/www.nextgenscience.org\/\">Ti\u00eau chu\u1ea9n khoa h\u1ecdc th\u1ebf h\u1ec7 ti\u1ebfp theo (NGSS)<\/a>.<\/p>\n\n\n\n<p>Th\u00f4ng tin b\u1ed5 sung cho h\u1ecdc sinh v\u00e0 gia \u0111\u00ecnh c\u00f3 s\u1eb5n t\u1ea1i <a href=\"https:\/\/hsa.alohahsap.org\">C\u1ed5ng th\u00f4ng tin khoa h\u1ecdc HSA<\/a>.<\/p>\n\n\n\n<ul class=\"wp-block-list\">\n<li><a href=\"\/vi\/DOE%20Forms\/Testing\/SBA2021-22_Science.xlsx\/\" target=\"_blank\" rel=\"noreferrer noopener\">K\u1ebft qu\u1ea3 n\u0103m 2022 (EXCEL)<\/a><\/li>\n<\/ul>\n\n\n\n<figure class=\"wp-block-table\"><table class=\"has-fixed-layout\"><tbody><tr><td class=\"has-text-align-center\" data-align=\"center\" rowspan=\"2\"><strong>L\u1edbp(s)<\/strong> <strong>ho\u1eb7c Track(s)<\/strong><\/td><td class=\"has-text-align-center\" data-align=\"center\" rowspan=\"2\"><strong>S\u1ed1 l\u01b0\u1ee3ng c\u01a1 h\u1ed9i*<\/strong><\/td><td class=\"has-text-align-center\" data-align=\"center\" colspan=\"2\"><strong>C\u1eecA S\u1ed4 KI\u1ec2M TRA<\/strong><\/td><\/tr><tr><td class=\"has-text-align-center\" data-align=\"center\"><strong>M\u1edf<\/strong><\/td><td class=\"has-text-align-center\" data-align=\"center\"><strong>\u0110\u00f3ng<\/strong><\/td><\/tr><tr><td class=\"has-text-align-center\" data-align=\"center\">5 v\u00e0 8<\/td><td class=\"has-text-align-center\" data-align=\"center\">2<\/td><td class=\"has-text-align-center\" data-align=\"center\">02\/17\/26<\/td><td class=\"has-text-align-center\" data-align=\"center\">05\/28\/26<\/td><\/tr><tr><td class=\"has-text-align-center\" data-align=\"center\">5 v\u00e0 8<br>tr\u01b0\u1eddng h\u1ecdc \u0111a ng\u00e0nh<\/td><td class=\"has-text-align-center\" data-align=\"center\">2<\/td><td class=\"has-text-align-center\" data-align=\"center\">02\/17\/26<\/td><td class=\"has-text-align-center\" data-align=\"center\">05\/28\/26*<\/td><\/tr><\/tbody><\/table><\/figure>\n\n\n\n<p><em>* C\u00f3 th\u1ec3 thay \u0111\u1ed5i.<\/em><\/p>\n\n\n\n<h2 class=\"wp-block-heading\">K\u1ef3 thi cu\u1ed1i kh\u00f3a<\/h2>\n\n\n\n<p>K\u1ef3 thi cu\u1ed1i kh\u00f3a (EOC) \u0111\u00e1nh gi\u00e1 tr\u00ecnh \u0111\u1ed9 c\u1ee7a sinh vi\u00ean theo c\u00e1c ti\u00eau chu\u1ea9n n\u1ed9i dung kh\u00f3a h\u1ecdc c\u1ee5 th\u1ec3, gi\u00fap th\u00f4ng b\u00e1o h\u01b0\u1edbng d\u1eabn v\u00e0 chu\u1ea9n h\u00f3a k\u1ef3 v\u1ecdng trong \u0110\u1ea1i s\u1ed1 I, \u0110\u1ea1i s\u1ed1 II, Sinh h\u1ecdc I v\u00e0 L\u1ecbch s\u1eed Hoa K\u1ef3. C\u00e1c k\u1ef3 thi n\u00e0y \u0111\u01b0\u1ee3c t\u1ed5 ch\u1ee9c tr\u1ef1c tuy\u1ebfn trong ba tu\u1ea7n cu\u1ed1i c\u1ee7a kh\u00f3a h\u1ecdc, v\u1edbi sinh vi\u00ean \u0111\u01b0\u1ee3c ph\u00e9p l\u00e0m b\u00e0i ki\u1ec3m tra m\u1ed9t l\u1ea7n trong th\u1eddi gian n\u00e0y (c\u00f3 th\u1ec3 \u0111\u01b0\u1ee3c ph\u00e9p l\u00e0m l\u1ea1i l\u1ea7n th\u1ee9 hai t\u00f9y theo t\u1eebng tr\u01b0\u1eddng h\u1ee3p).<\/p>\n\n\n\n<p>Trong s\u1ed1 n\u00e0y, ch\u1ec9 c\u00f3 k\u1ef3 thi Biology I l\u00e0 b\u1eaft bu\u1ed9c. K\u1ef3 thi n\u00e0y \u0111\u00e1nh gi\u00e1 tr\u00ecnh \u0111\u1ed9 c\u1ee7a h\u1ecdc sinh d\u1ef1a tr\u00ean Ti\u00eau chu\u1ea9n Khoa h\u1ecdc Th\u1ebf h\u1ec7 Ti\u1ebfp theo v\u00e0 l\u00e0 b\u1eaft bu\u1ed9c \u0111\u1ed1i v\u1edbi t\u1ea5t c\u1ea3 h\u1ecdc sinh theo h\u1ecdc Biology I, nh\u01b0 m\u1ed9t ph\u1ea7n c\u1ee7a \u0111\u00e1nh gi\u00e1 to\u00e0n ti\u1ec3u bang Hawai&#039;i theo \u0110\u1ea1o lu\u1eadt M\u1ecdi H\u1ecdc sinh \u0110\u1ec1u Th\u00e0nh c\u00f4ng c\u1ee7a li\u00ean bang (ESSA). C\u00e1c k\u1ef3 thi EOC v\u1ec1 \u0110\u1ea1i s\u1ed1 I, \u0110\u1ea1i s\u1ed1 II v\u00e0 L\u1ecbch s\u1eed Hoa K\u1ef3 l\u00e0 t\u00f9y ch\u1ecdn, v\u1edbi nh\u1eefng thay \u0111\u1ed5i c\u00f3 th\u1ec3 c\u00f3 \u0111\u1ed1i v\u1edbi EOC L\u1ecbch s\u1eed Hoa K\u1ef3 t\u00f9y thu\u1ed9c v\u00e0o ph\u1ea3n h\u1ed3i c\u1ee7a gi\u00e1o vi\u00ean.<\/p>\n\n\n\n<p>M\u1ed7i k\u1ef3 thi bao g\u1ed3m kho\u1ea3ng 50 c\u00e2u h\u1ecfi ph\u00f9 h\u1ee3p v\u1edbi ti\u00eau chu\u1ea9n c\u1ee7a kh\u00f3a h\u1ecdc. C\u00e1c b\u00e0i ki\u1ec3m tra kh\u00f4ng gi\u1edbi h\u1ea1n th\u1eddi gian v\u00e0 h\u1ecdc sinh ho\u1eb7c ng\u01b0\u1eddi qu\u1ea3n l\u00fd b\u00e0i ki\u1ec3m tra c\u00f3 th\u1ec3 t\u1ea1m d\u1eebng v\u00e0 ti\u1ebfp t\u1ee5c b\u00e0i ki\u1ec3m tra trong th\u1eddi gian ki\u1ec3m tra. (N\u1ebfu t\u1ea1m d\u1eebng h\u01a1n 20 ph\u00fat, c\u00e1c c\u00e2u h\u1ecfi \u0111\u00e3 tr\u1ea3 l\u1eddi tr\u01b0\u1edbc \u0111\u00f3 kh\u00f4ng th\u1ec3 \u0111\u01b0\u1ee3c xem l\u1ea1i.) C\u00e1c k\u1ef3 thi EOC c\u00f3 c\u00e1c c\u00e2u h\u1ecfi tr\u1eafc nghi\u1ec7m v\u00e0 c\u00e2u h\u1ecfi t\u1ef1 lu\u1eadn, \u0111\u01b0\u1ee3c ch\u1ea5m \u0111i\u1ec3m b\u1eb1ng m\u00e1y. Sau khi ho\u00e0n th\u00e0nh, h\u1ecdc sinh s\u1ebd nh\u1eadn \u0111\u01b0\u1ee3c \u0111i\u1ec3m ngay l\u1eadp t\u1ee9c v\u00e0 gi\u00e1o vi\u00ean c\u00f3 th\u1ec3 truy c\u1eadp b\u00e1o c\u00e1o \u0111i\u1ec3m th\u00f4ng qua c\u00f9ng m\u1ed9t h\u1ec7 th\u1ed1ng tr\u1ef1c tuy\u1ebfn.<\/p>\n\n\n\n<p><a href=\"https:\/\/eoc.alohahsap.org\/\" target=\"_blank\" rel=\"noreferrer noopener\">B\u00e0i ki\u1ec3m tra \u0111\u00e0o t\u1ea1o EOC <\/a>c\u00f3 s\u1eb5n cho sinh vi\u00ean v\u00e0 gia \u0111\u00ecnh<a href=\"https:\/\/eoc.alohahsap.org\/\">S.<\/a><\/p>\n\n\n\n<figure class=\"wp-block-table\"><table class=\"has-fixed-layout\"><tbody><tr><td class=\"has-text-align-center\" data-align=\"center\" rowspan=\"2\"><strong>K\u1ef3 thi EOC<\/strong><\/td><td class=\"has-text-align-center\" data-align=\"center\" rowspan=\"2\"><\/td><td class=\"has-text-align-center\" data-align=\"center\" colspan=\"2\"><strong>C\u1eecA S\u1ed4 KI\u1ec2M TRA<\/strong><\/td><\/tr><tr><td class=\"has-text-align-center\" data-align=\"center\"><strong>M\u1edf<\/strong><\/td><td class=\"has-text-align-center\" data-align=\"center\"><strong>\u0110\u00f3ng<\/strong><\/td><\/tr><tr><td class=\"has-text-align-center\" data-align=\"center\" rowspan=\"4\">\u200b\u0110\u1ea1i s\u1ed1 1 (T\u00f9y ch\u1ecdn)<br>\u0110\u1ea1i s\u1ed1 2 (T\u00f9y ch\u1ecdn)<br>Sinh h\u1ecdc 1** (B\u1eaft bu\u1ed9c)\u200b \u200b \u200b<\/td><td class=\"has-text-align-center\" data-align=\"center\">Ng\u00e3<br>(ch\u1ec9 d\u00e0nh cho tr\u01b0\u1eddng h\u1ecdc c\u00f3 l\u1ecbch h\u1ecdc c\u1ed1 \u0111\u1ecbnh)<\/td><td class=\"has-text-align-center\" data-align=\"center\">11\/17\/25<\/td><td class=\"has-text-align-center\" data-align=\"center\">12\/19\/25<\/td><\/tr><tr><td class=\"has-text-align-center\" data-align=\"center\">M\u00f9a xu\u00e2n<\/td><td class=\"has-text-align-center\" data-align=\"center\">04\/20\/26<\/td><td class=\"has-text-align-center\" data-align=\"center\">05\/28\/26<\/td><\/tr><tr><td class=\"has-text-align-center\" data-align=\"center\">Tr\u01b0\u1eddng h\u1ecdc \u0111a ng\u00e0nh<\/td><td class=\"has-text-align-center\" data-align=\"center\">05\/28\/26<\/td><td class=\"has-text-align-center\" data-align=\"center\">06\/12\/26<\/td><\/tr><tr><td class=\"has-text-align-center\" data-align=\"center\">M\u00f9a h\u00e8<\/td><td class=\"has-text-align-center\" data-align=\"center\">06\/08\/26*<\/td><td class=\"has-text-align-center\" data-align=\"center\">07\/10\/26*<\/td><\/tr><\/tbody><\/table><\/figure>\n\n\n\n<p><em>* C\u00f3 th\u1ec3 thay \u0111\u1ed5i<\/em><em><br><\/em><em>** B\u1eaft bu\u1ed9c ph\u1ea3i \u0111\u00e1nh gi\u00e1 tr\u00ean to\u00e0n ti\u1ec3u bang \u0111\u1ec3 \u0111\u00e1p \u1ee9ng c\u00e1c y\u00eau c\u1ea7u c\u1ee7a ESSA Li\u00ean bang v\u1ec1 \u0111\u00e1nh gi\u00e1 khoa h\u1ecdc<\/em><\/p>\n\n\n\n<h2 class=\"wp-block-heading\">\u0110\u00e1nh gi\u00e1 AlternatE (HSA-Alt)<\/h2>\n\n\n\n<p>HSA-Alt v\u1ec1 ngh\u1ec7 thu\u1eadt ng\u00f4n ng\u1eef ti\u1ebfng Anh\/ng\u1eef v\u0103n, to\u00e1n h\u1ecdc v\u00e0 khoa h\u1ecdc \u0111\u01b0\u1ee3c th\u1ef1c hi\u1ec7n cho h\u1ecdc sinh t\u1eeb L\u1edbp 3-8 v\u00e0 L\u1edbp 11 \u0111\u1ec3 th\u00fac \u0111\u1ea9y, c\u1ea3i thi\u1ec7n kh\u1ea3 n\u0103ng ti\u1ebfp c\u1eadn v\u00e0 \u0111o l\u01b0\u1eddng vi\u1ec7c \u0111\u1ea1t \u0111\u01b0\u1ee3c c\u00e1c ti\u00eau chu\u1ea9n b\u1eb1ng c\u00e1ch \u0111\u1eb7t ra k\u1ef3 v\u1ecdng cao cho h\u1ecdc sinh c\u00f3 khuy\u1ebft t\u1eadt nh\u1eadn th\u1ee9c \u0111\u00e1ng k\u1ec3. C\u00e1c b\u00e0i ki\u1ec3m tra \u0111\u00e0o t\u1ea1o c\u00f3 s\u1eb5n tr\u00ean <a href=\"https:\/\/hsa-alt.alohahsap.org\/\" target=\"_blank\" rel=\"noreferrer noopener\">Xin ch\u00e0o HSAP<\/a>.<\/p>\n\n\n\n<figure class=\"wp-block-table\"><table class=\"has-fixed-layout\"><tbody><tr><td class=\"has-text-align-center\" data-align=\"center\" rowspan=\"2\"><strong>Khu v\u1ef1c n\u1ed9i dung<\/strong><\/td><td class=\"has-text-align-center\" data-align=\"center\" rowspan=\"2\"><strong>L\u1edbp(s)<\/strong><\/td><td class=\"has-text-align-center\" data-align=\"center\" rowspan=\"2\"><strong>C\u00e1ch th\u1ee9c<\/strong><\/td><td class=\"has-text-align-center\" data-align=\"center\" colspan=\"2\"><strong>C\u1eecA S\u1ed4 KI\u1ec2M TRA<\/strong><\/td><\/tr><tr><td class=\"has-text-align-center\" data-align=\"center\"><strong>M\u1edf<\/strong><\/td><td class=\"has-text-align-center\" data-align=\"center\"><strong>\u0110\u00f3ng<\/strong><\/td><\/tr><tr><td class=\"has-text-align-center\" data-align=\"center\" rowspan=\"2\">ELA\/Ch\u1eef vi\u1ebft<br>To\u00e1n h\u1ecdc<\/td><td class=\"has-text-align-center\" data-align=\"center\" rowspan=\"2\">3-8 v\u00e0 11<\/td><td class=\"has-text-align-center\" data-align=\"center\">Tr\u1ef1c tuy\u1ebfn<\/td><td class=\"has-text-align-center\" data-align=\"center\">02\/17\/26<\/td><td class=\"has-text-align-center\" data-align=\"center\">05\/28\/26<\/td><\/tr><tr><td class=\"has-text-align-center\" data-align=\"center\">Gi\u1ea5y\/B\u00fat ch\u00ec **<\/td><td class=\"has-text-align-center\" data-align=\"center\">02\/17\/26<\/td><td class=\"has-text-align-center\" data-align=\"center\">05\/28\/26<\/td><\/tr><tr><td class=\"has-text-align-center\" data-align=\"center\" rowspan=\"2\">Khoa h\u1ecdc<\/td><td class=\"has-text-align-center\" data-align=\"center\" rowspan=\"2\">5, 8 v\u00e0 11<\/td><td class=\"has-text-align-center\" data-align=\"center\">Tr\u1ef1c tuy\u1ebfn<\/td><td class=\"has-text-align-center\" data-align=\"center\">02\/17\/26<\/td><td class=\"has-text-align-center\" data-align=\"center\">05\/28\/26<\/td><\/tr><tr><td class=\"has-text-align-center\" data-align=\"center\">Gi\u1ea5y\/B\u00fat ch\u00ec **<\/td><td class=\"has-text-align-center\" data-align=\"center\">02\/17\/26<\/td><td class=\"has-text-align-center\" data-align=\"center\">05\/28\/26<\/td><\/tr><\/tbody><\/table><\/figure>\n\n\n\n<p><em>* C\u00f3 th\u1ec3 thay \u0111\u1ed5i<\/em><em><br><\/em><em>** Vi\u1ec7c qu\u1ea3n l\u00fd gi\u1ea5y\/b\u00fat ph\u1ea3i \u0111\u01b0\u1ee3c x\u00e1c minh b\u1edfi B\u1ed9 ph\u1eadn \u0111\u00e1nh gi\u00e1.\u200b<\/em><br><\/p>\n\n\n\n<h2 class=\"wp-block-heading\">ACCESS v\u00e0 ACCESS thay th\u1ebf d\u00e0nh cho ELL<\/h2>\n\n\n\n<p>B\u00e0i ki\u1ec3m tra ACCESS v\u00e0 ACCESS thay th\u1ebf cho h\u1ecdc sinh ELL 2.0 l\u00e0 b\u00e0i \u0111\u00e1nh gi\u00e1 n\u0103ng l\u1ef1c ti\u1ebfng Anh d\u00e0nh cho t\u1ea5t c\u1ea3 h\u1ecdc sinh h\u1ecdc ti\u1ebfng Anh t\u1eeb l\u1edbp M\u1eabu gi\u00e1o \u0111\u1ebfn l\u1edbp 12, nh\u1eb1m theo d\u00f5i s\u1ef1 ti\u1ebfn b\u1ed9 v\u00e0 kh\u1ea3 n\u0103ng ti\u1ebfp thu ti\u1ebfng Anh h\u1ecdc thu\u1eadt c\u1ee7a h\u1ecdc sinh. T\u1ea5t c\u1ea3 c\u00e1c tr\u01b0\u1eddng \u0111\u00e3 b\u1eaft \u0111\u1ea7u th\u1ef1c hi\u1ec7n b\u00e0i ki\u1ec3m tra tr\u1ef1c tuy\u1ebfn t\u1eeb n\u0103m h\u1ecdc 2017-2018.&nbsp;<\/p>\n\n\n\n<figure class=\"wp-block-table\"><table class=\"has-fixed-layout\"><tbody><tr><td class=\"has-text-align-center\" data-align=\"center\" rowspan=\"2\"><strong>Khu v\u1ef1c n\u1ed9i dung<\/strong><\/td><td class=\"has-text-align-center\" data-align=\"center\" rowspan=\"2\"><strong>L\u1edbp(s)<\/strong><\/td><td class=\"has-text-align-center\" data-align=\"center\" rowspan=\"2\"><strong>C\u00e1ch th\u1ee9c<\/strong><\/td><td class=\"has-text-align-center\" data-align=\"center\" colspan=\"2\"><strong>C\u1eecA S\u1ed4 KI\u1ec2M TRA<\/strong><\/td><\/tr><tr><td class=\"has-text-align-center\" data-align=\"center\"><strong>M\u1edf<\/strong><\/td><td class=\"has-text-align-center\" data-align=\"center\"><strong>\u200b\u0110\u00f3ng l\u1ea1i<\/strong><\/td><\/tr><tr><td class=\"has-text-align-center\" data-align=\"center\">Nghe, \u0110\u1ecdc, N\u00f3i, Vi\u1ebft<\/td><td class=\"has-text-align-center\" data-align=\"center\">T\u1eeb K \u0111\u1ebfn 12<\/td><td class=\"has-text-align-center\" data-align=\"center\">Tr\u1ef1c tuy\u1ebfnGi\u1ea5y\/B\u00fat ch\u00ec**<\/td><td class=\"has-text-align-center\" data-align=\"center\">01\/12\/26<\/td><td class=\"has-text-align-center\" data-align=\"center\">02\/27\/26<\/td><\/tr><\/tbody><\/table><\/figure>\n\n\n\n<p><em>* C\u00f3 th\u1ec3 thay \u0111\u1ed5i.\u200b<\/em><em><br><\/em><em>** Qu\u1ea3n l\u00fd gi\u1ea5y\/b\u00fat K (t\u1ea5t c\u1ea3 c\u00e1c l\u0129nh v\u1ef1c), 1-3 (ch\u1ec9 vi\u1ebft).\u200b<\/em><br><\/p>\n\n\n\n<h2 class=\"wp-block-heading\">\u0110\u00e1nh gi\u00e1 ti\u1ebfn b\u1ed9 gi\u00e1o d\u1ee5c qu\u1ed1c gia (NAEP)<\/h2>\n\n\n\n<p>\u0110\u01b0\u1ee3c g\u1ecdi l\u00e0 \u201cB\u1ea3ng \u0111i\u1ec3m c\u1ee7a qu\u1ed1c gia\u201d, NAEP l\u00e0 ch\u01b0\u01a1ng tr\u00ecnh \u0111\u00e1nh gi\u00e1 c\u1ee7a Trung t\u00e2m Th\u1ed1ng k\u00ea Gi\u00e1o d\u1ee5c Qu\u1ed1c gia cung c\u1ea5p k\u1ebft qu\u1ea3 c\u00f3 th\u1ec3 so s\u00e1nh gi\u1eefa c\u00e1c ti\u1ec3u bang v\u1ec1 c\u00e1c m\u00f4n h\u1ecdc \u0111\u01b0\u1ee3c ch\u1ecdn. NAEP th\u01b0\u1eddng \u0111\u01b0\u1ee3c ti\u1ebfn h\u00e0nh hai n\u0103m m\u1ed9t l\u1ea7n \u0111\u1ed1i v\u1edbi m\u1ed9t m\u1eabu \u0111\u1ea1i di\u1ec7n g\u1ed3m h\u1ecdc sinh l\u1edbp b\u1ed1n v\u00e0 l\u1edbp t\u00e1m tr\u00ean to\u00e0n qu\u1ed1c.<\/p>\n\n\n\n<p>K\u1ebft qu\u1ea3 qu\u1ed1c gia l\u00e0 m\u1ed9t trong nhi\u1ec1u th\u01b0\u1edbc \u0111o m\u00e0 S\u1edf Gi\u00e1o d\u1ee5c v\u00e0 \u0110\u00e0o t\u1ea1o (HIDOE) s\u1eed d\u1ee5ng \u0111\u1ec3 \u0111\u00e1nh gi\u00e1 s\u1ef1 ti\u1ebfn b\u1ed9 c\u1ee7a h\u1ecdc sinh v\u00e0 c\u00e1c tr\u01b0\u1eddng c\u00f4ng l\u1eadp. S\u1ef1 ti\u1ebfn b\u1ed9 c\u1ee7a Hawai\u02bbi theo th\u1eddi gian tr\u00ean NAEP \u0111\u00e3 \u0111\u01b0\u1ee3c c\u00f4ng nh\u1eadn tr\u00ean to\u00e0n qu\u1ed1c l\u00e0 m\u1ed9t trong nh\u1eefng bang c\u00f3 k\u1ebft qu\u1ea3 cao nh\u1ea5t c\u1ea3 n\u01b0\u1edbc. Trong s\u1ed1 50 ti\u1ec3u bang v\u00e0 Washington D.C., m\u1ed9t \u0111\u00e1nh gi\u00e1 v\u1ec1 th\u00e0nh t\u00edch c\u1ee7a Hawai\u02bbi tr\u00ean NAEP n\u0103m 2022 t\u1eeb n\u0103m 2003 cho th\u1ea5y:<\/p>\n\n\n\n<ul class=\"wp-block-list\">\n<li>B\u00e0i \u0111\u1ecdc l\u1edbp 4: \u0110i\u1ec3m trung b\u00ecnh c\u1ee7a Hawai\u02bbi \u0111\u00e3 t\u0103ng t\u1eeb v\u1ecb tr\u00ed th\u1ee9 46 tr\u00ean to\u00e0n qu\u1ed1c l\u00ean v\u1ecb tr\u00ed th\u1ee9 9.&nbsp;<\/li>\n\n\n\n<li>B\u00e0i \u0111\u1ecdc l\u1edbp 8: Hawai\u02bbi t\u0103ng t\u1eeb v\u1ecb tr\u00ed th\u1ee9 50 l\u00ean v\u1ecb tr\u00ed th\u1ee9 25.<\/li>\n\n\n\n<li>To\u00e1n l\u1edbp 4: Hawai\u02bbi \u0111\u00e3 c\u1ea3i thi\u1ec7n v\u1ecb tr\u00ed t\u1eeb v\u1ecb tr\u00ed th\u1ee9 46 l\u00ean v\u1ecb tr\u00ed th\u1ee9 18 tr\u00ean to\u00e0n qu\u1ed1c.<\/li>\n\n\n\n<li>To\u00e1n l\u1edbp 8: Hawai\u02bbi t\u0103ng t\u1eeb v\u1ecb tr\u00ed 46 l\u00ean v\u1ecb tr\u00ed th\u1ee9 36.<\/li>\n<\/ul>\n\n\n\n<p>Qu\u1ef9 Ph\u00f2ng Th\u01b0\u01a1ng m\u1ea1i Hoa K\u1ef3 n\u0103m 2016 <a href=\"https:\/\/www.uschamberfoundation.org\/blog\/post\/which-states-have-led-k-12-naep-improvement-over-past-10-years\" target=\"_blank\" rel=\"noreferrer noopener\">x\u1ebfp h\u1ea1ng Hawai\u02bbi s\u1ed1 2<\/a> tr\u00ean to\u00e0n qu\u1ed1c v\u1ec1 s\u1ef1 c\u1ea3i thi\u1ec7n th\u00e0nh t\u00edch to\u00e0n ti\u1ec3u bang c\u1ee7a h\u1ecdc sinh l\u1edbp 4 v\u00e0 l\u1edbp 8 trong NAEP t\u1eeb n\u0103m 2005 \u0111\u1ebfn n\u0103m 2015.<\/p>\n\n\n\n<p><strong>Trong n\u0103m h\u1ecdc 2025-2026, m\u1ed9t s\u1ed1 tr\u01b0\u1eddng h\u1ecdc t\u1ea1i Hawaii s\u1ebd \u0111\u01b0\u1ee3c ch\u1ecdn \u0111\u1ec3 tham gia ch\u01b0\u01a1ng tr\u00ecnh \u0110\u00e1nh gi\u00e1 Ti\u1ebfn b\u1ed9 Gi\u00e1o d\u1ee5c Qu\u1ed1c gia (NAEP) 2026. T\u1ea5t c\u1ea3 c\u00e1c tr\u01b0\u1eddng \u0111\u01b0\u1ee3c ch\u1ecdn \u0111\u1ec1u ph\u1ea3i tham gia b\u00e0i ki\u1ec3m tra to\u00e1n v\u00e0 \u0111\u1ecdc hi\u1ec3u l\u1edbp 4 v\u00e0 l\u1edbp 8 c\u1ee7a NAEP 2026. B\u00e0i ki\u1ec3m tra s\u1ebd \u0111\u01b0\u1ee3c th\u1ef1c hi\u1ec7n b\u1eb1ng thi\u1ebft b\u1ecb c\u1ee7a tr\u01b0\u1eddng ho\u1eb7c thi\u1ebft b\u1ecb do NAEP cung c\u1ea5p (n\u1ebfu tr\u01b0\u1eddng kh\u00f4ng th\u1ec3 t\u1ef1 th\u1ef1c hi\u1ec7n b\u00e0i ki\u1ec3m tra b\u1eb1ng thi\u1ebft b\u1ecb c\u1ee7a m\u00ecnh).<\/strong><\/p>\n\n\n\n<p>B\u00e0i ki\u1ec3m tra Gi\u00e1o d\u1ee5c C\u00f4ng d\u00e2n v\u00e0 L\u1ecbch s\u1eed Hoa K\u1ef3 l\u1edbp 8 s\u1ebd \u0111\u01b0\u1ee3c t\u1ed5 ch\u1ee9c v\u00e0o n\u0103m 2026. M\u1ed9t m\u1eabu tr\u01b0\u1eddng qu\u1ed1c gia s\u1ebd \u0111\u01b0\u1ee3c ch\u1ecdn, do \u0111\u00f3, ch\u1ec9 m\u1ed9t s\u1ed1 \u00edt tr\u01b0\u1eddng h\u1ecdc t\u1ea1i Hawaii \u0111\u01b0\u1ee3c ch\u1ecdn tham gia. Vi\u1ec7c tham gia b\u00e0i ki\u1ec3m tra Gi\u00e1o d\u1ee5c C\u00f4ng d\u00e2n v\u00e0 L\u1ecbch s\u1eed Hoa K\u1ef3 l\u1edbp 8 l\u00e0 t\u00f9y ch\u1ecdn. M\u1eb7c d\u00f9 vi\u1ec7c tham gia \u0111\u01b0\u1ee3c khuy\u1ebfn kh\u00edch, hi\u1ec7u tr\u01b0\u1edfng nh\u00e0 tr\u01b0\u1eddng c\u00f3 th\u1ec3 t\u1eeb ch\u1ed1i l\u1eddi m\u1eddi tham gia n\u1ebfu \u0111\u01b0\u1ee3c ch\u1ecdn.<\/p>\n\n\n\n<figure class=\"wp-block-table\"><table class=\"has-fixed-layout\"><tbody><tr><td class=\"has-text-align-center\" data-align=\"center\" rowspan=\"2\"><strong>Khu v\u1ef1c n\u1ed9i dung<\/strong><\/td><td class=\"has-text-align-center\" data-align=\"center\" rowspan=\"2\"><strong>\u0110i\u1ec3m s\u1ed1<\/strong><\/td><td class=\"has-text-align-center\" data-align=\"center\" rowspan=\"2\"><strong>C\u00e1ch th\u1ee9c<\/strong><\/td><td class=\"has-text-align-center\" data-align=\"center\" colspan=\"2\"><strong>C\u1eecA S\u1ed4 KI\u1ec2M TRA<\/strong><\/td><\/tr><tr><td class=\"has-text-align-center\" data-align=\"center\"><strong>M\u1edf<\/strong><\/td><td class=\"has-text-align-center\" data-align=\"center\"><strong>\u0110\u00f3ng<\/strong><\/td><\/tr><tr><td class=\"has-text-align-center\" data-align=\"center\">To\u00e1n h\u1ecdc, \u0110\u1ecdc hi\u1ec3u<\/td><td class=\"has-text-align-center\" data-align=\"center\">4 v\u00e0 8<\/td><td class=\"has-text-align-center\" data-align=\"center\">\u0110i\u1ec7n t\u1eed<\/td><td class=\"has-text-align-center\" data-align=\"center\">01\/26\/26<\/td><td class=\"has-text-align-center\" data-align=\"center\">03\/20\/26<\/td><\/tr><tr><td class=\"has-text-align-center\" data-align=\"center\">Gi\u00e1o d\u1ee5c c\u00f4ng d\u00e2n L\u1ecbch s\u1eed Hoa K\u1ef3<\/td><td class=\"has-text-align-center\" data-align=\"center\">8<\/td><td class=\"has-text-align-center\" data-align=\"center\">\u0110i\u1ec7n t\u1eed<\/td><td class=\"has-text-align-center\" data-align=\"center\" colspan=\"2\">01\/26\/26 &#8211; 03\/20\/26<\/td><\/tr><\/tbody><\/table><\/figure>\n\n\n\n<p><\/p>","protected":false},"excerpt":{"rendered":"<p>Science Assessment The science assessments are designed to measure students\u2019 attainment of the performance expectations laid out in the Next Generation Science Standards. The NGSS assessments at each grade include six item clusters (a stimulus and a series of questions that generally take students 6-12 minutes to complete) and 12 stand-alone items (shorter, generally takes [&hellip;]<\/p>","protected":false},"author":8,"featured_media":0,"parent":22,"menu_order":27,"comment_status":"closed","ping_status":"closed","template":"","meta":{"_relevanssi_hide_post":"","_relevanssi_hide_content":"","_relevanssi_pin_for_all":"","_relevanssi_pin_keywords":"","_relevanssi_unpin_keywords":"","_relevanssi_related_keywords":"","_relevanssi_related_include_ids":"","_relevanssi_related_exclude_ids":"","_relevanssi_related_no_append":"","_relevanssi_related_not_related":"","_relevanssi_related_posts":"10149,10163,15630,17420,9788,8799","_relevanssi_noindex_reason":"","_sitemap_exclude":false,"_sitemap_priority":"","_sitemap_frequency":"","_kad_blocks_custom_css":"","_kad_blocks_head_custom_js":"","_kad_blocks_body_custom_js":"","_kad_blocks_footer_custom_js":"","wp_popup_display_lightbox":0,"wp_popup_suppress":"","wp_popup_trigger":"","wp_popup_trigger_amount":0,"wp_popup_disable_on_mobile":false,"footnotes":""},"class_list":["post-46","page","type-page","status-publish","hentry"],"pp_statuses_selecting_workflow":false,"pp_workflow_action":"current","pp_status_selection":"publish","taxonomy_info":[],"featured_image_src_large":false,"author_info":{"display_name":"Ariana Enomoto","author_link":"https:\/\/hawaiipublicschools.org\/vi\/author\/arianastaceyleong-com\/"},"comment_info":0,"publishpress_future_action":{"enabled":false,"date":"2026-04-10 19:27:27","action":"change-status","newStatus":"draft","terms":[],"taxonomy":"","extraData":[]},"publishpress_future_workflow_manual_trigger":{"enabledWorkflows":[]},"_links":{"self":[{"href":"https:\/\/hawaiipublicschools.org\/vi\/wp-json\/wp\/v2\/pages\/46","targetHints":{"allow":["GET"]}}],"collection":[{"href":"https:\/\/hawaiipublicschools.org\/vi\/wp-json\/wp\/v2\/pages"}],"about":[{"href":"https:\/\/hawaiipublicschools.org\/vi\/wp-json\/wp\/v2\/types\/page"}],"author":[{"embeddable":true,"href":"https:\/\/hawaiipublicschools.org\/vi\/wp-json\/wp\/v2\/users\/8"}],"replies":[{"embeddable":true,"href":"https:\/\/hawaiipublicschools.org\/vi\/wp-json\/wp\/v2\/comments?post=46"}],"version-history":[{"count":0,"href":"https:\/\/hawaiipublicschools.org\/vi\/wp-json\/wp\/v2\/pages\/46\/revisions"}],"up":[{"embeddable":true,"href":"https:\/\/hawaiipublicschools.org\/vi\/wp-json\/wp\/v2\/pages\/22"}],"wp:attachment":[{"href":"https:\/\/hawaiipublicschools.org\/vi\/wp-json\/wp\/v2\/media?parent=46"}],"curies":[{"name":"wp","href":"https:\/\/api.w.org\/{rel}","templated":true}]}}