{"id":45,"date":"2024-09-04T22:23:48","date_gmt":"2024-09-04T22:23:48","guid":{"rendered":"https:\/\/hawaiipublicschools.org\/?page_id=45"},"modified":"2026-01-22T16:07:49","modified_gmt":"2026-01-23T02:07:49","slug":"act-testing","status":"publish","type":"page","link":"https:\/\/hawaiipublicschools.org\/vi\/academics\/act-testing\/","title":{"rendered":"Ki\u1ec3m tra ACT"},"content":{"rendered":"<p class=\"intro\" style=\"font-size:clamp(0.875rem, 0.875rem + ((1vw - 0.2rem) * 0.531), 1.3rem);\">ACT l\u00e0 k\u1ef3 thi d\u1ef1a tr\u00ean ch\u01b0\u01a1ng tr\u00ecnh gi\u1ea3ng d\u1ea1y cung c\u1ea5p nh\u1eefng hi\u1ec3u bi\u1ebft c\u00f3 gi\u00e1 tr\u1ecb cho t\u1ea5t c\u1ea3 h\u1ecdc sinh, b\u1ea5t k\u1ec3 k\u1ebf ho\u1ea1ch sau trung h\u1ecdc c\u1ee7a h\u1ecd l\u00e0 g\u00ec. K\u1ef3 thi n\u00e0y gi\u00fap h\u1ecdc sinh \u0111\u00e1nh gi\u00e1 \u0111i\u1ec3m m\u1ea1nh h\u1ecdc t\u1eadp v\u00e0 c\u00e1c l\u0129nh v\u1ef1c c\u1ea7n c\u1ea3i thi\u1ec7n v\u00e0 c\u00f3 th\u1ec3 \u0111\u01b0\u1ee3c s\u1eed d\u1ee5ng \u0111\u1ec3 x\u00e9t tuy\u1ec3n v\u00e0o \u0111\u1ea1i h\u1ecdc. Cho d\u00f9 h\u1ecdc sinh c\u00f3 d\u1ef1 \u0111\u1ecbnh h\u1ecdc \u0111\u1ea1i h\u1ecdc hay \u0111i l\u00e0m, k\u1ebft qu\u1ea3 ACT c\u1ee7a h\u1ecd \u0111\u1ec1u cung c\u1ea5p b\u1ee9c tranh r\u00f5 r\u00e0ng v\u1ec1 s\u1ef1 s\u1eb5n s\u00e0ng c\u1ee7a h\u1ecd v\u00e0 nh\u1eefng l\u0129nh v\u1ef1c h\u1ecd c\u00f3 th\u1ec3 c\u1ea7n ph\u00e1t tri\u1ec3n th\u00eam.<\/p>\n\n\n\n<figure class=\"wp-block-image alignright size-large is-resized\"><img loading=\"lazy\" decoding=\"async\" width=\"1024\" height=\"683\" src=\"https:\/\/hawaiipublicschools.org\/wp-content\/uploads\/2024\/12\/ACT_Testing_edit-1024x683.jpg\" alt=\"Students at their desk, one student taking notes\" class=\"wp-image-3654\" style=\"width:445px;height:auto\" srcset=\"https:\/\/hawaiipublicschools.org\/wp-content\/uploads\/2024\/12\/ACT_Testing_edit-1024x683.jpg 1024w, https:\/\/hawaiipublicschools.org\/wp-content\/uploads\/2024\/12\/ACT_Testing_edit-300x200.jpg 300w, https:\/\/hawaiipublicschools.org\/wp-content\/uploads\/2024\/12\/ACT_Testing_edit-768x512.jpg 768w, https:\/\/hawaiipublicschools.org\/wp-content\/uploads\/2024\/12\/ACT_Testing_edit-18x12.jpg 18w, https:\/\/hawaiipublicschools.org\/wp-content\/uploads\/2024\/12\/ACT_Testing_edit.jpg 1200w\" sizes=\"auto, (max-width: 1024px) 100vw, 1024px\" \/><\/figure>\n\n\n\n<p>C\u00e1c <a href=\"http:\/\/www.actstudent.org\/\" target=\"_blank\" rel=\"noreferrer noopener\">H\u00c0NH \u0110\u1ed8NG<\/a> c\u0169ng bao g\u1ed3m m\u1ed9t b\u00e0i ki\u1ec3m tra tr\u01b0\u1edbc t\u00f9y ch\u1ecdn k\u00e9o d\u00e0i 45-60 ph\u00fat, \u0111\u01b0\u1ee3c th\u1ef1c hi\u1ec7n tr\u01b0\u1edbc k\u1ef3 thi ch\u00ednh th\u1ee9c. Bu\u1ed5i h\u1ecdc n\u00e0y thu th\u1eadp th\u00f4ng tin v\u1ec1 tr\u1ea3i nghi\u1ec7m trung h\u1ecdc, s\u1edf th\u00edch h\u1ecdc \u0111\u1ea1i h\u1ecdc v\u00e0 ngh\u1ec1 nghi\u1ec7p c\u0169ng nh\u01b0 m\u1ee5c ti\u00eau t\u01b0\u01a1ng lai c\u1ee7a h\u1ecdc sinh.&nbsp;&nbsp;<\/p>\n\n\n\n<p>C\u00f3 15 ph\u00fat ngh\u1ec9 gi\u1eefa B\u00e0i ki\u1ec3m tra 2 v\u00e0 B\u00e0i ki\u1ec3m tra 3, v\u00e0 5 ph\u00fat ngh\u1ec9 tr\u01b0\u1edbc khi b\u1eaft \u0111\u1ea7u b\u00e0i ki\u1ec3m tra vi\u1ebft.<\/p>\n\n\n\n<ul class=\"wp-block-list\">\n<li>B\u00e0i ki\u1ec3m tra 1 (Ti\u1ebfng Anh): 45 ph\u00fat<\/li>\n\n\n\n<li>B\u00e0i ki\u1ec3m tra 2 (to\u00e1n): 60 ph\u00fat<\/li>\n\n\n\n<li>B\u00e0i ki\u1ec3m tra 3 (\u0111\u1ecdc): 35 ph\u00fat<\/li>\n\n\n\n<li>B\u00e0i ki\u1ec3m tra vi\u1ebft (1 c\u00e2u h\u1ecfi): 40 ph\u00fat<\/li>\n<\/ul>\n\n\n\n<h2 class=\"wp-block-heading\">C\u1eeda s\u1ed5 th\u1eed nghi\u1ec7m<\/h2>\n\n\n\n<p>\u0110\u00e1nh gi\u00e1 tuy\u1ec3n sinh \u0111\u1ea1i h\u1ecdc n\u00e0y s\u1ebd \u0111\u01b0\u1ee3c th\u1ef1c hi\u1ec7n \u0111\u1ed1i v\u1edbi t\u1ea5t c\u1ea3 h\u1ecdc sinh \u0111ang theo h\u1ecdc l\u1edbp 11 (theo \u0111\u1ecbnh ngh\u0129a v\u1ec1 s\u1ed1 t\u00edn ch\u1ec9 trong H\u1ec7 th\u1ed1ng th\u00f4ng tin h\u1ecdc sinh) ch\u01b0a \u0111\u01b0\u1ee3c th\u1ef1c hi\u1ec7n b\u00e0i ki\u1ec3m tra trong n\u0103m tr\u01b0\u1edbc (t\u1ee9c l\u00e0 h\u1ecdc sinh h\u1ecdc l\u1ea1i l\u1edbp 11 \u0111\u00e3 l\u00e0m b\u00e0i ki\u1ec3m tra trong n\u0103m tr\u01b0\u1edbc kh\u00f4ng \u0111\u01b0\u1ee3c y\u00eau c\u1ea7u th\u1ef1c hi\u1ec7n \u0111\u00e1nh gi\u00e1). C\u00e1c tr\u01b0\u1eddng c\u00f3 t\u00f9y ch\u1ecdn th\u1ef1c hi\u1ec7n ACT v\u00e0o m\u1ed9t ho\u1eb7c nhi\u1ec1u ng\u00e0y th\u1ef1c hi\u1ec7n tr\u00ean to\u00e0n ti\u1ec3u bang, <strong>February 24, April 7, or April 21, 2026<\/strong> \u1edf ch\u1ebf \u0111\u1ed9 gi\u1ea5y\/b\u00fat ch\u00ec ho\u1eb7c ch\u1ebf \u0111\u1ed9 tr\u1ef1c tuy\u1ebfn v\u00e0o c\u00e1c ng\u00e0y trong b\u1ea3ng b\u00ean d\u01b0\u1edbi. Ngo\u00e0i ACT, B\u1ed9 c\u0169ng s\u1ebd cung c\u1ea5p mi\u1ec5n ph\u00ed cho c\u00e1c tr\u01b0\u1eddng c\u00e1c b\u00e0i \u0111\u00e1nh gi\u00e1 PreACT t\u00f9y ch\u1ecdn \u0111\u1ec3 gi\u00fap h\u1ecdc sinh chu\u1ea9n b\u1ecb cho vi\u1ec7c s\u1eb5n s\u00e0ng v\u00e0o \u0111\u1ea1i h\u1ecdc v\u00e0 n\u01a1i l\u00e0m vi\u1ec7c trong b\u1ea3ng Qu\u1ea3n l\u00fd \u0110\u00e1nh gi\u00e1 S\u1eb5n s\u00e0ng v\u00e0o \u0110\u1ea1i h\u1ecdc v\u00e0 Ngh\u1ec1 nghi\u1ec7p T\u00f9y ch\u1ecdn b\u00ean d\u01b0\u1edbi.<\/p>\n\n\n\n<div class=\"wp-block-columns is-layout-flex wp-container-core-columns-is-layout-28f84493 wp-block-columns-is-layout-flex\">\n<div class=\"wp-block-column is-layout-flow wp-block-column-is-layout-flow\" style=\"flex-basis:100%\">\n<figure class=\"wp-block-table\"><table><tbody><tr><td class=\"has-text-align-center\" data-align=\"center\" rowspan=\"2\"><strong>\u0110\u00e1nh gi\u00e1<\/strong><\/td><td class=\"has-text-align-center\" data-align=\"center\" rowspan=\"2\"><strong>L\u1edbp(s)<\/strong><\/td><td class=\"has-text-align-center\" data-align=\"center\" rowspan=\"2\"><strong>C\u00e1ch th\u1ee9c<\/strong><\/td><td class=\"has-text-align-center\" data-align=\"center\" colspan=\"2\"><strong>C\u1eeda s\u1ed5 th\u1eed nghi\u1ec7m<\/strong><\/td><\/tr><tr><td class=\"has-text-align-center\" data-align=\"center\"><strong>M\u1edf<\/strong><\/td><td class=\"has-text-align-center\" data-align=\"center\"><strong>\u0110\u00f3ng<\/strong><\/td><\/tr><tr><td class=\"has-text-align-center\" data-align=\"center\" rowspan=\"3\">\u0110\u1ea1o lu\u1eadt<\/td><td class=\"has-text-align-center\" data-align=\"center\" rowspan=\"9\">11<\/td><td class=\"has-text-align-center\" data-align=\"center\" rowspan=\"3\">Gi\u1ea5y<\/td><td class=\"has-text-align-center\" data-align=\"center\">Test Window 1: 02\/24\/26<\/td><td class=\"has-text-align-center\" data-align=\"center\">02\/24\/26<\/td><\/tr><tr><td class=\"has-text-align-center\" data-align=\"center\">Test Window 2: 04\/07\/26<\/td><td class=\"has-text-align-center\" data-align=\"center\" colspan=\"3\">04\/07\/26<\/td><\/tr><tr><td class=\"has-text-align-center\" data-align=\"center\">\u200bTest Window 3: 04\/21\/26<\/td><td class=\"has-text-align-center\" data-align=\"center\" colspan=\"3\">04\/21\/26<\/td><\/tr><tr><td class=\"has-text-align-center\" data-align=\"center\" rowspan=\"3\">\u200b<a href=\"https:\/\/www.act.org\/content\/act\/en\/products-and-services\/state-and-district-solutions\/hawaii.html\" target=\"_blank\" rel=\"noreferrer noopener\">ACT Tr\u1ef1c tuy\u1ebfn<\/a><br>(bao g\u1ed3m c\u00e1c b\u00e0i ki\u1ec3m tra c\u00f3 th\u1ec3 \u0111\u01b0\u1ee3c th\u1ef1c hi\u1ec7n tr\u1ef1c tuy\u1ebfn)<\/td><td class=\"has-text-align-center\" data-align=\"center\" rowspan=\"3\">Tr\u1ef1c tuy\u1ebfn<br><\/td><td class=\"has-text-align-center\" data-align=\"center\">02\/24\/26<\/td><td class=\"has-text-align-center\" data-align=\"center\">03\/06\/26<\/td><\/tr><tr><td class=\"has-text-align-center\" data-align=\"center\">04\/07\/26<\/td><td class=\"has-text-align-center\" data-align=\"center\">04\/17\/26<\/td><\/tr><tr><td class=\"has-text-align-center\" data-align=\"center\">04\/21\/26<\/td><td class=\"has-text-align-center\" data-align=\"center\">05\/01\/26<\/td><\/tr><tr><td class=\"has-text-align-center\" data-align=\"center\" rowspan=\"3\">\u200bACT c\u00f3 \u0111i\u1ec1u ch\u1ec9nh (gi\u1ea5y)\u200b<\/td><td class=\"has-text-align-center\" data-align=\"center\" rowspan=\"3\">Gi\u1ea5y \u200b<\/td><td class=\"has-text-align-center\" data-align=\"center\">02\/24\/26<\/td><td class=\"has-text-align-center\" data-align=\"center\">03\/06\/26<\/td><\/tr><tr><td class=\"has-text-align-center\" data-align=\"center\">04\/07\/26<\/td><td class=\"has-text-align-center\" data-align=\"center\">\u200b04\/17\/26<\/td><\/tr><tr><td class=\"has-text-align-center\" data-align=\"center\">04\/21\/26<\/td><td class=\"has-text-align-center\" data-align=\"center\">\u200b05\/01\/26<\/td><\/tr><\/tbody><\/table><\/figure>\n<\/div>\n<\/div>\n\n\n\n<h3 class=\"wp-block-heading\">T\u00d9Y CH\u1eccN \u0110\u00e1nh gi\u00e1 s\u1ef1 s\u1eb5n s\u00e0ng cho ngh\u1ec1 nghi\u1ec7p v\u00e0 \u0111\u1ea1i h\u1ecdc Qu\u1ea3n l\u00fd<\/h3>\n\n\n\n<figure class=\"wp-block-table\"><table class=\"has-fixed-layout\"><tbody><tr><td class=\"has-text-align-center\" data-align=\"center\" rowspan=\"2\"><strong>\u200bAssessmen\u200b\u200bt<\/strong><\/td><td class=\"has-text-align-center\" data-align=\"center\" rowspan=\"2\"><strong>L\u1edbp(s)<\/strong><\/td><td class=\"has-text-align-center\" data-align=\"center\" rowspan=\"2\"><strong>C\u00e1ch th\u1ee9c<\/strong><\/td><td class=\"has-text-align-center\" data-align=\"center\" colspan=\"2\"><strong>C\u1eeda s\u1ed5 th\u1eed nghi\u1ec7m<\/strong><\/td><\/tr><tr><td class=\"has-text-align-center\" data-align=\"center\"><strong>M\u1edf<\/strong><\/td><td class=\"has-text-align-center\" data-align=\"center\"><strong>\u0110\u00f3ng<\/strong><\/td><\/tr><tr><td class=\"has-text-align-center\" data-align=\"center\">Tr\u01b0\u1edbc ACT<br>(kh\u00f4ng b\u1eaft bu\u1ed9c)<\/td><td class=\"has-text-align-center\" data-align=\"center\">9 v\u00e0 10<\/td><td class=\"has-text-align-center\" data-align=\"center\">Gi\u1ea5y<\/td><td class=\"has-text-align-center\" data-align=\"center\">02\/24\/26<\/td><td class=\"has-text-align-center\" data-align=\"center\">04\/17\/26<\/td><\/tr><\/tbody><\/table><\/figure>\n\n\n\n<h2 class=\"wp-block-heading\">H\u1ecdc sinh c\u00f3 nhu c\u1ea7u \u0111\u1eb7c bi\u1ec7t<\/h2>\n\n\n\n<p>H\u1ecdc sinh \u0111\u1ee7 \u0111i\u1ec1u ki\u1ec7n theo IDEA v\u00e0 M\u1ee5c 504 c\u00f3 th\u1ec3 nh\u1eadn \u0111\u01b0\u1ee3c s\u1ef1 h\u1ed7 tr\u1ee3 cho k\u1ef3 thi ACT theo quy\u1ebft \u0111\u1ecbnh c\u1ee7a nh\u00e2n vi\u00ean ph\u00f9 h\u1ee3p t\u1ea1i m\u1ed7i tr\u01b0\u1eddng. D\u01b0\u1edbi \u0111\u00e2y l\u00e0 m\u1ed9t s\u1ed1 s\u1ef1 h\u1ed7 tr\u1ee3 c\u00f3 s\u1eb5n.<\/p>\n\n\n\n<ul class=\"wp-block-list\">\n<li>S\u1ed5 ki\u1ec3m tra kh\u1ed5 l\u1edbn: S\u1ed5 ki\u1ec3m tra \u0111\u01b0\u1ee3c in b\u1eb1ng ph\u00f4ng ch\u1eef 18 \u0111i\u1ec3m.<\/li>\n\n\n\n<li>Phi\u1ebfu tr\u1ea3 l\u1eddi kh\u1ed5 l\u1edbn: Phi\u1ebfu tr\u1ea3 l\u1eddi \u0111\u01b0\u1ee3c in b\u1eb1ng ph\u00f4ng ch\u1eef 18 \u0111i\u1ec3m. Nh\u00e2n vi\u00ean ki\u1ec3m tra s\u1ebd chuy\u1ec3n c\u00e2u tr\u1ea3 l\u1eddi sang m\u1ed9t t\u00e0i li\u1ec7u tr\u1ea3 l\u1eddi kh\u1ed5 th\u01b0\u1eddng \u0111\u1ec3 qu\u00e9t v\u00e0 ch\u1ea5m \u0111i\u1ec3m.<\/li>\n\n\n\n<li>Ch\u1eef n\u1ed5i: M\u1ed9t t\u1eadp t\u00e0i li\u1ec7u ki\u1ec3m tra c\u00f3 ch\u1eef n\u1ed5i v\u00e0 \u0111\u1ed3 h\u1ecda x\u00fac gi\u00e1c.<\/li>\n\n\n\n<li>B\u1ea3n th\u1ea3o c\u1ee7a ng\u01b0\u1eddi \u0111\u1ecdc: M\u1ed9t b\u1ea3n th\u1ea3o c\u1ee7a t\u1eadp \u0111\u1ec1 thi (bao g\u1ed3m h\u01b0\u1edbng d\u1eabn cho th\u00ed sinh t\u1eeb t\u1eadp \u0111\u1ec1 thi, \u0111o\u1ea1n \u0111\u1ecdc v\u00e0 c\u00e1c c\u00e2u h\u1ecfi trong b\u00e0i thi) \u0111\u1ec3 ng\u01b0\u1eddi \u0111\u1ecdc \u0111\u1ecdc to cho m\u1ed9t th\u00ed sinh nghe.<\/li>\n\n\n\n<li>DVD \u00e2m thanh: \u00c2m thanh (kh\u00f4ng c\u00f3 h\u00ecnh \u1ea3nh) c\u1ee7a t\u1eadp \u0111\u1ec1 thi t\u01b0\u01a1ng \u0111\u01b0\u01a1ng v\u1edbi b\u00e0i \u0111\u1ecdc c\u1ee7a ng\u01b0\u1eddi \u0111\u1ecdc.<\/li>\n\n\n\n<li>Ng\u01b0\u1eddi ghi ch\u00e9p c\u00e2u tr\u1ea3 l\u1eddi c\u1ee7a h\u1ecdc sinh v\u00e0o phi\u1ebfu tr\u1ea3 l\u1eddi (ph\u1ea3i \u1edf trong m\u1ed9t ph\u00f2ng ri\u00eang).<\/li>\n\n\n\n<li>Ngh\u1ec9 gi\u1ea3i lao b\u1ed5 sung theo th\u1eddi gian chu\u1ea9n (ph\u1ea3i ki\u1ec3m tra \u1edf ph\u00f2ng ri\u00eang).<\/li>\n\n\n\n<li>C\u00e1c bu\u1ed5i ki\u1ec3m tra ri\u00eang bi\u1ec7t.<\/li>\n\n\n\n<li>Ki\u1ec3m tra trong nhi\u1ec1u ng\u00e0y.<\/li>\n\n\n\n<li>Gia h\u1ea1n th\u1eddi gian ho\u00e0n th\u00e0nh m\u1ed7i b\u00e0i ki\u1ec3m tra.<\/li>\n\n\n\n<li>Ng\u01b0\u1eddi phi\u00ean d\u1ecbch ng\u00f4n ng\u1eef k\u00fd hi\u1ec7u \u0111\u1ec3 k\u00fd hi\u1ec7u h\u01b0\u1edbng d\u1eabn, c\u00e1c m\u1ee5c ki\u1ec3m tra v\u00e0 l\u1ef1a ch\u1ecdn c\u00e2u tr\u1ea3 l\u1eddi (ph\u1ea3i s\u1eed d\u1ee5ng b\u00e0i ki\u1ec3m tra theo k\u1ecbch b\u1ea3n c\u1ee7a ng\u01b0\u1eddi \u0111\u1ecdc trong m\u1ed9t ph\u00f2ng ri\u00eang).<\/li>\n<\/ul>\n\n\n\n<h2 class=\"wp-block-heading\">H\u1ed7 tr\u1ee3 ng\u01b0\u1eddi h\u1ecdc ti\u1ebfng Anh<\/h2>\n\n\n\n<p>H\u1ed7 tr\u1ee3 cho ng\u01b0\u1eddi h\u1ecdc ti\u1ebfng Anh (EL) ch\u1ec9 d\u00e0nh cho nh\u1eefng ng\u01b0\u1eddi d\u1ef1 thi kh\u00f4ng th\u00e0nh th\u1ea1o ti\u1ebfng Anh. H\u1ed7 tr\u1ee3 EL ph\u1ea3i \u0111\u01b0\u1ee3c ACT cho ph\u00e9p. H\u1ed7 tr\u1ee3 \u0111\u01b0\u1ee3c gi\u1edbi h\u1ea1n \u1edf:<\/p>\n\n\n\n<ul class=\"wp-block-list\">\n<li>T\u1eeb \u0111i\u1ec3n song ng\u1eef.<\/li>\n\n\n\n<li>H\u01b0\u1edbng d\u1eabn l\u00e0m b\u00e0i thi vi\u1ebft \u0111\u00e3 \u0111\u01b0\u1ee3c d\u1ecbch, do ACT cung c\u1ea5p.<\/li>\n\n\n\n<li>M\u1ed9t l\u1ea7n r\u01b0\u1ee1i.<\/li>\n\n\n\n<li>Ki\u1ec3m tra nh\u00f3m nh\u1ecf.<\/li>\n<\/ul>\n\n\n\n<p>T\u00e0i li\u1ec7u v\u00e0 h\u01b0\u1edbng d\u1eabn v\u1ec1 h\u1ed7 tr\u1ee3 kh\u1ea3 n\u0103ng truy c\u1eadp cho ACT c\u00f3 s\u1eb5n tr\u00ean <a href=\"https:\/\/content.act.org\/hawaii\/search\/all?query=Accessibility+Supports+Guide+for+the+ACT&amp;content-lang=en-US\" target=\"_blank\" rel=\"noreferrer noopener\">H\u1ed7 tr\u1ee3 kh\u1ea3 n\u0103ng truy c\u1eadp<\/a> trang tr\u00ean trang web ACT Hawaii.<\/p>\n\n\n\n<p>C\u00e1c <a href=\"https:\/\/content.act.org\/hawaii\/r\/0QA2p2SHZCgJe1AIQNZz2A\/RBUsQUfL~bfOzJmN8SMpWA\" target=\"_blank\" rel=\"noreferrer noopener\">Ki\u1ec3m tra v\u1edbi H\u1ed7 tr\u1ee3 Ng\u01b0\u1eddi h\u1ecdc ti\u1ebfng Anh (EL)<\/a> trang cung c\u1ea5p th\u00f4ng tin b\u1ed5 sung v\u1ec1 c\u00e1c h\u1ed7 tr\u1ee3 d\u00e0nh cho Ng\u01b0\u1eddi h\u1ecdc ti\u1ebfng Anh.<\/p>\n\n\n\n<p><\/p>\n\n\n\n<p><\/p>\n\n\n\n<p><\/p>","protected":false},"excerpt":{"rendered":"<p>The ACT is a curriculum-based exam that provides valuable insights for all students, regardless of their post-high school plans. It helps students assess their academic strengths and areas for improvement and can be used for college admission. Whether students plan to attend college or enter the workforce, their ACT results offer a clear picture of [&hellip;]<\/p>","protected":false},"author":8,"featured_media":0,"parent":22,"menu_order":26,"comment_status":"closed","ping_status":"closed","template":"","meta":{"_relevanssi_hide_post":"","_relevanssi_hide_content":"","_relevanssi_pin_for_all":"","_relevanssi_pin_keywords":"","_relevanssi_unpin_keywords":"","_relevanssi_related_keywords":"","_relevanssi_related_include_ids":"","_relevanssi_related_exclude_ids":"","_relevanssi_related_no_append":"","_relevanssi_related_not_related":"","_relevanssi_related_posts":"10175,9729,9981,888,16234,8804","_relevanssi_noindex_reason":"","_sitemap_exclude":false,"_sitemap_priority":"","_sitemap_frequency":"","_kad_blocks_custom_css":"","_kad_blocks_head_custom_js":"","_kad_blocks_body_custom_js":"","_kad_blocks_footer_custom_js":"","wp_popup_display_lightbox":0,"wp_popup_suppress":"","wp_popup_trigger":"","wp_popup_trigger_amount":0,"wp_popup_disable_on_mobile":false,"footnotes":""},"class_list":["post-45","page","type-page","status-publish","hentry"],"pp_statuses_selecting_workflow":false,"pp_workflow_action":"current","pp_status_selection":"publish","taxonomy_info":[],"featured_image_src_large":false,"author_info":{"display_name":"Ariana Enomoto","author_link":"https:\/\/hawaiipublicschools.org\/vi\/author\/arianastaceyleong-com\/"},"comment_info":0,"publishpress_future_action":{"enabled":false,"date":"2026-04-25 15:05:22","action":"change-status","newStatus":"draft","terms":[],"taxonomy":"","extraData":[]},"publishpress_future_workflow_manual_trigger":{"enabledWorkflows":[]},"_links":{"self":[{"href":"https:\/\/hawaiipublicschools.org\/vi\/wp-json\/wp\/v2\/pages\/45","targetHints":{"allow":["GET"]}}],"collection":[{"href":"https:\/\/hawaiipublicschools.org\/vi\/wp-json\/wp\/v2\/pages"}],"about":[{"href":"https:\/\/hawaiipublicschools.org\/vi\/wp-json\/wp\/v2\/types\/page"}],"author":[{"embeddable":true,"href":"https:\/\/hawaiipublicschools.org\/vi\/wp-json\/wp\/v2\/users\/8"}],"replies":[{"embeddable":true,"href":"https:\/\/hawaiipublicschools.org\/vi\/wp-json\/wp\/v2\/comments?post=45"}],"version-history":[{"count":0,"href":"https:\/\/hawaiipublicschools.org\/vi\/wp-json\/wp\/v2\/pages\/45\/revisions"}],"up":[{"embeddable":true,"href":"https:\/\/hawaiipublicschools.org\/vi\/wp-json\/wp\/v2\/pages\/22"}],"wp:attachment":[{"href":"https:\/\/hawaiipublicschools.org\/vi\/wp-json\/wp\/v2\/media?parent=45"}],"curies":[{"name":"wp","href":"https:\/\/api.w.org\/{rel}","templated":true}]}}