{"id":4249,"date":"2024-12-18T13:09:31","date_gmt":"2024-12-18T21:09:31","guid":{"rendered":"https:\/\/hawaiipublicschools.org\/?page_id=4249"},"modified":"2025-12-02T08:17:01","modified_gmt":"2025-12-02T18:17:01","slug":"superintendent-reports","status":"publish","type":"page","link":"https:\/\/hawaiipublicschools.org\/vi\/useful-links\/superintendent-reports\/","title":{"rendered":"B\u00e1o c\u00e1o c\u1ee7a gi\u00e1m \u0111\u1ed1c"},"content":{"rendered":"<p class=\"intro\" style=\"font-size:clamp(0.875rem, 0.875rem + ((1vw - 0.2rem) * 0.531), 1.3rem);\">Gi\u00e1m \u0111\u1ed1c cung c\u1ea5p th\u00f4ng tin c\u1eadp nh\u1eadt t\u1ea1i Cu\u1ed9c h\u1ecdp Kinh doanh Chung h\u00e0ng th\u00e1ng c\u1ee7a H\u1ed9i \u0111\u1ed3ng Gi\u00e1o d\u1ee5c. Ph\u1ea7n tr\u00ecnh b\u00e0y c\u1ee7a B\u00e1o c\u00e1o c\u1ee7a Gi\u00e1m \u0111\u1ed1c \u0111\u01b0\u1ee3c quay v\u00e0 \u0111\u0103ng t\u1ea1i \u0111\u00e2y, chia s\u1ebb tr\u00ean c\u00e1c k\u00eanh truy\u1ec1n th\u00f4ng x\u00e3 h\u1ed9i c\u1ee7a HIDOE v\u00e0 g\u1eedi qua email cho nh\u1eefng ng\u01b0\u1eddi \u0111\u0103ng k\u00fd.<\/p>\n\n\n\n<script id=\"govd_widget_js_hidoe_hidoe_widget_11\" src=\"https:\/\/content.govdelivery.com\/accounts\/HIDOE\/widgets\/HIDOE_WIDGET_11.js\" type=\"text\/javascript\" alt=\"Superintendent Reports to the Board\"><\/script>\n\n\n\n<p><\/p>","protected":false},"excerpt":{"rendered":"<p>Gi\u00e1m \u0111\u1ed1c cung c\u1ea5p th\u00f4ng tin c\u1eadp nh\u1eadt t\u1ea1i Cu\u1ed9c h\u1ecdp Kinh doanh Chung h\u00e0ng th\u00e1ng c\u1ee7a H\u1ed9i \u0111\u1ed3ng Gi\u00e1o d\u1ee5c. Ph\u1ea7n tr\u00ecnh b\u00e0y c\u1ee7a B\u00e1o c\u00e1o c\u1ee7a Gi\u00e1m \u0111\u1ed1c \u0111\u01b0\u1ee3c quay v\u00e0 \u0111\u0103ng t\u1ea1i \u0111\u00e2y, chia s\u1ebb tr\u00ean c\u00e1c k\u00eanh truy\u1ec1n th\u00f4ng x\u00e3 h\u1ed9i c\u1ee7a HIDOE v\u00e0 g\u1eedi qua email cho nh\u1eefng ng\u01b0\u1eddi \u0111\u0103ng k\u00fd.<\/p>","protected":false},"author":8,"featured_media":0,"parent":1291,"menu_order":0,"comment_status":"closed","ping_status":"closed","template":"","meta":{"_relevanssi_hide_post":"","_relevanssi_hide_content":"","_relevanssi_pin_for_all":"","_relevanssi_pin_keywords":"","_relevanssi_unpin_keywords":"","_relevanssi_related_keywords":"","_relevanssi_related_include_ids":"","_relevanssi_related_exclude_ids":"","_relevanssi_related_no_append":"","_relevanssi_related_not_related":"","_relevanssi_related_posts":"888,9389,14267,10240,16922,9713","_relevanssi_noindex_reason":"","_sitemap_exclude":false,"_sitemap_priority":"","_sitemap_frequency":"","_kad_blocks_custom_css":"","_kad_blocks_head_custom_js":"","_kad_blocks_body_custom_js":"","_kad_blocks_footer_custom_js":"","wp_popup_display_lightbox":0,"wp_popup_suppress":"","wp_popup_trigger":"","wp_popup_trigger_amount":0,"wp_popup_disable_on_mobile":false,"footnotes":""},"class_list":["post-4249","page","type-page","status-publish","hentry"],"pp_statuses_selecting_workflow":false,"pp_workflow_action":"current","pp_status_selection":"publish","taxonomy_info":[],"featured_image_src_large":false,"author_info":{"display_name":"Ariana Enomoto","author_link":"https:\/\/hawaiipublicschools.org\/vi\/author\/arianastaceyleong-com\/"},"comment_info":0,"publishpress_future_action":{"enabled":false,"date":"2026-05-07 22:14:00","action":"change-status","newStatus":"draft","terms":[],"taxonomy":"","extraData":[]},"publishpress_future_workflow_manual_trigger":{"enabledWorkflows":[]},"_links":{"self":[{"href":"https:\/\/hawaiipublicschools.org\/vi\/wp-json\/wp\/v2\/pages\/4249","targetHints":{"allow":["GET"]}}],"collection":[{"href":"https:\/\/hawaiipublicschools.org\/vi\/wp-json\/wp\/v2\/pages"}],"about":[{"href":"https:\/\/hawaiipublicschools.org\/vi\/wp-json\/wp\/v2\/types\/page"}],"author":[{"embeddable":true,"href":"https:\/\/hawaiipublicschools.org\/vi\/wp-json\/wp\/v2\/users\/8"}],"replies":[{"embeddable":true,"href":"https:\/\/hawaiipublicschools.org\/vi\/wp-json\/wp\/v2\/comments?post=4249"}],"version-history":[{"count":0,"href":"https:\/\/hawaiipublicschools.org\/vi\/wp-json\/wp\/v2\/pages\/4249\/revisions"}],"up":[{"embeddable":true,"href":"https:\/\/hawaiipublicschools.org\/vi\/wp-json\/wp\/v2\/pages\/1291"}],"wp:attachment":[{"href":"https:\/\/hawaiipublicschools.org\/vi\/wp-json\/wp\/v2\/media?parent=4249"}],"curies":[{"name":"wp","href":"https:\/\/api.w.org\/{rel}","templated":true}]}}