{"id":42,"date":"2024-09-04T22:22:24","date_gmt":"2024-09-04T22:22:24","guid":{"rendered":"https:\/\/hawaiipublicschools.org\/?page_id=42"},"modified":"2025-10-06T09:27:47","modified_gmt":"2025-10-06T19:27:47","slug":"gifted-and-talented","status":"publish","type":"page","link":"https:\/\/hawaiipublicschools.org\/vi\/academics\/gifted-and-talented\/","title":{"rendered":"C\u00f3 n\u0103ng khi\u1ebfu v\u00e0 t\u00e0i n\u0103ng"},"content":{"rendered":"<p class=\"intro\" style=\"font-size:clamp(0.875rem, 0.875rem + ((1vw - 0.2rem) * 0.531), 1.3rem);\">Khoa cam k\u1ebft cung c\u1ea5p s\u1ef1 l\u00e3nh \u0111\u1ea1o v\u00e0 h\u01b0\u1edbng d\u1eabn \u0111\u1ec3 \u0111\u1ea3m b\u1ea3o r\u1eb1ng t\u1ea5t c\u1ea3 c\u00e1c tr\u01b0\u1eddng \u0111\u1ec1u cung c\u1ea5p n\u1ec1n gi\u00e1o d\u1ee5c \u0111\u1ea7y th\u1eed th\u00e1ch cho h\u1ecdc sinh c\u00f3 n\u0103ng khi\u1ebfu v\u00e0 t\u00e0i n\u0103ng. Nh\u1eefng h\u1ecdc sinh n\u00e0y xu\u1ea5t s\u1eafc trong c\u00e1c l\u0129nh v\u1ef1c nh\u01b0 tr\u00ed tu\u1ec7, s\u00e1ng t\u1ea1o, ngh\u1ec7 thu\u1eadt, l\u00e3nh \u0111\u1ea1o v\u00e0 c\u00e1c m\u00f4n h\u1ecdc c\u1ee5 th\u1ec3.<\/p>\n\n\n\n<div class=\"wp-block-columns double_col_sidebar is-layout-flex wp-container-core-columns-is-layout-28f84493 wp-block-columns-is-layout-flex\">\n<div class=\"wp-block-column left_col is-layout-flow wp-block-column-is-layout-flow\">\n<p>Theo \u0111\u00fang v\u1edbi <a href=\"http:\/\/boe.hawaii.gov\/policies\/Board%20Policies\/Gifted%20and%20Talented.pdf\" target=\"_blank\" rel=\"noreferrer noopener\">Ch\u00ednh s\u00e1ch c\u1ee7a H\u1ed9i \u0111\u1ed3ng Gi\u00e1o d\u1ee5c 105-5 (PDF)<\/a>, c\u00e1c m\u1ee5c ti\u00eau h\u1ed7 tr\u1ee3 h\u1ecdc sinh c\u00f3 n\u0103ng khi\u1ebfu v\u00e0 t\u00e0i n\u0103ng bao g\u1ed3m:<\/p>\n\n\n\n<ol class=\"wp-block-list\">\n<li><strong>Thi\u1ebft l\u1eadp c\u00e1c ti\u00eau chu\u1ea9n ch\u01b0\u01a1ng tr\u00ecnh gi\u1ea3ng d\u1ea1y cao<\/strong> ph\u00f9 h\u1ee3p v\u1edbi nhu c\u1ea7u tr\u00ed tu\u1ec7 v\u00e0 x\u00e3 h\u1ed9i c\u1ee7a ng\u01b0\u1eddi h\u1ecdc c\u00f3 n\u0103ng khi\u1ebfu.<\/li>\n\n\n\n<li><strong>\u0110\u1ea3m b\u1ea3o t\u1ea5t c\u1ea3 c\u00e1c tr\u01b0\u1eddng h\u1ecdc<\/strong> cung c\u1ea5p c\u00e1c c\u01a1 h\u1ed9i h\u1ecdc t\u1eadp nu\u00f4i d\u01b0\u1ee1ng nh\u1eefng h\u1ecdc sinh c\u00f3 t\u00e0i n\u0103ng v\u00e0 kh\u1ea3 n\u0103ng \u0111\u1eb7c bi\u1ec7t.<\/li>\n\n\n\n<li><strong>Cung c\u1ea5p h\u01b0\u1edbng d\u1eabn chuy\u00ean m\u00f4n<\/strong> v\u00e0 c\u00e1c d\u1ecbch v\u1ee5 th\u1eed th\u00e1ch v\u00e0 thu h\u00fat h\u1ecdc sinh c\u00f3 n\u0103ng khi\u1ebfu \u1edf c\u00e1c c\u1ea5p \u0111\u1ed9 ph\u00f9 h\u1ee3p v\u1edbi kh\u1ea3 n\u0103ng c\u1ee7a c\u00e1c em.<\/li>\n\n\n\n<li><strong>Cung c\u1ea5p s\u1ef1 ph\u00e1t tri\u1ec3n chuy\u00ean nghi\u1ec7p li\u00ean t\u1ee5c<\/strong> v\u00e0 \u0111\u00e0o t\u1ea1o gi\u00e1o vi\u00ean \u0111\u1ec3 h\u1ed7 tr\u1ee3 t\u1ed1t h\u01a1n cho nh\u1eefng h\u1ecdc sinh n\u00e0y.<\/li>\n\n\n\n<li><strong>Khuy\u1ebfn kh\u00edch s\u1ef1 tham gia t\u00edch c\u1ef1c c\u1ee7a ph\u1ee5 huynh<\/strong> \u0111\u1ec3 x\u00e2y d\u1ef1ng m\u1ed9t c\u1ed9ng \u0111\u1ed3ng h\u1ecdc t\u1eadp h\u1ed7 tr\u1ee3.<\/li>\n\n\n\n<li><strong>Thi\u1ebft l\u1eadp m\u1ed9t h\u1ec7 th\u1ed1ng to\u00e0n ti\u1ec3u bang<\/strong> \u0111\u1ec3 x\u00e1c \u0111\u1ecbnh h\u1ecdc sinh c\u00f3 n\u0103ng khi\u1ebfu, th\u00f4ng b\u00e1o cho ph\u1ee5 huynh v\u00e0 \u0111\u00e1nh gi\u00e1 hi\u1ec7u qu\u1ea3 c\u1ee7a ch\u01b0\u01a1ng tr\u00ecnh.<\/li>\n<\/ol>\n\n\n\n<h2 class=\"wp-block-heading\">Ch\u01b0\u01a1ng tr\u00ecnh b\u1ed5 sung<\/h2>\n\n\n\n<h3 class=\"wp-block-heading\">Trung t\u00e2m Thanh thi\u1ebfu ni\u00ean T\u00e0i n\u0103ng (CTY)<\/h3>\n\n\n\n<p>T\u1ea1i <a href=\"http:\/\/cty.jhu.edu\/\" target=\"_blank\" rel=\"noreferrer noopener\">Trung t\u00e2m Johns Hopkins d\u00e0nh cho thanh thi\u1ebfu ni\u00ean t\u00e0i n\u0103ng<\/a>H\u1ecdc sinh c\u00f3 n\u0103ng khi\u1ebfu v\u00e0 t\u00e0i n\u0103ng s\u1ebd kh\u00e1m ph\u00e1 \u0111\u01b0\u1ee3c kh\u1ea3 n\u0103ng t\u1ecfa s\u00e1ng c\u1ee7a m\u00ecnh th\u00f4ng qua c\u00e1c ch\u01b0\u01a1ng tr\u00ecnh h\u00e8 h\u1ecdc thu\u1eadt n\u00e2ng cao, c\u00e1c kh\u00f3a h\u1ecdc tr\u1ef1c tuy\u1ebfn, gi\u1ea3i th\u01b0\u1edfng v\u00e0 nhi\u1ec1u h\u01a1n th\u1ebf n\u1eefa.&nbsp;<\/p>\n\n\n\n<h3 class=\"wp-block-heading\">H\u1ecdc gi\u1ea3 tr\u1ebb Davidson<\/h3>\n\n\n\n<p>C\u00e1c <a href=\"http:\/\/www.davidsongifted.org\/youngscholars\/\" target=\"_blank\" rel=\"noreferrer noopener\">H\u1ecdc gi\u1ea3 tr\u1ebb Davidson<\/a> ch\u01b0\u01a1ng tr\u00ecnh cung c\u1ea5p c\u00e1c d\u1ecbch v\u1ee5 mi\u1ec5n ph\u00ed \u0111\u01b0\u1ee3c thi\u1ebft k\u1ebf \u0111\u1ec3 nu\u00f4i d\u01b0\u1ee1ng s\u1ef1 ph\u00e1t tri\u1ec3n v\u1ec1 tr\u00ed tu\u1ec7, x\u00e3 h\u1ed9i, c\u1ea3m x\u00fac v\u00e0 h\u1ecdc thu\u1eadt c\u1ee7a nh\u1eefng ng\u01b0\u1eddi tr\u1ebb tu\u1ed5i th\u00f4ng minh s\u00e2u s\u1eafc trong \u0111\u1ed9 tu\u1ed5i t\u1eeb 5 \u0111\u1ebfn 18 (h\u1ecdc sinh ph\u1ea3i t\u1eeb 5 \u0111\u1ebfn 16 tu\u1ed5i khi n\u1ed9p \u0111\u01a1n). C\u00f3 th\u1eddi h\u1ea1n n\u1ed9p \u0111\u01a1n li\u00ean t\u1ee5c trong su\u1ed1t c\u1ea3 n\u0103m.&nbsp;<\/p>\n\n\n\n<h3 class=\"wp-block-heading\">Nh\u1eefng ng\u01b0\u1eddi tr\u1ebb tu\u1ed5i<\/h3>\n\n\n\n<p>C\u00e1c th\u00e0nh vi\u00ean c\u1ee7a <a href=\"http:\/\/www.us.mensa.org\/\" target=\"_blank\" rel=\"noreferrer noopener\">Mensa M\u1ef9<\/a> c\u00f3 \u0111\u1ed9 tu\u1ed5i t\u1eeb 2 \u0111\u1ebfn 102. H\u1ecd bao g\u1ed3m c\u00e1c k\u1ef9 s\u01b0, ng\u01b0\u1eddi n\u1ed9i tr\u1ee3, gi\u00e1o vi\u00ean, di\u1ec5n vi\u00ean, v\u1eadn \u0111\u1ed9ng vi\u00ean, sinh vi\u00ean v\u00e0 gi\u00e1m \u0111\u1ed1c \u0111i\u1ec1u h\u00e0nh, v\u00e0 h\u1ecd c\u00f3 chung m\u1ed9t \u0111\u1eb7c \u0111i\u1ec3m\u2014tr\u00ed th\u00f4ng minh cao. \u0110\u1ec3 \u0111\u1ee7 \u0111i\u1ec1u ki\u1ec7n tham gia Mensa, h\u1ecd \u0111\u1ea1t \u0111i\u1ec3m trong top 2% c\u1ee7a d\u00e2n s\u1ed1 n\u00f3i chung trong m\u1ed9t b\u00e0i ki\u1ec3m tra tr\u00ed th\u00f4ng minh chu\u1ea9n \u0111\u01b0\u1ee3c ch\u1ea5p nh\u1eadn. Mensa c\u00f3 \u0111\u1ed9i ng\u0169 nh\u00e2n vi\u00ean to\u00e0n th\u1eddi gian h\u1ed7 tr\u1ee3 <a href=\"http:\/\/www.us.mensa.org\/learn\/gifted-youth\/\" target=\"_blank\" rel=\"noreferrer noopener\">Nh\u1eefng ng\u01b0\u1eddi tr\u1ebb tu\u1ed5i<\/a> v\u00e0 gia \u0111\u00ecnh c\u1ee7a h\u1ecd.<\/p>\n\n\n\n<p>\u200b<\/p>\n<\/div>\n\n\n\n<div class=\"wp-block-column right_col is-layout-flow wp-block-column-is-layout-flow\"><div class=\"kb-row-layout-wrap kb-row-layout-id1050_d76aa3-f2 alignnone wp-block-kadence-rowlayout\"><div class=\"kt-row-column-wrap kt-has-2-columns kt-row-layout-row kt-tab-layout-row kt-mobile-layout-row kt-row-valign-top\">\n\n<div class=\"wp-block-kadence-column kadence-column1050_63c690-aa\"><div class=\"kt-inside-inner-col\">\n<figure class=\"wp-block-image size-full no_margin\"><img loading=\"lazy\" decoding=\"async\" width=\"1200\" height=\"898\" src=\"https:\/\/hawaiipublicschools.org\/wp-content\/uploads\/2024\/12\/Kalo.jpg\" alt=\"Close up photo of kalo leaves\" class=\"wp-image-2356\" style=\"aspect-ratio:4\/3;object-fit:cover\" srcset=\"https:\/\/hawaiipublicschools.org\/wp-content\/uploads\/2024\/12\/Kalo.jpg 1200w, https:\/\/hawaiipublicschools.org\/wp-content\/uploads\/2024\/12\/Kalo-300x225.jpg 300w, https:\/\/hawaiipublicschools.org\/wp-content\/uploads\/2024\/12\/Kalo-1024x766.jpg 1024w, https:\/\/hawaiipublicschools.org\/wp-content\/uploads\/2024\/12\/Kalo-768x575.jpg 768w, https:\/\/hawaiipublicschools.org\/wp-content\/uploads\/2024\/12\/Kalo-16x12.jpg 16w\" sizes=\"auto, (max-width: 1200px) 100vw, 1200px\" \/><\/figure>\n<\/div><\/div>\n\n\n\n<div class=\"wp-block-kadence-column kadence-column1050_6ae211-6a\"><div class=\"kt-inside-inner-col\">\n<h5 class=\"wp-block-heading has-base-color has-text-color has-link-color wp-elements-91735848e86ea283e0928ede427b944c\" style=\"margin-top:0px;padding-top:0;padding-bottom:0.5rem;font-size:1.4vw\">\u0110\u1ec2 BI\u1ebeT TH\u00caM TH\u00d4NG TIN<\/h5>\n\n\n\n<p class=\"has-base-color has-text-color has-link-color wp-elements-73de11a7dc8419c68045457638ce71c1\"><strong>Office of Curriculum and Instructional Design, Academic Advancement Team<\/strong><br>Phone: 808-784-6455<br><a href=\"mailto:anna.viggiano@k12.hi.us\" target=\"_blank\" rel=\"noreferrer noopener\">E-mail<\/a><\/p>\n<\/div><\/div>\n\n<\/div><\/div><\/div>\n<\/div>","protected":false},"excerpt":{"rendered":"<p>The Department is committed to providing leadership and guidance to ensure that all schools offer a challenging education for gifted and talented students. These students excel in areas such as intellect, creativity, artistry, leadership and specific academic subjects. In accordance with Board of Education Policy 105-5 (PDF), the goals for supporting gifted and talented students [&hellip;]<\/p>","protected":false},"author":8,"featured_media":0,"parent":22,"menu_order":23,"comment_status":"closed","ping_status":"closed","template":"","meta":{"_relevanssi_hide_post":"","_relevanssi_hide_content":"","_relevanssi_pin_for_all":"","_relevanssi_pin_keywords":"","_relevanssi_unpin_keywords":"","_relevanssi_related_keywords":"","_relevanssi_related_include_ids":"","_relevanssi_related_exclude_ids":"","_relevanssi_related_no_append":"","_relevanssi_related_not_related":"","_relevanssi_related_posts":"","_relevanssi_noindex_reason":"","_sitemap_exclude":false,"_sitemap_priority":"","_sitemap_frequency":"","_kad_blocks_custom_css":"","_kad_blocks_head_custom_js":"","_kad_blocks_body_custom_js":"","_kad_blocks_footer_custom_js":"","wp_popup_display_lightbox":0,"wp_popup_suppress":"","wp_popup_trigger":"","wp_popup_trigger_amount":0,"wp_popup_disable_on_mobile":false,"footnotes":""},"class_list":["post-42","page","type-page","status-publish","hentry"],"pp_statuses_selecting_workflow":false,"pp_workflow_action":"current","pp_status_selection":"publish","taxonomy_info":[],"featured_image_src_large":false,"author_info":{"display_name":"Ariana Enomoto","author_link":"https:\/\/hawaiipublicschools.org\/vi\/author\/arianastaceyleong-com\/"},"comment_info":0,"publishpress_future_action":{"enabled":false,"date":"2026-04-26 19:35:38","action":"change-status","newStatus":"draft","terms":[],"taxonomy":"","extraData":[]},"publishpress_future_workflow_manual_trigger":{"enabledWorkflows":[]},"_links":{"self":[{"href":"https:\/\/hawaiipublicschools.org\/vi\/wp-json\/wp\/v2\/pages\/42","targetHints":{"allow":["GET"]}}],"collection":[{"href":"https:\/\/hawaiipublicschools.org\/vi\/wp-json\/wp\/v2\/pages"}],"about":[{"href":"https:\/\/hawaiipublicschools.org\/vi\/wp-json\/wp\/v2\/types\/page"}],"author":[{"embeddable":true,"href":"https:\/\/hawaiipublicschools.org\/vi\/wp-json\/wp\/v2\/users\/8"}],"replies":[{"embeddable":true,"href":"https:\/\/hawaiipublicschools.org\/vi\/wp-json\/wp\/v2\/comments?post=42"}],"version-history":[{"count":0,"href":"https:\/\/hawaiipublicschools.org\/vi\/wp-json\/wp\/v2\/pages\/42\/revisions"}],"up":[{"embeddable":true,"href":"https:\/\/hawaiipublicschools.org\/vi\/wp-json\/wp\/v2\/pages\/22"}],"wp:attachment":[{"href":"https:\/\/hawaiipublicschools.org\/vi\/wp-json\/wp\/v2\/media?parent=42"}],"curies":[{"name":"wp","href":"https:\/\/api.w.org\/{rel}","templated":true}]}}