{"id":41,"date":"2024-09-04T22:21:51","date_gmt":"2024-09-04T22:21:51","guid":{"rendered":"https:\/\/hawaiipublicschools.org\/?page_id=41"},"modified":"2025-02-25T12:10:24","modified_gmt":"2025-02-25T22:10:24","slug":"general-learner-outcomes-glos","status":"publish","type":"page","link":"https:\/\/hawaiipublicschools.org\/vi\/academics\/general-learner-outcomes-glos\/","title":{"rendered":"K\u1ebft qu\u1ea3 chung c\u1ee7a ng\u01b0\u1eddi h\u1ecdc (GLO)"},"content":{"rendered":"<p class=\"intro\">K\u1ebft qu\u1ea3 chung c\u1ee7a ng\u01b0\u1eddi h\u1ecdc (GLO) l\u00e0 n\u1ec1n t\u1ea3ng c\u1ee7a vi\u1ec7c h\u1ecdc t\u1eadp theo ti\u00eau chu\u1ea9n cho t\u1ea5t c\u1ea3 h\u1ecdc sinh, \u1edf m\u1ecdi c\u1ea5p l\u1edbp. Nh\u1eefng k\u1ebft qu\u1ea3 n\u00e0y h\u01b0\u1edbng d\u1eabn c\u00e1c nh\u00e0 gi\u00e1o d\u1ee5c v\u01b0\u1ee3t ra ngo\u00e0i th\u00e0nh c\u00f4ng h\u1ecdc t\u1eadp, h\u01b0\u1edbng \u0111\u1ebfn vi\u1ec7c b\u1ed3i d\u01b0\u1ee1ng nh\u1eefng ng\u01b0\u1eddi h\u1ecdc to\u00e0n di\u1ec7n, t\u00edch c\u1ef1c v\u00e0 su\u1ed1t \u0111\u1eddi. Gi\u00e1o vi\u00ean s\u1eed d\u1ee5ng c\u00e1c ti\u00eau ch\u00ed \u0111\u00e1nh gi\u00e1 ph\u00f9 h\u1ee3p v\u1edbi GLO \u0111\u1ec3 \u0111\u00e1nh gi\u00e1 h\u1ecdc sinh m\u1ed9t c\u00e1ch to\u00e0n di\u1ec7n, gi\u00fap c\u00e1c em ph\u00e1t tri\u1ec3n c\u00e1c k\u1ef9 n\u0103ng thi\u1ebft y\u1ebfu \u0111\u1ec3 th\u00e0nh c\u00f4ng trong tr\u01b0\u1eddng h\u1ecdc v\u00e0 sau n\u00e0y.<\/p>\n\n\n\n<p>\u0110\u1eb7c \u0111i\u1ec3m c\u1ee7a ng\u01b0\u1eddi h\u1ecdc<\/p>\n\n\n\n<ul class=\"wp-block-list\">\n<li><strong>Ng\u01b0\u1eddi h\u1ecdc t\u1ef1 \u0111\u1ecbnh h\u01b0\u1edbng:<\/strong> Kh\u1ea3 n\u0103ng ch\u1ecbu tr\u00e1ch nhi\u1ec7m cho vi\u1ec7c h\u1ecdc c\u1ee7a ch\u00ednh m\u00ecnh.<\/li>\n\n\n\n<li><strong>Ng\u01b0\u1eddi \u0111\u00f3ng g\u00f3p cho c\u1ed9ng \u0111\u1ed3ng: <\/strong>S\u1ef1 hi\u1ec3u bi\u1ebft r\u1eb1ng con ng\u01b0\u1eddi c\u1ea7n ph\u1ea3i c\u00f9ng nhau l\u00e0m vi\u1ec7c.<\/li>\n\n\n\n<li><strong>Ng\u01b0\u1eddi suy ngh\u0129 ph\u1ee9c t\u1ea1p:<\/strong> Kh\u1ea3 n\u0103ng th\u1ec3 hi\u1ec7n t\u01b0 duy ph\u1ea3n bi\u1ec7n v\u00e0 gi\u1ea3i quy\u1ebft v\u1ea5n \u0111\u1ec1.<\/li>\n\n\n\n<li><strong>Nh\u00e0 s\u1ea3n xu\u1ea5t ch\u1ea5t l\u01b0\u1ee3ng:<\/strong> Kh\u1ea3 n\u0103ng nh\u1eadn bi\u1ebft v\u00e0 t\u1ea1o ra hi\u1ec7u su\u1ea5t v\u00e0 s\u1ea3n ph\u1ea9m ch\u1ea5t l\u01b0\u1ee3ng.<\/li>\n\n\n\n<li><strong>Ng\u01b0\u1eddi giao ti\u1ebfp hi\u1ec7u qu\u1ea3:<\/strong> Kh\u1ea3 n\u0103ng giao ti\u1ebfp hi\u1ec7u qu\u1ea3.<\/li>\n\n\n\n<li><strong>Ng\u01b0\u1eddi s\u1eed d\u1ee5ng c\u00f4ng ngh\u1ec7 hi\u1ec7u qu\u1ea3 v\u00e0 c\u00f3 \u0111\u1ea1o \u0111\u1ee9c:<\/strong> Kh\u1ea3 n\u0103ng s\u1eed d\u1ee5ng nhi\u1ec1u lo\u1ea1i c\u00f4ng ngh\u1ec7 m\u1ed9t c\u00e1ch hi\u1ec7u qu\u1ea3 v\u00e0 c\u00f3 \u0111\u1ea1o \u0111\u1ee9c.&nbsp;<\/li>\n<\/ul>\n\n\n\n<p><\/p>","protected":false},"excerpt":{"rendered":"<p>The General Learner Outcomes (GLOs) are the foundation of standards-based learning for all students, across all grade levels. These outcomes guide educators beyond just academic success, aiming to cultivate well-rounded, engaged and lifelong learners. Teachers use GLO-aligned rubrics to assess students holistically, helping them grow in skills that are essential for success in school and [&hellip;]<\/p>","protected":false},"author":8,"featured_media":0,"parent":22,"menu_order":20,"comment_status":"closed","ping_status":"closed","template":"","meta":{"_relevanssi_hide_post":"","_relevanssi_hide_content":"","_relevanssi_pin_for_all":"","_relevanssi_pin_keywords":"","_relevanssi_unpin_keywords":"","_relevanssi_related_keywords":"","_relevanssi_related_include_ids":"","_relevanssi_related_exclude_ids":"","_relevanssi_related_no_append":"","_relevanssi_related_not_related":"","_relevanssi_related_posts":"","_relevanssi_noindex_reason":"","_sitemap_exclude":false,"_sitemap_priority":"","_sitemap_frequency":"","_kad_blocks_custom_css":"","_kad_blocks_head_custom_js":"","_kad_blocks_body_custom_js":"","_kad_blocks_footer_custom_js":"","wp_popup_display_lightbox":0,"wp_popup_suppress":"","wp_popup_trigger":"","wp_popup_trigger_amount":0,"wp_popup_disable_on_mobile":false,"footnotes":""},"class_list":["post-41","page","type-page","status-publish","hentry"],"pp_statuses_selecting_workflow":false,"pp_workflow_action":"current","pp_status_selection":"publish","taxonomy_info":[],"featured_image_src_large":false,"author_info":{"display_name":"Ariana Enomoto","author_link":"https:\/\/hawaiipublicschools.org\/vi\/author\/arianastaceyleong-com\/"},"comment_info":0,"publishpress_future_action":{"enabled":false,"date":"2026-05-12 16:12:48","action":"change-status","newStatus":"draft","terms":[],"taxonomy":"","extraData":[]},"publishpress_future_workflow_manual_trigger":{"enabledWorkflows":[]},"_links":{"self":[{"href":"https:\/\/hawaiipublicschools.org\/vi\/wp-json\/wp\/v2\/pages\/41","targetHints":{"allow":["GET"]}}],"collection":[{"href":"https:\/\/hawaiipublicschools.org\/vi\/wp-json\/wp\/v2\/pages"}],"about":[{"href":"https:\/\/hawaiipublicschools.org\/vi\/wp-json\/wp\/v2\/types\/page"}],"author":[{"embeddable":true,"href":"https:\/\/hawaiipublicschools.org\/vi\/wp-json\/wp\/v2\/users\/8"}],"replies":[{"embeddable":true,"href":"https:\/\/hawaiipublicschools.org\/vi\/wp-json\/wp\/v2\/comments?post=41"}],"version-history":[{"count":0,"href":"https:\/\/hawaiipublicschools.org\/vi\/wp-json\/wp\/v2\/pages\/41\/revisions"}],"up":[{"embeddable":true,"href":"https:\/\/hawaiipublicschools.org\/vi\/wp-json\/wp\/v2\/pages\/22"}],"wp:attachment":[{"href":"https:\/\/hawaiipublicschools.org\/vi\/wp-json\/wp\/v2\/media?parent=41"}],"curies":[{"name":"wp","href":"https:\/\/api.w.org\/{rel}","templated":true}]}}