{"id":4067,"date":"2024-12-17T15:59:53","date_gmt":"2024-12-17T23:59:53","guid":{"rendered":"https:\/\/hawaiipublicschools.org\/?page_id=4067"},"modified":"2025-03-11T10:30:07","modified_gmt":"2025-03-11T20:30:07","slug":"working-as-a-substitute-teacher","status":"publish","type":"page","link":"https:\/\/hawaiipublicschools.org\/vi\/jobs\/working-as-a-substitute-teacher\/","title":{"rendered":"L\u00e0m vi\u1ec7c nh\u01b0 m\u1ed9t gi\u00e1o vi\u00ean thay th\u1ebf"},"content":{"rendered":"<p class=\"intro\" style=\"font-size:clamp(0.875rem, 0.875rem + ((1vw - 0.2rem) * 0.531), 1.3rem);\">Gi\u00e1o vi\u00ean thay th\u1ebf \u0111\u00f3ng vai tr\u00f2 quan tr\u1ecdng trong c\u00e1c tr\u01b0\u1eddng c\u00f4ng l\u1eadp c\u1ee7a Hawai&#039;i, \u0111\u1ea3m b\u1ea3o h\u1ecdc sinh ti\u1ebfp t\u1ee5c h\u1ecdc khi gi\u00e1o vi\u00ean ch\u00ednh th\u1ee9c c\u1ee7a h\u1ecd v\u1eafng m\u1eb7t. Cho d\u00f9 b\u1ea1n d\u1ea1y thay m\u1ed9t ng\u00e0y hay \u0111\u1ea3m nh\u1eadn c\u00e1c b\u00e0i t\u1eadp d\u00e0i h\u01a1n, vi\u1ec7c d\u1ea1y thay th\u1ebf l\u00e0 m\u1ed9t c\u00e1ch b\u1ed5 \u00edch \u0111\u1ec3 t\u1ea1o ra s\u1ef1 kh\u00e1c bi\u1ec7t trong cu\u1ed9c s\u1ed1ng c\u1ee7a h\u1ecdc sinh trong khi v\u1eabn duy tr\u00ec l\u1ecbch tr\u00ecnh linh ho\u1ea1t.<\/p>\n\n\n\n<div class=\"wp-block-columns double_col_sidebar is-layout-flex wp-container-core-columns-is-layout-28f84493 wp-block-columns-is-layout-flex\">\n<div class=\"wp-block-column left_col is-layout-flow wp-block-column-is-layout-flow\">\n<h2 class=\"wp-block-heading\">TI\u1ec0N L\u01af\u01a0NG &amp; PH\u00daC L\u1ee2I<\/h2>\n\n\n\n<h3 class=\"wp-block-heading\">T\u1ef7 gi\u00e1 h\u00e0ng ng\u00e0y<\/h3>\n\n\n\n<p>Gi\u00e1o vi\u00ean thay th\u1ebf \u0111\u01b0\u1ee3c tr\u1ea3 l\u01b0\u01a1ng theo ng\u00e0y d\u1ef1a tr\u00ean ba l\u1edbp h\u1ecdc kh\u00e1c nhau (xem bi\u1ec3u \u0111\u1ed3 b\u00ean d\u01b0\u1edbi). Gi\u00e1o vi\u00ean thay th\u1ebf kh\u00f4ng \u0111\u1ee7 \u0111i\u1ec1u ki\u1ec7n \u0111\u1ec3 tham gia H\u1ec7 th\u1ed1ng h\u01b0u tr\u00ed c\u1ee7a nh\u00e2n vi\u00ean. Gi\u00e1o vi\u00ean thay th\u1ebf c\u00f3 th\u1ec3 tham gia K\u1ebf ho\u1ea1ch h\u01b0u tr\u00ed M\u1ee5c 403(b) c\u1ee7a B\u1ed9 lu\u1eadt IRS c\u1ee7a S\u1edf Thu\u1ebf v\u1ee5 N\u1ed9i \u0111\u1ecba, c\u00f2n \u0111\u01b0\u1ee3c g\u1ecdi l\u00e0 <mark style=\"background-color:rgba(0, 0, 0, 0);color:#e31515\" class=\"has-inline-color\"><a href=\"https:\/\/hawaiipublicschools.org\/vi\/jobs\/employee-benefits-and-salary\/\" data-type=\"page\" data-id=\"124\">K\u1ebf ho\u1ea1ch Tr\u1ee3 c\u1ea5p Tr\u1ecdn \u0111\u1eddi \u0111\u01b0\u1ee3c B\u1ea3o v\u1ec7 Thu\u1ebf (TSA)<\/a><\/mark>. Ti\u1ec1n l\u01b0\u01a1ng ph\u1ea3i ch\u1ecbu thu\u1ebf An sinh x\u00e3 h\u1ed9i v\u00e0 Medicare.<\/p>\n\n\n\n<p><em>C\u00f3 hi\u1ec7u l\u1ef1c t\u1eeb ng\u00e0y 1 th\u00e1ng 7 n\u0103m 2024<\/em><\/p>\n\n\n\n<h4 class=\"wp-block-heading\">L\u1edbp III<\/h4>\n\n\n\n<p>Gi\u00e1o vi\u00ean thay th\u1ebf \u0111\u00e1p \u1ee9ng m\u1ed9t ho\u1eb7c t\u1ea5t c\u1ea3 c\u00e1c \u0111i\u1ec1u ki\u1ec7n sau:<\/p>\n\n\n\n<ul class=\"wp-block-list\">\n<li>M\u1ed9t gi\u00e1o vi\u00ean \u0111\u01b0\u1ee3c c\u1ea5p ph\u00e9p \u1edf Hawai\u02bbi.<\/li>\n\n\n\n<li>Gi\u00e1o vi\u00ean (bao g\u1ed3m c\u1ea3 gi\u00e1o vi\u00ean HIDOE hi\u1ec7n t\u1ea1i\/\u0111\u00e3 ngh\u1ec9 h\u01b0u) \u0111\u00e3 ho\u00e0n th\u00e0nh Ch\u01b0\u01a1ng tr\u00ecnh \u0111\u00e0o t\u1ea1o gi\u00e1o vi\u00ean \u0111\u01b0\u1ee3c Nh\u00e0 n\u01b0\u1edbc c\u00f4ng nh\u1eadn (SATEP).<\/li>\n<\/ul>\n\n\n\n<p><strong>Gi\u00e1 h\u1eb1ng ng\u00e0y:<\/strong> $194.01<\/p>\n\n\n\n<div class=\"wp-block-kadence-spacer aligncenter kt-block-spacer-4067_f3739c-7e\"><div class=\"kt-block-spacer kt-block-spacer-halign-center\"><hr class=\"kt-divider\"\/><\/div><\/div>\n\n\n\n<h4 class=\"wp-block-heading\">L\u1edbp II<\/h4>\n\n\n\n<p>Gi\u00e1o vi\u00ean thay th\u1ebf c\u00f3 b\u1eb1ng c\u1eed nh\u00e2n t\u1eeb m\u1ed9t tr\u01b0\u1eddng cao \u0111\u1eb3ng\/\u0111\u1ea1i h\u1ecdc \u0111\u01b0\u1ee3c c\u00f4ng nh\u1eadn ho\u1eb7c t\u01b0\u01a1ng \u0111\u01b0\u01a1ng.<\/p>\n\n\n\n<p><strong>Gi\u00e1 h\u1eb1ng ng\u00e0y:<\/strong> $179.50<\/p>\n\n\n\n<div class=\"wp-block-kadence-spacer aligncenter kt-block-spacer-4067_539609-56\"><div class=\"kt-block-spacer kt-block-spacer-halign-center\"><hr class=\"kt-divider\"\/><\/div><\/div>\n\n\n\n<h4 class=\"wp-block-heading\">L\u1edbp I<\/h4>\n\n\n\n<p>Gi\u00e1o vi\u00ean thay th\u1ebf kh\u00f4ng c\u00f3 b\u1eb1ng c\u1eed nh\u00e2n nh\u01b0ng \u0111\u00e1p \u1ee9ng c\u00e1c y\u00eau c\u1ea7u tuy\u1ec3n d\u1ee5ng c\u1ee5 th\u1ec3 do B\u1ed9 \u0111\u1eb7t ra.<\/p>\n\n\n\n<p><strong>Gi\u00e1 h\u1eb1ng ng\u00e0y:<\/strong> $164.97<\/p>\n\n\n\n<h2 class=\"wp-block-heading\">Ph\u00e1t tri\u1ec3n chuy\u00ean m\u00f4n<\/h2>\n\n\n\n<h3 class=\"wp-block-heading\">T\u00e1i ch\u1ee9ng nh\u1eadn<\/h3>\n\n\n\n<p>Gi\u00e1o vi\u00ean thay th\u1ebf \u0111\u00e3 ho\u00e0n th\u00e0nh ch\u01b0\u01a1ng tr\u00ecnh c\u1ea5p ch\u1ee9ng ch\u1ec9 gi\u00e1o vi\u00ean thay th\u1ebf v\u00e0 ch\u1ee9ng ch\u1ec9 \u0111\u00e3 h\u1ebft h\u1ea1n ho\u1eb7c s\u1eafp h\u1ebft h\u1ea1n c\u00f3 th\u1ec3 c\u1ea5p l\u1ea1i ch\u1ee9ng ch\u1ec9 b\u1eb1ng m\u1ed9t trong c\u00e1c l\u1ef1a ch\u1ecdn sau:<\/p>\n\n\n\n<ol class=\"wp-block-list\">\n<li><a href=\"https:\/\/hawaiipublicschools.org\/vi\/academics\/adult-ed\/\" data-type=\"page\" data-id=\"34\">Tr\u01b0\u1eddng c\u1ed9ng \u0111\u1ed3ng d\u00e0nh cho ng\u01b0\u1eddi l\u1edbn (CSA) c\u1ee7a B\u1ed9<\/a><\/li>\n\n\n\n<li><a href=\"https:\/\/stedi.org\/HI\/\" target=\"_blank\" rel=\"noreferrer noopener\">STEDI Qu\u1ea3n l\u00fd l\u1edbp h\u1ecdc n\u00e2ng cao, Chi\u1ebfn l\u01b0\u1ee3c gi\u1ea3ng d\u1ea1y, Kh\u00f3a h\u1ecdc tr\u1ef1c tuy\u1ebfn v\u1ec1 gi\u00e1o d\u1ee5c \u0111\u1eb7c bi\u1ec7t<\/a><\/li>\n<\/ol>\n<\/div>\n\n\n\n<div class=\"wp-block-column right_col is-layout-flow wp-block-column-is-layout-flow\"><div class=\"kb-row-layout-wrap kb-row-layout-id1050_d76aa3-f2 alignnone wp-block-kadence-rowlayout\"><div class=\"kt-row-column-wrap kt-has-2-columns kt-row-layout-row kt-tab-layout-row kt-mobile-layout-row kt-row-valign-top\">\n\n<div class=\"wp-block-kadence-column kadence-column1050_63c690-aa\"><div class=\"kt-inside-inner-col\">\n<figure class=\"wp-block-image size-full no_margin\"><img loading=\"lazy\" decoding=\"async\" width=\"1200\" height=\"898\" src=\"https:\/\/hawaiipublicschools.org\/wp-content\/uploads\/2024\/12\/Kalo.jpg\" alt=\"Close up photo of kalo leaves\" class=\"wp-image-2356\" style=\"aspect-ratio:4\/3;object-fit:cover\" srcset=\"https:\/\/hawaiipublicschools.org\/wp-content\/uploads\/2024\/12\/Kalo.jpg 1200w, https:\/\/hawaiipublicschools.org\/wp-content\/uploads\/2024\/12\/Kalo-300x225.jpg 300w, https:\/\/hawaiipublicschools.org\/wp-content\/uploads\/2024\/12\/Kalo-1024x766.jpg 1024w, https:\/\/hawaiipublicschools.org\/wp-content\/uploads\/2024\/12\/Kalo-768x575.jpg 768w, https:\/\/hawaiipublicschools.org\/wp-content\/uploads\/2024\/12\/Kalo-16x12.jpg 16w\" sizes=\"auto, (max-width: 1200px) 100vw, 1200px\" \/><\/figure>\n<\/div><\/div>\n\n\n\n<div class=\"wp-block-kadence-column kadence-column1050_6ae211-6a\"><div class=\"kt-inside-inner-col\">\n<h5 class=\"wp-block-heading has-base-color has-text-color has-link-color wp-elements-91735848e86ea283e0928ede427b944c\" style=\"margin-top:0px;padding-top:0;padding-bottom:0.5rem;font-size:1.4vw\">\u0110\u1ec2 BI\u1ebeT TH\u00caM TH\u00d4NG TIN<\/h5>\n\n\n\n<p class=\"has-base-color has-text-color has-link-color wp-elements-73de11a7dc8419c68045457638ce71c1\"><strong>B\u1ed9 ph\u1eadn tr\u1ee3 gi\u00fap T-SEAS<\/strong><br>\u0110i\u1ec7n tho\u1ea1i: 808-441-8400<br><a href=\"mailto:help.tseas@k12.hi.us\" target=\"_blank\" rel=\"noreferrer noopener\">E-mail<\/a><\/p>\n<\/div><\/div>\n\n<\/div><\/div><\/div>\n<\/div>\n\n\n\n<p>\u0110i\u1ec3m \u0111\u1eadu l\u00e0 80% ho\u1eb7c cao h\u01a1n. T\u1ea5t c\u1ea3 c\u00e1c ch\u1ee9ng nh\u1eadn l\u1ea1i gi\u00e1o vi\u00ean thay th\u1ebf \u0111\u1ec1u c\u00f3 hi\u1ec7u l\u1ef1c trong n\u0103m n\u0103m.<\/p>\n\n\n\n<h3 class=\"wp-block-heading\">Ph\u00e1t tri\u1ec3n chuy\u00ean m\u00f4n b\u1ed5 sung (t\u00f9y ch\u1ecdn)<\/h3>\n\n\n\n<p>Gi\u00e1o vi\u00ean thay th\u1ebf mu\u1ed1n tham gia c\u00e1c kh\u00f3a h\u1ecdc ph\u00e1t tri\u1ec3n chuy\u00ean m\u00f4n b\u1ed5 sung c\u00f3 th\u1ec3 tham gia th\u00f4ng qua The Master Teacher t\u1ea1i:<\/p>\n\n\n\n<ul class=\"wp-block-list\">\n<li><a href=\"https:\/\/www.masterteacher.com\/mt-weekly-pd-program\" target=\"_blank\" rel=\"noreferrer noopener\">Ch\u01b0\u01a1ng tr\u00ecnh PD h\u00e0ng tu\u1ea7n c\u1ee7a Master Teacher tr\u1ef1c tuy\u1ebfn<\/a><\/li>\n\n\n\n<li><a href=\"https:\/\/www.masterteacher.com\/teacher-bundle\" target=\"_blank\" rel=\"noreferrer noopener\">G\u00f3i h\u1ecdc tr\u1ef1c tuy\u1ebfn Master Teacher eLearning<\/a><\/li>\n<\/ul>\n\n\n\n<h2 class=\"wp-block-heading\">Vi\u1ec7c l\u00e0m sau khi ngh\u1ec9 h\u01b0u<\/h2>\n\n\n\n<p>H\u1ec7 th\u1ed1ng h\u01b0u tr\u00ed c\u1ee7a nh\u00e2n vi\u00ean Ti\u1ec3u bang Hawai\u02bbi (ERS) l\u00e0 m\u1ed9t ch\u01b0\u01a1ng tr\u00ecnh h\u01b0u tr\u00ed \u0111\u1ee7 \u0111i\u1ec1u ki\u1ec7n theo M\u1ee5c 401(a) c\u1ee7a B\u1ed9 lu\u1eadt thu\u1ebf thu nh\u1eadp (B\u1ed9 lu\u1eadt). Nh\u00ecn chung, b\u1ed9 lu\u1eadt n\u00e0y c\u1ea5m ph\u00e2n ph\u1ed1i c\u00e1c ph\u00fac l\u1ee3i h\u01b0u tr\u00ed tr\u01b0\u1edbc khi nh\u00e2n vi\u00ean ngh\u1ec9 h\u01b0u. \u0110\u1ec3 gi\u00fap l\u00e0m r\u00f5 th\u1eddi \u0111i\u1ec3m ng\u01b0\u1eddi ngh\u1ec9 h\u01b0u c\u00f3 th\u1ec3 \u0111\u01b0\u1ee3c t\u00e1i tuy\u1ec3n d\u1ee5ng m\u00e0 kh\u00f4ng b\u1ecb \u0111\u00ecnh ch\u1ec9 ph\u00fac l\u1ee3i, m\u1ed9t lu\u1eadt c\u1ee7a ti\u1ec3u bang \u0111\u00e3 \u0111\u01b0\u1ee3c th\u00f4ng qua v\u00e0o n\u0103m 2010. <\/p>\n\n\n\n<p>Ng\u01b0\u1eddi v\u1ec1 h\u01b0u c\u00f3 th\u1ec3 \u0111\u01b0\u1ee3c tuy\u1ec3n d\u1ee5ng v\u00e0o v\u1ecb tr\u00ed t\u1ea1m th\u1eddi n\u1ebfu ng\u01b0\u1eddi v\u1ec1 h\u01b0u \u0111\u00e3 ngh\u1ec9 s\u00e1u th\u00e1ng li\u00ean ti\u1ebfp (k\u1ec3 t\u1eeb ng\u00e0y ngh\u1ec9 h\u01b0u ch\u00ednh th\u1ee9c c\u1ee7a h\u1ecd) m\u00e0 kh\u00f4ng \u0111\u01b0\u1ee3c b\u1ea5t k\u1ef3 c\u01a1 quan nh\u00e0 n\u01b0\u1edbc ho\u1eb7c qu\u1eadn n\u00e0o tuy\u1ec3n d\u1ee5ng. Vi\u1ec7c l\u00e0m t\u1ea1m th\u1eddi bao g\u1ed3m t\u1ea5t c\u1ea3 c\u00e1c c\u00f4ng vi\u1ec7c t\u1ea1m th\u1eddi \u0111\u01b0\u1ee3c c\u1ea5p ch\u1ee9ng ch\u1ec9 v\u00e0 ph\u00e2n lo\u1ea1i, bao g\u1ed3m t\u1ea5t c\u1ea3 vi\u1ec7c l\u00e0m thay th\u1ebf, hu\u1ea5n luy\u1ec7n, tuy\u1ec3n d\u1ee5ng 89 ng\u00e0y v\u00e0 nh\u00e2n vi\u00ean h\u1ee3p \u0111\u1ed3ng t\u1ea1m th\u1eddi.<\/p>\n\n\n\n<p>Ng\u01b0\u1eddi v\u1ec1 h\u01b0u c\u00f3 th\u1ec3 \u0111\u01b0\u1ee3c tuy\u1ec3n d\u1ee5ng v\u00e0o m\u1ed9t v\u1ecb tr\u00ed theo h\u1ee3p \u0111\u1ed3ng \u0111\u01b0\u1ee3c x\u00e1c \u0111\u1ecbnh l\u00e0 thi\u1ebfu h\u1ee5t lao \u0111\u1ed9ng ho\u1eb7c v\u1ecb tr\u00ed kh\u00f3 tuy\u1ec3n d\u1ee5ng n\u1ebfu ng\u01b0\u1eddi v\u1ec1 h\u01b0u \u0111\u00e3 ngh\u1ec9 vi\u1ec7c 12 th\u00e1ng li\u00ean ti\u1ebfp (k\u1ec3 t\u1eeb ng\u00e0y ngh\u1ec9 h\u01b0u ch\u00ednh th\u1ee9c) m\u00e0 kh\u00f4ng \u0111\u01b0\u1ee3c b\u1ea5t k\u1ef3 c\u01a1 quan nh\u00e0 n\u01b0\u1edbc ho\u1eb7c qu\u1eadn n\u00e0o tuy\u1ec3n d\u1ee5ng.<\/p>\n\n\n\n<p>Ng\u01b0\u1eddi v\u1ec1 h\u01b0u c\u00f3 th\u1ec3 \u0111\u01b0\u1ee3c tuy\u1ec3n d\u1ee5ng l\u00e0m gi\u00e1o vi\u00ean ho\u1eb7c qu\u1ea3n tr\u1ecb vi\u00ean t\u1ea1i khu v\u1ef1c thi\u1ebfu gi\u00e1o vi\u00ean do B\u1ed9 x\u00e1c \u0111\u1ecbnh ho\u1eb7c t\u1ea1i tr\u01b0\u1eddng c\u00f4ng l\u1eadp ho\u1eb7c l\u00e0m c\u1ed1 v\u1ea5n cho gi\u00e1o vi\u00ean l\u1edbp h\u1ecdc m\u1edbi n\u1ebfu ng\u01b0\u1eddi v\u1ec1 h\u01b0u \u0111\u00e3 ngh\u1ec9 vi\u1ec7c 12 th\u00e1ng li\u00ean ti\u1ebfp (t\u00ednh t\u1eeb ng\u00e0y ngh\u1ec9 h\u01b0u ch\u00ednh th\u1ee9c c\u1ee7a h\u1ecd).<\/p>\n\n\n\n<p>L\u01b0u \u00fd: Lu\u1eadt ph\u00e1p c\u1ea5m vi\u1ec7c t\u00e1i tuy\u1ec3n d\u1ee5ng ng\u01b0\u1eddi \u0111\u00e3 ngh\u1ec9 h\u01b0u n\u1ebfu \u0111\u00e3 c\u00f3 th\u1ecfa thu\u1eadn tr\u01b0\u1edbc \u0111\u00f3 v\u1ec1 vi\u1ec7c t\u00e1i tuy\u1ec3n d\u1ee5ng ng\u01b0\u1eddi \u0111\u00e3 ngh\u1ec9 h\u01b0u tr\u01b0\u1edbc khi h\u1ecd ngh\u1ec9 h\u01b0u. Nh\u1eefng ng\u01b0\u1eddi vi ph\u1ea1m c\u00f3 th\u1ec3 ph\u1ea3i:<\/p>\n\n\n\n<ul class=\"wp-block-list\">\n<li>Ho\u00e0n tr\u1ea3 to\u00e0n b\u1ed9 c\u00e1c kho\u1ea3n tr\u1ee3 c\u1ea5p h\u01b0u tr\u00ed \u0111\u00e3 nh\u1eadn trong th\u1eddi gian ho\u1eb7c c\u00e1c th\u1eddi gian t\u00e1i tuy\u1ec3n d\u1ee5ng (c\u1ed9ng v\u1edbi ti\u1ec1n l\u00e3i).<\/li>\n\n\n\n<li>Tr\u1ea3 b\u1ea5t k\u1ef3 kho\u1ea3n \u0111\u00f3ng g\u00f3p n\u00e0o v\u00e0o h\u1ec7 th\u1ed1ng h\u01b0u tr\u00ed (c\u1ed9ng v\u1edbi ti\u1ec1n l\u00e3i) m\u00e0 \u0111\u00e1ng l\u1ebd ph\u1ea3i \u0111\u01b0\u1ee3c tr\u1ea3 trong th\u1eddi gian ho\u1eb7c c\u00e1c th\u1eddi gian t\u00e1i tuy\u1ec3n d\u1ee5ng.<\/li>\n\n\n\n<li>Ph\u1ea3i ch\u1ecbu tr\u00e1ch nhi\u1ec7m thanh to\u00e1n m\u1ecdi chi ph\u00ed h\u00e0nh ch\u00ednh ph\u00e1t sinh trong qu\u00e1 tr\u00ecnh gi\u1ea3i quy\u1ebft t\u00ecnh hu\u1ed1ng n\u1ebfu ng\u01b0\u1eddi ngh\u1ec9 h\u01b0u b\u1ecb ph\u00e1t hi\u1ec7n c\u00f3 l\u1ed7i.<\/li>\n<\/ul>\n\n\n\n<h2 class=\"wp-block-heading\">T\u00e0i nguy\u00ean<\/h2>\n\n\n\n<h3 class=\"wp-block-heading\">H\u1ec7 th\u1ed1ng SmartFindExpress<\/h3>\n\n\n\n<p>B\u1ed9 s\u1eed d\u1ee5ng H\u1ec7 th\u1ed1ng SmartFindExpress cho c\u00e1c tr\u01b0\u1eddng h\u1ecdc \u0111\u1ec3 b\u00e1o c\u00e1o, c\u1eadp nh\u1eadt v\u00e0\/ho\u1eb7c h\u1ee7y b\u1ecf vi\u1ec7c gi\u00e1o vi\u00ean v\u1eafng m\u1eb7t, v\u1edbi th\u00f4ng b\u00e1o t\u1ef1 \u0111\u1ed9ng v\u1ec1 c\u00e1c c\u01a1 h\u1ed9i l\u00e0m vi\u1ec7c thay th\u1ebf. H\u1ec7 th\u1ed1ng c\u00f3 th\u1ec3 \u0111\u01b0\u1ee3c truy c\u1eadp t\u1ea1i:<\/p>\n\n\n\n<ul class=\"wp-block-list\">\n<li>\u0110T: 1-877-403-2511<\/li>\n\n\n\n<li>Tr\u1ef1c tuy\u1ebfn: <a href=\"https:\/\/tseas.eschoolsolutions.com\/\" target=\"_blank\" rel=\"noreferrer noopener\">Tr\u01b0\u1eddng h\u1ecdc n\u0103ng l\u01b0\u1ee3ng<\/a><\/li>\n<\/ul>\n\n\n\n<ol class=\"wp-block-list\">\n<li>Nh\u1eadp s\u1ed1 ID nh\u00e2n vi\u00ean g\u1ed3m 8 ch\u1eef s\u1ed1 c\u1ee7a b\u1ea1n, n\u1eb1m tr\u00ean Th\u00f4ng b\u00e1o v\u1ec1 h\u00e0nh \u0111\u1ed9ng nh\u00e2n s\u1ef1 (SF5 A1).<\/li>\n\n\n\n<li>Nh\u1eadp m\u00e3 PIN\/M\u1eadt kh\u1ea9u hi\u1ec7n t\u1ea1i c\u1ee7a b\u1ea1n t\u1eeb h\u1ec7 th\u1ed1ng \u0111\u0103ng k\u00fd TSEAS c\u0169.<\/li>\n<\/ol>\n\n\n\n<h3 class=\"wp-block-heading\">Li\u00ean h\u1ec7 V\u0103n ph\u00f2ng Qu\u1eadn<\/h3>\n\n\n\n<p>Hi\u1ec7u tr\u01b0\u1edfng l\u00e0 ng\u01b0\u1eddi gi\u00e1m s\u00e1t tr\u1ef1c ti\u1ebfp \u0111\u1ed1i v\u1edbi gi\u00e1o vi\u00ean thay th\u1ebf t\u1ea1i tr\u01b0\u1eddng h\u1ecdc. C\u00e1c C\u00e1n b\u1ed9 khu v\u1ef1c v\u1ec1 ngu\u1ed3n nh\u00e2n l\u1ef1c (\u0111\u01b0\u1ee3c li\u1ec7t k\u00ea b\u00ean d\u01b0\u1edbi) c\u00f3 th\u1ea9m quy\u1ec1n chung \u0111\u1ed1i v\u1edbi gi\u00e1o vi\u00ean thay th\u1ebf. N\u1ebfu b\u1ea1n c\u00f3 tranh ch\u1ea5p kh\u00f4ng th\u1ec3 gi\u1ea3i quy\u1ebft \u1edf c\u1ea5p tr\u01b0\u1eddng ho\u1eb7c n\u1ebfu b\u1ea1n c\u00f3 th\u1eafc m\u1eafc ho\u1eb7c lo ng\u1ea1i v\u1ec1 vi\u1ec7c l\u00e0m c\u1ee7a m\u00ecnh, h\u00e3y li\u00ean h\u1ec7 v\u1edbi v\u0103n ph\u00f2ng th\u00edch h\u1ee3p b\u00ean d\u01b0\u1edbi:<\/p>\n\n\n\n<div class=\"wp-block-columns is-layout-flex wp-container-core-columns-is-layout-28f84493 wp-block-columns-is-layout-flex\">\n<div class=\"wp-block-column is-layout-flow wp-block-column-is-layout-flow\">\n<h4 class=\"wp-block-heading\">Hawai\u02bbi<\/h4>\n\n\n\n<p>75 \u0110\u01b0\u1eddng Aupuni, #203, <br>Hilo, HI 96720&nbsp;<br>\u0110i\u1ec7n tho\u1ea1i: 808-974-6605<\/p>\n\n\n\n<h4 class=\"wp-block-heading\">Maui<\/h4>\n\n\n\n<p>54 South High St., T\u1ea7ng 4, <br>Wailuku, HI 96793&nbsp;<br>\u0110T: 808-243-1301<\/p>\n\n\n\n<h4 class=\"wp-block-heading\">Kaua\u02bbi<\/h4>\n\n\n\n<p>3060 \u0110\u01b0\u1eddng Eiwa, #301, <br>Lihue, HI 96766&nbsp;<br>\u0110i\u1ec7n tho\u1ea1i: 808-274-3506<\/p>\n<\/div>\n\n\n\n<div class=\"wp-block-column is-layout-flow wp-block-column-is-layout-flow\">\n<h4 class=\"wp-block-heading\">Honolulu<\/h4>\n\n\n\n<p>4967 \u0110\u01b0\u1eddng Kilauea, <br>Honolulu, HI 96816<br>\u0110i\u1ec7n tho\u1ea1i: 808-784-6660&nbsp;<\/p>\n\n\n\n<h4 class=\"wp-block-heading\">Trung t\u00e2m<\/h4>\n\n\n\n<p>1122 Mapunapuna St., Ste. 200, <br>Honolulu, HI 96819<br>\u0110i\u1ec7n tho\u1ea1i: 808-307-3939<\/p>\n<\/div>\n\n\n\n<div class=\"wp-block-column is-layout-flow wp-block-column-is-layout-flow\">\n<h4 class=\"wp-block-heading\">Ph\u00eda khu\u1ea5t gi\u00f3<\/h4>\n\n\n\n<p>601 Kamokila Blvd., #418, <br>Kapolei, HI 96707<br>\u0110i\u1ec7n tho\u1ea1i: 808-692-8007<\/p>\n\n\n\n<h4 class=\"wp-block-heading\">Ng\u01b0\u1ee3c gi\u00f3<\/h4>\n\n\n\n<p>\u0110\u01b0\u1eddng cao t\u1ed1c 46-169 Kamehameha, <br>Kaneohe, HI 96744<br>\u0110i\u1ec7n tho\u1ea1i: 808-784-5920<\/p>\n<\/div>\n<\/div>","protected":false},"excerpt":{"rendered":"<p>Substitute teachers play a vital role in Hawai\u2018i\u2019s public schools, stepping in to ensure students continue learning when their regular teachers are absent. Whether you\u2019re covering for a day or taking on longer assignments, substitute teaching is a rewarding way to make a difference in students&#8217; lives while maintaining a flexible schedule. WAGEs &amp; Benefits [&hellip;]<\/p>","protected":false},"author":8,"featured_media":0,"parent":122,"menu_order":3,"comment_status":"closed","ping_status":"closed","template":"wp-custom-template-page-for-custom-sidebar","meta":{"_relevanssi_hide_post":"","_relevanssi_hide_content":"","_relevanssi_pin_for_all":"","_relevanssi_pin_keywords":"","_relevanssi_unpin_keywords":"","_relevanssi_related_keywords":"","_relevanssi_related_include_ids":"","_relevanssi_related_exclude_ids":"","_relevanssi_related_no_append":"","_relevanssi_related_not_related":"","_relevanssi_related_posts":"","_relevanssi_noindex_reason":"","_sitemap_exclude":false,"_sitemap_priority":"","_sitemap_frequency":"","_kad_blocks_custom_css":"","_kad_blocks_head_custom_js":"","_kad_blocks_body_custom_js":"","_kad_blocks_footer_custom_js":"","wp_popup_display_lightbox":0,"wp_popup_suppress":"","wp_popup_trigger":"","wp_popup_trigger_amount":0,"wp_popup_disable_on_mobile":false,"footnotes":""},"class_list":["post-4067","page","type-page","status-publish","hentry"],"pp_statuses_selecting_workflow":false,"pp_workflow_action":"current","pp_status_selection":"publish","taxonomy_info":[],"featured_image_src_large":false,"author_info":{"display_name":"Ariana Enomoto","author_link":"https:\/\/hawaiipublicschools.org\/vi\/author\/arianastaceyleong-com\/"},"comment_info":0,"publishpress_future_action":{"enabled":false,"date":"2026-04-13 15:30:32","action":"change-status","newStatus":"draft","terms":[],"taxonomy":"","extraData":[]},"publishpress_future_workflow_manual_trigger":{"enabledWorkflows":[]},"_links":{"self":[{"href":"https:\/\/hawaiipublicschools.org\/vi\/wp-json\/wp\/v2\/pages\/4067","targetHints":{"allow":["GET"]}}],"collection":[{"href":"https:\/\/hawaiipublicschools.org\/vi\/wp-json\/wp\/v2\/pages"}],"about":[{"href":"https:\/\/hawaiipublicschools.org\/vi\/wp-json\/wp\/v2\/types\/page"}],"author":[{"embeddable":true,"href":"https:\/\/hawaiipublicschools.org\/vi\/wp-json\/wp\/v2\/users\/8"}],"replies":[{"embeddable":true,"href":"https:\/\/hawaiipublicschools.org\/vi\/wp-json\/wp\/v2\/comments?post=4067"}],"version-history":[{"count":0,"href":"https:\/\/hawaiipublicschools.org\/vi\/wp-json\/wp\/v2\/pages\/4067\/revisions"}],"up":[{"embeddable":true,"href":"https:\/\/hawaiipublicschools.org\/vi\/wp-json\/wp\/v2\/pages\/122"}],"wp:attachment":[{"href":"https:\/\/hawaiipublicschools.org\/vi\/wp-json\/wp\/v2\/media?parent=4067"}],"curies":[{"name":"wp","href":"https:\/\/api.w.org\/{rel}","templated":true}]}}