{"id":38,"date":"2024-09-04T22:20:06","date_gmt":"2024-09-04T22:20:06","guid":{"rendered":"https:\/\/hawaiipublicschools.org\/?page_id=38"},"modified":"2025-12-15T14:10:39","modified_gmt":"2025-12-16T00:10:39","slug":"subject-matter-standards","status":"publish","type":"page","link":"https:\/\/hawaiipublicschools.org\/vi\/academics\/subject-matter-standards\/","title":{"rendered":"Ti\u00eau chu\u1ea9n ch\u1ee7 \u0111\u1ec1"},"content":{"rendered":"<p class=\"intro\">Ti\u00eau chu\u1ea9n m\u00f4n h\u1ecdc c\u1ee7a Khoa \u0111\u01b0\u1ee3c s\u1eed d\u1ee5ng \u0111\u1ec3 \u0111\u1ea3m b\u1ea3o h\u1ecdc sinh \u0111\u01b0\u1ee3c ti\u1ebfp x\u00fac v\u1edbi c\u00e1c chu\u1ea9n m\u1ef1c h\u1ecdc t\u1eadp nghi\u00eam ng\u1eb7t v\u00e0 ph\u00f9 h\u1ee3p v\u1edbi l\u1ee9a tu\u1ed5i. Ti\u00eau chu\u1ea9n kh\u00f4ng ph\u1ea3i l\u00e0 ch\u01b0\u01a1ng tr\u00ecnh gi\u1ea3ng d\u1ea1y, m\u00e0 l\u00e0 k\u1ef3 v\u1ecdng v\u1ec1 nh\u1eefng g\u00ec h\u1ecdc sinh c\u1ea7n bi\u1ebft v\u00e0 c\u00f3 th\u1ec3 l\u00e0m \u1edf m\u1ed7i c\u1ea5p l\u1edbp. Truy c\u1eadp trang web c\u1ee7a Khoa <a href=\"https:\/\/learningdesign.hawaiipublicschools.org\/\">Trang web Thi\u1ebft k\u1ebf H\u1ecdc t\u1eadp<\/a> \u0111\u1ec3 t\u00ecm hi\u1ec3u th\u00eam v\u1ec1 thi\u1ebft k\u1ebf ch\u01b0\u01a1ng tr\u00ecnh gi\u1ea3ng d\u1ea1y ph\u00f9 h\u1ee3p v\u1edbi ti\u00eau chu\u1ea9n.<\/p>\n\n\n\n<h2 class=\"wp-block-heading\">Ti\u00eau chu\u1ea9n c\u1ed1t l\u00f5i hi\u1ec7n t\u1ea1i<\/h2>\n\n\n\n<figure class=\"wp-block-image alignright size-large is-resized\"><img loading=\"lazy\" decoding=\"async\" width=\"1024\" height=\"683\" src=\"https:\/\/hawaiipublicschools.org\/wp-content\/uploads\/2024\/12\/HIDOE_Subject-Matter-Standards-1024x683.jpg\" alt=\"Three students in a computer lab on computers\" class=\"wp-image-2560\" style=\"width:310px\" srcset=\"https:\/\/hawaiipublicschools.org\/wp-content\/uploads\/2024\/12\/HIDOE_Subject-Matter-Standards-1024x683.jpg 1024w, https:\/\/hawaiipublicschools.org\/wp-content\/uploads\/2024\/12\/HIDOE_Subject-Matter-Standards-300x200.jpg 300w, https:\/\/hawaiipublicschools.org\/wp-content\/uploads\/2024\/12\/HIDOE_Subject-Matter-Standards-768x512.jpg 768w, https:\/\/hawaiipublicschools.org\/wp-content\/uploads\/2024\/12\/HIDOE_Subject-Matter-Standards-18x12.jpg 18w, https:\/\/hawaiipublicschools.org\/wp-content\/uploads\/2024\/12\/HIDOE_Subject-Matter-Standards.jpg 1200w\" sizes=\"auto, (max-width: 1024px) 100vw, 1024px\" \/><\/figure>\n\n\n\n<h3 class=\"wp-block-heading\">Career and Technical Education (CTE) &#8211; Industry Pathway and Program Standards<\/h3>\n\n\n\n<ul class=\"wp-block-list\">\n<li><a href=\"https:\/\/hawaiipublicschools.org\/vi\/academics\/secondary-middle-high-school\/career-technical-education\/cte-pathways-and-program-standards\/\" data-type=\"page\" data-id=\"15495\">\u0110\u1ecdc Ti\u00eau chu\u1ea9n<\/a><\/li>\n\n\n\n<li><a href=\"\/vi\/academics\/secondary-middle-high-school\/career-technical-education\/\" data-type=\"page\" data-id=\"859\" target=\"_blank\" rel=\"noreferrer noopener\">T\u1ed5ng quan v\u1ec1 ch\u01b0\u01a1ng tr\u00ecnh CTE<\/a><\/li>\n<\/ul>\n\n\n\n<h3 class=\"wp-block-heading\">Khoa h\u1ecdc m\u00e1y t\u00ednh \u2013 Ti\u00eau chu\u1ea9n khoa h\u1ecdc m\u00e1y t\u00ednh CSTA K-12<\/h3>\n\n\n\n<ul class=\"wp-block-list\">\n<li><a href=\"https:\/\/csteachers.org\/k12standards\/\" data-type=\"link\" data-id=\"https:\/\/csteachers.org\/k12standards\/\" target=\"_blank\" rel=\"noreferrer noopener\">\u0110\u1ecdc Ti\u00eau chu\u1ea9n<\/a><\/li>\n<\/ul>\n\n\n\n<h3 class=\"wp-block-heading\">Ng\u00f4n ng\u1eef Anh \u2013 Ti\u00eau chu\u1ea9n chung c\u1ee7a Hawai\u02bbi<\/h3>\n\n\n\n<ul class=\"wp-block-list\">\n<li><a href=\"https:\/\/docs.google.com\/document\/d\/1IJBp5DMmlPSO2ftfvgPQ8dLJMMfq71XR1LLH4HIrtnQ\/edit?usp=sharing\" target=\"_blank\" rel=\"noreferrer noopener\">\u0110\u1ecdc Ti\u00eau chu\u1ea9n<\/a> <\/li>\n<\/ul>\n\n\n\n<h3 class=\"wp-block-heading\">M\u1ef9 thu\u1eadt \u2013 Ti\u00eau chu\u1ea9n ngh\u1ec7 thu\u1eadt c\u1ed1t l\u00f5i qu\u1ed1c gia<\/h3>\n\n\n\n<ul class=\"wp-block-list\">\n<li><a href=\"https:\/\/www.nationalartsstandards.org\/\">\u0110\u1ecdc Ti\u00eau chu\u1ea9n<\/a><\/li>\n<\/ul>\n\n\n\n<h3 class=\"wp-block-heading\">Gi\u00e1o d\u1ee5c s\u1ee9c kh\u1ecfe \u2013 Ti\u00eau chu\u1ea9n gi\u00e1o d\u1ee5c s\u1ee9c kh\u1ecfe qu\u1ed1c gia: \u0110\u1ea1t \u0111\u01b0\u1ee3c s\u1ef1 xu\u1ea5t s\u1eafc (NHES)<\/h3>\n\n\n\n<ul class=\"wp-block-list\">\n<li><a href=\"\/vi\/DOE%20Forms\/Health%20and%20Nutrition\/HealthStandards.pdf\/\">\u0110\u1ecdc Ti\u00eau chu\u1ea9n (PDF)<\/a><\/li>\n\n\n\n<li><a href=\"\/vi\/school-services\/health-education\/\" data-type=\"page\" data-id=\"946\">T\u1ed5ng quan v\u1ec1 ch\u01b0\u01a1ng tr\u00ecnh Gi\u00e1o d\u1ee5c s\u1ee9c kh\u1ecfe<\/a><\/li>\n<\/ul>\n\n\n\n<h3 class=\"wp-block-heading\" id=\"math\">To\u00e1n h\u1ecdc \u2013 Ti\u00eau chu\u1ea9n chung c\u1ee7a Hawai\u02bbi<\/h3>\n\n\n\n<ul class=\"wp-block-list\">\n<li><a href=\"https:\/\/www.thecorestandards.org\/Math\/\">\u0110\u1ecdc Ti\u00eau chu\u1ea9n<\/a><\/li>\n<\/ul>\n\n\n\n<h3 class=\"wp-block-heading\">Gi\u00e1o d\u1ee5c th\u1ec3 ch\u1ea5t \u2013 Ti\u00eau chu\u1ea9n n\u1ed9i dung v\u00e0 hi\u1ec7u su\u1ea5t c\u1ee7a Hawai\u02bbi III<\/h3>\n\n\n\n<ul class=\"wp-block-list\">\n<li><a href=\"\/vi\/DOE%20Forms\/HCPSIII-PhysicalEducation.pdf\/\" target=\"_blank\" rel=\"noreferrer noopener\">\u0110\u1ecdc Ti\u00eau chu\u1ea9n (PDF)<\/a><\/li>\n<\/ul>\n\n\n\n<h3 class=\"wp-block-heading\">Khoa h\u1ecdc \u2013 Ti\u00eau chu\u1ea9n khoa h\u1ecdc th\u1ebf h\u1ec7 ti\u1ebfp theo (NGSS)<\/h3>\n\n\n\n<ul class=\"wp-block-list\">\n<li>\u0110\u1ecdc <a href=\"https:\/\/www.nextgenscience.org\">Ti\u00eau chu\u1ea9n<\/a><\/li>\n\n\n\n<li>H\u01b0\u1edbng d\u1eabn d\u00e0nh cho ph\u1ee5 huynh v\u1ec1 NGSS: \n<ul class=\"wp-block-list\">\n<li><a href=\"http:\/\/www.nextgenscience.org\/sites\/default\/files\/ParentGuide%20Grades%20Kto2%20-%20General.pdf\" target=\"_blank\" rel=\"noreferrer noopener\">L\u1edbp K\u20132 (PDF)<\/a><\/li>\n\n\n\n<li><a href=\"http:\/\/www.nextgenscience.org\/sites\/default\/files\/ParentGuides%20Grades%203to5%20-%20General.pdf\" target=\"_blank\" rel=\"noreferrer noopener\">L\u1edbp 3\u20135 (PDF)<\/a><\/li>\n\n\n\n<li><a href=\"http:\/\/www.nextgenscience.org\/sites\/default\/files\/ParentGuide%20Grades%206to8%20-%20General.pdf\" target=\"_blank\" rel=\"noreferrer noopener\">L\u1edbp 6\u20138 (PDF)<\/a><\/li>\n\n\n\n<li><a href=\"http:\/\/www.nextgenscience.org\/sites\/default\/files\/ParentGuide%20Grades%209to12%20-%20General.pdf\" target=\"_blank\" rel=\"noreferrer noopener\">L\u1edbp 9\u201312 (PDF)<\/a><\/li>\n<\/ul>\n<\/li>\n<\/ul>\n\n\n\n<h3 class=\"wp-block-heading\">Khoa h\u1ecdc x\u00e3 h\u1ed9i \u2013 Ti\u00eau chu\u1ea9n c\u1ed1t l\u00f5i c\u1ee7a Hawai\u02bbi v\u1ec1 Khoa h\u1ecdc x\u00e3 h\u1ed9i (HCSSS)<\/h3>\n\n\n\n<h4 class=\"wp-block-heading\">Ti\u1ec3u h\u1ecdc:<\/h4>\n\n\n\n<div class=\"wp-block-columns is-layout-flex wp-container-core-columns-is-layout-28f84493 wp-block-columns-is-layout-flex\">\n<div class=\"wp-block-column is-layout-flow wp-block-column-is-layout-flow\">\n<ul class=\"wp-block-list\">\n<li><a href=\"\/vi\/DOE%20Forms\/Social%20Studies\/HCSSSgrK.pdf\/\" target=\"_blank\" rel=\"noreferrer noopener\">L\u1edbp K (PDF)<\/a><\/li>\n\n\n\n<li><a href=\"\/vi\/DOE%20Forms\/Social%20Studies\/HCSSSgr1.pdf\/\" target=\"_blank\" rel=\"noreferrer noopener\">L\u1edbp 1 (PDF)<\/a><\/li>\n<\/ul>\n<\/div>\n\n\n\n<div class=\"wp-block-column is-layout-flow wp-block-column-is-layout-flow\">\n<ul class=\"wp-block-list\">\n<li><a href=\"\/vi\/DOE%20Forms\/Social%20Studies\/HCSSSgr2.pdf\/\" target=\"_blank\" rel=\"noreferrer noopener\">L\u1edbp 2 (PDF)<\/a><\/li>\n\n\n\n<li><a href=\"\/vi\/DOE%20Forms\/Social%20Studies\/HCSSSgr3.pdf\/\" target=\"_blank\" rel=\"noreferrer noopener\">L\u1edbp 3 (PDF)<\/a><\/li>\n<\/ul>\n<\/div>\n\n\n\n<div class=\"wp-block-column is-layout-flow wp-block-column-is-layout-flow\">\n<ul class=\"wp-block-list\">\n<li><a href=\"\/vi\/DOE%20Forms\/Social%20Studies\/HCSSSgr4.pdf\/\" target=\"_blank\" rel=\"noreferrer noopener\">L\u1edbp 4 (PDF)<\/a><\/li>\n\n\n\n<li><a href=\"https:\/\/hawaiipublicschools.org\/vi\/DOE%20Forms\/Social%20Studies\/HCSSSgr5.pdf\/\" target=\"_blank\" rel=\"noreferrer noopener\">L\u1edbp 5 (PDF)<\/a><\/li>\n<\/ul>\n<\/div>\n<\/div>\n\n\n\n<h4 class=\"wp-block-heading\">S\u01a1 trung:<\/h4>\n\n\n\n<div class=\"wp-block-columns is-layout-flex wp-container-core-columns-is-layout-28f84493 wp-block-columns-is-layout-flex\">\n<div class=\"wp-block-column is-layout-flow wp-block-column-is-layout-flow\">\n<ul class=\"wp-block-list\">\n<li><a href=\"\/vi\/DOE%20Forms\/Social%20Studies\/HCSSSgr6WorldHist.pdf\/\" target=\"_blank\" rel=\"noreferrer noopener\">L\u1ecbch s\u1eed th\u1ebf gi\u1edbi l\u1edbp 6 (PDF)<\/a><\/li>\n\n\n\n<li><a href=\"\/vi\/DOE%20Forms\/Social%20Studies\/HCSSSgr8USHist.pdf\/\" target=\"_blank\" rel=\"noreferrer noopener\">L\u1ecbch s\u1eed Hoa K\u1ef3 l\u1edbp 8 (PDF)<\/a><\/li>\n\n\n\n<li><a href=\"\/vi\/DOE%20Forms\/Social%20Studies\/HCSSSHawaiianKingdom.pdf\/\" target=\"_blank\" rel=\"noreferrer noopener\">L\u1ecbch s\u1eed V\u01b0\u01a1ng qu\u1ed1c Hawaii (PDF)<\/a><\/li>\n<\/ul>\n<\/div>\n\n\n\n<div class=\"wp-block-column is-layout-flow wp-block-column-is-layout-flow\">\n<ul class=\"wp-block-list\">\n<li><a href=\"\/vi\/DOE%20Forms\/Social%20Studies\/HCSSSModHistHawaii.pdf\/\" target=\"_blank\" rel=\"noreferrer noopener\">Modern History of Hawai\u02bbi (PDF)<\/a><\/li>\n\n\n\n<li><a href=\"\/vi\/DOE%20Forms\/Social%20Studies\/HCSSSPacIsStudies.pdf\/\" target=\"_blank\" rel=\"noreferrer noopener\">Nghi\u00ean c\u1ee9u \u0111\u1ea3o Th\u00e1i B\u00ecnh D\u01b0\u01a1ng (PDF)<\/a><\/li>\n\n\n\n<li><a href=\"\/vi\/DOE%20Forms\/Social%20Studies\/HCSSSdemocracy.pdf\/\" target=\"_blank\" rel=\"noreferrer noopener\">Tham gia v\u00e0o n\u1ec1n d\u00e2n ch\u1ee7 (PDF)<\/a><\/li>\n<\/ul>\n<\/div>\n\n\n\n<div class=\"wp-block-column is-layout-flow wp-block-column-is-layout-flow\">\n<ul class=\"wp-block-list\">\n<li><a href=\"\/vi\/DOE%20Forms\/Social%20Studies\/HCSSSUShistgov.pdf\/\" target=\"_blank\" rel=\"noreferrer noopener\">L\u1ecbch s\u1eed v\u00e0 Ch\u00ednh ph\u1ee7 Hoa K\u1ef3 (PDF)<\/a><\/li>\n\n\n\n<li><a href=\"\/vi\/DOE%20Forms\/Social%20Studies\/HCSSSWorldHistCulture.pdf\/\" target=\"_blank\" rel=\"noreferrer noopener\">L\u1ecbch s\u1eed v\u00e0 V\u0103n h\u00f3a Th\u1ebf gi\u1edbi (PDF)<\/a><\/li>\n<\/ul>\n<\/div>\n<\/div>\n\n\n\n<h4 class=\"wp-block-heading\">C\u00e1c kh\u00f3a h\u1ecdc t\u1ef1 ch\u1ecdn v\u1ec1 Khoa h\u1ecdc x\u00e3 h\u1ed9i \u1edf tr\u01b0\u1eddng trung h\u1ecdc ph\u1ed5 th\u00f4ng:<\/h4>\n\n\n\n<div class=\"wp-block-columns is-layout-flex wp-container-core-columns-is-layout-28f84493 wp-block-columns-is-layout-flex\">\n<div class=\"wp-block-column is-layout-flow wp-block-column-is-layout-flow\">\n<ul class=\"wp-block-list\">\n<li><a href=\"\/vi\/DOE%20Forms\/Social%20Studies\/HCPSIII_AmericanProblems.pdf\/\" target=\"_blank\" rel=\"noreferrer noopener\">Nh\u1eefng v\u1ea5n \u0111\u1ec1 c\u1ee7a ng\u01b0\u1eddi M\u1ef9 (PDF)<\/a><\/li>\n\n\n\n<li><a href=\"\/vi\/DOE%20Forms\/Social%20Studies\/HCPSIII_AsianStudies.pdf\/\" target=\"_blank\" rel=\"noreferrer noopener\">L\u1ecbch s\u1eed Ch\u00e2u \u00c1 (PDF)<\/a><\/li>\n\n\n\n<li><a href=\"\/vi\/DOE%20Forms\/Social%20Studies\/HCPSIII_CulturalAnthropology.pdf\/\" target=\"_blank\" rel=\"noreferrer noopener\">Nh\u00e2n h\u1ecdc v\u0103n h\u00f3a (PDF)<\/a><\/li>\n\n\n\n<li><a href=\"\/vi\/DOE%20Forms\/Social%20Studies\/HCPSIII_Economics.pdf\/\" target=\"_blank\" rel=\"noreferrer noopener\">Kinh t\u1ebf (PDF)<\/a><\/li>\n<\/ul>\n<\/div>\n\n\n\n<div class=\"wp-block-column is-layout-flow wp-block-column-is-layout-flow\">\n<ul class=\"wp-block-list\">\n<li><a href=\"\/vi\/DOE%20Forms\/Social%20Studies\/HCPSIII_EuropeanStudies.pdf\/\" target=\"_blank\" rel=\"noreferrer noopener\">Nghi\u00ean c\u1ee9u Ch\u00e2u \u00c2u (PDF)<\/a><\/li>\n\n\n\n<li><a href=\"\/vi\/DOE%20Forms\/Social%20Studies\/FilipinoHistoryCultureCourseStandards.pdf\/\" target=\"_blank\" rel=\"noreferrer noopener\">L\u1ecbch s\u1eed V\u0103n h\u00f3a Philippines (PDF)<\/a><\/li>\n\n\n\n<li><a href=\"\/vi\/DOE%20Forms\/Social%20Studies\/HCPSIII_Geography.pdf\/\" target=\"_blank\" rel=\"noreferrer noopener\">\u0110\u1ecba l\u00fd (PDF)<\/a><\/li>\n\n\n\n<li><a href=\"\/vi\/DOE%20Forms\/Social%20Studies\/HCPSIII_GlobalStudies.pdf\/\" target=\"_blank\" rel=\"noreferrer noopener\">Nghi\u00ean c\u1ee9u to\u00e0n c\u1ea7u (PDF)<\/a><\/li>\n<\/ul>\n<\/div>\n\n\n\n<div class=\"wp-block-column is-layout-flow wp-block-column-is-layout-flow\">\n<ul class=\"wp-block-list\">\n<li><a href=\"\/vi\/DOE%20Forms\/Social%20Studies\/HCPSIII_Humanities.pdf\/\" target=\"_blank\" rel=\"noreferrer noopener\">Nh\u00e2n v\u0103n (PDF)<\/a><\/li>\n\n\n\n<li><a href=\"\/vi\/DOE%20Forms\/Social%20Studies\/HCPSIII_PoliticalScience_Government.pdf\/\" target=\"_blank\" rel=\"noreferrer noopener\">Khoa h\u1ecdc Ch\u00ednh tr\u1ecb\/Ch\u00ednh ph\u1ee7 (PDF)<\/a><\/li>\n\n\n\n<li><a href=\"\/vi\/DOE%20Forms\/Social%20Studies\/HCPSIII_Psychology.pdf\/\" target=\"_blank\" rel=\"noreferrer noopener\">T\u00e2m l\u00fd h\u1ecdc (PDF)<\/a><\/li>\n\n\n\n<li><a href=\"\/vi\/DOE%20Forms\/Social%20Studies\/HCPSIII_Sociology.pdf\/\" target=\"_blank\" rel=\"noreferrer noopener\">X\u00e3 h\u1ed9i h\u1ecdc (PDF)<\/a><\/li>\n<\/ul>\n<\/div>\n<\/div>\n\n\n\n<h3 class=\"wp-block-heading\">Ng\u00f4n ng\u1eef th\u1ebf gi\u1edbi \u2013 Ti\u00eau chu\u1ea9n s\u1eb5n s\u00e0ng th\u1ebf gi\u1edbi c\u1ee7a Hawai\u02bbi \u0111\u1ec3 h\u1ecdc ng\u00f4n ng\u1eef<\/h3>\n\n\n\n<p>The World Languages Program focuses on the teaching and learning of languages other than English and the cultures the languages represent at K-12 public schools in Hawai\u02bbi. The program\u2019s vision is that all students will communicate and demonstrate cultural competence in at least two languages.<\/p>\n\n\n\n<p>The World Languages Program consists of instruction in languages including American Sign Language, French, German, Ilokano, Japanese, Korean, Latin, Mandarin Chinese, \u02bb\u014dlelo Hawai\u02bbi, Samoan, Spanish, and Tagalog at the elementary and secondary school levels. Language offerings vary from school to school and are based on school resources and student and community interests.<\/p>\n\n\n\n<ul class=\"wp-block-list\">\n<li><a href=\"\/vi\/DOE%20Forms\/World%20Languages\/WorldLangStandards.pdf\/\">\u0110\u1ecdc Ti\u00eau chu\u1ea9n (PDF)<\/a><\/li>\n<\/ul>\n\n\n\n<h2 class=\"wp-block-heading\">Financial Literacy standards<\/h2>\n\n\n\n<ul class=\"wp-block-list\">\n<li><a href=\"https:\/\/hawaiipublicschools.org\/wp-content\/uploads\/Financial-Literacy-Standards-Fall-2025.pdf\" target=\"_blank\" rel=\"noreferrer noopener\">\u0110\u1ecdc Ti\u00eau chu\u1ea9n (PDF)<\/a><\/li>\n\n\n\n<li><a href=\"\/wp-content\/uploads\/Financial-Literacy-Resource-Overview-November-2025.pdf\" data-type=\"link\" data-id=\"\/wp-content\/uploads\/Financial-Literacy-Resource-Overview-November-2025.pdf\" target=\"_blank\" rel=\"noreferrer noopener\">T\u00e0i nguy\u00ean v\u1ec1 ki\u1ebfn th\u1ee9c t\u00e0i ch\u00ednh (PDF)<\/a><\/li>\n<\/ul>","protected":false},"excerpt":{"rendered":"<p>The Department&#8217;s subject matter standards are used to ensure students are being exposed to rigorous and age-appropriate benchmarks of learning. Standards are not curriculum, but expectations of what students should know and be able to do at each grade level. Visit the Department&#8217;s Learning Design site to learn more about curriculum design aligned to standards. [&hellip;]<\/p>","protected":false},"author":8,"featured_media":0,"parent":22,"menu_order":21,"comment_status":"closed","ping_status":"closed","template":"","meta":{"_relevanssi_hide_post":"","_relevanssi_hide_content":"","_relevanssi_pin_for_all":"","_relevanssi_pin_keywords":"","_relevanssi_unpin_keywords":"","_relevanssi_related_keywords":"","_relevanssi_related_include_ids":"","_relevanssi_related_exclude_ids":"","_relevanssi_related_no_append":"","_relevanssi_related_not_related":"","_relevanssi_related_posts":"9803,10905,15630,15545,10149,888","_relevanssi_noindex_reason":"","_sitemap_exclude":false,"_sitemap_priority":"","_sitemap_frequency":"","_kad_blocks_custom_css":"","_kad_blocks_head_custom_js":"","_kad_blocks_body_custom_js":"","_kad_blocks_footer_custom_js":"","wp_popup_display_lightbox":0,"wp_popup_suppress":"","wp_popup_trigger":"","wp_popup_trigger_amount":0,"wp_popup_disable_on_mobile":false,"footnotes":""},"class_list":["post-38","page","type-page","status-publish","hentry"],"pp_statuses_selecting_workflow":false,"pp_workflow_action":"current","pp_status_selection":"publish","taxonomy_info":[],"featured_image_src_large":false,"author_info":{"display_name":"Ariana Enomoto","author_link":"https:\/\/hawaiipublicschools.org\/vi\/author\/arianastaceyleong-com\/"},"comment_info":0,"publishpress_future_action":{"enabled":false,"date":"2026-04-21 04:30:40","action":"change-status","newStatus":"draft","terms":[],"taxonomy":"","extraData":[]},"publishpress_future_workflow_manual_trigger":{"enabledWorkflows":[]},"_links":{"self":[{"href":"https:\/\/hawaiipublicschools.org\/vi\/wp-json\/wp\/v2\/pages\/38","targetHints":{"allow":["GET"]}}],"collection":[{"href":"https:\/\/hawaiipublicschools.org\/vi\/wp-json\/wp\/v2\/pages"}],"about":[{"href":"https:\/\/hawaiipublicschools.org\/vi\/wp-json\/wp\/v2\/types\/page"}],"author":[{"embeddable":true,"href":"https:\/\/hawaiipublicschools.org\/vi\/wp-json\/wp\/v2\/users\/8"}],"replies":[{"embeddable":true,"href":"https:\/\/hawaiipublicschools.org\/vi\/wp-json\/wp\/v2\/comments?post=38"}],"version-history":[{"count":0,"href":"https:\/\/hawaiipublicschools.org\/vi\/wp-json\/wp\/v2\/pages\/38\/revisions"}],"up":[{"embeddable":true,"href":"https:\/\/hawaiipublicschools.org\/vi\/wp-json\/wp\/v2\/pages\/22"}],"wp:attachment":[{"href":"https:\/\/hawaiipublicschools.org\/vi\/wp-json\/wp\/v2\/media?parent=38"}],"curies":[{"name":"wp","href":"https:\/\/api.w.org\/{rel}","templated":true}]}}