{"id":37,"date":"2024-09-04T22:17:46","date_gmt":"2024-09-04T22:17:46","guid":{"rendered":"https:\/\/hawaiipublicschools.org\/?page_id=37"},"modified":"2026-01-26T09:30:28","modified_gmt":"2026-01-26T19:30:28","slug":"seal-of-biliteracy","status":"publish","type":"page","link":"https:\/\/hawaiipublicschools.org\/vi\/academics\/seal-of-biliteracy\/","title":{"rendered":"Con d\u1ea5u c\u1ee7a s\u1ef1 song ng\u1eef"},"content":{"rendered":"<p class=\"intro\" style=\"font-size:clamp(0.875rem, 0.875rem + ((1vw - 0.2rem) * 0.531), 1.3rem);\">The Hawai\u02bbi State Board of Education established a Seal of Biliteracy to be awarded upon graduation to students who demonstrate a high proficiency in both of the state&#8217;s two official languages (English and Hawaiian) OR either of the state\u2019s two official languages and at least one additional language, including American Sign Language.<\/p>\n\n\n\n<p class=\"has-text-align-center\"><mark style=\"background-color:rgba(0, 0, 0, 0)\" class=\"has-inline-color has-accent-color\">The application window for the Seal of Biliteracy\u00a0has closed.<\/mark><\/p>\n\n\n\n<h2 class=\"wp-block-heading\">M\u1ee5c \u0111\u00edch<\/h2>\n\n\n\n<ul class=\"wp-block-list\">\n<li>Gi\u00fap h\u1ecdc sinh s\u1eb5n s\u00e0ng v\u00e0o \u0111\u1ea1i h\u1ecdc, theo \u0111u\u1ed5i s\u1ef1 nghi\u1ec7p v\u00e0 h\u00f2a nh\u1eadp c\u1ed9ng \u0111\u1ed3ng trong m\u1ed9t x\u00e3 h\u1ed9i to\u00e0n c\u1ea7u.<\/li>\n\n\n\n<li>X\u00e2y d\u1ef1ng m\u1ed9t n\u1ec1n v\u0103n h\u00f3a gi\u00e1o d\u1ee5c c\u00f4ng nh\u1eadn v\u00e0 \u0111\u00e1nh gi\u00e1 cao s\u1ef1 \u0111a d\u1ea1ng v\u1ec1 ng\u00f4n ng\u1eef v\u00e0 v\u0103n h\u00f3a m\u00e0 sinh vi\u00ean mang \u0111\u1ebfn l\u1edbp h\u1ecdc.<\/li>\n\n\n\n<li>To support opportunities for the study of and increase proficiency in \u2018\u014dlelo Hawai\u02bbi.<\/li>\n\n\n\n<li>Khuy\u1ebfn kh\u00edch h\u1ee3p t\u00e1c v\u1edbi c\u00e1c t\u1ed5 ch\u1ee9c gi\u00e1o d\u1ee5c \u0111\u1ea1i h\u1ecdc v\u00e0 c\u1ed9ng \u0111\u1ed3ng \u0111\u1ec3 t\u0103ng c\u01b0\u1eddng kh\u1ea3 n\u0103ng ti\u1ebfp c\u1eadn ch\u01b0\u01a1ng tr\u00ecnh gi\u1ea3ng d\u1ea1y ng\u00f4n ng\u1eef b\u1eb1ng nhi\u1ec1u ng\u00f4n ng\u1eef kh\u00e1c nhau.\u200b<\/li>\n<\/ul>\n\n\n\n<h2 class=\"wp-block-heading\">\u0110i\u1ec1u ki\u1ec7n \u0111\u1ee7<\/h2>\n\n\n\n<ol class=\"wp-block-list\">\n<li>Ph\u1ea3i l\u00e0 h\u1ecdc sinh cu\u1ed1i c\u1ea5p \u0111ang theo h\u1ecdc t\u1ea1i m\u1ed9t tr\u01b0\u1eddng c\u00f4ng l\u1eadp ho\u1eb7c tr\u01b0\u1eddng \u0111\u1eb7c quy\u1ec1n c\u1ee7a Hawai\u02bbi.<\/li>\n\n\n\n<li>Ch\u1ee9ng t\u1ecf tr\u00ecnh \u0111\u1ed9 th\u00f4ng th\u1ea1o \u02bb\u014dlelo Hawai\u02bbi ho\u1eb7c ti\u1ebfng Anh. V\u00ec<strong> &#039;\u014dlelo Hawai\u02bbi<\/strong>,<strong> <\/strong>\u0111i\u1ec3m trung b\u00ecnh t\u00edch l\u0169y (GPA) t\u1ed1i thi\u1ec3u l\u00e0 3,0 khi t\u1ed1t nghi\u1ec7p c\u00e1c kh\u00f3a h\u1ecdc Ng\u00f4n ng\u1eef ngh\u1ec7 thu\u1eadt Hawaii \u0111\u01b0\u1ee3c y\u00eau c\u1ea7u \u0111\u1ec3 l\u1ea5y b\u1eb1ng t\u1ed1t nghi\u1ec7p trung h\u1ecdc. \u0110\u1ed1i v\u1edbi <strong>Ti\u1ebfng Anh<\/strong>, ch\u1ecdn m\u1ed9t trong nh\u1eefng m\u1ee5c sau:\n<ul class=\"wp-block-list\">\n<li>\u0110i\u1ec3m trung b\u00ecnh t\u00edch l\u0169y t\u1ed1i thi\u1ec3u l\u00e0 3,0 sau khi t\u1ed1t nghi\u1ec7p c\u00e1c kh\u00f3a h\u1ecdc Ng\u00f4n ng\u1eef Anh \u0111\u1ec3 \u0111\u01b0\u1ee3c c\u1ea5p b\u1eb1ng t\u1ed1t nghi\u1ec7p trung h\u1ecdc.<\/li>\n\n\n\n<li>\u0110\u1ea1t \u0111i\u1ec3m \u201c3\u201d tr\u1edf l\u00ean trong b\u00e0i \u0111\u00e1nh gi\u00e1 Ng\u00f4n ng\u1eef\/Ki\u1ebfn th\u1ee9c ti\u1ebfng Anh Smarter Balanced khi ho\u00e0n th\u00e0nh \u1edf L\u1edbp 11.<\/li>\n\n\n\n<li>\u0110i\u1ec3m \u201c3\u201d tr\u1edf l\u00ean trong k\u1ef3 thi Ti\u1ebfng Anh v\u00e0 Vi\u1ebft n\u00e2ng cao (AP).<\/li>\n\n\n\n<li>\u0110i\u1ec3m \u201c4\u201d tr\u1edf l\u00ean trong k\u1ef3 thi ti\u1ebfng Anh c\u1ee7a ch\u01b0\u01a1ng tr\u00ecnh T\u00fa t\u00e0i qu\u1ed1c t\u1ebf (IB).<\/li>\n\n\n\n<li>\u0110i\u1ec3m t\u1ed5ng h\u1ee3p \u00edt nh\u1ea5t l\u00e0 480 trong k\u1ef3 thi \u0110\u1ecdc\/Vi\u1ebft SAT.<\/li>\n\n\n\n<li>\u0110i\u1ec3m t\u1ed5ng h\u1ee3p \u00edt nh\u1ea5t l\u00e0 18 trong k\u1ef3 thi ti\u1ebfng Anh ACT.<\/li>\n\n\n\n<li>\u0110i\u1ec3m trung b\u00ecnh \u00edt nh\u1ea5t l\u00e0 4,5 trong k\u1ef3 thi ACCESS d\u00e0nh cho ELL g\u1ea7n \u0111\u00e2y nh\u1ea5t.<\/li>\n<\/ul>\n<\/li>\n\n\n\n<li>\u0110\u1ea1t \u0111\u01b0\u1ee3c s\u1ed1 \u0111i\u1ec3m c\u1ea7n thi\u1ebft cho m\u1ed9t ho\u1eb7c nhi\u1ec1u y\u00eau c\u1ea7u v\u1ec1 ng\u00f4n ng\u1eef th\u1ebf gi\u1edbi sau \u0111\u00e2y:\n<ul class=\"wp-block-list\">\n<li>Ph\u1ecfng v\u1ea5n n\u0103ng l\u1ef1c n\u00f3i (OPI) v\u00e0 B\u00e0i ki\u1ec3m tra n\u0103ng l\u1ef1c vi\u1ebft (WPT) c\u1ee7a ACTFL: X\u1ebfp lo\u1ea1i trung c\u1ea5p tr\u1edf l\u00ean \u1edf m\u1ed7i l\u0129nh v\u1ef1c ng\u00f4n ng\u1eef.<\/li>\n\n\n\n<li>K\u1ef3 thi ng\u00f4n ng\u1eef AP: \u0110i\u1ec3m t\u1eeb 3 tr\u1edf l\u00ean.<\/li>\n\n\n\n<li>Ph\u1ecfng v\u1ea5n \u0111\u00e1nh gi\u00e1 n\u0103ng l\u1ef1c ng\u00f4n ng\u1eef k\u00fd hi\u1ec7u Hoa K\u1ef3 (ASLPI): \u0110i\u1ec3m t\u1eeb 2 tr\u1edf l\u00ean.<\/li>\n\n\n\n<li>K\u1ef3 thi Avant: \u0110i\u1ec3m t\u1eeb 5 tr\u1edf l\u00ean \u1edf m\u1ed7i l\u0129nh v\u1ef1c ng\u00f4n ng\u1eef.<\/li>\n\n\n\n<li>Ng\u00f4n ng\u1eef IB: \u0110i\u1ec3m t\u1eeb 4 tr\u1edf l\u00ean.<\/li>\n<\/ul>\n<\/li>\n<\/ol>\n\n\n\n<h2 class=\"wp-block-heading\">Ph\u1ea7n th\u01b0\u1edfng<\/h2>\n\n\n\n<p>Nh\u1eefng ng\u01b0\u1eddi \u0111\u01b0\u1ee3c vinh danh v\u1edbi Con d\u1ea5u song ng\u1eef s\u1ebd \u0111\u01b0\u1ee3c g\u1eafn Con d\u1ea5u song ng\u1eef v\u00e0o b\u1ea3ng \u0111i\u1ec3m, m\u1ed9t huy ch\u01b0\u01a1ng v\u00e0 m\u1ed9t gi\u1ea5y ch\u1ee9ng nh\u1eadn.&nbsp;<\/p>\n\n\n\n<h2 class=\"wp-block-heading\">T\u00e0i nguy\u00ean tri\u1ec3n khai cho tr\u01b0\u1eddng h\u1ecdc v\u00e0 khu ph\u1ee9c h\u1ee3p<\/h2>\n\n\n\n<p>Xem <a href=\"https:\/\/docs.google.com\/document\/d\/1YZtjfx-0v8Km2O6umU7ZIXMp2EQctxyMyonYmCBKMQE\/edit?userstoinvite=4251000964%40k12.hi.us\" target=\"_blank\" rel=\"noreferrer noopener\">Ng\u00f4n ng\u1eef v\u00e0 \u0111\u00e1nh gi\u00e1 c\u00f3 s\u1eb5n (Google Doc)<\/a> cho c\u00e1c ng\u00f4n ng\u1eef v\u00e0 \u0111\u00e1nh gi\u00e1 \u0111\u01b0\u1ee3c ch\u1ea5p nh\u1eadn cho D\u1ea5u \u1ea5n song ng\u1eef c\u1ee7a Ti\u1ec3u bang Hawai\u02bbi. T\u00e0i li\u1ec7u ti\u1ebfp c\u1eadn c\u00f3 s\u1eb5n b\u1eb1ng c\u00e1c ng\u00f4n ng\u1eef sau:<\/p>\n\n\n\n<div class=\"wp-block-columns is-layout-flex wp-container-core-columns-is-layout-28f84493 wp-block-columns-is-layout-flex\">\n<div class=\"wp-block-column is-layout-flow wp-block-column-is-layout-flow\">\n<ul class=\"wp-block-list\">\n<li>\u200b<a href=\"\/wp-content\/uploads\/SealofBiliteracyFlyer_OleloHawaii.pdf\" target=\"_blank\" rel=\"noreferrer noopener\">\u02bb\u014clelo Hawai\u02bbi (PDF)<\/a>&nbsp;<\/li>\n\n\n\n<li><a href=\"\/vi\/DOE%20Forms\/Graduation\/SealofBiliteracyFlyer.pdf\/\" target=\"_blank\" rel=\"noreferrer noopener\">Ti\u1ebfng Anh (PDF)<\/a>&nbsp;<\/li>\n\n\n\n<li><a href=\"\/vi\/DOE%20Forms\/Graduation\/Translations\/SealofBiliteracyFlyer_Arabic.pdf\/\" target=\"_blank\" rel=\"noreferrer noopener\">Ti\u1ebfng \u1ea2 R\u1eadp (PDF)<\/a><\/li>\n\n\n\n<li><a href=\"\/vi\/DOE%20Forms\/Graduation\/Translations\/SealofBiliteracyFlyer_SimplifiedChinese.pdf\/\" target=\"_blank\" rel=\"noreferrer noopener\">Ti\u1ebfng Trung (gi\u1ea3n th\u1ec3) (PDF)<\/a><\/li>\n\n\n\n<li><a href=\"\/vi\/DOE%20Forms\/Graduation\/Translations\/SealofBiliteracyFlyer_TraditionalChinese.pdf\/\" target=\"_blank\" rel=\"noreferrer noopener\">Ti\u1ebfng Trung (Ph\u1ed3n th\u1ec3) (PDF)<\/a><\/li>\n\n\n\n<li><a href=\"\/vi\/DOE%20Forms\/Graduation\/Translations\/SealofBiliteracyFlyer_Chuukese.pdf\/\">Ti\u1ebfng Chuuk (PDF)<\/a><\/li>\n\n\n\n<li><a href=\"\/vi\/DOE%20Forms\/Graduation\/Translations\/SealofBiliteracyFlyer_French.pdf\/\" target=\"_blank\" rel=\"noreferrer noopener\">Ti\u1ebfng Ph\u00e1p (PDF)<\/a><\/li>\n<\/ul>\n\n\n\n<h3 class=\"wp-block-heading\">Nh\u1eefng c\u00e2u h\u1ecfi th\u01b0\u1eddng g\u1eb7p<\/h3>\n<\/div>\n\n\n\n<div class=\"wp-block-column is-layout-flow wp-block-column-is-layout-flow\">\n<ul class=\"wp-block-list\">\n<li><a href=\"\/vi\/DOE%20Forms\/Graduation\/Translations\/SealofBiliteracyFlyer_German.pdf\/\" target=\"_blank\" rel=\"noreferrer noopener\">Ti\u1ebfng \u0110\u1ee9c (PDF)<\/a><\/li>\n\n\n\n<li><a href=\"\/vi\/DOE%20Forms\/Graduation\/Translations\/SealofBiliteracyFlyer_Ilocano.pdf\/\" target=\"_blank\" rel=\"noreferrer noopener\">Ti\u1ebfng Ilocano (PDF)<\/a><\/li>\n\n\n\n<li><a href=\"\/vi\/DOE%20Forms\/Graduation\/Translations\/SealofBiliteracyFlyer_Italian.pdf\/\" target=\"_blank\" rel=\"noreferrer noopener\">Ti\u1ebfng \u00dd (PDF)<\/a><\/li>\n\n\n\n<li><a href=\"\/vi\/DOE%20Forms\/Graduation\/Translations\/SealofBiliteracyFlyer_Japanese.pdf\/\" target=\"_blank\" rel=\"noreferrer noopener\">Ti\u1ebfng Nh\u1eadt (PDF)<\/a><\/li>\n\n\n\n<li><a href=\"\/vi\/DOE%20Forms\/Graduation\/Translations\/SealofBiliteracyFlyer_Korean.pdf\/\" target=\"_blank\" rel=\"noreferrer noopener\">Ti\u1ebfng H\u00e0n (PDF)<\/a><\/li>\n\n\n\n<li><a href=\"\/vi\/DOE%20Forms\/Graduation\/Translations\/SealofBiliteracyFlyer_Marshallese.pdf\/\" target=\"_blank\" rel=\"noreferrer noopener\">Ti\u1ebfng Marshall (PDF)<\/a><\/li>\n<\/ul>\n<\/div>\n\n\n\n<div class=\"wp-block-column is-layout-flow wp-block-column-is-layout-flow\">\n<ul class=\"wp-block-list\">\n<li><a href=\"\/vi\/DOE%20Forms\/Graduation\/Translations\/SealofBiliteracyFlyer_Portuguese-Brazilian.pdf\/\" target=\"_blank\" rel=\"noreferrer noopener\">Ti\u1ebfng B\u1ed3 \u0110\u00e0o Nha (Brazil) (PDF)<\/a><\/li>\n\n\n\n<li><a href=\"\/vi\/DOE%20Forms\/Graduation\/Translations\/SealofBiliteracyFlyer_Russian.pdf\/\" target=\"_blank\" rel=\"noreferrer noopener\">Ti\u1ebfng Nga (PDF)<\/a><\/li>\n\n\n\n<li><a href=\"\/vi\/DOE%20Forms\/Graduation\/Translations\/SealofBiliteracyFlyer_Samoan.pdf\/\" target=\"_blank\" rel=\"noreferrer noopener\">Ti\u1ebfng Samoa (PDF)<\/a><\/li>\n\n\n\n<li><a href=\"\/vi\/DOE%20Forms\/Graduation\/Translations\/SealofBiliteracyFlyer_Spanish.pdf\/\" target=\"_blank\" rel=\"noreferrer noopener\">Ti\u1ebfng T\u00e2y Ban Nha (PDF)<\/a><\/li>\n\n\n\n<li><a href=\"\/vi\/DOE%20Forms\/Graduation\/Translations\/SealofBiliteracyFlyer_Tagalog.pdf\/\" target=\"_blank\" rel=\"noreferrer noopener\">Ti\u1ebfng Vi\u1ec7t (PDF)<\/a><\/li>\n\n\n\n<li><a href=\"\/vi\/DOE%20Forms\/Graduation\/Translations\/SealofBiliteracyFlyer_Vietnamese.pdf\/\" target=\"_blank\" rel=\"noreferrer noopener\">Ti\u1ebfng Vi\u1ec7t (PDF)<\/a><\/li>\n<\/ul>\n<\/div>\n<\/div>\n\n\n\n<p>Xem <a href=\"\/vi\/DOE%20Forms\/Graduation\/HI_Seal_of_Biliteracy_FAQs.pdf\/\" target=\"_blank\" rel=\"noreferrer noopener\">Nh\u1eefng c\u00e2u h\u1ecfi th\u01b0\u1eddng g\u1eb7p (PDF)<\/a> \u0111\u1ec3 bi\u1ebft c\u00e1c c\u00e2u h\u1ecfi chung v\u00e0 c\u00e2u tr\u1ea3 l\u1eddi li\u00ean quan \u0111\u1ebfn \u1ea4n t\u00edn song ng\u1eef.<\/p>\n\n\n\n<h3 class=\"wp-block-heading\">H\u01b0\u1edbng d\u1eabn th\u00f4ng tin<\/h3>\n\n\n\n<p>Xem c\u00e1c h\u01b0\u1edbng d\u1eabn th\u00f4ng tin v\u00e0 c\u00e1c b\u01b0\u1edbc h\u00e0nh \u0111\u1ed9ng sau \u0111\u00e2y \u0111\u1ec3 theo \u0111u\u1ed5i, th\u1ef1c hi\u1ec7n ho\u1eb7c th\u00fac \u0111\u1ea9y D\u1ea5u \u1ea5n song ng\u1eef.<\/p>\n\n\n\n<ul class=\"wp-block-list\">\n<li><a href=\"\/vi\/DOE%20Forms\/Graduation\/HISeal_StudentFamilyGuide.pdf\/\" target=\"_blank\" rel=\"noreferrer noopener\">D\u00e0nh cho h\u1ecdc sinh v\u00e0 gia \u0111\u00ecnh (PDF)<\/a><\/li>\n\n\n\n<li><a href=\"\/vi\/DOE%20Forms\/Graduation\/HISeal_TeacherGuide.pdf\/\" target=\"_blank\" rel=\"noreferrer noopener\">D\u00e0nh cho gi\u00e1o vi\u00ean trung h\u1ecdc ph\u1ed5 th\u00f4ng (PDF)<\/a><\/li>\n\n\n\n<li><a href=\"\/vi\/DOE%20Forms\/Graduation\/HISeal_AdminGuide.pdf\/\" target=\"_blank\" rel=\"noreferrer noopener\">D\u00e0nh cho Qu\u1ea3n l\u00fd Tr\u01b0\u1eddng Trung h\u1ecdc (PDF)<\/a><\/li>\n<\/ul>\n\n\n\n<h3 class=\"wp-block-heading\">Nh\u1eefng ng\u01b0\u1eddi \u0111\u01b0\u1ee3c vinh danh trong qu\u00e1 kh\u1ee9<\/h3>\n\n\n\n<p>T\u1ed5ng quan v\u1ec1 s\u1ed1 l\u01b0\u1ee3ng ng\u01b0\u1eddi \u0111\u01b0\u1ee3c vinh danh nh\u1eadn Gi\u1ea3i th\u01b0\u1edfng Song ng\u1eef m\u1ed7i n\u0103m k\u1ec3 t\u1eeb L\u1edbp 2017.<\/p>\n\n\n\n<ul class=\"wp-block-list\">\n<li><a href=\"https:\/\/docs.google.com\/document\/d\/1JKON3m2fLW69PlU1N_YG6MSwVILrzULDHe9MGDkAN5Q\/edit\" target=\"_blank\" rel=\"noreferrer noopener\">Nh\u1eefng ng\u01b0\u1eddi \u0111\u01b0\u1ee3c vinh danh l\u00e0 Con d\u1ea5u song ng\u1eef c\u1ee7a Ti\u1ec3u bang Hawai\u02bbi (Google Doc)<\/a>: <\/li>\n<\/ul>\n\n\n\n<p><\/p>\n\n\n\n<p><\/p>","protected":false},"excerpt":{"rendered":"<p>The Hawai\u02bbi State Board of Education established a Seal of Biliteracy to be awarded upon graduation to students who demonstrate a high proficiency in both of the state&#8217;s two official languages (English and Hawaiian) OR either of the state\u2019s two official languages and at least one additional language, including American Sign Language. The application window [&hellip;]<\/p>","protected":false},"author":8,"featured_media":0,"parent":22,"menu_order":32,"comment_status":"closed","ping_status":"closed","template":"","meta":{"_relevanssi_hide_post":"","_relevanssi_hide_content":"","_relevanssi_pin_for_all":"","_relevanssi_pin_keywords":"","_relevanssi_unpin_keywords":"","_relevanssi_related_keywords":"","_relevanssi_related_include_ids":"","_relevanssi_related_exclude_ids":"","_relevanssi_related_no_append":"","_relevanssi_related_not_related":"","_relevanssi_related_posts":"1022,856,888,893,1619,1622","_relevanssi_noindex_reason":"","_sitemap_exclude":false,"_sitemap_priority":"","_sitemap_frequency":"","_kad_blocks_custom_css":"","_kad_blocks_head_custom_js":"","_kad_blocks_body_custom_js":"","_kad_blocks_footer_custom_js":"","wp_popup_display_lightbox":0,"wp_popup_suppress":"","wp_popup_trigger":"","wp_popup_trigger_amount":0,"wp_popup_disable_on_mobile":false,"footnotes":""},"class_list":["post-37","page","type-page","status-publish","hentry"],"pp_statuses_selecting_workflow":false,"pp_workflow_action":"current","pp_status_selection":"publish","taxonomy_info":[],"featured_image_src_large":false,"author_info":{"display_name":"Ariana Enomoto","author_link":"https:\/\/hawaiipublicschools.org\/vi\/author\/arianastaceyleong-com\/"},"comment_info":0,"publishpress_future_action":{"enabled":false,"date":"2026-05-04 22:36:55","action":"change-status","newStatus":"draft","terms":[],"taxonomy":"","extraData":[]},"publishpress_future_workflow_manual_trigger":{"enabledWorkflows":[]},"_links":{"self":[{"href":"https:\/\/hawaiipublicschools.org\/vi\/wp-json\/wp\/v2\/pages\/37","targetHints":{"allow":["GET"]}}],"collection":[{"href":"https:\/\/hawaiipublicschools.org\/vi\/wp-json\/wp\/v2\/pages"}],"about":[{"href":"https:\/\/hawaiipublicschools.org\/vi\/wp-json\/wp\/v2\/types\/page"}],"author":[{"embeddable":true,"href":"https:\/\/hawaiipublicschools.org\/vi\/wp-json\/wp\/v2\/users\/8"}],"replies":[{"embeddable":true,"href":"https:\/\/hawaiipublicschools.org\/vi\/wp-json\/wp\/v2\/comments?post=37"}],"version-history":[{"count":0,"href":"https:\/\/hawaiipublicschools.org\/vi\/wp-json\/wp\/v2\/pages\/37\/revisions"}],"up":[{"embeddable":true,"href":"https:\/\/hawaiipublicschools.org\/vi\/wp-json\/wp\/v2\/pages\/22"}],"wp:attachment":[{"href":"https:\/\/hawaiipublicschools.org\/vi\/wp-json\/wp\/v2\/media?parent=37"}],"curies":[{"name":"wp","href":"https:\/\/api.w.org\/{rel}","templated":true}]}}