{"id":29,"date":"2024-09-04T22:11:39","date_gmt":"2024-09-04T22:11:39","guid":{"rendered":"https:\/\/hawaiipublicschools.org\/?page_id=29"},"modified":"2025-10-06T08:48:57","modified_gmt":"2025-10-06T18:48:57","slug":"college-career-readiness","status":"publish","type":"page","link":"https:\/\/hawaiipublicschools.org\/vi\/academics\/secondary-middle-high-school\/college-career-readiness\/","title":{"rendered":"S\u1eb5n s\u00e0ng v\u00e0o Cao \u0111\u1eb3ng v\u00e0 Ngh\u1ec1 nghi\u1ec7p"},"content":{"rendered":"<h2 class=\"wp-block-heading\">Ch\u01b0\u01a1ng tr\u00ecnh t\u00edn ch\u1ec9 k\u00e9p<\/h2>\n\n\n\n<p>Dual credit programs provide opportunities for Hawai\u02bbi high school students to enroll in University of Hawai\u02bbi (UH) classes\u00ad\u00ad\u00ad at the 100-level and above and\u2014upon successful completion\u2014earn both high school and college credit. Students should consult with the colleges they plan to attend post-high school graduation regarding credit transferability. The two most common dual credit programs in Hawai\u02bbi are Early College and Running Start.\u00a0<\/p>\n\n\n\n<h3 class=\"wp-block-heading\">Cao \u0111\u1eb3ng s\u1edbm<\/h3>\n\n\n\n<p>H\u1ecdc sinh tham gia t\u1eeb l\u1edbp 9 \u0111\u1ebfn l\u1edbp 12 \u0111\u0103ng k\u00fd v\u00e0o c\u00e1c kh\u00f3a h\u1ecdc \u0111\u01b0\u1ee3c b\u1ea3o v\u1ec7 (t\u1ee9c l\u00e0 ch\u1ec9 bao g\u1ed3m c\u00e1c b\u1ea1n h\u1ecdc trung h\u1ecdc) c\u1ee7a UH do c\u00e1c gi\u1ea3ng vi\u00ean UH gi\u1ea3ng d\u1ea1y \u1edf c\u1ea5p \u0111\u1ed9 100 tr\u1edf l\u00ean. M\u00f4i tr\u01b0\u1eddng \u0111\u01b0\u1ee3c b\u1ea3o v\u1ec7 cho ph\u00e9p h\u1ecdc sinh nh\u1eadn \u0111\u01b0\u1ee3c s\u1ef1 h\u1ed7 tr\u1ee3 t\u1eeb tr\u01b0\u1eddng trung h\u1ecdc v\u00e0 khu\u00f4n vi\u00ean tr\u01b0\u1eddng UH. <a href=\"https:\/\/www.hawaii.edu\/dualcredit\/early-college\/\" data-type=\"link\" data-id=\"https:\/\/www.hawaii.edu\/dualcredit\/early-college\/\" target=\"_blank\" rel=\"noreferrer noopener\">Ch\u01b0\u01a1ng tr\u00ecnh Cao \u0111\u1eb3ng s\u1edbm<\/a> nh\u1eb1m m\u1ee5c \u0111\u00edch cung c\u1ea5p cho sinh vi\u00ean s\u1ef1 t\u1ef1 tin \u0111\u1ec3 bi\u1ebft r\u1eb1ng h\u1ecd c\u00f3 th\u1ec3 x\u1eed l\u00fd \u0111\u01b0\u1ee3c nh\u1eefng kh\u00f3 kh\u0103n c\u1ee7a n\u1ec1n gi\u00e1o d\u1ee5c \u0111\u1ea1i h\u1ecdc c\u0169ng nh\u01b0 b\u1eaft \u0111\u1ea7u t\u1ea1o \u0111\u1ed9ng l\u1ef1c h\u01b0\u1edbng t\u1edbi b\u1eb1ng c\u1ea5p \u0111\u1ea1i h\u1ecdc.<\/p>\n\n\n\n<p>V\u00e0o th\u00e1ng 2 n\u0103m 2024, Khoa v\u00e0 UH \u0111\u00e3 c\u00f9ng nhau ph\u00e1t h\u00e0nh <a href=\"https:\/\/drive.google.com\/file\/d\/1YONDWA2lpqtfKwxZ3CPIoC8hMZKD5236\/view?usp=sharing\" target=\"_blank\" rel=\"noreferrer noopener\">H\u01b0\u1edbng \u0111i chi\u1ebfn l\u01b0\u1ee3c c\u1ee7a tr\u01b0\u1eddng Cao \u0111\u1eb3ng s\u1edbm (Google Drive)<\/a> \u0111\u1ec3 thi\u1ebft l\u1eadp t\u1ea7m nh\u00ecn chung trong ti\u1ec3u bang cho ch\u01b0\u01a1ng tr\u00ecnh Cao \u0111\u1eb3ng S\u1edbm. T\u1ea7m nh\u00ecn s\u1ebd h\u01b0\u1edbng d\u1eabn ho\u1ea1t \u0111\u1ed9ng th\u1ef1c h\u00e0nh trong t\u01b0\u01a1ng lai, \u0111\u1eb7c bi\u1ec7t l\u00e0 t\u1eadp trung n\u1ed7 l\u1ef1c v\u00e0o c\u00e1c nh\u00f3m ch\u01b0a \u0111\u01b0\u1ee3c \u0111\u1ea1i di\u1ec7n v\u00e0 t\u1eadn d\u1ee5ng ch\u01b0\u01a1ng tr\u00ecnh \u0111\u1ec3 t\u0103ng s\u1ed1 l\u01b0\u1ee3ng tuy\u1ec3n sinh v\u00e0o cao \u0111\u1eb3ng.<\/p>\n\n\n\n<p>Ch\u01b0\u01a1ng tr\u00ecnh Early College kh\u00e1c nhau t\u00f9y theo tr\u01b0\u1eddng trung h\u1ecdc tham gia. Vui l\u00f2ng li\u00ean h\u1ec7 v\u1edbi \u0111i\u1ec1u ph\u1ed1i vi\u00ean Early College t\u1ea1i tr\u01b0\u1eddng trung h\u1ecdc c\u1ee7a b\u1ea1n \u0111\u1ec3 bi\u1ebft th\u00eam th\u00f4ng tin.<\/p>\n\n\n\n<h3 class=\"wp-block-heading\">\u200b\u200b\u200b\u200b\u200b\u200b\u200b\u200b\u200b\u200b\u200b\u200bCh\u1ea1y B\u1eaft \u0110\u1ea7u<\/h3>\n\n\n\n<p><a href=\"https:\/\/www.hawaii.edu\/dualcredit\/running-start\/\" target=\"_blank\" rel=\"noreferrer noopener\">Ch\u1ea1y B\u1eaft \u0110\u1ea7u<\/a> l\u00e0 ch\u01b0\u01a1ng tr\u00ecnh cho ph\u00e9p h\u1ecdc sinh trung h\u1ecdc \u0111\u1ee7 \u0111i\u1ec1u ki\u1ec7n \u0111\u0103ng k\u00fd c\u00e1c kh\u00f3a h\u1ecdc UH \u1edf c\u1ea5p \u0111\u1ed9 100 tr\u1edf l\u00ean v\u00e0 tham gia c\u00e1c l\u1edbp h\u1ecdc c\u00f9ng v\u1edbi sinh vi\u00ean \u0111\u1ea1i h\u1ecdc \u0111\u0103ng k\u00fd ch\u00ednh th\u1ee9c t\u1ea1i c\u00e1c c\u01a1 s\u1edf trong h\u1ec7 th\u1ed1ng UH. Vi\u1ec7c \u0111\u01b0a \u0111\u00f3n \u0111\u1ebfn c\u00e1c c\u01a1 s\u1edf l\u00e0 tr\u00e1ch nhi\u1ec7m c\u1ee7a h\u1ecdc sinh.<\/p>\n\n\n\n<h2 class=\"wp-block-heading\">\u00c1p d\u1ee5ng<\/h2>\n\n\n\n<p>Tham kh\u1ea3o \u00fd ki\u1ebfn c\u1ed1 v\u1ea5n ph\u00f9 h\u1ee3p t\u1ea1i tr\u01b0\u1eddng trung h\u1ecdc c\u1ee7a b\u1ea1n tr\u01b0\u1edbc khi \u0111\u0103ng k\u00fd b\u1ea5t k\u1ef3 kh\u00f3a h\u1ecdc t\u00edn ch\u1ec9 k\u00e9p n\u00e0o. H\u1ecdc sinh c\u1ea7n ho\u00e0n th\u00e0nh <a href=\"https:\/\/www.hawaii.edu\/dualcredit\/\" target=\"_blank\" rel=\"noreferrer noopener\">\u0110\u01a1n xin t\u00edn ch\u1ec9 k\u00e9p<\/a>, y\u00eau c\u1ea7u s\u1ef1 cho ph\u00e9p c\u1ee7a ph\u1ee5 huynh\/ng\u01b0\u1eddi gi\u00e1m h\u1ed9, c\u1ed1 v\u1ea5n tr\u01b0\u1eddng trung h\u1ecdc v\u00e0 hi\u1ec7u tr\u01b0\u1edfng tr\u01b0\u1eddng trung h\u1ecdc c\u1ee7a h\u1ecdc sinh. C\u1ed1 v\u1ea5n tr\u01b0\u1eddng trung h\u1ecdc c\u1ee7a h\u1ecdc sinh ph\u1ea3i xem x\u00e9t nhu c\u1ea7u v\u1ec1 \u0111i\u1ec3m x\u1ebfp l\u1edbp v\u00e0 c\u00e1c \u0111i\u1ec1u ki\u1ec7n ti\u00ean quy\u1ebft kh\u00e1c, n\u1ebfu c\u00f3, \u0111\u1ed1i v\u1edbi khu\u00f4n vi\u00ean tr\u01b0\u1eddng \u0111\u1ea1i h\u1ecdc n\u01a1i h\u1ecdc sinh d\u1ef1 \u0111\u1ecbnh \u0111\u0103ng k\u00fd. C\u1ed1 v\u1ea5n c\u0169ng s\u1ebd gi\u00fap x\u00e1c \u0111\u1ecbnh xem kh\u00f3a h\u1ecdc \u0111\u1ea1i h\u1ecdc c\u00f3 \u0111\u00e1p \u1ee9ng y\u00eau c\u1ea7u c\u1ee5 th\u1ec3 hay m\u00f4n t\u1ef1 ch\u1ecdn \u0111\u1ec3 t\u1ed1t nghi\u1ec7p trung h\u1ecdc hay kh\u00f4ng. Sau khi nh\u1eadn \u0111\u01b0\u1ee3c t\u1ea5t c\u1ea3 c\u00e1c ph\u00ea duy\u1ec7t, h\u1ecdc sinh s\u1ebd n\u1ed9p \u0111\u01a1n \u0111\u0103ng k\u00fd, c\u00f9ng v\u1edbi <a href=\"http:\/\/www.hawaii.edu\/admissions\/\" target=\"_blank\" rel=\"noreferrer noopener\">\u0110\u01a1n xin v\u00e0o \u0110\u1ea1i h\u1ecdc Hawai\u02bbi<\/a>, \u0111\u1ebfn c\u01a1 s\u1edf UH m\u00e0 h\u1ecd mu\u1ed1n theo h\u1ecdc. Sau khi \u0111\u01b0\u1ee3c nh\u1eadn, sinh vi\u00ean n\u00ean g\u1eb7p c\u1ed1 v\u1ea5n UH Running Start \u0111\u1ec3 \u0111\u01b0\u1ee3c h\u1ed7 tr\u1ee3 th\u00eam trong vi\u1ec7c \u0111\u0103ng k\u00fd kh\u00f3a h\u1ecdc v\u00e0 \u0111\u1ea3m b\u1ea3o \u0111\u00e1p \u1ee9ng m\u1ecdi y\u00eau c\u1ea7u tuy\u1ec3n sinh c\u1ee7a tr\u01b0\u1eddng \u0111\u1ea1i h\u1ecdc.<\/p>\n\n\n\n<h2 class=\"wp-block-heading\">T\u01b0 v\u1ea5n<\/h2>\n\n\n\n<p>M\u1eb7c d\u00f9 c\u00e1c ch\u01b0\u01a1ng tr\u00ecnh t\u00edn ch\u1ec9 k\u00e9p cung c\u1ea5p c\u01a1 h\u1ed9i tuy\u1ec7t v\u1eddi \u0111\u1ec3 t\u1ea1o \u0111\u00e0 h\u01b0\u1edbng t\u1edbi b\u1eb1ng \u0111\u1ea1i h\u1ecdc, nh\u01b0ng ch\u00fang c\u0169ng \u0111i k\u00e8m v\u1edbi tr\u00e1ch nhi\u1ec7m l\u1edbn. M\u1ed9t sinh vi\u00ean quy\u1ebft \u0111\u1ecbnh b\u1ecf ho\u1eb7c r\u00fat kh\u1ecfi m\u1ed9t kh\u00f3a h\u1ecdc \u0111\u1ea1i h\u1ecdc gi\u1eefa h\u1ecdc k\u1ef3 c\u00f3 nguy c\u01a1 kh\u00f4ng \u0111\u00e1p \u1ee9ng \u0111\u01b0\u1ee3c c\u00e1c y\u00eau c\u1ea7u t\u1ed1t nghi\u1ec7p trung h\u1ecdc v\u00e0 \u0111i\u1ec3m s\u1ed1 s\u1ebd v\u1eabn n\u1eb1m trong b\u1ea3ng \u0111i\u1ec3m \u0111\u1ea1i h\u1ecdc v\u0129nh vi\u1ec5n c\u1ee7a h\u1ecd. \u0110i\u1ec1u quan tr\u1ecdng l\u00e0 h\u1ecdc sinh v\u00e0 ph\u1ee5 huynh ph\u1ea3i xem x\u00e9t t\u1ea5t c\u1ea3 c\u00e1c t\u00e0i li\u1ec7u tham kh\u1ea3o v\u00e0 t\u00ecm ki\u1ebfm th\u00eam th\u00f4ng tin, n\u1ebfu c\u1ea7n, t\u1eeb c\u1ed1 v\u1ea5n trung h\u1ecdc v\u00e0\/ho\u1eb7c \u0111\u1ea1i h\u1ecdc c\u1ee7a h\u1ecd tr\u01b0\u1edbc khi cam k\u1ebft tham gia.<\/p>\n\n\n\n<h2 class=\"wp-block-heading\">\u200bH\u1ecdc b\u1ed5ng GEAR UP Hawai\u02bbi<\/h2>\n\n\n\n<p><a href=\"https:\/\/www.hawaiip20.org\/p-20-initiatives\/college-career-readiness\/gear-up-hawaii\/\" target=\"_blank\" rel=\"noreferrer noopener\">GEAR UP Hawai\u02bbi<\/a> cung c\u1ea5p m\u1ed9t s\u1ed1 l\u01b0\u1ee3ng h\u1ecdc b\u1ed5ng h\u1ea1n ch\u1ebf cho nh\u1eefng sinh vi\u00ean \u0111\u01b0\u1ee3c coi l\u00e0 c\u00f3 ho\u00e0n c\u1ea3nh kinh t\u1ebf kh\u00f3 kh\u0103n. C\u00e1c c\u01a1 h\u1ed9i h\u1ecdc b\u1ed5ng kh\u00e1c c\u0169ng c\u00f3 th\u1ec3 c\u00f3; sinh vi\u00ean n\u00ean ki\u1ec3m tra v\u1edbi c\u1ed1 v\u1ea5n tr\u01b0\u1eddng trung h\u1ecdc c\u1ee7a m\u00ecnh ho\u1eb7c c\u1ed1 v\u1ea5n UH Running Start t\u1ea1i c\u01a1 s\u1edf m\u00e0 h\u1ecd d\u1ef1 \u0111\u1ecbnh theo h\u1ecdc \u0111\u1ec3 xem c\u00f3 c\u00e1c h\u00ecnh th\u1ee9c h\u1ed7 tr\u1ee3 t\u00e0i ch\u00ednh kh\u00e1c kh\u00f4ng.<\/p>\n\n\n\n<p><\/p>","protected":false},"excerpt":{"rendered":"<p>Dual credit programs Dual credit programs provide opportunities for Hawai\u02bbi high school students to enroll in University of Hawai\u02bbi (UH) classes\u00ad\u00ad\u00ad at the 100-level and above and\u2014upon successful completion\u2014earn both high school and college credit. Students should consult with the colleges they plan to attend post-high school graduation regarding credit transferability. The two most common [&hellip;]<\/p>","protected":false},"author":8,"featured_media":0,"parent":25,"menu_order":13,"comment_status":"closed","ping_status":"closed","template":"wp-custom-template-page-for-custom-sidebar","meta":{"_relevanssi_hide_post":"","_relevanssi_hide_content":"","_relevanssi_pin_for_all":"","_relevanssi_pin_keywords":"","_relevanssi_unpin_keywords":"","_relevanssi_related_keywords":"","_relevanssi_related_include_ids":"","_relevanssi_related_exclude_ids":"","_relevanssi_related_no_append":"","_relevanssi_related_not_related":"","_relevanssi_related_posts":"","_relevanssi_noindex_reason":"","_sitemap_exclude":false,"_sitemap_priority":"","_sitemap_frequency":"","_kad_blocks_custom_css":"","_kad_blocks_head_custom_js":"","_kad_blocks_body_custom_js":"","_kad_blocks_footer_custom_js":"","wp_popup_display_lightbox":0,"wp_popup_suppress":"","wp_popup_trigger":"","wp_popup_trigger_amount":0,"wp_popup_disable_on_mobile":false,"footnotes":""},"class_list":["post-29","page","type-page","status-publish","hentry"],"pp_statuses_selecting_workflow":false,"pp_workflow_action":"current","pp_status_selection":"publish","taxonomy_info":[],"featured_image_src_large":false,"author_info":{"display_name":"Ariana Enomoto","author_link":"https:\/\/hawaiipublicschools.org\/vi\/author\/arianastaceyleong-com\/"},"comment_info":0,"publishpress_future_action":{"enabled":false,"date":"2026-04-19 12:21:11","action":"change-status","newStatus":"draft","terms":[],"taxonomy":"","extraData":[]},"publishpress_future_workflow_manual_trigger":{"enabledWorkflows":[]},"_links":{"self":[{"href":"https:\/\/hawaiipublicschools.org\/vi\/wp-json\/wp\/v2\/pages\/29","targetHints":{"allow":["GET"]}}],"collection":[{"href":"https:\/\/hawaiipublicschools.org\/vi\/wp-json\/wp\/v2\/pages"}],"about":[{"href":"https:\/\/hawaiipublicschools.org\/vi\/wp-json\/wp\/v2\/types\/page"}],"author":[{"embeddable":true,"href":"https:\/\/hawaiipublicschools.org\/vi\/wp-json\/wp\/v2\/users\/8"}],"replies":[{"embeddable":true,"href":"https:\/\/hawaiipublicschools.org\/vi\/wp-json\/wp\/v2\/comments?post=29"}],"version-history":[{"count":0,"href":"https:\/\/hawaiipublicschools.org\/vi\/wp-json\/wp\/v2\/pages\/29\/revisions"}],"up":[{"embeddable":true,"href":"https:\/\/hawaiipublicschools.org\/vi\/wp-json\/wp\/v2\/pages\/25"}],"wp:attachment":[{"href":"https:\/\/hawaiipublicschools.org\/vi\/wp-json\/wp\/v2\/media?parent=29"}],"curies":[{"name":"wp","href":"https:\/\/api.w.org\/{rel}","templated":true}]}}