{"id":28,"date":"2024-09-04T22:11:02","date_gmt":"2024-09-04T22:11:02","guid":{"rendered":"https:\/\/hawaiipublicschools.org\/?page_id=28"},"modified":"2025-10-10T10:10:29","modified_gmt":"2025-10-10T20:10:29","slug":"advanced-placement","status":"publish","type":"page","link":"https:\/\/hawaiipublicschools.org\/vi\/academics\/secondary-middle-high-school\/advanced-placement\/","title":{"rendered":"Ch\u01b0\u01a1ng tr\u00ecnh n\u00e2ng cao"},"content":{"rendered":"<p class=\"intro\" style=\"font-size:clamp(0.875rem, 0.875rem + ((1vw - 0.2rem) * 0.531), 1.3rem);\">K\u1ef3 thi n\u00e2ng cao do College Board ph\u00e1t tri\u1ec3n cho ph\u00e9p h\u1ecdc sinh tham gia c\u00e1c b\u00e0i t\u1eadp \u1edf tr\u00ecnh \u0111\u1ed9 \u0111\u1ea1i h\u1ecdc v\u00e0 ki\u1ebfm \u0111\u01b0\u1ee3c t\u00edn ch\u1ec9 \u0111\u1ea1i h\u1ecdc c\u0169ng nh\u01b0 \u0111\u01b0\u1ee3c x\u1ebfp l\u1edbp.<\/p>\n\n\n\n<h2 class=\"wp-block-heading\"><a href=\"https:\/\/hawaiipublicschools.org\/TeachingAndLearning\/Testing\/AdvancedPlacement\/Pages\/APcourses.aspx\">\u200b<\/a>\u200b\u200b\u200b\u200b\u200b\u200b\u200b\u200b\u200b\u200b\u200b\u200b\u200b\u200b\u200b\u200b\u200b\u200b\u200b\u200b\u200b\u200b\u200b\u200b\u200b\u200b\u200b\u200b\u200b\u200bK\u1ef3 thi<\/h2>\n\n\n\n<p>M\u1ed9t ch\u01b0\u01a1ng tr\u00ecnh do College Board ph\u00e1t tri\u1ec3n nh\u1eb1m cung c\u1ea5p c\u00e1c kh\u00f3a h\u1ecdc h\u1ecdc thu\u1eadt nghi\u00eam ng\u1eb7t \u0111\u01b0\u1ee3c cung c\u1ea5p t\u1ea1i c\u00e1c tr\u01b0\u1eddng trung h\u1ecdc, <a href=\"https:\/\/apstudents.collegeboard.org\/ap-exams-what-to-know\" target=\"_blank\" rel=\"noreferrer noopener\">Ch\u01b0\u01a1ng tr\u00ecnh n\u00e2ng cao<\/a> C\u00e1c kh\u00f3a h\u1ecdc \u0111\u01b0\u1ee3c cung c\u1ea5p t\u1ea1i 40 tr\u01b0\u1eddng trung h\u1ecdc Hawai\u02bbi trong c\u00e1c m\u00f4n h\u1ecdc t\u1eeb Gi\u1ea3i t\u00edch \u0111\u1ebfn Ng\u00f4n ng\u1eef v\u00e0 S\u00e1ng t\u00e1c ti\u1ebfng Anh, Sinh h\u1ecdc, L\u1ecbch s\u1eed Hoa K\u1ef3, Ngh\u1ec7 thu\u1eadt Studio v\u00e0 20 m\u00f4n h\u1ecdc kh\u00e1c. H\u1ecdc sinh c\u00f3 th\u1ec3 nh\u1eadn \u0111\u01b0\u1ee3c t\u00edn ch\u1ec9 \u0111\u1ea1i h\u1ecdc n\u1ebfu \u0111\u1ea1t \u0111i\u1ec3m 3 tr\u1edf l\u00ean trong k\u1ef3 thi AP. H\u1ecdc sinh c\u00f3 th\u1ec3 tham gia k\u1ef3 thi AP m\u00e0 kh\u00f4ng c\u1ea7n \u0111\u0103ng k\u00fd kh\u00f3a h\u1ecdc AP.<\/p>\n\n\n\n<p>S\u1ef1 th\u1eadt nhanh v\u1ec1 k\u1ef3 thi AP:<\/p>\n\n\n\n<ul class=\"wp-block-list\">\n<li>L\u1ec7 ph\u00ed thi AP l\u00e0 $99 cho m\u1ed7i k\u1ef3 thi. College Board cung c\u1ea5p m\u1ee9c gi\u1ea3m l\u1ec7 ph\u00ed $37 cho m\u1ed7i k\u1ef3 thi \u0111\u1ed1i v\u1edbi h\u1ecdc sinh c\u00f3 nhu c\u1ea7u t\u00e0i ch\u00ednh. Kho\u1ea3n tr\u1ee3 c\u1ea5p c\u1ee7a ti\u1ec3u bang l\u00e0 $45 s\u1ebd \u0111\u01b0\u1ee3c trao cho m\u1ed7i k\u1ef3 thi AP \u0111\u01b0\u1ee3c t\u1ed5 ch\u1ee9c t\u1ea1i tr\u01b0\u1eddng Title I ho\u1eb7c CEP v\u00e0 cho m\u1ed7i k\u1ef3 thi AP c\u00f3 thu nh\u1eadp th\u1ea5p t\u1ea1i t\u1ea5t c\u1ea3 c\u00e1c tr\u01b0\u1eddng HIDOE kh\u00e1c. \u0110\u1ed1i v\u1edbi m\u1ed7i K\u1ef3 thi AP \u0111\u01b0\u1ee3c t\u1ed5 ch\u1ee9c v\u1edbi m\u1ee9c gi\u1ea3m l\u1ec7 ph\u00ed, tr\u01b0\u1eddng s\u1ebd t\u1eeb b\u1ecf kho\u1ea3n ho\u00e0n tr\u1ea3 $9, d\u1eabn \u0111\u1ebfn chi ph\u00ed l\u00e0 $8 cho m\u1ed7i k\u1ef3 thi \u0111\u1ed1i v\u1edbi h\u1ecdc sinh c\u00f3 thu nh\u1eadp th\u1ea5p.&nbsp;&nbsp;<\/li>\n\n\n\n<li>H\u01a1n 3.800 tr\u01b0\u1eddng cao \u0111\u1eb3ng v\u00e0 \u0111\u1ea1i h\u1ecdc h\u00e0ng n\u0103m nh\u1eadn \u0111\u01b0\u1ee3c \u0111i\u1ec3m thi AP. H\u1ea7u h\u1ebft c\u00e1c tr\u01b0\u1eddng cao \u0111\u1eb3ng b\u1ed1n n\u0103m \u1edf Hoa K\u1ef3 \u0111\u1ec1u cung c\u1ea5p t\u00edn ch\u1ec9 v\u00e0\/ho\u1eb7c x\u1ebfp l\u1edbp n\u00e2ng cao cho \u0111i\u1ec3m \u0111\u1ee7 \u0111i\u1ec1u ki\u1ec7n.<\/li>\n<\/ul>\n\n\n\n<h2 class=\"wp-block-heading\">C\u00e1c kh\u00f3a h\u1ecdc n\u00e2ng cao<\/h2>\n\n\n\n<p>K\u1ebft n\u1ed1i v\u1edbi gi\u00e1o vi\u00ean ngu\u1ed3n l\u1ef1c N\u00e2ng cao ho\u1eb7c c\u1ed1 v\u1ea5n \u0111\u1ea1i h\u1ecdc t\u1ea1i tr\u01b0\u1eddng c\u1ee7a con b\u1ea1n \u0111\u1ec3 t\u00ecm hi\u1ec3u th\u00eam. H\u1ecdc sinh c\u0169ng c\u00f3 t\u00f9y ch\u1ecdn h\u1ecdc c\u00e1c kh\u00f3a h\u1ecdc d\u01b0\u1edbi \u0111\u00e2y tr\u1ef1c tuy\u1ebfn th\u00f4ng qua Khoa <a href=\"https:\/\/sites.google.com\/hawaiidoe.k12.hi.us\/e-school\/courses\/ap-courses?pli=1\" target=\"_blank\" rel=\"noreferrer noopener\">C\u00e1c kh\u00f3a h\u1ecdc tr\u1ef1c tuy\u1ebfn c\u1ee7a Hawai\u02bbi<\/a>.&nbsp;<\/p>\n\n\n\n<p><\/p>","protected":false},"excerpt":{"rendered":"<p>K\u1ef3 thi N\u00e2ng cao, do College Board ph\u00e1t tri\u1ec3n, cho ph\u00e9p h\u1ecdc sinh tham gia c\u00e1c b\u00e0i t\u1eadp \u1edf tr\u00ecnh \u0111\u1ed9 \u0111\u1ea1i h\u1ecdc v\u00e0 ki\u1ebfm \u0111\u01b0\u1ee3c t\u00edn ch\u1ec9 \u0111\u1ea1i h\u1ecdc c\u0169ng nh\u01b0 \u0111\u01b0\u1ee3c x\u1ebfp l\u1edbp. K\u1ef3 thi M\u1ed9t ch\u01b0\u01a1ng tr\u00ecnh do College Board ph\u00e1t tri\u1ec3n \u0111\u1ec3 cung c\u1ea5p c\u00e1c kh\u00f3a h\u1ecdc h\u1ecdc thu\u1eadt nghi\u00eam ng\u1eb7t \u0111\u01b0\u1ee3c cung c\u1ea5p t\u1ea1i c\u00e1c tr\u01b0\u1eddng trung h\u1ecdc. C\u00e1c kh\u00f3a h\u1ecdc N\u00e2ng cao \u0111\u01b0\u1ee3c cung c\u1ea5p t\u1ea1i 40 tr\u01b0\u1eddng trung h\u1ecdc \u1edf Hawai\u02bbi trong c\u00e1c m\u00f4n h\u1ecdc t\u1eeb Gi\u1ea3i t\u00edch [\u2026]<\/p>","protected":false},"author":8,"featured_media":0,"parent":25,"menu_order":12,"comment_status":"closed","ping_status":"closed","template":"","meta":{"_relevanssi_hide_post":"","_relevanssi_hide_content":"","_relevanssi_pin_for_all":"","_relevanssi_pin_keywords":"","_relevanssi_unpin_keywords":"","_relevanssi_related_keywords":"","_relevanssi_related_include_ids":"","_relevanssi_related_exclude_ids":"","_relevanssi_related_no_append":"","_relevanssi_related_not_related":"","_relevanssi_related_posts":"","_relevanssi_noindex_reason":"","_sitemap_exclude":false,"_sitemap_priority":"","_sitemap_frequency":"","_kad_blocks_custom_css":"","_kad_blocks_head_custom_js":"","_kad_blocks_body_custom_js":"","_kad_blocks_footer_custom_js":"","wp_popup_display_lightbox":0,"wp_popup_suppress":"","wp_popup_trigger":"","wp_popup_trigger_amount":0,"wp_popup_disable_on_mobile":false,"footnotes":""},"class_list":["post-28","page","type-page","status-publish","hentry"],"pp_statuses_selecting_workflow":false,"pp_workflow_action":"current","pp_status_selection":"publish","taxonomy_info":[],"featured_image_src_large":false,"author_info":{"display_name":"Ariana Enomoto","author_link":"https:\/\/hawaiipublicschools.org\/vi\/author\/arianastaceyleong-com\/"},"comment_info":0,"publishpress_future_action":{"enabled":false,"date":"2026-04-29 00:18:28","action":"change-status","newStatus":"draft","terms":[],"taxonomy":"","extraData":[]},"publishpress_future_workflow_manual_trigger":{"enabledWorkflows":[]},"_links":{"self":[{"href":"https:\/\/hawaiipublicschools.org\/vi\/wp-json\/wp\/v2\/pages\/28","targetHints":{"allow":["GET"]}}],"collection":[{"href":"https:\/\/hawaiipublicschools.org\/vi\/wp-json\/wp\/v2\/pages"}],"about":[{"href":"https:\/\/hawaiipublicschools.org\/vi\/wp-json\/wp\/v2\/types\/page"}],"author":[{"embeddable":true,"href":"https:\/\/hawaiipublicschools.org\/vi\/wp-json\/wp\/v2\/users\/8"}],"replies":[{"embeddable":true,"href":"https:\/\/hawaiipublicschools.org\/vi\/wp-json\/wp\/v2\/comments?post=28"}],"version-history":[{"count":0,"href":"https:\/\/hawaiipublicschools.org\/vi\/wp-json\/wp\/v2\/pages\/28\/revisions"}],"up":[{"embeddable":true,"href":"https:\/\/hawaiipublicschools.org\/vi\/wp-json\/wp\/v2\/pages\/25"}],"wp:attachment":[{"href":"https:\/\/hawaiipublicschools.org\/vi\/wp-json\/wp\/v2\/media?parent=28"}],"curies":[{"name":"wp","href":"https:\/\/api.w.org\/{rel}","templated":true}]}}