{"id":2564,"date":"2024-12-10T12:57:37","date_gmt":"2024-12-10T20:57:37","guid":{"rendered":"https:\/\/hawaiipublicschools.org\/?page_id=2564"},"modified":"2025-05-30T08:15:38","modified_gmt":"2025-05-30T18:15:38","slug":"language-services","status":"publish","type":"page","link":"https:\/\/hawaiipublicschools.org\/vi\/language-services\/","title":{"rendered":"D\u1ecbch v\u1ee5 ng\u00f4n ng\u1eef"},"content":{"rendered":"<p class=\"intro\" style=\"font-size:clamp(0.875rem, 0.875rem + ((1vw - 0.2rem) * 0.531), 1.3rem);\">B\u1ea1n c\u00f3 c\u1ea7n tr\u1ee3 gi\u00fap b\u1eb1ng ng\u00f4n ng\u1eef kh\u00e1c kh\u00f4ng? Ch\u00fang t\u00f4i s\u1ebd cung c\u1ea5p cho b\u1ea1n m\u1ed9t phi\u00ean d\u1ecbch vi\u00ean mi\u1ec5n ph\u00ed. G\u1ecdi 808-784-6325 \u0111\u1ec3 cho ch\u00fang t\u00f4i bi\u1ebft b\u1ea1n n\u00f3i ng\u00f4n ng\u1eef n\u00e0o.<\/p>\n\n\n\n<h3 class=\"wp-block-heading\">Kapasen Chuuk (Ti\u1ebfng Chuuk)<\/h3>\n\n\n\n<p>\u200bEn mi niit alilis lon pwal eu kapas? Nh\u1ea5m nh\u00e1p emon chon chiaku ngonuk ese kamo. Kokori 808-784-6325 omw kopwe ureni kich meni kapas ka ani.<\/p>\n\n\n\n<h3 class=\"wp-block-heading\">Ti\u1ebfng Ilokano (Ilocano)<\/h3>\n\n\n\n<p>Masapulyo kadi ti tulong iti sabali a pagsasao? Ikkandakayo iti libre nga paraipatarus. Awaganyo ti 808-784-6325 tapno ibagayo kadakami no ania ti pagsasao nga ar-aramatenyo.<\/p>\n\n\n\n<h3 class=\"wp-block-heading\">Kajin M\u0327aje\u013c (Ti\u1ebfng Marshall)<\/h3>\n\n\n\n<p>Kwoj aikuij ke jiban kin juon bar kajin? Kim naj lewaj juon am dri ukok eo ejjelok wonen. Kirtok 808-784-6325 im kwalok non kim kajin ta eo kwo melele im kenono kake.<\/p>\n\n\n\n<h3 class=\"wp-block-heading\"><\/h3>","protected":false},"excerpt":{"rendered":"<p>Do you need help in another language? We will get you a free interpreter. Call 808-784-6325&nbsp;to tell us which language you speak. Kapasen Chuuk (Chuukese) \u200bEn mi niit alilis lon pwal eu kapas? Sipwe angei emon chon chiaku ngonuk ese kamo. Kokori 808-784-6325&nbsp;omw kopwe ureni kich meni kapas ka ani. Ilokano (Ilocano) Masapulyo kadi ti [&hellip;]<\/p>","protected":false},"author":6,"featured_media":0,"parent":0,"menu_order":45,"comment_status":"closed","ping_status":"closed","template":"","meta":{"_relevanssi_hide_post":"","_relevanssi_hide_content":"","_relevanssi_pin_for_all":"","_relevanssi_pin_keywords":"","_relevanssi_unpin_keywords":"","_relevanssi_related_keywords":"","_relevanssi_related_include_ids":"","_relevanssi_related_exclude_ids":"","_relevanssi_related_no_append":"","_relevanssi_related_not_related":"","_relevanssi_related_posts":"","_relevanssi_noindex_reason":"","_sitemap_exclude":false,"_sitemap_priority":"","_sitemap_frequency":"","_kad_blocks_custom_css":"","_kad_blocks_head_custom_js":"","_kad_blocks_body_custom_js":"","_kad_blocks_footer_custom_js":"","wp_popup_display_lightbox":0,"wp_popup_suppress":"","wp_popup_trigger":"","wp_popup_trigger_amount":0,"wp_popup_disable_on_mobile":false,"footnotes":""},"class_list":["post-2564","page","type-page","status-publish","hentry"],"pp_statuses_selecting_workflow":false,"pp_workflow_action":"current","pp_status_selection":"publish","taxonomy_info":[],"featured_image_src_large":false,"author_info":{"display_name":"Anne Sakutori","author_link":"https:\/\/hawaiipublicschools.org\/vi\/author\/annestaceyleong-com\/"},"comment_info":0,"publishpress_future_action":{"enabled":false,"date":"2026-04-18 04:10:24","action":"change-status","newStatus":"draft","terms":[],"taxonomy":"","extraData":[]},"publishpress_future_workflow_manual_trigger":{"enabledWorkflows":[]},"_links":{"self":[{"href":"https:\/\/hawaiipublicschools.org\/vi\/wp-json\/wp\/v2\/pages\/2564","targetHints":{"allow":["GET"]}}],"collection":[{"href":"https:\/\/hawaiipublicschools.org\/vi\/wp-json\/wp\/v2\/pages"}],"about":[{"href":"https:\/\/hawaiipublicschools.org\/vi\/wp-json\/wp\/v2\/types\/page"}],"author":[{"embeddable":true,"href":"https:\/\/hawaiipublicschools.org\/vi\/wp-json\/wp\/v2\/users\/6"}],"replies":[{"embeddable":true,"href":"https:\/\/hawaiipublicschools.org\/vi\/wp-json\/wp\/v2\/comments?post=2564"}],"version-history":[{"count":0,"href":"https:\/\/hawaiipublicschools.org\/vi\/wp-json\/wp\/v2\/pages\/2564\/revisions"}],"wp:attachment":[{"href":"https:\/\/hawaiipublicschools.org\/vi\/wp-json\/wp\/v2\/media?parent=2564"}],"curies":[{"name":"wp","href":"https:\/\/api.w.org\/{rel}","templated":true}]}}