{"id":25,"date":"2024-09-04T22:09:53","date_gmt":"2024-09-04T22:09:53","guid":{"rendered":"https:\/\/hawaiipublicschools.org\/?page_id=25"},"modified":"2025-10-09T13:49:23","modified_gmt":"2025-10-09T23:49:23","slug":"secondary-middle-high-school","status":"publish","type":"page","link":"https:\/\/hawaiipublicschools.org\/vi\/academics\/secondary-middle-high-school\/","title":{"rendered":"Trung h\u1ecdc c\u01a1 s\u1edf (Trung h\u1ecdc ph\u1ed5 th\u00f4ng)"},"content":{"rendered":"<figure class=\"wp-block-image alignright size-large is-resized\"><img loading=\"lazy\" decoding=\"async\" width=\"1024\" height=\"683\" src=\"https:\/\/hawaiipublicschools.org\/wp-content\/uploads\/2024\/12\/HIDOE_Secondary_Aerial-Drone-Comp-1024x683.jpg\" alt=\"Two students standing against a whiteboard. One student is pointing a flag towards the front to another person.\" class=\"wp-image-2557\" style=\"width:340px\" srcset=\"https:\/\/hawaiipublicschools.org\/wp-content\/uploads\/2024\/12\/HIDOE_Secondary_Aerial-Drone-Comp-1024x683.jpg 1024w, https:\/\/hawaiipublicschools.org\/wp-content\/uploads\/2024\/12\/HIDOE_Secondary_Aerial-Drone-Comp-300x200.jpg 300w, https:\/\/hawaiipublicschools.org\/wp-content\/uploads\/2024\/12\/HIDOE_Secondary_Aerial-Drone-Comp-768x512.jpg 768w, https:\/\/hawaiipublicschools.org\/wp-content\/uploads\/2024\/12\/HIDOE_Secondary_Aerial-Drone-Comp-18x12.jpg 18w, https:\/\/hawaiipublicschools.org\/wp-content\/uploads\/2024\/12\/HIDOE_Secondary_Aerial-Drone-Comp.jpg 1200w\" sizes=\"auto, (max-width: 1024px) 100vw, 1024px\" \/><\/figure>\n\n\n\n<h2 class=\"wp-block-heading\">Trung c\u1ea5p\/Trung c\u1ea5p: L\u1edbp 6-8<\/h2>\n\n\n\n<p>Trong nh\u1eefng n\u0103m ph\u00e1t tri\u1ec3n quan tr\u1ecdng n\u00e0y, h\u1ecdc sinh c\u1ee7a ch\u00fang t\u00f4i \u0111ang ph\u00e1t tri\u1ec3n v\u1ec1 m\u1eb7t h\u1ecdc thu\u1eadt, c\u1ea3m x\u00fac v\u00e0 x\u00e3 h\u1ed9i. Tr\u01b0\u1eddng trung h\u1ecdc c\u01a1 s\u1edf m\u1edf r\u1ed9ng ph\u1ea1m vi tr\u1ea3i nghi\u1ec7m b\u1eb1ng c\u00e1ch cung c\u1ea5p cho h\u1ecdc sinh nhi\u1ec1u l\u1ef1a ch\u1ecdn l\u1edbp h\u1ecdc h\u01a1n v\u1ec1 Gi\u00e1o d\u1ee5c ngh\u1ec1 nghi\u1ec7p v\u00e0 k\u1ef9 thu\u1eadt, ngh\u1ec7 thu\u1eadt th\u1ecb gi\u00e1c, k\u1ecbch, khi\u00eau v\u0169, \u00e2m nh\u1ea1c, th\u1ec3 thao v\u00e0 c\u00e1c ch\u01b0\u01a1ng tr\u00ecnh sau gi\u1edd h\u1ecdc. C\u00e1c n\u1ed7 l\u1ef1c chu\u1ea9n b\u1ecb v\u00e0o \u0111\u1ea1i h\u1ecdc b\u1eaft \u0111\u1ea7u c\u00f9ng v\u1edbi vi\u1ec7c c\u1ee7ng c\u1ed1 c\u00e1c k\u1ef9 n\u0103ng x\u00e3 h\u1ed9i quan tr\u1ecdng.<\/p>\n\n\n\n<h3 class=\"wp-block-heading\">Ti\u00eau chu\u1ea9n h\u1ecdc t\u1eadp<\/h3>\n\n\n\n<p>Teachers have the flexibility to design lesson plans that incorporate the arts, social and cultural values, health and wellness principles and more. The foundation is in a standards-based education that includes Common Core, Hawai\u02bbi Content and Performance Standards III, and other Hawai\u02bb\u2018i-based and national standards in all other subjects.<\/p>\n\n\n\n<ul class=\"wp-block-list\">\n<li><a href=\"https:\/\/learningdesign.hawaiipublicschools.org\/standards-based-content\">Trang web Thi\u1ebft k\u1ebf H\u1ecdc t\u1eadp<\/a>:V\u0103n ph\u00f2ng Thi\u1ebft k\u1ebf Gi\u00e1o tr\u00ecnh v\u00e0 H\u01b0\u1edbng d\u1eabn c\u1ee7a HIDOE \u0111\u00e3 kh\u1edfi x\u01b0\u1edbng ngu\u1ed3n t\u00e0i nguy\u00ean n\u00e0y d\u1ef1a tr\u00ean ph\u1ea3n h\u1ed3i c\u1ee7a c\u00e1c nh\u00e0 gi\u00e1o d\u1ee5c HIDOE.<\/li>\n<\/ul>\n\n\n\n<h3 class=\"wp-block-heading\">\u0110\u00e1nh gi\u00e1<\/h3>\n\n\n\n<ul class=\"wp-block-list\">\n<li>T\u1ea5t c\u1ea3 h\u1ecdc sinh \u0111\u1ec1u tham gia k\u1ef3 thi h\u00e0ng n\u0103m <a href=\"\/vi\/academics\/types-of-testing\/\" data-type=\"page\" data-id=\"931\">\u0110\u00e1nh gi\u00e1 c\u1ee7a ti\u1ec3u bang<\/a> trong \u0110\u00e1nh gi\u00e1 c\u00e2n b\u1eb1ng th\u00f4ng minh h\u01a1n v\u00e0 h\u1ecdc sinh l\u1edbp t\u00e1m s\u1ebd ph\u1ea3i l\u00e0m th\u00eam m\u1ed9t b\u00e0i \u0111\u00e1nh gi\u00e1 khoa h\u1ecdc c\u1ea5p ti\u1ec3u bang.<\/li>\n\n\n\n<li>M\u1ed9t m\u1eabu \u0111\u1ea1i di\u1ec7n c\u1ee7a h\u1ecdc sinh l\u1edbp 8 \u0111\u01b0\u1ee3c \u0111\u00e1nh gi\u00e1 theo \u0110\u00e1nh gi\u00e1 ti\u1ebfn b\u1ed9 gi\u00e1o d\u1ee5c qu\u1ed1c gia (NAEP) v\u1ec1 \u0111\u1ecdc, vi\u1ebft, to\u00e1n v\u00e0 khoa h\u1ecdc.<\/li>\n\n\n\n<li>H\u1ecdc sinh l\u1edbp t\u00e1m c\u00f3 th\u1ec3 l\u1ef1a ch\u1ecdn h\u1ecdc <a href=\"\/vi\/academics\/act-testing\/\" data-type=\"page\" data-id=\"45\">K\u1ef3 thi ACT Explore<\/a> \u0111\u1ec3 b\u1eaft \u0111\u1ea7u xem x\u00e9t k\u1ebf ho\u1ea1ch gi\u00e1o d\u1ee5c v\u00e0 ngh\u1ec1 nghi\u1ec7p t\u01b0\u01a1ng lai c\u1ee7a m\u00ecnh d\u1ef1a tr\u00ean c\u00e1c k\u1ef9 n\u0103ng, s\u1edf th\u00edch v\u00e0 nguy\u1ec7n v\u1ecdng.<\/li>\n<\/ul>\n\n\n\n<h3 class=\"wp-block-heading\">C\u00e1c ch\u01b0\u01a1ng tr\u00ecnh v\u00e0 d\u1ecbch v\u1ee5 b\u1ed5 sung<\/h3>\n\n\n\n<h4 class=\"wp-block-heading\">M\u1edf r\u1ed9ng Ngh\u1ec7 thu\u1eadt, Th\u1ec3 thao<\/h4>\n\n\n\n<p>H\u1ea7u h\u1ebft c\u00e1c tr\u01b0\u1eddng trung h\u1ecdc \u0111\u1ec1u cung c\u1ea5p c\u00e1c ch\u01b0\u01a1ng tr\u00ecnh v\u1ec1 ngh\u1ec7 thu\u1eadt th\u1ecb gi\u00e1c, k\u1ecbch, khi\u00eau v\u0169 v\u00e0\/ho\u1eb7c \u00e2m nh\u1ea1c. M\u1ed9t ch\u01b0\u01a1ng tr\u00ecnh th\u00ed \u0111i\u1ec3m \u0111ang \u0111\u01b0\u1ee3c m\u1edf r\u1ed9ng <a href=\"https:\/\/hawaiipublicschools.org\/vi\/student-programs\/athletics\/\" data-type=\"page\" data-id=\"82\">th\u1ec3 thao \u0111i\u1ec1n kinh<\/a> \u0111\u1ebfn tr\u01b0\u1eddng trung h\u1ecdc c\u01a1 s\u1edf.<\/p>\n\n\n\n<h4 class=\"wp-block-heading\">H\u1ecdc t\u1eadp c\u00e1 nh\u00e2n h\u00f3a<\/h4>\n\n\n\n<p>C\u00e1c tr\u01b0\u1eddng s\u1eed d\u1ee5ng H\u1ec7 th\u1ed1ng h\u1ed7 tr\u1ee3 to\u00e0n di\u1ec7n cho sinh vi\u00ean (CSSS) \u0111\u1ec3 cung c\u1ea5p c\u00e1c can thi\u1ec7p, d\u1ecbch v\u1ee5 v\u00e0 h\u1ed7 tr\u1ee3 ch\u1ee7 \u0111\u1ed9ng, t\u00edch c\u1ef1c, t\u00f9y ch\u1ec9nh v\u00e0 k\u1ecbp th\u1eddi\u2014m\u1ed9t c\u00e1ch nh\u00e2n \u00e1i\u2014\u0111\u1ec3 t\u1ea5t c\u1ea3 h\u1ecdc sinh \u0111\u1ec1u c\u00f3 th\u1ec3 th\u00e0nh c\u00f4ng v\u1edbi ti\u1ec1m n\u0103ng l\u1edbn nh\u1ea5t c\u1ee7a m\u00ecnh. C\u00e1c th\u00e0nh ph\u1ea7n ch\u00ednh c\u1ee7a CSSS l\u00e0:<\/p>\n\n\n\n<ul class=\"wp-block-list\">\n<li>L\u00e3nh \u0111\u1ea1o gi\u1ea3ng d\u1ea1y ch\u1ea5t l\u01b0\u1ee3ng cao<\/li>\n\n\n\n<li>Ch\u01b0\u01a1ng tr\u00ecnh gi\u1ea3ng d\u1ea1y, h\u01b0\u1edbng d\u1eabn v\u00e0 \u0111\u00e1nh gi\u00e1<\/li>\n\n\n\n<li>H\u1ed7 tr\u1ee3 to\u00e0n di\u1ec7n cho sinh vi\u00ean.<\/li>\n<\/ul>\n\n\n\n<p>S\u1ef1 t\u00edch h\u1ee3p kh\u00e9o l\u00e9o v\u00e0 t\u00ednh to\u00e0n v\u1eb9n v\u00e0 trung th\u1ef1c c\u1ee7a vi\u1ec7c tri\u1ec3n khai c\u00e1c th\u00e0nh ph\u1ea7n n\u00e0y \u0111\u1ea3m b\u1ea3o th\u00e0nh c\u00f4ng cho to\u00e0n b\u1ed9 tr\u1ebb em, gia \u0111\u00ecnh v\u00e0 c\u1ed9ng \u0111\u1ed3ng nh\u00e0 tr\u01b0\u1eddng. H\u1ec7 th\u1ed1ng h\u1ed7 tr\u1ee3 to\u00e0n di\u1ec7n cho h\u1ecdc sinh \u0111i\u1ec7n t\u1eed (eCSSS) \u0111\u00f3ng vai tr\u00f2 l\u00e0 h\u1ec7 th\u1ed1ng c\u01a1 s\u1edf d\u1eef li\u1ec7u cho ph\u00e9p c\u00e1c tr\u01b0\u1eddng h\u1ecdc v\u00e0 khu ph\u1ee9c h\u1ee3p x\u00e1c \u0111\u1ecbnh, gi\u00e1m s\u00e1t v\u00e0 theo d\u00f5i c\u00e1c m\u1ed1i quan t\u00e2m c\u1ee7a h\u1ecdc sinh theo th\u1eddi gian.<\/p>\n\n\n\n<hr class=\"wp-block-separator has-alpha-channel-opacity is-style-wide\"\/>\n\n\n\n<h2 class=\"wp-block-heading\">Trung h\u1ecdc ph\u1ed5 th\u00f4ng: L\u1edbp 9-12<\/h2>\n\n\n\n<figure class=\"wp-block-image alignleft size-large is-resized\"><img loading=\"lazy\" decoding=\"async\" width=\"1024\" height=\"684\" src=\"https:\/\/hawaiipublicschools.org\/wp-content\/uploads\/2024\/12\/HIDOE_Secondary_Interview-1024x684.jpg\" alt=\"Student being interviewed by three other students at a workstation\" class=\"wp-image-2558\" style=\"width:340px\" srcset=\"https:\/\/hawaiipublicschools.org\/wp-content\/uploads\/2024\/12\/HIDOE_Secondary_Interview-1024x684.jpg 1024w, https:\/\/hawaiipublicschools.org\/wp-content\/uploads\/2024\/12\/HIDOE_Secondary_Interview-300x200.jpg 300w, https:\/\/hawaiipublicschools.org\/wp-content\/uploads\/2024\/12\/HIDOE_Secondary_Interview-768x513.jpg 768w, https:\/\/hawaiipublicschools.org\/wp-content\/uploads\/2024\/12\/HIDOE_Secondary_Interview-18x12.jpg 18w, https:\/\/hawaiipublicschools.org\/wp-content\/uploads\/2024\/12\/HIDOE_Secondary_Interview.jpg 1200w\" sizes=\"auto, (max-width: 1024px) 100vw, 1024px\" \/><\/figure>\n\n\n\n<p>Ch\u00fang t\u00f4i h\u00ecnh dung t\u1ea5t c\u1ea3 h\u1ecdc sinh t\u1ed1t nghi\u1ec7p tr\u01b0\u1eddng c\u00f4ng \u0111\u1ec1u c\u00f3 kh\u1ea3 n\u0103ng c\u1ea1nh tranh to\u00e0n c\u1ea7u v\u00e0 cam k\u1ebft v\u1edbi \u0111\u1ecba ph\u01b0\u01a1ng, \u0111\u1ed3ng th\u1eddi chu\u1ea9n b\u1ecb cho t\u01b0\u01a1ng lai th\u00e0nh c\u00f4ng ph\u00f9 h\u1ee3p v\u1edbi \u0111am m\u00ea v\u00e0 k\u1ef9 n\u0103ng c\u1ee7a m\u00ecnh.<\/p>\n\n\n\n<h3 class=\"wp-block-heading\">Y\u00eau c\u1ea7u t\u1ed1t nghi\u1ec7p<\/h3>\n\n\n\n<p>H\u1ecdc sinh ph\u1ea3i:<\/p>\n\n\n\n<ul class=\"wp-block-list\">\n<li>Th\u1ef1c hi\u1ec7n \u0111\u01b0\u1ee3c m\u1ee5c ti\u00eau v\u00e0 nguy\u1ec7n v\u1ecdng c\u00e1 nh\u00e2n;<\/li>\n\n\n\n<li>C\u00f3 th\u00e1i \u0111\u1ed9, ki\u1ebfn th\u1ee9c v\u00e0 k\u1ef9 n\u0103ng c\u1ea7n thi\u1ebft \u0111\u1ec3 \u0111\u00f3ng g\u00f3p t\u00edch c\u1ef1c v\u00e0 c\u1ea1nh tranh trong x\u00e3 h\u1ed9i to\u00e0n c\u1ea7u;<\/li>\n\n\n\n<li>Th\u1ef1c hi\u1ec7n c\u00e1c quy\u1ec1n v\u00e0 tr\u00e1ch nhi\u1ec7m c\u1ee7a c\u00f4ng d\u00e2n; v\u00e0<\/li>\n\n\n\n<li>Ti\u1ebfp t\u1ee5c h\u1ecdc l\u00ean sau trung h\u1ecdc v\u00e0\/ho\u1eb7c theo \u0111u\u1ed5i s\u1ef1 nghi\u1ec7p m\u00e0 kh\u00f4ng c\u1ea7n ph\u1ea3i kh\u1eafc ph\u1ee5c.<\/li>\n<\/ul>\n\n\n\n<p>T\u00ecm hi\u1ec3u th\u00eam v\u1ec1 B\u1ed9 <a href=\"\/vi\/academics\/graduation-requirements\/\" data-type=\"page\" data-id=\"36\">y\u00eau c\u1ea7u t\u1ed1t nghi\u1ec7p<\/a>. C\u00e1c c\u00e2u h\u1ecfi b\u1ed5 sung n\u00ean \u0111\u01b0\u1ee3c chuy\u1ec3n \u0111\u1ebfn c\u1ed1 v\u1ea5n nh\u00e0 tr\u01b0\u1eddng ho\u1eb7c hi\u1ec7u tr\u01b0\u1edfng.\u200b<\/p>\n\n\n\n<h3 class=\"wp-block-heading\">Ti\u00eau chu\u1ea9n h\u1ecdc t\u1eadp<\/h3>\n\n\n\n<p>Teachers have the flexibility to design lesson plans that incorporate the arts, social and cultural values, health and wellness principles and more. The foundation is in a standards-based education that includes Common Core, Hawai\u02bbi Content and Performance Standards III, and other Hawai\u02bbi-based and national standards in all other subjects.<\/p>\n\n\n\n<ul class=\"wp-block-list\">\n<li><a href=\"https:\/\/learningdesign.hawaiipublicschools.org\/standards-based-content\">Trang web Thi\u1ebft k\u1ebf H\u1ecdc t\u1eadp<\/a>:V\u0103n ph\u00f2ng Thi\u1ebft k\u1ebf Gi\u00e1o tr\u00ecnh v\u00e0 H\u01b0\u1edbng d\u1eabn c\u1ee7a HIDOE \u0111\u00e3 kh\u1edfi x\u01b0\u1edbng ngu\u1ed3n t\u00e0i nguy\u00ean n\u00e0y d\u1ef1a tr\u00ean ph\u1ea3n h\u1ed3i c\u1ee7a c\u00e1c nh\u00e0 gi\u00e1o d\u1ee5c HIDOE.<\/li>\n<\/ul>\n\n\n\n<h3 class=\"wp-block-heading\">\u0110\u00e1nh gi\u00e1<\/h3>\n\n\n\n<ul class=\"wp-block-list\">\n<li>H\u1ecdc sinh l\u1edbp 11 tham gia <a href=\"\/vi\/academics\/types-of-testing\/\" data-type=\"page\" data-id=\"931\">C\u00e2n b\u1eb1ng th\u00f4ng minh h\u01a1n<\/a>\u200b k\u1ef3 thi v\u1ec1 ngh\u1ec7 thu\u1eadt ng\u00f4n ng\u1eef ti\u1ebfng Anh (ELA)\/ng\u1eef v\u0103n v\u00e0 to\u00e1n h\u1ecdc. \u0110\u1ea1t ho\u1eb7c v\u01b0\u1ee3t qua tr\u00ecnh \u0111\u1ed9 th\u00e0nh th\u1ea1o trong b\u00e0i \u0111\u00e1nh gi\u00e1 s\u1ebd cho ph\u00e9p h\u1ecdc sinh \u0111\u0103ng k\u00fd c\u00e1c kh\u00f3a h\u1ecdc t\u00edn ch\u1ec9 \u0111\u1ea1i h\u1ecdc\u200b.<\/li>\n\n\n\n<li>H\u1ecdc sinh l\u1edbp 11 tham gia <a href=\"\/vi\/academics\/act-testing\/\" data-type=\"page\" data-id=\"45\">K\u1ef3 thi ACT<\/a> \u0111\u1ec3 trau d\u1ed3i k\u1ebf ho\u1ea1ch gi\u00e1o d\u1ee5c v\u00e0 ngh\u1ec1 nghi\u1ec7p t\u01b0\u01a1ng lai c\u1ee7a h\u1ecd d\u1ef1a tr\u00ean c\u00e1c k\u1ef9 n\u0103ng, s\u1edf th\u00edch v\u00e0 nguy\u1ec7n v\u1ecdng c\u1ee7a ri\u00eang h\u1ecd. \u0110\u00e2y l\u00e0 k\u1ef3 thi tuy\u1ec3n sinh \u0111\u1ea1i h\u1ecdc mi\u1ec5n ph\u00ed (d\u00e0nh cho sinh vi\u00ean).<\/li>\n\n\n\n<li>H\u1ecdc sinh h\u1ecdc m\u00f4n Sinh h\u1ecdc T\u00f4i s\u1ebd l\u1ea5y <a href=\"\/vi\/academics\/other-assessments\/\" data-type=\"page\" data-id=\"46\">B\u00e0i ki\u1ec3m tra cu\u1ed1i kh\u00f3a<\/a>.<\/li>\n\n\n\n<li>Sinh vi\u00ean c\u00f3 k\u1ebf ho\u1ea1ch theo h\u1ecdc \u0111\u1ea1i h\u1ecdc \u0111\u01b0\u1ee3c khuy\u1ebfn kh\u00edch m\u1ea1nh m\u1ebd tham gia <a href=\"\/vi\/academics\/secondary-middle-high-school\/advanced-placement\/\" data-type=\"page\" data-id=\"28\">K\u1ef3 thi n\u00e2ng cao<\/a> \u0111\u1ec3 l\u1ea5y t\u00edn ch\u1ec9 \u0111\u1ea1i h\u1ecdc v\u00e0 c\u00f3 th\u1ec3 mu\u1ed1n tham gia k\u1ef3 thi tuy\u1ec3n sinh \u0111\u1ea1i h\u1ecdc SAT.<\/li>\n<\/ul>\n\n\n\n<h3 class=\"wp-block-heading\">C\u00e1c ch\u01b0\u01a1ng tr\u00ecnh v\u00e0 d\u1ecbch v\u1ee5 b\u1ed5 sung<\/h3>\n\n\n\n<h4 class=\"wp-block-heading\">S\u1eb5n s\u00e0ng v\u00e0o \u0111\u1ea1i h\u1ecdc<\/h4>\n\n\n\n<p>B\u00e2y gi\u1edd l\u00e0 th\u1eddi \u0111i\u1ec3m \u0111\u1ec3 sinh vi\u00ean \u0111\u01b0a k\u1ebf ho\u1ea1ch h\u1ecdc \u0111\u1ea1i h\u1ecdc c\u1ee7a m\u00ecnh v\u00e0o gu\u1ed3ng quay cao. Xem l\u1ea1i <a href=\"\/vi\/academics\/secondary-middle-high-school\/college-career-readiness\/\" data-type=\"page\" data-id=\"29\">S\u1eb5n s\u00e0ng v\u00e0o Cao \u0111\u1eb3ng v\u00e0 Ngh\u1ec1 nghi\u1ec7p<\/a> m\u1ee5c n\u00e0y c\u00f3 c\u00e1c ngu\u1ed3n t\u00e0i nguy\u00ean d\u00e0nh cho sinh vi\u00ean \u0111ang tr\u00ean \u0111\u01b0\u1eddng \u0111i.<\/p>\n\n\n\n<h4 class=\"wp-block-heading\">H\u1ecdc t\u1eadp m\u1edf r\u1ed9ng\/C\u01a1 h\u1ed9i cu\u1ed9c s\u1ed1ng<\/h4>\n\n\n\n<ul class=\"wp-block-list\">\n<li>H\u1ecdc sinh c\u00f3 th\u1ec3 ghi danh v\u00e0o <a href=\"\/wp-content\/uploads\/2025-26-Learning-Center-Directory.pdf\" target=\"_blank\" rel=\"noreferrer noopener\">Trung t\u00e2m h\u1ecdc t\u1eadp<\/a> (PDF) that dovetail multiple disciplines and skills. <a href=\"\/wp-content\/uploads\/2025-26-Learning-Center-Directory-1.pdf\" target=\"_blank\" rel=\"noreferrer noopener\">Contact the schools<\/a> (PDF) for additional information.<\/li>\n\n\n\n<li>C\u00e1c ho\u1ea1t \u0111\u1ed9ng ngo\u1ea1i kh\u00f3a bao g\u1ed3m m\u1ed9t lo\u1ea1t c\u00e1c <a href=\"\/vi\/student-programs\/athletics\/\" data-type=\"page\" data-id=\"82\">\u0111i\u1ec1n kinh<\/a> ho\u1eb7c ph\u1ee5c v\u1ee5 tr\u00ean <a href=\"\/vi\/student-programs\/student-leadership\/\" data-type=\"page\" data-id=\"83\">l\u00e3nh \u0111\u1ea1o sinh vi\u00ean<\/a>.<\/li>\n<\/ul>\n\n\n\n<h4 class=\"wp-block-heading\">H\u1ecdc t\u1eadp c\u00e1 nh\u00e2n h\u00f3a<\/h4>\n\n\n\n<p>C\u00e1c tr\u01b0\u1eddng s\u1eed d\u1ee5ng H\u1ec7 th\u1ed1ng h\u1ed7 tr\u1ee3 to\u00e0n di\u1ec7n cho h\u1ecdc sinh (CSSS) \u0111\u1ec3 cung c\u1ea5p c\u00e1c can thi\u1ec7p, d\u1ecbch v\u1ee5 v\u00e0 h\u1ed7 tr\u1ee3 ch\u1ee7 \u0111\u1ed9ng, t\u00edch c\u1ef1c, t\u00f9y ch\u1ec9nh v\u00e0 k\u1ecbp th\u1eddi \u2013 m\u1ed9t c\u00e1ch nh\u00e2n \u00e1i \u2013 \u0111\u1ec3 t\u1ea5t c\u1ea3 h\u1ecdc sinh \u0111\u1ec1u c\u00f3 th\u1ec3 th\u00e0nh c\u00f4ng v\u1edbi ti\u1ec1m n\u0103ng l\u1edbn nh\u1ea5t c\u1ee7a m\u00ecnh. C\u00e1c th\u00e0nh ph\u1ea7n ch\u00ednh c\u1ee7a CSSS l\u00e0:<\/p>\n\n\n\n<figure class=\"wp-block-image alignright size-large is-resized\"><img loading=\"lazy\" decoding=\"async\" width=\"1024\" height=\"683\" src=\"https:\/\/hawaiipublicschools.org\/wp-content\/uploads\/2024\/12\/HIDOE_Secondary_Plants-1024x683.jpg\" alt=\"Students in a classroom looking at a plant experiment\" class=\"wp-image-2559\" style=\"width:340px\" srcset=\"https:\/\/hawaiipublicschools.org\/wp-content\/uploads\/2024\/12\/HIDOE_Secondary_Plants-1024x683.jpg 1024w, https:\/\/hawaiipublicschools.org\/wp-content\/uploads\/2024\/12\/HIDOE_Secondary_Plants-300x200.jpg 300w, https:\/\/hawaiipublicschools.org\/wp-content\/uploads\/2024\/12\/HIDOE_Secondary_Plants-768x512.jpg 768w, https:\/\/hawaiipublicschools.org\/wp-content\/uploads\/2024\/12\/HIDOE_Secondary_Plants-18x12.jpg 18w, https:\/\/hawaiipublicschools.org\/wp-content\/uploads\/2024\/12\/HIDOE_Secondary_Plants.jpg 1200w\" sizes=\"auto, (max-width: 1024px) 100vw, 1024px\" \/><\/figure>\n\n\n\n<ul class=\"wp-block-list\">\n<li>L\u00e3nh \u0111\u1ea1o gi\u1ea3ng d\u1ea1y ch\u1ea5t l\u01b0\u1ee3ng cao<\/li>\n\n\n\n<li>Ch\u01b0\u01a1ng tr\u00ecnh gi\u1ea3ng d\u1ea1y, h\u01b0\u1edbng d\u1eabn v\u00e0 \u0111\u00e1nh gi\u00e1<\/li>\n\n\n\n<li>H\u1ed7 tr\u1ee3 to\u00e0n di\u1ec7n cho sinh vi\u00ean.<\/li>\n<\/ul>\n\n\n\n<p>S\u1ef1 t\u00edch h\u1ee3p kh\u00e9o l\u00e9o v\u00e0 t\u00ednh to\u00e0n v\u1eb9n v\u00e0 trung th\u1ef1c c\u1ee7a vi\u1ec7c tri\u1ec3n khai c\u00e1c th\u00e0nh ph\u1ea7n n\u00e0y \u0111\u1ea3m b\u1ea3o th\u00e0nh c\u00f4ng cho to\u00e0n b\u1ed9 tr\u1ebb em, gia \u0111\u00ecnh v\u00e0 c\u1ed9ng \u0111\u1ed3ng nh\u00e0 tr\u01b0\u1eddng. H\u1ec7 th\u1ed1ng h\u1ed7 tr\u1ee3 to\u00e0n di\u1ec7n cho h\u1ecdc sinh \u0111i\u1ec7n t\u1eed (eCSSS) \u0111\u00f3ng vai tr\u00f2 l\u00e0 h\u1ec7 th\u1ed1ng c\u01a1 s\u1edf d\u1eef li\u1ec7u cho ph\u00e9p c\u00e1c tr\u01b0\u1eddng h\u1ecdc v\u00e0 khu ph\u1ee9c h\u1ee3p x\u00e1c \u0111\u1ecbnh, gi\u00e1m s\u00e1t v\u00e0 theo d\u00f5i c\u00e1c m\u1ed1i quan t\u00e2m c\u1ee7a h\u1ecdc sinh theo th\u1eddi gian.<\/p>","protected":false},"excerpt":{"rendered":"<p>Middle\/Intermediate: Grades 6-8 During these crucial developmental years, our students are growing academically, emotionally and socially. Middle school expands breadth of experiences by offering students expanded class choices in Career and Technical Education, visual arts, drama, dance, music, athletics and afterschool programs. College readiness efforts begin along with strengthening critical social skills. Learning Standards Teachers [&hellip;]<\/p>","protected":false},"author":8,"featured_media":0,"parent":22,"menu_order":14,"comment_status":"closed","ping_status":"closed","template":"","meta":{"_relevanssi_hide_post":"","_relevanssi_hide_content":"","_relevanssi_pin_for_all":"","_relevanssi_pin_keywords":"","_relevanssi_unpin_keywords":"","_relevanssi_related_keywords":"","_relevanssi_related_include_ids":"","_relevanssi_related_exclude_ids":"","_relevanssi_related_no_append":"","_relevanssi_related_not_related":"","_relevanssi_related_posts":"","_relevanssi_noindex_reason":"","_sitemap_exclude":false,"_sitemap_priority":"","_sitemap_frequency":"","_kad_blocks_custom_css":"","_kad_blocks_head_custom_js":"","_kad_blocks_body_custom_js":"","_kad_blocks_footer_custom_js":"","wp_popup_display_lightbox":0,"wp_popup_suppress":"","wp_popup_trigger":"","wp_popup_trigger_amount":0,"wp_popup_disable_on_mobile":false,"footnotes":""},"class_list":["post-25","page","type-page","status-publish","hentry"],"pp_statuses_selecting_workflow":false,"pp_workflow_action":"current","pp_status_selection":"publish","taxonomy_info":[],"featured_image_src_large":false,"author_info":{"display_name":"Ariana Enomoto","author_link":"https:\/\/hawaiipublicschools.org\/vi\/author\/arianastaceyleong-com\/"},"comment_info":0,"publishpress_future_action":{"enabled":false,"date":"2026-04-11 04:12:25","action":"change-status","newStatus":"draft","terms":[],"taxonomy":"","extraData":[]},"publishpress_future_workflow_manual_trigger":{"enabledWorkflows":[]},"_links":{"self":[{"href":"https:\/\/hawaiipublicschools.org\/vi\/wp-json\/wp\/v2\/pages\/25","targetHints":{"allow":["GET"]}}],"collection":[{"href":"https:\/\/hawaiipublicschools.org\/vi\/wp-json\/wp\/v2\/pages"}],"about":[{"href":"https:\/\/hawaiipublicschools.org\/vi\/wp-json\/wp\/v2\/types\/page"}],"author":[{"embeddable":true,"href":"https:\/\/hawaiipublicschools.org\/vi\/wp-json\/wp\/v2\/users\/8"}],"replies":[{"embeddable":true,"href":"https:\/\/hawaiipublicschools.org\/vi\/wp-json\/wp\/v2\/comments?post=25"}],"version-history":[{"count":0,"href":"https:\/\/hawaiipublicschools.org\/vi\/wp-json\/wp\/v2\/pages\/25\/revisions"}],"up":[{"embeddable":true,"href":"https:\/\/hawaiipublicschools.org\/vi\/wp-json\/wp\/v2\/pages\/22"}],"wp:attachment":[{"href":"https:\/\/hawaiipublicschools.org\/vi\/wp-json\/wp\/v2\/media?parent=25"}],"curies":[{"name":"wp","href":"https:\/\/api.w.org\/{rel}","templated":true}]}}