{"id":24,"date":"2024-09-04T22:08:19","date_gmt":"2024-09-04T22:08:19","guid":{"rendered":"https:\/\/hawaiipublicschools.org\/?page_id=24"},"modified":"2026-02-10T14:14:34","modified_gmt":"2026-02-11T00:14:34","slug":"elementary-pre-k-elementary","status":"publish","type":"page","link":"https:\/\/hawaiipublicschools.org\/vi\/academics\/elementary-pre-k-elementary\/","title":{"rendered":"Ti\u1ec3u h\u1ecdc (M\u1eabu gi\u00e1o &amp; Ti\u1ec3u h\u1ecdc)"},"content":{"rendered":"<p class=\"intro\" style=\"font-size:clamp(0.875rem, 0.875rem + ((1vw - 0.2rem) * 0.531), 1.3rem);\">Gi\u00e1o d\u1ee5c m\u1ea7m non l\u00e0 n\u1ec1n t\u1ea3ng cho vi\u1ec7c h\u1ecdc t\u1eadp su\u1ed1t \u0111\u1eddi v\u00e0 th\u00e0nh c\u00f4ng. M\u1eb7c d\u00f9 kh\u00f4ng c\u00f3 ch\u01b0\u01a1ng tr\u00ecnh m\u1eabu gi\u00e1o tr\u00ean to\u00e0n ti\u1ec3u bang, S\u1edf Gi\u00e1o d\u1ee5c Ti\u1ec3u bang Hawai\u02bbi, ph\u1ed1i h\u1ee3p v\u1edbi V\u0103n ph\u00f2ng \u0110i\u1ec1u h\u00e0nh v\u1ec1 H\u1ecdc t\u1eadp S\u1edbm (EOEL) v\u00e0 c\u00e1c \u0111\u1ed1i t\u00e1c c\u1ed9ng \u0111\u1ed3ng, cung c\u1ea5p c\u00e1c ch\u01b0\u01a1ng tr\u00ecnh M\u1eabu gi\u00e1o (Pre-K) to\u00e0n di\u1ec7n \u0111\u1ec3 h\u1ed7 tr\u1ee3 s\u1ef1 ph\u00e1t tri\u1ec3n c\u1ee7a tr\u1ebb em t\u1eeb giai \u0111o\u1ea1n tr\u01b0\u1edbc khi sinh \u0111\u1ebfn 5 tu\u1ed5i. C\u00e1c ch\u01b0\u01a1ng tr\u00ecnh n\u00e0y \u0111\u01b0\u1ee3c thi\u1ebft k\u1ebf \u0111\u1ec3 cung c\u1ea5p nh\u1eefng tr\u1ea3i nghi\u1ec7m h\u1ecdc t\u1eadp ch\u1ea5t l\u01b0\u1ee3ng cao nu\u00f4i d\u01b0\u1ee1ng s\u1ef1 ph\u00e1t tri\u1ec3n v\u1ec1 m\u1eb7t x\u00e3 h\u1ed9i, c\u1ea3m x\u00fac v\u00e0 h\u1ecdc t\u1eadp.<\/p>\n\n\n\n<h2 class=\"wp-block-heading\">TR\u01af\u1edcNG M\u1eaaU GI\u00c1O<\/h2>\n\n\n\n<p>B\u1ed9 l\u00e0m vi\u1ec7c v\u1edbi V\u0103n ph\u00f2ng \u0111i\u1ec1u h\u00e0nh v\u1ec1 h\u1ecdc t\u1eadp s\u1edbm c\u1ee7a ti\u1ec3u bang (EOEL) \u0111\u1ec3 ph\u1ed1i h\u1ee3p <a href=\"https:\/\/earlylearning.ehawaii.gov\/wf\/index.html\" target=\"_blank\" rel=\"noreferrer noopener\">Ch\u01b0\u01a1ng tr\u00ecnh M\u1ea7m non C\u00f4ng l\u1eadp EOEL<\/a> (M\u1eabu gi\u00e1o) d\u00e0nh cho tr\u1ebb em t\u1eeb 3 \u0111\u1ebfn 4 tu\u1ed5i \u0111ang h\u1ecdc hai n\u0103m tr\u01b0\u1edbc khi v\u00e0o m\u1eabu gi\u00e1o. B\u1ed9 c\u0169ng h\u1ee3p t\u00e1c v\u1edbi c\u00e1c t\u1ed5 ch\u1ee9c v\u00e0 c\u01a1 quan \u0111\u1ec3 m\u1edf r\u1ed9ng c\u01a1 h\u1ed9i h\u1ecdc t\u1eadp cho tr\u1ebb em Hawai\u02bbi t\u1eeb tr\u01b0\u1edbc khi sinh \u0111\u1ebfn 5 tu\u1ed5i.\u00a0<\/p>\n\n\n\n<h3 class=\"wp-block-heading\">C\u00e1c C\u01a1 quan Pre-K l\u00e0m vi\u1ec7c v\u1edbi HIDOE<\/h3>\n\n\n\n<h4 class=\"wp-block-heading\">Kh\u1edfi \u0111\u1ea7u<\/h4>\n\n\n\n<p><a href=\"https:\/\/headstart.gov\/center-locator?latitude=19.899&amp;longitude=-155.666&amp;address=&amp;city=&amp;zip=&amp;county=&amp;state=HI\" target=\"_blank\" rel=\"noreferrer noopener\">Kh\u1edfi \u0111\u1ea7u<\/a> v\u00e0 c\u00e1c ch\u01b0\u01a1ng tr\u00ecnh Head Start s\u1edbm h\u1ed7 tr\u1ee3 s\u1ef1 ph\u00e1t tri\u1ec3n v\u1ec1 tinh th\u1ea7n, x\u00e3 h\u1ed9i v\u00e0 c\u1ea3m x\u00fac c\u1ee7a tr\u1ebb em t\u1eeb c\u00e1c gia \u0111\u00ecnh c\u00f3 thu nh\u1eadp th\u1ea5p t\u1eeb khi m\u1edbi sinh \u0111\u1ebfn 5 tu\u1ed5i. Ngo\u00e0i c\u00e1c d\u1ecbch v\u1ee5 gi\u00e1o d\u1ee5c, c\u00e1c ch\u01b0\u01a1ng tr\u00ecnh c\u00f2n cung c\u1ea5p cho tr\u1ebb em v\u00e0 gia \u0111\u00ecnh c\u00e1c d\u1ecbch v\u1ee5 v\u1ec1 s\u1ee9c kh\u1ecfe, dinh d\u01b0\u1ee1ng, x\u00e3 h\u1ed9i v\u00e0 c\u00e1c d\u1ecbch v\u1ee5 kh\u00e1c. C\u00e1c d\u1ecbch v\u1ee5 Head Start \u0111\u00e1p \u1ee9ng di s\u1ea3n d\u00e2n t\u1ed9c, v\u0103n h\u00f3a v\u00e0 ng\u00f4n ng\u1eef c\u1ee7a t\u1eebng tr\u1ebb em v\u00e0 gia \u0111\u00ecnh.<\/p>\n\n\n\n<p>C\u00e1c kho\u1ea3n t\u00e0i tr\u1ee3 li\u00ean bang c\u1ee7a Head Start \u0111\u01b0\u1ee3c qu\u1ea3n l\u00fd b\u1edfi c\u00e1c c\u01a1 quan phi l\u1ee3i nhu\u1eadn sau \u0111\u00e2y. Li\u00ean h\u1ec7 v\u1edbi h\u1ecd \u0111\u1ec3 bi\u1ebft th\u00eam th\u00f4ng tin:<\/p>\n\n\n\n<ul class=\"wp-block-list\">\n<li>O\u02bbahu: <a href=\"http:\/\/www.hcapweb.org\/headstart\/\" target=\"_blank\" rel=\"noreferrer noopener\">Ch\u01b0\u01a1ng tr\u00ecnh h\u00e0nh \u0111\u1ed9ng c\u1ed9ng \u0111\u1ed3ng Honolulu (HCAP)<\/a> V\u00e0 <a href=\"https:\/\/www.pacthawaii.org\/head-start\">Cha m\u1eb9 v\u00e0 con c\u00e1i c\u00f9ng nhau (PACT)<\/a><\/li>\n\n\n\n<li>Maui, Molokai v\u00e0 L\u0101na\u02bbi: <a href=\"http:\/\/www.meoinc.org\/\" target=\"_blank\" rel=\"noreferrer noopener\">C\u00f4ng ty TNHH C\u01a1 h\u1ed9i kinh t\u1ebf Maui<\/a> V\u00e0 <a href=\"https:\/\/mfss.org\/services\/\" target=\"_blank\" rel=\"noreferrer noopener\">D\u1ecbch v\u1ee5 h\u1ed7 tr\u1ee3 gia \u0111\u00ecnh Maui<\/a><\/li>\n\n\n\n<li>Kaua\u02bbi: <a href=\"https:\/\/www.childandfamilyservice.org\/kauai\/\" target=\"_blank\" rel=\"noreferrer noopener\">D\u1ecbch v\u1ee5 tr\u1ebb em v\u00e0 gia \u0111\u00ecnh<\/a><\/li>\n\n\n\n<li>Hawai\u02bbi: <a href=\"https:\/\/www.pacthawaii.org\/head-start\" target=\"_blank\" rel=\"noreferrer noopener\">Cha m\u1eb9 v\u00e0 con c\u00e1i c\u00f9ng nhau (PACT)<\/a> V\u00e0 <a href=\"https:\/\/familysupporthawaii.org\/\" target=\"_blank\" rel=\"noreferrer noopener\">D\u1ecbch v\u1ee5 h\u1ed7 tr\u1ee3 gia \u0111\u00ecnh<\/a><\/li>\n<\/ul>\n\n\n\n<h4 class=\"wp-block-heading\">M\u0101\u02bbili Resource Center at the Community Learning Center at M\u0101\u02bbili<\/h4>\n\n\n\n<p>C\u00e1c gia \u0111\u00ecnh tr\u00ean B\u1edd bi\u1ec3n Wai\u02bbanae c\u00f3 th\u1ec3 k\u1ebft n\u1ed1i v\u1edbi trung t\u00e2m <a href=\"https:\/\/www.ksbe.edu\/resourcecenters\/locations\/oahu\" target=\"_blank\" rel=\"noreferrer noopener\">Khu ph\u1ee9c h\u1ee3p m\u1ea7m non\u200b<\/a> to access classrooms being operated by Kamehameha Schools and a variety of community organizations including \u02bbAha P\u016bnana Leo, HCAP \u2014 Head Start, INPEACE Keiki Steps program, Keiki o ka \u02bbAina and Wai\u02bbanae Coast Early Education Center.\u200b<\/p>\n\n\n\n<h3 class=\"wp-block-heading\">T\u00e0i nguy\u00ean d\u00e0nh cho ph\u1ee5 huynh<\/h3>\n\n\n\n<ul class=\"wp-block-list\">\n<li>\u200b<a href=\"http:\/\/toosmall.org\/\" target=\"_blank\" rel=\"noreferrer noopener\">Qu\u00e1 nh\u1ecf \u0111\u1ec3 th\u1ea5t b\u1ea1i:\u200b<\/a> M\u1ee5c \u0111\u00edch l\u00e0 gi\u00fap cha m\u1eb9 v\u00e0 doanh nghi\u1ec7p th\u1ef1c hi\u1ec7n c\u00e1c h\u00e0nh \u0111\u1ed9ng c\u00f3 \u00fd ngh\u0129a \u0111\u1ec3 c\u1ea3i thi\u1ec7n s\u1ee9c kh\u1ecfe v\u00e0 h\u1ea1nh ph\u00fac c\u1ee7a tr\u1ebb em t\u1eeb 0 \u0111\u1ebfn 5 tu\u1ed5i, \u0111\u1ec3 nhi\u1ec1u tr\u1ebb em \u1edf M\u1ef9 \u0111\u01b0\u1ee3c chu\u1ea9n b\u1ecb \u0111\u1ec3 th\u00e0nh c\u00f4ng h\u01a1n.\u200b<\/li>\n\n\n\n<li><a href=\"http:\/\/learningtogrowhawaii.org\/family-friend-neighbor-care\/choosing-child-care\/\" target=\"_blank\" rel=\"noreferrer noopener\">H\u1ecdc c\u00e1ch ph\u00e1t tri\u1ec3n<\/a>: Cung c\u1ea5p t\u00e0i li\u1ec7u tham kh\u1ea3o \u0111\u01b0\u1ee3c thi\u1ebft k\u1ebf \u0111\u1ec3 gi\u00fap c\u00e1c gia \u0111\u00ecnh \u0111\u01b0a ra quy\u1ebft \u0111\u1ecbnh s\u00e1ng su\u1ed1t v\u1ec1 vi\u1ec7c ch\u0103m s\u00f3c tr\u1ebb nh\u1ecf c\u1ee7a h\u1ecd. Theo d\u00f5i tr\u00ean <a href=\"https:\/\/www.facebook.com\/learningtogrowhawaii\" target=\"_blank\" rel=\"noreferrer noopener\">Facebook<\/a>.<\/li>\n\n\n\n<li><a href=\"https:\/\/www.patchhawaii.org\/\">V\u00c1<\/a>: Free resource hub for families, child care professionals and communities of Hawai\u02bbi supported by the State of Hawai\u02bbi Department of Human Services.<\/li>\n<\/ul>\n\n\n\n<hr class=\"wp-block-separator has-alpha-channel-opacity is-style-wide\" style=\"margin-top:var(--wp--preset--spacing--30);margin-bottom:var(--wp--preset--spacing--30)\"\/>\n\n\n\n<figure class=\"wp-block-image alignright size-large is-resized\" style=\"margin-top:4px;margin-bottom:4px\"><img loading=\"lazy\" decoding=\"async\" width=\"1024\" height=\"678\" src=\"https:\/\/hawaiipublicschools.org\/wp-content\/uploads\/Noelani_Elem-1024x678.jpg\" alt=\"Young school girl making illustration artwork on a table.\" class=\"wp-image-6750\" style=\"width:530px\" srcset=\"https:\/\/hawaiipublicschools.org\/wp-content\/uploads\/Noelani_Elem-1024x678.jpg 1024w, https:\/\/hawaiipublicschools.org\/wp-content\/uploads\/Noelani_Elem-300x199.jpg 300w, https:\/\/hawaiipublicschools.org\/wp-content\/uploads\/Noelani_Elem-768x509.jpg 768w, https:\/\/hawaiipublicschools.org\/wp-content\/uploads\/Noelani_Elem-18x12.jpg 18w, https:\/\/hawaiipublicschools.org\/wp-content\/uploads\/Noelani_Elem.jpg 1200w\" sizes=\"auto, (max-width: 1024px) 100vw, 1024px\" \/><\/figure>\n\n\n\n<h2 class=\"wp-block-heading\">Ti\u1ec3u h\u1ecdc <\/h2>\n\n\n\n<p>Khi h\u1ecdc sinh chuy\u1ec3n t\u1eeb L\u1edbp 1 \u0111\u1ebfn L\u1edbp 6, gi\u00e1o vi\u00ean quan s\u00e1t s\u1ef1 ph\u00e1t tri\u1ec3n v\u1ec1 m\u1eb7t h\u1ecdc thu\u1eadt, x\u00e3 h\u1ed9i v\u00e0 c\u1ea3m x\u00fac c\u1ee7a c\u00e1c em v\u00e0 \u00e1p d\u1ee5ng c\u00e1c h\u1ed7 tr\u1ee3 c\u00f3 m\u1ee5c ti\u00eau. \u0110\u00e1nh gi\u00e1 h\u1ecdc thu\u1eadt ch\u00ednh th\u1ee9c b\u1eaft \u0111\u1ea7u t\u1eeb L\u1edbp 3.<\/p>\n\n\n\n<h3 class=\"wp-block-heading\">K\u1ebft qu\u1ea3 chung c\u1ee7a ng\u01b0\u1eddi h\u1ecdc<\/h3>\n\n\n\n<p>H\u1ecdc sinh t\u1eeb l\u1edbp K-6 \u0111\u01b0\u1ee3c gi\u00e1o vi\u00ean \u0111\u00e1nh gi\u00e1 qua s\u00e1u <a href=\"\/vi\/academics\/general-learner-outcomes-glos\/\" data-type=\"page\" data-id=\"41\">K\u1ebft qu\u1ea3 chung c\u1ee7a ng\u01b0\u1eddi h\u1ecdc ho\u1eb7c GLO<\/a>. Gi\u00e1o vi\u00ean ti\u1ec3u h\u1ecdc s\u1eed d\u1ee5ng ti\u00eau ch\u00ed GLO v\u00e0 b\u1eb1ng ch\u1ee9ng trong l\u1edbp h\u1ecdc \u0111\u1ec3 x\u00e1c \u0111\u1ecbnh x\u1ebfp h\u1ea1ng c\u1ee7a h\u1ecdc sinh cho t\u1eebng GLO, sau \u0111\u00f3 \u0111\u01b0\u1ee3c th\u00f4ng b\u00e1o cho ph\u1ee5 huynh th\u00f4ng qua b\u1ea3ng b\u00e1o c\u00e1o theo ti\u00eau chu\u1ea9n ti\u1ec3u h\u1ecdc.<\/p>\n\n\n\n<h3 class=\"wp-block-heading\">Ti\u00eau chu\u1ea9n h\u1ecdc t\u1eadp<\/h3>\n\n\n\n<p>Gi\u00e1o vi\u00ean c\u00f3 th\u1ec3 linh ho\u1ea1t thi\u1ebft k\u1ebf c\u00e1c k\u1ebf ho\u1ea1ch b\u00e0i h\u1ecdc k\u1ebft h\u1ee3p ngh\u1ec7 thu\u1eadt, c\u00e1c gi\u00e1 tr\u1ecb x\u00e3 h\u1ed9i v\u00e0 v\u0103n h\u00f3a, c\u00e1c nguy\u00ean t\u1eafc v\u1ec1 s\u1ee9c kh\u1ecfe v\u00e0 th\u1ec3 ch\u1ea5t, v.v. N\u1ec1n t\u1ea3ng n\u1eb1m \u1edf <a href=\"https:\/\/learningdesign.hawaiipublicschools.org\/standards-based-content\" data-type=\"link\" data-id=\"https:\/\/learningdesign.hawaiipublicschools.org\/standards-based-content\">gi\u00e1o d\u1ee5c theo chu\u1ea9n m\u1ef1c<\/a> that includes Common Core, Hawai\u02bbi Content and Performance Standards III, and other Hawai\u02bbi-based and national standards in all other subjects.<\/p>\n\n\n\n<ul class=\"wp-block-list\">\n<li>Trang web Thi\u1ebft k\u1ebf h\u1ecdc t\u1eadp: V\u0103n ph\u00f2ng Thi\u1ebft k\u1ebf ch\u01b0\u01a1ng tr\u00ecnh gi\u1ea3ng d\u1ea1y v\u00e0 h\u01b0\u1edbng d\u1eabn c\u1ee7a HIDOE \u0111\u00e3 kh\u1edfi x\u01b0\u1edbng ngu\u1ed3n t\u00e0i nguy\u00ean n\u00e0y d\u1ef1a tr\u00ean ph\u1ea3n h\u1ed3i c\u1ee7a c\u00e1c nh\u00e0 gi\u00e1o d\u1ee5c HIDOE.<\/li>\n<\/ul>\n\n\n\n<h3 class=\"wp-block-heading\">\u0110\u00e1nh gi\u00e1<\/h3>\n\n\n\n<ul class=\"wp-block-list\">\n<li>H\u00e0ng n\u0103m <a href=\"https:\/\/hawaiipublicschools.org\/vi\/academics\/types-of-testing\/\" data-type=\"page\" data-id=\"931\">\u0110\u00e1nh gi\u00e1 c\u1ee7a ti\u1ec3u bang<\/a> m\u00f4n ti\u1ebfng Anh v\u00e0 to\u00e1n trong \u0110\u00e1nh gi\u00e1 Smarter Balanced b\u1eaft \u0111\u1ea7u t\u1eeb L\u1edbp 3. \u0110\u00e1nh gi\u00e1 khoa h\u1ecdc b\u1ed5 sung \u0111\u01b0\u1ee3c th\u1ef1c hi\u1ec7n cho h\u1ecdc sinh l\u1edbp n\u0103m.<\/li>\n\n\n\n<li>M\u1ed9t m\u1eabu \u0111\u1ea1i di\u1ec7n g\u1ed3m h\u1ecdc sinh l\u1edbp 4 \u0111\u01b0\u1ee3c \u0111\u00e1nh gi\u00e1 theo \u0110\u00e1nh gi\u00e1 ti\u1ebfn b\u1ed9 gi\u00e1o d\u1ee5c qu\u1ed1c gia (NAEP) v\u1ec1 \u0111\u1ecdc, vi\u1ebft, to\u00e1n v\u00e0 khoa h\u1ecdc v\u00e0o nh\u1eefng n\u0103m xen k\u1ebd.<\/li>\n<\/ul>","protected":false},"excerpt":{"rendered":"<p>Early childhood education is the foundation for lifelong learning and success. While there is no statewide preschool program, the Hawai\u02bbi State Department of Education, in collaboration with the Executive Office on Early Learning (EOEL) and community partners, offers comprehensive Prekindergarten (Pre-K) programs to support children\u2019s development from prenatal stages through age 5. These programs are [&hellip;]<\/p>","protected":false},"author":8,"featured_media":0,"parent":22,"menu_order":13,"comment_status":"closed","ping_status":"closed","template":"","meta":{"_relevanssi_hide_post":"","_relevanssi_hide_content":"","_relevanssi_pin_for_all":"","_relevanssi_pin_keywords":"","_relevanssi_unpin_keywords":"","_relevanssi_related_keywords":"","_relevanssi_related_include_ids":"","_relevanssi_related_exclude_ids":"","_relevanssi_related_no_append":"","_relevanssi_related_not_related":"","_relevanssi_related_posts":"9657,16234,856,9788,10495,9759","_relevanssi_noindex_reason":"","_sitemap_exclude":false,"_sitemap_priority":"","_sitemap_frequency":"","_kad_blocks_custom_css":"","_kad_blocks_head_custom_js":"","_kad_blocks_body_custom_js":"","_kad_blocks_footer_custom_js":"","wp_popup_display_lightbox":0,"wp_popup_suppress":"","wp_popup_trigger":"","wp_popup_trigger_amount":0,"wp_popup_disable_on_mobile":false,"footnotes":""},"class_list":["post-24","page","type-page","status-publish","hentry"],"pp_statuses_selecting_workflow":false,"pp_workflow_action":"current","pp_status_selection":"publish","taxonomy_info":[],"featured_image_src_large":false,"author_info":{"display_name":"Ariana Enomoto","author_link":"https:\/\/hawaiipublicschools.org\/vi\/author\/arianastaceyleong-com\/"},"comment_info":0,"publishpress_future_action":{"enabled":false,"date":"2026-04-26 01:27:41","action":"change-status","newStatus":"draft","terms":[],"taxonomy":"","extraData":[]},"publishpress_future_workflow_manual_trigger":{"enabledWorkflows":[]},"_links":{"self":[{"href":"https:\/\/hawaiipublicschools.org\/vi\/wp-json\/wp\/v2\/pages\/24","targetHints":{"allow":["GET"]}}],"collection":[{"href":"https:\/\/hawaiipublicschools.org\/vi\/wp-json\/wp\/v2\/pages"}],"about":[{"href":"https:\/\/hawaiipublicschools.org\/vi\/wp-json\/wp\/v2\/types\/page"}],"author":[{"embeddable":true,"href":"https:\/\/hawaiipublicschools.org\/vi\/wp-json\/wp\/v2\/users\/8"}],"replies":[{"embeddable":true,"href":"https:\/\/hawaiipublicschools.org\/vi\/wp-json\/wp\/v2\/comments?post=24"}],"version-history":[{"count":0,"href":"https:\/\/hawaiipublicschools.org\/vi\/wp-json\/wp\/v2\/pages\/24\/revisions"}],"up":[{"embeddable":true,"href":"https:\/\/hawaiipublicschools.org\/vi\/wp-json\/wp\/v2\/pages\/22"}],"wp:attachment":[{"href":"https:\/\/hawaiipublicschools.org\/vi\/wp-json\/wp\/v2\/media?parent=24"}],"curies":[{"name":"wp","href":"https:\/\/api.w.org\/{rel}","templated":true}]}}