{"id":17,"date":"2025-02-11T09:08:18","date_gmt":"2025-02-11T19:08:18","guid":{"rendered":"https:\/\/hawaiipublicschools.org\/?page_id=17"},"modified":"2025-10-06T08:11:03","modified_gmt":"2025-10-06T18:11:03","slug":"charter-schools","status":"publish","type":"page","link":"https:\/\/hawaiipublicschools.org\/vi\/enrolling-in-school\/charter-schools\/","title":{"rendered":"Tr\u01b0\u1eddng h\u1ecdc theo Hi\u1ebfn ch\u01b0\u01a1ng"},"content":{"rendered":"<div class=\"wp-block-columns double_col_sidebar is-layout-flex wp-container-core-columns-is-layout-28f84493 wp-block-columns-is-layout-flex\">\n<div class=\"wp-block-column left_col is-layout-flow wp-block-column-is-layout-flow\">\n<p class=\"intro\" style=\"font-size:clamp(0.875rem, 0.875rem + ((1vw - 0.2rem) * 0.531), 1.3rem);\">Hawai\u02bbi&#8217;s charter schools are tuition-free public schools of choice open to all, serving students in kindergarten through 12th grade. Each charter school offers a different learning environment; some offer blended learning, others focus on Hawaiian language immersion or arts integration, and others offer project-based learning or a Waldorf model of learning.<\/p>\n\n\n\n<p>Unlike traditional public schools, charters are operated and managed by independent governing boards. They operate under a performance contract with the State Public Charter School Commission. If you&#8217;re interested in learning more about Hawai\u02bbi&#8217;s charter schools, please connect with the charter school commission.<\/p>\n\n\n\n<h2 class=\"wp-block-heading\">\u1ee6y ban tr\u01b0\u1eddng h\u1ecdc<\/h2>\n\n\n\n<p>S\u1ee9 m\u1ec7nh c\u1ee7a <a href=\"http:\/\/www.chartercommission.hawaii.gov\/\" target=\"_blank\" rel=\"noreferrer noopener\">\u1ee6y ban tr\u01b0\u1eddng c\u00f4ng l\u1eadp ti\u1ec3u bang\u200b<\/a> is to authorize high-quality public charter schools throughout Hawai\u02bbi. The Commission approves quality applications for new charter schools and monitors the performance and legal compliance of existing charter schools. The major responsibilities of the Charter School commission include:<\/p>\n\n\n\n<ul class=\"wp-block-list\">\n<li>Cung c\u1ea5p h\u1ed7 tr\u1ee3 v\u00e0 tr\u1ee3 gi\u00fap cho s\u1ef1 ph\u00e1t tri\u1ec3n, t\u0103ng tr\u01b0\u1edfng, ti\u1ebfn b\u1ed9 v\u00e0 th\u00e0nh c\u00f4ng c\u1ee7a c\u00e1c tr\u01b0\u1eddng \u0111\u1eb7c quy\u1ec1n v\u00e0 h\u1ec7 th\u1ed1ng tr\u01b0\u1eddng \u0111\u1eb7c quy\u1ec1n;<\/li>\n\n\n\n<li>X\u00e1c \u0111\u1ecbnh nhu c\u1ea7u c\u1ee7a tr\u01b0\u1eddng \u0111\u1eb7c quy\u1ec1n v\u00e0 h\u1ec7 th\u1ed1ng tr\u01b0\u1eddng \u0111\u1eb7c quy\u1ec1n th\u00f4ng qua ph\u00e2n t\u00edch v\u00e0 \u0111\u01b0a ra khuy\u1ebfn ngh\u1ecb v\u1ec1 c\u00e1c v\u1ea5n \u0111\u1ec1 c\u1ee7a tr\u01b0\u1eddng \u0111\u1eb7c quy\u1ec1n;<\/li>\n\n\n\n<li>Ho\u1ea1t \u0111\u1ed9ng nh\u01b0 ng\u01b0\u1eddi \u1ee7ng h\u1ed9 c\u00e1c tr\u01b0\u1eddng \u0111\u1eb7c quy\u1ec1n v\u00e0 h\u1ec7 th\u1ed1ng tr\u01b0\u1eddng \u0111\u1eb7c quy\u1ec1n v\u00e0 \u0111\u1ea1i di\u1ec7n cho h\u1ecd trong c\u00e1c cu\u1ed9c giao ti\u1ebfp v\u1edbi H\u1ed9i \u0111\u1ed3ng Gi\u00e1o d\u1ee5c, th\u1ed1ng \u0111\u1ed1c v\u00e0 C\u01a1 quan L\u1eadp ph\u00e1p;<\/li>\n\n\n\n<li>Ho\u1ea1t \u0111\u1ed9ng nh\u01b0 m\u1ed9t \u0111\u01a1n v\u1ecb li\u00ean l\u1ea1c, c\u1ea7u n\u1ed1i, trung gian v\u00e0 t\u1ea1o \u0111i\u1ec1u ki\u1ec7n thu\u1eadn l\u1ee3i gi\u1eefa c\u00e1c tr\u01b0\u1eddng \u0111\u1eb7c quy\u1ec1n v\u00e0 c\u00e1c c\u01a1 quan nh\u00e0 n\u01b0\u1edbc; v\u00e0<\/li>\n\n\n\n<li>Chu\u1ea9n b\u1ecb v\u00e0 th\u1ef1c hi\u1ec7n ng\u00e2n s\u00e1ch chung c\u1ee7a h\u1ec7 th\u1ed1ng tr\u01b0\u1eddng \u0111\u1eb7c quy\u1ec1n v\u00e0 ph\u00e2n b\u1ed5 v\u00e0 ph\u00e2n ph\u1ed1i c\u1ea3 qu\u1ef9 c\u1ee7a ti\u1ec3u bang v\u00e0 li\u00ean bang cho c\u00e1c tr\u01b0\u1eddng \u0111\u1eb7c quy\u1ec1n.<\/li>\n<\/ul>\n<\/div>\n\n\n\n<div class=\"wp-block-column right_col is-layout-flow wp-block-column-is-layout-flow\"><div class=\"kb-row-layout-wrap kb-row-layout-id1050_d76aa3-f2 alignnone wp-block-kadence-rowlayout\"><div class=\"kt-row-column-wrap kt-has-2-columns kt-row-layout-row kt-tab-layout-row kt-mobile-layout-row kt-row-valign-top\">\n\n<div class=\"wp-block-kadence-column kadence-column1050_63c690-aa\"><div class=\"kt-inside-inner-col\">\n<figure class=\"wp-block-image size-full no_margin\"><img loading=\"lazy\" decoding=\"async\" width=\"1024\" height=\"576\" src=\"https:\/\/hawaiipublicschools.org\/wp-content\/uploads\/2024\/12\/Noelani-1024x576.jpg\" alt=\"\" class=\"wp-image-2280\" style=\"aspect-ratio:4\/3;object-fit:cover\" srcset=\"https:\/\/hawaiipublicschools.org\/wp-content\/uploads\/2024\/12\/Noelani-1024x576.jpg 1024w, https:\/\/hawaiipublicschools.org\/wp-content\/uploads\/2024\/12\/Noelani-300x169.jpg 300w, https:\/\/hawaiipublicschools.org\/wp-content\/uploads\/2024\/12\/Noelani-768x432.jpg 768w, https:\/\/hawaiipublicschools.org\/wp-content\/uploads\/2024\/12\/Noelani-18x10.jpg 18w, https:\/\/hawaiipublicschools.org\/wp-content\/uploads\/2024\/12\/Noelani.jpg 1500w\" sizes=\"auto, (max-width: 1024px) 100vw, 1024px\" \/><\/figure>\n<\/div><\/div>\n\n\n\n<div class=\"wp-block-kadence-column kadence-column1050_6ae211-6a\"><div class=\"kt-inside-inner-col\">\n<h5 class=\"wp-block-heading has-base-color has-text-color has-link-color wp-elements-91735848e86ea283e0928ede427b944c\" style=\"margin-top:0px;padding-top:0;padding-bottom:0.5rem;font-size:1.4vw\">\u1ee6y ban tr\u01b0\u1eddng c\u00f4ng l\u1eadp ti\u1ec3u bang<\/h5>\n\n\n\n<p class=\"has-base-color has-text-color has-link-color wp-elements-73de11a7dc8419c68045457638ce71c1\">1164 \u0110\u01b0\u1eddng Bishop, Ph\u00f2ng 1100<br>Honolulu, HI 96813<br><a href=\"mailto:info@spcsc.hawaii.gov\">E-mail<\/a><br>\u0110i\u1ec7n tho\u1ea1i: (808) 586-3775<br>S\u1ed1 Fax: (808) 586-3776<br><a href=\"http:\/\/www.chartercommission.hawaii.gov\/\" data-type=\"link\" data-id=\"http:\/\/www.chartercommission.hawaii.gov\/\" target=\"_blank\" rel=\"noreferrer noopener\">Trang web<\/a><\/p>\n<\/div><\/div>\n\n<\/div><\/div><\/div>\n<\/div>","protected":false},"excerpt":{"rendered":"<p>Hawai\u02bbi&#8217;s charter schools are tuition-free public schools of choice open to all, serving students in kindergarten through 12th grade. Each charter school offers a different learning environment; some offer blended learning, others focus on Hawaiian language immersion or arts integration, and others offer project-based learning or a Waldorf model of learning. Unlike traditional public schools, [&hellip;]<\/p>","protected":false},"author":8,"featured_media":0,"parent":13,"menu_order":19,"comment_status":"closed","ping_status":"closed","template":"wp-custom-template-page-for-custom-sidebar","meta":{"_relevanssi_hide_post":"","_relevanssi_hide_content":"","_relevanssi_pin_for_all":"","_relevanssi_pin_keywords":"","_relevanssi_unpin_keywords":"","_relevanssi_related_keywords":"","_relevanssi_related_include_ids":"","_relevanssi_related_exclude_ids":"","_relevanssi_related_no_append":"","_relevanssi_related_not_related":"","_relevanssi_related_posts":"","_relevanssi_noindex_reason":"","_sitemap_exclude":false,"_sitemap_priority":"","_sitemap_frequency":"","_kad_blocks_custom_css":"","_kad_blocks_head_custom_js":"","_kad_blocks_body_custom_js":"","_kad_blocks_footer_custom_js":"","wp_popup_display_lightbox":0,"wp_popup_suppress":"","wp_popup_trigger":"","wp_popup_trigger_amount":0,"wp_popup_disable_on_mobile":false,"footnotes":""},"class_list":["post-17","page","type-page","status-publish","hentry"],"pp_statuses_selecting_workflow":false,"pp_workflow_action":"current","pp_status_selection":"publish","taxonomy_info":[],"featured_image_src_large":false,"author_info":{"display_name":"Ariana Enomoto","author_link":"https:\/\/hawaiipublicschools.org\/vi\/author\/arianastaceyleong-com\/"},"comment_info":0,"publishpress_future_action":{"enabled":false,"date":"2026-04-29 19:16:38","action":"change-status","newStatus":"draft","terms":[],"taxonomy":"","extraData":[]},"publishpress_future_workflow_manual_trigger":{"enabledWorkflows":[]},"_links":{"self":[{"href":"https:\/\/hawaiipublicschools.org\/vi\/wp-json\/wp\/v2\/pages\/17","targetHints":{"allow":["GET"]}}],"collection":[{"href":"https:\/\/hawaiipublicschools.org\/vi\/wp-json\/wp\/v2\/pages"}],"about":[{"href":"https:\/\/hawaiipublicschools.org\/vi\/wp-json\/wp\/v2\/types\/page"}],"author":[{"embeddable":true,"href":"https:\/\/hawaiipublicschools.org\/vi\/wp-json\/wp\/v2\/users\/8"}],"replies":[{"embeddable":true,"href":"https:\/\/hawaiipublicschools.org\/vi\/wp-json\/wp\/v2\/comments?post=17"}],"version-history":[{"count":0,"href":"https:\/\/hawaiipublicschools.org\/vi\/wp-json\/wp\/v2\/pages\/17\/revisions"}],"up":[{"embeddable":true,"href":"https:\/\/hawaiipublicschools.org\/vi\/wp-json\/wp\/v2\/pages\/13"}],"wp:attachment":[{"href":"https:\/\/hawaiipublicschools.org\/vi\/wp-json\/wp\/v2\/media?parent=17"}],"curies":[{"name":"wp","href":"https:\/\/api.w.org\/{rel}","templated":true}]}}