{"id":16502,"date":"2025-11-03T10:36:43","date_gmt":"2025-11-03T20:36:43","guid":{"rendered":"https:\/\/hawaiipublicschools.org\/?page_id=16502"},"modified":"2026-03-06T15:12:37","modified_gmt":"2026-03-07T01:12:37","slug":"farm-to-school","status":"publish","type":"page","link":"https:\/\/hawaiipublicschools.org\/vi\/school-services\/school-food-services\/farm-to-school\/","title":{"rendered":"T\u1eeb n\u00f4ng tr\u1ea1i \u0111\u1ebfn tr\u01b0\u1eddng"},"content":{"rendered":"<p>The Department is continuing its efforts to ensure every student participates in agriculture or nutrition education, and provide every public school with a garden to strengthen food security, student learning, and local economies statewide.<\/p>\n\n\n\n<figure class=\"wp-block-gallery has-nested-images columns-2 is-cropped wp-block-gallery-1 is-layout-flex wp-block-gallery-is-layout-flex\">\n<figure class=\"wp-block-image size-large\"><img loading=\"lazy\" decoding=\"async\" width=\"1024\" height=\"683\" data-id=\"16669\" src=\"https:\/\/hawaiipublicschools.org\/wp-content\/uploads\/Chicken-Papaya-School-lunch-Alvah-Scott-Elementary-P1026384-1024x683.jpg\" alt=\"Locally sourced green papaya and bok choy\" class=\"wp-image-16669\" srcset=\"https:\/\/hawaiipublicschools.org\/wp-content\/uploads\/Chicken-Papaya-School-lunch-Alvah-Scott-Elementary-P1026384-1024x683.jpg 1024w, https:\/\/hawaiipublicschools.org\/wp-content\/uploads\/Chicken-Papaya-School-lunch-Alvah-Scott-Elementary-P1026384-300x200.jpg 300w, https:\/\/hawaiipublicschools.org\/wp-content\/uploads\/Chicken-Papaya-School-lunch-Alvah-Scott-Elementary-P1026384-768x512.jpg 768w, https:\/\/hawaiipublicschools.org\/wp-content\/uploads\/Chicken-Papaya-School-lunch-Alvah-Scott-Elementary-P1026384-1536x1024.jpg 1536w, https:\/\/hawaiipublicschools.org\/wp-content\/uploads\/Chicken-Papaya-School-lunch-Alvah-Scott-Elementary-P1026384-18x12.jpg 18w, https:\/\/hawaiipublicschools.org\/wp-content\/uploads\/Chicken-Papaya-School-lunch-Alvah-Scott-Elementary-P1026384.jpg 1800w\" sizes=\"auto, (max-width: 1024px) 100vw, 1024px\" \/><figcaption class=\"wp-element-caption\">Locally sourced green papaya and bok choy<\/figcaption><\/figure>\n\n\n\n<figure class=\"wp-block-image size-large\"><img loading=\"lazy\" decoding=\"async\" width=\"1024\" height=\"683\" data-id=\"8927\" src=\"https:\/\/hawaiipublicschools.org\/wp-content\/uploads\/2025-02-24-AppleBananas1-1024x683.jpg\" alt=\"Locally grown apple bananas\" class=\"wp-image-8927\" srcset=\"https:\/\/hawaiipublicschools.org\/wp-content\/uploads\/2025-02-24-AppleBananas1-1024x683.jpg 1024w, https:\/\/hawaiipublicschools.org\/wp-content\/uploads\/2025-02-24-AppleBananas1-300x200.jpg 300w, https:\/\/hawaiipublicschools.org\/wp-content\/uploads\/2025-02-24-AppleBananas1-768x512.jpg 768w, https:\/\/hawaiipublicschools.org\/wp-content\/uploads\/2025-02-24-AppleBananas1-18x12.jpg 18w, https:\/\/hawaiipublicschools.org\/wp-content\/uploads\/2025-02-24-AppleBananas1.jpg 1200w\" sizes=\"auto, (max-width: 1024px) 100vw, 1024px\" \/><figcaption class=\"wp-element-caption\">Locally grown apple&nbsp;bananas<\/figcaption><\/figure>\n\n\n\n<figure class=\"wp-block-image size-large\"><img loading=\"lazy\" decoding=\"async\" width=\"1024\" height=\"683\" data-id=\"15771\" src=\"https:\/\/hawaiipublicschools.org\/wp-content\/uploads\/P1026505-1024x683.jpg\" alt=\"Chicken papaya soup using locally sourced green papaya and bok choy\" class=\"wp-image-15771\" srcset=\"https:\/\/hawaiipublicschools.org\/wp-content\/uploads\/P1026505-1024x683.jpg 1024w, https:\/\/hawaiipublicschools.org\/wp-content\/uploads\/P1026505-300x200.jpg 300w, https:\/\/hawaiipublicschools.org\/wp-content\/uploads\/P1026505-768x512.jpg 768w, https:\/\/hawaiipublicschools.org\/wp-content\/uploads\/P1026505-18x12.jpg 18w, https:\/\/hawaiipublicschools.org\/wp-content\/uploads\/P1026505.jpg 1200w\" sizes=\"auto, (max-width: 1024px) 100vw, 1024px\" \/><figcaption class=\"wp-element-caption\">Chicken papaya soup served using locally sourced green papaya and bok choy<\/figcaption><\/figure>\n\n\n\n<figure class=\"wp-block-image size-large\"><img loading=\"lazy\" decoding=\"async\" width=\"1024\" height=\"683\" data-id=\"16671\" src=\"https:\/\/hawaiipublicschools.org\/wp-content\/uploads\/Kaneohe-ES-Banana-Breakfast-Serving-1024x683.jpg\" alt=\"Locally grown apple bananas served at Kaneohe Elementary\" class=\"wp-image-16671\" srcset=\"https:\/\/hawaiipublicschools.org\/wp-content\/uploads\/Kaneohe-ES-Banana-Breakfast-Serving-1024x683.jpg 1024w, https:\/\/hawaiipublicschools.org\/wp-content\/uploads\/Kaneohe-ES-Banana-Breakfast-Serving-300x200.jpg 300w, https:\/\/hawaiipublicschools.org\/wp-content\/uploads\/Kaneohe-ES-Banana-Breakfast-Serving-768x512.jpg 768w, https:\/\/hawaiipublicschools.org\/wp-content\/uploads\/Kaneohe-ES-Banana-Breakfast-Serving-1536x1024.jpg 1536w, https:\/\/hawaiipublicschools.org\/wp-content\/uploads\/Kaneohe-ES-Banana-Breakfast-Serving-18x12.jpg 18w, https:\/\/hawaiipublicschools.org\/wp-content\/uploads\/Kaneohe-ES-Banana-Breakfast-Serving.jpg 1800w\" sizes=\"auto, (max-width: 1024px) 100vw, 1024px\" \/><figcaption class=\"wp-element-caption\">Banana pancakes served using local apple bananas<\/figcaption><\/figure>\n<\/figure>\n\n\n\n<p><\/p>\n\n\n\n<h2 class=\"wp-block-heading\">Hawai\u02bbi Farm to School Plan<\/h2>\n\n\n\n<p>Under Superintendent Keith Hayashi&#8217;s leadership, the Department is refocusing its efforts, strengthening partnerships, and taking action&nbsp;to reach the statewide goal of 30% locally sourced food by 2030. The <a href=\"\/wp-content\/uploads\/HawaiiFarmtoSchoolPlan.pdf\" data-type=\"attachment\" data-id=\"16540\" target=\"_blank\" rel=\"noreferrer noopener\">Hawai\u02bbi Farm to School Plan<\/a> (PDF) outlines these efforts.<\/p>\n\n\n\n<div class=\"wp-block-columns padding-vert-med is-layout-flex wp-container-core-columns-is-layout-28f84493 wp-block-columns-is-layout-flex\">\n<div class=\"wp-block-column is-layout-flow wp-block-column-is-layout-flow\">\n<p class=\"has-text-align-center number_circle\">1<\/p>\n\n\n\n<h3 class=\"wp-block-heading padding-horz-sm\">Goal 1: 30% of food served in public school meals will be locally sourced.<\/h3>\n\n\n\n<p class=\"padding-horz-sm\">Locally sourced food means products that are grown, raised and harvested in Hawai\u2018i, including both fresh and value-added items. <\/p>\n<\/div>\n\n\n\n<div class=\"wp-block-column is-layout-flow wp-block-column-is-layout-flow\">\n<p class=\"number_circle\">2<\/p>\n\n\n\n<h3 class=\"wp-block-heading padding-horz-sm\">Goal 2: All students will participate in agriculture or nutrition education.<\/h3>\n\n\n\n<p class=\"padding-horz-sm\">This includes hands-on, standards-aligned instruction in science, health, Career &amp; Technical Education, and Hawaiian Studies. <\/p>\n<\/div>\n\n\n\n<div class=\"wp-block-column is-layout-flow wp-block-column-is-layout-flow\">\n<p class=\"number_circle\">3<\/p>\n\n\n\n<h3 class=\"wp-block-heading padding-horz-sm\">Goal 3: Every public school in Hawai\u02bbi will have a garden.<\/h3>\n\n\n\n<p class=\"padding-horz-sm\">Gardens support social-emotional learning, reinforce core subjects, and offer a powerful connection to land, food and culture.<\/p>\n<\/div>\n<\/div>\n\n\n\n<h2 class=\"wp-block-heading\">Reports and Policies<\/h2>\n\n\n\n<ul class=\"wp-block-list\">\n<li><a href=\"\/wp-content\/uploads\/HawaiiFarmtoSchoolPlan.pdf\" data-type=\"attachment\" data-id=\"16540\" target=\"_blank\" rel=\"noreferrer noopener\">Hawai\u02bbi Farm to School Plan<\/a> (PDF)<\/li>\n\n\n\n<li><a href=\"https:\/\/www.capitol.hawaii.gov\/hrscurrent\/Vol05_Ch0261-0319\/HRS0302A\/HRS_0302A-0405_0005.htm\" target=\"_blank\" rel=\"noreferrer noopener\">HRS \u00a7302A-405.5<\/a>: Hawaii farm to school program; farm to school coordinator<\/li>\n\n\n\n<li><a href=\"https:\/\/www.capitol.hawaii.gov\/hrscurrent\/Vol05_Ch0261-0319\/HRS0302A\/HRS_0302A-0405_0006.htm\" target=\"_blank\" rel=\"noreferrer noopener\">HRS \u00a7302A-405.6<\/a>: Farm to school meals<\/li>\n\n\n\n<li><a href=\"https:\/\/data.capitol.hawaii.gov\/sessions\/session2022\/bills\/HB1525_.HTM\" target=\"_blank\" rel=\"noreferrer noopener\">M\u00e0n 175<\/a> (2021) moved the Hawaii farm to school program from the Department of Agriculture to the Department of Education.<\/li>\n\n\n\n<li>Xem <a href=\"https:\/\/hawaiipublicschools.org\/vi\/data-reports\/legislative-reports\/\" data-type=\"page\" data-id=\"133\">legislative reports<\/a> page on Department Farm to School reporting.<\/li>\n<\/ul>\n\n\n\n<h2 class=\"wp-block-heading\">In the News<\/h2>\n\n\n\n<p>Read about Hawai\u02bbi public schools efforts to incorporate fresh, locally grown produce in their school meals:<\/p>\n\n\n\n<figure class=\"wp-block-image alignright is-resized\"><img decoding=\"async\" src=\"https:\/\/lh7-rt.googleusercontent.com\/docsz\/AD_4nXdIE2GAn4M8KvJc5EqbpMBTj3ZI6Vs1LcWgW882OcTdMzPP5KFqn5hbSdhXlgdTiJZBAwARmlFTLzdMtBVE1wSFOyPv9Ha-f-wWsPir2vhTiyR_vzOb7jv2-scxJpaZtCRbpxXs0g?key=xp5OSTKiw_nMpld412VUXDHd\" alt=\"\" style=\"width:480px\"\/><\/figure>\n\n\n\n<ul class=\"wp-block-list\"><\/ul>\n\n\n\n<p><\/p>\n\n\n\n<ul class=\"wp-block-list\">\n<li><a href=\"https:\/\/hawaiipublicschools.org\/vi\/2026-hawai%ca%bbi-public-schools-advancing-farm-to-school-efforts-with-new-small-farm-partnerships\/\">Hawai\u02bbi public schools advancing farm-to-school efforts with new small farm partnerships<\/a> (March 4, 2026)<\/li>\n\n\n\n<li><a href=\"http:\/\/Maui-grown mandarins debut in Hawai\u02bbi public school meals\">Maui-grown mandarins debut in Hawai\u02bbi public school meals<\/a> (Feb. 24, 2026)<\/li>\n\n\n\n<li><a href=\"https:\/\/hawaiipublicschools.org\/vi\/2026-hawaii-public-school-students-taste-the-rainbow-with-fresh-locally-sourced-salad\/\" data-type=\"link\" data-id=\"https:\/\/hawaiipublicschools.org\/2026-hawaii-public-school-students-taste-the-rainbow-with-fresh-locally-sourced-salad\/\" target=\"_blank\" rel=\"noreferrer noopener\">Hawai\u02bbi public school students \u2018taste the rainbow\u2019 with fresh, locally sourced salad<\/a> (Jan. 27, 2026)<\/li>\n\n\n\n<li><a href=\"https:\/\/hawaiipublicschools.org\/vi\/2025-hawaii-public-schools-get-a-special-taste-of-local-uala-on-this-months-breakfast-menu\/\" data-type=\"link\" data-id=\"https:\/\/hawaiipublicschools.org\/2025-hawaii-public-schools-get-a-special-taste-of-local-uala-on-this-months-breakfast-menu\/\" target=\"_blank\" rel=\"noreferrer noopener\">Hawai\u2018i public schools get a special taste of local \u2018uala on this month\u2019s breakfast menu<\/a> (Dec. 11, 2025)<\/li>\n\n\n\n<li><a href=\"https:\/\/hawaiipublicschools.org\/vi\/2025-volcano-bowls-farm-to-school-week\/\" data-type=\"link\" data-id=\"https:\/\/hawaiipublicschools.org\/2025-volcano-bowls-farm-to-school-week\/\" target=\"_blank\" rel=\"noreferrer noopener\">C\u00e1c tr\u01b0\u1eddng h\u1ecdc \u1edf Hawai\u02bbi ph\u1ee5c v\u1ee5 &#039;b\u00e1t n\u00fai l\u1eeda&#039; c\u00f3 ngu\u1ed3n g\u1ed1c \u0111\u1ecba ph\u01b0\u01a1ng cho Tu\u1ea7n l\u1ec5 \u0102n tr\u01b0a t\u1ea1i Tr\u01b0\u1eddng h\u1ecdc Qu\u1ed1c gia v\u00e0 Th\u00e1ng T\u1eeb N\u00f4ng tr\u1ea1i \u0111\u1ebfn Tr\u01b0\u1eddng h\u1ecdc<\/a> (Oct. 28, 2025)<\/li>\n\n\n\n<li><a href=\"\/vi\/2025-filipino-chicken-papaya-soup-brings-homestyle-comfort-and-local-flair-to-student-lunches\/\" data-type=\"post\" data-id=\"15769\" target=\"_blank\" rel=\"noreferrer noopener\">Filipino chicken papaya soup brings homestyle comfort and local flair to student lunches<\/a> (Sept. 23, 2025)<\/li>\n\n\n\n<li><a href=\"\/vi\/2025-local-%CA%BBuala-returns-to-school-lunch-menus-across-the-state\/\" target=\"_blank\" rel=\"noreferrer noopener\">\u02bbuala \u0111\u1ecba ph\u01b0\u01a1ng tr\u1edf l\u1ea1i th\u1ef1c \u0111\u01a1n b\u1eefa tr\u01b0a t\u1ea1i tr\u01b0\u1eddng h\u1ecdc tr\u00ean to\u00e0n ti\u1ec3u bang<\/a> (May 19, 2025)<\/li>\n\n\n\n<li><a href=\"\/vi\/2025-hawaii-public-schools-pilot-new-banana-bread-recipe-featuring-local-ulu-flour\/\" target=\"_blank\" rel=\"noreferrer noopener\">C\u00e1c tr\u01b0\u1eddng c\u00f4ng l\u1eadp Hawai\u02bbi th\u1eed nghi\u1ec7m c\u00f4ng th\u1ee9c b\u00e1nh m\u00ec chu\u1ed1i m\u1edbi c\u00f3 s\u1eed d\u1ee5ng b\u1ed9t &#039;ulu \u0111\u1ecba ph\u01b0\u01a1ng<\/a> (April 29, 2025)<\/li>\n\n\n\n<li><a href=\"\/vi\/2025-hawai%ca%bbi-public-school-students-served-green-eggs-and-ham-fried-rice-breakfast-featuring-local-green-onions\/?highlight=green%20onion\" target=\"_blank\" rel=\"noreferrer noopener\">H\u1ecdc sinh tr\u01b0\u1eddng c\u00f4ng l\u1eadp Hawai\u02bbi \u0111\u01b0\u1ee3c ph\u1ee5c v\u1ee5 b\u1eefa s\u00e1ng v\u1edbi tr\u1ee9ng xanh v\u00e0 c\u01a1m chi\u00ean gi\u0103m b\u00f4ng c\u00f3 h\u00e0nh l\u00e1 \u0111\u1ecba ph\u01b0\u01a1ng<\/a> (March 17, 2025)<\/li>\n\n\n\n<li><a href=\"\/vi\/2025-local-apple-bananas-featured-on-hawai%ca%bbi-public-school-breakfast-menus\/?highlight=banana%20\" target=\"_blank\" rel=\"noreferrer noopener\">Chu\u1ed1i t\u00e1o \u0111\u1ecba ph\u01b0\u01a1ng c\u00f3 trong th\u1ef1c \u0111\u01a1n b\u1eefa s\u00e1ng c\u1ee7a tr\u01b0\u1eddng c\u00f4ng l\u1eadp Hawai\u02bbi<\/a> (Feb. 24, 2025)<\/li>\n\n\n\n<li><a href=\"\/vi\/2024-poi-served-at-36-hawaii-public-schools-as-part-of-effort-to-boost-local-menu-items\/?highlight=local\" target=\"_blank\" rel=\"noreferrer noopener\">Poi served at 36 Hawai\u02bbi public schools as part of effort to boost local menu items<\/a> (May 13, 2024)<\/li>\n\n\n\n<li><a href=\"\/vi\/2023-nearly-60-hawaii-public-schools-offer-local-uala-for-national-farm-to-school-month\/?highlight=local\" target=\"_blank\" rel=\"noreferrer noopener\">Nearly 60 Hawai\u02bbi public schools offer local \u02bbuala for National Farm to School Month<\/a> (Nov. 9, 2023)<\/li>\n\n\n\n<li><a href=\"\/vi\/2023-over-70-oahu-public-schools-offer-fresh-local-poi-to-students-and-staff\/?highlight=Over%2070%20O%26%23039%3Bahu%20public%20schools%20offer%20fresh%20local%20poi%20to%20\" target=\"_blank\" rel=\"noreferrer noopener\">Over 70 O\u02bbahu public schools offer fresh local poi to students and staff<\/a> (May 12, 2023)<\/li>\n<\/ul>\n\n\n\n<figure class=\"wp-block-gallery has-nested-images columns-2 is-cropped wp-block-gallery-2 is-layout-flex wp-block-gallery-is-layout-flex\">\n<figure class=\"wp-block-image size-large\"><img loading=\"lazy\" decoding=\"async\" width=\"1024\" height=\"683\" data-id=\"16538\" src=\"https:\/\/hawaiipublicschools.org\/wp-content\/uploads\/20250826-KahukuHS-1024x683.jpg\" alt=\"Kahuku High students and teacher in garden\" class=\"wp-image-16538\" srcset=\"https:\/\/hawaiipublicschools.org\/wp-content\/uploads\/20250826-KahukuHS-1024x683.jpg 1024w, https:\/\/hawaiipublicschools.org\/wp-content\/uploads\/20250826-KahukuHS-300x200.jpg 300w, https:\/\/hawaiipublicschools.org\/wp-content\/uploads\/20250826-KahukuHS-768x512.jpg 768w, https:\/\/hawaiipublicschools.org\/wp-content\/uploads\/20250826-KahukuHS-1536x1024.jpg 1536w, https:\/\/hawaiipublicschools.org\/wp-content\/uploads\/20250826-KahukuHS-18x12.jpg 18w, https:\/\/hawaiipublicschools.org\/wp-content\/uploads\/20250826-KahukuHS.jpg 1800w\" sizes=\"auto, (max-width: 1024px) 100vw, 1024px\" \/><figcaption class=\"wp-element-caption\">Kahuku High<\/figcaption><\/figure>\n\n\n\n<figure class=\"wp-block-image size-large\"><img loading=\"lazy\" decoding=\"async\" width=\"1024\" height=\"683\" data-id=\"16537\" src=\"https:\/\/hawaiipublicschools.org\/wp-content\/uploads\/20240510-Chiefess-Kamakahelei-1024x683.jpg\" alt=\"Kalo plant at Chiefess Kamakahelei Middle School Garden\" class=\"wp-image-16537\" srcset=\"https:\/\/hawaiipublicschools.org\/wp-content\/uploads\/20240510-Chiefess-Kamakahelei-1024x683.jpg 1024w, https:\/\/hawaiipublicschools.org\/wp-content\/uploads\/20240510-Chiefess-Kamakahelei-300x200.jpg 300w, https:\/\/hawaiipublicschools.org\/wp-content\/uploads\/20240510-Chiefess-Kamakahelei-768x512.jpg 768w, https:\/\/hawaiipublicschools.org\/wp-content\/uploads\/20240510-Chiefess-Kamakahelei-1536x1024.jpg 1536w, https:\/\/hawaiipublicschools.org\/wp-content\/uploads\/20240510-Chiefess-Kamakahelei-18x12.jpg 18w, https:\/\/hawaiipublicschools.org\/wp-content\/uploads\/20240510-Chiefess-Kamakahelei.jpg 1800w\" sizes=\"auto, (max-width: 1024px) 100vw, 1024px\" \/><figcaption class=\"wp-element-caption\">Chiefess Kamakahelei Middle School<\/figcaption><\/figure>\n<\/figure>\n\n\n\n<p><\/p>","protected":false},"excerpt":{"rendered":"<p>The Department is continuing its efforts to ensure every student participates in agriculture or nutrition education, and provide every public school with a garden to strengthen food security, student learning, and local economies statewide. Hawai\u02bbi Farm to School Plan Under Superintendent Keith Hayashi&#8217;s leadership, the Department is refocusing its efforts, strengthening partnerships, and taking action&nbsp;to [&hellip;]<\/p>","protected":false},"author":13,"featured_media":0,"parent":69,"menu_order":0,"comment_status":"closed","ping_status":"closed","template":"","meta":{"_relevanssi_hide_post":"","_relevanssi_hide_content":"","_relevanssi_pin_for_all":"","_relevanssi_pin_keywords":"","_relevanssi_unpin_keywords":"","_relevanssi_related_keywords":"","_relevanssi_related_include_ids":"","_relevanssi_related_exclude_ids":"","_relevanssi_related_no_append":"","_relevanssi_related_not_related":"","_relevanssi_related_posts":"9996,13765,9731,9987,9946,9998","_relevanssi_noindex_reason":"","_sitemap_exclude":false,"_sitemap_priority":"","_sitemap_frequency":"","_kad_blocks_custom_css":"","_kad_blocks_head_custom_js":"","_kad_blocks_body_custom_js":"","_kad_blocks_footer_custom_js":"","wp_popup_display_lightbox":0,"wp_popup_suppress":"","wp_popup_trigger":"","wp_popup_trigger_amount":0,"wp_popup_disable_on_mobile":false,"footnotes":""},"class_list":["post-16502","page","type-page","status-publish","hentry"],"pp_statuses_selecting_workflow":false,"pp_workflow_action":"current","pp_status_selection":"publish","taxonomy_info":[],"featured_image_src_large":false,"author_info":{"display_name":"Sara Miyazono","author_link":"https:\/\/hawaiipublicschools.org\/vi\/author\/sara-miyazonok12-hi-us\/"},"comment_info":0,"publishpress_future_action":{"enabled":false,"date":"2026-04-11 04:05:42","action":"change-status","newStatus":"draft","terms":[],"taxonomy":"","extraData":[]},"publishpress_future_workflow_manual_trigger":{"enabledWorkflows":[]},"_links":{"self":[{"href":"https:\/\/hawaiipublicschools.org\/vi\/wp-json\/wp\/v2\/pages\/16502","targetHints":{"allow":["GET"]}}],"collection":[{"href":"https:\/\/hawaiipublicschools.org\/vi\/wp-json\/wp\/v2\/pages"}],"about":[{"href":"https:\/\/hawaiipublicschools.org\/vi\/wp-json\/wp\/v2\/types\/page"}],"author":[{"embeddable":true,"href":"https:\/\/hawaiipublicschools.org\/vi\/wp-json\/wp\/v2\/users\/13"}],"replies":[{"embeddable":true,"href":"https:\/\/hawaiipublicschools.org\/vi\/wp-json\/wp\/v2\/comments?post=16502"}],"version-history":[{"count":1,"href":"https:\/\/hawaiipublicschools.org\/vi\/wp-json\/wp\/v2\/pages\/16502\/revisions"}],"predecessor-version":[{"id":18806,"href":"https:\/\/hawaiipublicschools.org\/vi\/wp-json\/wp\/v2\/pages\/16502\/revisions\/18806"}],"up":[{"embeddable":true,"href":"https:\/\/hawaiipublicschools.org\/vi\/wp-json\/wp\/v2\/pages\/69"}],"wp:attachment":[{"href":"https:\/\/hawaiipublicschools.org\/vi\/wp-json\/wp\/v2\/media?parent=16502"}],"curies":[{"name":"wp","href":"https:\/\/api.w.org\/{rel}","templated":true}]}}