{"id":164,"date":"2024-09-05T00:20:02","date_gmt":"2024-09-05T00:20:02","guid":{"rendered":"https:\/\/hawaiipublicschools.org\/?page_id=164"},"modified":"2025-10-09T15:49:20","modified_gmt":"2025-10-10T01:49:20","slug":"terms-of-use","status":"publish","type":"page","link":"https:\/\/hawaiipublicschools.org\/vi\/useful-links\/terms-of-use\/","title":{"rendered":"\u0110i\u1ec1u kho\u1ea3n s\u1eed d\u1ee5ng"},"content":{"rendered":"<p class=\"intro\" style=\"font-size:clamp(0.875rem, 0.875rem + ((1vw - 0.2rem) * 0.531), 1.3rem);\">Thank you for visiting the Hawai\u02bbi State Department of Education\u2019s website. By visiting and using this website, its subpages and content, you are agreeing to these terms of access and use.<\/p>\n\n\n\n<h2 class=\"wp-block-heading\">\u200b\u200bL\u01b0u \u00fd<\/h2>\n\n\n\n<p>You have entered the official Hawai\u02bbi State Department of Education website (\u201chawaiipublicschools.org\u201d), which may be used for authorized purposes only. This website is not, nor is it intended to be, an open public forum.<\/p>\n\n\n\n<h2 class=\"wp-block-heading\">S\u1ef1 \u0111\u1ecbnh ngh\u0129a<\/h2>\n\n\n\n<p>Theo c\u00e1c \u0111i\u1ec1u kho\u1ea3n truy c\u1eadp v\u00e0 s\u1eed d\u1ee5ng n\u00e0y, \u201cTRANG WEB\u201d c\u00f3 ngh\u0129a l\u00e0 v\u00e0 \u0111\u1ec1 c\u1eadp \u0111\u1ebfn to\u00e0n b\u1ed9 ho\u1eb7c b\u1ea5t k\u1ef3 ph\u1ea7n n\u00e0o c\u1ee7a TRANG WEB ch\u00ednh th\u1ee9c c\u1ee7a S\u1edf Gi\u00e1o d\u1ee5c Ti\u1ec3u bang Hawai&#039;i (t\u1ee9c l\u00e0 t\u1ea5t c\u1ea3 c\u00e1c trang c\u00f3 t\u00ean mi\u1ec1n \u201chawaiipublicschools.org\u201d), c\u00e1c trang con v\u00e0 n\u1ed9i dung.<\/p>\n\n\n\n<p>Theo c\u00e1c \u0111i\u1ec1u kho\u1ea3n truy c\u1eadp v\u00e0 s\u1eed d\u1ee5ng n\u00e0y, \u201cN\u1ed8I DUNG\u201d bao g\u1ed3m th\u00f4ng tin, t\u00e0i li\u1ec7u, v\u0103n b\u1ea3n, \u0111\u1ed3 h\u1ecda, h\u00ecnh \u1ea3nh, logo, \u0111\u1ecbnh d\u1ea1ng l\u1eadp tr\u00ecnh HTML (bao g\u1ed3m th\u1ebb meta ho\u1eb7c meta http t\u01b0\u01a1ng \u0111\u01b0\u01a1ng) v\u00e0 t\u1eadp l\u1ec7nh.<\/p>\n\n\n\n<h2 class=\"wp-block-heading\">Th\u00f4ng b\u00e1o v\u1ec1 an ninh v\u00e0 gi\u00e1m s\u00e1t<\/h2>\n\n\n\n<p>Trang web n\u00e0y c\u00f3 quy\u1ec1n thu th\u1eadp th\u00f4ng tin \u0111i\u1ec1u h\u01b0\u1edbng v\u1ec1 ng\u01b0\u1eddi d\u00f9ng nh\u01b0:<\/p>\n\n\n\n<ul class=\"wp-block-list\">\n<li>\u0110\u1ecba ch\u1ec9 IP v\u00e0 t\u00ean mi\u1ec1n d\u00f9ng \u0111\u1ec3 truy c\u1eadp trang web.<\/li>\n\n\n\n<li>Ng\u00e0y v\u00e0 gi\u1edd truy c\u1eadp trang web.<\/li>\n\n\n\n<li>\u0110\u1ecba ch\u1ec9 trang web (c\u00f2n g\u1ecdi l\u00e0 URL) c\u1ee7a li\u00ean k\u1ebft \u0111\u01b0\u1ee3c nh\u1ea5p v\u00e0o \u0111\u1ec3 truy c\u1eadp trang web.<\/li>\n<\/ul>\n\n\n\n<p>V\u00ec m\u1ee5c \u0111\u00edch b\u1ea3o m\u1eadt trang web, t\u1ea5t c\u1ea3 l\u01b0u l\u01b0\u1ee3ng m\u1ea1ng \u0111\u1ec1u \u0111\u01b0\u1ee3c gi\u00e1m s\u00e1t \u0111\u1ec3 x\u00e1c \u0111\u1ecbnh c\u00e1c n\u1ed7 l\u1ef1c tr\u00e1i ph\u00e9p nh\u1eb1m t\u1ea3i l\u00ean ho\u1eb7c thay \u0111\u1ed5i th\u00f4ng tin ho\u1eb7c th\u1ef1c hi\u1ec7n ho\u1ea1t \u0111\u1ed9ng t\u1ed9i ph\u1ea1m. Li\u00ean quan \u0111\u1ebfn c\u00e1c cu\u1ed9c \u0111i\u1ec1u tra th\u1ef1c thi ph\u00e1p lu\u1eadt \u0111\u01b0\u1ee3c \u1ee7y quy\u1ec1n v\u00e0 theo quy tr\u00ecnh ph\u00e1p l\u00fd b\u1eaft bu\u1ed9c, th\u00f4ng tin \u0111i\u1ec1u h\u01b0\u1edbng c\u00f3 th\u1ec3 \u0111\u01b0\u1ee3c s\u1eed d\u1ee5ng \u0111\u1ec3 h\u1ed7 tr\u1ee3 thu th\u1eadp th\u00f4ng tin nh\u1eadn d\u1ea1ng c\u00e1 nh\u00e2n.<\/p>\n\n\n\n<p>Furthermore, to protect this WEBSITE as well as the associated computer system supporting this WEBSITE from unauthorized use and to ensure that the computer system is functioning properly, individuals accessing this WEBSITE and the associated computer system are subject to having all of their activities monitored and recorded by personnel authorized to do so by the state of Hawai\u02bbi. Anyone using this WEBSITE and the associated computer system expressly consents to such monitoring and is advised that if such monitoring reveals evidence of possible abuse or criminal activity, state of Hawai\u2018i personnel may provide the results of such monitoring to appropriate officials.<\/p>\n\n\n\n<p>M\u1ecdi n\u1ed7 l\u1ef1c t\u1ea3i l\u00ean ho\u1eb7c thay \u0111\u1ed5i N\u1ed8I DUNG c\u1ee7a trang web tr\u00e1i ph\u00e9p ho\u1eb7c g\u00e2y thi\u1ec7t h\u1ea1i cho TRANG WEB n\u00e0y ho\u1eb7c h\u1ec7 th\u1ed1ng m\u00e1y t\u00ednh \u0111\u1ec1u b\u1ecb nghi\u00eam c\u1ea5m v\u00e0 c\u00f3 th\u1ec3 b\u1ecb tr\u1eebng ph\u1ea1t theo lu\u1eadt hi\u1ec7n h\u00e0nh.<\/p>\n\n\n\n<h2 class=\"wp-block-heading\">L\u01b0u \u00fd r\u1eb1ng trang web c\u00f3 th\u1ec3 thay \u0111\u1ed5i m\u00e0 kh\u00f4ng c\u1ea7n b\u00e1o tr\u01b0\u1edbc<\/h2>\n\n\n\n<p>TRANG WEB n\u00e0y \u0111\u01b0\u1ee3c cung c\u1ea5p nh\u01b0 m\u1ed9t d\u1ecbch v\u1ee5 c\u00f4ng c\u1ed9ng. TRANG WEB n\u00e0y l\u00e0 \u0111\u1ed9ng v\u00e0 s\u1ebd thay \u0111\u1ed5i theo th\u1eddi gian m\u00e0 kh\u00f4ng c\u1ea7n th\u00f4ng b\u00e1o. Do \u0111\u00f3, ng\u01b0\u1eddi d\u00f9ng TRANG WEB n\u00e0y ho\u00e0n to\u00e0n ch\u1ecbu tr\u00e1ch nhi\u1ec7m ki\u1ec3m tra t\u00ednh ch\u00ednh x\u00e1c, \u0111\u1ea7y \u0111\u1ee7, t\u00ednh c\u1eadp nh\u1eadt v\u00e0 t\u00ednh ph\u00f9 h\u1ee3p c\u1ee7a N\u1ed8I DUNG t\u00ecm th\u1ea5y tr\u00ean TRANG WEB.<\/p>\n\n\n\n<p>In addition, the state of Hawai\u02bbi may suspend or discontinue some or all of this public service at any time, or it may elect to charge a fee for access to or use of this public service.<\/p>\n\n\n\n<h2 class=\"wp-block-heading\">Tuy\u00ean b\u1ed1 t\u1eeb ch\u1ed1i b\u1ea3o h\u00e0nh<\/h2>\n\n\n\n<p>This WEBSITE is provided &#8220;as is&#8221; and without warranties of any kind. To the fullest extent of the law, the state of Hawai\u02bbi, including each agency, officer or employee of the state of Hawai\u2018i, disclaims all warranties, expressed or implied, including, but not limited to, warranties of merchantability and fitness for a particular purpose, with respect to this WEBSITE; this disclaimer of warranties includes but is not limited to disclaimers as regards the following: (1) that the functioning of this WEBSITE will be uninterrupted and error-free; (2) that any defects or other errors on this WEBSITE will be corrected; and (3) that this WEBSITE as well as the computer system are or will be free of viruses or other harmful components.<\/p>\n\n\n\n<p>In addition, neither the state of Hawai\u02bbi nor any agency, officer or employee of the state of Hawai\u02bbi makes any representations, guarantees or warranties as to: (1) the accuracy, completeness, currency or suitability of the information provided via this WEBSITE; (2) the use of or the results of the use of this WEBSITE; and (3) the accuracy, reliability, availability or completeness or usefulness of the content of websites created and maintained by persons other than the state of Hawai\u2018i and linked to or from this WEBSITE.<\/p>\n\n\n\n<h2 class=\"wp-block-heading\">Gi\u1edbi h\u1ea1n tr\u00e1ch nhi\u1ec7m<\/h2>\n\n\n\n<p>Under no circumstances, including, but not limited to, negligence, shall the state of Hawai\u02bbi or any agency, officer or employee of the state of Hawai\u2018i be liable for any special, consequential and\/or incidental damages that may result from the use of or the inability to access or use this WEBSITE, even if the state of Hawai\u02bbi has been advised of the possibility of such damages. Applicable law may not allow the limitation or exclusion of liability or incidental or consequential damages, so the above limitation or exclusion may not apply to you. In no event shall the state of Hawai\u02bbi&#8217;s total liability to you for all damages, losses and causes of action (whether in contract, tort\u2014including but not limited to negligence\u2014or otherwise) exceed the amount paid by you, if any, to access this WEBSITE.<\/p>\n\n\n\n<h2 class=\"wp-block-heading\">Th\u00f4ng b\u00e1o b\u1ea3n quy\u1ec1n<\/h2>\n\n\n\n<p>Duplication or use of any CONTENT from this WEBSITE for commercial purposes or in any manner likely to give the impression of official approval by the state of Hawai\u02bbi is prohibited. The WEBSITE Copyright \u00a9 1995-2025 Department of Education, state of Hawai\u02bbi.<\/p>\n\n\n\n<h2 class=\"wp-block-heading\">Th\u00f4ng b\u00e1o v\u1ec1 vi\u1ec7c h\u1ea1n ch\u1ebf s\u1eed d\u1ee5ng con d\u1ea5u c\u1ee7a ti\u1ec3u bang, logo v\u00e0 bi\u1ec3u t\u01b0\u1ee3ng c\u1ee7a B\u1ed9 Gi\u00e1o d\u1ee5c<\/h2>\n\n\n\n<p>Submit requests for use of the logo and any questions regarding proper use to the Hawai\u02bbi State Department of Education, Attention: Communications Branch, P.O. Box 2360, Honolulu, HI 96804 or <a href=\"mailto:doeinfo@k12.hi.us\">e-mail<\/a>. Vui l\u00f2ng cung c\u1ea5p c\u00e1c th\u00f4ng tin sau:<\/p>\n\n\n\n<ol class=\"wp-block-list\">\n<li>Logo s\u1ebd \u0111\u01b0\u1ee3c s\u1eed d\u1ee5ng.<\/li>\n\n\n\n<li>Logo s\u1ebd \u0111\u01b0\u1ee3c s\u1eed d\u1ee5ng nh\u01b0 th\u1ebf n\u00e0o.<\/li>\n\n\n\n<li>Audience and distribution of the product the logo will be used on.<\/li>\n\n\n\n<li>M\u1ed1i quan h\u1ec7 c\u1ee7a khoa v\u1edbi t\u1ed5 ch\u1ee9c ho\u1eb7c s\u1ef1 ki\u1ec7n.<\/li>\n<\/ol>\n\n\n\n<p>The logo should not be used in any way likely to give the impression of official Department approval or affiliation with any non-HIDOE business, product or activity.<\/p>\n\n\n\n<h2 class=\"wp-block-heading\">Section 5-6, Hawai\u02bbi Revised Statutes: Links to External Web Sites and Pages<\/h2>\n\n\n\n<p>This WEBSITE may contain hypertext links to external websites and pages containing information created and maintained by public and private organizations other than the state of Hawai\u02bbi. These hypertext links may be created by the state of Hawai\u02bbi if it determines that establishing the external link will be consistent with assisting or furthering the purpose of this WEBSITE, which is to significantly and diligently promote public service to citizens and businesses by:<\/p>\n\n\n\n<ul class=\"wp-block-list\">\n<li>M\u1edf r\u1ed9ng kh\u1ea3 n\u0103ng ti\u1ebfp c\u1eadn c\u1ee7a doanh nghi\u1ec7p v\u00e0 ng\u01b0\u1eddi d\u00e2n \u0111\u1ed1i v\u1edbi c\u00e1c d\u1ecbch v\u1ee5 v\u00e0 th\u00f4ng tin c\u1ee7a ch\u00ednh ph\u1ee7.<\/li>\n\n\n\n<li>Cung c\u1ea5p quy tr\u00ecnh d\u1ec5 d\u00e0ng v\u00e0 thu\u1eadn ti\u1ec7n cho doanh nghi\u1ec7p v\u00e0 ng\u01b0\u1eddi d\u00e2n th\u1ef1c hi\u1ec7n giao d\u1ecbch tr\u1ef1c tuy\u1ebfn v\u1edbi ch\u00ednh quy\u1ec1n ti\u1ec3u bang.<\/li>\n\n\n\n<li>\u0110\u1ea9y nhanh qu\u00e1 tr\u00ecnh ph\u00e1t tri\u1ec3n v\u00e0 cung c\u1ea5p ng\u00e0y c\u00e0ng nhi\u1ec1u d\u1ecbch v\u1ee5 ch\u00ednh ph\u1ee7 tr\u1ef1c tuy\u1ebfn ch\u1ea5t l\u01b0\u1ee3ng cao.<\/li>\n\n\n\n<li>N\u00e2ng cao m\u1ee9c \u0111\u1ed9 d\u1ecbch v\u1ee5 kh\u00e1ch h\u00e0ng c\u1ee7a ch\u00ednh quy\u1ec1n ti\u1ec3u bang.<\/li>\n\n\n\n<li>M\u1edf r\u1ed9ng d\u1ecbch v\u1ee5 ch\u00ednh quy\u1ec1n \u0111i\u1ec7n t\u1eed cho ng\u01b0\u1eddi d\u00e2n th\u00e0nh ph\u1ed1 v\u00e0 ch\u00ednh quy\u1ec1n qu\u1eadn.<\/li>\n<\/ul>\n\n\n\n<p>In addition, hypertext links may be created by the state of Hawai\u02bbi for informational purposes, that is, where the linked external website will provide useful and valuable information to visitors to this WEBSITE, or where the linked external website is required or authorized by law.<\/p>\n\n\n\n<p>The state of Hawai\u02bbi, in its sole discretion, will determine whether the external website meets the purpose of this WEBSITE or for the specified informational purposes. The inclusion of a hypertext link to an external website is not intended as an endorsement of any products or service offered or referenced on the linked website, the organizations sponsoring such website, or any views which might be expressed or referenced in the website.<\/p>\n\n\n\n<p>These hypertext links to external websites and pages may be removed or replaced in the sole discretion of the state of Hawai\u02bbi, at any time without notice.<\/p>\n\n\n\n<p>In the event you discover problems with or have concerns regarding the format, accuracy, timeliness or completeness of a linked external website, please contact the organization responsible for the linked external website. The state of Hawai\u02bbi does not control nor is it responsible for any linked external websites and pages. The state of Hawai\u02bbi WEBSITE and pages are not intended to be open public forums.<\/p>\n\n\n\n<h2 class=\"wp-block-heading\">Tuy\u00ean b\u1ed1 t\u1eeb ch\u1ed1i x\u00e1c nh\u1eadn<\/h2>\n\n\n\n<p>Any reference in this WEBSITE to any specific commercial products, processes or services by trade name, trademark, manufacturer, or otherwise, does not constitute or imply its endorsement, recommendation or favoring by the state of Hawai\u02bbi.<\/p>\n\n\n\n<h2 class=\"wp-block-heading\">Quy\u1ec1n h\u1ea1n<\/h2>\n\n\n\n<p>This WEBSITE is provided as a public service using an associated computer system located within the state of Hawai\u02bbi. Any person choosing to access and use this WEBSITE is subject to the jurisdiction of the state of Hawai\u02bbi.<\/p>\n\n\n\n<p>These terms shall be governed by and construed in accordance with the laws of the state of Hawai\u02bbi. Any dispute arising out of or relating to these terms, or access and use of this WEBSITE shall be decided under the laws of and in the state courts in the state of Hawai\u02bbi, and you hereby consent to and submit to the personal jurisdiction of such courts for the purpose of adjudicating such dispute.<\/p>\n\n\n\n<h2 class=\"wp-block-heading\">Kh\u1ea3 n\u0103ng t\u00e1ch r\u1eddi<\/h2>\n\n\n\n<p>N\u1ebfu b\u1ea5t k\u1ef3 \u0111i\u1ec1u kho\u1ea3n n\u00e0o trong c\u00e1c \u0111i\u1ec1u kho\u1ea3n n\u00e0y \u0111\u01b0\u1ee3c t\u00f2a \u00e1n c\u00f3 th\u1ea9m quy\u1ec1n x\u00e1c \u0111\u1ecbnh l\u00e0 b\u1ea5t h\u1ee3p ph\u00e1p, v\u00f4 hi\u1ec7u ho\u1eb7c kh\u00f4ng th\u1ec3 thi h\u00e0nh, th\u00ec \u0111i\u1ec1u kho\u1ea3n \u0111\u00f3 s\u1ebd \u0111\u01b0\u1ee3c coi l\u00e0 c\u00f3 th\u1ec3 t\u00e1ch bi\u1ec7t kh\u1ecfi c\u00e1c \u0111i\u1ec1u kho\u1ea3n c\u00f2n l\u1ea1i v\u00e0 s\u1ebd kh\u00f4ng \u1ea3nh h\u01b0\u1edfng \u0111\u1ebfn t\u00ednh h\u1ee3p l\u1ec7 v\u00e0 kh\u1ea3 n\u0103ng thi h\u00e0nh c\u1ee7a c\u00e1c \u0111i\u1ec1u kho\u1ea3n c\u00f2n l\u1ea1i.<\/p>","protected":false},"excerpt":{"rendered":"<p>Thank you for visiting the Hawai\u02bbi State Department of Education\u2019s website. By visiting and using this website, its subpages and content, you are agreeing to these terms of access and use. \u200b\u200bNotice You have entered the official Hawai\u02bbi State Department of Education website (\u201chawaiipublicschools.org\u201d), which may be used for authorized purposes only. This website is [&hellip;]<\/p>","protected":false},"author":8,"featured_media":0,"parent":1291,"menu_order":19,"comment_status":"closed","ping_status":"closed","template":"","meta":{"_relevanssi_hide_post":"","_relevanssi_hide_content":"","_relevanssi_pin_for_all":"","_relevanssi_pin_keywords":"","_relevanssi_unpin_keywords":"","_relevanssi_related_keywords":"","_relevanssi_related_include_ids":"","_relevanssi_related_exclude_ids":"","_relevanssi_related_no_append":"","_relevanssi_related_not_related":"","_relevanssi_related_posts":"","_relevanssi_noindex_reason":"","_sitemap_exclude":false,"_sitemap_priority":"","_sitemap_frequency":"","_kad_blocks_custom_css":"","_kad_blocks_head_custom_js":"","_kad_blocks_body_custom_js":"","_kad_blocks_footer_custom_js":"","wp_popup_display_lightbox":0,"wp_popup_suppress":"","wp_popup_trigger":"","wp_popup_trigger_amount":0,"wp_popup_disable_on_mobile":false,"footnotes":""},"class_list":["post-164","page","type-page","status-publish","hentry"],"pp_statuses_selecting_workflow":false,"pp_workflow_action":"current","pp_status_selection":"publish","taxonomy_info":[],"featured_image_src_large":false,"author_info":{"display_name":"Ariana Enomoto","author_link":"https:\/\/hawaiipublicschools.org\/vi\/author\/arianastaceyleong-com\/"},"comment_info":0,"publishpress_future_action":{"enabled":false,"date":"2026-04-21 09:38:50","action":"change-status","newStatus":"draft","terms":[],"taxonomy":"","extraData":[]},"publishpress_future_workflow_manual_trigger":{"enabledWorkflows":[]},"_links":{"self":[{"href":"https:\/\/hawaiipublicschools.org\/vi\/wp-json\/wp\/v2\/pages\/164","targetHints":{"allow":["GET"]}}],"collection":[{"href":"https:\/\/hawaiipublicschools.org\/vi\/wp-json\/wp\/v2\/pages"}],"about":[{"href":"https:\/\/hawaiipublicschools.org\/vi\/wp-json\/wp\/v2\/types\/page"}],"author":[{"embeddable":true,"href":"https:\/\/hawaiipublicschools.org\/vi\/wp-json\/wp\/v2\/users\/8"}],"replies":[{"embeddable":true,"href":"https:\/\/hawaiipublicschools.org\/vi\/wp-json\/wp\/v2\/comments?post=164"}],"version-history":[{"count":0,"href":"https:\/\/hawaiipublicschools.org\/vi\/wp-json\/wp\/v2\/pages\/164\/revisions"}],"up":[{"embeddable":true,"href":"https:\/\/hawaiipublicschools.org\/vi\/wp-json\/wp\/v2\/pages\/1291"}],"wp:attachment":[{"href":"https:\/\/hawaiipublicschools.org\/vi\/wp-json\/wp\/v2\/media?parent=164"}],"curies":[{"name":"wp","href":"https:\/\/api.w.org\/{rel}","templated":true}]}}