{"id":1574,"date":"2024-12-02T12:13:07","date_gmt":"2024-12-02T20:13:07","guid":{"rendered":"https:\/\/hawaiipublicschools.org\/?page_id=1574"},"modified":"2026-01-12T12:05:42","modified_gmt":"2026-01-12T22:05:42","slug":"impartial-due-process-hearing-redacted-decisions","status":"publish","type":"page","link":"https:\/\/hawaiipublicschools.org\/vi\/school-services\/parent-rights\/dispute-resolutions-and-mediations\/impartial-due-process-hearing-redacted-decisions\/","title":{"rendered":"Phi\u00ean \u0111i\u1ec1u tr\u1ea7n c\u00f4ng b\u1eb1ng v\u1ec1 th\u1ee7 t\u1ee5c t\u1ed1 t\u1ee5ng h\u1ee3p ph\u00e1p \u0111\u00e3 \u0111\u01b0\u1ee3c bi\u00ean t\u1eadp l\u1ea1i"},"content":{"rendered":"<p class=\"intro\" style=\"font-size:clamp(0.875rem, 0.875rem + ((1vw - 0.2rem) * 0.531), 1.3rem);\">\u0110\u00e2y l\u00e0 c\u00e1c phi\u00ean b\u1ea3n \u0111\u00e3 bi\u00ean t\u1eadp l\u1ea1i c\u1ee7a Quy\u1ebft \u0111\u1ecbnh c\u1ee7a C\u00e1n b\u1ed9 \u0111i\u1ec1u tr\u1ea7n ban \u0111\u1ea7u. M\u1ed9t s\u1ed1 chi ti\u1ebft c\u00f3 th\u1ec3 \u0111\u00e3 b\u1ecb x\u00f3a kh\u1ecfi quy\u1ebft \u0111\u1ecbnh \u0111\u1ec3 b\u1ea3o v\u1ec7 danh t\u00ednh c\u1ee7a sinh vi\u00ean. N\u1ebfu c\u00f3 th\u1eafc m\u1eafc v\u1ec1 quy\u1ebft \u0111\u1ecbnh, vui l\u00f2ng g\u1ecdi s\u1ed1 808-307-3600.<\/p>\n\n\n\n<h2 class=\"wp-block-heading\">danh s\u00e1ch theo n\u0103m h\u1ecdc<\/h2>\n\n\n\n<h3 class=\"wp-block-heading\">Decisions Filed and Rendered in School Year 2025-26<\/h3>\n\n\n\n<ul class=\"wp-block-list\">\n<li><a href=\"\/wp-content\/uploads\/DOE-SY2526-001_Redacted.pdf\" target=\"_blank\" rel=\"noreferrer noopener\">DOE-SY2526-001<\/a><\/li>\n\n\n\n<li><a href=\"\/wp-content\/uploads\/DOE-SY2526-002_Redacted.pdf\" target=\"_blank\" rel=\"noreferrer noopener\">DOE-SY2526-002<\/a><\/li>\n\n\n\n<li><a href=\"\/wp-content\/uploads\/DOE-SY2526-003_Redacted.pdf\" target=\"_blank\" rel=\"noreferrer noopener\">DOE-SY2526-003<\/a><\/li>\n\n\n\n<li><a href=\"\/wp-content\/uploads\/DOE-SY2526-006_Redacted.pdf\" target=\"_blank\" rel=\"noreferrer noopener\">DOE-SY2526-006<\/a><\/li>\n<\/ul>\n\n\n\n<h3 class=\"wp-block-heading\">Decisions filed in School Year 2024-25 and rendered in School Year 2025-26<\/h3>\n\n\n\n<div class=\"wp-block-columns is-layout-flex wp-container-core-columns-is-layout-28f84493 wp-block-columns-is-layout-flex\">\n<div class=\"wp-block-column is-layout-flow wp-block-column-is-layout-flow\">\n<ul class=\"wp-block-list\">\n<li><a href=\"\/wp-content\/uploads\/DOE-SY2425-032.pdf\" data-type=\"attachment\" data-id=\"15481\" target=\"_blank\" rel=\"noreferrer noopener\">DOE-SY2425-032<\/a><\/li>\n\n\n\n<li><a href=\"\/wp-content\/uploads\/DOE-SY2425-036.pdf\" data-type=\"attachment\" data-id=\"15482\" target=\"_blank\" rel=\"noreferrer noopener\">DOE-SY2425-036<\/a><\/li>\n<\/ul>\n<\/div>\n\n\n\n<div class=\"wp-block-column is-layout-flow wp-block-column-is-layout-flow\"><\/div>\n<\/div>\n\n\n\n<h3 class=\"wp-block-heading\">Decisions Filed and Rendered in School Year 2024-25<\/h3>\n\n\n\n<div class=\"wp-block-columns is-layout-flex wp-container-core-columns-is-layout-28f84493 wp-block-columns-is-layout-flex\">\n<div class=\"wp-block-column is-layout-flow wp-block-column-is-layout-flow\">\n<ul class=\"wp-block-list\">\n<li><a href=\"\/wp-content\/uploads\/DueProcess_DOE-SY2425-002.pdf\" target=\"_blank\" rel=\"noreferrer noopener\">DOE-SY2425-002<\/a><\/li>\n\n\n\n<li><a href=\"\/wp-content\/uploads\/DueProcess_DOE-SY2425-008.pdf\" target=\"_blank\" rel=\"noreferrer noopener\">DOE-SY2425-008<\/a><\/li>\n\n\n\n<li><a href=\"\/wp-content\/uploads\/DOE-SY2425-009.pdf\" data-type=\"attachment\" data-id=\"15478\" target=\"_blank\" rel=\"noreferrer noopener\">DOE-SY2425-009<\/a><\/li>\n\n\n\n<li><a href=\"\/wp-content\/uploads\/DueProcess_DOE-SY2425-016.pdf\" target=\"_blank\" rel=\"noreferrer noopener\">DOE-SY2425-016<\/a><\/li>\n<\/ul>\n<\/div>\n\n\n\n<div class=\"wp-block-column is-layout-flow wp-block-column-is-layout-flow\">\n<ul class=\"wp-block-list\">\n<li><a href=\"\/wp-content\/uploads\/DueProcess_DOE-SY2425-020.pdf\" target=\"_blank\" rel=\"noreferrer noopener\">DOE-SY2425-020<\/a><\/li>\n\n\n\n<li><a href=\"\/wp-content\/uploads\/DueProcess_DOE-SY2425-023.pdf\" target=\"_blank\" rel=\"noreferrer noopener\">DOE-SY2425-023<\/a><\/li>\n\n\n\n<li><a href=\"\/wp-content\/uploads\/DOE-SY2425-024.pdf\" data-type=\"attachment\" data-id=\"15479\" target=\"_blank\" rel=\"noreferrer noopener\">DOE-SY2425-024<\/a><\/li>\n\n\n\n<li><a href=\"\/wp-content\/uploads\/DOE-SY2425-029.pdf\" data-type=\"attachment\" data-id=\"15480\" target=\"_blank\" rel=\"noreferrer noopener\">DOE-SY2425-029<\/a><\/li>\n<\/ul>\n<\/div>\n<\/div>\n\n\n\n<h3 class=\"wp-block-heading\">Quy\u1ebft \u0111\u1ecbnh \u0111\u01b0\u1ee3c n\u1ed9p v\u00e0 ban h\u00e0nh trong n\u0103m h\u1ecdc 2023-24<\/h3>\n\n\n\n<div class=\"wp-block-columns is-layout-flex wp-container-core-columns-is-layout-28f84493 wp-block-columns-is-layout-flex\">\n<div class=\"wp-block-column is-layout-flow wp-block-column-is-layout-flow\" style=\"flex-basis:100%\">\n<ul class=\"wp-block-list\">\n<li><a href=\"\/Reports\/DOE-SY2324-003.pdf\" target=\"_blank\" rel=\"noreferrer noopener\">DOE-SY2324-003<\/a><\/li>\n\n\n\n<li><a href=\"\/Reports\/DOE-SY2324-005.pdf\" target=\"_blank\" rel=\"noreferrer noopener\">DOE-SY2324-005<\/a><\/li>\n\n\n\n<li><a href=\"\/Reports\/DOE-SY2324-021.pdf\" target=\"_blank\" rel=\"noreferrer noopener\">DOE-SY2324-021<\/a><\/li>\n\n\n\n<li><a href=\"\/Reports\/DOE-SY2324-022.pdf\" target=\"_blank\" rel=\"noreferrer noopener\">DOE-SY2324-022<\/a><\/li>\n<\/ul>\n<\/div>\n\n\n\n<div class=\"wp-block-column is-layout-flow wp-block-column-is-layout-flow\" style=\"flex-basis:100%\">\n<ul class=\"wp-block-list\">\n<li><a href=\"\/Reports\/DOE-SY2324-025.pdf\" target=\"_blank\" rel=\"noreferrer noopener\">DOE-SY2324-025<\/a><\/li>\n\n\n\n<li><a href=\"\/Reports\/DOE-SY2324-026.pdf\" target=\"_blank\" rel=\"noreferrer noopener\">DOE-SY2324-026<\/a><\/li>\n\n\n\n<li><a href=\"\/Reports\/DOE-SY2324-027.pdf\" target=\"_blank\" rel=\"noreferrer noopener\">DOE-SY2324-027<\/a><\/li>\n<\/ul>\n<\/div>\n<\/div>\n\n\n\n<h3 class=\"wp-block-heading\">Quy\u1ebft \u0111\u1ecbnh \u0111\u01b0\u1ee3c n\u1ed9p trong n\u0103m h\u1ecdc 2023-24 v\u00e0 ban h\u00e0nh trong n\u0103m h\u1ecdc 2024-25<\/h3>\n\n\n\n<div class=\"wp-block-columns is-layout-flex wp-container-core-columns-is-layout-28f84493 wp-block-columns-is-layout-flex\">\n<div class=\"wp-block-column is-layout-flow wp-block-column-is-layout-flow\" style=\"flex-basis:100%\">\n<ul class=\"wp-block-list\">\n<li><a href=\"\/wp-content\/uploads\/DOE-SY2324-036.pdf\" data-type=\"attachment\" data-id=\"8940\" target=\"_blank\" rel=\"noreferrer noopener\">DOE-SY2324-036<\/a><\/li>\n\n\n\n<li><a href=\"\/wp-content\/uploads\/DOE-SY2324-039.pdf\" data-type=\"attachment\" data-id=\"8941\" target=\"_blank\" rel=\"noreferrer noopener\">DOE-SY2324-039<\/a><\/li>\n<\/ul>\n<\/div>\n\n\n\n<div class=\"wp-block-column is-layout-flow wp-block-column-is-layout-flow\" style=\"flex-basis:100%\">\n<ul class=\"wp-block-list\">\n<li><a href=\"\/Reports\/DOE-SY2324-040.pdf\" target=\"_blank\" rel=\"noreferrer noopener\">DOE-SY2324-040<\/a><\/li>\n\n\n\n<li><a href=\"\/wp-content\/uploads\/DOE-SY2324-033-and-DOE-SY2324-038.pdf\" data-type=\"attachment\" data-id=\"8939\" target=\"_blank\" rel=\"noreferrer noopener\">DOE-SY2324-033\/ DOE-SY2324-038<\/a><\/li>\n<\/ul>\n<\/div>\n<\/div>\n\n\n\n<h3 class=\"wp-block-heading\">C\u00e1c Quy\u1ebft \u0111\u1ecbnh Tr\u01b0\u1edbc \u0111\u00f3 \u0110\u00e3 N\u1ed9p v\u00e0 \u0110\u01b0a ra v\u00e0 Phi\u00ean \u0111i\u1ec1u tr\u1ea7n theo Quy tr\u00ecnh h\u1ee3p ph\u00e1p theo N\u0103m h\u1ecdc<\/h3>\n\n\n\n<details class=\"wp-block-details is-layout-flow wp-block-details-is-layout-flow\"><summary>C\u00e1c Quy\u1ebft \u0111\u1ecbnh \u0110\u00e3 N\u1ed9p v\u00e0 Ban h\u00e0nh trong N\u0103m h\u1ecdc 2022-23<\/summary>\n<ul class=\"wp-block-list\">\n<li><a href=\"\/Reports\/DOE-SY2223-005_Redacted.pdf\" target=\"_blank\" rel=\"noreferrer noopener\">DOE-SY2223-005<\/a><\/li>\n\n\n\n<li><a href=\"\/Reports\/DOE-SY2223-006_Redacted.pdf\" target=\"_blank\" rel=\"noreferrer noopener\">DOE-SY2223-006<\/a><\/li>\n\n\n\n<li><a href=\"\/Reports\/DOE-SY2223-009_Redacted.pdf\" target=\"_blank\" rel=\"noreferrer noopener\">DOE-SY2223-009<\/a><\/li>\n\n\n\n<li><a href=\"\/Reports\/DOE-SY2223-011_Redacted.pdf\" target=\"_blank\" rel=\"noreferrer noopener\">DOE-SY2223-011<\/a><\/li>\n\n\n\n<li><a href=\"\/Reports\/DOE-SY2223-012_Redacted.pdf\" target=\"_blank\" rel=\"noreferrer noopener\">DOE-SY2223-012<\/a><\/li>\n\n\n\n<li><a href=\"\/Reports\/DOE-SY2223-013_Redacted.pdf\" target=\"_blank\" rel=\"noreferrer noopener\">DOE-SY2223-013<\/a><\/li>\n\n\n\n<li><a href=\"\/Reports\/DOE-SY2223-014_Redacted.pdf\" target=\"_blank\" rel=\"noreferrer noopener\">DOE-SY2223-014<\/a><\/li>\n\n\n\n<li><a href=\"\/Reports\/DOE-SY2223-015_Redacted.pdf\" target=\"_blank\" rel=\"noreferrer noopener\">DOE-SY2223-015<\/a><\/li>\n\n\n\n<li><a href=\"\/Reports\/DOE-SY2223-016_Redacted.pdf\">DOE-SY2223-016<\/a><\/li>\n\n\n\n<li><a href=\"\/Reports\/DOE-SY2223-018_Redacted.pdf\" target=\"_blank\" rel=\"noreferrer noopener\">DOE-SY2223-018<\/a><\/li>\n\n\n\n<li><a href=\"\/Reports\/DOE-SY2223-023_Redacted.pdf\" target=\"_blank\" rel=\"noreferrer noopener\">DOE-SY2223-023<\/a><\/li>\n\n\n\n<li><a href=\"\/Reports\/DOE-SY2223-026_Redacted.pdf\" target=\"_blank\" rel=\"noreferrer noopener\">DOE-SY2223-026<\/a><\/li>\n\n\n\n<li><a href=\"\/Reports\/DOE-SY2223-034_Redacted.pdf\" target=\"_blank\" rel=\"noreferrer noopener\">DOE-SY2223-034<\/a><\/li>\n<\/ul>\n<\/details>\n\n\n\n<details class=\"wp-block-details is-layout-flow wp-block-details-is-layout-flow\"><summary>Quy\u1ebft \u0111\u1ecbnh \u0111\u01b0\u1ee3c n\u1ed9p trong n\u0103m h\u1ecdc 2022-23 v\u00e0 ban h\u00e0nh trong n\u0103m h\u1ecdc 2023-24<\/summary>\n<ul class=\"wp-block-list\">\n<li><a href=\"\/Reports\/DOE-SY2223-019.pdf\" target=\"_blank\" rel=\"noreferrer noopener\">DOE-SY2223-019<\/a><\/li>\n\n\n\n<li><a href=\"\/Reports\/DOE-SY2223-022_Redacted.pdf\" target=\"_blank\" rel=\"noreferrer noopener\">DOE-SY2223-022<\/a><\/li>\n\n\n\n<li><a href=\"\/Reports\/DOE-SY2223-035_Redacted.pdf\" target=\"_blank\" rel=\"noreferrer noopener\">DOE-SY2223-035<\/a><\/li>\n\n\n\n<li><a href=\"\/Reports\/DOE-SY2223-037.pdf\" target=\"_blank\" rel=\"noreferrer noopener\">DOE-SY2223-037<\/a><\/li>\n\n\n\n<li><a href=\"\/Reports\/DOE-SY2223-038.pdf\" target=\"_blank\" rel=\"noreferrer noopener\">DOE-SY2223-038<\/a><\/li>\n\n\n\n<li><a href=\"\/Reports\/DOE-SY2223-041.pdf\" target=\"_blank\" rel=\"noreferrer noopener\">DOE-SY2223-041<\/a><\/li>\n\n\n\n<li><a href=\"\/Reports\/DOE-SY2223-042_Redacted.pdf\" target=\"_blank\" rel=\"noreferrer noopener\">DOE-SY2223-042<\/a><\/li>\n\n\n\n<li><a href=\"\/Reports\/DOE-SY2223-043.pdf\" target=\"_blank\" rel=\"noreferrer noopener\">DOE-SY2223-043<\/a><\/li>\n<\/ul>\n<\/details>\n\n\n\n<details class=\"wp-block-details is-layout-flow wp-block-details-is-layout-flow\"><summary>C\u00e1c Quy\u1ebft \u0111\u1ecbnh \u0110\u00e3 N\u1ed9p v\u00e0 Ban h\u00e0nh trong N\u0103m h\u1ecdc 2021-22<\/summary>\n<ul class=\"wp-block-list\">\n<li><a href=\"\/Reports\/DOE-SY2122-001_Redacted.pdf\" target=\"_blank\" rel=\"noreferrer noopener\">DOE-SY2122-001<\/a><\/li>\n\n\n\n<li><a href=\"\/Reports\/DOE-SY2122-004_Redacted.pdf\" target=\"_blank\" rel=\"noreferrer noopener\">DOE-SY2122-004<\/a><\/li>\n\n\n\n<li><a href=\"\/Reports\/DOE-SY2122-007_Redacted.pdf\" target=\"_blank\" rel=\"noreferrer noopener\">DOE-SY2122-007<\/a><\/li>\n\n\n\n<li><a href=\"\/Reports\/DOE-SY2122-008_Redacted.pdf\" target=\"_blank\" rel=\"noreferrer noopener\">DOE-SY2122-008<\/a><\/li>\n\n\n\n<li><a href=\"\/Reports\/DOE-SY2122-014_Redacted.pdf\" target=\"_blank\" rel=\"noreferrer noopener\">DOE-SY2122-014<\/a><\/li>\n\n\n\n<li><a href=\"\/Reports\/DOE-SY2122-015_Redacted.pdf\" target=\"_blank\" rel=\"noreferrer noopener\">DOE-SY2122-015<\/a><\/li>\n\n\n\n<li><a href=\"\/Reports\/DOE-SY2122-021_Redacted.pdf\" target=\"_blank\" rel=\"noreferrer noopener\">DOE-SY2122-021<\/a><\/li>\n\n\n\n<li><a href=\"\/Reports\/DOE-SY2122-029_Redacted.pdf\" target=\"_blank\" rel=\"noreferrer noopener\">DOE-SY2122-029<\/a><\/li>\n<\/ul>\n<\/details>\n\n\n\n<details class=\"wp-block-details is-layout-flow wp-block-details-is-layout-flow\"><summary>Quy\u1ebft \u0111\u1ecbnh \u0111\u01b0\u1ee3c \u0111\u01b0a ra trong n\u0103m h\u1ecdc 2022-23<\/summary>\n<ul class=\"wp-block-list\">\n<li><a href=\"\/Reports\/DOE-SY2122-025_Redacted.pdf\" target=\"_blank\" rel=\"noreferrer noopener\">DOE-SY2122-025<\/a><\/li>\n\n\n\n<li><a href=\"\/Reports\/DOE-SY2122-026_Redacted.pdf\" target=\"_blank\" rel=\"noreferrer noopener\">DOE-SY2122-026<\/a><\/li>\n\n\n\n<li><a href=\"\/Reports\/DOE-SY2122-031_Redacted.pdf\" target=\"_blank\" rel=\"noreferrer noopener\">DOE-SY2122-031<\/a><\/li>\n\n\n\n<li><a href=\"\/Reports\/DOE-SY2122-041_Redacted.pdf\" target=\"_blank\" rel=\"noreferrer noopener\">DOE-SY2122-041<\/a><\/li>\n\n\n\n<li><a href=\"\/Reports\/DOE-SY2122-044_Redacted.pdf\" target=\"_blank\" rel=\"noreferrer noopener\">DOE-SY2122-044<\/a><\/li>\n<\/ul>\n<\/details>\n\n\n\n<details class=\"wp-block-details is-layout-flow wp-block-details-is-layout-flow\"><summary>Quy\u1ebft \u0111\u1ecbnh \u0111\u01b0\u1ee3c \u0111\u01b0a ra trong n\u0103m h\u1ecdc 2020-21<\/summary>\n<ul class=\"wp-block-list\">\n<li><a href=\"\/Reports\/DOE-SY2021-002.pdf\">DOE-SY2021-002<\/a><\/li>\n\n\n\n<li><a href=\"\/Reports\/DOE-SY2021-004.pdf\" target=\"_blank\" rel=\"noreferrer noopener\">DOE-SY2021-004<\/a><\/li>\n\n\n\n<li><a href=\"\/Reports\/DOE-SY2021-005.pdf\" target=\"_blank\" rel=\"noreferrer noopener\">DOE-SY2021-005<\/a><\/li>\n\n\n\n<li><a href=\"\/Reports\/DOE-SY2021-007.pdf\" target=\"_blank\" rel=\"noreferrer noopener\">DOE-SY2021-007<\/a><\/li>\n\n\n\n<li><a href=\"\/Reports\/DOE-SY2021-008.pdf\" target=\"_blank\" rel=\"noreferrer noopener\">DOE-SY2021-008<\/a><\/li>\n\n\n\n<li><a href=\"\/Reports\/DOE-SY2021-011.pdf\" target=\"_blank\" rel=\"noreferrer noopener\">DOE-SY2021-011<\/a><\/li>\n\n\n\n<li><a href=\"\/Reports\/DOE-SY2021-012.pdf\" target=\"_blank\" rel=\"noreferrer noopener\">DOE-SY2021-012<\/a><\/li>\n\n\n\n<li><a href=\"\/Reports\/DOE-SY2021-013.pdf\" target=\"_blank\" rel=\"noreferrer noopener\">DOE-SY2021-013<\/a><\/li>\n\n\n\n<li><a href=\"\/Reports\/DOE-SY2021-015.pdf\" target=\"_blank\" rel=\"noreferrer noopener\">DOE-SY2021-015<\/a><\/li>\n\n\n\n<li><a href=\"\/Reports\/DOE-SY2021-016.pdf\" target=\"_blank\" rel=\"noreferrer noopener\">DOE-SY2021-016<\/a><\/li>\n\n\n\n<li><a href=\"\/Reports\/DOE-SY2021-024.pdf\" target=\"_blank\" rel=\"noreferrer noopener\">DOE-SY2021-024<\/a><\/li>\n\n\n\n<li><a href=\"\/Reports\/DOE-SY2021-026.pdf\" target=\"_blank\" rel=\"noreferrer noopener\">DOE-SY2021-026<\/a><\/li>\n\n\n\n<li><a href=\"\/Reports\/DOE-SY2021-028.pdf\" target=\"_blank\" rel=\"noreferrer noopener\">DOE-SY2021-028<\/a><\/li>\n\n\n\n<li><a href=\"\/Reports\/DOE-SY2021-030.pdf\" target=\"_blank\" rel=\"noreferrer noopener\">DOE-SY2021-030<\/a><\/li>\n\n\n\n<li><a href=\"\/Reports\/DOE-SY2021-034.pdf\" target=\"_blank\" rel=\"noreferrer noopener\">DOE-SY2021-034<\/a><\/li>\n<\/ul>\n<\/details>\n\n\n\n<details class=\"wp-block-details is-layout-flow wp-block-details-is-layout-flow\"><summary>Quy\u1ebft \u0111\u1ecbnh \u0111\u01b0\u1ee3c \u0111\u01b0a ra trong n\u0103m h\u1ecdc 2021-22<\/summary>\n<ul class=\"wp-block-list\">\n<li><a href=\"\/Reports\/DOE-SY2021-032.pdf\" target=\"_blank\" rel=\"noreferrer noopener\">DOE-SY2021-032<\/a><\/li>\n\n\n\n<li><a href=\"\/Reports\/DOE-SY2021-037.pdf\" target=\"_blank\" rel=\"noreferrer noopener\">DOE-SY2021-037<\/a><\/li>\n\n\n\n<li><a href=\"\/Reports\/DOE-SY2021-042.pdf\" target=\"_blank\" rel=\"noreferrer noopener\">DOE-SY2021-042<\/a><\/li>\n\n\n\n<li><a href=\"\/Reports\/DOE-SY2021-044.pdf\" target=\"_blank\" rel=\"noreferrer noopener\">DOE-SY2021-044<\/a><\/li>\n\n\n\n<li><a href=\"\/Reports\/DOE-SY2021-046.pdf\" target=\"_blank\" rel=\"noreferrer noopener\">DOE-SY2021-046<\/a><\/li>\n\n\n\n<li><a href=\"\/Reports\/DOE-SY2021-047.pdf\" target=\"_blank\" rel=\"noreferrer noopener\">DOE-SY2021-047<\/a><\/li>\n\n\n\n<li><a href=\"\/Reports\/DOE-SY2021-048.pdf\" target=\"_blank\" rel=\"noreferrer noopener\">DOE-SY2021-048<\/a><\/li>\n<\/ul>\n<\/details>\n\n\n\n<details class=\"wp-block-details is-layout-flow wp-block-details-is-layout-flow\"><summary>Phi\u00ean \u0111i\u1ec1u tr\u1ea7n v\u1ec1 th\u1ee7 t\u1ee5c t\u1ed1 t\u1ee5ng h\u1ee3p ph\u00e1p n\u0103m h\u1ecdc 2019-20<\/summary>\n<ul class=\"wp-block-list\">\n<li><a href=\"\/Reports\/DOE-SY1920-026.pdf\" target=\"_blank\" rel=\"noreferrer noopener\">DOE-SY1920-026<\/a><\/li>\n\n\n\n<li><a href=\"\/Reports\/DOE-SY1920-027.pdf\" target=\"_blank\" rel=\"noreferrer noopener\">DOE-SY1920-027<\/a><\/li>\n\n\n\n<li><a href=\"\/Reports\/DOE-SY1920-029.pdf\" target=\"_blank\" rel=\"noreferrer noopener\">DOE-SY1920-029<\/a><\/li>\n\n\n\n<li><a href=\"\/Reports\/DOE-SY1920-037.pdf\" target=\"_blank\" rel=\"noreferrer noopener\">DOE-SY1920-037<\/a><\/li>\n\n\n\n<li><a href=\"\/Reports\/DOE-SY1920-048.pdf\" target=\"_blank\" rel=\"noreferrer noopener\">DOE-SY1920-048<\/a><\/li>\n\n\n\n<li><a href=\"\/Reports\/DOE-SY1920-051.pdf\" target=\"_blank\" rel=\"noreferrer noopener\">DOE-SY1920-051<\/a><\/li>\n\n\n\n<li><a href=\"\/Reports\/DOE-SY1920-053.pdf\" target=\"_blank\" rel=\"noreferrer noopener\">DOE-SY1920-053<\/a><\/li>\n\n\n\n<li><a href=\"\/Reports\/DOE-SY1920-054.pdf\" target=\"_blank\" rel=\"noreferrer noopener\">DOE-SY1920-054<\/a><\/li>\n\n\n\n<li><a href=\"\/Reports\/DOE-SY1920-055.pdf\" target=\"_blank\" rel=\"noreferrer noopener\">DOE-SY1920-055<\/a><\/li>\n<\/ul>\n<\/details>\n\n\n\n<details class=\"wp-block-details is-layout-flow wp-block-details-is-layout-flow\"><summary>Phi\u00ean \u0111i\u1ec1u tr\u1ea7n theo th\u1ee7 t\u1ee5c t\u1ed1 t\u1ee5ng h\u1ee3p ph\u00e1p 2018-19<\/summary>\n<ul class=\"wp-block-list\">\n<li><a href=\"\/Reports\/DOE-SY1819-007.pdf\" target=\"_blank\" rel=\"noreferrer noopener\">DOE-SY1819-007<\/a><\/li>\n\n\n\n<li><a href=\"\/Reports\/DOE-SY1819-015.pdf\" target=\"_blank\" rel=\"noreferrer noopener\">DOE-SY1819-015<\/a><\/li>\n\n\n\n<li><a href=\"\/Reports\/DOE-SY1819-022.pdf\" target=\"_blank\" rel=\"noreferrer noopener\">DOE-SY1819-022<\/a><\/li>\n\n\n\n<li><a href=\"\/Reports\/DOE-SY1819-027.pdf\" target=\"_blank\" rel=\"noreferrer noopener\">DOE-SY1819-027<\/a><\/li>\n\n\n\n<li><a href=\"\/Reports\/DOE-SY1819-028.pdf\" target=\"_blank\" rel=\"noreferrer noopener\">DOE-SY1819-028<\/a><\/li>\n\n\n\n<li><a href=\"\/Reports\/DOE-SY1819-040.pdf\" target=\"_blank\" rel=\"noreferrer noopener\">DOE-SY1819-040<\/a><\/li>\n\n\n\n<li><a href=\"\/Reports\/DOE-SY1819-053.pdf\" target=\"_blank\" rel=\"noreferrer noopener\">DOE-SY1819-053<\/a><\/li>\n\n\n\n<li><a href=\"\/Reports\/DOE-SY1819-054.pdf\" target=\"_blank\" rel=\"noreferrer noopener\">DOE-SY1819-054<\/a><\/li>\n<\/ul>\n<\/details>\n\n\n\n<details class=\"wp-block-details is-layout-flow wp-block-details-is-layout-flow\"><summary>Phi\u00ean \u0111i\u1ec1u tr\u1ea7n theo th\u1ee7 t\u1ee5c t\u1ed1 t\u1ee5ng h\u1ee3p ph\u00e1p 2017-18<\/summary>\n<ul class=\"wp-block-list\">\n<li><a href=\"\/Reports\/DOE-SY1718-012.pdf\" target=\"_blank\" rel=\"noreferrer noopener\">DOE-SY1718-012<\/a><\/li>\n\n\n\n<li><a href=\"\/Reports\/DOE-SY1718-015.pdf\" target=\"_blank\" rel=\"noreferrer noopener\">DOE-SY1718-015<\/a><\/li>\n\n\n\n<li><a href=\"\/Reports\/DOE-SY1718-024.pdf\" target=\"_blank\" rel=\"noreferrer noopener\">DOE-SY1718-024<\/a><\/li>\n\n\n\n<li><a href=\"\/Reports\/DOE-SY1718-028.pdf\" target=\"_blank\" rel=\"noreferrer noopener\">DOE-SY1718-028<\/a><\/li>\n\n\n\n<li><a href=\"\/Reports\/DOE-SY1718-030.pdf\" target=\"_blank\" rel=\"noreferrer noopener\">DOE-SY1718-030<\/a><\/li>\n<\/ul>\n<\/details>\n\n\n\n<details class=\"wp-block-details is-layout-flow wp-block-details-is-layout-flow\"><summary>Phi\u00ean \u0111i\u1ec1u tr\u1ea7n v\u1ec1 th\u1ee7 t\u1ee5c t\u1ed1 t\u1ee5ng h\u1ee3p ph\u00e1p 2016-17<\/summary>\n<ul class=\"wp-block-list\">\n<li><a href=\"\/Reports\/DOE-SY1617-080.pdf\" target=\"_blank\" rel=\"noreferrer noopener\">DOE-SY1617-080<\/a><\/li>\n\n\n\n<li><a href=\"\/Reports\/DOE-SY1617-005.pdf\" target=\"_blank\" rel=\"noreferrer noopener\">DOE-SY1617-005<\/a><\/li>\n\n\n\n<li><a href=\"\/Reports\/DOE-SY1617-017.pdf\" target=\"_blank\" rel=\"noreferrer noopener\">DOE-SY1617-017<\/a><\/li>\n\n\n\n<li><a href=\"\/Reports\/DOE-SY1617-021.pdf\" target=\"_blank\" rel=\"noreferrer noopener\">DOE-SY1617-021<\/a><\/li>\n\n\n\n<li><a href=\"\/Reports\/DOE-SY1617-017.pdf\" target=\"_blank\" rel=\"noreferrer noopener\">DOE-SY1617-031<\/a><\/li>\n\n\n\n<li><a href=\"\/Reports\/DOE-SY1617-041.pdf\" target=\"_blank\" rel=\"noreferrer noopener\">DOE-SY1617-041<\/a><\/li>\n\n\n\n<li><a href=\"\/Reports\/DOE-SY1617-045.pdf\" target=\"_blank\" rel=\"noreferrer noopener\">DOE-SY1617-045<\/a><\/li>\n\n\n\n<li><a href=\"\/Reports\/DOE-SY1617-057.pdf\" target=\"_blank\" rel=\"noreferrer noopener\">DOE-SY1617-057<\/a><\/li>\n\n\n\n<li><a href=\"\/Reports\/DOE-SY1617-066.pdf\" target=\"_blank\" rel=\"noreferrer noopener\">DOE-SY1617-066<\/a><\/li>\n\n\n\n<li><a href=\"\/Reports\/DOE-SY1617-067A.pdf\" target=\"_blank\" rel=\"noreferrer noopener\">DOE-SY1617-067A<\/a><\/li>\n<\/ul>\n<\/details>\n\n\n\n<p><\/p>","protected":false},"excerpt":{"rendered":"<p>These are redacted versions of the original Hearings Officer Decisions. Select details may have been removed from the decision to preserve the anonymity of the student. For questions about decisions, please call 808-307-3600. listing by school year Decisions Filed and Rendered in School Year 2025-26 Decisions filed in School Year 2024-25 and rendered in School [&hellip;]<\/p>","protected":false},"author":13,"featured_media":0,"parent":8194,"menu_order":0,"comment_status":"closed","ping_status":"closed","template":"","meta":{"_relevanssi_hide_post":"","_relevanssi_hide_content":"","_relevanssi_pin_for_all":"","_relevanssi_pin_keywords":"","_relevanssi_unpin_keywords":"","_relevanssi_related_keywords":"","_relevanssi_related_include_ids":"","_relevanssi_related_exclude_ids":"","_relevanssi_related_no_append":"","_relevanssi_related_not_related":"","_relevanssi_related_posts":"10006,9586,17625,15429,8795,1627","_relevanssi_noindex_reason":"","_sitemap_exclude":false,"_sitemap_priority":"","_sitemap_frequency":"","_kad_blocks_custom_css":"","_kad_blocks_head_custom_js":"","_kad_blocks_body_custom_js":"","_kad_blocks_footer_custom_js":"","wp_popup_display_lightbox":0,"wp_popup_suppress":"","wp_popup_trigger":"","wp_popup_trigger_amount":0,"wp_popup_disable_on_mobile":false,"footnotes":""},"class_list":["post-1574","page","type-page","status-publish","hentry"],"pp_statuses_selecting_workflow":false,"pp_workflow_action":"current","pp_status_selection":"publish","taxonomy_info":[],"featured_image_src_large":false,"author_info":{"display_name":"Sara Miyazono","author_link":"https:\/\/hawaiipublicschools.org\/vi\/author\/sara-miyazonok12-hi-us\/"},"comment_info":0,"publishpress_future_action":{"enabled":false,"date":"2026-04-24 23:49:39","action":"change-status","newStatus":"draft","terms":[],"taxonomy":"","extraData":[]},"publishpress_future_workflow_manual_trigger":{"enabledWorkflows":[]},"_links":{"self":[{"href":"https:\/\/hawaiipublicschools.org\/vi\/wp-json\/wp\/v2\/pages\/1574","targetHints":{"allow":["GET"]}}],"collection":[{"href":"https:\/\/hawaiipublicschools.org\/vi\/wp-json\/wp\/v2\/pages"}],"about":[{"href":"https:\/\/hawaiipublicschools.org\/vi\/wp-json\/wp\/v2\/types\/page"}],"author":[{"embeddable":true,"href":"https:\/\/hawaiipublicschools.org\/vi\/wp-json\/wp\/v2\/users\/13"}],"replies":[{"embeddable":true,"href":"https:\/\/hawaiipublicschools.org\/vi\/wp-json\/wp\/v2\/comments?post=1574"}],"version-history":[{"count":0,"href":"https:\/\/hawaiipublicschools.org\/vi\/wp-json\/wp\/v2\/pages\/1574\/revisions"}],"up":[{"embeddable":true,"href":"https:\/\/hawaiipublicschools.org\/vi\/wp-json\/wp\/v2\/pages\/8194"}],"wp:attachment":[{"href":"https:\/\/hawaiipublicschools.org\/vi\/wp-json\/wp\/v2\/media?parent=1574"}],"curies":[{"name":"wp","href":"https:\/\/api.w.org\/{rel}","templated":true}]}}