{"id":155,"date":"2024-09-05T00:16:21","date_gmt":"2024-09-05T00:16:21","guid":{"rendered":"https:\/\/hawaiipublicschools.org\/?page_id=155"},"modified":"2025-04-14T16:20:19","modified_gmt":"2025-04-15T02:20:19","slug":"contact","status":"publish","type":"page","link":"https:\/\/hawaiipublicschools.org\/vi\/contact\/","title":{"rendered":"Li\u00ean h\u1ec7"},"content":{"rendered":"<p class=\"intro\" style=\"font-size:clamp(0.875rem, 0.875rem + ((1vw - 0.2rem) * 0.531), 1.3rem);\">V\u0103n ph\u00f2ng c\u1ee7a ch\u00fang t\u00f4i l\u00e0m vi\u1ec7c t\u1eeb Th\u1ee9 Hai \u0111\u1ebfn Th\u1ee9 S\u00e1u, t\u1eeb 7:45 s\u00e1ng \u0111\u1ebfn 4:30 chi\u1ec1u, ngo\u1ea1i tr\u1eeb c\u00e1c ng\u00e0y cu\u1ed1i tu\u1ea7n v\u00e0 ng\u00e0y l\u1ec5 theo quy \u0111\u1ecbnh c\u1ee7a nh\u00e0 n\u01b0\u1edbc.<\/p>\n\n\n\n<h2 class=\"wp-block-heading\">\u0110\u1ecba ch\u1ec9 g\u1eedi th\u01b0<\/h2>\n\n\n\n<p>V\u0103n ph\u00f2ng Gi\u00e1m \u0111\u1ed1c<br>H\u1ed9p th\u01b0 b\u01b0u \u0111i\u1ec7n 2360<br>Honolulu, HI 96804<\/p>\n\n\n\n<p>\u0110i\u1ec7n tho\u1ea1i: 808-784-6200<br><a href=\"mailto:doeinfo@k12.hi.us\">E-mail<\/a><\/p>\n\n\n\n<h2 class=\"wp-block-heading\">\u0110\u01b0\u1eddng d\u00e2y n\u00f3ng v\u1ec1 gian l\u1eadn v\u00e0 \u0111\u1ea1o \u0111\u1ee9c<\/h2>\n\n\n\n<p>\u200bN\u1ebfu b\u1ea1n bi\u1ebft ho\u1eb7c nghi ng\u1edd b\u1ea5t k\u1ef3 h\u00e0nh vi gian l\u1eadn ho\u1eb7c phi \u0111\u1ea1o \u0111\u1ee9c n\u00e0o, b\u1ea1n c\u00f3 th\u1ec3 b\u00e1o c\u00e1o m\u1ed1i quan ng\u1ea1i c\u1ee7a m\u00ecnh cho B\u1ed9 m\u1ed9t c\u00e1ch \u1ea9n danh 24 gi\u1edd m\u1ed9t ng\u00e0y, b\u1ea3y ng\u00e0y m\u1ed9t tu\u1ea7n, qua \u0111\u01b0\u1eddng d\u00e2y n\u00f3ng mi\u1ec5n ph\u00ed b\u00ed m\u1eadt c\u1ee7a ch\u00fang t\u00f4i theo s\u1ed1 855-233-8085\u200b\u200b ho\u1eb7c t\u1ea1i <a href=\"https:\/\/secure.ethicspoint.com\/domain\/media\/en\/gui\/57591\/index.html\">d\u1ecbch v\u1ee5 b\u00e1o c\u00e1o tr\u1ef1c tuy\u1ebfn<\/a>.<\/p>\n\n\n\n<h2 class=\"wp-block-heading\">B\u00e1o c\u00e1o m\u1ed9t v\u1ee5 b\u1eaft n\u1ea1t<\/h2>\n\n\n\n<p>B\u00e1o c\u00e1o c\u00e1c s\u1ef1 c\u1ed1 \u1ea9n danh cho nh\u00e2n vi\u00ean nh\u00e0 tr\u01b0\u1eddng th\u00edch h\u1ee3p b\u1eb1ng c\u00e1ch s\u1eed d\u1ee5ng <a href=\"http:\/\/www.speaknowhidoe.com\">\u1ee8ng d\u1ee5ng Speak Now<\/a>. H\u1ecdc sinh c\u0169ng \u0111\u01b0\u1ee3c khuy\u1ebfn kh\u00edch b\u00e1o c\u00e1o c\u00e1c v\u1ee5 b\u1eaft n\u1ea1t tr\u1ef1c ti\u1ebfp cho ng\u01b0\u1eddi l\u1edbn \u0111\u00e1ng tin c\u1eady.<\/p>\n\n\n\n<h2 class=\"wp-block-heading\">S\u1ed1 \u0111i\u1ec7n tho\u1ea1i ph\u1ed5 bi\u1ebfn<\/h2>\n\n\n\n<p><a href=\"https:\/\/iportal.k12.hi.us\/phonedirectory\/frequentlycalled\" target=\"_blank\" rel=\"noreferrer noopener\">Danh b\u1ea1 \u0111i\u1ec7n tho\u1ea1i<\/a><\/p>\n\n\n\n<h3 class=\"wp-block-heading\">V\u0103n ph\u00f2ng Qu\u1ea3n l\u00fd T\u00e0i n\u0103ng<\/h3>\n\n\n\n<ul class=\"wp-block-list\">\n<li>Tuy\u1ec3n d\u1ee5ng gi\u00e1o vi\u00ean: 808-441-8444<\/li>\n\n\n\n<li>X\u00e1c minh nh\u00e2n vi\u00ean, V\u1ecb tr\u00ed \u0111\u01b0\u1ee3c ch\u1ee9ng nh\u1eadn: 808-441-8364<\/li>\n\n\n\n<li>X\u00e1c minh nh\u00e2n vi\u00ean, V\u1ecb tr\u00ed \u0111\u01b0\u1ee3c ph\u00e2n lo\u1ea1i: 808-441-8350<\/li>\n<\/ul>\n\n\n\n<h3 class=\"wp-block-heading\">V\u0103n ph\u00f2ng D\u1ecbch v\u1ee5 T\u00e0i ch\u00ednh<\/h3>\n\n\n\n<ul class=\"wp-block-list\">\n<li>B\u1ea3ng l\u01b0\u01a1ng: \u0110\u1eb7t s\u1ef1 c\u1ed1 ServiceNow t\u1ea1i <a href=\"http:\/\/help.hidoe.org\/\">help.hidoe.org<\/a> (C\u1ea7n c\u00f3 Microsoft Single Sign-On) ho\u1eb7c g\u1ecdi \u0111\u1ebfn B\u1ed9 ph\u1eadn tr\u1ee3 gi\u00fap CNTT theo s\u1ed1 808-564-6000 \u0111\u1ec3 b\u00e1o c\u00e1o s\u1ef1 c\u1ed1 qua \u0111i\u1ec7n tho\u1ea1i<\/li>\n\n\n\n<li>Thanh to\u00e1n cho nh\u00e0 cung c\u1ea5p: 808-784-6130<\/li>\n<\/ul>\n\n\n\n<h3 class=\"wp-block-heading\">V\u0103n ph\u00f2ng C\u01a1 s\u1edf v\u1eadt ch\u1ea5t v\u00e0 Ho\u1ea1t \u0111\u1ed9ng<\/h3>\n\n\n\n<ul class=\"wp-block-list\">\n<li>D\u1ecbch v\u1ee5 th\u1ef1c ph\u1ea9m: 808-784-5500<\/li>\n\n\n\n<li>D\u1ecbch v\u1ee5 xe \u0111\u01b0a \u0111\u00f3n h\u1ecdc sinh\/xe bu\u00fdt tr\u01b0\u1eddng h\u1ecdc: 808-784-6850<\/li>\n<\/ul>\n\n\n\n<h2 class=\"wp-block-heading\">y\u00eau c\u1ea7u h\u1ed3 s\u01a1 c\u00f4ng khai<\/h2>\n\n\n\n<p>\u0110\u1ec3 y\u00eau c\u1ea7u h\u1ed3 s\u01a1 c\u00f4ng khai theo \u0110\u1ea1o lu\u1eadt Th\u1ef1c h\u00e0nh Th\u00f4ng tin Th\u1ed1ng nh\u1ea5t (UIPA), vui l\u00f2ng g\u1eedi y\u00eau c\u1ea7u c\u1ee7a b\u1ea1n b\u1eb1ng v\u0103n b\u1ea3n qua email t\u1edbi <a href=\"mailto:doeinfo@k12.hi.us\">doeinfo@k12.hi.us<\/a> ho\u1eb7c qua th\u01b0 g\u1eedi \u0111\u1ebfn S\u1edf Gi\u00e1o d\u1ee5c Ti\u1ec3u bang Hawai&#039;i, ATTN: \u0110i\u1ec1u ph\u1ed1i vi\u00ean UIPA, 1390 Miller St., Ph\u00f2ng 305, Honolulu, HI 96813. Vui l\u00f2ng cung c\u1ea5p \u0111\u1ee7 th\u00f4ng tin li\u00ean l\u1ea1c \u0111\u1ec3 ch\u00fang t\u00f4i li\u00ean l\u1ea1c v\u1edbi b\u1ea1n, m\u00f4 t\u1ea3 chi ti\u1ebft v\u1ec1 h\u1ed3 s\u01a1 \u0111\u01b0\u1ee3c y\u00eau c\u1ea7u v\u00e0 cho bi\u1ebft c\u00e1ch b\u1ea1n mu\u1ed1n nh\u1eadn h\u1ed3 s\u01a1 (v\u00ed d\u1ee5: nh\u1eadn b\u1ea3n sao, qua th\u01b0 ho\u1eb7c email). \u0110\u1ec3 bi\u1ebft th\u00eam h\u01b0\u1edbng d\u1eabn v\u1ec1 c\u00e1ch n\u1ed9p y\u00eau c\u1ea7u UIPA ho\u1eb7c t\u1ea3i xu\u1ed1ng bi\u1ec3u m\u1eabu y\u00eau c\u1ea7u UIPA, vui l\u00f2ng truy c\u1eadp <a href=\"http:\/\/oip.hawaii.gov\" data-type=\"link\" data-id=\"http:\/\/oip.hawaii.gov\" target=\"_blank\" rel=\"noreferrer noopener\">Trang web c\u1ee7a V\u0103n ph\u00f2ng Th\u1ef1c h\u00e0nh Th\u00f4ng tin<\/a>.<\/p>\n\n\n\n<p><\/p>","protected":false},"excerpt":{"rendered":"<p>Our offices are staffed Monday through Friday from 7:45 a.m. to 4:30 p.m., with the exception of weekends and state-observed holidays. Mailing address Office of the SuperintendentP.O. Box 2360Honolulu, HI 96804 Ph: 808-784-6200Email Fraud and ethics hotline \u200bIf you know of or suspect any fraud or unethical behavior, you can report your concerns to the [&hellip;]<\/p>","protected":false},"author":8,"featured_media":0,"parent":0,"menu_order":68,"comment_status":"closed","ping_status":"closed","template":"wp-custom-template-page-for-custom-sidebar","meta":{"_relevanssi_hide_post":"","_relevanssi_hide_content":"","_relevanssi_pin_for_all":"","_relevanssi_pin_keywords":"","_relevanssi_unpin_keywords":"","_relevanssi_related_keywords":"","_relevanssi_related_include_ids":"","_relevanssi_related_exclude_ids":"","_relevanssi_related_no_append":"","_relevanssi_related_not_related":"","_relevanssi_related_posts":"","_relevanssi_noindex_reason":"","_sitemap_exclude":false,"_sitemap_priority":"","_sitemap_frequency":"","_kad_blocks_custom_css":"","_kad_blocks_head_custom_js":"","_kad_blocks_body_custom_js":"","_kad_blocks_footer_custom_js":"","wp_popup_display_lightbox":0,"wp_popup_suppress":"","wp_popup_trigger":"","wp_popup_trigger_amount":0,"wp_popup_disable_on_mobile":false,"footnotes":""},"class_list":["post-155","page","type-page","status-publish","hentry"],"pp_statuses_selecting_workflow":false,"pp_workflow_action":"current","pp_status_selection":"publish","taxonomy_info":[],"featured_image_src_large":false,"author_info":{"display_name":"Ariana Enomoto","author_link":"https:\/\/hawaiipublicschools.org\/vi\/author\/arianastaceyleong-com\/"},"comment_info":0,"publishpress_future_action":{"enabled":false,"date":"2026-04-30 21:55:45","action":"change-status","newStatus":"draft","terms":[],"taxonomy":"","extraData":[]},"publishpress_future_workflow_manual_trigger":{"enabledWorkflows":[]},"_links":{"self":[{"href":"https:\/\/hawaiipublicschools.org\/vi\/wp-json\/wp\/v2\/pages\/155","targetHints":{"allow":["GET"]}}],"collection":[{"href":"https:\/\/hawaiipublicschools.org\/vi\/wp-json\/wp\/v2\/pages"}],"about":[{"href":"https:\/\/hawaiipublicschools.org\/vi\/wp-json\/wp\/v2\/types\/page"}],"author":[{"embeddable":true,"href":"https:\/\/hawaiipublicschools.org\/vi\/wp-json\/wp\/v2\/users\/8"}],"replies":[{"embeddable":true,"href":"https:\/\/hawaiipublicschools.org\/vi\/wp-json\/wp\/v2\/comments?post=155"}],"version-history":[{"count":0,"href":"https:\/\/hawaiipublicschools.org\/vi\/wp-json\/wp\/v2\/pages\/155\/revisions"}],"wp:attachment":[{"href":"https:\/\/hawaiipublicschools.org\/vi\/wp-json\/wp\/v2\/media?parent=155"}],"curies":[{"name":"wp","href":"https:\/\/api.w.org\/{rel}","templated":true}]}}