{"id":154,"date":"2024-09-05T00:15:24","date_gmt":"2024-09-05T00:15:24","guid":{"rendered":"https:\/\/hawaiipublicschools.org\/?page_id=154"},"modified":"2025-05-29T10:23:25","modified_gmt":"2025-05-29T20:23:25","slug":"equitable-services-for-private-schools","status":"publish","type":"page","link":"https:\/\/hawaiipublicschools.org\/vi\/useful-links\/policies\/equitable-services-for-private-schools\/","title":{"rendered":"D\u1ecbch v\u1ee5 c\u00f4ng b\u1eb1ng cho c\u00e1c tr\u01b0\u1eddng t\u01b0 th\u1ee5c"},"content":{"rendered":"<p class=\"intro\" style=\"font-size:clamp(0.875rem, 0.875rem + ((1vw - 0.2rem) * 0.531), 1.3rem);\">L\u00e0 C\u01a1 quan Gi\u00e1o d\u1ee5c Ti\u1ec3u bang (SEA), HIDOE c\u00f3 tr\u00e1ch nhi\u1ec7m theo lu\u1eadt li\u00ean bang trong vi\u1ec7c \u0111\u1ea3m b\u1ea3o c\u00e1c d\u1ecbch v\u1ee5 c\u00f4ng b\u1eb1ng cho tr\u1ebb em, gi\u00e1o vi\u00ean v\u00e0 nh\u00e2n vi\u00ean gi\u00e1o d\u1ee5c kh\u00e1c \u1edf tr\u01b0\u1eddng t\u01b0.<\/p>\n\n\n\n<p>May 28, 2025 update:<\/p>\n\n\n\n<p>Private schools that wish to participate in equitable services under the Elementary and Secondary Education Act for school year 2025-2026 must complete and submit the <a href=\"https:\/\/drive.google.com\/file\/d\/1pUcdP13VMcbtghh95Ue30HPbnfiKqNRy\/view?usp=sharing\" target=\"_blank\" rel=\"noreferrer noopener\">ESEA Equitable Services Intent to Participate Survey School Year 2025-2026<\/a> (PDF) to <a href=\"mailto:ombudsman@k12.hi.us\" target=\"_blank\" rel=\"noreferrer noopener\">ombudsman@k12.hi.us<\/a> by <strong>Friday, June 6, 2024<\/strong>.<\/p>\n\n\n\n<p><\/p>\n\n\n\n<div class=\"wp-block-kadence-spacer aligncenter kt-block-spacer-154_6492c5-f4\"><div class=\"kt-block-spacer kt-block-spacer-halign-center\"><hr class=\"kt-divider\"\/><\/div><\/div>\n\n\n\n<p>K\u1ec3 t\u1eeb khi \u0110\u1ea1o lu\u1eadt Gi\u00e1o d\u1ee5c Ti\u1ec3u h\u1ecdc v\u00e0 Trung h\u1ecdc li\u00ean bang n\u0103m 1965 (ESEA) \u0111\u01b0\u1ee3c t\u00e1i \u1ee7y quy\u1ec1n th\u00e0nh \u0110\u1ea1o lu\u1eadt M\u1ecdi H\u1ecdc sinh \u0110\u1ec1u Th\u00e0nh c\u00f4ng (ESSA) v\u00e0o n\u0103m 2015, h\u1ecdc sinh v\u00e0 gi\u00e1o vi\u00ean tr\u01b0\u1eddng t\u01b0 \u0111\u00e3 \u0111\u1ee7 \u0111i\u1ec1u ki\u1ec7n tham gia m\u1ed9t s\u1ed1 ch\u01b0\u01a1ng tr\u00ecnh gi\u00e1o d\u1ee5c li\u00ean bang (M\u1ee5c 1117 v\u00e0 8501 c\u1ee7a ESEA). C\u00e1c d\u1ecbch v\u1ee5 gi\u00e1o d\u1ee5c v\u00e0 c\u00e1c ph\u00fac l\u1ee3i kh\u00e1c d\u00e0nh cho h\u1ecdc sinh, gi\u00e1o vi\u00ean tr\u01b0\u1eddng t\u01b0 v\u00e0 c\u00e1c nh\u00e2n vi\u00ean gi\u00e1o d\u1ee5c kh\u00e1c s\u1ebd c\u00f4ng b\u1eb1ng khi so s\u00e1nh v\u1edbi c\u00e1c d\u1ecbch v\u1ee5 v\u00e0 c\u00e1c ph\u00fac l\u1ee3i kh\u00e1c d\u00e0nh cho h\u1ecdc sinh, gi\u00e1o vi\u00ean tr\u01b0\u1eddng c\u00f4ng v\u00e0 c\u00e1c nh\u00e2n vi\u00ean gi\u00e1o d\u1ee5c kh\u00e1c tham gia c\u00e1c ch\u01b0\u01a1ng tr\u00ecnh theo ESEA.<\/p>\n\n\n\n<h2 class=\"wp-block-heading\">Y\u00eau c\u1ea7u ESEA<\/h2>\n\n\n\n<p>Theo m\u1ee5c 1117 v\u00e0 8501 c\u1ee7a ESEA, c\u00e1c d\u1ecbch v\u1ee5 c\u00f4ng b\u1eb1ng \u0111\u01b0\u1ee3c \u00e1p d\u1ee5ng cho c\u00e1c ch\u01b0\u01a1ng tr\u00ecnh sau:<\/p>\n\n\n\n<h3 class=\"wp-block-heading\">Ti\u00eau \u0111\u1ec1 I, Ph\u1ea7n A<\/h3>\n\n\n\n<p>\u0110\u01b0\u1ee3c thi\u1ebft k\u1ebf \u0111\u1ec3 cung c\u1ea5p cho t\u1ea5t c\u1ea3 tr\u1ebb em c\u01a1 h\u1ed9i \u0111\u00e1ng k\u1ec3 \u0111\u1ec3 nh\u1eadn \u0111\u01b0\u1ee3c n\u1ec1n gi\u00e1o d\u1ee5c c\u00f4ng b\u1eb1ng, b\u00ecnh \u0111\u1eb3ng v\u00e0 ch\u1ea5t l\u01b0\u1ee3ng cao, \u0111\u1ed3ng th\u1eddi thu h\u1eb9p kho\u1ea3ng c\u00e1ch th\u00e0nh t\u00edch gi\u00e1o d\u1ee5c.<\/p>\n\n\n\n<h3 class=\"wp-block-heading\">Ti\u00eau \u0111\u1ec1 I, Ph\u1ea7n C<\/h3>\n\n\n\n<p>H\u1ed7 tr\u1ee3 c\u00e1c ch\u01b0\u01a1ng tr\u00ecnh gi\u00e1o d\u1ee5c ch\u1ea5t l\u01b0\u1ee3ng cao cho tr\u1ebb em di c\u01b0 v\u00e0 gi\u00fap \u0111\u1ea3m b\u1ea3o r\u1eb1ng tr\u1ebb em di c\u01b0 chuy\u1ec3n gi\u1eefa c\u00e1c ti\u1ec3u bang kh\u00f4ng b\u1ecb ph\u1ea1t theo b\u1ea5t k\u1ef3 c\u00e1ch n\u00e0o do s\u1ef1 ch\u00eanh l\u1ec7ch gi\u1eefa c\u00e1c ti\u1ec3u bang v\u1ec1 ch\u01b0\u01a1ng tr\u00ecnh gi\u1ea3ng d\u1ea1y, y\u00eau c\u1ea7u t\u1ed1t nghi\u1ec7p ho\u1eb7c n\u1ed9i dung h\u1ecdc thu\u1eadt c\u1ee7a ti\u1ec3u bang v\u00e0 ti\u00eau chu\u1ea9n th\u00e0nh t\u00edch h\u1ecdc t\u1eadp c\u1ee7a h\u1ecdc sinh.<\/p>\n\n\n\n<h3 class=\"wp-block-heading\">Ti\u00eau \u0111\u1ec1 II, Ph\u1ea7n A<\/h3>\n\n\n\n<p>Cung c\u1ea5p cho gi\u00e1o vi\u00ean tr\u01b0\u1eddng t\u01b0 v\u00e0 l\u00e3nh \u0111\u1ea1o nh\u00e0 tr\u01b0\u1eddng c\u01a1 h\u1ed9i ph\u00e1t tri\u1ec3n chuy\u00ean m\u00f4n \u0111\u1ec3 h\u1ed7 tr\u1ee3 gi\u1ea3ng d\u1ea1y hi\u1ec7u qu\u1ea3.<\/p>\n\n\n\n<h3 class=\"wp-block-heading\">Ti\u00eau \u0111\u1ec1 III, Ph\u1ea7n A<\/h3>\n\n\n\n<p>C\u00e1c d\u1ecbch v\u1ee5 h\u1ed7 tr\u1ee3 tr\u1ebb em h\u1ecdc ti\u1ebfng Anh (EL) v\u00e0 tr\u1ebb em v\u00e0 thanh thi\u1ebfu ni\u00ean nh\u1eadp c\u01b0 (ICY).<\/p>\n\n\n\n<h3 class=\"wp-block-heading\">Ti\u00eau \u0111\u1ec1 IV, Ph\u1ea7n A<\/h3>\n\n\n\n<p>C\u1ea3i thi\u1ec7n th\u00e0nh t\u00edch h\u1ecdc t\u1eadp c\u1ee7a h\u1ecdc sinh b\u1eb1ng c\u00e1ch t\u0103ng c\u01b0\u1eddng n\u0103ng l\u1ef1c c\u1ee7a HIDOE, tr\u01b0\u1eddng h\u1ecdc v\u00e0 c\u1ed9ng \u0111\u1ed3ng \u0111\u1ecba ph\u01b0\u01a1ng nh\u1eb1m: 1) cung c\u1ea5p cho t\u1ea5t c\u1ea3 h\u1ecdc sinh c\u01a1 h\u1ed9i ti\u1ebfp c\u1eadn n\u1ec1n gi\u00e1o d\u1ee5c to\u00e0n di\u1ec7n, 2) c\u1ea3i thi\u1ec7n \u0111i\u1ec1u ki\u1ec7n h\u1ecdc t\u1eadp c\u1ee7a tr\u01b0\u1eddng h\u1ecdc cho h\u1ecdc sinh v\u00e0 3) c\u1ea3i thi\u1ec7n vi\u1ec7c s\u1eed d\u1ee5ng c\u00f4ng ngh\u1ec7 \u0111\u1ec3 n\u00e2ng cao th\u00e0nh t\u00edch h\u1ecdc t\u1eadp v\u00e0 tr\u00ecnh \u0111\u1ed9 hi\u1ec3u bi\u1ebft v\u1ec1 s\u1ed1 c\u1ee7a t\u1ea5t c\u1ea3 h\u1ecdc sinh.<\/p>\n\n\n\n<h3 class=\"wp-block-heading\">Ti\u00eau \u0111\u1ec1 IV, Ph\u1ea7n B<\/h3>\n\n\n\n<p>Th\u00e0nh l\u1eadp c\u00e1c trung t\u00e2m h\u1ecdc t\u1eadp c\u1ed9ng \u0111\u1ed3ng cung c\u1ea5p c\u00e1c c\u01a1 h\u1ed9i n\u00e2ng cao tr\u00ecnh \u0111\u1ed9 h\u1ecdc v\u1ea5n cho tr\u1ebb em, \u0111\u1eb7c bi\u1ec7t l\u00e0 nh\u1eefng h\u1ecdc sinh theo h\u1ecdc t\u1ea1i c\u00e1c tr\u01b0\u1eddng c\u00f3 t\u1ef7 l\u1ec7 ngh\u00e8o \u0111\u00f3i cao v\u00e0 k\u1ebft qu\u1ea3 h\u1ecdc t\u1eadp k\u00e9m.<\/p>\n\n\n\n<h3 class=\"wp-block-heading\">\u200bTi\u00eau \u0111\u1ec1 IV, Ph\u1ea7n F<\/h3>\n\n\n\n<p>Qu\u1ef9 ch\u01b0\u01a1ng tr\u00ecnh \u1ee8ng ph\u00f3 kh\u1ea9n c\u1ea5p v\u1edbi b\u1ea1o l\u1ef1c t\u1ea1i tr\u01b0\u1eddng h\u1ecdc (D\u1ef1 \u00e1n SERV) cung c\u1ea5p h\u1ed7 tr\u1ee3 t\u1ee9c th\u1eddi, ng\u1eafn h\u1ea1n \u0111\u1ec3 gi\u00fap ph\u1ee5c h\u1ed3i m\u00f4i tr\u01b0\u1eddng h\u1ecdc t\u1eadp sau khi b\u1ecb gi\u00e1n \u0111o\u1ea1n do kh\u1ee7ng ho\u1ea3ng b\u1ea1o l\u1ef1c ho\u1eb7c ch\u1ea5n th\u01b0\u01a1ng.<\/p>\n\n\n\n<p><\/p>\n\n\n\n<p><strong>B\u1ea3n ghi bu\u1ed5i th\u00f4ng tin v\u1ec1 d\u1ecbch v\u1ee5 c\u00f4ng b\u1eb1ng<\/strong><\/p>\n\n\n\n<ul class=\"wp-block-list\">\n<li><a href=\"https:\/\/hidoe.webex.com\/hidoe\/ldr.php?RCID=65259942b53feffddfc52fc837c330cf\">May 20, 2025 2025-2026 Equitable Services Informational Session Recording<\/a>, password: 94cXZuDx | <a href=\"https:\/\/drive.google.com\/file\/d\/11k7IGRJvPfezG4ipAKkx86VJFhmzELmX\/view?usp=sharing\" target=\"_blank\" rel=\"noreferrer noopener\">Presentation slides<\/a> (PDF)<\/li>\n\n\n\n<li><a href=\"https:\/\/hidoe.webex.com\/hidoe\/ldr.php?RCID=b63f81e8fb6bb49fe5a43bd9a55074df\" target=\"_blank\" rel=\"noreferrer noopener\">Ng\u00e0y 5 th\u00e1ng 4 n\u0103m 2024 D\u1ef1 \u00e1n SERV Ghi ch\u00e9p D\u1ecbch v\u1ee5 C\u00f4ng b\u1eb1ng<\/a>, m\u1eadt kh\u1ea9u: XsPapH4R<\/li>\n<\/ul>\n\n\n\n<h2 class=\"wp-block-heading\">Thanh tra vi\u00ean<\/h2>\n\n\n\n<p>\u0110\u1ec3 gi\u00fap \u0111\u1ea3m b\u1ea3o c\u00e1c d\u1ecbch v\u1ee5 c\u00f4ng b\u1eb1ng v\u00e0 c\u00e1c l\u1ee3i \u00edch kh\u00e1c theo ESEA \u0111\u01b0\u1ee3c cung c\u1ea5p cho h\u1ecdc sinh, gi\u00e1o vi\u00ean v\u00e0 nh\u00e2n vi\u00ean gi\u00e1o d\u1ee5c \u0111\u1ee7 \u0111i\u1ec1u ki\u1ec7n c\u1ee7a tr\u01b0\u1eddng t\u01b0 th\u1ee5c, HIDOE \u0111\u00e3 ch\u1ec9 \u0111\u1ecbnh m\u1ed9t thanh tra vi\u00ean \u0111\u1ec3 gi\u00e1m s\u00e1t v\u00e0 th\u1ef1c thi c\u00e1c y\u00eau c\u1ea7u. (M\u1ee5c 1117(a)(3)(B) v\u00e0 8501(a)(3)(B) c\u1ee7a ESEA)).<\/p>\n\n\n\n<h3 class=\"wp-block-heading\">Th\u00f4ng tin li\u00ean l\u1ea1c<\/h3>\n\n\n\n<p>Jacy Yamamoto <br>\u0110T: 808-307-3600<br><a href=\"mailto:Ombudsman@k12.hi.us\">E-mail<\/a><\/p>\n\n\n\n<p>\u0110\u1ecba ch\u1ec9 g\u1eedi th\u01b0:<br>Thanh tra ESEA<br>Chi nh\u00e1nh gi\u00e1m s\u00e1t v\u00e0 tu\u00e2n th\u1ee7<br>H\u1ed9p th\u01b0 b\u01b0u \u0111i\u1ec7n 2360<br>Honolulu, HI 96804<\/p>\n\n\n\n<h2 class=\"wp-block-heading\">Quy tr\u00ecnh v\u00e0 Bi\u1ec3u m\u1eabu Khi\u1ebfu n\u1ea1i D\u1ecbch v\u1ee5 C\u00f4ng b\u1eb1ng<\/h2>\n\n\n\n<p>C\u00e1n b\u1ed9 tr\u01b0\u1eddng t\u01b0 th\u1ee5c c\u00f3 quy\u1ec1n n\u1ed9p \u0111\u01a1n khi\u1ebfu n\u1ea1i l\u00ean SEA khi c\u00e1n b\u1ed9 \u0111\u00f3 cho r\u1eb1ng C\u01a1 quan Gi\u00e1o d\u1ee5c \u0110\u1ecba ph\u01b0\u01a1ng ch\u01b0a tham gia tham v\u1ea5n c\u00f3 \u00fd ngh\u0129a v\u00e0 k\u1ecbp th\u1eddi, ch\u01b0a xem x\u00e9t \u0111\u00fang m\u1ee9c quan \u0111i\u1ec3m c\u1ee7a c\u00e1n b\u1ed9 tr\u01b0\u1eddng t\u01b0 th\u1ee5c ho\u1eb7c ch\u01b0a \u0111\u01b0a ra quy\u1ebft \u0111\u1ecbnh \u0111\u1ed1i x\u1eed c\u00f4ng b\u1eb1ng v\u1edbi h\u1ecdc sinh tr\u01b0\u1eddng t\u01b0 th\u1ee5c (M\u1ee5c 1117(b)(6)(A) v\u00e0 8501(c)(6)(A) c\u1ee7a ESEA). C\u00e1c tr\u01b0\u1eddng t\u01b0 th\u1ee5c mu\u1ed1n bi\u1ebft th\u00eam v\u1ec1 quy tr\u00ecnh v\u00e0 c\u00e1ch n\u1ed9p \u0111\u01a1n khi\u1ebfu n\u1ea1i b\u1eb1ng v\u0103n b\u1ea3n c\u00f3 th\u1ec3 tham kh\u1ea3o c\u00e1c t\u00e0i li\u1ec7u b\u00ean d\u01b0\u1edbi.<\/p>\n\n\n\n<ul class=\"wp-block-list\">\n<li><a href=\"\/vi\/DOE%20Forms\/Equitable%20Services\/EquitableServicesComplaintProcess.pdf\/\" target=\"_blank\" rel=\"noreferrer noopener\">Quy tr\u00ecnh khi\u1ebfu n\u1ea1i v\u1ec1 d\u1ecbch v\u1ee5 c\u00f4ng b\u1eb1ng c\u1ee7a ESEA v\u00e0 CARES (PDF)<\/a><\/li>\n\n\n\n<li><a href=\"\/vi\/DOE%20Forms\/Equitable%20Services\/EquitableServicesComplaintForm.pdf\/\" target=\"_blank\" rel=\"noreferrer noopener\">M\u1eabu \u0111\u01a1n khi\u1ebfu n\u1ea1i v\u1ec1 d\u1ecbch v\u1ee5 c\u00f4ng b\u1eb1ng c\u1ee7a ESEA v\u00e0 CARES (PDF)<\/a><\/li>\n<\/ul>\n\n\n\n<h2 class=\"wp-block-heading\">T\u00e0i nguy\u00ean<\/h2>\n\n\n\n<ul class=\"wp-block-list\">\n<li><a href=\"https:\/\/oese.ed.gov\/files\/2023\/05\/Title-I-ES-guidance-revised-5-2023.pdf\" target=\"_blank\" rel=\"noreferrer noopener\">Ti\u00eau \u0111\u1ec1 I, Ph\u1ea7n A H\u01b0\u1edbng d\u1eabn kh\u00f4ng mang t\u00ednh quy \u0111\u1ecbnh v\u1ec1 D\u1ecbch v\u1ee5 c\u00f4ng b\u1eb1ng (PDF)<\/a>&nbsp;<\/li>\n\n\n\n<li><a href=\"https:\/\/www2.ed.gov\/about\/inits\/ed\/non-public-education\/files\/esea-titleviii-guidance-2023.pdf\" target=\"_blank\" rel=\"noreferrer noopener\">Ti\u00eau \u0111\u1ec1 VIII, Ph\u1ea7n F H\u01b0\u1edbng d\u1eabn kh\u00f4ng mang t\u00ednh quy \u0111\u1ecbnh v\u1ec1 D\u1ecbch v\u1ee5 c\u00f4ng b\u1eb1ng (PDF)<\/a>&nbsp;<\/li>\n\n\n\n<li><a href=\"https:\/\/hawaiipublicschools.org\/vi\/DOE%20Forms\/Equitable%20Services\/COMPS-748%20PL%20118-42.pdf\/\" target=\"_blank\" rel=\"noreferrer noopener\">Lu\u1eadt Gi\u00e1o d\u1ee5c Ti\u1ec3u h\u1ecdc v\u00e0 Trung h\u1ecdc (PDF)<\/a>&nbsp;<\/li>\n\n\n\n<li><a href=\"https:\/\/www.ed.gov\/laws-and-policy\/laws-preschool-grade-12-education\/every-student-succeeds-act-essa\" target=\"_blank\" rel=\"noreferrer noopener\">Trang web ESSA c\u1ee7a B\u1ed9 Gi\u00e1o d\u1ee5c Hoa K\u1ef3<\/a><\/li>\n\n\n\n<li><a href=\"https:\/\/www2.ed.gov\/about\/inits\/ed\/non-public-education\/index.html\">Trang web c\u1ee7a V\u0103n ph\u00f2ng Gi\u00e1o d\u1ee5c phi c\u00f4ng l\u1eadp thu\u1ed9c B\u1ed9 Gi\u00e1o d\u1ee5c Hoa K\u1ef3<\/a> <\/li>\n<\/ul>\n\n\n\n<p><\/p>\n\n\n\n<p><\/p>","protected":false},"excerpt":{"rendered":"<p>As a State Educational Agency (SEA), the HIDOE is responsible under federal law for ensuring equitable services for private school children, teachers and other educational personnel. May 28, 2025 update: Private schools that wish to participate in equitable services under the Elementary and Secondary Education Act for school year 2025-2026 must complete and submit the [&hellip;]<\/p>","protected":false},"author":8,"featured_media":0,"parent":148,"menu_order":21,"comment_status":"closed","ping_status":"closed","template":"","meta":{"_relevanssi_hide_post":"","_relevanssi_hide_content":"","_relevanssi_pin_for_all":"","_relevanssi_pin_keywords":"","_relevanssi_unpin_keywords":"","_relevanssi_related_keywords":"","_relevanssi_related_include_ids":"","_relevanssi_related_exclude_ids":"","_relevanssi_related_no_append":"","_relevanssi_related_not_related":"","_relevanssi_related_posts":"","_relevanssi_noindex_reason":"","_sitemap_exclude":false,"_sitemap_priority":"","_sitemap_frequency":"","_kad_blocks_custom_css":"","_kad_blocks_head_custom_js":"","_kad_blocks_body_custom_js":"","_kad_blocks_footer_custom_js":"","wp_popup_display_lightbox":0,"wp_popup_suppress":"","wp_popup_trigger":"","wp_popup_trigger_amount":0,"wp_popup_disable_on_mobile":false,"footnotes":""},"class_list":["post-154","page","type-page","status-publish","hentry"],"pp_statuses_selecting_workflow":false,"pp_workflow_action":"current","pp_status_selection":"publish","taxonomy_info":[],"featured_image_src_large":false,"author_info":{"display_name":"Ariana Enomoto","author_link":"https:\/\/hawaiipublicschools.org\/vi\/author\/arianastaceyleong-com\/"},"comment_info":0,"publishpress_future_action":{"enabled":false,"date":"2026-04-17 06:58:45","action":"change-status","newStatus":"draft","terms":[],"taxonomy":"","extraData":[]},"publishpress_future_workflow_manual_trigger":{"enabledWorkflows":[]},"_links":{"self":[{"href":"https:\/\/hawaiipublicschools.org\/vi\/wp-json\/wp\/v2\/pages\/154","targetHints":{"allow":["GET"]}}],"collection":[{"href":"https:\/\/hawaiipublicschools.org\/vi\/wp-json\/wp\/v2\/pages"}],"about":[{"href":"https:\/\/hawaiipublicschools.org\/vi\/wp-json\/wp\/v2\/types\/page"}],"author":[{"embeddable":true,"href":"https:\/\/hawaiipublicschools.org\/vi\/wp-json\/wp\/v2\/users\/8"}],"replies":[{"embeddable":true,"href":"https:\/\/hawaiipublicschools.org\/vi\/wp-json\/wp\/v2\/comments?post=154"}],"version-history":[{"count":0,"href":"https:\/\/hawaiipublicschools.org\/vi\/wp-json\/wp\/v2\/pages\/154\/revisions"}],"up":[{"embeddable":true,"href":"https:\/\/hawaiipublicschools.org\/vi\/wp-json\/wp\/v2\/pages\/148"}],"wp:attachment":[{"href":"https:\/\/hawaiipublicschools.org\/vi\/wp-json\/wp\/v2\/media?parent=154"}],"curies":[{"name":"wp","href":"https:\/\/api.w.org\/{rel}","templated":true}]}}