{"id":151,"date":"2024-09-05T00:13:09","date_gmt":"2024-09-05T00:13:09","guid":{"rendered":"https:\/\/hawaiipublicschools.org\/?page_id=151"},"modified":"2025-03-28T14:49:26","modified_gmt":"2025-03-29T00:49:26","slug":"web-accessibility-notice","status":"publish","type":"page","link":"https:\/\/hawaiipublicschools.org\/vi\/useful-links\/policies\/web-accessibility-notice\/","title":{"rendered":"Th\u00f4ng b\u00e1o v\u1ec1 kh\u1ea3 n\u0103ng truy c\u1eadp web"},"content":{"rendered":"<p class=\"intro\" style=\"font-size:clamp(0.875rem, 0.875rem + ((1vw - 0.2rem) * 0.531), 1.3rem);\">S\u1edf Gi\u00e1o d\u1ee5c Ti\u1ec3u bang Hawai\u02bbi nh\u1eadn th\u1ea5y t\u1ea7m quan tr\u1ecdng c\u1ee7a vi\u1ec7c \u0111\u1ea3m b\u1ea3o trang web c\u1ee7a ch\u00fang t\u00f4i c\u00f3 th\u1ec3 truy c\u1eadp v\u00e0 s\u1eed d\u1ee5ng \u0111\u01b0\u1ee3c cho t\u1ea5t c\u1ea3 kh\u00e1ch truy c\u1eadp.<\/p>\n\n\n\n<p>\u0110i\u1ec1u n\u00e0y bao g\u1ed3m c\u00e1c n\u1ed7 l\u1ef1c tu\u00e2n th\u1ee7 c\u00e1c phi\u00ean b\u1ea3n hi\u1ec7n t\u1ea1i c\u1ee7a Nguy\u00ean t\u1eafc ti\u1ebfp c\u1eadn n\u1ed9i dung web (WCAG) c\u1ee7a W3C v\u00e0 B\u1ed9 \u1ee9ng d\u1ee5ng Internet phong ph\u00fa c\u00f3 th\u1ec3 truy c\u1eadp \u0111\u01b0\u1ee3c c\u1ee7a S\u00e1ng ki\u1ebfn ti\u1ebfp c\u1eadn web (WAI-ARIA).&nbsp;<\/p>\n\n\n\n<p>Ch\u00fang t\u00f4i li\u00ean t\u1ee5c t\u00ecm ki\u1ebfm c\u00e1c gi\u1ea3i ph\u00e1p gi\u00fap \u0111\u01b0a m\u1ecdi khu v\u1ef1c c\u1ee7a trang web l\u00ean c\u00f9ng m\u1ed9t m\u1ee9c \u0111\u1ed9 truy c\u1eadp web t\u1ed5ng th\u1ec3. Trong th\u1eddi gian ch\u1edd \u0111\u1ee3i, n\u1ebfu b\u1ea1n g\u1eb7p b\u1ea5t k\u1ef3 kh\u00f3 kh\u0103n n\u00e0o khi truy c\u1eadp trang web c\u1ee7a ch\u00fang t\u00f4i, vui l\u00f2ng li\u00ean h\u1ec7 v\u1edbi ch\u00fang t\u00f4i b\u1eb1ng c\u00e1ch g\u1eedi email \u0111\u1ebfn <a href=\"mailto:webmaster@k12.hi.us\" target=\"_blank\" rel=\"noreferrer noopener\">Qu\u1ea3n tr\u1ecb vi\u00ean web<\/a>.&nbsp;<\/p>\n\n\n\n<p>B\u1ea5t k\u1ef3 c\u00e1 nh\u00e2n n\u00e0o tin r\u1eb1ng HIDOE \u0111\u00e3 ph\u00e2n bi\u1ec7t \u0111\u1ed1i x\u1eed v\u1edbi h\u1ecd v\u00ec khuy\u1ebft t\u1eadt c\u1ee7a h\u1ecd v\u00e0 do \u0111\u00f3 vi ph\u1ea1m M\u1ee5c 504 c\u1ee7a \u0110\u1ea1o lu\u1eadt Ph\u1ee5c h\u1ed3i ch\u1ee9c n\u0103ng v\u00e0\/ho\u1eb7c M\u1ee5c II c\u1ee7a \u0110\u1ea1o lu\u1eadt Ng\u01b0\u1eddi khuy\u1ebft t\u1eadt Hoa K\u1ef3 (ADA), c\u00f3 th\u1ec3 n\u1ed9p \u0111\u01a1n khi\u1ebfu n\u1ea1i b\u1eb1ng c\u00e1ch li\u00ean h\u1ec7 v\u1edbi:&nbsp;<\/p>\n\n\n\n<p>Chi nh\u00e1nh tu\u00e2n th\u1ee7 quy\u1ec1n c\u00f4ng d\u00e2n&nbsp;<br>S\u1edf Gi\u00e1o d\u1ee5c Ti\u1ec3u bang Hawai\u02bbi&nbsp;<br>H\u1ed9p th\u01b0 b\u01b0u \u0111i\u1ec7n 2360&nbsp;<br>Honolulu, HI 96804&nbsp;<\/p>\n\n\n\n<p>\u0110i\u1ec7n tho\u1ea1i: 808-784-6325\u00a0<br>S\u1ed1 Fax: 808-586-3331\u00a0<br><a href=\"mailto:crcb@k12.hi.us\" data-type=\"mailto\" data-id=\"mailto:crcb@k12.hi.us\">CRCB@k12.hi.us<\/a><\/p>\n\n\n\n<p><\/p>","protected":false},"excerpt":{"rendered":"<p>The Hawai\u02bbi State Department of Education recognizes the importance of ensuring our website is accessible and usable to all visitors. This includes efforts to conform to the current versions of W3C\u2019s Web Content Accessibility Guidelines (WCAG) and the Web Accessibility Initiative Accessible Rich Internet Applications Suite (WAI-ARIA).&nbsp; We are continually seeking solutions that will bring [&hellip;]<\/p>","protected":false},"author":8,"featured_media":0,"parent":148,"menu_order":15,"comment_status":"closed","ping_status":"closed","template":"","meta":{"_relevanssi_hide_post":"","_relevanssi_hide_content":"","_relevanssi_pin_for_all":"","_relevanssi_pin_keywords":"","_relevanssi_unpin_keywords":"","_relevanssi_related_keywords":"","_relevanssi_related_include_ids":"","_relevanssi_related_exclude_ids":"","_relevanssi_related_no_append":"","_relevanssi_related_not_related":"","_relevanssi_related_posts":"","_relevanssi_noindex_reason":"","_sitemap_exclude":false,"_sitemap_priority":"","_sitemap_frequency":"","_kad_blocks_custom_css":"","_kad_blocks_head_custom_js":"","_kad_blocks_body_custom_js":"","_kad_blocks_footer_custom_js":"","wp_popup_display_lightbox":0,"wp_popup_suppress":"","wp_popup_trigger":"","wp_popup_trigger_amount":0,"wp_popup_disable_on_mobile":false,"footnotes":""},"class_list":["post-151","page","type-page","status-publish","hentry"],"pp_statuses_selecting_workflow":false,"pp_workflow_action":"current","pp_status_selection":"publish","taxonomy_info":[],"featured_image_src_large":false,"author_info":{"display_name":"Ariana Enomoto","author_link":"https:\/\/hawaiipublicschools.org\/vi\/author\/arianastaceyleong-com\/"},"comment_info":0,"publishpress_future_action":{"enabled":false,"date":"2026-04-26 00:35:03","action":"change-status","newStatus":"draft","terms":[],"taxonomy":"","extraData":[]},"publishpress_future_workflow_manual_trigger":{"enabledWorkflows":[]},"_links":{"self":[{"href":"https:\/\/hawaiipublicschools.org\/vi\/wp-json\/wp\/v2\/pages\/151","targetHints":{"allow":["GET"]}}],"collection":[{"href":"https:\/\/hawaiipublicschools.org\/vi\/wp-json\/wp\/v2\/pages"}],"about":[{"href":"https:\/\/hawaiipublicschools.org\/vi\/wp-json\/wp\/v2\/types\/page"}],"author":[{"embeddable":true,"href":"https:\/\/hawaiipublicschools.org\/vi\/wp-json\/wp\/v2\/users\/8"}],"replies":[{"embeddable":true,"href":"https:\/\/hawaiipublicschools.org\/vi\/wp-json\/wp\/v2\/comments?post=151"}],"version-history":[{"count":0,"href":"https:\/\/hawaiipublicschools.org\/vi\/wp-json\/wp\/v2\/pages\/151\/revisions"}],"up":[{"embeddable":true,"href":"https:\/\/hawaiipublicschools.org\/vi\/wp-json\/wp\/v2\/pages\/148"}],"wp:attachment":[{"href":"https:\/\/hawaiipublicschools.org\/vi\/wp-json\/wp\/v2\/media?parent=151"}],"curies":[{"name":"wp","href":"https:\/\/api.w.org\/{rel}","templated":true}]}}