{"id":150,"date":"2024-09-05T00:12:37","date_gmt":"2024-09-05T00:12:37","guid":{"rendered":"https:\/\/hawaiipublicschools.org\/?page_id=150"},"modified":"2025-03-28T14:48:35","modified_gmt":"2025-03-29T00:48:35","slug":"usda-nondiscrimination-statement","status":"publish","type":"page","link":"https:\/\/hawaiipublicschools.org\/vi\/useful-links\/policies\/usda-nondiscrimination-statement\/","title":{"rendered":"Tuy\u00ean b\u1ed1 kh\u00f4ng ph\u00e2n bi\u1ec7t \u0111\u1ed1i x\u1eed c\u1ee7a USDA"},"content":{"rendered":"<p>Theo lu\u1eadt d\u00e2n quy\u1ec1n li\u00ean bang v\u00e0 c\u00e1c quy \u0111\u1ecbnh v\u00e0 ch\u00ednh s\u00e1ch v\u1ec1 d\u00e2n quy\u1ec1n c\u1ee7a B\u1ed9 N\u00f4ng nghi\u1ec7p Hoa K\u1ef3 (USDA), t\u1ed5 ch\u1ee9c n\u00e0y b\u1ecb nghi\u00eam c\u1ea5m ph\u00e2n bi\u1ec7t \u0111\u1ed1i x\u1eed tr\u00ean c\u01a1 s\u1edf ch\u1ee7ng t\u1ed9c, m\u00e0u da, qu\u1ed1c t\u1ecbch, gi\u1edbi t\u00ednh (bao g\u1ed3m b\u1ea3n d\u1ea1ng gi\u1edbi v\u00e0 khuynh h\u01b0\u1edbng t\u00ecnh d\u1ee5c), khuy\u1ebft t\u1eadt, tu\u1ed5i t\u00e1c ho\u1eb7c h\u00e0nh vi tr\u1ea3 th\u00f9 cho ho\u1ea1t \u0111\u1ed9ng d\u00e2n quy\u1ec1n tr\u01b0\u1edbc \u0111\u00e2y.<\/p>\n\n\n\n<p>Th\u00f4ng tin ch\u01b0\u01a1ng tr\u00ecnh c\u00f3 th\u1ec3 \u0111\u01b0\u1ee3c cung c\u1ea5p b\u1eb1ng c\u00e1c ng\u00f4n ng\u1eef kh\u00e1c ngo\u00e0i ti\u1ebfng Anh. Nh\u1eefng ng\u01b0\u1eddi khuy\u1ebft t\u1eadt c\u1ea7n ph\u01b0\u01a1ng ti\u1ec7n giao ti\u1ebfp thay th\u1ebf \u0111\u1ec3 c\u00f3 \u0111\u01b0\u1ee3c th\u00f4ng tin ch\u01b0\u01a1ng tr\u00ecnh (v\u00ed d\u1ee5: ch\u1eef n\u1ed5i Braille, ch\u1eef in l\u1edbn, b\u0103ng ghi \u00e2m, Ng\u00f4n ng\u1eef k\u00fd hi\u1ec7u Hoa K\u1ef3) n\u00ean li\u00ean h\u1ec7 v\u1edbi c\u01a1 quan ti\u1ec3u bang ho\u1eb7c \u0111\u1ecba ph\u01b0\u01a1ng c\u00f3 tr\u00e1ch nhi\u1ec7m qu\u1ea3n l\u00fd ch\u01b0\u01a1ng tr\u00ecnh ho\u1eb7c Trung t\u00e2m TARGET c\u1ee7a USDA theo s\u1ed1 (202) 720-2600 (gi\u1ecdng n\u00f3i v\u00e0 TTY) ho\u1eb7c li\u00ean h\u1ec7 v\u1edbi USDA th\u00f4ng qua D\u1ecbch v\u1ee5 chuy\u1ec3n ti\u1ebfp li\u00ean bang theo s\u1ed1 (800) 877-8339.<\/p>\n\n\n\n<p>\u0110\u1ec3 n\u1ed9p \u0111\u01a1n khi\u1ebfu n\u1ea1i v\u1ec1 ph\u00e2n bi\u1ec7t \u0111\u1ed1i x\u1eed trong ch\u01b0\u01a1ng tr\u00ecnh, Ng\u01b0\u1eddi khi\u1ebfu n\u1ea1i ph\u1ea3i \u0111i\u1ec1n v\u00e0o M\u1eabu AD-3027, M\u1eabu \u0111\u01a1n khi\u1ebfu n\u1ea1i v\u1ec1 ph\u00e2n bi\u1ec7t \u0111\u1ed1i x\u1eed trong ch\u01b0\u01a1ng tr\u00ecnh c\u1ee7a USDA, c\u00f3 th\u1ec3 t\u1ea3i tr\u1ef1c tuy\u1ebfn t\u1ea1i:&nbsp;<a href=\"https:\/\/www.usda.gov\/sites\/default\/files\/documents\/USDA-OASCR%20P-Complaint-Form-0508-0002-508-11-28-17Fax2Mail.pdf\" target=\"_blank\" rel=\"noreferrer noopener\">https:\/\/www.usda.gov\/sites\/default\/files\/documents\/USDA-OASCR%20P-Complaint-Form-0508-0002-508-11-28-17Fax2Mail.pdf<\/a>, t\u1eeb b\u1ea5t k\u1ef3 v\u0103n ph\u00f2ng USDA n\u00e0o, b\u1eb1ng c\u00e1ch g\u1ecdi \u0111\u1ebfn s\u1ed1 (866) 632-9992, ho\u1eb7c b\u1eb1ng c\u00e1ch vi\u1ebft th\u01b0 g\u1eedi \u0111\u1ebfn USDA. Th\u01b0 ph\u1ea3i ghi r\u00f5 t\u00ean, \u0111\u1ecba ch\u1ec9, s\u1ed1 \u0111i\u1ec7n tho\u1ea1i c\u1ee7a ng\u01b0\u1eddi khi\u1ebfu n\u1ea1i v\u00e0 m\u00f4 t\u1ea3 b\u1eb1ng v\u0103n b\u1ea3n v\u1ec1 h\u00e0nh vi ph\u00e2n bi\u1ec7t \u0111\u1ed1i x\u1eed b\u1ecb c\u00e1o bu\u1ed9c v\u1edbi \u0111\u1ee7 chi ti\u1ebft \u0111\u1ec3 th\u00f4ng b\u00e1o cho Tr\u1ee3 l\u00fd B\u1ed9 tr\u01b0\u1edfng D\u00e2n quy\u1ec1n (ASCR) v\u1ec1 b\u1ea3n ch\u1ea5t v\u00e0 ng\u00e0y th\u00e1ng c\u1ee7a h\u00e0nh vi vi ph\u1ea1m d\u00e2n quy\u1ec1n b\u1ecb c\u00e1o bu\u1ed9c. M\u1eabu AD-3027 ho\u1eb7c th\u01b0 \u0111\u00e3 ho\u00e0n th\u00e0nh ph\u1ea3i \u0111\u01b0\u1ee3c n\u1ed9p cho USDA theo:<\/p>\n\n\n\n<ul class=\"wp-block-list\">\n<li><strong>th\u01b0:<\/strong><br>B\u1ed9 N\u00f4ng nghi\u1ec7p Hoa K\u1ef3<br>V\u0103n ph\u00f2ng Tr\u1ee3 l\u00fd B\u1ed9 tr\u01b0\u1edfng v\u1ec1 Quy\u1ec1n D\u00e2n s\u1ef1<br>1400 \u0110\u1ea1i l\u1ed9 \u0110\u1ed9c l\u1eadp, T\u00e2y Nam<br>Washington, DC 20250-9410; ho\u1eb7c<\/li>\n\n\n\n<li><strong>fax:<\/strong><br>(833) 256-1665 ho\u1eb7c (202) 690-7442; ho\u1eb7c<\/li>\n\n\n\n<li><strong>e-mail:<\/strong><br><a href=\"mailto:program.intake@usda.gov\" target=\"_blank\" rel=\"noreferrer noopener\">ch\u01b0\u01a1ng tr\u00ecnh.intake@usda.gov<\/a><\/li>\n<\/ul>\n\n\n\n<p>T\u1ed5 ch\u1ee9c n\u00e0y l\u00e0 n\u01a1i cung c\u1ea5p c\u01a1 h\u1ed9i b\u00ecnh \u0111\u1eb3ng.<\/p>\n\n\n\n<h2 class=\"wp-block-heading\">B\u1ea3n d\u1ecbch<\/h2>\n\n\n\n<div class=\"wp-block-columns is-layout-flex wp-container-core-columns-is-layout-28f84493 wp-block-columns-is-layout-flex\">\n<div class=\"wp-block-column is-layout-flow wp-block-column-is-layout-flow\">\n<ul class=\"wp-block-list\">\n<li><a href=\"https:\/\/hcnp.hawaii.gov\/wp-content\/uploads\/2021\/01\/FNS-NonDiscrimination-Statement-2015-English-1.docx\" target=\"_blank\" rel=\"noreferrer noopener\">Ti\u1ebfng Anh (Word Doc)<\/a>*<\/li>\n\n\n\n<li><a href=\"https:\/\/hcnp.hawaii.gov\/wp-content\/uploads\/2021\/01\/FNS-NonDiscrimination-Statement-2015-Hawaiian-1.docx\" target=\"_blank\" rel=\"noreferrer noopener\">\u02bb\u014clelo Hawai\u02bbi (ti\u1ebfng Hawaii) (Word Doc)<\/a>*<\/li>\n\n\n\n<li><a href=\"https:\/\/hcnp.hawaii.gov\/wp-content\/uploads\/2021\/01\/FNS-NonDiscrimination-Statement-2015-Cantonese-1.docx\" target=\"_blank\" rel=\"noreferrer noopener\">\u5ee3\u6771\u8a71\/\u5e7f\u4e1c\u8bdd (ti\u1ebfng Qu\u1ea3ng \u0110\u00f4ng) (Word Doc)<\/a>*<\/li>\n\n\n\n<li>Visayan (Cebuano) (S\u1eafp c\u00f3)<\/li>\n\n\n\n<li><a href=\"https:\/\/hcnp.hawaii.gov\/wp-content\/uploads\/2021\/01\/FNS-NonDiscrimination-Statement-2015-Chuukese-1.docx\" target=\"_blank\" rel=\"noreferrer noopener\">Kapasen Chuuk (ti\u1ebfng Chuukese) (Word Doc)<\/a>*<\/li>\n\n\n\n<li><a href=\"https:\/\/hcnp.hawaii.gov\/wp-content\/uploads\/2021\/01\/FNS-NonDiscrimination-Statement-2015-Ilocano-1.docx\" target=\"_blank\" rel=\"noreferrer noopener\">Ilokano (Ilocano) (T\u00e0i li\u1ec7u Word)<\/a>*<\/li>\n<\/ul>\n<\/div>\n\n\n\n<div class=\"wp-block-column is-layout-flow wp-block-column-is-layout-flow\">\n<ul class=\"wp-block-list\">\n<li><a href=\"https:\/\/hcnp.hawaii.gov\/wp-content\/uploads\/2021\/01\/FNS-NonDiscrimination-Statement-2015-Japanese-1.docx\" target=\"_blank\" rel=\"noreferrer noopener\">\u65e5\u672c\u8a9e (ti\u1ebfng Nh\u1eadt) (Word Doc)<\/a>*<\/li>\n\n\n\n<li><a href=\"https:\/\/hcnp.hawaii.gov\/wp-content\/uploads\/2021\/01\/FNS-NonDiscrimination-Statement-2015-Korean-1.docx\" target=\"_blank\" rel=\"noreferrer noopener\">\ud55c\uad6d\uc5b4 (Ti\u1ebfng H\u00e0n) (Word Doc)<\/a>*<\/li>\n\n\n\n<li><a href=\"https:\/\/hcnp.hawaii.gov\/wp-content\/uploads\/2021\/01\/FNS-NonDiscrimination-Statement-2015-Mandarin-1.doc\" target=\"_blank\" rel=\"noreferrer noopener\">\u570b\u8a9e\/\u666e\u901a\u8bdd (Quan tho\u1ea1i) (Word Doc)<\/a>*<\/li>\n\n\n\n<li><a href=\"https:\/\/hcnp.hawaii.gov\/wp-content\/uploads\/2021\/01\/FNS-NonDiscrimination-Statement-2015-Marshallese-1.doc\" target=\"_blank\" rel=\"noreferrer noopener\">Kajin M\u0327aje\u013c (ti\u1ebfng Marshall) (Word Doc)<\/a>*<\/li>\n\n\n\n<li><a href=\"https:\/\/hcnp.hawaii.gov\/wp-content\/uploads\/2021\/01\/FNS-NonDiscrimination-Statement-2015-Samoan-1.doc\" target=\"_blank\" rel=\"noreferrer noopener\">Gagana Samoa (Samoan) (Word Doc)<\/a>*<\/li>\n<\/ul>\n<\/div>\n\n\n\n<div class=\"wp-block-column is-layout-flow wp-block-column-is-layout-flow\">\n<ul class=\"wp-block-list\">\n<li><a href=\"https:\/\/hcnp.hawaii.gov\/wp-content\/uploads\/2021\/01\/FNS-NonDiscrimination-Statement-2015-Spanish-1.docx\" target=\"_blank\" rel=\"noreferrer noopener\">Espa\u00f1ol (Ti\u1ebfng T\u00e2y Ban Nha) (Word Doc)<\/a>*<\/li>\n\n\n\n<li><a href=\"https:\/\/hcnp.hawaii.gov\/wp-content\/uploads\/2021\/01\/FNS-NonDiscrimination-Statement-2015-Tagalog-1.doc\" target=\"_blank\" rel=\"noreferrer noopener\">Ti\u1ebfng Tagalog (Ti\u1ebfng Tagalog) (Word Doc)<\/a>*<\/li>\n\n\n\n<li>Ti\u1ebfng Th\u00e1i (S\u1eafp c\u00f3)<\/li>\n\n\n\n<li><a href=\"https:\/\/hcnp.hawaii.gov\/wp-content\/uploads\/2021\/01\/FNS-NonDiscrimination-Statement-2015-Tongan-1.docx\" target=\"_blank\" rel=\"noreferrer noopener\">Tonga (Word Doc)<\/a>*<\/li>\n\n\n\n<li><a href=\"https:\/\/hcnp.hawaii.gov\/wp-content\/uploads\/2021\/01\/FNS-NonDiscrimination-Statement-2015-Vietnamese-1.docx\" target=\"_blank\" rel=\"noreferrer noopener\">Ti\u1ebfng Vi\u1ec7t (Ti\u1ebfng Vi\u1ec7t) (Word Doc)<\/a>*<\/li>\n<\/ul>\n<\/div>\n<\/div>\n\n\n\n<p>*B\u1ea3n d\u1ecbch do Ch\u01b0\u01a1ng tr\u00ecnh dinh d\u01b0\u1ee1ng tr\u1ebb em Hawai\u02bbi (HCNP) cung c\u1ea5p<\/p>\n\n\n\n<p><\/p>","protected":false},"excerpt":{"rendered":"<p>In accordance with federal civil rights law and U.S. Department of Agriculture (USDA) civil rights regulations and policies, this institution is prohibited from discriminating on the basis of race, color, national origin, sex (including gender identity and sexual orientation), disability, age, or reprisal or retaliation for prior civil rights activity. Program information may be made [&hellip;]<\/p>","protected":false},"author":8,"featured_media":0,"parent":148,"menu_order":14,"comment_status":"closed","ping_status":"closed","template":"","meta":{"_relevanssi_hide_post":"","_relevanssi_hide_content":"","_relevanssi_pin_for_all":"","_relevanssi_pin_keywords":"","_relevanssi_unpin_keywords":"","_relevanssi_related_keywords":"","_relevanssi_related_include_ids":"","_relevanssi_related_exclude_ids":"","_relevanssi_related_no_append":"","_relevanssi_related_not_related":"","_relevanssi_related_posts":"","_relevanssi_noindex_reason":"","_sitemap_exclude":false,"_sitemap_priority":"","_sitemap_frequency":"","_kad_blocks_custom_css":"","_kad_blocks_head_custom_js":"","_kad_blocks_body_custom_js":"","_kad_blocks_footer_custom_js":"","wp_popup_display_lightbox":0,"wp_popup_suppress":"","wp_popup_trigger":"","wp_popup_trigger_amount":0,"wp_popup_disable_on_mobile":false,"footnotes":""},"class_list":["post-150","page","type-page","status-publish","hentry"],"pp_statuses_selecting_workflow":false,"pp_workflow_action":"current","pp_status_selection":"publish","taxonomy_info":[],"featured_image_src_large":false,"author_info":{"display_name":"Ariana Enomoto","author_link":"https:\/\/hawaiipublicschools.org\/vi\/author\/arianastaceyleong-com\/"},"comment_info":0,"publishpress_future_action":{"enabled":false,"date":"2026-04-26 10:29:47","action":"change-status","newStatus":"draft","terms":[],"taxonomy":"","extraData":[]},"publishpress_future_workflow_manual_trigger":{"enabledWorkflows":[]},"_links":{"self":[{"href":"https:\/\/hawaiipublicschools.org\/vi\/wp-json\/wp\/v2\/pages\/150","targetHints":{"allow":["GET"]}}],"collection":[{"href":"https:\/\/hawaiipublicschools.org\/vi\/wp-json\/wp\/v2\/pages"}],"about":[{"href":"https:\/\/hawaiipublicschools.org\/vi\/wp-json\/wp\/v2\/types\/page"}],"author":[{"embeddable":true,"href":"https:\/\/hawaiipublicschools.org\/vi\/wp-json\/wp\/v2\/users\/8"}],"replies":[{"embeddable":true,"href":"https:\/\/hawaiipublicschools.org\/vi\/wp-json\/wp\/v2\/comments?post=150"}],"version-history":[{"count":0,"href":"https:\/\/hawaiipublicschools.org\/vi\/wp-json\/wp\/v2\/pages\/150\/revisions"}],"up":[{"embeddable":true,"href":"https:\/\/hawaiipublicschools.org\/vi\/wp-json\/wp\/v2\/pages\/148"}],"wp:attachment":[{"href":"https:\/\/hawaiipublicschools.org\/vi\/wp-json\/wp\/v2\/media?parent=150"}],"curies":[{"name":"wp","href":"https:\/\/api.w.org\/{rel}","templated":true}]}}