{"id":148,"date":"2024-09-05T00:11:41","date_gmt":"2024-09-05T00:11:41","guid":{"rendered":"https:\/\/hawaiipublicschools.org\/?page_id=148"},"modified":"2025-10-14T12:29:05","modified_gmt":"2025-10-14T22:29:05","slug":"policies","status":"publish","type":"page","link":"https:\/\/hawaiipublicschools.org\/vi\/useful-links\/policies\/","title":{"rendered":"Ch\u00ednh s\u00e1ch"},"content":{"rendered":"<div class=\"wp-block-columns is-layout-flex wp-container-core-columns-is-layout-28f84493 wp-block-columns-is-layout-flex\">\n<div class=\"wp-block-column is-layout-flow wp-block-column-is-layout-flow\">\n<h2 class=\"wp-block-heading\">Legal and Compliance<\/h2>\n\n\n\n<p style=\"font-size:0rem\"><a href=\"https:\/\/hawaiipublicschools.org\/vi\/policies\/nondiscrimination-policy\/\" data-type=\"page\" data-id=\"149\">Ch\u00ednh s\u00e1ch kh\u00f4ng ph\u00e2n bi\u1ec7t \u0111\u1ed1i x\u1eed<\/a><\/p>\n\n\n\n<ul class=\"wp-block-list\">\n<li><a href=\"https:\/\/hawaiipublicschools.org\/vi\/policies\/nondiscrimination-policy\/\">Ch\u00ednh s\u00e1ch kh\u00f4ng ph\u00e2n bi\u1ec7t \u0111\u1ed1i x\u1eed<\/a><\/li>\n\n\n\n<li><a href=\"https:\/\/hawaiipublicschools.org\/vi\/policies\/usda-nondiscrimination-statement\/\" data-type=\"page\" data-id=\"150\">Tuy\u00ean b\u1ed1 kh\u00f4ng ph\u00e2n bi\u1ec7t \u0111\u1ed1i x\u1eed c\u1ee7a USDA<\/a><\/li>\n\n\n\n<li><a href=\"\/wp-content\/uploads\/HEITDAS-ADA.pdf\" data-type=\"attachment\" data-id=\"16527\" target=\"_blank\" rel=\"noreferrer noopener\">HIDOE Notice Under ADA<\/a> (PDF)<\/li>\n\n\n\n<li><a href=\"https:\/\/hawaiipublicschools.org\/vi\/policies\/equitable-services-for-private-schools\/\" data-type=\"page\" data-id=\"154\">D\u1ecbch v\u1ee5 c\u00f4ng b\u1eb1ng cho c\u00e1c tr\u01b0\u1eddng t\u01b0 th\u1ee5c<\/a><\/li>\n\n\n\n<li><a href=\"https:\/\/hawaiipublicschools.org\/vi\/multilingualism\/\" data-type=\"page\" data-id=\"10038\">\u0110a ng\u00f4n ng\u1eef<\/a><\/li>\n<\/ul>\n\n\n\n<h2 class=\"wp-block-heading\">Student Policies and Rights<\/h2>\n\n\n\n<ul class=\"wp-block-list\">\n<li><a href=\"https:\/\/hawaiipublicschools.org\/vi\/policies\/attendance-policy\/\" data-type=\"page\" data-id=\"153\">Ch\u00ednh s\u00e1ch tham d\u1ef1<\/a><\/li>\n\n\n\n<li><a href=\"https:\/\/hawaiipublicschools.org\/vi\/useful-links\/policies\/student-bill-of-rights-and-responsibilities\/\" data-type=\"page\" data-id=\"152\">Student Bill of Rights and Responsibilities<\/a><\/li>\n\n\n\n<li><a href=\"https:\/\/hawaiipublicschools.org\/vi\/policies\/student-privacy\/\" data-type=\"page\" data-id=\"152\">Quy\u1ec1n ri\u00eang t\u01b0 c\u1ee7a sinh vi\u00ean<\/a><\/li>\n<\/ul>\n<\/div>\n\n\n\n<div class=\"wp-block-column is-layout-flow wp-block-column-is-layout-flow\">\n<h2 class=\"wp-block-heading\">Website and technology<\/h2>\n\n\n\n<ul class=\"wp-block-list\">\n<li><a href=\"https:\/\/hawaiipublicschools.org\/vi\/acceptable-use-guidelines\/\" data-type=\"link\" data-id=\"https:\/\/hawaiipublicschools.org\/policies\/web-accessibility-notice\/\">H\u01b0\u1edbng d\u1eabn s\u1eed d\u1ee5ng \u0111\u01b0\u1ee3c ch\u1ea5p nh\u1eadn<\/a><\/li>\n\n\n\n<li><a href=\"\/vi\/useful-links\/policies\/privacy\/\" data-type=\"page\" data-id=\"3\">Ch\u00ednh s\u00e1ch b\u1ea3o m\u1eadt<\/a><\/li>\n\n\n\n<li><a href=\"https:\/\/hawaiipublicschools.org\/vi\/policies\/web-accessibility-notice\/\" data-type=\"link\" data-id=\"https:\/\/hawaiipublicschools.org\/policies\/web-accessibility-notice\/\">Th\u00f4ng b\u00e1o v\u1ec1 kh\u1ea3 n\u0103ng truy c\u1eadp web<\/a><\/li>\n<\/ul>\n\n\n\n<h2 class=\"wp-block-heading\">graphics<\/h2>\n\n\n\n<ul class=\"wp-block-list\">\n<li><a href=\"https:\/\/hawaiipublicschools.org\/vi\/policies\/brand-guidelines\/\" data-type=\"page\" data-id=\"551\">H\u01b0\u1edbng d\u1eabn th\u01b0\u01a1ng hi\u1ec7u<\/a><\/li>\n\n\n\n<li><a href=\"https:\/\/hawaiipublicschools.org\/vi\/useful-links\/policies\/official-school-names\/\" data-type=\"page\" data-id=\"550\">T\u00ean tr\u01b0\u1eddng ch\u00ednh th\u1ee9c<\/a><\/li>\n<\/ul>\n<\/div>\n<\/div>\n\n\n\n<p><\/p>","protected":false},"excerpt":{"rendered":"<p>Legal and Compliance Nondiscrimination Policy Student Policies and Rights Website and technology graphics<\/p>","protected":false},"author":8,"featured_media":0,"parent":1291,"menu_order":61,"comment_status":"closed","ping_status":"closed","template":"","meta":{"_relevanssi_hide_post":"","_relevanssi_hide_content":"","_relevanssi_pin_for_all":"","_relevanssi_pin_keywords":"","_relevanssi_unpin_keywords":"","_relevanssi_related_keywords":"","_relevanssi_related_include_ids":"","_relevanssi_related_exclude_ids":"","_relevanssi_related_no_append":"","_relevanssi_related_not_related":"","_relevanssi_related_posts":"","_relevanssi_noindex_reason":"","_sitemap_exclude":false,"_sitemap_priority":"","_sitemap_frequency":"","_kad_blocks_custom_css":"","_kad_blocks_head_custom_js":"","_kad_blocks_body_custom_js":"","_kad_blocks_footer_custom_js":"","wp_popup_display_lightbox":0,"wp_popup_suppress":"","wp_popup_trigger":"","wp_popup_trigger_amount":0,"wp_popup_disable_on_mobile":false,"footnotes":""},"class_list":["post-148","page","type-page","status-publish","hentry"],"pp_statuses_selecting_workflow":false,"pp_workflow_action":"current","pp_status_selection":"publish","taxonomy_info":[],"featured_image_src_large":false,"author_info":{"display_name":"Ariana Enomoto","author_link":"https:\/\/hawaiipublicschools.org\/vi\/author\/arianastaceyleong-com\/"},"comment_info":0,"publishpress_future_action":{"enabled":false,"date":"2026-04-28 01:54:36","action":"change-status","newStatus":"draft","terms":[],"taxonomy":"","extraData":[]},"publishpress_future_workflow_manual_trigger":{"enabledWorkflows":[]},"_links":{"self":[{"href":"https:\/\/hawaiipublicschools.org\/vi\/wp-json\/wp\/v2\/pages\/148","targetHints":{"allow":["GET"]}}],"collection":[{"href":"https:\/\/hawaiipublicschools.org\/vi\/wp-json\/wp\/v2\/pages"}],"about":[{"href":"https:\/\/hawaiipublicschools.org\/vi\/wp-json\/wp\/v2\/types\/page"}],"author":[{"embeddable":true,"href":"https:\/\/hawaiipublicschools.org\/vi\/wp-json\/wp\/v2\/users\/8"}],"replies":[{"embeddable":true,"href":"https:\/\/hawaiipublicschools.org\/vi\/wp-json\/wp\/v2\/comments?post=148"}],"version-history":[{"count":0,"href":"https:\/\/hawaiipublicschools.org\/vi\/wp-json\/wp\/v2\/pages\/148\/revisions"}],"up":[{"embeddable":true,"href":"https:\/\/hawaiipublicschools.org\/vi\/wp-json\/wp\/v2\/pages\/1291"}],"wp:attachment":[{"href":"https:\/\/hawaiipublicschools.org\/vi\/wp-json\/wp\/v2\/media?parent=148"}],"curies":[{"name":"wp","href":"https:\/\/api.w.org\/{rel}","templated":true}]}}