{"id":139,"date":"2024-09-05T00:08:33","date_gmt":"2024-09-05T00:08:33","guid":{"rendered":"https:\/\/hawaiipublicschools.org\/?page_id=139"},"modified":"2025-11-20T09:55:40","modified_gmt":"2025-11-20T19:55:40","slug":"hoohaaheo-newsletters","status":"publish","type":"page","link":"https:\/\/hawaiipublicschools.org\/vi\/useful-links\/hoohaaheo-newsletters\/","title":{"rendered":"B\u1ea3n tin Ho\u02bboha\u02bbaheo"},"content":{"rendered":"<p class=\"intro\" style=\"font-size:clamp(0.875rem, 0.875rem + ((1vw - 0.2rem) * 0.531), 1.3rem);\">L\u00e0 \u1ea5n ph\u1ea9m ch\u00ednh c\u1ee7a Khoa, b\u1ea3n tin n\u00e0y c\u1ed1 g\u1eafng th\u1ec3 hi\u1ec7n \u0111\u00fang \u00fd ngh\u0129a c\u1ee7a t\u1eeb ha&#039;aheo - tr\u00e2n tr\u1ecdng v\u1edbi ni\u1ec1m t\u1ef1 h\u00e0o - b\u1eb1ng c\u00e1ch c\u1ee7ng c\u1ed1 v\u00e0 duy tr\u00ec ni\u1ec1m t\u1ef1 h\u00e0o v\u1ec1 n\u1ec1n gi\u00e1o d\u1ee5c c\u00f4ng v\u00e0 ca ng\u1ee3i nh\u1eefng th\u00e0nh c\u00f4ng \u0111ang di\u1ec5n ra trong to\u00e0n h\u1ec7 th\u1ed1ng c\u1ee7a ch\u00fang ta.&nbsp;<\/p>\n\n\n\n<p>Our weekly newsletter includes a standing column from the superintendent, important announcements and other current information. Each issue is organized into standing or rotating sections including: #HIPublicSchoolsProud bright spots, a weekly roundup of news media coverage of programs and initiatives, a HIDOE trivia pop quiz, a monthly column from Parents for Public Schools Hawai\u02bbi, student voice columns, staff spotlights, alumni spotlights and a monthly feature of new and exciting school meal initiatives in our cafeterias. <strong><a href=\"https:\/\/public.govdelivery.com\/accounts\/HIDOE\/signup\/38789\" data-type=\"link\" data-id=\"https:\/\/public.govdelivery.com\/accounts\/HIDOE\/signup\/38789\">Subscribe today!<\/a><\/strong><\/p>\n\n\n\n<div class=\"wp-block-kadence-column kadence-column139_d2b084-aa\"><div class=\"kt-inside-inner-col\">\n<figure class=\"wp-block-image size-large is-resized\" style=\"margin-top:0px;margin-bottom:0px\"><img loading=\"lazy\" decoding=\"async\" width=\"1024\" height=\"200\" src=\"https:\/\/hawaiipublicschools.org\/wp-content\/uploads\/2024\/11\/Hoohaaheo-Header-2023-24-1024x200.png\" alt=\"Hoohaaheo header image\" class=\"wp-image-1535\" style=\"object-fit:cover;width:513px;height:auto\" srcset=\"https:\/\/hawaiipublicschools.org\/wp-content\/uploads\/2024\/11\/Hoohaaheo-Header-2023-24-1024x200.png 1024w, https:\/\/hawaiipublicschools.org\/wp-content\/uploads\/2024\/11\/Hoohaaheo-Header-2023-24-300x59.png 300w, https:\/\/hawaiipublicschools.org\/wp-content\/uploads\/2024\/11\/Hoohaaheo-Header-2023-24-768x150.png 768w, https:\/\/hawaiipublicschools.org\/wp-content\/uploads\/2024\/11\/Hoohaaheo-Header-2023-24-18x4.png 18w, https:\/\/hawaiipublicschools.org\/wp-content\/uploads\/2024\/11\/Hoohaaheo-Header-2023-24.png 1115w\" sizes=\"auto, (max-width: 1024px) 100vw, 1024px\" \/><\/figure>\n<\/div><\/div>\n\n\n\n<script id=\"govd_widget_js_hidoe_hidoe_widget_2\" src=\"https:\/\/content.govdelivery.com\/accounts\/HIDOE\/widgets\/HIDOE_WIDGET_2.js\" type=\"text\/javascript\"><\/script>\n<style>\n#gdw_widget_HIDOE_WIDGET_2, .gdw_content {\n\theight: 1200px !important;\n}\n.gdw_story {\n\tdisplay: grid;\n\tgap: 20px;\n\talign-items: baseline;\n\tgrid-template-columns: 25% 75%;\npadding: 8px 10px !important;\n}\n.gdw_story .gdw_story_title {\n  font-size: 1.1rem; line-height: 1.2;\n}\n.gdw_story .gdw_story_title a {\n  \n}\n.gdw_story.gdw_alt {\n\tbackground-color: #f2f2f2 !important;\n}\n.gdw_story .pub_date {\n\tpadding: 0 !important;\n}\n<\/style>","protected":false},"excerpt":{"rendered":"<p>As the Department&#8217;s primary publication, the newsletter strives to live up to the meaning of ha\u2018aheo\u2014to cherish with pride\u2014by bolstering and sustaining pride in public education and touting the successes happening across our system.&nbsp; Our weekly newsletter includes a standing column from the superintendent, important announcements and other current information. Each issue is organized into [&hellip;]<\/p>","protected":false},"author":8,"featured_media":0,"parent":1291,"menu_order":12,"comment_status":"closed","ping_status":"closed","template":"","meta":{"_relevanssi_hide_post":"","_relevanssi_hide_content":"","_relevanssi_pin_for_all":"","_relevanssi_pin_keywords":"","_relevanssi_unpin_keywords":"","_relevanssi_related_keywords":"","_relevanssi_related_include_ids":"","_relevanssi_related_exclude_ids":"","_relevanssi_related_no_append":"","_relevanssi_related_not_related":"","_relevanssi_related_posts":"9877,2429,15792,856,888,893","_relevanssi_noindex_reason":"","_sitemap_exclude":false,"_sitemap_priority":"","_sitemap_frequency":"","_kad_blocks_custom_css":"","_kad_blocks_head_custom_js":"","_kad_blocks_body_custom_js":"","_kad_blocks_footer_custom_js":"","wp_popup_display_lightbox":0,"wp_popup_suppress":"","wp_popup_trigger":"","wp_popup_trigger_amount":0,"wp_popup_disable_on_mobile":false,"footnotes":""},"class_list":["post-139","page","type-page","status-publish","hentry"],"pp_statuses_selecting_workflow":false,"pp_workflow_action":"current","pp_status_selection":"publish","taxonomy_info":[],"featured_image_src_large":false,"author_info":{"display_name":"Ariana Enomoto","author_link":"https:\/\/hawaiipublicschools.org\/vi\/author\/arianastaceyleong-com\/"},"comment_info":0,"publishpress_future_action":{"enabled":false,"date":"2026-04-18 05:45:36","action":"change-status","newStatus":"draft","terms":[],"taxonomy":"","extraData":[]},"publishpress_future_workflow_manual_trigger":{"enabledWorkflows":[]},"_links":{"self":[{"href":"https:\/\/hawaiipublicschools.org\/vi\/wp-json\/wp\/v2\/pages\/139","targetHints":{"allow":["GET"]}}],"collection":[{"href":"https:\/\/hawaiipublicschools.org\/vi\/wp-json\/wp\/v2\/pages"}],"about":[{"href":"https:\/\/hawaiipublicschools.org\/vi\/wp-json\/wp\/v2\/types\/page"}],"author":[{"embeddable":true,"href":"https:\/\/hawaiipublicschools.org\/vi\/wp-json\/wp\/v2\/users\/8"}],"replies":[{"embeddable":true,"href":"https:\/\/hawaiipublicschools.org\/vi\/wp-json\/wp\/v2\/comments?post=139"}],"version-history":[{"count":0,"href":"https:\/\/hawaiipublicschools.org\/vi\/wp-json\/wp\/v2\/pages\/139\/revisions"}],"up":[{"embeddable":true,"href":"https:\/\/hawaiipublicschools.org\/vi\/wp-json\/wp\/v2\/pages\/1291"}],"wp:attachment":[{"href":"https:\/\/hawaiipublicschools.org\/vi\/wp-json\/wp\/v2\/media?parent=139"}],"curies":[{"name":"wp","href":"https:\/\/api.w.org\/{rel}","templated":true}]}}