{"id":133,"date":"2024-09-05T00:05:18","date_gmt":"2024-09-05T00:05:18","guid":{"rendered":"https:\/\/hawaiipublicschools.org\/?page_id=133"},"modified":"2026-02-12T14:19:14","modified_gmt":"2026-02-13T00:19:14","slug":"legislative-reports","status":"publish","type":"page","link":"https:\/\/hawaiipublicschools.org\/vi\/data-reports\/legislative-reports\/","title":{"rendered":"B\u00e1o c\u00e1o l\u1eadp ph\u00e1p"},"content":{"rendered":"<div class=\"wp-block-columns double_col_sidebar is-layout-flex wp-container-core-columns-is-layout-28f84493 wp-block-columns-is-layout-flex\">\n<div class=\"wp-block-column left_col is-layout-flow wp-block-column-is-layout-flow\">\n<p class=\"intro\">The Hawai\u02bbi State Department of Education prepares annual reports requested by the Legislature and\/or required by statute.<\/p>\n\n\n\n<h2 class=\"wp-block-heading\">2026 Legislature\u200b\u200b\u200b\u200b\u200b\u200b\u200b\u200b\u200b\u200b\u200b\u200b\u200b\u200b<\/h2>\n\n\n\n<h3 class=\"wp-block-heading\">\u0110i\u1ec1u l\u1ec7 \/ D\u1ef1 lu\u1eadt \/ Ngh\u1ecb quy\u1ebft<\/h3>\n\n\n\n<p><strong><a href=\"\/wp-content\/uploads\/DOE_REPORT2026_LocalMealandFarmtoSchool.pdf\" target=\"_blank\" rel=\"noreferrer noopener\">Th\u1ef1c ph\u1ea9m \u0111\u1ecba ph\u01b0\u01a1ng nh\u01b0 m\u1ed9t ph\u1ea7n tr\u0103m c\u1ee7a chi ph\u00ed th\u1ef1c ph\u1ea9m<\/a><\/strong> (PDF)<br><a href=\"https:\/\/www.capitol.hawaii.gov\/hrscurrent\/Vol01_Ch0001-0042F\/HRS0027\/HRS_0027-0008.htm\" target=\"_blank\" rel=\"noreferrer noopener\">27-8, HRS<\/a> | <a href=\"https:\/\/www.capitol.hawaii.gov\/hrscurrent\/Vol05_Ch0261-0319\/HRS0302A\/HRS_0302A-0405_0006.htm\" target=\"_blank\" rel=\"noreferrer noopener\">302A<\/a><a href=\"https:\/\/www.capitol.hawaii.gov\/hrscurrent\/Vol05_Ch0261-0319\/HRS0302A\/HRS_0302A-0405_0006.htm\">-405,6, HRS<\/a><\/p>\n\n\n\n<p><strong><a href=\"\/wp-content\/uploads\/DOE_REPORT2026_FederalImpactAid.pdf\" target=\"_blank\" rel=\"noreferrer noopener\">Vi\u1ec7n tr\u1ee3 t\u00e1c \u0111\u1ed9ng, Qu\u1ef9 c\u1ee7a B\u1ed9 Qu\u1ed1c ph\u00f2ng Hoa K\u1ef3 v\u00e0 Ho\u00e0n tr\u1ea3 chi ph\u00ed gi\u00e1n ti\u1ebfp<\/a><\/strong> (PDF)<br><a href=\"http:\/\/www.capitol.hawaii.gov\/hrscurrent\/Vol01_Ch0001-0042F\/HRS0029\/HRS_0029-0025.htm\" target=\"_blank\" rel=\"noreferrer noopener\">29-25(d), HRS<\/a><\/p>\n\n\n\n<p><strong><a href=\"\/wp-content\/uploads\/DOE_REPORT2026_GeneralFundCarryover.pdf\" target=\"_blank\" rel=\"noreferrer noopener\">Qu\u1ef9 chuy\u1ec3n ti\u1ebfp theo t\u1eebng tr\u01b0\u1eddng<\/a><\/strong> (PDF)<br><a href=\"https:\/\/www.capitol.hawaii.gov\/hrscurrent\/Vol01_Ch0001-0042F\/HRS0037\/HRS_0037-0041_0005.htm\" target=\"_blank\" rel=\"noreferrer noopener\">37-41,5, HRS<\/a><\/p>\n\n\n\n<p><strong><a href=\"https:\/\/www.capitol.hawaii.gov\/hrscurrent\/Vol01_Ch0001-0042F\/HRS0037\/HRS_0037-0047.htm\" target=\"_blank\" rel=\"noreferrer noopener\">\u200b<\/a><a href=\"\/wp-content\/uploads\/DOE_REPORT2026_Non-GeneralFundInformationReport.pdf\" target=\"_blank\" rel=\"noreferrer noopener\">B\u00e1o c\u00e1o th\u00f4ng tin qu\u1ef9 phi chung, \u200bBi\u1ec7n ph\u00e1p ch\u01b0\u01a1ng tr\u00ecnh qu\u1ef9 phi chung, B\u00e1o c\u00e1o y\u1ebfu t\u1ed1 chi ph\u00ed qu\u1ef9 phi chung<\/a><\/strong> (PDF)<br><a href=\"https:\/\/www.capitol.hawaii.gov\/hrscurrent\/Vol01_Ch0001-0042F\/HRS0037\/HRS_0037-0047.htm\" target=\"_blank\" rel=\"noreferrer noopener\">37-47, HRS<\/a>\u200b | <a href=\"https:\/\/www.capitol.hawaii.gov\/hrscurrent\/Vol01_Ch0001-0042F\/HRS0037\/HRS_0037-0048.htm\" target=\"_blank\" rel=\"noreferrer noopener\">37-48, HRS<\/a> | <a href=\"https:\/\/www.capitol.hawaii.gov\/hrscurrent\/Vol01_Ch0001-0042F\/HRS0037\/HRS_0037-0049.htm\" target=\"_blank\" rel=\"noreferrer noopener\">37-49, HRS<\/a><\/p>\n\n\n\n<p><strong><a href=\"\/wp-content\/uploads\/DOE_REPORT2026_AdministrativelyEstAccountsandFunds.pdf\" target=\"_blank\" rel=\"noreferrer noopener\">Thi\u1ebft l\u1eadp v\u00e0 duy tr\u00ec c\u00e1c t\u00e0i kho\u1ea3n v\u00e0 qu\u1ef9 \u0111\u01b0\u1ee3c thi\u1ebft l\u1eadp h\u00e0nh ch\u00ednh<\/a><\/strong> (PDF)<br><a href=\"https:\/\/www.capitol.hawaii.gov\/hrscurrent\/Vol01_Ch0001-0042F\/HRS0037\/HRS_0037-0052_0005.htm\" target=\"_blank\" rel=\"noreferrer noopener\">37-52,5, HRS<\/a><\/p>\n\n\n\n<p><strong><a href=\"\/wp-content\/uploads\/DOE_REPORT2026_TransfersofAppropriatedFundsandPositions.pdf\" target=\"_blank\" rel=\"noreferrer noopener\">Chuy\u1ec3n giao th\u1ef1c hi\u1ec7n gi\u1eefa c\u00e1c ch\u01b0\u01a1ng tr\u00ecnh v\u00e0 c\u01a1 quan; Chuy\u1ec3n giao c\u00e1c qu\u1ef9 v\u00e0 v\u1ecb tr\u00ed \u0111\u01b0\u1ee3c ph\u00e2n b\u1ed5<\/a><\/strong> (PDF)<br><a href=\"http:\/\/www.capitol.hawaii.gov\/hrscurrent\/Vol01_Ch0001-0042F\/HRS0037\/HRS_0037-0074.htm\" target=\"_blank\" rel=\"noreferrer noopener\">37-74 (d)(3), HRS<\/a><\/p>\n\n\n\n<p><strong><a href=\"\/wp-content\/uploads\/DOE_REPORT2026_WorkforceDevelopment.pdf\" target=\"_blank\" rel=\"noreferrer noopener\">Ph\u00e1t tri\u1ec3n l\u1ef1c l\u01b0\u1ee3ng lao \u0111\u1ed9ng<\/a><\/strong> (PDF)<br><a href=\"https:\/\/www.capitol.hawaii.gov\/hrscurrent\/Vol04_Ch0201-0257\/HRS0202\/HRS_0202-0010.htm\" target=\"_blank\" rel=\"noreferrer noopener\">202-10, HRS<\/a><\/p>\n\n\n\n<p><strong><a href=\"\/wp-content\/uploads\/DOE_REPORT2026_ComputerScienceEducation.pdf\" target=\"_blank\" rel=\"noreferrer noopener\">Khoa h\u1ecdc m\u00e1y t\u00ednh<\/a><\/strong> (PDF)<br><a href=\"https:\/\/www.capitol.hawaii.gov\/hrscurrent\/Vol05_Ch0261-0319\/HRS0302A\/HRS_0302A-0323.htm\" target=\"_blank\" rel=\"noreferrer noopener\">302A-323, HRS<\/a><\/p>\n\n\n\n<p><strong><a href=\"\/wp-content\/uploads\/DOE_REPORT2026_AdministrativeHearingProcedures.pdf\" target=\"_blank\" rel=\"noreferrer noopener\">Th\u1ee7 t\u1ee5c \u0111i\u1ec1u tr\u1ea7n h\u00e0nh ch\u00ednh v\u00e0 quy\u1ec1n tri\u1ec7u t\u1eadp li\u00ean quan \u0111\u1ebfn gi\u00e1o d\u1ee5c tr\u1ebb em khuy\u1ebft t\u1eadt<\/a><\/strong> (PDF)<br><a href=\"https:\/\/www.capitol.hawaii.gov\/hrscurrent\/Vol05_Ch0261-0319\/HRS0302A\/HRS_0302A-0443.htm\" target=\"_blank\" rel=\"noreferrer noopener\">302A-443(e), HRS<\/a><\/p>\n\n\n\n<p><strong><a href=\"\/wp-content\/uploads\/DOE_REPORT2026_SpecialEducationTitleI-FundedPrekindergartenPrograms.pdf\" target=\"_blank\" rel=\"noreferrer noopener\">Gi\u00e1o d\u1ee5c \u0111\u1eb7c bi\u1ec7t v\u00e0 c\u00e1c l\u1edbp h\u1ecdc m\u1eabu gi\u00e1o c\u00f4ng l\u1eadp \u0111\u01b0\u1ee3c t\u00e0i tr\u1ee3 theo \u0110\u1ea1o lu\u1eadt I<\/a><\/strong> (PDF)<br><a href=\"http:\/\/www.capitol.hawaii.gov\/hrscurrent\/Vol05_Ch0261-0319\/HRS0302A\/HRS_0302A-0450.htm\" target=\"_blank\" rel=\"noreferrer noopener\">302A-450, HRS<\/a><\/p>\n\n\n\n<p><strong><a href=\"\/wp-content\/uploads\/DOE_REPORT2026_ComprehensiveAccountabilitySystem.pdf\" target=\"_blank\" rel=\"noreferrer noopener\">H\u1ec7 th\u1ed1ng tr\u00e1ch nhi\u1ec7m gi\u1ea3i tr\u00ecnh to\u00e0n di\u1ec7n<\/a><\/strong> (PDF)<br><a href=\"http:\/\/www.capitol.hawaii.gov\/hrscurrent\/Vol05_Ch0261-0319\/HRS0302A\/HRS_0302A-1004.htm\" target=\"_blank\" rel=\"noreferrer noopener\">302A-1004, HRS<\/a><\/p>\n\n\n\n<p><strong><a href=\"https:\/\/hawaiipublicschools.org\/wp-content\/uploads\/DOE_REPORT2026_SixYearProgramandFinancialPlanforSchoolRepairandMaintenance-1.pdf\" target=\"_blank\" rel=\"noreferrer noopener\">Ch\u01b0\u01a1ng tr\u00ecnh s\u00e1u n\u0103m v\u00e0 K\u1ebf ho\u1ea1ch t\u00e0i ch\u00ednh cho vi\u1ec7c s\u1eeda ch\u1eefa v\u00e0 b\u1ea3o tr\u00ec tr\u01b0\u1eddng h\u1ecdc<\/a><\/strong> (PDF)<br><a href=\"http:\/\/www.capitol.hawaii.gov\/hrscurrent\/Vol05_Ch0261-0319\/HRS0302A\/HRS_0302A-1312.htm\" target=\"_blank\" rel=\"noreferrer noopener\">302A-1312, HRS<\/a><\/p>\n\n\n\n<p><strong><a href=\"\/wp-content\/uploads\/DOE_REPORT2026_FederalGrantsRevolvingFund.pdf\" target=\"_blank\" rel=\"noreferrer noopener\">Qu\u1ef9 lu\u00e2n chuy\u1ec3n t\u00ecm ki\u1ebfm, ph\u00e1t tri\u1ec3n v\u00e0 \u1ee9ng d\u1ee5ng tr\u1ee3 c\u1ea5p li\u00ean bang<\/a><\/strong> (PDF)<br><a href=\"http:\/\/www.capitol.hawaii.gov\/hrscurrent\/Vol05_Ch0261-0319\/HRS0302A\/HRS_0302A-1405.htm\" target=\"_blank\" rel=\"noreferrer noopener\">302A-1405, HRS<\/a><\/p>\n\n\n\n<p><strong><a href=\"\/wp-content\/uploads\/DOE_REPORT2026_SchoolLevelMinorRepairsandMaintenanceSpecialFund.pdf\" target=\"_blank\" rel=\"noreferrer noopener\">Qu\u1ef9 \u0111\u1eb7c bi\u1ec7t s\u1eeda ch\u1eefa v\u00e0 b\u1ea3o tr\u00ec nh\u1ecf c\u1ea5p tr\u01b0\u1eddng<\/a><\/strong> (PDF)<br><a href=\"http:\/\/www.capitol.hawaii.gov\/hrscurrent\/Vol05_Ch0261-0319\/HRS0302A\/HRS_0302A-1504_0005.htm\" target=\"_blank\" rel=\"noreferrer noopener\">302A-1504.5, HRS<\/a><\/p>\n\n\n\n<p><strong><a href=\"https:\/\/hawaiipublicschools.org\/wp-content\/uploads\/DOE_REPORT2026_SustainableSchools.pdf\">Tr\u01b0\u1eddng h\u1ecdc b\u1ec1n v\u1eefng<\/a><\/strong> (PDF)<br><a href=\"http:\/\/www.capitol.hawaii.gov\/hrscurrent\/Vol05_Ch0261-0319\/HRS0302A\/HRS_0302A-1510.htm\" target=\"_blank\" rel=\"noreferrer noopener\">302A-1510, HRS<\/a><\/p>\n\n\n\n<p><strong><a href=\"\/wp-content\/uploads\/DOE_REPORT2026_TeacherEducationCoordinatingCommittee-1.pdf\" target=\"_blank\" rel=\"noreferrer noopener\">\u1ee6y ban \u0111i\u1ec1u ph\u1ed1i \u0111\u00e0o t\u1ea1o gi\u00e1o vi\u00ean (TECC)<\/a>&nbsp;<\/strong>(PDF) \u200b\u200b<br><a href=\"http:\/\/www.capitol.hawaii.gov\/hrscurrent\/Vol05_Ch0261-0319\/HRS0304A\/HRS_0304A-1202.htm\" target=\"_blank\" rel=\"noreferrer noopener\">304A-1202, HRS<\/a><\/p>\n\n\n\n<p><strong><a href=\"\/wp-content\/uploads\/DOE_REPORT2026_TitleIXComplaints.pdf\" target=\"_blank\" rel=\"noreferrer noopener\">Khi\u1ebfu n\u1ea1i v\u1ec1 Ti\u00eau \u0111\u1ec1 IX<\/a><\/strong> (PDF)<br><a href=\"https:\/\/www.capitol.hawaii.gov\/hrscurrent\/Vol07_Ch0346-0398\/HRS0368D\/HRS_0368D-0004.htm\" target=\"_blank\" rel=\"noreferrer noopener\">368D-4, HRS<\/a><\/p>\n\n\n\n<p><strong><a href=\"\/wp-content\/uploads\/DOE_REPORT2026_GoalsObjectives.pdf\" target=\"_blank\" rel=\"noreferrer noopener\">M\u1ee5c ti\u00eau, M\u1ee5c \u0111\u00edch, Ch\u00ednh s\u00e1ch, K\u1ebf ho\u1ea1ch h\u00e0nh \u0111\u1ed9ng v\u00e0 \u0110o l\u01b0\u1eddng hi\u1ec7u su\u1ea5t<\/a><\/strong> (PDF)<br><a href=\"https:\/\/www.capitol.hawaii.gov\/slh\/Years\/SLH1999\/SLH1999_Act100.pdf\" target=\"_blank\" rel=\"noreferrer noopener\">\u0110\u1ea1o lu\u1eadt 100 (1999) (PDF)<\/a><\/p>\n\n\n\n<p><strong><a href=\"\/wp-content\/uploads\/DOE_REPORT2026_LibrarianPilot.pdf\" target=\"_blank\" rel=\"noreferrer noopener\">Librarian Pilot<\/a><\/strong> (PDF)<br>Act 135 (2025)<\/p>\n\n\n\n<p><strong><a href=\"\/wp-content\/uploads\/DOE_REPORT2026_AutismSpectrumDisorderandAppliedBehaviorAnalysis.pdf\" target=\"_blank\" rel=\"noreferrer noopener\">R\u1ed1i lo\u1ea1n ph\u1ed5 t\u1ef1 k\u1ef7 v\u00e0 Ph\u00e2n t\u00edch h\u00e0nh vi \u1ee9ng d\u1ee5ng<\/a><\/strong> (PDF)<br>\u200b<a href=\"https:\/\/www.capitol.hawaii.gov\/sessions\/session2023\/bills\/SB105_CD1_.htm\" target=\"_blank\" rel=\"noreferrer noopener\">\u0110\u1ea1o lu\u1eadt 166 (2023)<\/a><\/p>\n\n\n\n<p><strong><a href=\"\/wp-content\/uploads\/DOE_REPORT2026_CompostingPilotProject.pdf\" target=\"_blank\" rel=\"noreferrer noopener\">Nh\u00f3m l\u00e0m vi\u1ec7c d\u1ef1 \u00e1n th\u00ed \u0111i\u1ec3m t\u00e0i tr\u1ee3 \u1ee7 ph\u00e2n<\/a><\/strong> (PDF)<br><a href=\"https:\/\/www.capitol.hawaii.gov\/slh\/Years\/SLH2018\/SLH2018_Act207.pdf\" target=\"_blank\" rel=\"noreferrer noopener\">\u0110\u1ea1o lu\u1eadt 207 (2018) (PDF)<\/a><\/p>\n\n\n\n<p><strong><a href=\"\/wp-content\/uploads\/DOE_REPORT2026_EnhancedElectronicHumanResources.pdf\" target=\"_blank\" rel=\"noreferrer noopener\">Thi\u1ebft l\u1eadp h\u1ec7 th\u1ed1ng nh\u00e2n s\u1ef1 \u0111i\u1ec7n t\u1eed<\/a><\/strong> (PDF)<br><a href=\"https:\/\/www.capitol.hawaii.gov\/slh\/Years\/SLH2022\/SLH2022_Act248.pdf\" target=\"_blank\" rel=\"noreferrer noopener\">\u0110\u1ea1o lu\u1eadt 248 (2022) (PDF)<\/a><\/p>\n\n\n\n<p><strong><a href=\"\/wp-content\/uploads\/DOE_REPORT2026_CapitalImprovementProjects.pdf\" target=\"_blank\" rel=\"noreferrer noopener\">Capital Improvement Projects<\/a><\/strong> (PDF)<br>Act 250 (2025)<\/p>\n\n\n\n<p><a href=\"\/wp-content\/uploads\/DOE_REPORT2026_TitleIX.pdf\" target=\"_blank\" rel=\"noreferrer noopener\"><strong>C\u00e1c n\u1ed7 l\u1ef1c c\u1ee7a S\u1edf \u0111\u1ec3 tu\u00e2n th\u1ee7 theo Ti\u00eau \u0111\u1ec1 IX<\/strong> <\/a>(PDF)<br><a href=\"https:\/\/www.capitol.hawaii.gov\/session\/archives\/measure_indiv_Archives.aspx?billtype=HCR&amp;billnumber=198&amp;year=2018\" target=\"_blank\" rel=\"noreferrer noopener\">HCR 198 (2018)<\/a><\/p>\n\n\n\n<p><a href=\"\/wp-content\/uploads\/DOE_REPORT2026_MealCost.pdf\" target=\"_blank\" rel=\"noreferrer noopener\"><strong>Meal Cost<\/strong> <\/a>(PDF)<br>SCR 134 (2025)<br><\/p>\n<\/div>\n<\/div>\n\n\n\n<h2 class=\"wp-block-heading\"><a href=\"https:\/\/hawaiipublicschools.org\/vi\/data-reports\/legislative-reports\/legislative-reports-archive\/\" data-type=\"page\" data-id=\"10085\">Legislative reports archive<\/a><\/h2>\n\n\n\n<p>Archived legislative reports for previous legislative sessions.<\/p>\n\n\n\n<p><\/p>","protected":false},"excerpt":{"rendered":"<p>The Hawai\u02bbi State Department of Education prepares annual reports requested by the Legislature and\/or required by statute. 2026 Legislature\u200b\u200b\u200b\u200b\u200b\u200b\u200b\u200b\u200b\u200b\u200b\u200b\u200b\u200b Statute \/ Bill \/ Resolution Local Food as a Percent of Food Costs (PDF)27-8, HRS | 302A-405.6, HRS Impact Aid, United States Department of Defense Funds, and Indirect Overhead Reimbursements (PDF)29-25(d), HRS Carryover Funds on a [&hellip;]<\/p>","protected":false},"author":8,"featured_media":0,"parent":127,"menu_order":19,"comment_status":"closed","ping_status":"closed","template":"","meta":{"_relevanssi_hide_post":"","_relevanssi_hide_content":"","_relevanssi_pin_for_all":"","_relevanssi_pin_keywords":"","_relevanssi_unpin_keywords":"","_relevanssi_related_keywords":"","_relevanssi_related_include_ids":"","_relevanssi_related_exclude_ids":"","_relevanssi_related_no_append":"","_relevanssi_related_not_related":"","_relevanssi_related_posts":"888,9332,8795,9324,15997,2395","_relevanssi_noindex_reason":"","_sitemap_exclude":false,"_sitemap_priority":"","_sitemap_frequency":"","_kad_blocks_custom_css":"","_kad_blocks_head_custom_js":"","_kad_blocks_body_custom_js":"","_kad_blocks_footer_custom_js":"","wp_popup_display_lightbox":0,"wp_popup_suppress":"","wp_popup_trigger":"","wp_popup_trigger_amount":0,"wp_popup_disable_on_mobile":false,"footnotes":""},"class_list":["post-133","page","type-page","status-publish","hentry"],"pp_statuses_selecting_workflow":false,"pp_workflow_action":"current","pp_status_selection":"publish","taxonomy_info":[],"featured_image_src_large":false,"author_info":{"display_name":"Ariana Enomoto","author_link":"https:\/\/hawaiipublicschools.org\/vi\/author\/arianastaceyleong-com\/"},"comment_info":0,"publishpress_future_action":{"enabled":false,"date":"2026-04-27 12:20:48","action":"change-status","newStatus":"draft","terms":[],"taxonomy":"","extraData":[]},"publishpress_future_workflow_manual_trigger":{"enabledWorkflows":[]},"_links":{"self":[{"href":"https:\/\/hawaiipublicschools.org\/vi\/wp-json\/wp\/v2\/pages\/133","targetHints":{"allow":["GET"]}}],"collection":[{"href":"https:\/\/hawaiipublicschools.org\/vi\/wp-json\/wp\/v2\/pages"}],"about":[{"href":"https:\/\/hawaiipublicschools.org\/vi\/wp-json\/wp\/v2\/types\/page"}],"author":[{"embeddable":true,"href":"https:\/\/hawaiipublicschools.org\/vi\/wp-json\/wp\/v2\/users\/8"}],"replies":[{"embeddable":true,"href":"https:\/\/hawaiipublicschools.org\/vi\/wp-json\/wp\/v2\/comments?post=133"}],"version-history":[{"count":0,"href":"https:\/\/hawaiipublicschools.org\/vi\/wp-json\/wp\/v2\/pages\/133\/revisions"}],"up":[{"embeddable":true,"href":"https:\/\/hawaiipublicschools.org\/vi\/wp-json\/wp\/v2\/pages\/127"}],"wp:attachment":[{"href":"https:\/\/hawaiipublicschools.org\/vi\/wp-json\/wp\/v2\/media?parent=133"}],"curies":[{"name":"wp","href":"https:\/\/api.w.org\/{rel}","templated":true}]}}