{"id":128,"date":"2024-09-05T00:03:34","date_gmt":"2024-09-05T00:03:34","guid":{"rendered":"https:\/\/hawaiipublicschools.org\/?page_id=128"},"modified":"2026-02-11T21:03:35","modified_gmt":"2026-02-12T07:03:35","slug":"state-reports","status":"publish","type":"page","link":"https:\/\/hawaiipublicschools.org\/vi\/data-reports\/state-reports\/","title":{"rendered":"B\u00e1o c\u00e1o c\u1ee7a ti\u1ec3u bang"},"content":{"rendered":"<div class=\"wp-block-columns double_col_sidebar is-layout-flex wp-container-core-columns-is-layout-28f84493 wp-block-columns-is-layout-flex\">\n<div class=\"wp-block-column left_col is-layout-flow wp-block-column-is-layout-flow\">\n<h2 class=\"wp-block-heading\">Ng\u00e2n s\u00e1ch v\u00e0 T\u00e0i ch\u00ednh<\/h2>\n\n\n\n<p><strong><a href=\"https:\/\/hawaiipublicschools.org\/vi\/about\/budget\/weighted-student-formula\/\" data-type=\"link\" data-id=\"https:\/\/hawaiipublicschools.org\/about\/budget\/weighted-student-formula\/\" target=\"_blank\" rel=\"noreferrer noopener\">C\u00f4ng th\u1ee9c t\u00ednh tr\u1ecdng s\u1ed1 c\u1ee7a h\u1ecdc sinh<\/a>: <\/strong>C\u00f4ng th\u1ee9c d\u00e0nh cho h\u1ecdc sinh c\u00f3 tr\u1ecdng s\u1ed1 (WSF) l\u00e0 m\u1ed9t c\u00e1ch ph\u00e2n b\u1ed5 c\u00f4ng b\u1eb1ng c\u00e1c qu\u1ef9 c\u1ee7a tr\u01b0\u1eddng d\u1ef1a tr\u00ean nhu c\u1ea7u c\u1ee5 th\u1ec3 c\u1ee7a t\u1eebng h\u1ecdc sinh thay v\u00ec theo s\u1ed1 l\u01b0\u1ee3ng ghi danh. C\u00e1c tr\u01b0\u1eddng nh\u1eadn \u0111\u01b0\u1ee3c nhi\u1ec1u ngu\u1ed3n l\u1ef1c h\u01a1n cho nh\u1eefng h\u1ecdc sinh c\u1ea7n h\u1ed7 tr\u1ee3 th\u00eam, \u0111\u1ea3m b\u1ea3o c\u01a1 h\u1ed9i b\u00ecnh \u0111\u1eb3ng cho t\u1ea5t c\u1ea3 m\u1ecdi ng\u01b0\u1eddi. Qu\u1ef9 s\u1ebd theo h\u1ecdc sinh \u0111\u1ebfn b\u1ea5t c\u1ee9 n\u01a1i n\u00e0o c\u00e1c em \u0111\u1ebfn v\u00e0 WSF gi\u00fap \u0111\u1ecbnh h\u00ecnh K\u1ebf ho\u1ea1ch h\u1ecdc t\u1eadp v\u00e0 t\u00e0i ch\u00ednh c\u1ee7a t\u1eebng tr\u01b0\u1eddng. Ph\u1ee5 huynh v\u00e0 th\u00e0nh vi\u00ean c\u1ed9ng \u0111\u1ed3ng c\u00f3 th\u1ec3 gi\u00fap ph\u00e1t tri\u1ec3n k\u1ebf ho\u1ea1ch c\u1ee7a tr\u01b0\u1eddng b\u1eb1ng c\u00e1ch tham gia <a href=\"\/vi\/resources\/school-community-councils\/\" data-type=\"page\" data-id=\"102\" target=\"_blank\" rel=\"noreferrer noopener\">H\u1ed9i \u0111\u1ed3ng c\u1ed9ng \u0111\u1ed3ng tr\u01b0\u1eddng h\u1ecdc<\/a><a href=\"https:\/\/hawaiipublicschools.org\/vi\/ConnectWithUs\/GetInvolved\/SCCs\/Pages\/default.aspx\/\">t\u00f4i<\/a>.<\/p>\n\n\n\n<p><strong>Chi ti\u00eau cho m\u1ed7i h\u1ecdc sinh:<\/strong> T\u1eeb n\u0103m 2019, B\u1ed9 \u0111\u00e3 b\u00e1o c\u00e1o \u0111i\u1ec1u n\u00e0y nh\u01b0 m\u1ed9t ph\u1ea7n c\u1ee7a \u0110\u1ea1o lu\u1eadt M\u1ecdi h\u1ecdc sinh \u0111\u1ec1u th\u00e0nh c\u00f4ng c\u1ee7a li\u00ean bang. C\u00e1c b\u00e1o c\u00e1o n\u00e0y chia nh\u1ecf chi ti\u00eau th\u00e0nh c\u00e1c lo\u1ea1i: ti\u1ec1n chi tr\u1ef1c ti\u1ebfp cho tr\u01b0\u1eddng h\u1ecdc, \u1edf c\u1ea5p \u0111\u1ed9 ph\u1ee9c h\u1ee3p, \u1edf c\u1ea5p ti\u1ec3u bang v\u00e0 ph\u1ea7n chi ti\u00eau kh\u00f4ng ph\u1ea3i \u1edf c\u1ea5p \u0111\u1ed9 tr\u01b0\u1eddng h\u1ecdc \u0111\u01b0\u1ee3c chi thay m\u1eb7t cho c\u00e1c tr\u01b0\u1eddng h\u1ecdc.<\/p>\n\n\n\n<ul class=\"wp-block-list\">\n<li><a href=\"https:\/\/hawaiipublicschools.org\/wp-content\/uploads\/FY2025-Per-Pupil-Expenditures.pdf\" data-type=\"link\" data-id=\"https:\/\/hawaiipublicschools.org\/wp-content\/uploads\/FY2025-Per-Pupil-Expenditures.pdf\" target=\"_blank\" rel=\"noreferrer noopener\">FY 2025 Per-Pupil Expenditures (PDF)<\/a><\/li>\n\n\n\n<li><a href=\"https:\/\/hawaiipublicschools.org\/wp-content\/uploads\/FY2024-Per-Pupil-Expenditures.pdf\" target=\"_blank\" rel=\"noreferrer noopener\">Chi ti\u00eau cho m\u1ed7i h\u1ecdc sinh n\u0103m t\u00e0i ch\u00ednh 2024 (PDF)<\/a><\/li>\n\n\n\n<li><a href=\"\/vi\/DOE%20Forms\/budget\/HIDOEPPE-State-FY23.pdf\/\" target=\"_blank\" rel=\"noreferrer noopener\">Chi ti\u00eau cho m\u1ed7i h\u1ecdc sinh n\u0103m t\u00e0i ch\u00ednh 2023 (PDF)<\/a><\/li>\n\n\n\n<li><a href=\"\/vi\/DOE%20Forms\/budget\/HIDOEPPE-State-FY22.pdf\/\" target=\"_blank\" rel=\"noreferrer noopener\">Chi ti\u00eau cho m\u1ed7i h\u1ecdc sinh n\u0103m t\u00e0i ch\u00ednh 2022 (PDF)<\/a><\/li>\n\n\n\n<li><a href=\"\/vi\/DOE%20Forms\/budget\/HIDOEPPE-State-FY21.pdf\/\" target=\"_blank\" rel=\"noreferrer noopener\">Chi ti\u00eau cho m\u1ed7i h\u1ecdc sinh n\u0103m t\u00e0i ch\u00ednh 2021 (PDF)<\/a><\/li>\n\n\n\n<li><a href=\"\/vi\/DOE%20Forms\/budget\/HIDOEPPE-State-FY20.pdf\/\" target=\"_blank\" rel=\"noreferrer noopener\">Chi ti\u00eau cho m\u1ed7i h\u1ecdc sinh n\u0103m t\u00e0i ch\u00ednh 2020 (PDF)<\/a><\/li>\n\n\n\n<li><a href=\"\/vi\/DOE%20Forms\/budget\/HIDOEPPE-State-FY19.pdf\/\" target=\"_blank\" rel=\"noreferrer noopener\">Chi ti\u00eau cho m\u1ed7i h\u1ecdc sinh n\u0103m t\u00e0i ch\u00ednh 2019 (PDF)<\/a><\/li>\n\n\n\n<li><a href=\"\/vi\/DOE%20Forms\/budget\/HIDOEPPE-State-FY18.pdf\/\" target=\"_blank\" rel=\"noreferrer noopener\">Chi ti\u00eau cho m\u1ed7i h\u1ecdc sinh n\u0103m t\u00e0i ch\u00ednh 2018 (PDF)<\/a><\/li>\n<\/ul>\n\n\n\n<p><strong><a href=\"https:\/\/hawaiipublicschools.org\/vi\/about\/budget\/appropriation-summary-reports\/\" target=\"_blank\" rel=\"noreferrer noopener\">Appropriation Summary Report<\/a>:<\/strong> The Appropriation Summary Report<strong> <\/strong>gi\u00fap c\u00e1c ch\u01b0\u01a1ng tr\u00ecnh c\u1ee7a ch\u00fang t\u00f4i qu\u1ea3n l\u00fd ng\u00e2n s\u00e1ch cho c\u1ea3 n\u0103m t\u00e0i ch\u00ednh hi\u1ec7n t\u1ea1i v\u00e0 t\u01b0\u01a1ng lai. N\u00f3 chia nh\u1ecf ng\u00e2n s\u00e1ch th\u00e0nh c\u00e1c c\u1ea5p chi ti\u1ebft b\u00ean d\u01b0\u1edbi c\u1ea5p ID Ch\u01b0\u01a1ng tr\u00ecnh EDN, bao g\u1ed3m M\u00e3 t\u1ed5 ch\u1ee9c hai ch\u1eef c\u00e1i c\u1ee7a B\u1ed9 Ng\u00e2n s\u00e1ch &amp; T\u00e0i ch\u00ednh (B&amp;F), ph\u01b0\u01a1ng ti\u1ec7n t\u00e0i tr\u1ee3 (MOF), V\u0103n ph\u00f2ng, ID Ch\u01b0\u01a1ng tr\u00ecnh 5 ch\u1eef s\u1ed1 c\u1ee7a HIDOE v\u00e0 \u0111\u1eb7c \u0111i\u1ec3m chi ti\u00eau.<\/p>\n\n\n\n<p><strong><a href=\"https:\/\/hawaiipublicschools.org\/vi\/data-reports\/fiscal\/\" target=\"_blank\" rel=\"noreferrer noopener\">B\u00e1o c\u00e1o t\u00e0i ch\u00ednh qu\u00fd<\/a>:<\/strong> B\u00e1o c\u00e1o h\u00e0ng qu\u00fd \u0111\u01b0\u1ee3c l\u1eadp v\u00e0o m\u1ed7i n\u0103m t\u00e0i ch\u00ednh v\u1ec1 chi ti\u00eau c\u1ee7a B\u1ed9.<\/p>\n\n\n\n<p><strong>B\u00e1o c\u00e1o t\u00e0i ch\u00ednh th\u01b0\u1eddng ni\u00ean v\u00e0 b\u00e1o c\u00e1o ki\u1ec3m to\u00e1n \u0111\u01a1n l\u1ebb: <\/strong>B\u1ed9 ph\u1eadn c\u1ee7a <a href=\"\/vi\/data-reports\/annual-financial-and-single-audit\/\" data-type=\"page\" data-id=\"132\" target=\"_blank\" rel=\"noreferrer noopener\">ki\u1ec3m to\u00e1n h\u00e0ng n\u0103m<\/a><a href=\"https:\/\/hawaiipublicschools.org\/Reports\/AFSA2023.pdf\">\u200b<\/a>\u200b l\u00e0 m\u1ed9t cu\u1ed9c \u0111\u00e1nh gi\u00e1 \u0111\u1ed9c l\u1eadp v\u1ec1 b\u00e1o c\u00e1o t\u00e0i ch\u00ednh c\u1ee7a c\u00f4ng ty trong n\u0103m t\u00e0i ch\u00ednh g\u1ea7n \u0111\u00e2y nh\u1ea5t. Cu\u1ed9c ki\u1ec3m to\u00e1n n\u00e0y \u0111\u01b0\u1ee3c th\u1ef1c hi\u1ec7n b\u1edfi m\u1ed9t t\u1ed5 ch\u1ee9c b\u00ean th\u1ee9 ba v\u00e0 \u0111\u01b0\u1ee3c \u0111i\u1ec1u ph\u1ed1i b\u1edfi V\u0103n ph\u00f2ng Ki\u1ec3m to\u00e1n c\u1ee7a Ti\u1ec3u bang Hawai\u02bbi.\u200b<\/p>\n\n\n\n<p><strong>Qu\u1ef9 c\u1ee9u tr\u1ee3 COVID-19 c\u1ee7a li\u00ean bang: <\/strong><a href=\"\/vi\/about\/budget\/federal-covid-relief-funding-for-education\/\" data-type=\"page\" data-id=\"117\" target=\"_blank\" rel=\"noreferrer noopener\">CH\u0102M S\u00d3C, GEER, ESSER<\/a><\/p>\n\n\n\n<h2 class=\"wp-block-heading\">S\u1ef1 tu\u00e2n th\u1ee7<\/h2>\n\n\n\n<p><strong>B\u00e1o c\u00e1o l\u1eadp ph\u00e1p:<\/strong> <a href=\"\/vi\/data-reports\/legislative\/\" target=\"_blank\" rel=\"noreferrer noopener\">B\u00e1o c\u00e1o th\u01b0\u1eddng ni\u00ean<\/a> theo y\u00eau c\u1ea7u c\u1ee7a C\u01a1 quan l\u1eadp ph\u00e1p.<\/p>\n\n\n\n<p><strong><a href=\"\/vi\/school-services\/special-education-data-and-reports\/\" data-type=\"page\" data-id=\"842\" target=\"_blank\" rel=\"noreferrer noopener\">B\u00e1o c\u00e1o hi\u1ec7u su\u1ea5t gi\u00e1o d\u1ee5c \u0111\u1eb7c bi\u1ec7t<\/a>:<\/strong> Theo \u0110\u1ea1o lu\u1eadt C\u1ea3i thi\u1ec7n Gi\u00e1o d\u1ee5c d\u00e0nh cho Ng\u01b0\u1eddi khuy\u1ebft t\u1eadt: Ph\u1ea7n B v\u00e0 Lu\u1eadt C\u00f4ng 108-446, ch\u00fang t\u00f4i chia s\u1ebb B\u00e1o c\u00e1o Hi\u1ec7u su\u1ea5t Gi\u00e1o d\u1ee5c \u0110\u1eb7c bi\u1ec7t h\u00e0ng n\u0103m c\u1ee7a m\u00ecnh. B\u00e1o c\u00e1o n\u00e0y \u0111\u00e1nh gi\u00e1 nh\u1eefng n\u1ed7 l\u1ef1c c\u1ee7a ti\u1ec3u bang trong vi\u1ec7c th\u1ef1c hi\u1ec7n c\u00e1c y\u00eau c\u1ea7u c\u1ee7a IDEA Ph\u1ea7n B v\u00e0 ph\u00e1c th\u1ea3o c\u00e1c k\u1ebf ho\u1ea1ch \u0111\u1ec3 th\u1ef1c hi\u1ec7n nh\u1eefng c\u1ea3i ti\u1ebfn.<\/p>\n\n\n\n<p><strong>Bi\u1ec3u m\u1eabu \u0111\u1ea3m b\u1ea3o v\u00e0 bi\u1ec7n minh ng\u01b0\u1ee1ng 1%: <\/strong>Ch\u00fang t\u00f4i thu th\u1eadp c\u00e1c m\u1eabu \u0111\u1ea3m b\u1ea3o t\u1eeb t\u1ea5t c\u1ea3 c\u00e1c tr\u01b0\u1eddng v\u00e0 c\u00e1c m\u1eabu bi\u1ec7n minh t\u1eeb c\u00e1c tr\u01b0\u1eddng v\u01b0\u1ee3t qu\u00e1 ng\u01b0\u1ee1ng tham gia 1% cho \u0110\u00e1nh gi\u00e1 thay th\u1ebf c\u1ee7a Ti\u1ec3u bang Hawai\u02bbi (HSA-Alt). Quy tr\u00ecnh n\u00e0y \u0111\u1ea3m b\u1ea3o tu\u00e2n th\u1ee7 34 CFR 200.6(c)(3)(iv), trong \u0111\u00f3 y\u00eau c\u1ea7u c\u00e1c tr\u01b0\u1eddng bi\u1ec7n minh cho t\u1ef7 l\u1ec7 \u0111\u00e1nh gi\u00e1 thay th\u1ebf tr\u00ean 1,0%. M\u1eabu bi\u1ec7n minh gi\u1ea3i th\u00edch l\u00fd do t\u1ea1i sao h\u01a1n 1% h\u1ecdc sinh \u0111ang \u0111\u01b0\u1ee3c \u0111\u00e1nh gi\u00e1 b\u1eb1ng HSA-Alt, trong khi m\u1eabu \u0111\u1ea3m b\u1ea3o x\u00e1c nh\u1eadn r\u1eb1ng c\u00e1c nh\u00f3m IEP \u0111ang s\u1eed d\u1ee5ng c\u00e1c ti\u00eau ch\u00ed c\u1ee7a ti\u1ec3u bang \u0111\u1ec3 x\u00e1c \u0111\u1ecbnh \u0111\u1ee7 \u0111i\u1ec1u ki\u1ec7n. N\u1ebfu b\u1ea1n c\u1ea7n xem c\u00e1c m\u1eabu n\u00e0y, b\u1ea1n c\u00f3 th\u1ec3 y\u00eau c\u1ea7u ch\u00fang b\u1eb1ng c\u00e1ch li\u00ean h\u1ec7 <a href=\"mailto:hsa-alt@k12.hi.us\">\u0110\u00e1nh gi\u00e1 c\u1ee7a Ti\u1ec3u bang Hawai\u02bbi-Thay th\u1ebf (HSA-Alt)<\/a>.<\/p>\n\n\n\n<h2 class=\"wp-block-heading\">\u200b\u200b\u200b\u200b\u200b\u200b\u200b\u200b\u200b\u200b\u200b\u200b\u200b\u200b\u200b\u200b\u200b\u200b\u200b\u200b\u200b\u200b\u200b\u200bS\u00e1ch d\u1eef li\u1ec7u HIDOE<\/h2>\n\n\n\n<p>C\u1ee7a ch\u00fang t\u00f4i <a href=\"http:\/\/arch.k12.hi.us\/reports\/hidoe-data-book\" target=\"_blank\" rel=\"noreferrer noopener\">S\u1ed5 d\u1eef li\u1ec7u HIDOE<\/a> b\u00e1o c\u00e1o th\u01b0\u1eddng ni\u00ean cung c\u1ea5p t\u1ed5ng quan v\u1ec1 c\u00e1ch c\u00e1c tr\u01b0\u1eddng c\u00f4ng l\u1eadp c\u1ee7a Hawai\u02bbi \u0111ang ho\u1ea1t \u0111\u1ed9ng v\u00e0 c\u1ea3i thi\u1ec7n. B\u00e1o c\u00e1o bao g\u1ed3m c\u00e1c s\u1ef1 ki\u1ec7n, xu h\u01b0\u1edbng v\u00e0 k\u1ebft qu\u1ea3 h\u1ecdc t\u1eadp quan tr\u1ecdng, bao g\u1ed3m bi\u1ec3u \u0111\u1ed3 v\u00e0 d\u1eef li\u1ec7u v\u1ec1 th\u00e0nh t\u00edch c\u1ee7a h\u1ecdc sinh, ngu\u1ed3n t\u00e0i tr\u1ee3 cho tr\u01b0\u1eddng h\u1ecdc v\u00e0 nh\u00e2n kh\u1ea9u h\u1ecdc. \u0110\u1ed1i v\u1edbi nh\u1eefng \u0111\u1ed9c gi\u1ea3 b\u1eadn r\u1ed9n, c\u00f3 m\u1ed9t ph\u1ea7n &quot;t\u1ed5ng quan&quot; n\u00eau b\u1eadt nh\u1eefng \u0111i\u1ec3m ch\u00ednh. B\u00e1o c\u00e1o c\u0169ng bao g\u1ed3m m\u1ed9t b\u1ea3ng ch\u00fa gi\u1ea3i thu\u1eadt ng\u1eef, t\u00e0i li\u1ec7u tham kh\u1ea3o v\u00e0 h\u01b0\u1edbng d\u1eabn truy c\u1eadp tr\u1ef1c tuy\u1ebfn v\u00e0o c\u00e1c b\u1ea3ng d\u1eef li\u1ec7u.<\/p>\n\n\n\n<h2 class=\"wp-block-heading\">Hi\u1ec7u su\u1ea5t<\/h2>\n\n\n\n<p><strong><a href=\"\/vi\/about\/organization\/strive-hi-dashboard\/\" data-type=\"page\" data-id=\"114\" target=\"_blank\" rel=\"noreferrer noopener\">B\u00e1o c\u00e1o Strive HI<\/a>:<\/strong> D\u1eef li\u1ec7u c\u1ea5p ti\u1ec3u bang v\u00e0 c\u1ea5p tr\u01b0\u1eddng t\u1eeb h\u1ec7 th\u1ed1ng tr\u00e1ch nhi\u1ec7m v\u00e0 hi\u1ec7u su\u1ea5t c\u1ee7a ch\u00fang t\u00f4i. B\u00e1o c\u00e1o th\u01b0\u1eddng ni\u00ean \u0111\u01b0\u1ee3c l\u1eadp v\u00e0o m\u00f9a thu.<\/p>\n\n\n\n<p><strong><a href=\"http:\/\/arch.k12.hi.us\/reports\/sqs\" data-type=\"link\" data-id=\"http:\/\/arch.k12.hi.us\/reports\/sqs\" target=\"_blank\" rel=\"noreferrer noopener\">Kh\u1ea3o s\u00e1t ch\u1ea5t l\u01b0\u1ee3ng tr\u01b0\u1eddng h\u1ecdc<\/a>:<\/strong> Gi\u00e1o vi\u00ean, h\u1ecdc sinh, ph\u1ee5 huynh, nh\u00e2n vi\u00ean h\u00e0nh ch\u00ednh v\u00e0 nh\u00e2n vi\u00ean h\u1ed7 tr\u1ee3 gi\u1ea3ng d\u1ea1y \u0111\u01b0a ra \u00fd ki\u1ebfn \u200b\u200bc\u1ee7a h\u1ecd v\u1ec1 ch\u1ea5t l\u01b0\u1ee3ng tr\u01b0\u1eddng h\u1ecdc trong cu\u1ed9c kh\u1ea3o s\u00e1t th\u01b0\u1eddng ni\u00ean n\u00e0y.&nbsp;<\/p>\n\n\n\n<p><strong><a href=\"https:\/\/public.tableau.com\/views\/2024SummerLearningFINAL\/Operations?:language=en-US&amp;:sid=&amp;:redirect=auth&amp;:display_count=n&amp;:origin=viz_share_link\" target=\"_blank\" rel=\"noreferrer noopener\">Summer Learning Dashboard<\/a><\/strong>: The summer learning dashboard gives a comprehensive review of summer learning options and supports that were provided including types of summer learning options, meals, personnel hired and expenditures.<\/p>\n\n\n\n<h2 class=\"wp-block-heading\">S\u1ef1 s\u1eb5n s\u00e0ng<\/h2>\n\n\n\n<p><strong><a href=\"https:\/\/www.hawaiip20.org\/\" data-type=\"link\" data-id=\"https:\/\/www.hawaiip20.org\/\" target=\"_blank\" rel=\"noreferrer noopener\">B\u00e1o c\u00e1o Ch\u1ec9 s\u1ed1 S\u1eb5n s\u00e0ng cho Cao \u0111\u1eb3ng v\u00e0 Ngh\u1ec1 nghi\u1ec7p (CCRI)<\/a>:<\/strong> B\u00e1o c\u00e1o CCRI \u0111\u01b0\u1ee3c t\u1ea1o ra th\u00f4ng qua quan h\u1ec7 \u0111\u1ed1i t\u00e1c gi\u1eefa Hawai\u02bbi P-20, B\u1ed9 Gi\u00e1o d\u1ee5c v\u00e0 \u0110\u1ea1i h\u1ecdc Hawai\u02bbi. C\u00e1c ch\u1ec9 s\u1ed1 \u0111\u01b0\u1ee3c l\u1ef1a ch\u1ecdn d\u1ef1a tr\u00ean t\u00e1c \u0111\u1ed9ng c\u1ee7a ch\u00fang \u0111\u1ed1i v\u1edbi vi\u1ec7c c\u1ea3i thi\u1ec7n s\u1ef1 s\u1eb5n s\u00e0ng c\u1ee7a sinh vi\u00ean \u0111\u1ed1i v\u1edbi l\u1ef1c l\u01b0\u1ee3ng lao \u0111\u1ed9ng ho\u1eb7c gi\u00e1o d\u1ee5c sau trung h\u1ecdc.<\/p>\n\n\n\n<ul class=\"wp-block-list\">\n<li>\u200b<strong><a href=\"https:\/\/www.hawaiidxp.org\/publications\/?pub=report\" data-type=\"link\" data-id=\"https:\/\/www.hawaiidxp.org\/publications\/?pub=report\" target=\"_blank\" rel=\"noreferrer noopener\">\u0110\u1ed1i t\u00e1c trao \u0111\u1ed5i d\u1eef li\u1ec7u Hawai\u02bbi (Hawai\u02bbi DXP)<\/a>: <\/strong>\u200bXem b\u00e1o c\u00e1o t\u1eeb b\u1ed9 ph\u1eadn d\u1eef li\u1ec7u li\u00ean c\u01a1 quan c\u1ee7a Hawai\u02bbi P-20.&nbsp;<\/li>\n<\/ul>\n\n\n\n<h2 class=\"wp-block-heading\">Kh\u00e1c<\/h2>\n\n\n\n<p><strong>B\u00e1o c\u00e1o vi\u1ec7c l\u00e0m:<\/strong> M\u1ed7i n\u0103m, ch\u00fang t\u00f4i cung c\u1ea5p m\u1ed9t <a href=\"\/wp-content\/uploads\/Employment-Report-SY-2024-2025.pdf\" data-type=\"link\" data-id=\"\/wp-content\/uploads\/Employment-Report-SY-2024-25.pdf\" target=\"_blank\" rel=\"noreferrer noopener\">Employment Report Summary (SY 2024\u201325)<\/a> (PDF)\u200b\u200b v\u1ec1 s\u1ed1 li\u1ec7u vi\u1ec7c l\u00e0m v\u00e0 \u0111\u1eb7c \u0111i\u1ec3m c\u1ee7a gi\u00e1o vi\u00ean m\u1edbi \u0111\u01b0\u1ee3c tuy\u1ec3n d\u1ee5ng v\u00e0 nh\u00e2n vi\u00ean d\u1ecbch v\u1ee5 h\u1ed7 tr\u1ee3 \u0111\u01b0\u1ee3c ph\u00e2n lo\u1ea1i trong n\u0103m h\u1ecdc c\u0169ng nh\u01b0 d\u1eef li\u1ec7u t\u1eeb nh\u1eefng n\u0103m tr\u01b0\u1edbc.<\/p>\n\n\n\n<p><strong><a href=\"https:\/\/public.tableau.com\/views\/FAFSADashboard_2\/BySchool?:language=en-US&amp;:sid=&amp;:redirect=auth&amp;:toolbar=n&amp;:display_count=n&amp;:origin=viz_share_link\" target=\"_blank\" rel=\"noreferrer noopener\">FAFSA Dashboard<\/a><\/strong>: Statewide and high school FAFSA completion progress over time.<\/p>\n\n\n\n<p><strong>Ki\u1ec3m to\u00e1n n\u1ed9i b\u1ed9:<\/strong> V\u0103n ph\u00f2ng Ki\u1ec3m to\u00e1n N\u1ed9i b\u1ed9 cung c\u1ea5p t\u01b0 v\u1ea5n v\u00e0 ki\u1ec3m tra \u0111\u1ed9c l\u1eadp \u0111\u1ec3 gi\u00fap c\u1ea3i thi\u1ec7n ho\u1ea1t \u0111\u1ed9ng v\u00e0 c\u1ea5u tr\u00fac ki\u1ec3m so\u00e1t n\u1ed9i b\u1ed9 c\u1ee7a B\u1ed9. Tr\u00e1ch nhi\u1ec7m ch\u00ednh c\u1ee7a v\u0103n ph\u00f2ng n\u00e0y bao g\u1ed3m xem x\u00e9t hi\u1ec7u qu\u1ea3 c\u1ee7a c\u1ea5u tr\u00fac ki\u1ec3m so\u00e1t n\u1ed9i b\u1ed9, x\u00e1c \u0111\u1ecbnh c\u00e1c c\u01a1 h\u1ed9i c\u1ea3i thi\u1ec7n quy tr\u00ecnh v\u00e0 ki\u1ec3m so\u00e1t nh\u1eb1m gi\u1ea3m thi\u1ec3u r\u1ee7i ro, gi\u00e1m s\u00e1t vi\u1ec7c tu\u00e2n th\u1ee7 lu\u1eadt ph\u00e1p, quy \u0111\u1ecbnh, ch\u00ednh s\u00e1ch v\u00e0 th\u1ee7 t\u1ee5c, \u0111i\u1ec1u tra c\u00e1c c\u00e1o bu\u1ed9c v\u1ec1 h\u00e0nh vi gian l\u1eadn v\u00e0\/ho\u1eb7c phi \u0111\u1ea1o \u0111\u1ee9c, v\u00e0 chia s\u1ebb c\u00e1c th\u00f4ng l\u1ec7 t\u1ed1t nh\u1ea5t trong to\u00e0n B\u1ed9.<\/p>\n\n\n\n<p><strong><a href=\"\/vi\/data-reports\/state-reports\/school-impact-fees\/\">School Impact Fees and Fair Share Balances<\/a><\/strong>: Funding to offset the student enrollment impacts of residential development.<\/p>\n\n\n\n<p><strong><a href=\"https:\/\/public.tableau.com\/views\/OFO_UseofCountyFacilities\/Cover?:language=en-US&amp;:sid=&amp;:redirect=auth&amp;:display_count=n&amp;:origin=viz_share_link\" target=\"_blank\" rel=\"noreferrer noopener\">Use of County Facilities Report<\/a>:<\/strong> The Department&#8217;s Office&nbsp;of&nbsp;Facilities&nbsp;and Operations compiles an annual report to the Governor on monitoring the Department&#8217;s use of County properties for public purposes or school functions.&nbsp;<\/p>\n<\/div>\n\n\n\n<div class=\"wp-block-column right_col is-layout-flow wp-block-column-is-layout-flow\"><div class=\"kb-row-layout-wrap kb-row-layout-id134_3ba826-c0 alignnone wp-block-kadence-rowlayout\"><div class=\"kt-row-column-wrap kt-has-2-columns kt-row-layout-row kt-tab-layout-row kt-mobile-layout-row kt-row-valign-top\">\n\n<div class=\"wp-block-kadence-column kadence-column134_748e43-77\"><div class=\"kt-inside-inner-col\">\n<figure class=\"wp-block-image size-large no_margin\"><img loading=\"lazy\" decoding=\"async\" width=\"1024\" height=\"766\" src=\"https:\/\/hawaiipublicschools.org\/wp-content\/uploads\/2024\/12\/Kalo-1024x766.jpg\" alt=\"\" class=\"wp-image-2356\" style=\"aspect-ratio:4\/3;object-fit:cover\" srcset=\"https:\/\/hawaiipublicschools.org\/wp-content\/uploads\/2024\/12\/Kalo-1024x766.jpg 1024w, https:\/\/hawaiipublicschools.org\/wp-content\/uploads\/2024\/12\/Kalo-300x225.jpg 300w, https:\/\/hawaiipublicschools.org\/wp-content\/uploads\/2024\/12\/Kalo-768x575.jpg 768w, https:\/\/hawaiipublicschools.org\/wp-content\/uploads\/2024\/12\/Kalo-16x12.jpg 16w, https:\/\/hawaiipublicschools.org\/wp-content\/uploads\/2024\/12\/Kalo.jpg 1200w\" sizes=\"auto, (max-width: 1024px) 100vw, 1024px\" \/><\/figure>\n<\/div><\/div>\n\n\n\n<div class=\"wp-block-kadence-column kadence-column134_c11835-85\"><div class=\"kt-inside-inner-col\">\n<h5 class=\"wp-block-heading has-base-color has-text-color has-link-color has-large-font-size wp-elements-d78de3acbe4c4a874c6acab3d3890143\" style=\"margin-top:0px;padding-bottom:0.5rem\">y\u00eau c\u1ea7u d\u1eef li\u1ec7u &amp; th\u1eafc m\u1eafc<\/h5>\n\n\n\n<p class=\"has-base-color has-text-color has-link-color wp-elements-7318fdeab1b70670177dec54a167e4d2\"><strong>Chi nh\u00e1nh qu\u1ea3n l\u00fd v\u00e0 ph\u00e2n t\u00edch d\u1eef li\u1ec7u (DGA)<\/strong><br>\u0110i\u1ec7n tho\u1ea1i: 808-784-6061<br><a href=\"mailto:DGA@k12.hi.us\">E-mail<\/a><\/p>\n<\/div><\/div>\n\n<\/div><\/div><\/div>\n<\/div>\n\n\n\n<p><\/p>","protected":false},"excerpt":{"rendered":"<p>Budget and Financial Weighted Student Formula: The Weighted Student Formula (WSF) is a way to fairly distribute school funds based on each student\u2019s specific needs rather than enrollment. Schools get more resources for students who require extra support, ensuring equal opportunities for all. The funding follows students wherever they go, and WSF helps shape each [&hellip;]<\/p>","protected":false},"author":8,"featured_media":0,"parent":127,"menu_order":12,"comment_status":"closed","ping_status":"closed","template":"wp-custom-template-page-for-custom-sidebar","meta":{"_relevanssi_hide_post":"","_relevanssi_hide_content":"","_relevanssi_pin_for_all":"","_relevanssi_pin_keywords":"","_relevanssi_unpin_keywords":"","_relevanssi_related_keywords":"","_relevanssi_related_include_ids":"","_relevanssi_related_exclude_ids":"","_relevanssi_related_no_append":"","_relevanssi_related_not_related":"","_relevanssi_related_posts":"888,9837,15630,15997,9713,9850","_relevanssi_noindex_reason":"","_sitemap_exclude":false,"_sitemap_priority":"","_sitemap_frequency":"","_kad_blocks_custom_css":"","_kad_blocks_head_custom_js":"","_kad_blocks_body_custom_js":"","_kad_blocks_footer_custom_js":"","wp_popup_display_lightbox":0,"wp_popup_suppress":"","wp_popup_trigger":"","wp_popup_trigger_amount":0,"wp_popup_disable_on_mobile":false,"footnotes":""},"class_list":["post-128","page","type-page","status-publish","hentry"],"pp_statuses_selecting_workflow":false,"pp_workflow_action":"current","pp_status_selection":"publish","taxonomy_info":[],"featured_image_src_large":false,"author_info":{"display_name":"Ariana Enomoto","author_link":"https:\/\/hawaiipublicschools.org\/vi\/author\/arianastaceyleong-com\/"},"comment_info":0,"publishpress_future_action":{"enabled":false,"date":"2026-04-27 03:44:00","action":"change-status","newStatus":"draft","terms":[],"taxonomy":"","extraData":[]},"publishpress_future_workflow_manual_trigger":{"enabledWorkflows":[]},"_links":{"self":[{"href":"https:\/\/hawaiipublicschools.org\/vi\/wp-json\/wp\/v2\/pages\/128","targetHints":{"allow":["GET"]}}],"collection":[{"href":"https:\/\/hawaiipublicschools.org\/vi\/wp-json\/wp\/v2\/pages"}],"about":[{"href":"https:\/\/hawaiipublicschools.org\/vi\/wp-json\/wp\/v2\/types\/page"}],"author":[{"embeddable":true,"href":"https:\/\/hawaiipublicschools.org\/vi\/wp-json\/wp\/v2\/users\/8"}],"replies":[{"embeddable":true,"href":"https:\/\/hawaiipublicschools.org\/vi\/wp-json\/wp\/v2\/comments?post=128"}],"version-history":[{"count":0,"href":"https:\/\/hawaiipublicschools.org\/vi\/wp-json\/wp\/v2\/pages\/128\/revisions"}],"up":[{"embeddable":true,"href":"https:\/\/hawaiipublicschools.org\/vi\/wp-json\/wp\/v2\/pages\/127"}],"wp:attachment":[{"href":"https:\/\/hawaiipublicschools.org\/vi\/wp-json\/wp\/v2\/media?parent=128"}],"curies":[{"name":"wp","href":"https:\/\/api.w.org\/{rel}","templated":true}]}}