{"id":126,"date":"2024-09-05T00:02:47","date_gmt":"2024-09-05T00:02:47","guid":{"rendered":"https:\/\/hawaiipublicschools.org\/?page_id=126"},"modified":"2026-04-06T08:01:57","modified_gmt":"2026-04-06T18:01:57","slug":"current-salary-schedules","status":"publish","type":"page","link":"https:\/\/hawaiipublicschools.org\/vi\/jobs\/current-salary-schedules\/","title":{"rendered":"B\u1ea3ng l\u01b0\u01a1ng hi\u1ec7n t\u1ea1i"},"content":{"rendered":"<p class=\"intro\" style=\"font-size:clamp(0.875rem, 0.875rem + ((1vw - 0.2rem) * 0.531), 1.3rem);\">The Department provides the latest <a href=\"\/wp-content\/uploads\/DOE-Compensation-Plan-2026.pdf\" target=\"_blank\" rel=\"noreferrer noopener\">Compensation Plan<\/a> and up-to-date salary schedules for all employee classifications, including teachers, educational officers, support staff and more. These schedules reflect current and future pay rates.<\/p>\n\n\n\n<h2 class=\"wp-block-heading\">C\u00f4ng nh\u00e2n, Kh\u00f4ng gi\u00e1m s\u00e1t (BU 01)<\/h2>\n\n\n\n<ul class=\"wp-block-list\">\n<li><a href=\"\/wp-content\/uploads\/BU01_07-01-2025.pdf\" target=\"_blank\" rel=\"noreferrer noopener\">B\u1ea3ng l\u01b0\u01a1ng c\u00f3 hi\u1ec7u l\u1ef1c t\u1eeb ng\u00e0y 01\/07\/2025 (PDF)<\/a><\/li>\n\n\n\n<li><a href=\"\/wp-content\/uploads\/BU01_07-01-2026.pdf\" data-type=\"attachment\" data-id=\"17158\" target=\"_blank\" rel=\"noreferrer noopener\">Salary Schedule Effective 07\/01\/2026 (PDF)<\/a><\/li>\n\n\n\n<li><a href=\"\/wp-content\/uploads\/BU01_07-01-2027.pdf\" data-type=\"attachment\" data-id=\"17159\" target=\"_blank\" rel=\"noreferrer noopener\">Salary Schedule Effective 07\/01\/2027 (PDF)<\/a><\/li>\n\n\n\n<li><a href=\"\/wp-content\/uploads\/BU01_07-01-2028.pdf\" data-type=\"attachment\" data-id=\"17161\" target=\"_blank\" rel=\"noreferrer noopener\">Salary Schedule Effective 07\/01\/2028 (PDF)<\/a><\/li>\n<\/ul>\n\n\n\n<h2 class=\"wp-block-heading\">C\u00f4ng nh\u00e2n, Gi\u00e1m s\u00e1t (BU 02) <\/h2>\n\n\n\n<ul class=\"wp-block-list\">\n<li><a href=\"\/wp-content\/uploads\/BU02_07-01-2025.pdf\" target=\"_blank\" rel=\"noreferrer noopener\">B\u1ea3ng l\u01b0\u01a1ng c\u00f3 hi\u1ec7u l\u1ef1c t\u1eeb ng\u00e0y 01\/07\/2025 (PDF)<\/a><\/li>\n\n\n\n<li><a href=\"\/wp-content\/uploads\/BU02_07-01-2026.pdf\" data-type=\"attachment\" data-id=\"17162\" target=\"_blank\" rel=\"noreferrer noopener\">Salary Schedule Effective 07\/01\/2026 (PDF)<\/a><\/li>\n\n\n\n<li><a href=\"\/wp-content\/uploads\/BU02_07-01-2027.pdf\" data-type=\"attachment\" data-id=\"17163\" target=\"_blank\" rel=\"noreferrer noopener\">Salary Schedule Effective 07\/01\/2027 (PDF)<\/a><\/li>\n\n\n\n<li><a href=\"\/wp-content\/uploads\/BU02_07-01-2028.pdf\" data-type=\"attachment\" data-id=\"17164\" target=\"_blank\" rel=\"noreferrer noopener\">Salary Schedule Effective 07\/01\/2028 (PDF)<\/a><\/li>\n<\/ul>\n\n\n\n<h2 class=\"wp-block-heading\">Nh\u00e2n vi\u00ean v\u0103n ph\u00f2ng, kh\u00f4ng ph\u1ea3i gi\u00e1m s\u00e1t (BU 03) <\/h2>\n\n\n\n<ul class=\"wp-block-list\">\n<li><a href=\"\/wp-content\/uploads\/BU03_07-01-2025.pdf\" target=\"_blank\" rel=\"noreferrer noopener\">B\u1ea3ng l\u01b0\u01a1ng c\u00f3 hi\u1ec7u l\u1ef1c t\u1eeb ng\u00e0y 01\/07\/2025 (PDF)<\/a><\/li>\n\n\n\n<li><a href=\"\/wp-content\/uploads\/BU03_07-01-2026.pdf\" data-type=\"attachment\" data-id=\"17165\" target=\"_blank\" rel=\"noreferrer noopener\">Salary Schedule Effective 07\/01\/2026 (PDF)<\/a><\/li>\n\n\n\n<li><a href=\"\/wp-content\/uploads\/BU03_07-01-2027.pdf\" data-type=\"attachment\" data-id=\"17166\" target=\"_blank\" rel=\"noreferrer noopener\">Salary Schedule Effective 07\/01\/2027 (PDF)<\/a><\/li>\n\n\n\n<li><a href=\"\/wp-content\/uploads\/BU03_07-01-2028.pdf\" data-type=\"attachment\" data-id=\"17167\" target=\"_blank\" rel=\"noreferrer noopener\">Salary Schedule Effective 07\/01\/2028 (PDF)<\/a><\/li>\n<\/ul>\n\n\n\n<h2 class=\"wp-block-heading\">Nh\u00e2n vi\u00ean v\u0103n ph\u00f2ng, Gi\u00e1m s\u00e1t (BU 04) <\/h2>\n\n\n\n<ul class=\"wp-block-list\">\n<li><a href=\"\/wp-content\/uploads\/BU04_07-01-2025.pdf\" target=\"_blank\" rel=\"noreferrer noopener\">B\u1ea3ng l\u01b0\u01a1ng c\u00f3 hi\u1ec7u l\u1ef1c t\u1eeb ng\u00e0y 01\/07\/2025 (PDF)<\/a><\/li>\n\n\n\n<li><a href=\"\/wp-content\/uploads\/BU04_07-01-2026.pdf\" data-type=\"attachment\" data-id=\"17168\" target=\"_blank\" rel=\"noreferrer noopener\">Salary Schedule Effective 07\/01\/2026 (PDF)<\/a><\/li>\n\n\n\n<li><a href=\"\/wp-content\/uploads\/BU04_07-01-2027.pdf\" data-type=\"attachment\" data-id=\"17169\" target=\"_blank\" rel=\"noreferrer noopener\">Salary Schedule Effective 07\/01\/2027 (PDF)<\/a><\/li>\n\n\n\n<li><a href=\"\/wp-content\/uploads\/BU04_07-01-2028.pdf\" data-type=\"attachment\" data-id=\"17170\" target=\"_blank\" rel=\"noreferrer noopener\">Salary Schedule Effective 07\/01\/2028 (PDF)<\/a><\/li>\n<\/ul>\n\n\n\n<h2 class=\"wp-block-heading\">Gi\u00e1o vi\u00ean (BU 05)<\/h2>\n\n\n\n<ul class=\"wp-block-list\">\n<li><a href=\"\/vi\/DOE%20Forms\/Salary%20Schedules\/10-Month-Teacher-Salary-SY2025-26.pdf\/\" target=\"_blank\" rel=\"noreferrer noopener\">Gi\u00e1o vi\u00ean 10 th\u00e1ng, B\u1ea3ng l\u01b0\u01a1ng c\u00f3 hi\u1ec7u l\u1ef1c t\u1eeb n\u0103m 2025-26 (PDF)<\/a><\/li>\n\n\n\n<li><a href=\"\/vi\/DOE%20Forms\/Salary%20Schedules\/10-Month-Teacher-Salary-SY2026-27.pdf\/\" target=\"_blank\" rel=\"noreferrer noopener\">Gi\u00e1o vi\u00ean 10 th\u00e1ng, B\u1ea3ng l\u01b0\u01a1ng c\u00f3 hi\u1ec7u l\u1ef1c t\u1eeb n\u0103m 2026-27 (PDF)<\/a><\/li>\n\n\n\n<li><a href=\"\/vi\/DOE%20Forms\/Salary%20Schedules\/12-Month-Teacher-Salary-SY2025-26.pdf\/\" target=\"_blank\" rel=\"noreferrer noopener\">Gi\u00e1o vi\u00ean 12 th\u00e1ng, B\u1ea3ng l\u01b0\u01a1ng c\u00f3 hi\u1ec7u l\u1ef1c t\u1eeb n\u0103m 2025-26 (PDF)<\/a><\/li>\n\n\n\n<li><a href=\"\/vi\/DOE%20Forms\/Salary%20Schedules\/12-Month-Teacher-Salary-SY2026-27.pdf\/\" target=\"_blank\" rel=\"noreferrer noopener\">Gi\u00e1o vi\u00ean 12 th\u00e1ng, B\u1ea3ng l\u01b0\u01a1ng c\u00f3 hi\u1ec7u l\u1ef1c t\u1eeb n\u0103m 2026-27 (PDF)<\/a><\/li>\n<\/ul>\n\n\n\n<h2 class=\"wp-block-heading\">C\u00e1n b\u1ed9 gi\u00e1o d\u1ee5c (BU 06)<\/h2>\n\n\n\n<ul class=\"wp-block-list\">\n<li><a href=\"\/wp-content\/uploads\/VP-Principal-2025-26_07-01-2025.pdf\" target=\"_blank\" rel=\"noreferrer noopener\">B\u1ea3ng l\u01b0\u01a1ng Hi\u1ec7u tr\u01b0\u1edfng v\u00e0 Ph\u00f3 Hi\u1ec7u tr\u01b0\u1edfng 12 th\u00e1ng c\u00f3 hi\u1ec7u l\u1ef1c t\u1eeb ng\u00e0y 01\/07\/2025 (PDF)<\/a><\/li>\n\n\n\n<li><a href=\"\/wp-content\/uploads\/State-District-EO-2025-26_07-01-2025.pdf\" target=\"_blank\" rel=\"noreferrer noopener\">B\u1ea3ng l\u01b0\u01a1ng c\u00e1n b\u1ed9 gi\u00e1o d\u1ee5c 12 th\u00e1ng c\u00f3 hi\u1ec7u l\u1ef1c t\u1eeb ng\u00e0y 01\/07\/2025 (PDF)<\/a><\/li>\n\n\n\n<li><a href=\"\/wp-content\/uploads\/VP-Principal-2026-27_07-01-2026.pdf\" data-type=\"link\" data-id=\"\/wp-content\/uploads\/VP-Principal-2026-27_07-01-2026.pdf\" target=\"_blank\" rel=\"noreferrer noopener\">12-month Principal and Vice Principal Salary Schedule Effective 07\/01\/2026 (PDF)<\/a><\/li>\n\n\n\n<li><a href=\"\/wp-content\/uploads\/State-District-EO-2026-27_07-01-2026.pdf\" target=\"_blank\" rel=\"noreferrer noopener\">12-month Educational Officer Salary Schedule Effective 07\/01\/2026 (PDF)<\/a><\/li>\n\n\n\n<li><a href=\"\/wp-content\/uploads\/VP-Principal-2027-28_07-01-2027.pdf\" data-type=\"link\" data-id=\"\/wp-content\/uploads\/VP-Principal-2027-28_07-01-2027.pdf\" target=\"_blank\" rel=\"noreferrer noopener\">12-month Principal and Vice Principal Salary Schedule Effective 07\/01\/2027 (PDF)<\/a><\/li>\n\n\n\n<li><a href=\"\/wp-content\/uploads\/State-District-EO-2027-28_07-01-2027.pdf\" data-type=\"link\" data-id=\"\/wp-content\/uploads\/State-District-EO-2027-28_07-01-2027.pdf\" target=\"_blank\" rel=\"noreferrer noopener\">12-month Educational Officer Salary Schedule Effective 07\/01\/2027 (PDF)<\/a><\/li>\n\n\n\n<li><a href=\"\/wp-content\/uploads\/VP-Principal-2028-29_07-01-2028.pdf\" data-type=\"link\" data-id=\"\/wp-content\/uploads\/VP-Principal-2028-29_07-01-2028.pdf\" target=\"_blank\" rel=\"noreferrer noopener\">12-month Principal and Vice Principal Salary Schedule Effective 07\/01\/2028 (PDF)<\/a><\/li>\n\n\n\n<li><a href=\"\/wp-content\/uploads\/State-District-EO-2028-29_07-01-2028.pdf\" data-type=\"link\" data-id=\"\/wp-content\/uploads\/State-District-EO-2028-29_07-01-2028.pdf\" target=\"_blank\" rel=\"noreferrer noopener\">12-month Educational Officer Salary Schedule Effective 07\/01\/2028 (PDF)<\/a><\/li>\n<\/ul>\n\n\n\n<h2 class=\"wp-block-heading\">Y t\u00e1 chuy\u00ean nghi\u1ec7p \u0111\u00e3 \u0111\u0103ng k\u00fd, kh\u00f4ng ph\u1ea3i gi\u00e1m s\u00e1t vi\u00ean (BU 09)<\/h2>\n\n\n\n<ul class=\"wp-block-list\">\n<li><a href=\"\/wp-content\/uploads\/BU09_07-01-2025.pdf\" target=\"_blank\" rel=\"noreferrer noopener\">B\u1ea3ng l\u01b0\u01a1ng c\u00f3 hi\u1ec7u l\u1ef1c t\u1eeb ng\u00e0y 01\/07\/2025 (PDF)<\/a><\/li>\n\n\n\n<li><a href=\"\/wp-content\/uploads\/BU09_07-01-2026.pdf\" data-type=\"attachment\" data-id=\"17171\" target=\"_blank\" rel=\"noreferrer noopener\">Salary Schedule Effective 07\/01\/2026 (PDF)<\/a><\/li>\n\n\n\n<li><a href=\"\/wp-content\/uploads\/BU09_07-01-2027.pdf\" data-type=\"attachment\" data-id=\"17172\" target=\"_blank\" rel=\"noreferrer noopener\">Salary Schedule Effective 07\/01\/2027 (PDF)<\/a><\/li>\n\n\n\n<li><a href=\"\/wp-content\/uploads\/BU09_07-01-2028.pdf\" data-type=\"attachment\" data-id=\"17173\" target=\"_blank\" rel=\"noreferrer noopener\">Salary Schedule Effective 07\/01\/2028 (PDF)<\/a><\/li>\n<\/ul>\n\n\n\n<h2 class=\"wp-block-heading\">Nh\u00e2n vi\u00ean y t\u1ebf, tr\u1ea1i giam v\u00e0 tr\u1ea1i c\u1ea3i t\u1ea1o (BU 10)\u200b<\/h2>\n\n\n\n<ul class=\"wp-block-list\">\n<li><a href=\"\/wp-content\/uploads\/BU10_07-01-2025.pdf\" target=\"_blank\" rel=\"noreferrer noopener\">B\u1ea3ng l\u01b0\u01a1ng c\u00f3 hi\u1ec7u l\u1ef1c t\u1eeb ng\u00e0y 01\/07\/2025 (PDF)<\/a><\/li>\n\n\n\n<li><a href=\"\/wp-content\/uploads\/BU10_07-01-2026.pdf\" data-type=\"attachment\" data-id=\"17174\" target=\"_blank\" rel=\"noreferrer noopener\">Salary Schedule Effective 07\/01\/2026 (PDF)<\/a><\/li>\n\n\n\n<li><a href=\"\/wp-content\/uploads\/BU10_07-01-2027.pdf\" data-type=\"attachment\" data-id=\"17175\" target=\"_blank\" rel=\"noreferrer noopener\">Salary Schedule Effective 07\/01\/2027 (PDF)<\/a><\/li>\n\n\n\n<li><a href=\"\/wp-content\/uploads\/BU10_07-01-2028.pdf\" data-type=\"attachment\" data-id=\"17176\" target=\"_blank\" rel=\"noreferrer noopener\">Salary Schedule Effective 07\/01\/2028 (PDF)<\/a><\/li>\n<\/ul>\n\n\n\n<h2 class=\"wp-block-heading\">Chuy\u00ean m\u00f4n v\u00e0 Khoa h\u1ecdc, Kh\u00f4ng gi\u00e1m s\u00e1t (BU 13) <\/h2>\n\n\n\n<ul class=\"wp-block-list\">\n<li><a href=\"\/wp-content\/uploads\/BU13_07-01-2025.pdf\" target=\"_blank\" rel=\"noreferrer noopener\">B\u1ea3ng l\u01b0\u01a1ng c\u00f3 hi\u1ec7u l\u1ef1c t\u1eeb ng\u00e0y 01\/07\/2025 (PDF)<\/a><\/li>\n\n\n\n<li><a href=\"\/wp-content\/uploads\/BU13_07-01-2026.pdf\" data-type=\"attachment\" data-id=\"17177\" target=\"_blank\" rel=\"noreferrer noopener\">Salary Schedule Effective 07\/01\/2026 (PDF)<\/a><\/li>\n\n\n\n<li><a href=\"\/wp-content\/uploads\/BU13_07-01-2027.pdf\" data-type=\"attachment\" data-id=\"17178\" target=\"_blank\" rel=\"noreferrer noopener\">Salary Schedule Effective 07\/01\/2027 (PDF)<\/a><\/li>\n\n\n\n<li><a href=\"\/wp-content\/uploads\/BU13_07-01-2028.pdf\" data-type=\"attachment\" data-id=\"17179\" target=\"_blank\" rel=\"noreferrer noopener\">Salary Schedule Effective 07\/01\/2028 (PDF)<\/a><\/li>\n<\/ul>\n\n\n\n<h2 class=\"wp-block-heading\">EMCP Lo\u1ea1i tr\u1eeb Qu\u1ea3n l\u00fd (BU 35)<\/h2>\n\n\n\n<ul class=\"wp-block-list\">\n<li><a href=\"\/wp-content\/uploads\/EMCP-2025-07-01.pdf\" target=\"_blank\" rel=\"noreferrer noopener\">B\u1ea3ng l\u01b0\u01a1ng c\u00f3 hi\u1ec7u l\u1ef1c t\u1eeb ng\u00e0y 01\/07\/2025 (PDF)<\/a><\/li>\n<\/ul>\n\n\n\n<p><\/p>","protected":false},"excerpt":{"rendered":"<p>The Department provides the latest Compensation Plan and up-to-date salary schedules for all employee classifications, including teachers, educational officers, support staff and more. These schedules reflect current and future pay rates. Blue Collar, Non-Supervisor (BU 01) Blue Collar, Supervisor (BU 02) White Collar, Non-Supervisor (BU 03) White Collar, Supervisor\u200b (BU 04) Teacher (BU 05) Educational [&hellip;]<\/p>","protected":false},"author":8,"featured_media":0,"parent":122,"menu_order":12,"comment_status":"closed","ping_status":"closed","template":"","meta":{"_relevanssi_hide_post":"","_relevanssi_hide_content":"","_relevanssi_pin_for_all":"","_relevanssi_pin_keywords":"","_relevanssi_unpin_keywords":"","_relevanssi_related_keywords":"","_relevanssi_related_include_ids":"","_relevanssi_related_exclude_ids":"","_relevanssi_related_no_append":"","_relevanssi_related_not_related":"","_relevanssi_related_posts":"16453,16922,10177,9985,9976,10101","_relevanssi_noindex_reason":"","_sitemap_exclude":false,"_sitemap_priority":"","_sitemap_frequency":"","_kad_blocks_custom_css":"","_kad_blocks_head_custom_js":"","_kad_blocks_body_custom_js":"","_kad_blocks_footer_custom_js":"","wp_popup_display_lightbox":0,"wp_popup_suppress":"","wp_popup_trigger":"","wp_popup_trigger_amount":0,"wp_popup_disable_on_mobile":false,"footnotes":""},"class_list":["post-126","page","type-page","status-publish","hentry"],"pp_statuses_selecting_workflow":false,"pp_workflow_action":"current","pp_status_selection":"publish","taxonomy_info":[],"featured_image_src_large":false,"author_info":{"display_name":"Ariana Enomoto","author_link":"https:\/\/hawaiipublicschools.org\/vi\/author\/arianastaceyleong-com\/"},"comment_info":0,"publishpress_future_action":{"enabled":false,"date":"2026-04-15 07:59:47","action":"change-status","newStatus":"draft","terms":[],"taxonomy":"","extraData":[]},"publishpress_future_workflow_manual_trigger":{"enabledWorkflows":[]},"_links":{"self":[{"href":"https:\/\/hawaiipublicschools.org\/vi\/wp-json\/wp\/v2\/pages\/126","targetHints":{"allow":["GET"]}}],"collection":[{"href":"https:\/\/hawaiipublicschools.org\/vi\/wp-json\/wp\/v2\/pages"}],"about":[{"href":"https:\/\/hawaiipublicschools.org\/vi\/wp-json\/wp\/v2\/types\/page"}],"author":[{"embeddable":true,"href":"https:\/\/hawaiipublicschools.org\/vi\/wp-json\/wp\/v2\/users\/8"}],"replies":[{"embeddable":true,"href":"https:\/\/hawaiipublicschools.org\/vi\/wp-json\/wp\/v2\/comments?post=126"}],"version-history":[{"count":1,"href":"https:\/\/hawaiipublicschools.org\/vi\/wp-json\/wp\/v2\/pages\/126\/revisions"}],"predecessor-version":[{"id":19287,"href":"https:\/\/hawaiipublicschools.org\/vi\/wp-json\/wp\/v2\/pages\/126\/revisions\/19287"}],"up":[{"embeddable":true,"href":"https:\/\/hawaiipublicschools.org\/vi\/wp-json\/wp\/v2\/pages\/122"}],"wp:attachment":[{"href":"https:\/\/hawaiipublicschools.org\/vi\/wp-json\/wp\/v2\/media?parent=126"}],"curies":[{"name":"wp","href":"https:\/\/api.w.org\/{rel}","templated":true}]}}