{"id":125,"date":"2024-09-05T00:02:21","date_gmt":"2024-09-05T00:02:21","guid":{"rendered":"https:\/\/hawaiipublicschools.org\/?page_id=125"},"modified":"2025-10-07T07:30:03","modified_gmt":"2025-10-07T17:30:03","slug":"licensure-certification","status":"publish","type":"page","link":"https:\/\/hawaiipublicschools.org\/vi\/jobs\/licensure-certification\/","title":{"rendered":"Gi\u1ea5y ph\u00e9p &amp; Ch\u1ee9ng nh\u1eadn"},"content":{"rendered":"<div class=\"wp-block-columns double_col_sidebar is-layout-flex wp-container-core-columns-is-layout-28f84493 wp-block-columns-is-layout-flex\">\n<div class=\"wp-block-column left_col is-layout-flow wp-block-column-is-layout-flow\">\n<p class=\"intro\" style=\"font-size:clamp(0.875rem, 0.875rem + ((1vw - 0.2rem) * 0.531), 1.3rem);\">S\u1edf Gi\u00e1o d\u1ee5c Ti\u1ec3u bang Hawaii lu\u00f4n t\u1eadn t\u00e2m tuy\u1ec3n d\u1ee5ng v\u00e0 h\u1ed7 tr\u1ee3 c\u00e1c nh\u00e0 gi\u00e1o d\u1ee5c v\u00e0 nh\u00e2n vi\u00ean nh\u00e0 tr\u01b0\u1eddng c\u00f3 tr\u00ecnh \u0111\u1ed9 cao \u0111\u1ec3 \u0111\u1ea3m b\u1ea3o s\u1ef1 th\u00e0nh c\u00f4ng c\u1ee7a h\u1ecdc sinh. Cho d\u00f9 b\u1ea1n mu\u1ed1n tr\u1edf th\u00e0nh gi\u00e1o vi\u00ean \u0111\u01b0\u1ee3c c\u1ea5p ph\u00e9p, gi\u00e1o vi\u00ean thay th\u1ebf, tr\u1ee3 gi\u1ea3ng hay qu\u1ea3n tr\u1ecb vi\u00ean tr\u01b0\u1eddng h\u1ecdc, c\u00f3 r\u1ea5t nhi\u1ec1u con \u0111\u01b0\u1eddng \u0111\u1ec3 gia nh\u1eadp h\u1ec7 th\u1ed1ng gi\u00e1o d\u1ee5c c\u00f4ng l\u1eadp c\u1ee7a ch\u00fang t\u00f4i.<\/p>\n\n\n\n<p><\/p>\n\n\n\n<h2 class=\"wp-block-heading\">\u200b\u200b\u200b\u200b\u200b\u200b\u200b\u200b\u200b\u200b\u200bNh\u00e0 cung c\u1ea5p gi\u00e1o d\u1ee5c<\/h2>\n\n\n\n<h3 class=\"wp-block-heading\">\u200b\u200b\u200b\u200b\u200b\u200b\u200b\u200b\u200b\u200b\u200b\u200bGi\u00e1o vi\u00ean<\/h3>\n\n\n\n<p>B\u1ed9 \u0111ang \u0111\u1ed5i m\u1edbi cam k\u1ebft tuy\u1ec3n d\u1ee5ng gi\u00e1o vi\u00ean c\u00f3 tr\u00ecnh \u0111\u1ed9 cao \u0111\u01b0\u1ee3c c\u1ea5p ph\u00e9p v\u00e0o m\u1ecdi l\u1edbp h\u1ecdc. N\u1ed7 l\u1ef1c n\u00e0y ph\u00f9 h\u1ee3p v\u1edbi \u01afu ti\u00ean II c\u1ee7a K\u1ebf ho\u1ea1ch Chi\u1ebfn l\u01b0\u1ee3c c\u1ee7a B\u1ed9: L\u1ef1c l\u01b0\u1ee3ng Gi\u00e1o vi\u00ean Ch\u1ea5t l\u01b0\u1ee3ng Cao trong M\u1ecdi Tr\u01b0\u1eddng h\u1ecdc.<\/p>\n\n\n\n<p>\u0110\u1ec3 gi\u1ea3ng d\u1ea1y t\u1ea1i c\u00e1c tr\u01b0\u1eddng c\u00f4ng l\u1eadp \u1edf Hawaii, b\u1ea1n c\u1ea7n ph\u1ea3i c\u00f3 gi\u1ea5y ph\u00e9p ho\u1eb7c gi\u1ea5y ph\u00e9p gi\u1ea3ng d\u1ea1y c\u1ee7a Hawaii. \u1ede m\u1ed9t s\u1ed1 ti\u1ec3u bang, gi\u1ea5y ph\u00e9p n\u00e0y \u0111\u01b0\u1ee3c g\u1ecdi l\u00e0 ch\u1ee9ng ch\u1ec9 gi\u1ea3ng d\u1ea1y ho\u1eb7c ch\u1ee9ng nh\u1eadn gi\u00e1o vi\u00ean. \u0110\u1ec3 c\u00f3 \u0111\u01b0\u1ee3c gi\u1ea5y ph\u00e9p ho\u1eb7c gi\u1ea5y ph\u00e9p gi\u1ea3ng d\u1ea1y mi\u1ec5n ph\u00ed c\u1ee7a Hawaii, b\u1ea1n ph\u1ea3i \u0111\u00e1p \u1ee9ng c\u00e1c y\u00eau c\u1ea7u do ch\u00ednh quy\u1ec1n ti\u1ec3u bang quy \u0111\u1ecbnh. <a href=\"https:\/\/hawaiiteacherstandardsboard.org\/\" data-type=\"link\" data-id=\"https:\/\/hawaiiteacherstandardsboard.org\/\" target=\"_blank\" rel=\"noreferrer noopener\">H\u1ed9i \u0111\u1ed3ng Ti\u00eau chu\u1ea9n Gi\u00e1o vi\u00ean Hawai\u02bbi<\/a>.<\/p>\n\n\n\n<p>Gh\u00e9 th\u0103m ch\u00fang t\u00f4i <a href=\"https:\/\/www.teachinhawaii.org\/\" data-type=\"link\" data-id=\"https:\/\/www.teachinhawaii.org\/\" target=\"_blank\" rel=\"noreferrer noopener\">C\u1ed5ng th\u00f4ng tin D\u1ea1y h\u1ecdc t\u1ea1i Hawai\u02bbi<\/a> \u0111\u1ec3 t\u00ecm hi\u1ec3u th\u00eam v\u1ec1 nh\u1eefng l\u1ee3i \u00edch c\u1ee7a vi\u1ec7c gi\u1ea3ng d\u1ea1y t\u1ea1i Hawai\u02bbi, bao g\u1ed3m c\u1ea3 gi\u1ea5y ph\u00e9p gi\u1ea3ng d\u1ea1y.<\/p>\n\n\n\n<h3 class=\"wp-block-heading\">Gi\u00e1o vi\u00ean thay th\u1ebf<\/h3>\n\n\n\n<p>B\u1ed9 \u0111ang t\u00ecm ki\u1ebfm gi\u00e1o vi\u00ean thay th\u1ebf \u0111\u1ec3 gi\u00fap duy tr\u00ec t\u00ednh li\u00ean t\u1ee5c trong vi\u1ec7c h\u1ecdc t\u1eadp t\u1ea1i tr\u01b0\u1eddng. N\u1ebfu b\u1ea1n c\u00f3 ni\u1ec1m \u0111am m\u00ea v\u1edbi gi\u00e1o d\u1ee5c v\u00e0 mu\u1ed1n t\u1ea1o ra t\u00e1c \u0111\u1ed9ng trong l\u1edbp h\u1ecdc, <a href=\"https:\/\/hawaiipublicschools.org\/vi\/jobs\/substitute-teachers\/\" data-type=\"page\" data-id=\"123\">kh\u00e1m ph\u00e1 c\u00e1c tr\u00ecnh \u0111\u1ed9<\/a>, quy tr\u00ecnh tuy\u1ec3n d\u1ee5ng v\u00e0 y\u00eau c\u1ea7u \u0111\u00e0o t\u1ea1o \u0111\u1ec3 b\u1eaft \u0111\u1ea7u.<\/p>\n\n\n\n<h3 class=\"wp-block-heading\">Tr\u1ee3 l\u00fd gi\u00e1o d\u1ee5c (Tr\u1ee3 l\u00fd gi\u00e1o d\u1ee5c)<\/h3>\n\n\n\n<p>M\u1ed9t tr\u1ee3 l\u00fd gi\u00e1o d\u1ee5c l\u00e0m vi\u1ec7c d\u01b0\u1edbi s\u1ef1 gi\u00e1m s\u00e1t c\u1ee7a gi\u00e1o vi\u00ean ho\u1eb7c c\u00e1c chuy\u00ean gia kh\u00e1c. V\u1ecb tr\u00ed n\u00e0y mang t\u00ednh h\u01b0\u1edbng d\u1eabn v\u00e0 cung c\u1ea5p c\u00e1c d\u1ecbch v\u1ee5 tr\u1ef1c ti\u1ebfp kh\u00e1c cho tr\u1ebb em v\u00e0 thanh thi\u1ebfu ni\u00ean c\u00f9ng gia \u0111\u00ecnh c\u1ee7a h\u1ecd, bao g\u1ed3m:<\/p>\n\n\n\n<ol class=\"wp-block-list\">\n<li>D\u1ea1y k\u00e8m m\u1ed9t k\u00e8m m\u1ed9t.<\/li>\n\n\n\n<li>H\u1ed7 tr\u1ee3 qu\u1ea3n l\u00fd l\u1edbp h\u1ecdc.<\/li>\n\n\n\n<li>Cung c\u1ea5p h\u1ed7 tr\u1ee3 h\u01b0\u1edbng d\u1eabn trong ph\u00f2ng m\u00e1y t\u00ednh.<\/li>\n\n\n\n<li>Th\u1ef1c hi\u1ec7n c\u00e1c ho\u1ea1t \u0111\u1ed9ng c\u00f3 s\u1ef1 tham gia c\u1ee7a ph\u1ee5 huynh.<\/li>\n\n\n\n<li>Cung c\u1ea5p h\u1ed7 tr\u1ee3 h\u01b0\u1edbng d\u1eabn t\u1ea1i th\u01b0 vi\u1ec7n ho\u1eb7c trung t\u00e2m truy\u1ec1n th\u00f4ng.<\/li>\n\n\n\n<li>Ho\u1ea1t \u0111\u1ed9ng nh\u01b0 m\u1ed9t bi\u00ean d\u1ecbch vi\u00ean.<\/li>\n\n\n\n<li>Cung c\u1ea5p d\u1ecbch v\u1ee5 h\u1ed7 tr\u1ee3 gi\u1ea3ng d\u1ea1y d\u01b0\u1edbi s\u1ef1 gi\u00e1m s\u00e1t tr\u1ef1c ti\u1ebfp c\u1ee7a gi\u00e1o vi\u00ean ho\u1eb7c chuy\u00ean gia c\u00f3 tr\u00ecnh \u0111\u1ed9 cao.<\/li>\n<\/ol>\n\n\n\n<p>Y\u00eau c\u1ea7u t\u1ed1i thi\u1ec3u \u0111\u1ed1i v\u1edbi tr\u1ee3 gi\u1ea3ng:<\/p>\n\n\n\n<ol class=\"wp-block-list\">\n<li>B\u1ed1n m\u01b0\u01a1i t\u00e1m t\u00edn ch\u1ec9 h\u1ecdc k\u1ef3 c\u1ee7a c\u00e1c kh\u00f3a h\u1ecdc tr\u00ecnh \u0111\u1ed9 c\u1eed nh\u00e2n t\u1eeb m\u1ed9t t\u1ed5 ch\u1ee9c gi\u00e1o d\u1ee5c \u0111\u1ea1i h\u1ecdc \u0111\u01b0\u1ee3c c\u00f4ng nh\u1eadn trong khu v\u1ef1c do B\u1ed9 c\u00f4ng nh\u1eadn. 48 t\u00edn ch\u1ec9 c\u00f3 th\u1ec3 \u0111\u1ebfn t\u1eeb nhi\u1ec1u ch\u01b0\u01a1ng tr\u00ecnh ho\u1eb7c l\u0129nh v\u1ef1c h\u1ecdc thu\u1eadt kh\u00e1c nhau. Ngo\u00e0i ra, s\u00e1u trong s\u1ed1 48 t\u00edn ch\u1ec9 ph\u1ea3i d\u00e0nh cho c\u00e1c kh\u00f3a h\u1ecdc to\u00e1n v\u00e0 ti\u1ebfng Anh \u1edf tr\u00ecnh \u0111\u1ed9 c\u1eed nh\u00e2n.&nbsp;<\/li>\n\n\n\n<li>Ho\u1eb7c b\u1eb1ng li\u00ean k\u1ebft ngh\u1ec7 thu\u1eadt (AA) ho\u1eb7c khoa h\u1ecdc (AS) t\u1eeb m\u1ed9t t\u1ed5 ch\u1ee9c \u0111\u01b0\u1ee3c c\u00f4ng nh\u1eadn trong khu v\u1ef1c do Khoa c\u00f4ng nh\u1eadn. C\u00e1c t\u00edn ch\u1ec9 ki\u1ebfm \u0111\u01b0\u1ee3c cho b\u1eb1ng c\u1ea5p ph\u1ea3i d\u00e0nh cho c\u00e1c kh\u00f3a h\u1ecdc \u1edf tr\u00ecnh \u0111\u1ed9 c\u1eed nh\u00e2n.&nbsp;<\/li>\n\n\n\n<li>Ho\u1eb7c, m\u1ed9t ch\u1ee9ng ch\u1ec9 c\u00f3 \u0111i\u1ec3m t\u1ed1i thi\u1ec3u l\u00e0 459 tr\u00ean <a href=\"http:\/\/www.ets.org\/parapro\/\" target=\"_blank\" rel=\"noreferrer noopener\">\u0110\u00e1nh gi\u00e1 ParaPro<\/a> \u0111\u01b0\u1ee3c cung c\u1ea5p b\u1edfi D\u1ecbch v\u1ee5 Ki\u1ec3m tra Gi\u00e1o d\u1ee5c.<\/li>\n<\/ol>\n\n\n\n<p>\u0110\u1ec3 bi\u1ebft th\u00eam th\u00f4ng tin, vui l\u00f2ng li\u00ean h\u1ec7 v\u1edbi B\u1ed9 ph\u1eadn Tuy\u1ec3n d\u1ee5ng Nh\u00e2n s\u1ef1 D\u1ecbch v\u1ee5 H\u1ed7 tr\u1ee3\/Ph\u00e2n lo\u1ea1i theo s\u1ed1 808-441-8411.<\/p>\n\n\n\n<h3 class=\"wp-block-heading\">\u0110\u00e1nh gi\u00e1 ParaPro<\/h3>\n\n\n\n<p>\u0110\u00e1nh gi\u00e1 ParaPro l\u00e0 l\u1ef1a ch\u1ecdn \u0111\u00e1nh gi\u00e1 tr\u00ean m\u00e1y t\u00ednh d\u00e0nh cho tr\u1ee3 l\u00fd gi\u00e1o d\u1ee5c (EA) v\u00e0 gia s\u01b0 b\u00e1n th\u1eddi gian (PPT) nh\u1eb1m \u0111\u00e1p \u1ee9ng c\u00e1c ti\u00eau chu\u1ea9n t\u1ed1i thi\u1ec3u \u0111\u1ec3 tuy\u1ec3n d\u1ee5ng.<\/p>\n\n\n\n<p>Vi\u1ec7c qu\u1ea3n l\u00fd \u0111\u00e1nh gi\u00e1 ParaPro \u0111\u01b0\u1ee3c qu\u1ea3n l\u00fd b\u1edfi <a href=\"https:\/\/hawaiipublicschools.org\/vi\/academics\/adult-ed\/\" data-type=\"page\" data-id=\"34\" target=\"_blank\" rel=\"noreferrer noopener\">Tr\u01b0\u1eddng c\u1ed9ng \u0111\u1ed3ng d\u00e0nh cho ng\u01b0\u1eddi l\u1edbn (CSA)<\/a>\u200b. Nh\u1eefng c\u00e1 nh\u00e2n quan t\u00e2m \u0111\u1ebfn c\u00e1c c\u01a1 h\u1ed9i \u0111\u00e1nh gi\u00e1 ParaPro trong t\u01b0\u01a1ng lai c\u00f3 th\u1ec3 li\u00ean h\u1ec7 v\u1edbi c\u00e1c c\u01a1 s\u1edf CSA sau \u0111\u1ec3 bi\u1ebft th\u00eam th\u00f4ng tin:<\/p>\n\n\n\n<h4 class=\"wp-block-heading\">T\u1ed5 ch\u1ee9c McKinley CSA:<\/h4>\n\n\n\n<ul class=\"wp-block-list\">\n<li>C\u01a1 s\u1edf McKinley: 808-594-0540<\/li>\n\n\n\n<li>C\u01a1 s\u1edf Kaua\u02bbi: 808-274-3390<\/li>\n\n\n\n<li>C\u01a1 s\u1edf Maui: 808-873-3082<\/li>\n<\/ul>\n\n\n\n<h4 class=\"wp-block-heading\">CSA Waipahu:<\/h4>\n\n\n\n<ul class=\"wp-block-list\">\n<li>C\u01a1 s\u1edf Waipahu: 808-307-9677<\/li>\n\n\n\n<li>C\u01a1 s\u1edf Hilo: 808-480-3231<\/li>\n\n\n\n<li>C\u01a1 s\u1edf Wahiawa: 808-305-3200<\/li>\n<\/ul>\n\n\n\n<h2 class=\"wp-block-heading\">Ch\u01b0\u01a1ng tr\u00ecnh chu\u1ea9n b\u1ecb<\/h2>\n\n\n\n<p>C\u00e1c ch\u01b0\u01a1ng tr\u00ecnh \u0111\u00e0o t\u1ea1o gi\u00e1o vi\u00ean \u2013 bao g\u1ed3m c\u1ea3 \u1ee9ng vi\u00ean c\u1ed1 v\u1ea5n v\u00e0 th\u1ee7 th\u01b0 \u2013 ho\u1eb7c c\u00e1c chuy\u00ean gia h\u00e0nh ngh\u1ec1 kh\u00e1c, ph\u1ea3i c\u00f3 th\u1ecfa thu\u1eadn li\u00ean k\u1ebft v\u1edbi S\u1edf Gi\u00e1o d\u1ee5c Ti\u1ec3u bang Hawai\u02bbi \u0111\u1ec3 c\u00f3 th\u1ec3 \u0111\u01b0a \u1ee9ng vi\u00ean v\u00e0o c\u00e1c tr\u01b0\u1eddng c\u00f4ng l\u1eadp c\u1ee7a ch\u00fang t\u00f4i d\u01b0\u1edbi s\u1ef1 gi\u00e1m s\u00e1t tr\u1ef1c ti\u1ebfp c\u1ee7a m\u1ed9t ng\u01b0\u1eddi c\u1ed1 v\u1ea5n. S\u1edf duy tr\u00ec <a href=\"https:\/\/sites.google.com\/k12.hi.us\/state-of-hawaii-department-of-\/Home\" target=\"_blank\" rel=\"noreferrer noopener\">danh s\u00e1ch c\u00e1c ch\u01b0\u01a1ng tr\u00ecnh c\u00f3 th\u1ecfa thu\u1eadn li\u00ean k\u1ebft<\/a>.<\/p>\n\n\n\n<p><em>Quan tr\u1ecdng: Th\u1ecfa thu\u1eadn li\u00ean k\u1ebft kh\u00f4ng \u0111\u1ea3m b\u1ea3o r\u1eb1ng c\u00e1c \u1ee9ng vi\u00ean ho\u00e0n th\u00e0nh ch\u01b0\u01a1ng tr\u00ecnh gi\u00e1o d\u1ee5c s\u1ebd \u0111\u01b0\u1ee3c ch\u1ea5p thu\u1eadn c\u1ea5p gi\u1ea5y ph\u00e9p gi\u00e1o vi\u00ean, c\u1ed1 v\u1ea5n tr\u01b0\u1eddng h\u1ecdc ho\u1eb7c th\u1ee7 th\u01b0 tr\u01b0\u1eddng h\u1ecdc c\u1ee7a Hawai\u02bbi. C\u00e1c c\u00e2u h\u1ecfi li\u00ean quan \u0111\u1ebfn vi\u1ec7c li\u1ec7u m\u1ed9t ch\u01b0\u01a1ng tr\u00ecnh c\u00f3 \u0111\u00e1p \u1ee9ng c\u00e1c y\u00eau c\u1ea7u \u0111\u1ec3 c\u1ea5p gi\u1ea5y ph\u00e9p c\u1ee7a Hawai\u02bbi hay kh\u00f4ng \u2013 bao g\u1ed3m c\u00e1c ch\u01b0\u01a1ng tr\u00ecnh ngo\u00e0i ti\u1ec3u bang, tr\u1ef1c tuy\u1ebfn v\u00e0 \u201ctuy\u1ebfn \u0111\u01b0\u1eddng thay th\u1ebf\u201d \u2013 n\u00ean \u0111\u01b0\u1ee3c chuy\u1ec3n \u0111\u1ebfn H\u1ed9i \u0111\u1ed3ng Ti\u00eau chu\u1ea9n Gi\u00e1o vi\u00ean Hawai\u02bbi.<\/em><\/p>\n\n\n\n<h2 class=\"wp-block-heading\">TR\u1ede TH\u00c0NH QU\u1ea2N L\u00dd TR\u01af\u1edcNG H\u1eccC&nbsp;<\/h2>\n\n\n\n<p>S\u1edf Gi\u00e1o d\u1ee5c Hawai&#039;i cam k\u1ebft x\u00e2y d\u1ef1ng \u0111\u1ed9i ng\u0169 l\u00e3nh \u0111\u1ea1o nh\u00e0 tr\u01b0\u1eddng m\u1ea1nh m\u1ebd th\u00f4ng qua c\u00e1c ch\u01b0\u01a1ng tr\u00ecnh \u0111\u00e0o t\u1ea1o v\u00e0 c\u1ea5p ch\u1ee9ng ch\u1ec9 ch\u1ea5t l\u01b0\u1ee3ng cao. Cho d\u00f9 b\u1ea1n l\u00e0 ph\u00f3 hi\u1ec7u tr\u01b0\u1edfng, hi\u1ec7u tr\u01b0\u1edfng \u0111\u1ea7y tham v\u1ecdng hay l\u00e0 qu\u1ea3n tr\u1ecb vi\u00ean gi\u00e0u kinh nghi\u1ec7m t\u1eeb m\u1ed9t ti\u1ec3u bang kh\u00e1c, c\u00e1c l\u1ed9 tr\u00ecnh c\u1ea5p ch\u1ee9ng ch\u1ec9 c\u1ee7a ch\u00fang t\u00f4i gi\u00fap \u0111\u1ea3m b\u1ea3o r\u1eb1ng t\u1ea5t c\u1ea3 c\u00e1c nh\u00e0 l\u00e3nh \u0111\u1ea1o nh\u00e0 tr\u01b0\u1eddng \u0111\u1ec1u \u0111\u01b0\u1ee3c trang b\u1ecb \u0111\u1ec3 h\u01b0\u1edbng d\u1eabn h\u1ecdc sinh v\u00e0 nh\u00e2n vi\u00ean h\u01b0\u1edbng t\u1edbi th\u00e0nh c\u00f4ng.<\/p>\n\n\n\n<h3 class=\"wp-block-heading\">Ch\u01b0\u01a1ng tr\u00ecnh ch\u1ee9ng nh\u1eadn Ph\u00f3 hi\u1ec7u tr\u01b0\u1edfng HICISL&nbsp;<\/h3>\n\n\n\n<p>Ch\u01b0\u01a1ng tr\u00ecnh th\u1ef1c t\u1eadp n\u1ed9i tr\u00fa k\u00e9o d\u00e0i m\u1ed9t n\u0103m n\u00e0y cung c\u1ea5p kinh nghi\u1ec7m l\u00e3nh \u0111\u1ea1o th\u1ef1c t\u1ebf d\u01b0\u1edbi s\u1ef1 h\u01b0\u1edbng d\u1eabn c\u1ee7a m\u1ed9t hi\u1ec7u tr\u01b0\u1edfng c\u1ed1 v\u1ea5n. H\u1ecdc vi\u00ean s\u1ebd \u0111\u01b0\u1ee3c trang b\u1ecb nh\u1eefng k\u1ef9 n\u0103ng qu\u00fd b\u00e1u trong qu\u1ea3n l\u00fd tr\u01b0\u1eddng h\u1ecdc, v\u00e0 sau khi ho\u00e0n th\u00e0nh, h\u1ecdc vi\u00ean s\u1ebd \u0111\u01b0\u1ee3c c\u1ea5p Ch\u1ee9ng ch\u1ec9 Qu\u1ea3n l\u00fd Tr\u01b0\u1eddng h\u1ecdc Ban \u0111\u1ea7u (ISAC). Ch\u1ee9ng ch\u1ec9 n\u00e0y cho ph\u00e9p \u1ee9ng vi\u00ean \u1ee9ng tuy\u1ec3n v\u00e0o v\u1ecb tr\u00ed ph\u00f3 hi\u1ec7u tr\u01b0\u1edfng ho\u1eb7c c\u00e1c v\u1ecb tr\u00ed t\u01b0\u01a1ng \u0111\u01b0\u01a1ng trong c\u00e1c tr\u01b0\u1eddng c\u00f4ng l\u1eadp t\u1ea1i Hawai\u02bbi.<\/p>\n\n\n\n<h3 class=\"wp-block-heading\">Ch\u01b0\u01a1ng tr\u00ecnh ch\u1ee9ng nh\u1eadn ch\u00ednh HICISL<\/h3>\n\n\n\n<p>\u0110\u01b0\u1ee3c thi\u1ebft k\u1ebf cho c\u00e1c ph\u00f3 hi\u1ec7u tr\u01b0\u1edfng c\u1ee7a S\u1edf c\u00f3 nhi\u1ec7m k\u1ef3, ch\u01b0\u01a1ng tr\u00ecnh chu\u1ea9n b\u1ecb k\u00e9o d\u00e0i m\u1ed9t n\u0103m n\u00e0y gi\u00fap c\u00e1c hi\u1ec7u tr\u01b0\u1edfng \u0111\u1ea7y tham v\u1ecdng ph\u00e1t tri\u1ec3n c\u00e1c k\u1ef9 n\u0103ng c\u1ea7n thi\u1ebft cho vai tr\u00f2 l\u00e3nh \u0111\u1ea1o nh\u00e0 tr\u01b0\u1eddng. Sau khi ho\u00e0n th\u00e0nh th\u00e0nh c\u00f4ng, nh\u1eefng ng\u01b0\u1eddi tham gia s\u1ebd nh\u1eadn \u0111\u01b0\u1ee3c Ch\u1ee9ng ch\u1ec9 Qu\u1ea3n tr\u1ecb vi\u00ean Tr\u01b0\u1eddng h\u1ecdc Chuy\u00ean nghi\u1ec7p (PSAC), \u0111\u1ee7 \u0111i\u1ec1u ki\u1ec7n \u0111\u1ec3 h\u1ecd \u1ee9ng tuy\u1ec3n v\u00e0o c\u00e1c v\u1ecb tr\u00ed hi\u1ec7u tr\u01b0\u1edfng ho\u1eb7c t\u01b0\u01a1ng \u0111\u01b0\u01a1ng.<\/p>\n\n\n\n<h3 class=\"wp-block-heading\">Con \u0111\u01b0\u1eddng ch\u1ee9ng nh\u1eadn cho Qu\u1ea3n tr\u1ecb vi\u00ean \u0111\u01b0\u1ee3c c\u1ea5p ph\u00e9p ngo\u00e0i ti\u1ec3u bang<\/h3>\n\n\n\n<p>Nh\u1eefng ng\u01b0\u1eddi qu\u1ea3n l\u00fd tr\u01b0\u1eddng h\u1ecdc c\u00f3 kinh nghi\u1ec7m t\u1eeb c\u00e1c ti\u1ec3u bang kh\u00e1c c\u00f3 th\u1ec3 \u0111\u1ee7 \u0111i\u1ec1u ki\u1ec7n \u0111\u1ec3 \u0111\u01b0\u1ee3c c\u1ea5p ch\u1ee9ng ch\u1ec9 d\u1ef1a tr\u00ean tr\u00ecnh \u0111\u1ed9 c\u1ee7a h\u1ecd.<\/p>\n\n\n\n<p><strong>\u0110\u01b0\u1eddng IV \u2013 Qu\u1ea3n tr\u1ecb vi\u00ean \u0111\u01b0\u1ee3c c\u1ea5p ph\u00e9p c\u00f3 kinh nghi\u1ec7m l\u00e0m Ph\u00f3 hi\u1ec7u tr\u01b0\u1edfng<\/strong><\/p>\n\n\n\n<p>N\u1ebfu b\u1ea1n:<\/p>\n\n\n\n<ul class=\"wp-block-list\">\n<li>C\u00f3 gi\u1ea5y ph\u00e9p qu\u1ea3n l\u00fd tr\u01b0\u1eddng h\u1ecdc K-12 h\u1ee3p l\u1ec7 t\u1eeb m\u1ed9t ti\u1ec3u bang kh\u00e1c c\u1ee7a Hoa K\u1ef3.<\/li>\n\n\n\n<li>C\u00f3 b\u1eb1ng Th\u1ea1c s\u0129 Qu\u1ea3n l\u00fd Gi\u00e1o d\u1ee5c ho\u1eb7c L\u00e3nh \u0111\u1ea1o Gi\u00e1o d\u1ee5c t\u1eeb m\u1ed9t tr\u01b0\u1eddng \u0111\u1ea1i h\u1ecdc \u0111\u01b0\u1ee3c c\u00f4ng nh\u1eadn.<\/li>\n\n\n\n<li>C\u00f3 \u00edt nh\u1ea5t ba n\u0103m kinh nghi\u1ec7m l\u00e0m qu\u1ea3n l\u00fd tr\u01b0\u1eddng h\u1ecdc \u0111\u01b0\u1ee3c c\u1ea5p ph\u00e9p.<\/li>\n<\/ul>\n\n\n\n<p>B\u1ea1n c\u00f3 th\u1ec3 \u0111\u1ee7 \u0111i\u1ec1u ki\u1ec7n \u0111\u1ec3 l\u1ea5y Ch\u1ee9ng ch\u1ec9 qu\u1ea3n l\u00fd tr\u01b0\u1eddng h\u1ecdc ban \u0111\u1ea7u (ISAC), cho ph\u00e9p b\u1ea1n \u1ee9ng tuy\u1ec3n v\u00e0o v\u1ecb tr\u00ed ph\u00f3 hi\u1ec7u tr\u01b0\u1edfng ho\u1eb7c c\u00e1c v\u1ecb tr\u00ed t\u01b0\u01a1ng \u0111\u01b0\u01a1ng.<\/p>\n\n\n\n<p><strong>\u0110\u01b0\u1eddng V \u2013 Qu\u1ea3n tr\u1ecb vi\u00ean \u0111\u01b0\u1ee3c c\u1ea5p ph\u00e9p c\u00f3 kinh nghi\u1ec7m ch\u00ednh<\/strong><\/p>\n\n\n\n<p>N\u1ebfu b\u1ea1n:<\/p>\n\n\n\n<ul class=\"wp-block-list\">\n<li>C\u00f3 gi\u1ea5y ph\u00e9p qu\u1ea3n l\u00fd tr\u01b0\u1eddng h\u1ecdc K-12 h\u1ee3p l\u1ec7 t\u1eeb m\u1ed9t ti\u1ec3u bang kh\u00e1c c\u1ee7a Hoa K\u1ef3<\/li>\n\n\n\n<li>C\u00f3 b\u1eb1ng th\u1ea1c s\u0129 Qu\u1ea3n l\u00fd gi\u00e1o d\u1ee5c ho\u1eb7c L\u00e3nh \u0111\u1ea1o gi\u00e1o d\u1ee5c t\u1eeb m\u1ed9t tr\u01b0\u1eddng \u0111\u1ea1i h\u1ecdc \u0111\u01b0\u1ee3c c\u00f4ng nh\u1eadn<\/li>\n\n\n\n<li>C\u00f3 \u00edt nh\u1ea5t n\u0103m n\u0103m kinh nghi\u1ec7m qu\u1ea3n l\u00fd tr\u01b0\u1eddng K-12, trong \u0111\u00f3 c\u00f3 \u00edt nh\u1ea5t b\u1ed1n n\u0103m l\u00e0m hi\u1ec7u tr\u01b0\u1edfng. <\/li>\n<\/ul>\n\n\n\n<p>B\u1ea1n c\u00f3 th\u1ec3 \u0111\u1ee7 \u0111i\u1ec1u ki\u1ec7n \u0111\u1ec3 l\u1ea5y Ch\u1ee9ng ch\u1ec9 Qu\u1ea3n tr\u1ecb vi\u00ean Tr\u01b0\u1eddng h\u1ecdc Chuy\u00ean nghi\u1ec7p (PSAC), cho ph\u00e9p b\u1ea1n \u1ee9ng tuy\u1ec3n v\u00e0o v\u1ecb tr\u00ed hi\u1ec7u tr\u01b0\u1edfng ho\u1eb7c v\u1ecb tr\u00ed t\u01b0\u01a1ng \u0111\u01b0\u01a1ng.<\/p>\n\n\n\n<h2 class=\"wp-block-heading\">Qu\u00e2n nh\u00e2n v\u00e0 v\u1ee3\/ch\u1ed3ng \u2013 T\u00ednh di \u0111\u1ed9ng c\u1ee7a gi\u1ea5y ph\u00e9p<\/h2>\n\n\n\n<p>Theo \u0110\u1ea1o lu\u1eadt c\u1ee9u tr\u1ee3 d\u00e2n s\u1ef1 cho qu\u00e2n nh\u00e2n (SCRA), qu\u00e2n nh\u00e2n \u0111ang t\u1ea1i ng\u0169 v\u00e0 v\u1ee3\/ch\u1ed3ng c\u1ee7a h\u1ecd c\u00f3 th\u1ec3 ti\u1ebfp t\u1ee5c s\u1eed d\u1ee5ng gi\u1ea5y ph\u00e9p h\u00e0nh ngh\u1ec1 khi di chuy\u1ec3n do l\u1ec7nh qu\u00e2n s\u1ef1. \u0110\u1ec3 \u0111\u1ee7 \u0111i\u1ec1u ki\u1ec7n, c\u00e1 nh\u00e2n ph\u1ea3i: <\/p>\n\n\n\n<ol class=\"wp-block-list\">\n<li>Di chuy\u1ec3n ra kh\u1ecfi ph\u1ea1m vi quy\u1ec1n h\u1ea1n c\u1ee7a c\u01a1 quan c\u1ea5p ph\u00e9p \u0111\u00e3 c\u1ea5p gi\u1ea5y ph\u00e9p ho\u1eb7c ch\u1ee9ng ch\u1ec9 ban \u0111\u1ea7u c\u1ee7a h\u1ecd do l\u1ec7nh qu\u00e2n s\u1ef1.<\/li>\n\n\n\n<li>Cung c\u1ea5p m\u1ed9t b\u1ea3n sao l\u1ec7nh qu\u00e2n s\u1ef1 c\u1ee7a h\u1ecd cho c\u01a1 quan c\u1ea5p ph\u00e9p m\u1edbi.&nbsp;<\/li>\n\n\n\n<li>\u0110\u00e3 t\u00edch c\u1ef1c s\u1eed d\u1ee5ng gi\u1ea5y ph\u00e9p ho\u1eb7c ch\u1ee9ng ch\u1ec9 c\u1ee7a m\u00ecnh trong hai n\u0103m tr\u01b0\u1edbc khi chuy\u1ec3n \u0111i.<\/li>\n\n\n\n<li>C\u00f3 uy t\u00edn t\u1ed1t v\u1edbi c\u01a1 quan c\u1ea5p ph\u00e9p.<\/li>\n\n\n\n<li>Tu\u00e2n th\u1ee7 c\u00e1c ti\u00eau chu\u1ea9n th\u1ef1c h\u00e0nh, k\u1ef7 lu\u1eadt v\u00e0 y\u00eau c\u1ea7u gi\u00e1o d\u1ee5c li\u00ean t\u1ee5c t\u1ea1i khu v\u1ef1c ph\u00e1p l\u00fd m\u1edbi.<\/li>\n<\/ol>\n<\/div>\n\n\n\n<div class=\"wp-block-column right_col is-layout-flow wp-block-column-is-layout-flow\"><div class=\"kb-row-layout-wrap kb-row-layout-id1050_d76aa3-f2 alignnone wp-block-kadence-rowlayout\"><div class=\"kt-row-column-wrap kt-has-2-columns kt-row-layout-row kt-tab-layout-row kt-mobile-layout-row kt-row-valign-top\">\n\n<div class=\"wp-block-kadence-column kadence-column1050_63c690-aa\"><div class=\"kt-inside-inner-col\">\n<figure class=\"wp-block-image size-full no_margin\"><img loading=\"lazy\" decoding=\"async\" width=\"1024\" height=\"766\" src=\"https:\/\/hawaiipublicschools.org\/wp-content\/uploads\/2024\/12\/Kalo-1024x766.jpg\" alt=\"\" class=\"wp-image-2356\" style=\"aspect-ratio:4\/3;object-fit:cover\" srcset=\"https:\/\/hawaiipublicschools.org\/wp-content\/uploads\/2024\/12\/Kalo-1024x766.jpg 1024w, https:\/\/hawaiipublicschools.org\/wp-content\/uploads\/2024\/12\/Kalo-300x225.jpg 300w, https:\/\/hawaiipublicschools.org\/wp-content\/uploads\/2024\/12\/Kalo-768x575.jpg 768w, https:\/\/hawaiipublicschools.org\/wp-content\/uploads\/2024\/12\/Kalo-16x12.jpg 16w, https:\/\/hawaiipublicschools.org\/wp-content\/uploads\/2024\/12\/Kalo.jpg 1200w\" sizes=\"auto, (max-width: 1024px) 100vw, 1024px\" \/><\/figure>\n<\/div><\/div>\n\n\n\n<div class=\"wp-block-kadence-column kadence-column1050_6ae211-6a\"><div class=\"kt-inside-inner-col\">\n<h5 class=\"wp-block-heading has-base-color has-text-color has-link-color wp-elements-91735848e86ea283e0928ede427b944c\" style=\"margin-top:0px;padding-top:0;padding-bottom:0.5rem;font-size:1.4vw\">C\u01a1 h\u1ed9i h\u1ecdc t\u1eadp v\u00e0 h\u1ed7 tr\u1ee3<\/h5>\n\n\n\n<p class=\"has-base-color has-text-color has-link-color wp-elements-73de11a7dc8419c68045457638ce71c1\">T\u00ecm hi\u1ec3u th\u00eam v\u1ec1 c\u00e1ch tr\u1edf th\u00e0nh qu\u1ea3n tr\u1ecb vi\u00ean c\u1ea5p tr\u01b0\u1eddng \u0111\u01b0\u1ee3c ch\u1ee9ng nh\u1eadn t\u1ea1i Hawai\u02bbi.<br><br><strong>Vi\u1ec7n Nghi\u00ean c\u1ee9u Gi\u00e1o d\u1ee5c v\u00e0 Ph\u00e1t tri\u1ec3n Chuy\u00ean m\u00f4n (PDERI)<\/strong><br>345 Puuhale Rd., Ph\u00f2ng 106, Honolulu, HI 96819<br>\u0110i\u1ec7n tho\u1ea1i: 808-784-5300<br><a href=\"http:\/\/pderi.org\/\" target=\"_blank\" rel=\"noreferrer noopener\">pderi.org<\/a><\/p>\n<\/div><\/div>\n\n<\/div><\/div><\/div>\n<\/div>","protected":false},"excerpt":{"rendered":"<p>The Hawai\u02bbi State Department of Education is dedicated to recruiting and supporting highly qualified educators and school staff to ensure student success. Whether you&#8217;re looking to become a licensed teacher, substitute teacher, paraeducator or school administrator, there are many pathways to joining our public education system. \u200b\u200b\u200b\u200b\u200b\u200b\u200b\u200b\u200bEducational providers \u200b\u200b\u200b\u200b\u200b\u200b\u200b\u200b\u200bTeachers The Department is renewing its commitment [&hellip;]<\/p>","protected":false},"author":8,"featured_media":0,"parent":122,"menu_order":21,"comment_status":"closed","ping_status":"closed","template":"wp-custom-template-page-for-custom-sidebar","meta":{"_relevanssi_hide_post":"","_relevanssi_hide_content":"","_relevanssi_pin_for_all":"","_relevanssi_pin_keywords":"","_relevanssi_unpin_keywords":"","_relevanssi_related_keywords":"","_relevanssi_related_include_ids":"","_relevanssi_related_exclude_ids":"","_relevanssi_related_no_append":"","_relevanssi_related_not_related":"","_relevanssi_related_posts":"","_relevanssi_noindex_reason":"","_sitemap_exclude":false,"_sitemap_priority":"","_sitemap_frequency":"","_kad_blocks_custom_css":"","_kad_blocks_head_custom_js":"","_kad_blocks_body_custom_js":"","_kad_blocks_footer_custom_js":"","wp_popup_display_lightbox":0,"wp_popup_suppress":"","wp_popup_trigger":"","wp_popup_trigger_amount":0,"wp_popup_disable_on_mobile":false,"footnotes":""},"class_list":["post-125","page","type-page","status-publish","hentry"],"pp_statuses_selecting_workflow":false,"pp_workflow_action":"current","pp_status_selection":"publish","taxonomy_info":[],"featured_image_src_large":false,"author_info":{"display_name":"Ariana Enomoto","author_link":"https:\/\/hawaiipublicschools.org\/vi\/author\/arianastaceyleong-com\/"},"comment_info":0,"publishpress_future_action":{"enabled":false,"date":"2026-04-21 02:50:51","action":"change-status","newStatus":"draft","terms":[],"taxonomy":"","extraData":[]},"publishpress_future_workflow_manual_trigger":{"enabledWorkflows":[]},"_links":{"self":[{"href":"https:\/\/hawaiipublicschools.org\/vi\/wp-json\/wp\/v2\/pages\/125","targetHints":{"allow":["GET"]}}],"collection":[{"href":"https:\/\/hawaiipublicschools.org\/vi\/wp-json\/wp\/v2\/pages"}],"about":[{"href":"https:\/\/hawaiipublicschools.org\/vi\/wp-json\/wp\/v2\/types\/page"}],"author":[{"embeddable":true,"href":"https:\/\/hawaiipublicschools.org\/vi\/wp-json\/wp\/v2\/users\/8"}],"replies":[{"embeddable":true,"href":"https:\/\/hawaiipublicschools.org\/vi\/wp-json\/wp\/v2\/comments?post=125"}],"version-history":[{"count":0,"href":"https:\/\/hawaiipublicschools.org\/vi\/wp-json\/wp\/v2\/pages\/125\/revisions"}],"up":[{"embeddable":true,"href":"https:\/\/hawaiipublicschools.org\/vi\/wp-json\/wp\/v2\/pages\/122"}],"wp:attachment":[{"href":"https:\/\/hawaiipublicschools.org\/vi\/wp-json\/wp\/v2\/media?parent=125"}],"curies":[{"name":"wp","href":"https:\/\/api.w.org\/{rel}","templated":true}]}}